{"id":39982,"date":"2024-10-22T08:12:15","date_gmt":"2024-10-22T08:12:17","guid":{"rendered":"https:\/\/chemitool.com\/?post_type=product&#038;p=39982"},"modified":"2024-10-22T09:01:57","modified_gmt":"2024-10-22T09:01:57","slug":"varilla-mezcladora-espiral","status":"publish","type":"product","link":"https:\/\/chemitool.com\/es\/products\/tools\/herramientas-construccion\/varillas-mezcladoras\/varilla-mezcladora-espiral\/","title":{"rendered":"VARILLA MEZCLADORA ESPIRAL"},"content":{"rendered":"<ul>\n<li>Construcci\u00f3n general<\/li>\n<li>Especial para masillas de cart\u00f3n yeso<\/li>\n<\/ul>\n","protected":false},"excerpt":{"rendered":"<p><em>Varilla Mezcladora Espiral CHEMITOOL <\/em>reforzada con acero de alta calidad para mezcladoras hexagonales. Para mezclar pinturas, morteros adhesivos, rellenadores de grietas, cemento cola, mortero r\u00e1pido y morteros de forma r\u00e1pida y sencilla. Consigue mezclas homog\u00e9neas.<\/p>\n","protected":false},"featured_media":40002,"template":"","meta":[],"product_cat":[1456,3837,5003],"product_tag":[4176],"yoast_head":"<!-- This site is optimized with the Yoast SEO plugin v17.4 - https:\/\/yoast.com\/wordpress\/plugins\/seo\/ -->\n<title>VARILLA MEZCLADORA ESPIRAL &ndash; Chemitool<\/title>\n<meta name=\"description\" content=\"Varilla Mezcladora Espiral CHEMITOOL reforzada con acero de alta calidad para mezcladoras hexagonales. Para mezclar pinturas, morteros adhesivos, rellenadores de grietas, cemento cola, mortero r\u00e1pido y morteros de forma r\u00e1pida y sencilla. Consigue mezclas homog\u00e9neas.\" \/>\n<meta name=\"robots\" content=\"index, follow, max-snippet:-1, max-image-preview:large, max-video-preview:-1\" \/>\n<link rel=\"canonical\" href=\"https:\/\/chemitool.com\/es\/products\/tools\/herramientas-construccion\/varillas-mezcladoras\/varilla-mezcladora-espiral\/\" \/>\n<meta property=\"og:locale\" content=\"es_ES\" \/>\n<meta property=\"og:type\" content=\"article\" \/>\n<meta property=\"og:title\" content=\"VARILLA MEZCLADORA ESPIRAL &ndash; Chemitool\" \/>\n<meta property=\"og:description\" content=\"Varilla Mezcladora Espiral CHEMITOOL reforzada con acero de alta calidad para mezcladoras hexagonales. Para mezclar pinturas, morteros adhesivos, rellenadores de grietas, cemento cola, mortero r\u00e1pido y morteros de forma r\u00e1pida y sencilla. Consigue mezclas homog\u00e9neas.\" \/>\n<meta property=\"og:url\" content=\"https:\/\/chemitool.com\/es\/products\/tools\/herramientas-construccion\/varillas-mezcladoras\/varilla-mezcladora-espiral\/\" \/>\n<meta property=\"og:site_name\" content=\"Chemitool\" \/>\n<meta property=\"article:publisher\" content=\"https:\/\/www.facebook.com\/chemitool\" \/>\n<meta property=\"article:modified_time\" content=\"2024-10-22T09:01:57+00:00\" \/>\n<meta property=\"og:image\" content=\"https:\/\/chemitool.com\/wp-content\/uploads\/2024\/10\/CHT201610060008_WEB.png\" \/>\n\t<meta property=\"og:image:width\" content=\"800\" \/>\n\t<meta property=\"og:image:height\" content=\"800\" \/>\n<meta name=\"twitter:card\" content=\"summary_large_image\" \/>\n<script type=\"application\/ld+json\" class=\"yoast-schema-graph\">{\"@context\":\"https:\/\/schema.org\",\"@graph\":[{\"@type\":\"Organization\",\"@id\":\"https:\/\/chemitool.com\/#organization\",\"name\":\"Chemitool\",\"url\":\"https:\/\/chemitool.com\/\",\"sameAs\":[\"https:\/\/www.facebook.com\/chemitool\",\"https:\/\/www.instagram.com\/chemitool\/\"],\"logo\":{\"@type\":\"ImageObject\",\"@id\":\"https:\/\/chemitool.com\/#logo\",\"inLanguage\":\"es\",\"url\":\"https:\/\/chemitool.com\/wp-content\/uploads\/2020\/10\/logo_chemitool.png\",\"contentUrl\":\"https:\/\/chemitool.com\/wp-content\/uploads\/2020\/10\/logo_chemitool.png\",\"width\":400,\"height\":400,\"caption\":\"Chemitool\"},\"image\":{\"@id\":\"https:\/\/chemitool.com\/#logo\"}},{\"@type\":\"WebSite\",\"@id\":\"https:\/\/chemitool.com\/#website\",\"url\":\"https:\/\/chemitool.com\/\",\"name\":\"Chemitool\",\"description\":\"Chemitool - hardware and tools\",\"publisher\":{\"@id\":\"https:\/\/chemitool.com\/#organization\"},\"potentialAction\":[{\"@type\":\"SearchAction\",\"target\":{\"@type\":\"EntryPoint\",\"urlTemplate\":\"https:\/\/chemitool.com\/?s={search_term_string}\"},\"query-input\":\"required name=search_term_string\"}],\"inLanguage\":\"es\"},{\"@type\":\"ImageObject\",\"@id\":\"https:\/\/chemitool.com\/es\/products\/tools\/herramientas-construccion\/varillas-mezcladoras\/varilla-mezcladora-espiral\/#primaryimage\",\"inLanguage\":\"es\",\"url\":\"https:\/\/chemitool.com\/wp-content\/uploads\/2024\/10\/CHT201610060008_WEB-1.png\",\"contentUrl\":\"https:\/\/chemitool.com\/wp-content\/uploads\/2024\/10\/CHT201610060008_WEB-1.png\",\"width\":800,\"height\":800},{\"@type\":\"WebPage\",\"@id\":\"https:\/\/chemitool.com\/es\/products\/tools\/herramientas-construccion\/varillas-mezcladoras\/varilla-mezcladora-espiral\/#webpage\",\"url\":\"https:\/\/chemitool.com\/es\/products\/tools\/herramientas-construccion\/varillas-mezcladoras\/varilla-mezcladora-espiral\/\",\"name\":\"VARILLA MEZCLADORA ESPIRAL &ndash; Chemitool\",\"isPartOf\":{\"@id\":\"https:\/\/chemitool.com\/#website\"},\"primaryImageOfPage\":{\"@id\":\"https:\/\/chemitool.com\/es\/products\/tools\/herramientas-construccion\/varillas-mezcladoras\/varilla-mezcladora-espiral\/#primaryimage\"},\"datePublished\":\"2024-10-22T08:12:17+00:00\",\"dateModified\":\"2024-10-22T09:01:57+00:00\",\"description\":\"Varilla Mezcladora Espiral CHEMITOOL reforzada con acero de alta calidad para mezcladoras hexagonales. Para mezclar pinturas, morteros adhesivos, rellenadores de grietas, cemento cola, mortero r\\u00e1pido y morteros de forma r\\u00e1pida y sencilla. Consigue mezclas homog\\u00e9neas.\",\"breadcrumb\":{\"@id\":\"https:\/\/chemitool.com\/es\/products\/tools\/herramientas-construccion\/varillas-mezcladoras\/varilla-mezcladora-espiral\/#breadcrumb\"},\"inLanguage\":\"es\",\"potentialAction\":[{\"@type\":\"ReadAction\",\"target\":[\"https:\/\/chemitool.com\/es\/products\/tools\/herramientas-construccion\/varillas-mezcladoras\/varilla-mezcladora-espiral\/\"]}]},{\"@type\":\"BreadcrumbList\",\"@id\":\"https:\/\/chemitool.com\/es\/products\/tools\/herramientas-construccion\/varillas-mezcladoras\/varilla-mezcladora-espiral\/#breadcrumb\",\"itemListElement\":[{\"@type\":\"ListItem\",\"position\":1,\"name\":\"Home\",\"item\":\"https:\/\/chemitool.com\/es\/\"},{\"@type\":\"ListItem\",\"position\":2,\"name\":\"Productos\",\"item\":\"https:\/\/chemitool.com\/es\/productos\/\"},{\"@type\":\"ListItem\",\"position\":3,\"name\":\"CHEMICALS\",\"item\":\"https:\/\/chemitool.com\/es\/categoria-producto\/chemicals\/\"},{\"@type\":\"ListItem\",\"position\":4,\"name\":\"VARILLA MEZCLADORA ESPIRAL\"}]}]}<\/script>\n<!-- \/ Yoast SEO plugin. -->","yoast_head_json":{"title":"VARILLA MEZCLADORA ESPIRAL &ndash; Chemitool","description":"Varilla Mezcladora Espiral CHEMITOOL reforzada con acero de alta calidad para mezcladoras hexagonales. Para mezclar pinturas, morteros adhesivos, rellenadores de grietas, cemento cola, mortero r\u00e1pido y morteros de forma r\u00e1pida y sencilla. Consigue mezclas homog\u00e9neas.","robots":{"index":"index","follow":"follow","max-snippet":"max-snippet:-1","max-image-preview":"max-image-preview:large","max-video-preview":"max-video-preview:-1"},"canonical":"https:\/\/chemitool.com\/es\/products\/tools\/herramientas-construccion\/varillas-mezcladoras\/varilla-mezcladora-espiral\/","og_locale":"es_ES","og_type":"article","og_title":"VARILLA MEZCLADORA ESPIRAL &ndash; Chemitool","og_description":"Varilla Mezcladora Espiral CHEMITOOL reforzada con acero de alta calidad para mezcladoras hexagonales. Para mezclar pinturas, morteros adhesivos, rellenadores de grietas, cemento cola, mortero r\u00e1pido y morteros de forma r\u00e1pida y sencilla. Consigue mezclas homog\u00e9neas.","og_url":"https:\/\/chemitool.com\/es\/products\/tools\/herramientas-construccion\/varillas-mezcladoras\/varilla-mezcladora-espiral\/","og_site_name":"Chemitool","article_publisher":"https:\/\/www.facebook.com\/chemitool","article_modified_time":"2024-10-22T09:01:57+00:00","og_image":[{"width":800,"height":800,"url":"https:\/\/chemitool.com\/wp-content\/uploads\/2024\/10\/CHT201610060008_WEB.png","type":"image\/png"}],"twitter_card":"summary_large_image","schema":{"@context":"https:\/\/schema.org","@graph":[{"@type":"Organization","@id":"https:\/\/chemitool.com\/#organization","name":"Chemitool","url":"https:\/\/chemitool.com\/","sameAs":["https:\/\/www.facebook.com\/chemitool","https:\/\/www.instagram.com\/chemitool\/"],"logo":{"@type":"ImageObject","@id":"https:\/\/chemitool.com\/#logo","inLanguage":"es","url":"https:\/\/chemitool.com\/wp-content\/uploads\/2020\/10\/logo_chemitool.png","contentUrl":"https:\/\/chemitool.com\/wp-content\/uploads\/2020\/10\/logo_chemitool.png","width":400,"height":400,"caption":"Chemitool"},"image":{"@id":"https:\/\/chemitool.com\/#logo"}},{"@type":"WebSite","@id":"https:\/\/chemitool.com\/#website","url":"https:\/\/chemitool.com\/","name":"Chemitool","description":"Chemitool - hardware and tools","publisher":{"@id":"https:\/\/chemitool.com\/#organization"},"potentialAction":[{"@type":"SearchAction","target":{"@type":"EntryPoint","urlTemplate":"https:\/\/chemitool.com\/?s={search_term_string}"},"query-input":"required name=search_term_string"}],"inLanguage":"es"},{"@type":"ImageObject","@id":"https:\/\/chemitool.com\/es\/products\/tools\/herramientas-construccion\/varillas-mezcladoras\/varilla-mezcladora-espiral\/#primaryimage","inLanguage":"es","url":"https:\/\/chemitool.com\/wp-content\/uploads\/2024\/10\/CHT201610060008_WEB-1.png","contentUrl":"https:\/\/chemitool.com\/wp-content\/uploads\/2024\/10\/CHT201610060008_WEB-1.png","width":800,"height":800},{"@type":"WebPage","@id":"https:\/\/chemitool.com\/es\/products\/tools\/herramientas-construccion\/varillas-mezcladoras\/varilla-mezcladora-espiral\/#webpage","url":"https:\/\/chemitool.com\/es\/products\/tools\/herramientas-construccion\/varillas-mezcladoras\/varilla-mezcladora-espiral\/","name":"VARILLA MEZCLADORA ESPIRAL &ndash; Chemitool","isPartOf":{"@id":"https:\/\/chemitool.com\/#website"},"primaryImageOfPage":{"@id":"https:\/\/chemitool.com\/es\/products\/tools\/herramientas-construccion\/varillas-mezcladoras\/varilla-mezcladora-espiral\/#primaryimage"},"datePublished":"2024-10-22T08:12:17+00:00","dateModified":"2024-10-22T09:01:57+00:00","description":"Varilla Mezcladora Espiral CHEMITOOL reforzada con acero de alta calidad para mezcladoras hexagonales. Para mezclar pinturas, morteros adhesivos, rellenadores de grietas, cemento cola, mortero r\u00e1pido y morteros de forma r\u00e1pida y sencilla. Consigue mezclas homog\u00e9neas.","breadcrumb":{"@id":"https:\/\/chemitool.com\/es\/products\/tools\/herramientas-construccion\/varillas-mezcladoras\/varilla-mezcladora-espiral\/#breadcrumb"},"inLanguage":"es","potentialAction":[{"@type":"ReadAction","target":["https:\/\/chemitool.com\/es\/products\/tools\/herramientas-construccion\/varillas-mezcladoras\/varilla-mezcladora-espiral\/"]}]},{"@type":"BreadcrumbList","@id":"https:\/\/chemitool.com\/es\/products\/tools\/herramientas-construccion\/varillas-mezcladoras\/varilla-mezcladora-espiral\/#breadcrumb","itemListElement":[{"@type":"ListItem","position":1,"name":"Home","item":"https:\/\/chemitool.com\/es\/"},{"@type":"ListItem","position":2,"name":"Productos","item":"https:\/\/chemitool.com\/es\/productos\/"},{"@type":"ListItem","position":3,"name":"CHEMICALS","item":"https:\/\/chemitool.com\/es\/categoria-producto\/chemicals\/"},{"@type":"ListItem","position":4,"name":"VARILLA MEZCLADORA ESPIRAL"}]}]}},"_links":{"self":[{"href":"https:\/\/chemitool.com\/es\/wp-json\/wp\/v2\/product\/39982"}],"collection":[{"href":"https:\/\/chemitool.com\/es\/wp-json\/wp\/v2\/product"}],"about":[{"href":"https:\/\/chemitool.com\/es\/wp-json\/wp\/v2\/types\/product"}],"wp:featuredmedia":[{"embeddable":true,"href":"https:\/\/chemitool.com\/es\/wp-json\/wp\/v2\/media\/40002"}],"wp:attachment":[{"href":"https:\/\/chemitool.com\/es\/wp-json\/wp\/v2\/media?parent=39982"}],"wp:term":[{"taxonomy":"product_cat","embeddable":true,"href":"https:\/\/chemitool.com\/es\/wp-json\/wp\/v2\/product_cat?post=39982"},{"taxonomy":"product_tag","embeddable":true,"href":"https:\/\/chemitool.com\/es\/wp-json\/wp\/v2\/product_tag?post=39982"}],"curies":[{"name":"wp","href":"https:\/\/api.w.org\/{rel}","templated":true}]}}