{"id":3998,"date":"2020-04-22T11:44:16","date_gmt":"2020-04-22T11:44:16","guid":{"rendered":"https:\/\/chemitool.com\/products\/sin%20categor\u00eda\/spray-zinco-aluminio-chemisol\/"},"modified":"2023-11-17T16:25:22","modified_gmt":"2023-11-17T16:25:22","slug":"spray-zinc-chemisol-brillante","status":"publish","type":"product","link":"https:\/\/chemitool.com\/es\/products\/chemicals\/sprays-es\/tratamiento-de-superficie\/spray-zinc-chemisol-brillante\/","title":{"rendered":"SPRAY ZINC CHEMISOL (BRILLANTE)"},"content":{"rendered":"<p><strong>VENTAJAS<\/strong><\/p>\n<ul>\n<li>Calidad profesional<\/li>\n<li>Excelente adhesi\u00f3n y cobertura<\/li>\n<li>Soporta temperaturas de alrededor de 400\u00b0C (pico moment\u00e1neo)<\/li>\n<li>Alta resistencia a todo tipo de condiciones clim\u00e1ticas, rayos UV, soluciones alcalinas, aceites, abrasi\u00f3n, etc.<\/li>\n<li>Pulverizaci\u00f3n directa<\/li>\n<\/ul>\n<p><strong>INDICACIONES<\/strong><\/p>\n<p>Recomendado para piezas y superficies galvanizadas que han sido da\u00f1adas por la soldadura, el lijado, el taladrado, el transporte, etc. Excelente como protecci\u00f3n contra la corrosi\u00f3n de superficies met\u00e1licas y metales de hierro blanco.<\/p>\n","protected":false},"excerpt":{"rendered":"<p><b class=\"sap-label\">SAP:<\/b> <span class=\"codesap-label\">CHC070101<\/span><\/p>\n<p><em>Spray Zinc Brillante CHEMISOL,<\/em>siendo un producto de alto rendimiento, tiene un alto poder molecular a base de resinas acr\u00edlicas. Con un acabado brillante, debido a la menor concentraci\u00f3n de nanopart\u00edculas de zinc (en comparaci\u00f3n con CHEMITOOL ZINC 98%), se solidifica qu\u00edmicamente, produciendo un recubrimiento met\u00e1lico de larga duraci\u00f3n.<\/p>\n","protected":false},"featured_media":35964,"template":"","meta":[],"product_cat":[1209,1218,1251],"product_tag":[136],"yoast_head":"<!-- This site is optimized with the Yoast SEO plugin v17.4 - https:\/\/yoast.com\/wordpress\/plugins\/seo\/ -->\n<title>SPRAY ZINC CHEMISOL (BRILLANTE) &ndash; Chemitool<\/title>\n<meta name=\"description\" content=\"SAP: CHC070101  Spray Zinc Brillante CHEMISOL,siendo un producto de alto rendimiento, tiene un alto poder molecular a base de resinas acr\u00edlicas. Con un acabado brillante, debido a la menor concentraci\u00f3n de nanopart\u00edculas de zinc (en comparaci\u00f3n con CHEMITOOL ZINC 98%), se solidifica qu\u00edmicamente, produciendo un recubrimiento met\u00e1lico de larga duraci\u00f3n.\" \/>\n<meta name=\"robots\" content=\"index, follow, max-snippet:-1, max-image-preview:large, max-video-preview:-1\" \/>\n<link rel=\"canonical\" href=\"https:\/\/chemitool.com\/es\/products\/chemical-products\/sprays\/surface-treatment\/chemisol-brilliant-zinc-sprat\/\" \/>\n<meta property=\"og:locale\" content=\"es_ES\" \/>\n<meta property=\"og:type\" content=\"article\" \/>\n<meta property=\"og:title\" content=\"SPRAY ZINC CHEMISOL (BRILLANTE) &ndash; Chemitool\" \/>\n<meta property=\"og:description\" content=\"SAP: CHC070101  Spray Zinc Brillante CHEMISOL,siendo un producto de alto rendimiento, tiene un alto poder molecular a base de resinas acr\u00edlicas. Con un acabado brillante, debido a la menor concentraci\u00f3n de nanopart\u00edculas de zinc (en comparaci\u00f3n con CHEMITOOL ZINC 98%), se solidifica qu\u00edmicamente, produciendo un recubrimiento met\u00e1lico de larga duraci\u00f3n.\" \/>\n<meta property=\"og:url\" content=\"https:\/\/chemitool.com\/products\/chemical-products\/sprays\/surface-treatment\/chemisol-brilliant-zinc-sprat\/\" \/>\n<meta property=\"og:site_name\" content=\"Chemitool\" \/>\n<meta property=\"article:publisher\" content=\"https:\/\/www.facebook.com\/chemitool\" \/>\n<meta property=\"article:modified_time\" content=\"2023-11-17T16:25:22+00:00\" \/>\n<meta property=\"og:image\" content=\"https:\/\/chemitool.com\/wp-content\/uploads\/2020\/04\/CHC070101.png\" \/>\n\t<meta property=\"og:image:width\" content=\"800\" \/>\n\t<meta property=\"og:image:height\" content=\"800\" \/>\n<meta name=\"twitter:card\" content=\"summary_large_image\" \/>\n<script type=\"application\/ld+json\" class=\"yoast-schema-graph\">{\"@context\":\"https:\/\/schema.org\",\"@graph\":[{\"@type\":\"Organization\",\"@id\":\"https:\/\/chemitool.com\/#organization\",\"name\":\"Chemitool\",\"url\":\"https:\/\/chemitool.com\/\",\"sameAs\":[\"https:\/\/www.facebook.com\/chemitool\",\"https:\/\/www.instagram.com\/chemitool\/\"],\"logo\":{\"@type\":\"ImageObject\",\"@id\":\"https:\/\/chemitool.com\/#logo\",\"inLanguage\":\"es\",\"url\":\"https:\/\/chemitool.com\/wp-content\/uploads\/2020\/10\/logo_chemitool.png\",\"contentUrl\":\"https:\/\/chemitool.com\/wp-content\/uploads\/2020\/10\/logo_chemitool.png\",\"width\":400,\"height\":400,\"caption\":\"Chemitool\"},\"image\":{\"@id\":\"https:\/\/chemitool.com\/#logo\"}},{\"@type\":\"WebSite\",\"@id\":\"https:\/\/chemitool.com\/#website\",\"url\":\"https:\/\/chemitool.com\/\",\"name\":\"Chemitool\",\"description\":\"Chemitool - hardware and tools\",\"publisher\":{\"@id\":\"https:\/\/chemitool.com\/#organization\"},\"potentialAction\":[{\"@type\":\"SearchAction\",\"target\":{\"@type\":\"EntryPoint\",\"urlTemplate\":\"https:\/\/chemitool.com\/?s={search_term_string}\"},\"query-input\":\"required name=search_term_string\"}],\"inLanguage\":\"es\"},{\"@type\":\"ImageObject\",\"@id\":\"https:\/\/chemitool.com\/products\/chemical-products\/sprays\/surface-treatment\/chemisol-brilliant-zinc-sprat\/#primaryimage\",\"inLanguage\":\"es\",\"url\":\"https:\/\/chemitool.com\/wp-content\/uploads\/2020\/04\/CHC070101_ALU-ZINC_2.png\",\"contentUrl\":\"https:\/\/chemitool.com\/wp-content\/uploads\/2020\/04\/CHC070101_ALU-ZINC_2.png\",\"width\":800,\"height\":800},{\"@type\":\"WebPage\",\"@id\":\"https:\/\/chemitool.com\/products\/chemical-products\/sprays\/surface-treatment\/chemisol-brilliant-zinc-sprat\/#webpage\",\"url\":\"https:\/\/chemitool.com\/products\/chemical-products\/sprays\/surface-treatment\/chemisol-brilliant-zinc-sprat\/\",\"name\":\"SPRAY ZINC CHEMISOL (BRILLANTE) &ndash; Chemitool\",\"isPartOf\":{\"@id\":\"https:\/\/chemitool.com\/#website\"},\"primaryImageOfPage\":{\"@id\":\"https:\/\/chemitool.com\/products\/chemical-products\/sprays\/surface-treatment\/chemisol-brilliant-zinc-sprat\/#primaryimage\"},\"datePublished\":\"2020-04-22T11:44:16+00:00\",\"dateModified\":\"2023-11-17T16:25:22+00:00\",\"description\":\"SAP: CHC070101 Spray Zinc Brillante CHEMISOL,siendo un producto de alto rendimiento, tiene un alto poder molecular a base de resinas acr\\u00edlicas. Con un acabado brillante, debido a la menor concentraci\\u00f3n de nanopart\\u00edculas de zinc (en comparaci\\u00f3n con CHEMITOOL ZINC 98%), se solidifica qu\\u00edmicamente, produciendo un recubrimiento met\\u00e1lico de larga duraci\\u00f3n.\",\"breadcrumb\":{\"@id\":\"https:\/\/chemitool.com\/products\/chemical-products\/sprays\/surface-treatment\/chemisol-brilliant-zinc-sprat\/#breadcrumb\"},\"inLanguage\":\"es\",\"potentialAction\":[{\"@type\":\"ReadAction\",\"target\":[\"https:\/\/chemitool.com\/products\/chemical-products\/sprays\/surface-treatment\/chemisol-brilliant-zinc-sprat\/\"]}]},{\"@type\":\"BreadcrumbList\",\"@id\":\"https:\/\/chemitool.com\/products\/chemical-products\/sprays\/surface-treatment\/chemisol-brilliant-zinc-sprat\/#breadcrumb\",\"itemListElement\":[{\"@type\":\"ListItem\",\"position\":1,\"name\":\"Home\",\"item\":\"https:\/\/chemitool.com\/es\/\"},{\"@type\":\"ListItem\",\"position\":2,\"name\":\"Productos\",\"item\":\"https:\/\/chemitool.com\/es\/productos\/\"},{\"@type\":\"ListItem\",\"position\":3,\"name\":\"CHEMICALS\",\"item\":\"https:\/\/chemitool.com\/es\/categoria-producto\/chemicals\/\"},{\"@type\":\"ListItem\",\"position\":4,\"name\":\"SPRAY ZINC CHEMISOL (BRILLANTE)\"}]}]}<\/script>\n<!-- \/ Yoast SEO plugin. -->","yoast_head_json":{"title":"SPRAY ZINC CHEMISOL (BRILLANTE) &ndash; Chemitool","description":"SAP: CHC070101  Spray Zinc Brillante CHEMISOL,siendo un producto de alto rendimiento, tiene un alto poder molecular a base de resinas acr\u00edlicas. Con un acabado brillante, debido a la menor concentraci\u00f3n de nanopart\u00edculas de zinc (en comparaci\u00f3n con CHEMITOOL ZINC 98%), se solidifica qu\u00edmicamente, produciendo un recubrimiento met\u00e1lico de larga duraci\u00f3n.","robots":{"index":"index","follow":"follow","max-snippet":"max-snippet:-1","max-image-preview":"max-image-preview:large","max-video-preview":"max-video-preview:-1"},"canonical":"https:\/\/chemitool.com\/es\/products\/chemical-products\/sprays\/surface-treatment\/chemisol-brilliant-zinc-sprat\/","og_locale":"es_ES","og_type":"article","og_title":"SPRAY ZINC CHEMISOL (BRILLANTE) &ndash; Chemitool","og_description":"SAP: CHC070101  Spray Zinc Brillante CHEMISOL,siendo un producto de alto rendimiento, tiene un alto poder molecular a base de resinas acr\u00edlicas. Con un acabado brillante, debido a la menor concentraci\u00f3n de nanopart\u00edculas de zinc (en comparaci\u00f3n con CHEMITOOL ZINC 98%), se solidifica qu\u00edmicamente, produciendo un recubrimiento met\u00e1lico de larga duraci\u00f3n.","og_url":"https:\/\/chemitool.com\/products\/chemical-products\/sprays\/surface-treatment\/chemisol-brilliant-zinc-sprat\/","og_site_name":"Chemitool","article_publisher":"https:\/\/www.facebook.com\/chemitool","article_modified_time":"2023-11-17T16:25:22+00:00","og_image":[{"width":800,"height":800,"url":"https:\/\/chemitool.com\/wp-content\/uploads\/2020\/04\/CHC070101.png","type":"image\/png"}],"twitter_card":"summary_large_image","schema":{"@context":"https:\/\/schema.org","@graph":[{"@type":"Organization","@id":"https:\/\/chemitool.com\/#organization","name":"Chemitool","url":"https:\/\/chemitool.com\/","sameAs":["https:\/\/www.facebook.com\/chemitool","https:\/\/www.instagram.com\/chemitool\/"],"logo":{"@type":"ImageObject","@id":"https:\/\/chemitool.com\/#logo","inLanguage":"es","url":"https:\/\/chemitool.com\/wp-content\/uploads\/2020\/10\/logo_chemitool.png","contentUrl":"https:\/\/chemitool.com\/wp-content\/uploads\/2020\/10\/logo_chemitool.png","width":400,"height":400,"caption":"Chemitool"},"image":{"@id":"https:\/\/chemitool.com\/#logo"}},{"@type":"WebSite","@id":"https:\/\/chemitool.com\/#website","url":"https:\/\/chemitool.com\/","name":"Chemitool","description":"Chemitool - hardware and tools","publisher":{"@id":"https:\/\/chemitool.com\/#organization"},"potentialAction":[{"@type":"SearchAction","target":{"@type":"EntryPoint","urlTemplate":"https:\/\/chemitool.com\/?s={search_term_string}"},"query-input":"required name=search_term_string"}],"inLanguage":"es"},{"@type":"ImageObject","@id":"https:\/\/chemitool.com\/products\/chemical-products\/sprays\/surface-treatment\/chemisol-brilliant-zinc-sprat\/#primaryimage","inLanguage":"es","url":"https:\/\/chemitool.com\/wp-content\/uploads\/2020\/04\/CHC070101_ALU-ZINC_2.png","contentUrl":"https:\/\/chemitool.com\/wp-content\/uploads\/2020\/04\/CHC070101_ALU-ZINC_2.png","width":800,"height":800},{"@type":"WebPage","@id":"https:\/\/chemitool.com\/products\/chemical-products\/sprays\/surface-treatment\/chemisol-brilliant-zinc-sprat\/#webpage","url":"https:\/\/chemitool.com\/products\/chemical-products\/sprays\/surface-treatment\/chemisol-brilliant-zinc-sprat\/","name":"SPRAY ZINC CHEMISOL (BRILLANTE) &ndash; Chemitool","isPartOf":{"@id":"https:\/\/chemitool.com\/#website"},"primaryImageOfPage":{"@id":"https:\/\/chemitool.com\/products\/chemical-products\/sprays\/surface-treatment\/chemisol-brilliant-zinc-sprat\/#primaryimage"},"datePublished":"2020-04-22T11:44:16+00:00","dateModified":"2023-11-17T16:25:22+00:00","description":"SAP: CHC070101 Spray Zinc Brillante CHEMISOL,siendo un producto de alto rendimiento, tiene un alto poder molecular a base de resinas acr\u00edlicas. Con un acabado brillante, debido a la menor concentraci\u00f3n de nanopart\u00edculas de zinc (en comparaci\u00f3n con CHEMITOOL ZINC 98%), se solidifica qu\u00edmicamente, produciendo un recubrimiento met\u00e1lico de larga duraci\u00f3n.","breadcrumb":{"@id":"https:\/\/chemitool.com\/products\/chemical-products\/sprays\/surface-treatment\/chemisol-brilliant-zinc-sprat\/#breadcrumb"},"inLanguage":"es","potentialAction":[{"@type":"ReadAction","target":["https:\/\/chemitool.com\/products\/chemical-products\/sprays\/surface-treatment\/chemisol-brilliant-zinc-sprat\/"]}]},{"@type":"BreadcrumbList","@id":"https:\/\/chemitool.com\/products\/chemical-products\/sprays\/surface-treatment\/chemisol-brilliant-zinc-sprat\/#breadcrumb","itemListElement":[{"@type":"ListItem","position":1,"name":"Home","item":"https:\/\/chemitool.com\/es\/"},{"@type":"ListItem","position":2,"name":"Productos","item":"https:\/\/chemitool.com\/es\/productos\/"},{"@type":"ListItem","position":3,"name":"CHEMICALS","item":"https:\/\/chemitool.com\/es\/categoria-producto\/chemicals\/"},{"@type":"ListItem","position":4,"name":"SPRAY ZINC CHEMISOL (BRILLANTE)"}]}]}},"_links":{"self":[{"href":"https:\/\/chemitool.com\/es\/wp-json\/wp\/v2\/product\/3998"}],"collection":[{"href":"https:\/\/chemitool.com\/es\/wp-json\/wp\/v2\/product"}],"about":[{"href":"https:\/\/chemitool.com\/es\/wp-json\/wp\/v2\/types\/product"}],"wp:featuredmedia":[{"embeddable":true,"href":"https:\/\/chemitool.com\/es\/wp-json\/wp\/v2\/media\/35964"}],"wp:attachment":[{"href":"https:\/\/chemitool.com\/es\/wp-json\/wp\/v2\/media?parent=3998"}],"wp:term":[{"taxonomy":"product_cat","embeddable":true,"href":"https:\/\/chemitool.com\/es\/wp-json\/wp\/v2\/product_cat?post=3998"},{"taxonomy":"product_tag","embeddable":true,"href":"https:\/\/chemitool.com\/es\/wp-json\/wp\/v2\/product_tag?post=3998"}],"curies":[{"name":"wp","href":"https:\/\/api.w.org\/{rel}","templated":true}]}}