{"id":39677,"date":"2024-10-01T16:27:09","date_gmt":"2024-10-01T16:27:10","guid":{"rendered":"https:\/\/chemitool.com\/?post_type=product&#038;p=39677"},"modified":"2024-10-02T08:58:45","modified_gmt":"2024-10-02T08:58:45","slug":"juego-de-fresas-de-carburo-de-tungsteno","status":"publish","type":"product","link":"https:\/\/chemitool.com\/es\/products\/cutting\/herramientas-de-molienda-y-desbaste\/fresas-rotativas-metal-duro\/juego-de-fresas-de-carburo-de-tungsteno\/","title":{"rendered":"JUEGO DE FRESAS DE CARBURO DE TUNGSTENO"},"content":{"rendered":"<p><strong>VENTAJAS<\/strong><\/p>\n<ul>\n<li>Cabeza completamente de tungsteno<\/li>\n<li>Juego de 5 piezas<\/li>\n<li>Soldadura Profesional<\/li>\n<li>Alta capacidad de remoci\u00f3n de material<\/li>\n<li>Disponible en di\u00e1metro de 10mm<\/li>\n<li>Largo de 49 a 60mm<\/li>\n<li>Resistencia a la rotura<\/li>\n<li>Larga vida \u00fatil de la herramienta<\/li>\n<\/ul>\n<p>La fresa de carburo de tungsteno <strong>CHEMITOOL<\/strong> tiene una cabeza s\u00f3lida completamente formada en tungsteno, especialmente preparada para quitar, nivelar y trabajar en cordones de soldadura.<\/p>\n<p>Esta funci\u00f3n, destinada principalmente a la eliminaci\u00f3n r\u00e1pida de material, permite al operador reducir el tiempo de uso y ahorrar energ\u00eda.<\/p>\n<p>Las fresas de carburo de tungsteno tienen tres tipos de corte de acuerdo con la norma DIN8033, doble corte (uso universal), corte \u00fanico (uso de acabado) y corte \u00fanico espaciado (aluminio). En el caso del conjunto, el corte es de uso universal (doble corte).<\/p>\n<p><img class=\"alignnone wp-image-23608\" src=\"https:\/\/chemitool.com\/wp-content\/uploads\/2022\/06\/Condutividade-300x300.png\" alt=\"\" width=\"60\" height=\"60\" srcset=\"https:\/\/chemitool.com\/wp-content\/uploads\/2022\/06\/Condutividade-300x300.png 300w, https:\/\/chemitool.com\/wp-content\/uploads\/2022\/06\/Condutividade-150x150.png 150w, https:\/\/chemitool.com\/wp-content\/uploads\/2022\/06\/Condutividade-100x100.png 100w, https:\/\/chemitool.com\/wp-content\/uploads\/2022\/06\/Condutividade.png 377w\" sizes=\"(max-width: 60px) 100vw, 60px\" \/><img class=\"alignnone wp-image-21338\" src=\"https:\/\/chemitool.com\/wp-content\/uploads\/2022\/04\/Artboard-3-1-300x300.png\" alt=\"\" width=\"67\" height=\"67\" srcset=\"https:\/\/chemitool.com\/wp-content\/uploads\/2022\/04\/Artboard-3-1-300x300.png 300w, https:\/\/chemitool.com\/wp-content\/uploads\/2022\/04\/Artboard-3-1-150x150.png 150w, https:\/\/chemitool.com\/wp-content\/uploads\/2022\/04\/Artboard-3-1-768x767.png 768w, https:\/\/chemitool.com\/wp-content\/uploads\/2022\/04\/Artboard-3-1-650x650.png 650w, https:\/\/chemitool.com\/wp-content\/uploads\/2022\/04\/Artboard-3-1-600x599.png 600w, https:\/\/chemitool.com\/wp-content\/uploads\/2022\/04\/Artboard-3-1-100x100.png 100w, https:\/\/chemitool.com\/wp-content\/uploads\/2022\/04\/Artboard-3-1.png 801w\" sizes=\"(max-width: 67px) 100vw, 67px\" \/><img class=\"alignnone wp-image-21344\" src=\"https:\/\/chemitool.com\/wp-content\/uploads\/2022\/04\/Artboard-5-1-300x300.png\" alt=\"\" width=\"68\" height=\"68\" srcset=\"https:\/\/chemitool.com\/wp-content\/uploads\/2022\/04\/Artboard-5-1-300x300.png 300w, https:\/\/chemitool.com\/wp-content\/uploads\/2022\/04\/Artboard-5-1-150x150.png 150w, https:\/\/chemitool.com\/wp-content\/uploads\/2022\/04\/Artboard-5-1-768x767.png 768w, https:\/\/chemitool.com\/wp-content\/uploads\/2022\/04\/Artboard-5-1-650x650.png 650w, https:\/\/chemitool.com\/wp-content\/uploads\/2022\/04\/Artboard-5-1-600x599.png 600w, https:\/\/chemitool.com\/wp-content\/uploads\/2022\/04\/Artboard-5-1-100x100.png 100w, https:\/\/chemitool.com\/wp-content\/uploads\/2022\/04\/Artboard-5-1.png 801w\" sizes=\"(max-width: 68px) 100vw, 68px\" \/><img class=\"alignnone wp-image-21341\" src=\"https:\/\/chemitool.com\/wp-content\/uploads\/2022\/04\/Artboard-4-1-300x300.png\" alt=\"\" width=\"64\" height=\"64\" srcset=\"https:\/\/chemitool.com\/wp-content\/uploads\/2022\/04\/Artboard-4-1-300x300.png 300w, https:\/\/chemitool.com\/wp-content\/uploads\/2022\/04\/Artboard-4-1-150x150.png 150w, https:\/\/chemitool.com\/wp-content\/uploads\/2022\/04\/Artboard-4-1-768x767.png 768w, https:\/\/chemitool.com\/wp-content\/uploads\/2022\/04\/Artboard-4-1-650x650.png 650w, https:\/\/chemitool.com\/wp-content\/uploads\/2022\/04\/Artboard-4-1-600x599.png 600w, https:\/\/chemitool.com\/wp-content\/uploads\/2022\/04\/Artboard-4-1-100x100.png 100w, https:\/\/chemitool.com\/wp-content\/uploads\/2022\/04\/Artboard-4-1.png 801w\" sizes=\"(max-width: 64px) 100vw, 64px\" \/><img class=\"alignnone wp-image-23605\" src=\"https:\/\/chemitool.com\/wp-content\/uploads\/2022\/06\/CorteMao-300x300.png\" alt=\"\" width=\"60\" height=\"60\" srcset=\"https:\/\/chemitool.com\/wp-content\/uploads\/2022\/06\/CorteMao-300x300.png 300w, https:\/\/chemitool.com\/wp-content\/uploads\/2022\/06\/CorteMao-150x150.png 150w, https:\/\/chemitool.com\/wp-content\/uploads\/2022\/06\/CorteMao-100x100.png 100w, https:\/\/chemitool.com\/wp-content\/uploads\/2022\/06\/CorteMao.png 378w\" sizes=\"(max-width: 60px) 100vw, 60px\" \/><\/p>\n","protected":false},"excerpt":{"rendered":"<p>El <em>Juego de Fresas de Carburo de Tungsteno CHEMITOOL<\/em> fue dise\u00f1ado para los trabajos m\u00e1s exigentes y de larga duraci\u00f3n, permitiendo as\u00ed al profesional tener una excelente relaci\u00f3n calidad y rendimiento en el desbaste y rectificado de metales.<\/p>\n","protected":false},"featured_media":39681,"template":"","meta":[],"product_cat":[1426,4608,4611],"product_tag":[],"yoast_head":"<!-- This site is optimized with the Yoast SEO plugin v17.4 - https:\/\/yoast.com\/wordpress\/plugins\/seo\/ -->\n<title>JUEGO DE FRESAS DE CARBURO DE TUNGSTENO &ndash; Chemitool<\/title>\n<meta name=\"description\" content=\"El Juego de Fresas de Carburo de Tungsteno CHEMITOOL fue dise\u00f1ado para los trabajos m\u00e1s exigentes y de larga duraci\u00f3n, permitiendo as\u00ed al profesional tener una excelente relaci\u00f3n calidad y rendimiento en el desbaste y rectificado de metales.\" \/>\n<meta name=\"robots\" content=\"index, follow, max-snippet:-1, max-image-preview:large, max-video-preview:-1\" \/>\n<link rel=\"canonical\" href=\"https:\/\/chemitool.com\/es\/products\/cutting\/herramientas-de-molienda-y-desbaste\/fresas-rotativas-metal-duro\/juego-de-fresas-de-carburo-de-tungsteno\/\" \/>\n<meta property=\"og:locale\" content=\"es_ES\" \/>\n<meta property=\"og:type\" content=\"article\" \/>\n<meta property=\"og:title\" content=\"JUEGO DE FRESAS DE CARBURO DE TUNGSTENO &ndash; Chemitool\" \/>\n<meta property=\"og:description\" content=\"El Juego de Fresas de Carburo de Tungsteno CHEMITOOL fue dise\u00f1ado para los trabajos m\u00e1s exigentes y de larga duraci\u00f3n, permitiendo as\u00ed al profesional tener una excelente relaci\u00f3n calidad y rendimiento en el desbaste y rectificado de metales.\" \/>\n<meta property=\"og:url\" content=\"https:\/\/chemitool.com\/es\/products\/cutting\/herramientas-de-molienda-y-desbaste\/fresas-rotativas-metal-duro\/juego-de-fresas-de-carburo-de-tungsteno\/\" \/>\n<meta property=\"og:site_name\" content=\"Chemitool\" \/>\n<meta property=\"article:publisher\" content=\"https:\/\/www.facebook.com\/chemitool\" \/>\n<meta property=\"article:modified_time\" content=\"2024-10-02T08:58:45+00:00\" \/>\n<meta property=\"og:image\" content=\"https:\/\/chemitool.com\/wp-content\/uploads\/2024\/10\/CONJUNTO_FRESAS_METAL_DURO.png\" \/>\n\t<meta property=\"og:image:width\" content=\"800\" \/>\n\t<meta property=\"og:image:height\" content=\"800\" \/>\n<meta name=\"twitter:card\" content=\"summary_large_image\" \/>\n<meta name=\"twitter:label1\" content=\"Tiempo de lectura\" \/>\n\t<meta name=\"twitter:data1\" content=\"1 minuto\" \/>\n<script type=\"application\/ld+json\" class=\"yoast-schema-graph\">{\"@context\":\"https:\/\/schema.org\",\"@graph\":[{\"@type\":\"Organization\",\"@id\":\"https:\/\/chemitool.com\/#organization\",\"name\":\"Chemitool\",\"url\":\"https:\/\/chemitool.com\/\",\"sameAs\":[\"https:\/\/www.facebook.com\/chemitool\",\"https:\/\/www.instagram.com\/chemitool\/\"],\"logo\":{\"@type\":\"ImageObject\",\"@id\":\"https:\/\/chemitool.com\/#logo\",\"inLanguage\":\"es\",\"url\":\"https:\/\/chemitool.com\/wp-content\/uploads\/2020\/10\/logo_chemitool.png\",\"contentUrl\":\"https:\/\/chemitool.com\/wp-content\/uploads\/2020\/10\/logo_chemitool.png\",\"width\":400,\"height\":400,\"caption\":\"Chemitool\"},\"image\":{\"@id\":\"https:\/\/chemitool.com\/#logo\"}},{\"@type\":\"WebSite\",\"@id\":\"https:\/\/chemitool.com\/#website\",\"url\":\"https:\/\/chemitool.com\/\",\"name\":\"Chemitool\",\"description\":\"Chemitool - hardware and tools\",\"publisher\":{\"@id\":\"https:\/\/chemitool.com\/#organization\"},\"potentialAction\":[{\"@type\":\"SearchAction\",\"target\":{\"@type\":\"EntryPoint\",\"urlTemplate\":\"https:\/\/chemitool.com\/?s={search_term_string}\"},\"query-input\":\"required name=search_term_string\"}],\"inLanguage\":\"es\"},{\"@type\":\"ImageObject\",\"@id\":\"https:\/\/chemitool.com\/es\/products\/cutting\/herramientas-de-molienda-y-desbaste\/fresas-rotativas-metal-duro\/juego-de-fresas-de-carburo-de-tungsteno\/#primaryimage\",\"inLanguage\":\"es\",\"url\":\"https:\/\/chemitool.com\/wp-content\/uploads\/2024\/10\/CONJUNTO_FRESAS_METAL_DURO.png\",\"contentUrl\":\"https:\/\/chemitool.com\/wp-content\/uploads\/2024\/10\/CONJUNTO_FRESAS_METAL_DURO.png\",\"width\":800,\"height\":800},{\"@type\":\"WebPage\",\"@id\":\"https:\/\/chemitool.com\/es\/products\/cutting\/herramientas-de-molienda-y-desbaste\/fresas-rotativas-metal-duro\/juego-de-fresas-de-carburo-de-tungsteno\/#webpage\",\"url\":\"https:\/\/chemitool.com\/es\/products\/cutting\/herramientas-de-molienda-y-desbaste\/fresas-rotativas-metal-duro\/juego-de-fresas-de-carburo-de-tungsteno\/\",\"name\":\"JUEGO DE FRESAS DE CARBURO DE TUNGSTENO &ndash; Chemitool\",\"isPartOf\":{\"@id\":\"https:\/\/chemitool.com\/#website\"},\"primaryImageOfPage\":{\"@id\":\"https:\/\/chemitool.com\/es\/products\/cutting\/herramientas-de-molienda-y-desbaste\/fresas-rotativas-metal-duro\/juego-de-fresas-de-carburo-de-tungsteno\/#primaryimage\"},\"datePublished\":\"2024-10-01T16:27:10+00:00\",\"dateModified\":\"2024-10-02T08:58:45+00:00\",\"description\":\"El Juego de Fresas de Carburo de Tungsteno CHEMITOOL fue dise\\u00f1ado para los trabajos m\\u00e1s exigentes y de larga duraci\\u00f3n, permitiendo as\\u00ed al profesional tener una excelente relaci\\u00f3n calidad y rendimiento en el desbaste y rectificado de metales.\",\"breadcrumb\":{\"@id\":\"https:\/\/chemitool.com\/es\/products\/cutting\/herramientas-de-molienda-y-desbaste\/fresas-rotativas-metal-duro\/juego-de-fresas-de-carburo-de-tungsteno\/#breadcrumb\"},\"inLanguage\":\"es\",\"potentialAction\":[{\"@type\":\"ReadAction\",\"target\":[\"https:\/\/chemitool.com\/es\/products\/cutting\/herramientas-de-molienda-y-desbaste\/fresas-rotativas-metal-duro\/juego-de-fresas-de-carburo-de-tungsteno\/\"]}]},{\"@type\":\"BreadcrumbList\",\"@id\":\"https:\/\/chemitool.com\/es\/products\/cutting\/herramientas-de-molienda-y-desbaste\/fresas-rotativas-metal-duro\/juego-de-fresas-de-carburo-de-tungsteno\/#breadcrumb\",\"itemListElement\":[{\"@type\":\"ListItem\",\"position\":1,\"name\":\"Home\",\"item\":\"https:\/\/chemitool.com\/es\/\"},{\"@type\":\"ListItem\",\"position\":2,\"name\":\"Productos\",\"item\":\"https:\/\/chemitool.com\/es\/productos\/\"},{\"@type\":\"ListItem\",\"position\":3,\"name\":\"Cutting\",\"item\":\"https:\/\/chemitool.com\/es\/categoria-producto\/cutting\/\"},{\"@type\":\"ListItem\",\"position\":4,\"name\":\"HERRAMIENTAS DE MOLIENDA Y DESBASTE\",\"item\":\"https:\/\/chemitool.com\/es\/categoria-producto\/cutting\/herramientas-de-molienda-y-desbaste\/\"},{\"@type\":\"ListItem\",\"position\":5,\"name\":\"FRESAS ROTATIVAS METAL DURO\",\"item\":\"https:\/\/chemitool.com\/es\/categoria-producto\/cutting\/herramientas-de-molienda-y-desbaste\/fresas-rotativas-metal-duro\/\"},{\"@type\":\"ListItem\",\"position\":6,\"name\":\"JUEGO DE FRESAS DE CARBURO DE TUNGSTENO\"}]}]}<\/script>\n<!-- \/ Yoast SEO plugin. -->","yoast_head_json":{"title":"JUEGO DE FRESAS DE CARBURO DE TUNGSTENO &ndash; Chemitool","description":"El Juego de Fresas de Carburo de Tungsteno CHEMITOOL fue dise\u00f1ado para los trabajos m\u00e1s exigentes y de larga duraci\u00f3n, permitiendo as\u00ed al profesional tener una excelente relaci\u00f3n calidad y rendimiento en el desbaste y rectificado de metales.","robots":{"index":"index","follow":"follow","max-snippet":"max-snippet:-1","max-image-preview":"max-image-preview:large","max-video-preview":"max-video-preview:-1"},"canonical":"https:\/\/chemitool.com\/es\/products\/cutting\/herramientas-de-molienda-y-desbaste\/fresas-rotativas-metal-duro\/juego-de-fresas-de-carburo-de-tungsteno\/","og_locale":"es_ES","og_type":"article","og_title":"JUEGO DE FRESAS DE CARBURO DE TUNGSTENO &ndash; Chemitool","og_description":"El Juego de Fresas de Carburo de Tungsteno CHEMITOOL fue dise\u00f1ado para los trabajos m\u00e1s exigentes y de larga duraci\u00f3n, permitiendo as\u00ed al profesional tener una excelente relaci\u00f3n calidad y rendimiento en el desbaste y rectificado de metales.","og_url":"https:\/\/chemitool.com\/es\/products\/cutting\/herramientas-de-molienda-y-desbaste\/fresas-rotativas-metal-duro\/juego-de-fresas-de-carburo-de-tungsteno\/","og_site_name":"Chemitool","article_publisher":"https:\/\/www.facebook.com\/chemitool","article_modified_time":"2024-10-02T08:58:45+00:00","og_image":[{"width":800,"height":800,"url":"https:\/\/chemitool.com\/wp-content\/uploads\/2024\/10\/CONJUNTO_FRESAS_METAL_DURO.png","type":"image\/png"}],"twitter_card":"summary_large_image","twitter_misc":{"Tiempo de lectura":"1 minuto"},"schema":{"@context":"https:\/\/schema.org","@graph":[{"@type":"Organization","@id":"https:\/\/chemitool.com\/#organization","name":"Chemitool","url":"https:\/\/chemitool.com\/","sameAs":["https:\/\/www.facebook.com\/chemitool","https:\/\/www.instagram.com\/chemitool\/"],"logo":{"@type":"ImageObject","@id":"https:\/\/chemitool.com\/#logo","inLanguage":"es","url":"https:\/\/chemitool.com\/wp-content\/uploads\/2020\/10\/logo_chemitool.png","contentUrl":"https:\/\/chemitool.com\/wp-content\/uploads\/2020\/10\/logo_chemitool.png","width":400,"height":400,"caption":"Chemitool"},"image":{"@id":"https:\/\/chemitool.com\/#logo"}},{"@type":"WebSite","@id":"https:\/\/chemitool.com\/#website","url":"https:\/\/chemitool.com\/","name":"Chemitool","description":"Chemitool - hardware and tools","publisher":{"@id":"https:\/\/chemitool.com\/#organization"},"potentialAction":[{"@type":"SearchAction","target":{"@type":"EntryPoint","urlTemplate":"https:\/\/chemitool.com\/?s={search_term_string}"},"query-input":"required name=search_term_string"}],"inLanguage":"es"},{"@type":"ImageObject","@id":"https:\/\/chemitool.com\/es\/products\/cutting\/herramientas-de-molienda-y-desbaste\/fresas-rotativas-metal-duro\/juego-de-fresas-de-carburo-de-tungsteno\/#primaryimage","inLanguage":"es","url":"https:\/\/chemitool.com\/wp-content\/uploads\/2024\/10\/CONJUNTO_FRESAS_METAL_DURO.png","contentUrl":"https:\/\/chemitool.com\/wp-content\/uploads\/2024\/10\/CONJUNTO_FRESAS_METAL_DURO.png","width":800,"height":800},{"@type":"WebPage","@id":"https:\/\/chemitool.com\/es\/products\/cutting\/herramientas-de-molienda-y-desbaste\/fresas-rotativas-metal-duro\/juego-de-fresas-de-carburo-de-tungsteno\/#webpage","url":"https:\/\/chemitool.com\/es\/products\/cutting\/herramientas-de-molienda-y-desbaste\/fresas-rotativas-metal-duro\/juego-de-fresas-de-carburo-de-tungsteno\/","name":"JUEGO DE FRESAS DE CARBURO DE TUNGSTENO &ndash; Chemitool","isPartOf":{"@id":"https:\/\/chemitool.com\/#website"},"primaryImageOfPage":{"@id":"https:\/\/chemitool.com\/es\/products\/cutting\/herramientas-de-molienda-y-desbaste\/fresas-rotativas-metal-duro\/juego-de-fresas-de-carburo-de-tungsteno\/#primaryimage"},"datePublished":"2024-10-01T16:27:10+00:00","dateModified":"2024-10-02T08:58:45+00:00","description":"El Juego de Fresas de Carburo de Tungsteno CHEMITOOL fue dise\u00f1ado para los trabajos m\u00e1s exigentes y de larga duraci\u00f3n, permitiendo as\u00ed al profesional tener una excelente relaci\u00f3n calidad y rendimiento en el desbaste y rectificado de metales.","breadcrumb":{"@id":"https:\/\/chemitool.com\/es\/products\/cutting\/herramientas-de-molienda-y-desbaste\/fresas-rotativas-metal-duro\/juego-de-fresas-de-carburo-de-tungsteno\/#breadcrumb"},"inLanguage":"es","potentialAction":[{"@type":"ReadAction","target":["https:\/\/chemitool.com\/es\/products\/cutting\/herramientas-de-molienda-y-desbaste\/fresas-rotativas-metal-duro\/juego-de-fresas-de-carburo-de-tungsteno\/"]}]},{"@type":"BreadcrumbList","@id":"https:\/\/chemitool.com\/es\/products\/cutting\/herramientas-de-molienda-y-desbaste\/fresas-rotativas-metal-duro\/juego-de-fresas-de-carburo-de-tungsteno\/#breadcrumb","itemListElement":[{"@type":"ListItem","position":1,"name":"Home","item":"https:\/\/chemitool.com\/es\/"},{"@type":"ListItem","position":2,"name":"Productos","item":"https:\/\/chemitool.com\/es\/productos\/"},{"@type":"ListItem","position":3,"name":"Cutting","item":"https:\/\/chemitool.com\/es\/categoria-producto\/cutting\/"},{"@type":"ListItem","position":4,"name":"HERRAMIENTAS DE MOLIENDA Y DESBASTE","item":"https:\/\/chemitool.com\/es\/categoria-producto\/cutting\/herramientas-de-molienda-y-desbaste\/"},{"@type":"ListItem","position":5,"name":"FRESAS ROTATIVAS METAL DURO","item":"https:\/\/chemitool.com\/es\/categoria-producto\/cutting\/herramientas-de-molienda-y-desbaste\/fresas-rotativas-metal-duro\/"},{"@type":"ListItem","position":6,"name":"JUEGO DE FRESAS DE CARBURO DE TUNGSTENO"}]}]}},"_links":{"self":[{"href":"https:\/\/chemitool.com\/es\/wp-json\/wp\/v2\/product\/39677"}],"collection":[{"href":"https:\/\/chemitool.com\/es\/wp-json\/wp\/v2\/product"}],"about":[{"href":"https:\/\/chemitool.com\/es\/wp-json\/wp\/v2\/types\/product"}],"wp:featuredmedia":[{"embeddable":true,"href":"https:\/\/chemitool.com\/es\/wp-json\/wp\/v2\/media\/39681"}],"wp:attachment":[{"href":"https:\/\/chemitool.com\/es\/wp-json\/wp\/v2\/media?parent=39677"}],"wp:term":[{"taxonomy":"product_cat","embeddable":true,"href":"https:\/\/chemitool.com\/es\/wp-json\/wp\/v2\/product_cat?post=39677"},{"taxonomy":"product_tag","embeddable":true,"href":"https:\/\/chemitool.com\/es\/wp-json\/wp\/v2\/product_tag?post=39677"}],"curies":[{"name":"wp","href":"https:\/\/api.w.org\/{rel}","templated":true}]}}