{"id":39611,"date":"2024-10-01T09:33:45","date_gmt":"2024-10-01T09:33:45","guid":{"rendered":"https:\/\/chemitool.com\/?post_type=product&#038;p=39611"},"modified":"2024-10-01T09:56:59","modified_gmt":"2024-10-01T09:56:59","slug":"juego-brocas-escalonadas-hss-g-m2","status":"publish","type":"product","link":"https:\/\/chemitool.com\/es\/products\/cutting\/herramientas-de-perforacion-acero\/brocas-escalonadas-es\/hss-g-m2-es\/juego-brocas-escalonadas-hss-g-m2\/","title":{"rendered":"JUEGO BROCAS ESCALONADAS HSS-G M2"},"content":{"rendered":"<p><strong>VENTAJAS<\/strong><\/p>\n<ul>\n<li>Juego de 3 piezas<\/li>\n<li>Totalmente rectificado en acero r\u00e1pido M2<\/li>\n<li>Alto rendimiento de corte<\/li>\n<li>Disponible de 4 a 30mm de di\u00e1metro<\/li>\n<li>Resistencia a la rotura<\/li>\n<li>Larga vida \u00fatil de la herramienta<\/li>\n<\/ul>\n<p>La broca escalonada HSS <strong>CHEMITOOL<\/strong> es fabricada \u00edntegramente en acero r\u00e1pido de calidad M2, preparado para taladrar en metales con una dureza de hasta 800N\/mm2. La funci\u00f3n principal de la broca escalonada en forma de \u00abpi\u00f1a\u00bb es la perforaci\u00f3n continua a trav\u00e9s de diferentes escalas, lo que permite al profesional perforar una variedad de di\u00e1metros en una sola herramienta.<\/p>\n<p>Tiene un \u00e1ngulo de avance de 118\u00ba, para una r\u00e1pida entrada en el material y una buena capacidad de centrado. Las estr\u00edas en forma de espiral ayudan a eliminar las virutas resultantes del corte, facilitando as\u00ed la entrada constante de la broca en el material y evitando el calentamiento localizado.<\/p>\n<p>Una de las principales ventajas de esta broca escalonada es el mango facetado (3 caras), que ayuda a mantener la presi\u00f3n sobre la broca escalonada, evitando que se suelte m\u00e1s f\u00e1cilmente de las mordazas del casquillo.<\/p>\n<p>El uso de la lubricaci\u00f3n durante el proceso de perforaci\u00f3n aumenta la vida \u00fatil de la broca y reduce el calentamiento de la misma. Esta aplicaci\u00f3n no debe ser olvidada cuando se perforan materiales de gran dureza y abrasi\u00f3n.<\/p>\n<p><img class=\"alignnone wp-image-23608\" src=\"https:\/\/chemitool.com\/wp-content\/uploads\/2022\/06\/Condutividade-300x300.png\" alt=\"\" width=\"60\" height=\"60\" srcset=\"https:\/\/chemitool.com\/wp-content\/uploads\/2022\/06\/Condutividade-300x300.png 300w, https:\/\/chemitool.com\/wp-content\/uploads\/2022\/06\/Condutividade-150x150.png 150w, https:\/\/chemitool.com\/wp-content\/uploads\/2022\/06\/Condutividade-100x100.png 100w, https:\/\/chemitool.com\/wp-content\/uploads\/2022\/06\/Condutividade.png 377w\" sizes=\"(max-width: 60px) 100vw, 60px\" \/><img class=\"alignnone wp-image-23602\" src=\"https:\/\/chemitool.com\/wp-content\/uploads\/2022\/06\/Lubrificacao-300x300.png\" alt=\"\" width=\"60\" height=\"60\" srcset=\"https:\/\/chemitool.com\/wp-content\/uploads\/2022\/06\/Lubrificacao-300x300.png 300w, https:\/\/chemitool.com\/wp-content\/uploads\/2022\/06\/Lubrificacao-150x150.png 150w, https:\/\/chemitool.com\/wp-content\/uploads\/2022\/06\/Lubrificacao-100x100.png 100w, https:\/\/chemitool.com\/wp-content\/uploads\/2022\/06\/Lubrificacao.png 377w\" sizes=\"(max-width: 60px) 100vw, 60px\" \/><img class=\"alignnone wp-image-23605\" src=\"https:\/\/chemitool.com\/wp-content\/uploads\/2022\/06\/CorteMao-300x300.png\" alt=\"\" width=\"60\" height=\"60\" srcset=\"https:\/\/chemitool.com\/wp-content\/uploads\/2022\/06\/CorteMao-300x300.png 300w, https:\/\/chemitool.com\/wp-content\/uploads\/2022\/06\/CorteMao-150x150.png 150w, https:\/\/chemitool.com\/wp-content\/uploads\/2022\/06\/CorteMao-100x100.png 100w, https:\/\/chemitool.com\/wp-content\/uploads\/2022\/06\/CorteMao.png 378w\" sizes=\"(max-width: 60px) 100vw, 60px\" \/><img class=\"alignnone wp-image-21338\" src=\"https:\/\/chemitool.com\/wp-content\/uploads\/2022\/04\/Artboard-3-1-300x300.png\" alt=\"\" width=\"67\" height=\"67\" srcset=\"https:\/\/chemitool.com\/wp-content\/uploads\/2022\/04\/Artboard-3-1-300x300.png 300w, https:\/\/chemitool.com\/wp-content\/uploads\/2022\/04\/Artboard-3-1-150x150.png 150w, https:\/\/chemitool.com\/wp-content\/uploads\/2022\/04\/Artboard-3-1-768x767.png 768w, https:\/\/chemitool.com\/wp-content\/uploads\/2022\/04\/Artboard-3-1-650x650.png 650w, https:\/\/chemitool.com\/wp-content\/uploads\/2022\/04\/Artboard-3-1-600x599.png 600w, https:\/\/chemitool.com\/wp-content\/uploads\/2022\/04\/Artboard-3-1-100x100.png 100w, https:\/\/chemitool.com\/wp-content\/uploads\/2022\/04\/Artboard-3-1.png 801w\" sizes=\"(max-width: 67px) 100vw, 67px\" \/><img class=\"alignnone wp-image-21344\" src=\"https:\/\/chemitool.com\/wp-content\/uploads\/2022\/04\/Artboard-5-1-300x300.png\" alt=\"\" width=\"68\" height=\"68\" srcset=\"https:\/\/chemitool.com\/wp-content\/uploads\/2022\/04\/Artboard-5-1-300x300.png 300w, https:\/\/chemitool.com\/wp-content\/uploads\/2022\/04\/Artboard-5-1-150x150.png 150w, https:\/\/chemitool.com\/wp-content\/uploads\/2022\/04\/Artboard-5-1-768x767.png 768w, https:\/\/chemitool.com\/wp-content\/uploads\/2022\/04\/Artboard-5-1-650x650.png 650w, https:\/\/chemitool.com\/wp-content\/uploads\/2022\/04\/Artboard-5-1-600x599.png 600w, https:\/\/chemitool.com\/wp-content\/uploads\/2022\/04\/Artboard-5-1-100x100.png 100w, https:\/\/chemitool.com\/wp-content\/uploads\/2022\/04\/Artboard-5-1.png 801w\" sizes=\"(max-width: 68px) 100vw, 68px\" \/><img class=\"alignnone wp-image-21341\" src=\"https:\/\/chemitool.com\/wp-content\/uploads\/2022\/04\/Artboard-4-1-300x300.png\" alt=\"\" width=\"64\" height=\"64\" srcset=\"https:\/\/chemitool.com\/wp-content\/uploads\/2022\/04\/Artboard-4-1-300x300.png 300w, https:\/\/chemitool.com\/wp-content\/uploads\/2022\/04\/Artboard-4-1-150x150.png 150w, https:\/\/chemitool.com\/wp-content\/uploads\/2022\/04\/Artboard-4-1-768x767.png 768w, https:\/\/chemitool.com\/wp-content\/uploads\/2022\/04\/Artboard-4-1-650x650.png 650w, https:\/\/chemitool.com\/wp-content\/uploads\/2022\/04\/Artboard-4-1-600x599.png 600w, https:\/\/chemitool.com\/wp-content\/uploads\/2022\/04\/Artboard-4-1-100x100.png 100w, https:\/\/chemitool.com\/wp-content\/uploads\/2022\/04\/Artboard-4-1.png 801w\" sizes=\"(max-width: 64px) 100vw, 64px\" \/><\/p>\n","protected":false},"excerpt":{"rendered":"<p>El <em>Juego de Brocas Escalonadas HSS-G M2 CHEMITOOL<\/em> fue desarrollado sobre cuidadosos procesos de fabricaci\u00f3n, para proporcionar al profesional una excelente relaci\u00f3n de calidad y rendimiento en la perforaci\u00f3n de metales. Estas brocas se distinguen por su excelente relaci\u00f3n calidad\/precio.<\/p>\n","protected":false},"featured_media":39627,"template":"","meta":[],"product_cat":[1426,4507,4518,4526],"product_tag":[],"yoast_head":"<!-- This site is optimized with the Yoast SEO plugin v17.4 - https:\/\/yoast.com\/wordpress\/plugins\/seo\/ -->\n<title>JUEGO BROCAS ESCALONADAS HSS-G M2 &ndash; Chemitool<\/title>\n<meta name=\"description\" content=\"El Juego de Brocas Escalonadas HSS-G M2 CHEMITOOL fue desarrollado sobre cuidadosos procesos de fabricaci\u00f3n, para proporcionar al profesional una excelente relaci\u00f3n de calidad y rendimiento en la perforaci\u00f3n de metales. Estas brocas se distinguen por su excelente relaci\u00f3n calidad\/precio.\" \/>\n<meta name=\"robots\" content=\"index, follow, max-snippet:-1, max-image-preview:large, max-video-preview:-1\" \/>\n<link rel=\"canonical\" href=\"https:\/\/chemitool.com\/es\/products\/cutting\/metal-drilling-tools\/step-drills\/hss-g-m2\/step-drills-hss-g-m2\/\" \/>\n<meta property=\"og:locale\" content=\"es_ES\" \/>\n<meta property=\"og:type\" content=\"article\" \/>\n<meta property=\"og:title\" content=\"JUEGO BROCAS ESCALONADAS HSS-G M2 &ndash; Chemitool\" \/>\n<meta property=\"og:description\" content=\"El Juego de Brocas Escalonadas HSS-G M2 CHEMITOOL fue desarrollado sobre cuidadosos procesos de fabricaci\u00f3n, para proporcionar al profesional una excelente relaci\u00f3n de calidad y rendimiento en la perforaci\u00f3n de metales. Estas brocas se distinguen por su excelente relaci\u00f3n calidad\/precio.\" \/>\n<meta property=\"og:url\" content=\"https:\/\/chemitool.com\/products\/cutting\/metal-drilling-tools\/step-drills\/hss-g-m2\/step-drills-hss-g-m2\/\" \/>\n<meta property=\"og:site_name\" content=\"Chemitool\" \/>\n<meta property=\"article:publisher\" content=\"https:\/\/www.facebook.com\/chemitool\" \/>\n<meta property=\"article:modified_time\" content=\"2024-10-01T09:56:59+00:00\" \/>\n<meta property=\"og:image\" content=\"https:\/\/chemitool.com\/wp-content\/uploads\/2024\/10\/CHA210000000001_web.png\" \/>\n\t<meta property=\"og:image:width\" content=\"800\" \/>\n\t<meta property=\"og:image:height\" content=\"800\" \/>\n<meta name=\"twitter:card\" content=\"summary_large_image\" \/>\n<meta name=\"twitter:label1\" content=\"Tiempo de lectura\" \/>\n\t<meta name=\"twitter:data1\" content=\"1 minuto\" \/>\n<script type=\"application\/ld+json\" class=\"yoast-schema-graph\">{\"@context\":\"https:\/\/schema.org\",\"@graph\":[{\"@type\":\"Organization\",\"@id\":\"https:\/\/chemitool.com\/#organization\",\"name\":\"Chemitool\",\"url\":\"https:\/\/chemitool.com\/\",\"sameAs\":[\"https:\/\/www.facebook.com\/chemitool\",\"https:\/\/www.instagram.com\/chemitool\/\"],\"logo\":{\"@type\":\"ImageObject\",\"@id\":\"https:\/\/chemitool.com\/#logo\",\"inLanguage\":\"es\",\"url\":\"https:\/\/chemitool.com\/wp-content\/uploads\/2020\/10\/logo_chemitool.png\",\"contentUrl\":\"https:\/\/chemitool.com\/wp-content\/uploads\/2020\/10\/logo_chemitool.png\",\"width\":400,\"height\":400,\"caption\":\"Chemitool\"},\"image\":{\"@id\":\"https:\/\/chemitool.com\/#logo\"}},{\"@type\":\"WebSite\",\"@id\":\"https:\/\/chemitool.com\/#website\",\"url\":\"https:\/\/chemitool.com\/\",\"name\":\"Chemitool\",\"description\":\"Chemitool - hardware and tools\",\"publisher\":{\"@id\":\"https:\/\/chemitool.com\/#organization\"},\"potentialAction\":[{\"@type\":\"SearchAction\",\"target\":{\"@type\":\"EntryPoint\",\"urlTemplate\":\"https:\/\/chemitool.com\/?s={search_term_string}\"},\"query-input\":\"required name=search_term_string\"}],\"inLanguage\":\"es\"},{\"@type\":\"ImageObject\",\"@id\":\"https:\/\/chemitool.com\/products\/cutting\/metal-drilling-tools\/step-drills\/hss-g-m2\/step-drills-hss-g-m2\/#primaryimage\",\"inLanguage\":\"es\",\"url\":\"https:\/\/chemitool.com\/wp-content\/uploads\/2024\/10\/CHA210000000001_web.png\",\"contentUrl\":\"https:\/\/chemitool.com\/wp-content\/uploads\/2024\/10\/CHA210000000001_web.png\",\"width\":800,\"height\":800},{\"@type\":\"WebPage\",\"@id\":\"https:\/\/chemitool.com\/products\/cutting\/metal-drilling-tools\/step-drills\/hss-g-m2\/step-drills-hss-g-m2\/#webpage\",\"url\":\"https:\/\/chemitool.com\/products\/cutting\/metal-drilling-tools\/step-drills\/hss-g-m2\/step-drills-hss-g-m2\/\",\"name\":\"JUEGO BROCAS ESCALONADAS HSS-G M2 &ndash; Chemitool\",\"isPartOf\":{\"@id\":\"https:\/\/chemitool.com\/#website\"},\"primaryImageOfPage\":{\"@id\":\"https:\/\/chemitool.com\/products\/cutting\/metal-drilling-tools\/step-drills\/hss-g-m2\/step-drills-hss-g-m2\/#primaryimage\"},\"datePublished\":\"2024-10-01T09:33:45+00:00\",\"dateModified\":\"2024-10-01T09:56:59+00:00\",\"description\":\"El Juego de Brocas Escalonadas HSS-G M2 CHEMITOOL fue desarrollado sobre cuidadosos procesos de fabricaci\\u00f3n, para proporcionar al profesional una excelente relaci\\u00f3n de calidad y rendimiento en la perforaci\\u00f3n de metales. Estas brocas se distinguen por su excelente relaci\\u00f3n calidad\/precio.\",\"breadcrumb\":{\"@id\":\"https:\/\/chemitool.com\/products\/cutting\/metal-drilling-tools\/step-drills\/hss-g-m2\/step-drills-hss-g-m2\/#breadcrumb\"},\"inLanguage\":\"es\",\"potentialAction\":[{\"@type\":\"ReadAction\",\"target\":[\"https:\/\/chemitool.com\/products\/cutting\/metal-drilling-tools\/step-drills\/hss-g-m2\/step-drills-hss-g-m2\/\"]}]},{\"@type\":\"BreadcrumbList\",\"@id\":\"https:\/\/chemitool.com\/products\/cutting\/metal-drilling-tools\/step-drills\/hss-g-m2\/step-drills-hss-g-m2\/#breadcrumb\",\"itemListElement\":[{\"@type\":\"ListItem\",\"position\":1,\"name\":\"Home\",\"item\":\"https:\/\/chemitool.com\/es\/\"},{\"@type\":\"ListItem\",\"position\":2,\"name\":\"Productos\",\"item\":\"https:\/\/chemitool.com\/es\/productos\/\"},{\"@type\":\"ListItem\",\"position\":3,\"name\":\"Cutting\",\"item\":\"https:\/\/chemitool.com\/es\/categoria-producto\/cutting\/\"},{\"@type\":\"ListItem\",\"position\":4,\"name\":\"HERRAMIENTAS DE PERFORACION ACERO\",\"item\":\"https:\/\/chemitool.com\/es\/categoria-producto\/cutting\/herramientas-de-perforacion-acero\/\"},{\"@type\":\"ListItem\",\"position\":5,\"name\":\"BROCAS ESCALONADAS\",\"item\":\"https:\/\/chemitool.com\/es\/categoria-producto\/cutting\/herramientas-de-perforacion-acero\/brocas-escalonadas-es\/\"},{\"@type\":\"ListItem\",\"position\":6,\"name\":\"HSS-G M2\",\"item\":\"https:\/\/chemitool.com\/es\/categoria-producto\/cutting\/herramientas-de-perforacion-acero\/brocas-escalonadas-es\/hss-g-m2-es\/\"},{\"@type\":\"ListItem\",\"position\":7,\"name\":\"JUEGO BROCAS ESCALONADAS HSS-G M2\"}]}]}<\/script>\n<!-- \/ Yoast SEO plugin. -->","yoast_head_json":{"title":"JUEGO BROCAS ESCALONADAS HSS-G M2 &ndash; Chemitool","description":"El Juego de Brocas Escalonadas HSS-G M2 CHEMITOOL fue desarrollado sobre cuidadosos procesos de fabricaci\u00f3n, para proporcionar al profesional una excelente relaci\u00f3n de calidad y rendimiento en la perforaci\u00f3n de metales. Estas brocas se distinguen por su excelente relaci\u00f3n calidad\/precio.","robots":{"index":"index","follow":"follow","max-snippet":"max-snippet:-1","max-image-preview":"max-image-preview:large","max-video-preview":"max-video-preview:-1"},"canonical":"https:\/\/chemitool.com\/es\/products\/cutting\/metal-drilling-tools\/step-drills\/hss-g-m2\/step-drills-hss-g-m2\/","og_locale":"es_ES","og_type":"article","og_title":"JUEGO BROCAS ESCALONADAS HSS-G M2 &ndash; Chemitool","og_description":"El Juego de Brocas Escalonadas HSS-G M2 CHEMITOOL fue desarrollado sobre cuidadosos procesos de fabricaci\u00f3n, para proporcionar al profesional una excelente relaci\u00f3n de calidad y rendimiento en la perforaci\u00f3n de metales. Estas brocas se distinguen por su excelente relaci\u00f3n calidad\/precio.","og_url":"https:\/\/chemitool.com\/products\/cutting\/metal-drilling-tools\/step-drills\/hss-g-m2\/step-drills-hss-g-m2\/","og_site_name":"Chemitool","article_publisher":"https:\/\/www.facebook.com\/chemitool","article_modified_time":"2024-10-01T09:56:59+00:00","og_image":[{"width":800,"height":800,"url":"https:\/\/chemitool.com\/wp-content\/uploads\/2024\/10\/CHA210000000001_web.png","type":"image\/png"}],"twitter_card":"summary_large_image","twitter_misc":{"Tiempo de lectura":"1 minuto"},"schema":{"@context":"https:\/\/schema.org","@graph":[{"@type":"Organization","@id":"https:\/\/chemitool.com\/#organization","name":"Chemitool","url":"https:\/\/chemitool.com\/","sameAs":["https:\/\/www.facebook.com\/chemitool","https:\/\/www.instagram.com\/chemitool\/"],"logo":{"@type":"ImageObject","@id":"https:\/\/chemitool.com\/#logo","inLanguage":"es","url":"https:\/\/chemitool.com\/wp-content\/uploads\/2020\/10\/logo_chemitool.png","contentUrl":"https:\/\/chemitool.com\/wp-content\/uploads\/2020\/10\/logo_chemitool.png","width":400,"height":400,"caption":"Chemitool"},"image":{"@id":"https:\/\/chemitool.com\/#logo"}},{"@type":"WebSite","@id":"https:\/\/chemitool.com\/#website","url":"https:\/\/chemitool.com\/","name":"Chemitool","description":"Chemitool - hardware and tools","publisher":{"@id":"https:\/\/chemitool.com\/#organization"},"potentialAction":[{"@type":"SearchAction","target":{"@type":"EntryPoint","urlTemplate":"https:\/\/chemitool.com\/?s={search_term_string}"},"query-input":"required name=search_term_string"}],"inLanguage":"es"},{"@type":"ImageObject","@id":"https:\/\/chemitool.com\/products\/cutting\/metal-drilling-tools\/step-drills\/hss-g-m2\/step-drills-hss-g-m2\/#primaryimage","inLanguage":"es","url":"https:\/\/chemitool.com\/wp-content\/uploads\/2024\/10\/CHA210000000001_web.png","contentUrl":"https:\/\/chemitool.com\/wp-content\/uploads\/2024\/10\/CHA210000000001_web.png","width":800,"height":800},{"@type":"WebPage","@id":"https:\/\/chemitool.com\/products\/cutting\/metal-drilling-tools\/step-drills\/hss-g-m2\/step-drills-hss-g-m2\/#webpage","url":"https:\/\/chemitool.com\/products\/cutting\/metal-drilling-tools\/step-drills\/hss-g-m2\/step-drills-hss-g-m2\/","name":"JUEGO BROCAS ESCALONADAS HSS-G M2 &ndash; Chemitool","isPartOf":{"@id":"https:\/\/chemitool.com\/#website"},"primaryImageOfPage":{"@id":"https:\/\/chemitool.com\/products\/cutting\/metal-drilling-tools\/step-drills\/hss-g-m2\/step-drills-hss-g-m2\/#primaryimage"},"datePublished":"2024-10-01T09:33:45+00:00","dateModified":"2024-10-01T09:56:59+00:00","description":"El Juego de Brocas Escalonadas HSS-G M2 CHEMITOOL fue desarrollado sobre cuidadosos procesos de fabricaci\u00f3n, para proporcionar al profesional una excelente relaci\u00f3n de calidad y rendimiento en la perforaci\u00f3n de metales. Estas brocas se distinguen por su excelente relaci\u00f3n calidad\/precio.","breadcrumb":{"@id":"https:\/\/chemitool.com\/products\/cutting\/metal-drilling-tools\/step-drills\/hss-g-m2\/step-drills-hss-g-m2\/#breadcrumb"},"inLanguage":"es","potentialAction":[{"@type":"ReadAction","target":["https:\/\/chemitool.com\/products\/cutting\/metal-drilling-tools\/step-drills\/hss-g-m2\/step-drills-hss-g-m2\/"]}]},{"@type":"BreadcrumbList","@id":"https:\/\/chemitool.com\/products\/cutting\/metal-drilling-tools\/step-drills\/hss-g-m2\/step-drills-hss-g-m2\/#breadcrumb","itemListElement":[{"@type":"ListItem","position":1,"name":"Home","item":"https:\/\/chemitool.com\/es\/"},{"@type":"ListItem","position":2,"name":"Productos","item":"https:\/\/chemitool.com\/es\/productos\/"},{"@type":"ListItem","position":3,"name":"Cutting","item":"https:\/\/chemitool.com\/es\/categoria-producto\/cutting\/"},{"@type":"ListItem","position":4,"name":"HERRAMIENTAS DE PERFORACION ACERO","item":"https:\/\/chemitool.com\/es\/categoria-producto\/cutting\/herramientas-de-perforacion-acero\/"},{"@type":"ListItem","position":5,"name":"BROCAS ESCALONADAS","item":"https:\/\/chemitool.com\/es\/categoria-producto\/cutting\/herramientas-de-perforacion-acero\/brocas-escalonadas-es\/"},{"@type":"ListItem","position":6,"name":"HSS-G M2","item":"https:\/\/chemitool.com\/es\/categoria-producto\/cutting\/herramientas-de-perforacion-acero\/brocas-escalonadas-es\/hss-g-m2-es\/"},{"@type":"ListItem","position":7,"name":"JUEGO BROCAS ESCALONADAS HSS-G M2"}]}]}},"_links":{"self":[{"href":"https:\/\/chemitool.com\/es\/wp-json\/wp\/v2\/product\/39611"}],"collection":[{"href":"https:\/\/chemitool.com\/es\/wp-json\/wp\/v2\/product"}],"about":[{"href":"https:\/\/chemitool.com\/es\/wp-json\/wp\/v2\/types\/product"}],"wp:featuredmedia":[{"embeddable":true,"href":"https:\/\/chemitool.com\/es\/wp-json\/wp\/v2\/media\/39627"}],"wp:attachment":[{"href":"https:\/\/chemitool.com\/es\/wp-json\/wp\/v2\/media?parent=39611"}],"wp:term":[{"taxonomy":"product_cat","embeddable":true,"href":"https:\/\/chemitool.com\/es\/wp-json\/wp\/v2\/product_cat?post=39611"},{"taxonomy":"product_tag","embeddable":true,"href":"https:\/\/chemitool.com\/es\/wp-json\/wp\/v2\/product_tag?post=39611"}],"curies":[{"name":"wp","href":"https:\/\/api.w.org\/{rel}","templated":true}]}}