{"id":39265,"date":"2024-09-18T10:49:30","date_gmt":"2024-09-18T10:49:30","guid":{"rendered":"https:\/\/chemitool.com\/?post_type=product&#038;p=39265"},"modified":"2024-09-18T13:46:09","modified_gmt":"2024-09-18T13:46:09","slug":"juego-cojinetes-metricos-rosca-metrica-din223-din22568b","status":"publish","type":"product","link":"https:\/\/chemitool.com\/es\/products\/cutting\/herramientas-de-roscado\/roscado-manuale\/juego-cojinetes-metricos-rosca-metrica-din223-din22568b\/","title":{"rendered":"JUEGO COJINETES M\u00c9TRICOS ROSCA M\u00c9TRICA \u2013 DIN223 \/ DIN22568B"},"content":{"rendered":"<p><strong>VENTAJAS<\/strong><\/p>\n<ul>\n<li>Juego de 8 piezas<\/li>\n<li>Disponible en las medidas de M3 a M12<\/li>\n<li>F\u00e1cil de usar<\/li>\n<li>Rosca m\u00e9trica<\/li>\n<li>Totalmente rectificado<\/li>\n<li>Resistente a la rotura<\/li>\n<\/ul>\n<p>Lo cojinete m\u00e9trico CHEMITOOL seg\u00fan la norma DIN223, DIN EN 22568, se utiliza manualmente para realizar roscas m\u00e9tricas exteriores. Normalmente tienen tres o m\u00e1s filos cortantes y se utilizan en atornilladores manuales o incluso en tornos. La geometr\u00eda interna (agujeros) de lo cojinete sirve para eliminar r\u00e1pida y constantemente las virutas durante el proceso de roscado.<\/p>\n<p>En CHEMITOOL disponemos de la versi\u00f3n\/forma B de la matriz, que se define como completamente maciza con una ranura lateral, que es la m\u00e1s habitual en cuanto a uso.<\/p>\n<p>Este tipo de cojinetes m\u00e9tricos fueron fabricados para la roducci\u00f3n manual de roscas externas m\u00e9tricas ISO seg\u00fan DIN13, metales no ferrosos con una dureza de 800 N\/mm2. Los pasos de rosca de los cojinetes cumplen con la clase de tolerancia ISO 6g.<\/p>\n<p><img class=\"alignnone wp-image-23608\" src=\"https:\/\/chemitool.com\/wp-content\/uploads\/2022\/06\/Condutividade-300x300.png\" alt=\"\" width=\"60\" height=\"60\" srcset=\"https:\/\/chemitool.com\/wp-content\/uploads\/2022\/06\/Condutividade-300x300.png 300w, https:\/\/chemitool.com\/wp-content\/uploads\/2022\/06\/Condutividade-150x150.png 150w, https:\/\/chemitool.com\/wp-content\/uploads\/2022\/06\/Condutividade-100x100.png 100w, https:\/\/chemitool.com\/wp-content\/uploads\/2022\/06\/Condutividade.png 377w\" sizes=\"(max-width: 60px) 100vw, 60px\" \/><img class=\"alignnone wp-image-23605\" src=\"https:\/\/chemitool.com\/wp-content\/uploads\/2022\/06\/CorteMao-300x300.png\" alt=\"\" width=\"60\" height=\"60\" srcset=\"https:\/\/chemitool.com\/wp-content\/uploads\/2022\/06\/CorteMao-300x300.png 300w, https:\/\/chemitool.com\/wp-content\/uploads\/2022\/06\/CorteMao-150x150.png 150w, https:\/\/chemitool.com\/wp-content\/uploads\/2022\/06\/CorteMao-100x100.png 100w, https:\/\/chemitool.com\/wp-content\/uploads\/2022\/06\/CorteMao.png 378w\" sizes=\"(max-width: 60px) 100vw, 60px\" \/><img class=\"alignnone wp-image-21338\" src=\"https:\/\/chemitool.com\/wp-content\/uploads\/2022\/04\/Artboard-3-1-300x300.png\" alt=\"\" width=\"67\" height=\"67\" srcset=\"https:\/\/chemitool.com\/wp-content\/uploads\/2022\/04\/Artboard-3-1-300x300.png 300w, https:\/\/chemitool.com\/wp-content\/uploads\/2022\/04\/Artboard-3-1-150x150.png 150w, https:\/\/chemitool.com\/wp-content\/uploads\/2022\/04\/Artboard-3-1-768x767.png 768w, https:\/\/chemitool.com\/wp-content\/uploads\/2022\/04\/Artboard-3-1-650x650.png 650w, https:\/\/chemitool.com\/wp-content\/uploads\/2022\/04\/Artboard-3-1-600x599.png 600w, https:\/\/chemitool.com\/wp-content\/uploads\/2022\/04\/Artboard-3-1-100x100.png 100w, https:\/\/chemitool.com\/wp-content\/uploads\/2022\/04\/Artboard-3-1.png 801w\" sizes=\"(max-width: 67px) 100vw, 67px\" \/><img class=\"alignnone wp-image-21344\" src=\"https:\/\/chemitool.com\/wp-content\/uploads\/2022\/04\/Artboard-5-1-300x300.png\" alt=\"\" width=\"68\" height=\"68\" srcset=\"https:\/\/chemitool.com\/wp-content\/uploads\/2022\/04\/Artboard-5-1-300x300.png 300w, https:\/\/chemitool.com\/wp-content\/uploads\/2022\/04\/Artboard-5-1-150x150.png 150w, https:\/\/chemitool.com\/wp-content\/uploads\/2022\/04\/Artboard-5-1-768x767.png 768w, https:\/\/chemitool.com\/wp-content\/uploads\/2022\/04\/Artboard-5-1-650x650.png 650w, https:\/\/chemitool.com\/wp-content\/uploads\/2022\/04\/Artboard-5-1-600x599.png 600w, https:\/\/chemitool.com\/wp-content\/uploads\/2022\/04\/Artboard-5-1-100x100.png 100w, https:\/\/chemitool.com\/wp-content\/uploads\/2022\/04\/Artboard-5-1.png 801w\" sizes=\"(max-width: 68px) 100vw, 68px\" \/><img class=\"alignnone wp-image-21341\" src=\"https:\/\/chemitool.com\/wp-content\/uploads\/2022\/04\/Artboard-4-1-300x300.png\" alt=\"\" width=\"64\" height=\"64\" srcset=\"https:\/\/chemitool.com\/wp-content\/uploads\/2022\/04\/Artboard-4-1-300x300.png 300w, https:\/\/chemitool.com\/wp-content\/uploads\/2022\/04\/Artboard-4-1-150x150.png 150w, https:\/\/chemitool.com\/wp-content\/uploads\/2022\/04\/Artboard-4-1-768x767.png 768w, https:\/\/chemitool.com\/wp-content\/uploads\/2022\/04\/Artboard-4-1-650x650.png 650w, https:\/\/chemitool.com\/wp-content\/uploads\/2022\/04\/Artboard-4-1-600x599.png 600w, https:\/\/chemitool.com\/wp-content\/uploads\/2022\/04\/Artboard-4-1-100x100.png 100w, https:\/\/chemitool.com\/wp-content\/uploads\/2022\/04\/Artboard-4-1.png 801w\" sizes=\"(max-width: 64px) 100vw, 64px\" \/><\/p>\n","protected":false},"excerpt":{"rendered":"<p>Los <em>Cojinetes M\u00e9tricos CHEMITOOL<\/em> fabricados en acero r\u00e1pido fueron desarrollados con el objetivo de brindar al usuario un producto de buena calidad con un rendimiento de trabajo constante durante el proceso de roscado.<\/p>\n","protected":false},"featured_media":39242,"template":"","meta":[],"product_cat":[1426,5046,5049],"product_tag":[],"yoast_head":"<!-- This site is optimized with the Yoast SEO plugin v17.4 - https:\/\/yoast.com\/wordpress\/plugins\/seo\/ -->\n<title>JUEGO COJINETES M\u00c9TRICOS ROSCA M\u00c9TRICA \u2013 DIN223 \/ DIN22568B &ndash; Chemitool<\/title>\n<meta name=\"description\" content=\"Los Cojinetes M\u00e9tricos CHEMITOOL fabricados en acero r\u00e1pido fueron desarrollados con el objetivo de brindar al usuario un producto de buena calidad con un rendimiento de trabajo constante durante el proceso de roscado.\" \/>\n<meta name=\"robots\" content=\"index, follow, max-snippet:-1, max-image-preview:large, max-video-preview:-1\" \/>\n<link rel=\"canonical\" href=\"https:\/\/chemitool.com\/es\/products\/cutting\/thread-cutting-tools\/manual-thread\/round-dies-metric-thread-din223-din22568b-set\/\" \/>\n<meta property=\"og:locale\" content=\"es_ES\" \/>\n<meta property=\"og:type\" content=\"article\" \/>\n<meta property=\"og:title\" content=\"JUEGO COJINETES M\u00c9TRICOS ROSCA M\u00c9TRICA \u2013 DIN223 \/ DIN22568B &ndash; Chemitool\" \/>\n<meta property=\"og:description\" content=\"Los Cojinetes M\u00e9tricos CHEMITOOL fabricados en acero r\u00e1pido fueron desarrollados con el objetivo de brindar al usuario un producto de buena calidad con un rendimiento de trabajo constante durante el proceso de roscado.\" \/>\n<meta property=\"og:url\" content=\"https:\/\/chemitool.com\/products\/cutting\/thread-cutting-tools\/manual-thread\/round-dies-metric-thread-din223-din22568b-set\/\" \/>\n<meta property=\"og:site_name\" content=\"Chemitool\" \/>\n<meta property=\"article:publisher\" content=\"https:\/\/www.facebook.com\/chemitool\" \/>\n<meta property=\"article:modified_time\" content=\"2024-09-18T13:46:09+00:00\" \/>\n<meta property=\"og:image\" content=\"https:\/\/chemitool.com\/wp-content\/uploads\/2024\/09\/CHA1800040001_web.png\" \/>\n\t<meta property=\"og:image:width\" content=\"800\" \/>\n\t<meta property=\"og:image:height\" content=\"800\" \/>\n<meta name=\"twitter:card\" content=\"summary_large_image\" \/>\n<meta name=\"twitter:label1\" content=\"Tiempo de lectura\" \/>\n\t<meta name=\"twitter:data1\" content=\"1 minuto\" \/>\n<script type=\"application\/ld+json\" class=\"yoast-schema-graph\">{\"@context\":\"https:\/\/schema.org\",\"@graph\":[{\"@type\":\"Organization\",\"@id\":\"https:\/\/chemitool.com\/#organization\",\"name\":\"Chemitool\",\"url\":\"https:\/\/chemitool.com\/\",\"sameAs\":[\"https:\/\/www.facebook.com\/chemitool\",\"https:\/\/www.instagram.com\/chemitool\/\"],\"logo\":{\"@type\":\"ImageObject\",\"@id\":\"https:\/\/chemitool.com\/#logo\",\"inLanguage\":\"es\",\"url\":\"https:\/\/chemitool.com\/wp-content\/uploads\/2020\/10\/logo_chemitool.png\",\"contentUrl\":\"https:\/\/chemitool.com\/wp-content\/uploads\/2020\/10\/logo_chemitool.png\",\"width\":400,\"height\":400,\"caption\":\"Chemitool\"},\"image\":{\"@id\":\"https:\/\/chemitool.com\/#logo\"}},{\"@type\":\"WebSite\",\"@id\":\"https:\/\/chemitool.com\/#website\",\"url\":\"https:\/\/chemitool.com\/\",\"name\":\"Chemitool\",\"description\":\"Chemitool - hardware and tools\",\"publisher\":{\"@id\":\"https:\/\/chemitool.com\/#organization\"},\"potentialAction\":[{\"@type\":\"SearchAction\",\"target\":{\"@type\":\"EntryPoint\",\"urlTemplate\":\"https:\/\/chemitool.com\/?s={search_term_string}\"},\"query-input\":\"required name=search_term_string\"}],\"inLanguage\":\"es\"},{\"@type\":\"ImageObject\",\"@id\":\"https:\/\/chemitool.com\/products\/cutting\/thread-cutting-tools\/manual-thread\/round-dies-metric-thread-din223-din22568b-set\/#primaryimage\",\"inLanguage\":\"es\",\"url\":\"https:\/\/chemitool.com\/wp-content\/uploads\/2024\/09\/CHA1800040001_web.png\",\"contentUrl\":\"https:\/\/chemitool.com\/wp-content\/uploads\/2024\/09\/CHA1800040001_web.png\",\"width\":800,\"height\":800},{\"@type\":\"WebPage\",\"@id\":\"https:\/\/chemitool.com\/products\/cutting\/thread-cutting-tools\/manual-thread\/round-dies-metric-thread-din223-din22568b-set\/#webpage\",\"url\":\"https:\/\/chemitool.com\/products\/cutting\/thread-cutting-tools\/manual-thread\/round-dies-metric-thread-din223-din22568b-set\/\",\"name\":\"JUEGO COJINETES M\\u00c9TRICOS ROSCA M\\u00c9TRICA \\u2013 DIN223 \/ DIN22568B &ndash; Chemitool\",\"isPartOf\":{\"@id\":\"https:\/\/chemitool.com\/#website\"},\"primaryImageOfPage\":{\"@id\":\"https:\/\/chemitool.com\/products\/cutting\/thread-cutting-tools\/manual-thread\/round-dies-metric-thread-din223-din22568b-set\/#primaryimage\"},\"datePublished\":\"2024-09-18T10:49:30+00:00\",\"dateModified\":\"2024-09-18T13:46:09+00:00\",\"description\":\"Los Cojinetes M\\u00e9tricos CHEMITOOL fabricados en acero r\\u00e1pido fueron desarrollados con el objetivo de brindar al usuario un producto de buena calidad con un rendimiento de trabajo constante durante el proceso de roscado.\",\"breadcrumb\":{\"@id\":\"https:\/\/chemitool.com\/products\/cutting\/thread-cutting-tools\/manual-thread\/round-dies-metric-thread-din223-din22568b-set\/#breadcrumb\"},\"inLanguage\":\"es\",\"potentialAction\":[{\"@type\":\"ReadAction\",\"target\":[\"https:\/\/chemitool.com\/products\/cutting\/thread-cutting-tools\/manual-thread\/round-dies-metric-thread-din223-din22568b-set\/\"]}]},{\"@type\":\"BreadcrumbList\",\"@id\":\"https:\/\/chemitool.com\/products\/cutting\/thread-cutting-tools\/manual-thread\/round-dies-metric-thread-din223-din22568b-set\/#breadcrumb\",\"itemListElement\":[{\"@type\":\"ListItem\",\"position\":1,\"name\":\"Home\",\"item\":\"https:\/\/chemitool.com\/es\/\"},{\"@type\":\"ListItem\",\"position\":2,\"name\":\"Productos\",\"item\":\"https:\/\/chemitool.com\/es\/productos\/\"},{\"@type\":\"ListItem\",\"position\":3,\"name\":\"Cutting\",\"item\":\"https:\/\/chemitool.com\/es\/categoria-producto\/cutting\/\"},{\"@type\":\"ListItem\",\"position\":4,\"name\":\"HERRAMIENTAS DE ROSCADO\",\"item\":\"https:\/\/chemitool.com\/es\/categoria-producto\/cutting\/herramientas-de-roscado\/\"},{\"@type\":\"ListItem\",\"position\":5,\"name\":\"ROSCADO MANUALE\",\"item\":\"https:\/\/chemitool.com\/es\/categoria-producto\/cutting\/herramientas-de-roscado\/roscado-manuale\/\"},{\"@type\":\"ListItem\",\"position\":6,\"name\":\"JUEGO COJINETES M\\u00c9TRICOS ROSCA M\\u00c9TRICA \\u2013 DIN223 \/ DIN22568B\"}]}]}<\/script>\n<!-- \/ Yoast SEO plugin. -->","yoast_head_json":{"title":"JUEGO COJINETES M\u00c9TRICOS ROSCA M\u00c9TRICA \u2013 DIN223 \/ DIN22568B &ndash; Chemitool","description":"Los Cojinetes M\u00e9tricos CHEMITOOL fabricados en acero r\u00e1pido fueron desarrollados con el objetivo de brindar al usuario un producto de buena calidad con un rendimiento de trabajo constante durante el proceso de roscado.","robots":{"index":"index","follow":"follow","max-snippet":"max-snippet:-1","max-image-preview":"max-image-preview:large","max-video-preview":"max-video-preview:-1"},"canonical":"https:\/\/chemitool.com\/es\/products\/cutting\/thread-cutting-tools\/manual-thread\/round-dies-metric-thread-din223-din22568b-set\/","og_locale":"es_ES","og_type":"article","og_title":"JUEGO COJINETES M\u00c9TRICOS ROSCA M\u00c9TRICA \u2013 DIN223 \/ DIN22568B &ndash; Chemitool","og_description":"Los Cojinetes M\u00e9tricos CHEMITOOL fabricados en acero r\u00e1pido fueron desarrollados con el objetivo de brindar al usuario un producto de buena calidad con un rendimiento de trabajo constante durante el proceso de roscado.","og_url":"https:\/\/chemitool.com\/products\/cutting\/thread-cutting-tools\/manual-thread\/round-dies-metric-thread-din223-din22568b-set\/","og_site_name":"Chemitool","article_publisher":"https:\/\/www.facebook.com\/chemitool","article_modified_time":"2024-09-18T13:46:09+00:00","og_image":[{"width":800,"height":800,"url":"https:\/\/chemitool.com\/wp-content\/uploads\/2024\/09\/CHA1800040001_web.png","type":"image\/png"}],"twitter_card":"summary_large_image","twitter_misc":{"Tiempo de lectura":"1 minuto"},"schema":{"@context":"https:\/\/schema.org","@graph":[{"@type":"Organization","@id":"https:\/\/chemitool.com\/#organization","name":"Chemitool","url":"https:\/\/chemitool.com\/","sameAs":["https:\/\/www.facebook.com\/chemitool","https:\/\/www.instagram.com\/chemitool\/"],"logo":{"@type":"ImageObject","@id":"https:\/\/chemitool.com\/#logo","inLanguage":"es","url":"https:\/\/chemitool.com\/wp-content\/uploads\/2020\/10\/logo_chemitool.png","contentUrl":"https:\/\/chemitool.com\/wp-content\/uploads\/2020\/10\/logo_chemitool.png","width":400,"height":400,"caption":"Chemitool"},"image":{"@id":"https:\/\/chemitool.com\/#logo"}},{"@type":"WebSite","@id":"https:\/\/chemitool.com\/#website","url":"https:\/\/chemitool.com\/","name":"Chemitool","description":"Chemitool - hardware and tools","publisher":{"@id":"https:\/\/chemitool.com\/#organization"},"potentialAction":[{"@type":"SearchAction","target":{"@type":"EntryPoint","urlTemplate":"https:\/\/chemitool.com\/?s={search_term_string}"},"query-input":"required name=search_term_string"}],"inLanguage":"es"},{"@type":"ImageObject","@id":"https:\/\/chemitool.com\/products\/cutting\/thread-cutting-tools\/manual-thread\/round-dies-metric-thread-din223-din22568b-set\/#primaryimage","inLanguage":"es","url":"https:\/\/chemitool.com\/wp-content\/uploads\/2024\/09\/CHA1800040001_web.png","contentUrl":"https:\/\/chemitool.com\/wp-content\/uploads\/2024\/09\/CHA1800040001_web.png","width":800,"height":800},{"@type":"WebPage","@id":"https:\/\/chemitool.com\/products\/cutting\/thread-cutting-tools\/manual-thread\/round-dies-metric-thread-din223-din22568b-set\/#webpage","url":"https:\/\/chemitool.com\/products\/cutting\/thread-cutting-tools\/manual-thread\/round-dies-metric-thread-din223-din22568b-set\/","name":"JUEGO COJINETES M\u00c9TRICOS ROSCA M\u00c9TRICA \u2013 DIN223 \/ DIN22568B &ndash; Chemitool","isPartOf":{"@id":"https:\/\/chemitool.com\/#website"},"primaryImageOfPage":{"@id":"https:\/\/chemitool.com\/products\/cutting\/thread-cutting-tools\/manual-thread\/round-dies-metric-thread-din223-din22568b-set\/#primaryimage"},"datePublished":"2024-09-18T10:49:30+00:00","dateModified":"2024-09-18T13:46:09+00:00","description":"Los Cojinetes M\u00e9tricos CHEMITOOL fabricados en acero r\u00e1pido fueron desarrollados con el objetivo de brindar al usuario un producto de buena calidad con un rendimiento de trabajo constante durante el proceso de roscado.","breadcrumb":{"@id":"https:\/\/chemitool.com\/products\/cutting\/thread-cutting-tools\/manual-thread\/round-dies-metric-thread-din223-din22568b-set\/#breadcrumb"},"inLanguage":"es","potentialAction":[{"@type":"ReadAction","target":["https:\/\/chemitool.com\/products\/cutting\/thread-cutting-tools\/manual-thread\/round-dies-metric-thread-din223-din22568b-set\/"]}]},{"@type":"BreadcrumbList","@id":"https:\/\/chemitool.com\/products\/cutting\/thread-cutting-tools\/manual-thread\/round-dies-metric-thread-din223-din22568b-set\/#breadcrumb","itemListElement":[{"@type":"ListItem","position":1,"name":"Home","item":"https:\/\/chemitool.com\/es\/"},{"@type":"ListItem","position":2,"name":"Productos","item":"https:\/\/chemitool.com\/es\/productos\/"},{"@type":"ListItem","position":3,"name":"Cutting","item":"https:\/\/chemitool.com\/es\/categoria-producto\/cutting\/"},{"@type":"ListItem","position":4,"name":"HERRAMIENTAS DE ROSCADO","item":"https:\/\/chemitool.com\/es\/categoria-producto\/cutting\/herramientas-de-roscado\/"},{"@type":"ListItem","position":5,"name":"ROSCADO MANUALE","item":"https:\/\/chemitool.com\/es\/categoria-producto\/cutting\/herramientas-de-roscado\/roscado-manuale\/"},{"@type":"ListItem","position":6,"name":"JUEGO COJINETES M\u00c9TRICOS ROSCA M\u00c9TRICA \u2013 DIN223 \/ DIN22568B"}]}]}},"_links":{"self":[{"href":"https:\/\/chemitool.com\/es\/wp-json\/wp\/v2\/product\/39265"}],"collection":[{"href":"https:\/\/chemitool.com\/es\/wp-json\/wp\/v2\/product"}],"about":[{"href":"https:\/\/chemitool.com\/es\/wp-json\/wp\/v2\/types\/product"}],"wp:featuredmedia":[{"embeddable":true,"href":"https:\/\/chemitool.com\/es\/wp-json\/wp\/v2\/media\/39242"}],"wp:attachment":[{"href":"https:\/\/chemitool.com\/es\/wp-json\/wp\/v2\/media?parent=39265"}],"wp:term":[{"taxonomy":"product_cat","embeddable":true,"href":"https:\/\/chemitool.com\/es\/wp-json\/wp\/v2\/product_cat?post=39265"},{"taxonomy":"product_tag","embeddable":true,"href":"https:\/\/chemitool.com\/es\/wp-json\/wp\/v2\/product_tag?post=39265"}],"curies":[{"name":"wp","href":"https:\/\/api.w.org\/{rel}","templated":true}]}}