{"id":39137,"date":"2024-09-13T16:56:51","date_gmt":"2024-09-13T16:56:52","guid":{"rendered":"https:\/\/chemitool.com\/?post_type=product&#038;p=39137"},"modified":"2025-01-13T10:00:30","modified_gmt":"2025-01-13T10:00:30","slug":"hoja-de-lija-de-tela-para-metal-prometal-flex-hd","status":"publish","type":"product","link":"https:\/\/chemitool.com\/es\/products\/cutting\/hojas-rollos-abrasivos-de-mano\/hojas-abrasivas\/hoja-de-lija-de-tela-para-metal-prometal-flex-hd\/","title":{"rendered":"HOJA DE LIJA DE TELA PARA METAL PROMETAL FLEX HD"},"content":{"rendered":"<p><strong>VENTAJAS<\/strong><\/p>\n<ul>\n<li>Gran relaci\u00f3n calidad-precio<\/li>\n<li>F\u00e1cil de usar<\/li>\n<li>Formato 230x280mm<\/li>\n<li>Uso general para metal<\/li>\n<li>Flexibilidad superior<\/li>\n<li>Resistente al desgarro<\/li>\n<\/ul>\n<p>La hoja de lija de tela CHEMITOOL para metal en formato plano, con soporte de tela de algod\u00f3n flexible, es adecuada para trabajos de lijado m\u00e1s agresivos y tambi\u00e9n es un producto f\u00e1cil de adaptar a contornos y superficies curvas.<\/p>\n<p>Este tipo de hoja de lija se puede utilizar para el lijado m\u00e1s agresivo hasta el lijado m\u00e1s fino, y tambi\u00e9n es ideal para trabajos de preparaci\u00f3n\/pasos.<\/p>\n","protected":false},"excerpt":{"rendered":"<p>La <em>Hoja de Lija de Tela par Metal PROMETAL FLEX HD CHEMITOOL<\/em> est\u00e1 especialmente fabricada con \u00f3xido de aluminio de alta calidad, por lo que ofrece una excelente resistencia al desgarro, al tiempo que mantiene la eficacia de corte en una amplia variedad de materiales, como metal, maderas resinosas, maderas duras y fibra de vidrio.<\/p>\n","protected":false},"featured_media":40809,"template":"","meta":[],"product_cat":[5275,1426,4944],"product_tag":[],"yoast_head":"<!-- This site is optimized with the Yoast SEO plugin v17.4 - https:\/\/yoast.com\/wordpress\/plugins\/seo\/ -->\n<title>HOJA DE LIJA DE TELA PARA METAL PROMETAL FLEX HD &ndash; Chemitool<\/title>\n<meta name=\"description\" content=\"La Hoja de Lija de Tela par Metal PROMETAL FLEX HD CHEMITOOL est\u00e1 especialmente fabricada con \u00f3xido de aluminio de alta calidad, por lo que ofrece una excelente resistencia al desgarro, al tiempo que mantiene la eficacia de corte en una amplia variedad de materiales, como metal, maderas resinosas, maderas duras y fibra de vidrio.\" \/>\n<meta name=\"robots\" content=\"index, follow, max-snippet:-1, max-image-preview:large, max-video-preview:-1\" \/>\n<link rel=\"canonical\" href=\"https:\/\/chemitool.com\/es\/products\/cutting\/hojas-rollos-abrasivos-de-mano\/hojas-abrasivas\/hoja-de-lija-de-tela-para-metal-prometal-flex-hd\/\" \/>\n<meta property=\"og:locale\" content=\"es_ES\" \/>\n<meta property=\"og:type\" content=\"article\" \/>\n<meta property=\"og:title\" content=\"HOJA DE LIJA DE TELA PARA METAL PROMETAL FLEX HD &ndash; Chemitool\" \/>\n<meta property=\"og:description\" content=\"La Hoja de Lija de Tela par Metal PROMETAL FLEX HD CHEMITOOL est\u00e1 especialmente fabricada con \u00f3xido de aluminio de alta calidad, por lo que ofrece una excelente resistencia al desgarro, al tiempo que mantiene la eficacia de corte en una amplia variedad de materiales, como metal, maderas resinosas, maderas duras y fibra de vidrio.\" \/>\n<meta property=\"og:url\" content=\"https:\/\/chemitool.com\/es\/products\/cutting\/hojas-rollos-abrasivos-de-mano\/hojas-abrasivas\/hoja-de-lija-de-tela-para-metal-prometal-flex-hd\/\" \/>\n<meta property=\"og:site_name\" content=\"Chemitool\" \/>\n<meta property=\"article:publisher\" content=\"https:\/\/www.facebook.com\/chemitool\" \/>\n<meta property=\"article:modified_time\" content=\"2025-01-13T10:00:30+00:00\" \/>\n<meta property=\"og:image\" content=\"https:\/\/chemitool.com\/wp-content\/uploads\/2025\/01\/PROMETAL-FLEX-HD_1.png\" \/>\n\t<meta property=\"og:image:width\" content=\"800\" \/>\n\t<meta property=\"og:image:height\" content=\"800\" \/>\n<meta name=\"twitter:card\" content=\"summary_large_image\" \/>\n<script type=\"application\/ld+json\" class=\"yoast-schema-graph\">{\"@context\":\"https:\/\/schema.org\",\"@graph\":[{\"@type\":\"Organization\",\"@id\":\"https:\/\/chemitool.com\/#organization\",\"name\":\"Chemitool\",\"url\":\"https:\/\/chemitool.com\/\",\"sameAs\":[\"https:\/\/www.facebook.com\/chemitool\",\"https:\/\/www.instagram.com\/chemitool\/\"],\"logo\":{\"@type\":\"ImageObject\",\"@id\":\"https:\/\/chemitool.com\/#logo\",\"inLanguage\":\"es\",\"url\":\"https:\/\/chemitool.com\/wp-content\/uploads\/2020\/10\/logo_chemitool.png\",\"contentUrl\":\"https:\/\/chemitool.com\/wp-content\/uploads\/2020\/10\/logo_chemitool.png\",\"width\":400,\"height\":400,\"caption\":\"Chemitool\"},\"image\":{\"@id\":\"https:\/\/chemitool.com\/#logo\"}},{\"@type\":\"WebSite\",\"@id\":\"https:\/\/chemitool.com\/#website\",\"url\":\"https:\/\/chemitool.com\/\",\"name\":\"Chemitool\",\"description\":\"Chemitool - hardware and tools\",\"publisher\":{\"@id\":\"https:\/\/chemitool.com\/#organization\"},\"potentialAction\":[{\"@type\":\"SearchAction\",\"target\":{\"@type\":\"EntryPoint\",\"urlTemplate\":\"https:\/\/chemitool.com\/?s={search_term_string}\"},\"query-input\":\"required name=search_term_string\"}],\"inLanguage\":\"es\"},{\"@type\":\"ImageObject\",\"@id\":\"https:\/\/chemitool.com\/es\/products\/cutting\/hojas-rollos-abrasivos-de-mano\/hojas-abrasivas\/hoja-de-lija-de-tela-para-metal-prometal-flex-hd\/#primaryimage\",\"inLanguage\":\"es\",\"url\":\"https:\/\/chemitool.com\/wp-content\/uploads\/2025\/01\/PROMETAL-FLEX-HD_1.png\",\"contentUrl\":\"https:\/\/chemitool.com\/wp-content\/uploads\/2025\/01\/PROMETAL-FLEX-HD_1.png\",\"width\":800,\"height\":800},{\"@type\":\"WebPage\",\"@id\":\"https:\/\/chemitool.com\/es\/products\/cutting\/hojas-rollos-abrasivos-de-mano\/hojas-abrasivas\/hoja-de-lija-de-tela-para-metal-prometal-flex-hd\/#webpage\",\"url\":\"https:\/\/chemitool.com\/es\/products\/cutting\/hojas-rollos-abrasivos-de-mano\/hojas-abrasivas\/hoja-de-lija-de-tela-para-metal-prometal-flex-hd\/\",\"name\":\"HOJA DE LIJA DE TELA PARA METAL PROMETAL FLEX HD &ndash; Chemitool\",\"isPartOf\":{\"@id\":\"https:\/\/chemitool.com\/#website\"},\"primaryImageOfPage\":{\"@id\":\"https:\/\/chemitool.com\/es\/products\/cutting\/hojas-rollos-abrasivos-de-mano\/hojas-abrasivas\/hoja-de-lija-de-tela-para-metal-prometal-flex-hd\/#primaryimage\"},\"datePublished\":\"2024-09-13T16:56:52+00:00\",\"dateModified\":\"2025-01-13T10:00:30+00:00\",\"description\":\"La Hoja de Lija de Tela par Metal PROMETAL FLEX HD CHEMITOOL est\\u00e1 especialmente fabricada con \\u00f3xido de aluminio de alta calidad, por lo que ofrece una excelente resistencia al desgarro, al tiempo que mantiene la eficacia de corte en una amplia variedad de materiales, como metal, maderas resinosas, maderas duras y fibra de vidrio.\",\"breadcrumb\":{\"@id\":\"https:\/\/chemitool.com\/es\/products\/cutting\/hojas-rollos-abrasivos-de-mano\/hojas-abrasivas\/hoja-de-lija-de-tela-para-metal-prometal-flex-hd\/#breadcrumb\"},\"inLanguage\":\"es\",\"potentialAction\":[{\"@type\":\"ReadAction\",\"target\":[\"https:\/\/chemitool.com\/es\/products\/cutting\/hojas-rollos-abrasivos-de-mano\/hojas-abrasivas\/hoja-de-lija-de-tela-para-metal-prometal-flex-hd\/\"]}]},{\"@type\":\"BreadcrumbList\",\"@id\":\"https:\/\/chemitool.com\/es\/products\/cutting\/hojas-rollos-abrasivos-de-mano\/hojas-abrasivas\/hoja-de-lija-de-tela-para-metal-prometal-flex-hd\/#breadcrumb\",\"itemListElement\":[{\"@type\":\"ListItem\",\"position\":1,\"name\":\"Home\",\"item\":\"https:\/\/chemitool.com\/es\/\"},{\"@type\":\"ListItem\",\"position\":2,\"name\":\"Productos\",\"item\":\"https:\/\/chemitool.com\/es\/productos\/\"},{\"@type\":\"ListItem\",\"position\":3,\"name\":\"Cutting\",\"item\":\"https:\/\/chemitool.com\/es\/categoria-producto\/cutting\/\"},{\"@type\":\"ListItem\",\"position\":4,\"name\":\"HOJAS, ROLLOS Y ABRASIVOS DE MANO\",\"item\":\"https:\/\/chemitool.com\/es\/categoria-producto\/cutting\/hojas-rollos-abrasivos-de-mano\/\"},{\"@type\":\"ListItem\",\"position\":5,\"name\":\"HOJAS ABRASIVAS\",\"item\":\"https:\/\/chemitool.com\/es\/categoria-producto\/cutting\/hojas-rollos-abrasivos-de-mano\/hojas-abrasivas\/\"},{\"@type\":\"ListItem\",\"position\":6,\"name\":\"HOJA DE LIJA DE TELA PARA METAL PROMETAL FLEX HD\"}]}]}<\/script>\n<!-- \/ Yoast SEO plugin. -->","yoast_head_json":{"title":"HOJA DE LIJA DE TELA PARA METAL PROMETAL FLEX HD &ndash; Chemitool","description":"La Hoja de Lija de Tela par Metal PROMETAL FLEX HD CHEMITOOL est\u00e1 especialmente fabricada con \u00f3xido de aluminio de alta calidad, por lo que ofrece una excelente resistencia al desgarro, al tiempo que mantiene la eficacia de corte en una amplia variedad de materiales, como metal, maderas resinosas, maderas duras y fibra de vidrio.","robots":{"index":"index","follow":"follow","max-snippet":"max-snippet:-1","max-image-preview":"max-image-preview:large","max-video-preview":"max-video-preview:-1"},"canonical":"https:\/\/chemitool.com\/es\/products\/cutting\/hojas-rollos-abrasivos-de-mano\/hojas-abrasivas\/hoja-de-lija-de-tela-para-metal-prometal-flex-hd\/","og_locale":"es_ES","og_type":"article","og_title":"HOJA DE LIJA DE TELA PARA METAL PROMETAL FLEX HD &ndash; Chemitool","og_description":"La Hoja de Lija de Tela par Metal PROMETAL FLEX HD CHEMITOOL est\u00e1 especialmente fabricada con \u00f3xido de aluminio de alta calidad, por lo que ofrece una excelente resistencia al desgarro, al tiempo que mantiene la eficacia de corte en una amplia variedad de materiales, como metal, maderas resinosas, maderas duras y fibra de vidrio.","og_url":"https:\/\/chemitool.com\/es\/products\/cutting\/hojas-rollos-abrasivos-de-mano\/hojas-abrasivas\/hoja-de-lija-de-tela-para-metal-prometal-flex-hd\/","og_site_name":"Chemitool","article_publisher":"https:\/\/www.facebook.com\/chemitool","article_modified_time":"2025-01-13T10:00:30+00:00","og_image":[{"width":800,"height":800,"url":"https:\/\/chemitool.com\/wp-content\/uploads\/2025\/01\/PROMETAL-FLEX-HD_1.png","type":"image\/png"}],"twitter_card":"summary_large_image","schema":{"@context":"https:\/\/schema.org","@graph":[{"@type":"Organization","@id":"https:\/\/chemitool.com\/#organization","name":"Chemitool","url":"https:\/\/chemitool.com\/","sameAs":["https:\/\/www.facebook.com\/chemitool","https:\/\/www.instagram.com\/chemitool\/"],"logo":{"@type":"ImageObject","@id":"https:\/\/chemitool.com\/#logo","inLanguage":"es","url":"https:\/\/chemitool.com\/wp-content\/uploads\/2020\/10\/logo_chemitool.png","contentUrl":"https:\/\/chemitool.com\/wp-content\/uploads\/2020\/10\/logo_chemitool.png","width":400,"height":400,"caption":"Chemitool"},"image":{"@id":"https:\/\/chemitool.com\/#logo"}},{"@type":"WebSite","@id":"https:\/\/chemitool.com\/#website","url":"https:\/\/chemitool.com\/","name":"Chemitool","description":"Chemitool - hardware and tools","publisher":{"@id":"https:\/\/chemitool.com\/#organization"},"potentialAction":[{"@type":"SearchAction","target":{"@type":"EntryPoint","urlTemplate":"https:\/\/chemitool.com\/?s={search_term_string}"},"query-input":"required name=search_term_string"}],"inLanguage":"es"},{"@type":"ImageObject","@id":"https:\/\/chemitool.com\/es\/products\/cutting\/hojas-rollos-abrasivos-de-mano\/hojas-abrasivas\/hoja-de-lija-de-tela-para-metal-prometal-flex-hd\/#primaryimage","inLanguage":"es","url":"https:\/\/chemitool.com\/wp-content\/uploads\/2025\/01\/PROMETAL-FLEX-HD_1.png","contentUrl":"https:\/\/chemitool.com\/wp-content\/uploads\/2025\/01\/PROMETAL-FLEX-HD_1.png","width":800,"height":800},{"@type":"WebPage","@id":"https:\/\/chemitool.com\/es\/products\/cutting\/hojas-rollos-abrasivos-de-mano\/hojas-abrasivas\/hoja-de-lija-de-tela-para-metal-prometal-flex-hd\/#webpage","url":"https:\/\/chemitool.com\/es\/products\/cutting\/hojas-rollos-abrasivos-de-mano\/hojas-abrasivas\/hoja-de-lija-de-tela-para-metal-prometal-flex-hd\/","name":"HOJA DE LIJA DE TELA PARA METAL PROMETAL FLEX HD &ndash; Chemitool","isPartOf":{"@id":"https:\/\/chemitool.com\/#website"},"primaryImageOfPage":{"@id":"https:\/\/chemitool.com\/es\/products\/cutting\/hojas-rollos-abrasivos-de-mano\/hojas-abrasivas\/hoja-de-lija-de-tela-para-metal-prometal-flex-hd\/#primaryimage"},"datePublished":"2024-09-13T16:56:52+00:00","dateModified":"2025-01-13T10:00:30+00:00","description":"La Hoja de Lija de Tela par Metal PROMETAL FLEX HD CHEMITOOL est\u00e1 especialmente fabricada con \u00f3xido de aluminio de alta calidad, por lo que ofrece una excelente resistencia al desgarro, al tiempo que mantiene la eficacia de corte en una amplia variedad de materiales, como metal, maderas resinosas, maderas duras y fibra de vidrio.","breadcrumb":{"@id":"https:\/\/chemitool.com\/es\/products\/cutting\/hojas-rollos-abrasivos-de-mano\/hojas-abrasivas\/hoja-de-lija-de-tela-para-metal-prometal-flex-hd\/#breadcrumb"},"inLanguage":"es","potentialAction":[{"@type":"ReadAction","target":["https:\/\/chemitool.com\/es\/products\/cutting\/hojas-rollos-abrasivos-de-mano\/hojas-abrasivas\/hoja-de-lija-de-tela-para-metal-prometal-flex-hd\/"]}]},{"@type":"BreadcrumbList","@id":"https:\/\/chemitool.com\/es\/products\/cutting\/hojas-rollos-abrasivos-de-mano\/hojas-abrasivas\/hoja-de-lija-de-tela-para-metal-prometal-flex-hd\/#breadcrumb","itemListElement":[{"@type":"ListItem","position":1,"name":"Home","item":"https:\/\/chemitool.com\/es\/"},{"@type":"ListItem","position":2,"name":"Productos","item":"https:\/\/chemitool.com\/es\/productos\/"},{"@type":"ListItem","position":3,"name":"Cutting","item":"https:\/\/chemitool.com\/es\/categoria-producto\/cutting\/"},{"@type":"ListItem","position":4,"name":"HOJAS, ROLLOS Y ABRASIVOS DE MANO","item":"https:\/\/chemitool.com\/es\/categoria-producto\/cutting\/hojas-rollos-abrasivos-de-mano\/"},{"@type":"ListItem","position":5,"name":"HOJAS ABRASIVAS","item":"https:\/\/chemitool.com\/es\/categoria-producto\/cutting\/hojas-rollos-abrasivos-de-mano\/hojas-abrasivas\/"},{"@type":"ListItem","position":6,"name":"HOJA DE LIJA DE TELA PARA METAL PROMETAL FLEX HD"}]}]}},"_links":{"self":[{"href":"https:\/\/chemitool.com\/es\/wp-json\/wp\/v2\/product\/39137"}],"collection":[{"href":"https:\/\/chemitool.com\/es\/wp-json\/wp\/v2\/product"}],"about":[{"href":"https:\/\/chemitool.com\/es\/wp-json\/wp\/v2\/types\/product"}],"wp:featuredmedia":[{"embeddable":true,"href":"https:\/\/chemitool.com\/es\/wp-json\/wp\/v2\/media\/40809"}],"wp:attachment":[{"href":"https:\/\/chemitool.com\/es\/wp-json\/wp\/v2\/media?parent=39137"}],"wp:term":[{"taxonomy":"product_cat","embeddable":true,"href":"https:\/\/chemitool.com\/es\/wp-json\/wp\/v2\/product_cat?post=39137"},{"taxonomy":"product_tag","embeddable":true,"href":"https:\/\/chemitool.com\/es\/wp-json\/wp\/v2\/product_tag?post=39137"}],"curies":[{"name":"wp","href":"https:\/\/api.w.org\/{rel}","templated":true}]}}