{"id":39088,"date":"2024-09-13T15:39:29","date_gmt":"2024-09-13T15:39:31","guid":{"rendered":"https:\/\/chemitool.com\/?post_type=product&#038;p=39088"},"modified":"2025-01-13T09:51:36","modified_gmt":"2025-01-13T09:51:36","slug":"hoja-de-lija-para-madera-prowood","status":"publish","type":"product","link":"https:\/\/chemitool.com\/es\/products\/cutting\/hojas-rollos-abrasivos-de-mano\/hojas-abrasivas\/hoja-de-lija-para-madera-prowood\/","title":{"rendered":"HOJA DE LIJA PARA MADERA PROWOOD"},"content":{"rendered":"<p><strong>VENTAJAS<\/strong><\/p>\n<ul>\n<li>Gran relaci\u00f3n calidad\/valor<\/li>\n<li>F\u00e1cil de usar<\/li>\n<li>Formato 230x280mm<\/li>\n<li>Acabado uniforme<\/li>\n<li>Uso general en madera y productos de madera<\/li>\n<li>Resistente al desgarro<\/li>\n<\/ul>\n<p>La hoja de lija CHEMITOOL para madera de formato plano, con soporte de papel B resistente, puede utilizarse sobre una amplia gama de sustratos, como madera, compuestos de madera, revestimientos e incluso placas de yeso.<\/p>\n<p>Este tipo de hojas de lija permiten lijados m\u00e1s agresivos, as\u00ed como en lijados de preparaci\u00f3n\/pasos.<\/p>\n","protected":false},"excerpt":{"rendered":"<p>La<em> Hoja de Lija para Madera PROWOOD CHEMITOOL<\/em> est\u00e1 especialmente fabricada a partir de \u00f3xido de aluminio de buena calidad, con el fin de obtener un rendimiento superior en aplicaciones de madera y muebles.<\/p>\n","protected":false},"featured_media":40789,"template":"","meta":[],"product_cat":[5275,1426,4944],"product_tag":[],"yoast_head":"<!-- This site is optimized with the Yoast SEO plugin v17.4 - https:\/\/yoast.com\/wordpress\/plugins\/seo\/ -->\n<title>HOJA DE LIJA PARA MADERA PROWOOD &ndash; Chemitool<\/title>\n<meta name=\"description\" content=\"La Hoja de Lija para Madera PROWOOD CHEMITOOL est\u00e1 especialmente fabricada a partir de \u00f3xido de aluminio de buena calidad, con el fin de obtener un rendimiento superior en aplicaciones de madera y muebles.\" \/>\n<meta name=\"robots\" content=\"index, follow, max-snippet:-1, max-image-preview:large, max-video-preview:-1\" \/>\n<link rel=\"canonical\" href=\"https:\/\/chemitool.com\/es\/products\/cutting\/hojas-rollos-abrasivos-de-mano\/hojas-abrasivas\/hoja-de-lija-para-madera-prowood\/\" \/>\n<meta property=\"og:locale\" content=\"es_ES\" \/>\n<meta property=\"og:type\" content=\"article\" \/>\n<meta property=\"og:title\" content=\"HOJA DE LIJA PARA MADERA PROWOOD &ndash; Chemitool\" \/>\n<meta property=\"og:description\" content=\"La Hoja de Lija para Madera PROWOOD CHEMITOOL est\u00e1 especialmente fabricada a partir de \u00f3xido de aluminio de buena calidad, con el fin de obtener un rendimiento superior en aplicaciones de madera y muebles.\" \/>\n<meta property=\"og:url\" content=\"https:\/\/chemitool.com\/es\/products\/cutting\/hojas-rollos-abrasivos-de-mano\/hojas-abrasivas\/hoja-de-lija-para-madera-prowood\/\" \/>\n<meta property=\"og:site_name\" content=\"Chemitool\" \/>\n<meta property=\"article:publisher\" content=\"https:\/\/www.facebook.com\/chemitool\" \/>\n<meta property=\"article:modified_time\" content=\"2025-01-13T09:51:36+00:00\" \/>\n<meta property=\"og:image\" content=\"https:\/\/chemitool.com\/wp-content\/uploads\/2025\/01\/PROWOOD_1.png\" \/>\n\t<meta property=\"og:image:width\" content=\"800\" \/>\n\t<meta property=\"og:image:height\" content=\"800\" \/>\n<meta name=\"twitter:card\" content=\"summary_large_image\" \/>\n<script type=\"application\/ld+json\" class=\"yoast-schema-graph\">{\"@context\":\"https:\/\/schema.org\",\"@graph\":[{\"@type\":\"Organization\",\"@id\":\"https:\/\/chemitool.com\/#organization\",\"name\":\"Chemitool\",\"url\":\"https:\/\/chemitool.com\/\",\"sameAs\":[\"https:\/\/www.facebook.com\/chemitool\",\"https:\/\/www.instagram.com\/chemitool\/\"],\"logo\":{\"@type\":\"ImageObject\",\"@id\":\"https:\/\/chemitool.com\/#logo\",\"inLanguage\":\"es\",\"url\":\"https:\/\/chemitool.com\/wp-content\/uploads\/2020\/10\/logo_chemitool.png\",\"contentUrl\":\"https:\/\/chemitool.com\/wp-content\/uploads\/2020\/10\/logo_chemitool.png\",\"width\":400,\"height\":400,\"caption\":\"Chemitool\"},\"image\":{\"@id\":\"https:\/\/chemitool.com\/#logo\"}},{\"@type\":\"WebSite\",\"@id\":\"https:\/\/chemitool.com\/#website\",\"url\":\"https:\/\/chemitool.com\/\",\"name\":\"Chemitool\",\"description\":\"Chemitool - hardware and tools\",\"publisher\":{\"@id\":\"https:\/\/chemitool.com\/#organization\"},\"potentialAction\":[{\"@type\":\"SearchAction\",\"target\":{\"@type\":\"EntryPoint\",\"urlTemplate\":\"https:\/\/chemitool.com\/?s={search_term_string}\"},\"query-input\":\"required name=search_term_string\"}],\"inLanguage\":\"es\"},{\"@type\":\"ImageObject\",\"@id\":\"https:\/\/chemitool.com\/es\/products\/cutting\/hojas-rollos-abrasivos-de-mano\/hojas-abrasivas\/hoja-de-lija-para-madera-prowood\/#primaryimage\",\"inLanguage\":\"es\",\"url\":\"https:\/\/chemitool.com\/wp-content\/uploads\/2025\/01\/PROWOOD_1.png\",\"contentUrl\":\"https:\/\/chemitool.com\/wp-content\/uploads\/2025\/01\/PROWOOD_1.png\",\"width\":800,\"height\":800},{\"@type\":\"WebPage\",\"@id\":\"https:\/\/chemitool.com\/es\/products\/cutting\/hojas-rollos-abrasivos-de-mano\/hojas-abrasivas\/hoja-de-lija-para-madera-prowood\/#webpage\",\"url\":\"https:\/\/chemitool.com\/es\/products\/cutting\/hojas-rollos-abrasivos-de-mano\/hojas-abrasivas\/hoja-de-lija-para-madera-prowood\/\",\"name\":\"HOJA DE LIJA PARA MADERA PROWOOD &ndash; Chemitool\",\"isPartOf\":{\"@id\":\"https:\/\/chemitool.com\/#website\"},\"primaryImageOfPage\":{\"@id\":\"https:\/\/chemitool.com\/es\/products\/cutting\/hojas-rollos-abrasivos-de-mano\/hojas-abrasivas\/hoja-de-lija-para-madera-prowood\/#primaryimage\"},\"datePublished\":\"2024-09-13T15:39:31+00:00\",\"dateModified\":\"2025-01-13T09:51:36+00:00\",\"description\":\"La Hoja de Lija para Madera PROWOOD CHEMITOOL est\\u00e1 especialmente fabricada a partir de \\u00f3xido de aluminio de buena calidad, con el fin de obtener un rendimiento superior en aplicaciones de madera y muebles.\",\"breadcrumb\":{\"@id\":\"https:\/\/chemitool.com\/es\/products\/cutting\/hojas-rollos-abrasivos-de-mano\/hojas-abrasivas\/hoja-de-lija-para-madera-prowood\/#breadcrumb\"},\"inLanguage\":\"es\",\"potentialAction\":[{\"@type\":\"ReadAction\",\"target\":[\"https:\/\/chemitool.com\/es\/products\/cutting\/hojas-rollos-abrasivos-de-mano\/hojas-abrasivas\/hoja-de-lija-para-madera-prowood\/\"]}]},{\"@type\":\"BreadcrumbList\",\"@id\":\"https:\/\/chemitool.com\/es\/products\/cutting\/hojas-rollos-abrasivos-de-mano\/hojas-abrasivas\/hoja-de-lija-para-madera-prowood\/#breadcrumb\",\"itemListElement\":[{\"@type\":\"ListItem\",\"position\":1,\"name\":\"Home\",\"item\":\"https:\/\/chemitool.com\/es\/\"},{\"@type\":\"ListItem\",\"position\":2,\"name\":\"Productos\",\"item\":\"https:\/\/chemitool.com\/es\/productos\/\"},{\"@type\":\"ListItem\",\"position\":3,\"name\":\"Cutting\",\"item\":\"https:\/\/chemitool.com\/es\/categoria-producto\/cutting\/\"},{\"@type\":\"ListItem\",\"position\":4,\"name\":\"HOJAS, ROLLOS Y ABRASIVOS DE MANO\",\"item\":\"https:\/\/chemitool.com\/es\/categoria-producto\/cutting\/hojas-rollos-abrasivos-de-mano\/\"},{\"@type\":\"ListItem\",\"position\":5,\"name\":\"HOJAS ABRASIVAS\",\"item\":\"https:\/\/chemitool.com\/es\/categoria-producto\/cutting\/hojas-rollos-abrasivos-de-mano\/hojas-abrasivas\/\"},{\"@type\":\"ListItem\",\"position\":6,\"name\":\"HOJA DE LIJA PARA MADERA PROWOOD\"}]}]}<\/script>\n<!-- \/ Yoast SEO plugin. -->","yoast_head_json":{"title":"HOJA DE LIJA PARA MADERA PROWOOD &ndash; Chemitool","description":"La Hoja de Lija para Madera PROWOOD CHEMITOOL est\u00e1 especialmente fabricada a partir de \u00f3xido de aluminio de buena calidad, con el fin de obtener un rendimiento superior en aplicaciones de madera y muebles.","robots":{"index":"index","follow":"follow","max-snippet":"max-snippet:-1","max-image-preview":"max-image-preview:large","max-video-preview":"max-video-preview:-1"},"canonical":"https:\/\/chemitool.com\/es\/products\/cutting\/hojas-rollos-abrasivos-de-mano\/hojas-abrasivas\/hoja-de-lija-para-madera-prowood\/","og_locale":"es_ES","og_type":"article","og_title":"HOJA DE LIJA PARA MADERA PROWOOD &ndash; Chemitool","og_description":"La Hoja de Lija para Madera PROWOOD CHEMITOOL est\u00e1 especialmente fabricada a partir de \u00f3xido de aluminio de buena calidad, con el fin de obtener un rendimiento superior en aplicaciones de madera y muebles.","og_url":"https:\/\/chemitool.com\/es\/products\/cutting\/hojas-rollos-abrasivos-de-mano\/hojas-abrasivas\/hoja-de-lija-para-madera-prowood\/","og_site_name":"Chemitool","article_publisher":"https:\/\/www.facebook.com\/chemitool","article_modified_time":"2025-01-13T09:51:36+00:00","og_image":[{"width":800,"height":800,"url":"https:\/\/chemitool.com\/wp-content\/uploads\/2025\/01\/PROWOOD_1.png","type":"image\/png"}],"twitter_card":"summary_large_image","schema":{"@context":"https:\/\/schema.org","@graph":[{"@type":"Organization","@id":"https:\/\/chemitool.com\/#organization","name":"Chemitool","url":"https:\/\/chemitool.com\/","sameAs":["https:\/\/www.facebook.com\/chemitool","https:\/\/www.instagram.com\/chemitool\/"],"logo":{"@type":"ImageObject","@id":"https:\/\/chemitool.com\/#logo","inLanguage":"es","url":"https:\/\/chemitool.com\/wp-content\/uploads\/2020\/10\/logo_chemitool.png","contentUrl":"https:\/\/chemitool.com\/wp-content\/uploads\/2020\/10\/logo_chemitool.png","width":400,"height":400,"caption":"Chemitool"},"image":{"@id":"https:\/\/chemitool.com\/#logo"}},{"@type":"WebSite","@id":"https:\/\/chemitool.com\/#website","url":"https:\/\/chemitool.com\/","name":"Chemitool","description":"Chemitool - hardware and tools","publisher":{"@id":"https:\/\/chemitool.com\/#organization"},"potentialAction":[{"@type":"SearchAction","target":{"@type":"EntryPoint","urlTemplate":"https:\/\/chemitool.com\/?s={search_term_string}"},"query-input":"required name=search_term_string"}],"inLanguage":"es"},{"@type":"ImageObject","@id":"https:\/\/chemitool.com\/es\/products\/cutting\/hojas-rollos-abrasivos-de-mano\/hojas-abrasivas\/hoja-de-lija-para-madera-prowood\/#primaryimage","inLanguage":"es","url":"https:\/\/chemitool.com\/wp-content\/uploads\/2025\/01\/PROWOOD_1.png","contentUrl":"https:\/\/chemitool.com\/wp-content\/uploads\/2025\/01\/PROWOOD_1.png","width":800,"height":800},{"@type":"WebPage","@id":"https:\/\/chemitool.com\/es\/products\/cutting\/hojas-rollos-abrasivos-de-mano\/hojas-abrasivas\/hoja-de-lija-para-madera-prowood\/#webpage","url":"https:\/\/chemitool.com\/es\/products\/cutting\/hojas-rollos-abrasivos-de-mano\/hojas-abrasivas\/hoja-de-lija-para-madera-prowood\/","name":"HOJA DE LIJA PARA MADERA PROWOOD &ndash; Chemitool","isPartOf":{"@id":"https:\/\/chemitool.com\/#website"},"primaryImageOfPage":{"@id":"https:\/\/chemitool.com\/es\/products\/cutting\/hojas-rollos-abrasivos-de-mano\/hojas-abrasivas\/hoja-de-lija-para-madera-prowood\/#primaryimage"},"datePublished":"2024-09-13T15:39:31+00:00","dateModified":"2025-01-13T09:51:36+00:00","description":"La Hoja de Lija para Madera PROWOOD CHEMITOOL est\u00e1 especialmente fabricada a partir de \u00f3xido de aluminio de buena calidad, con el fin de obtener un rendimiento superior en aplicaciones de madera y muebles.","breadcrumb":{"@id":"https:\/\/chemitool.com\/es\/products\/cutting\/hojas-rollos-abrasivos-de-mano\/hojas-abrasivas\/hoja-de-lija-para-madera-prowood\/#breadcrumb"},"inLanguage":"es","potentialAction":[{"@type":"ReadAction","target":["https:\/\/chemitool.com\/es\/products\/cutting\/hojas-rollos-abrasivos-de-mano\/hojas-abrasivas\/hoja-de-lija-para-madera-prowood\/"]}]},{"@type":"BreadcrumbList","@id":"https:\/\/chemitool.com\/es\/products\/cutting\/hojas-rollos-abrasivos-de-mano\/hojas-abrasivas\/hoja-de-lija-para-madera-prowood\/#breadcrumb","itemListElement":[{"@type":"ListItem","position":1,"name":"Home","item":"https:\/\/chemitool.com\/es\/"},{"@type":"ListItem","position":2,"name":"Productos","item":"https:\/\/chemitool.com\/es\/productos\/"},{"@type":"ListItem","position":3,"name":"Cutting","item":"https:\/\/chemitool.com\/es\/categoria-producto\/cutting\/"},{"@type":"ListItem","position":4,"name":"HOJAS, ROLLOS Y ABRASIVOS DE MANO","item":"https:\/\/chemitool.com\/es\/categoria-producto\/cutting\/hojas-rollos-abrasivos-de-mano\/"},{"@type":"ListItem","position":5,"name":"HOJAS ABRASIVAS","item":"https:\/\/chemitool.com\/es\/categoria-producto\/cutting\/hojas-rollos-abrasivos-de-mano\/hojas-abrasivas\/"},{"@type":"ListItem","position":6,"name":"HOJA DE LIJA PARA MADERA PROWOOD"}]}]}},"_links":{"self":[{"href":"https:\/\/chemitool.com\/es\/wp-json\/wp\/v2\/product\/39088"}],"collection":[{"href":"https:\/\/chemitool.com\/es\/wp-json\/wp\/v2\/product"}],"about":[{"href":"https:\/\/chemitool.com\/es\/wp-json\/wp\/v2\/types\/product"}],"wp:featuredmedia":[{"embeddable":true,"href":"https:\/\/chemitool.com\/es\/wp-json\/wp\/v2\/media\/40789"}],"wp:attachment":[{"href":"https:\/\/chemitool.com\/es\/wp-json\/wp\/v2\/media?parent=39088"}],"wp:term":[{"taxonomy":"product_cat","embeddable":true,"href":"https:\/\/chemitool.com\/es\/wp-json\/wp\/v2\/product_cat?post=39088"},{"taxonomy":"product_tag","embeddable":true,"href":"https:\/\/chemitool.com\/es\/wp-json\/wp\/v2\/product_tag?post=39088"}],"curies":[{"name":"wp","href":"https:\/\/api.w.org\/{rel}","templated":true}]}}