{"id":39072,"date":"2024-09-13T14:32:11","date_gmt":"2024-09-13T14:32:13","guid":{"rendered":"https:\/\/chemitool.com\/?post_type=product&#038;p=39072"},"modified":"2025-01-13T09:53:56","modified_gmt":"2025-01-13T09:53:56","slug":"hoja-de-lija-al-agua-para-industria-prowet-speed","status":"publish","type":"product","link":"https:\/\/chemitool.com\/es\/products\/cutting\/hojas-rollos-abrasivos-de-mano\/hojas-abrasivas\/hoja-de-lija-al-agua-para-industria-prowet-speed\/","title":{"rendered":"HOJA DE LIJA AL AGUA PARA INDUSTRIA PROWET SPEED"},"content":{"rendered":"<p><strong>VENTAJAS<\/strong><\/p>\n<ul>\n<li>Gran relaci\u00f3n calidad-precio<\/li>\n<li>F\u00e1cil de usar<\/li>\n<li>Formato 230x280mm<\/li>\n<li>Absorbe el agua<\/li>\n<li>Uso general<\/li>\n<li>Resistente al desgarro<\/li>\n<\/ul>\n<p>La hoja de lija al agua para industria CHEMITOOL en formato plano, con soporte de l\u00e1tex impermeable, es adecuada para trabajos que requieren una r\u00e1pida eliminaci\u00f3n de material.<\/p>\n<p>Este tipo de lija permite ser utilizada para un lijado m\u00e1s agresivo hasta el acabado final, lo que la hace ideal para trabajos de preparaci\u00f3n\/etapa.<\/p>\n","protected":false},"excerpt":{"rendered":"<p>La <em>Hoja de Lija al Agua para Industria PROWET SPEED CHEMITOOL <\/em>est\u00e1 especialmente fabricada con \u00f3xido de aluminio de alta calidad, lo que la hace ideal para trabajos de eliminaci\u00f3n r\u00e1pida de material gracias a su alta resistencia al apelmazamiento. Permite un lijado y acabado de rendimiento superior en multilaterales como barnices, fibra de vidrio, materiales compuestos y revestimientos de madera.<\/p>\n","protected":false},"featured_media":40801,"template":"","meta":[],"product_cat":[5275,1426,4944],"product_tag":[],"yoast_head":"<!-- This site is optimized with the Yoast SEO plugin v17.4 - https:\/\/yoast.com\/wordpress\/plugins\/seo\/ -->\n<title>HOJA DE LIJA AL AGUA PARA INDUSTRIA PROWET SPEED &ndash; Chemitool<\/title>\n<meta name=\"description\" content=\"La Hoja de Lija al Agua para Industria PROWET SPEED CHEMITOOL est\u00e1 especialmente fabricada con \u00f3xido de aluminio de alta calidad, lo que la hace ideal para trabajos de eliminaci\u00f3n r\u00e1pida de material gracias a su alta resistencia al apelmazamiento. Permite un lijado y acabado de rendimiento superior en multilaterales como barnices, fibra de vidrio, materiales compuestos y revestimientos de madera.\" \/>\n<meta name=\"robots\" content=\"index, follow, max-snippet:-1, max-image-preview:large, max-video-preview:-1\" \/>\n<link rel=\"canonical\" href=\"https:\/\/chemitool.com\/es\/products\/cutting\/hojas-rollos-abrasivos-de-mano\/hojas-abrasivas\/hoja-de-lija-al-agua-para-industria-prowet-speed\/\" \/>\n<meta property=\"og:locale\" content=\"es_ES\" \/>\n<meta property=\"og:type\" content=\"article\" \/>\n<meta property=\"og:title\" content=\"HOJA DE LIJA AL AGUA PARA INDUSTRIA PROWET SPEED &ndash; Chemitool\" \/>\n<meta property=\"og:description\" content=\"La Hoja de Lija al Agua para Industria PROWET SPEED CHEMITOOL est\u00e1 especialmente fabricada con \u00f3xido de aluminio de alta calidad, lo que la hace ideal para trabajos de eliminaci\u00f3n r\u00e1pida de material gracias a su alta resistencia al apelmazamiento. Permite un lijado y acabado de rendimiento superior en multilaterales como barnices, fibra de vidrio, materiales compuestos y revestimientos de madera.\" \/>\n<meta property=\"og:url\" content=\"https:\/\/chemitool.com\/es\/products\/cutting\/hojas-rollos-abrasivos-de-mano\/hojas-abrasivas\/hoja-de-lija-al-agua-para-industria-prowet-speed\/\" \/>\n<meta property=\"og:site_name\" content=\"Chemitool\" \/>\n<meta property=\"article:publisher\" content=\"https:\/\/www.facebook.com\/chemitool\" \/>\n<meta property=\"article:modified_time\" content=\"2025-01-13T09:53:56+00:00\" \/>\n<meta property=\"og:image\" content=\"https:\/\/chemitool.com\/wp-content\/uploads\/2025\/01\/PROWET-SPEED_1.png\" \/>\n\t<meta property=\"og:image:width\" content=\"800\" \/>\n\t<meta property=\"og:image:height\" content=\"800\" \/>\n<meta name=\"twitter:card\" content=\"summary_large_image\" \/>\n<script type=\"application\/ld+json\" class=\"yoast-schema-graph\">{\"@context\":\"https:\/\/schema.org\",\"@graph\":[{\"@type\":\"Organization\",\"@id\":\"https:\/\/chemitool.com\/#organization\",\"name\":\"Chemitool\",\"url\":\"https:\/\/chemitool.com\/\",\"sameAs\":[\"https:\/\/www.facebook.com\/chemitool\",\"https:\/\/www.instagram.com\/chemitool\/\"],\"logo\":{\"@type\":\"ImageObject\",\"@id\":\"https:\/\/chemitool.com\/#logo\",\"inLanguage\":\"es\",\"url\":\"https:\/\/chemitool.com\/wp-content\/uploads\/2020\/10\/logo_chemitool.png\",\"contentUrl\":\"https:\/\/chemitool.com\/wp-content\/uploads\/2020\/10\/logo_chemitool.png\",\"width\":400,\"height\":400,\"caption\":\"Chemitool\"},\"image\":{\"@id\":\"https:\/\/chemitool.com\/#logo\"}},{\"@type\":\"WebSite\",\"@id\":\"https:\/\/chemitool.com\/#website\",\"url\":\"https:\/\/chemitool.com\/\",\"name\":\"Chemitool\",\"description\":\"Chemitool - hardware and tools\",\"publisher\":{\"@id\":\"https:\/\/chemitool.com\/#organization\"},\"potentialAction\":[{\"@type\":\"SearchAction\",\"target\":{\"@type\":\"EntryPoint\",\"urlTemplate\":\"https:\/\/chemitool.com\/?s={search_term_string}\"},\"query-input\":\"required name=search_term_string\"}],\"inLanguage\":\"es\"},{\"@type\":\"ImageObject\",\"@id\":\"https:\/\/chemitool.com\/es\/products\/cutting\/hojas-rollos-abrasivos-de-mano\/hojas-abrasivas\/hoja-de-lija-al-agua-para-industria-prowet-speed\/#primaryimage\",\"inLanguage\":\"es\",\"url\":\"https:\/\/chemitool.com\/wp-content\/uploads\/2025\/01\/PROWET-SPEED_1.png\",\"contentUrl\":\"https:\/\/chemitool.com\/wp-content\/uploads\/2025\/01\/PROWET-SPEED_1.png\",\"width\":800,\"height\":800},{\"@type\":\"WebPage\",\"@id\":\"https:\/\/chemitool.com\/es\/products\/cutting\/hojas-rollos-abrasivos-de-mano\/hojas-abrasivas\/hoja-de-lija-al-agua-para-industria-prowet-speed\/#webpage\",\"url\":\"https:\/\/chemitool.com\/es\/products\/cutting\/hojas-rollos-abrasivos-de-mano\/hojas-abrasivas\/hoja-de-lija-al-agua-para-industria-prowet-speed\/\",\"name\":\"HOJA DE LIJA AL AGUA PARA INDUSTRIA PROWET SPEED &ndash; Chemitool\",\"isPartOf\":{\"@id\":\"https:\/\/chemitool.com\/#website\"},\"primaryImageOfPage\":{\"@id\":\"https:\/\/chemitool.com\/es\/products\/cutting\/hojas-rollos-abrasivos-de-mano\/hojas-abrasivas\/hoja-de-lija-al-agua-para-industria-prowet-speed\/#primaryimage\"},\"datePublished\":\"2024-09-13T14:32:13+00:00\",\"dateModified\":\"2025-01-13T09:53:56+00:00\",\"description\":\"La Hoja de Lija al Agua para Industria PROWET SPEED CHEMITOOL est\\u00e1 especialmente fabricada con \\u00f3xido de aluminio de alta calidad, lo que la hace ideal para trabajos de eliminaci\\u00f3n r\\u00e1pida de material gracias a su alta resistencia al apelmazamiento. Permite un lijado y acabado de rendimiento superior en multilaterales como barnices, fibra de vidrio, materiales compuestos y revestimientos de madera.\",\"breadcrumb\":{\"@id\":\"https:\/\/chemitool.com\/es\/products\/cutting\/hojas-rollos-abrasivos-de-mano\/hojas-abrasivas\/hoja-de-lija-al-agua-para-industria-prowet-speed\/#breadcrumb\"},\"inLanguage\":\"es\",\"potentialAction\":[{\"@type\":\"ReadAction\",\"target\":[\"https:\/\/chemitool.com\/es\/products\/cutting\/hojas-rollos-abrasivos-de-mano\/hojas-abrasivas\/hoja-de-lija-al-agua-para-industria-prowet-speed\/\"]}]},{\"@type\":\"BreadcrumbList\",\"@id\":\"https:\/\/chemitool.com\/es\/products\/cutting\/hojas-rollos-abrasivos-de-mano\/hojas-abrasivas\/hoja-de-lija-al-agua-para-industria-prowet-speed\/#breadcrumb\",\"itemListElement\":[{\"@type\":\"ListItem\",\"position\":1,\"name\":\"Home\",\"item\":\"https:\/\/chemitool.com\/es\/\"},{\"@type\":\"ListItem\",\"position\":2,\"name\":\"Productos\",\"item\":\"https:\/\/chemitool.com\/es\/productos\/\"},{\"@type\":\"ListItem\",\"position\":3,\"name\":\"Cutting\",\"item\":\"https:\/\/chemitool.com\/es\/categoria-producto\/cutting\/\"},{\"@type\":\"ListItem\",\"position\":4,\"name\":\"HOJAS, ROLLOS Y ABRASIVOS DE MANO\",\"item\":\"https:\/\/chemitool.com\/es\/categoria-producto\/cutting\/hojas-rollos-abrasivos-de-mano\/\"},{\"@type\":\"ListItem\",\"position\":5,\"name\":\"HOJAS ABRASIVAS\",\"item\":\"https:\/\/chemitool.com\/es\/categoria-producto\/cutting\/hojas-rollos-abrasivos-de-mano\/hojas-abrasivas\/\"},{\"@type\":\"ListItem\",\"position\":6,\"name\":\"HOJA DE LIJA AL AGUA PARA INDUSTRIA PROWET SPEED\"}]}]}<\/script>\n<!-- \/ Yoast SEO plugin. -->","yoast_head_json":{"title":"HOJA DE LIJA AL AGUA PARA INDUSTRIA PROWET SPEED &ndash; Chemitool","description":"La Hoja de Lija al Agua para Industria PROWET SPEED CHEMITOOL est\u00e1 especialmente fabricada con \u00f3xido de aluminio de alta calidad, lo que la hace ideal para trabajos de eliminaci\u00f3n r\u00e1pida de material gracias a su alta resistencia al apelmazamiento. Permite un lijado y acabado de rendimiento superior en multilaterales como barnices, fibra de vidrio, materiales compuestos y revestimientos de madera.","robots":{"index":"index","follow":"follow","max-snippet":"max-snippet:-1","max-image-preview":"max-image-preview:large","max-video-preview":"max-video-preview:-1"},"canonical":"https:\/\/chemitool.com\/es\/products\/cutting\/hojas-rollos-abrasivos-de-mano\/hojas-abrasivas\/hoja-de-lija-al-agua-para-industria-prowet-speed\/","og_locale":"es_ES","og_type":"article","og_title":"HOJA DE LIJA AL AGUA PARA INDUSTRIA PROWET SPEED &ndash; Chemitool","og_description":"La Hoja de Lija al Agua para Industria PROWET SPEED CHEMITOOL est\u00e1 especialmente fabricada con \u00f3xido de aluminio de alta calidad, lo que la hace ideal para trabajos de eliminaci\u00f3n r\u00e1pida de material gracias a su alta resistencia al apelmazamiento. Permite un lijado y acabado de rendimiento superior en multilaterales como barnices, fibra de vidrio, materiales compuestos y revestimientos de madera.","og_url":"https:\/\/chemitool.com\/es\/products\/cutting\/hojas-rollos-abrasivos-de-mano\/hojas-abrasivas\/hoja-de-lija-al-agua-para-industria-prowet-speed\/","og_site_name":"Chemitool","article_publisher":"https:\/\/www.facebook.com\/chemitool","article_modified_time":"2025-01-13T09:53:56+00:00","og_image":[{"width":800,"height":800,"url":"https:\/\/chemitool.com\/wp-content\/uploads\/2025\/01\/PROWET-SPEED_1.png","type":"image\/png"}],"twitter_card":"summary_large_image","schema":{"@context":"https:\/\/schema.org","@graph":[{"@type":"Organization","@id":"https:\/\/chemitool.com\/#organization","name":"Chemitool","url":"https:\/\/chemitool.com\/","sameAs":["https:\/\/www.facebook.com\/chemitool","https:\/\/www.instagram.com\/chemitool\/"],"logo":{"@type":"ImageObject","@id":"https:\/\/chemitool.com\/#logo","inLanguage":"es","url":"https:\/\/chemitool.com\/wp-content\/uploads\/2020\/10\/logo_chemitool.png","contentUrl":"https:\/\/chemitool.com\/wp-content\/uploads\/2020\/10\/logo_chemitool.png","width":400,"height":400,"caption":"Chemitool"},"image":{"@id":"https:\/\/chemitool.com\/#logo"}},{"@type":"WebSite","@id":"https:\/\/chemitool.com\/#website","url":"https:\/\/chemitool.com\/","name":"Chemitool","description":"Chemitool - hardware and tools","publisher":{"@id":"https:\/\/chemitool.com\/#organization"},"potentialAction":[{"@type":"SearchAction","target":{"@type":"EntryPoint","urlTemplate":"https:\/\/chemitool.com\/?s={search_term_string}"},"query-input":"required name=search_term_string"}],"inLanguage":"es"},{"@type":"ImageObject","@id":"https:\/\/chemitool.com\/es\/products\/cutting\/hojas-rollos-abrasivos-de-mano\/hojas-abrasivas\/hoja-de-lija-al-agua-para-industria-prowet-speed\/#primaryimage","inLanguage":"es","url":"https:\/\/chemitool.com\/wp-content\/uploads\/2025\/01\/PROWET-SPEED_1.png","contentUrl":"https:\/\/chemitool.com\/wp-content\/uploads\/2025\/01\/PROWET-SPEED_1.png","width":800,"height":800},{"@type":"WebPage","@id":"https:\/\/chemitool.com\/es\/products\/cutting\/hojas-rollos-abrasivos-de-mano\/hojas-abrasivas\/hoja-de-lija-al-agua-para-industria-prowet-speed\/#webpage","url":"https:\/\/chemitool.com\/es\/products\/cutting\/hojas-rollos-abrasivos-de-mano\/hojas-abrasivas\/hoja-de-lija-al-agua-para-industria-prowet-speed\/","name":"HOJA DE LIJA AL AGUA PARA INDUSTRIA PROWET SPEED &ndash; Chemitool","isPartOf":{"@id":"https:\/\/chemitool.com\/#website"},"primaryImageOfPage":{"@id":"https:\/\/chemitool.com\/es\/products\/cutting\/hojas-rollos-abrasivos-de-mano\/hojas-abrasivas\/hoja-de-lija-al-agua-para-industria-prowet-speed\/#primaryimage"},"datePublished":"2024-09-13T14:32:13+00:00","dateModified":"2025-01-13T09:53:56+00:00","description":"La Hoja de Lija al Agua para Industria PROWET SPEED CHEMITOOL est\u00e1 especialmente fabricada con \u00f3xido de aluminio de alta calidad, lo que la hace ideal para trabajos de eliminaci\u00f3n r\u00e1pida de material gracias a su alta resistencia al apelmazamiento. Permite un lijado y acabado de rendimiento superior en multilaterales como barnices, fibra de vidrio, materiales compuestos y revestimientos de madera.","breadcrumb":{"@id":"https:\/\/chemitool.com\/es\/products\/cutting\/hojas-rollos-abrasivos-de-mano\/hojas-abrasivas\/hoja-de-lija-al-agua-para-industria-prowet-speed\/#breadcrumb"},"inLanguage":"es","potentialAction":[{"@type":"ReadAction","target":["https:\/\/chemitool.com\/es\/products\/cutting\/hojas-rollos-abrasivos-de-mano\/hojas-abrasivas\/hoja-de-lija-al-agua-para-industria-prowet-speed\/"]}]},{"@type":"BreadcrumbList","@id":"https:\/\/chemitool.com\/es\/products\/cutting\/hojas-rollos-abrasivos-de-mano\/hojas-abrasivas\/hoja-de-lija-al-agua-para-industria-prowet-speed\/#breadcrumb","itemListElement":[{"@type":"ListItem","position":1,"name":"Home","item":"https:\/\/chemitool.com\/es\/"},{"@type":"ListItem","position":2,"name":"Productos","item":"https:\/\/chemitool.com\/es\/productos\/"},{"@type":"ListItem","position":3,"name":"Cutting","item":"https:\/\/chemitool.com\/es\/categoria-producto\/cutting\/"},{"@type":"ListItem","position":4,"name":"HOJAS, ROLLOS Y ABRASIVOS DE MANO","item":"https:\/\/chemitool.com\/es\/categoria-producto\/cutting\/hojas-rollos-abrasivos-de-mano\/"},{"@type":"ListItem","position":5,"name":"HOJAS ABRASIVAS","item":"https:\/\/chemitool.com\/es\/categoria-producto\/cutting\/hojas-rollos-abrasivos-de-mano\/hojas-abrasivas\/"},{"@type":"ListItem","position":6,"name":"HOJA DE LIJA AL AGUA PARA INDUSTRIA PROWET SPEED"}]}]}},"_links":{"self":[{"href":"https:\/\/chemitool.com\/es\/wp-json\/wp\/v2\/product\/39072"}],"collection":[{"href":"https:\/\/chemitool.com\/es\/wp-json\/wp\/v2\/product"}],"about":[{"href":"https:\/\/chemitool.com\/es\/wp-json\/wp\/v2\/types\/product"}],"wp:featuredmedia":[{"embeddable":true,"href":"https:\/\/chemitool.com\/es\/wp-json\/wp\/v2\/media\/40801"}],"wp:attachment":[{"href":"https:\/\/chemitool.com\/es\/wp-json\/wp\/v2\/media?parent=39072"}],"wp:term":[{"taxonomy":"product_cat","embeddable":true,"href":"https:\/\/chemitool.com\/es\/wp-json\/wp\/v2\/product_cat?post=39072"},{"taxonomy":"product_tag","embeddable":true,"href":"https:\/\/chemitool.com\/es\/wp-json\/wp\/v2\/product_tag?post=39072"}],"curies":[{"name":"wp","href":"https:\/\/api.w.org\/{rel}","templated":true}]}}