{"id":38821,"date":"2024-09-09T16:20:13","date_gmt":"2024-09-09T16:20:13","guid":{"rendered":"https:\/\/chemitool.com\/?post_type=product&#038;p=38821"},"modified":"2025-01-15T18:06:19","modified_gmt":"2025-01-15T18:06:19","slug":"disco-de-malla-autoadhesivo-pronet-ultimate","status":"publish","type":"product","link":"https:\/\/chemitool.com\/es\/products\/cutting\/abrasivos-flexibles\/discos-de-malla-autoadhesivo-pronet-ultimate\/disco-de-malla-autoadhesivo-pronet-ultimate\/","title":{"rendered":"DISCOS DE MALLA AUTOADHESIVO PRONET ULTIMATE"},"content":{"rendered":"<p><strong>VENTAJAS<\/strong><\/p>\n<ul>\n<li>Excelente relaci\u00f3n calidad-precio<\/li>\n<li>F\u00e1cil de usar<\/li>\n<li>Di\u00e1metro de 125 a 225mm<\/li>\n<li>Sistema autoadhesivo<\/li>\n<li>Acabado uniforme<\/li>\n<li>Bajo embozado<\/li>\n<li>Alta durabilidad, hasta 4x m\u00e1s<\/li>\n<\/ul>\n<p><em>Disco de Malla Autoadeshivo PRONET ULTIMATE CHEMITOOL<\/em> se puede utilizar en los m\u00e1s diversos sustratos, como madera, compuestos de madera, revestimientos e incluso cart\u00f3n-yeso. Este disco de lija de alto rendimiento tiene un sistema de filtraci\u00f3n sin agujeros, lo que facilita la aspiraci\u00f3n de toda la lija, haciendo que no se acumulen residuos en la lija y generando as\u00ed un mejor acabado superficial.<\/p>\n<p>Este tipo de disco de lijar de malla permite que sean utilizados para lijados m\u00e1s agresivos, as\u00ed como para lijados de preparaci\u00f3n\/etapa.<\/p>\n","protected":false},"excerpt":{"rendered":"<p>Discos de Malla Autoadeshivos PRONET ULTIMATE CHEMITOOL han sido especialmente desarrollados para proporcionar una extraordinaria trabajabilidad debido a su resistencia a la abrasi\u00f3n, as\u00ed como a su especial composici\u00f3n de \u00f3xido de aluminio y carburo de silicio, aumentando la durabilidad hasta 4 veces en comparaci\u00f3n con un disco de lijado tradicional.<\/p>\n","protected":false},"featured_media":41072,"template":"","meta":[],"product_cat":[5251,1426],"product_tag":[5256,5257],"yoast_head":"<!-- This site is optimized with the Yoast SEO plugin v17.4 - https:\/\/yoast.com\/wordpress\/plugins\/seo\/ -->\n<title>DISCOS DE MALLA AUTOADHESIVO PRONET ULTIMATE &ndash; Chemitool<\/title>\n<meta name=\"description\" content=\"Discos de Malla Autoadeshivos PRONET ULTIMATE CHEMITOOL han sido especialmente desarrollados para proporcionar una extraordinaria trabajabilidad debido a su resistencia a la abrasi\u00f3n, as\u00ed como a su especial composici\u00f3n de \u00f3xido de aluminio y carburo de silicio, aumentando la durabilidad hasta 4 veces en comparaci\u00f3n con un disco de lijado tradicional.\" \/>\n<meta name=\"robots\" content=\"index, follow, max-snippet:-1, max-image-preview:large, max-video-preview:-1\" \/>\n<link rel=\"canonical\" href=\"https:\/\/chemitool.com\/es\/products\/cutting\/abrasivos-flexibles\/discos-de-malla-autoadhesivo-pronet-ultimate\/disco-de-malla-autoadhesivo-pronet-ultimate\/\" \/>\n<meta property=\"og:locale\" content=\"es_ES\" \/>\n<meta property=\"og:type\" content=\"article\" \/>\n<meta property=\"og:title\" content=\"DISCOS DE MALLA AUTOADHESIVO PRONET ULTIMATE &ndash; Chemitool\" \/>\n<meta property=\"og:description\" content=\"Discos de Malla Autoadeshivos PRONET ULTIMATE CHEMITOOL han sido especialmente desarrollados para proporcionar una extraordinaria trabajabilidad debido a su resistencia a la abrasi\u00f3n, as\u00ed como a su especial composici\u00f3n de \u00f3xido de aluminio y carburo de silicio, aumentando la durabilidad hasta 4 veces en comparaci\u00f3n con un disco de lijado tradicional.\" \/>\n<meta property=\"og:url\" content=\"https:\/\/chemitool.com\/es\/products\/cutting\/abrasivos-flexibles\/discos-de-malla-autoadhesivo-pronet-ultimate\/disco-de-malla-autoadhesivo-pronet-ultimate\/\" \/>\n<meta property=\"og:site_name\" content=\"Chemitool\" \/>\n<meta property=\"article:publisher\" content=\"https:\/\/www.facebook.com\/chemitool\" \/>\n<meta property=\"article:modified_time\" content=\"2025-01-15T18:06:19+00:00\" \/>\n<meta property=\"og:image\" content=\"https:\/\/chemitool.com\/wp-content\/uploads\/2025\/01\/PRONET_ULTIMATE_1.png\" \/>\n\t<meta property=\"og:image:width\" content=\"800\" \/>\n\t<meta property=\"og:image:height\" content=\"800\" \/>\n<meta name=\"twitter:card\" content=\"summary_large_image\" \/>\n<meta name=\"twitter:label1\" content=\"Tiempo de lectura\" \/>\n\t<meta name=\"twitter:data1\" content=\"1 minuto\" \/>\n<script type=\"application\/ld+json\" class=\"yoast-schema-graph\">{\"@context\":\"https:\/\/schema.org\",\"@graph\":[{\"@type\":\"Organization\",\"@id\":\"https:\/\/chemitool.com\/#organization\",\"name\":\"Chemitool\",\"url\":\"https:\/\/chemitool.com\/\",\"sameAs\":[\"https:\/\/www.facebook.com\/chemitool\",\"https:\/\/www.instagram.com\/chemitool\/\"],\"logo\":{\"@type\":\"ImageObject\",\"@id\":\"https:\/\/chemitool.com\/#logo\",\"inLanguage\":\"es\",\"url\":\"https:\/\/chemitool.com\/wp-content\/uploads\/2020\/10\/logo_chemitool.png\",\"contentUrl\":\"https:\/\/chemitool.com\/wp-content\/uploads\/2020\/10\/logo_chemitool.png\",\"width\":400,\"height\":400,\"caption\":\"Chemitool\"},\"image\":{\"@id\":\"https:\/\/chemitool.com\/#logo\"}},{\"@type\":\"WebSite\",\"@id\":\"https:\/\/chemitool.com\/#website\",\"url\":\"https:\/\/chemitool.com\/\",\"name\":\"Chemitool\",\"description\":\"Chemitool - hardware and tools\",\"publisher\":{\"@id\":\"https:\/\/chemitool.com\/#organization\"},\"potentialAction\":[{\"@type\":\"SearchAction\",\"target\":{\"@type\":\"EntryPoint\",\"urlTemplate\":\"https:\/\/chemitool.com\/?s={search_term_string}\"},\"query-input\":\"required name=search_term_string\"}],\"inLanguage\":\"es\"},{\"@type\":\"ImageObject\",\"@id\":\"https:\/\/chemitool.com\/es\/products\/cutting\/abrasivos-flexibles\/discos-de-malla-autoadhesivo-pronet-ultimate\/disco-de-malla-autoadhesivo-pronet-ultimate\/#primaryimage\",\"inLanguage\":\"es\",\"url\":\"https:\/\/chemitool.com\/wp-content\/uploads\/2025\/01\/PRONET_ULTIMATE_1.png\",\"contentUrl\":\"https:\/\/chemitool.com\/wp-content\/uploads\/2025\/01\/PRONET_ULTIMATE_1.png\",\"width\":800,\"height\":800},{\"@type\":\"WebPage\",\"@id\":\"https:\/\/chemitool.com\/es\/products\/cutting\/abrasivos-flexibles\/discos-de-malla-autoadhesivo-pronet-ultimate\/disco-de-malla-autoadhesivo-pronet-ultimate\/#webpage\",\"url\":\"https:\/\/chemitool.com\/es\/products\/cutting\/abrasivos-flexibles\/discos-de-malla-autoadhesivo-pronet-ultimate\/disco-de-malla-autoadhesivo-pronet-ultimate\/\",\"name\":\"DISCOS DE MALLA AUTOADHESIVO PRONET ULTIMATE &ndash; Chemitool\",\"isPartOf\":{\"@id\":\"https:\/\/chemitool.com\/#website\"},\"primaryImageOfPage\":{\"@id\":\"https:\/\/chemitool.com\/es\/products\/cutting\/abrasivos-flexibles\/discos-de-malla-autoadhesivo-pronet-ultimate\/disco-de-malla-autoadhesivo-pronet-ultimate\/#primaryimage\"},\"datePublished\":\"2024-09-09T16:20:13+00:00\",\"dateModified\":\"2025-01-15T18:06:19+00:00\",\"description\":\"Discos de Malla Autoadeshivos PRONET ULTIMATE CHEMITOOL han sido especialmente desarrollados para proporcionar una extraordinaria trabajabilidad debido a su resistencia a la abrasi\\u00f3n, as\\u00ed como a su especial composici\\u00f3n de \\u00f3xido de aluminio y carburo de silicio, aumentando la durabilidad hasta 4 veces en comparaci\\u00f3n con un disco de lijado tradicional.\",\"breadcrumb\":{\"@id\":\"https:\/\/chemitool.com\/es\/products\/cutting\/abrasivos-flexibles\/discos-de-malla-autoadhesivo-pronet-ultimate\/disco-de-malla-autoadhesivo-pronet-ultimate\/#breadcrumb\"},\"inLanguage\":\"es\",\"potentialAction\":[{\"@type\":\"ReadAction\",\"target\":[\"https:\/\/chemitool.com\/es\/products\/cutting\/abrasivos-flexibles\/discos-de-malla-autoadhesivo-pronet-ultimate\/disco-de-malla-autoadhesivo-pronet-ultimate\/\"]}]},{\"@type\":\"BreadcrumbList\",\"@id\":\"https:\/\/chemitool.com\/es\/products\/cutting\/abrasivos-flexibles\/discos-de-malla-autoadhesivo-pronet-ultimate\/disco-de-malla-autoadhesivo-pronet-ultimate\/#breadcrumb\",\"itemListElement\":[{\"@type\":\"ListItem\",\"position\":1,\"name\":\"Home\",\"item\":\"https:\/\/chemitool.com\/es\/\"},{\"@type\":\"ListItem\",\"position\":2,\"name\":\"Productos\",\"item\":\"https:\/\/chemitool.com\/es\/productos\/\"},{\"@type\":\"ListItem\",\"position\":3,\"name\":\"Cutting\",\"item\":\"https:\/\/chemitool.com\/es\/categoria-producto\/cutting\/\"},{\"@type\":\"ListItem\",\"position\":4,\"name\":\"Abrasivos Flexibles\",\"item\":\"https:\/\/chemitool.com\/es\/categoria-producto\/cutting\/abrasivos-flexibles\/\"},{\"@type\":\"ListItem\",\"position\":5,\"name\":\"DISCOS DE MALLA AUTOADHESIVO PRONET ULTIMATE\",\"item\":\"https:\/\/chemitool.com\/es\/categoria-producto\/cutting\/abrasivos-flexibles\/discos-de-malla-autoadhesivo-pronet-ultimate\/\"},{\"@type\":\"ListItem\",\"position\":6,\"name\":\"DISCOS DE MALLA AUTOADHESIVO PRONET ULTIMATE\"}]}]}<\/script>\n<!-- \/ Yoast SEO plugin. -->","yoast_head_json":{"title":"DISCOS DE MALLA AUTOADHESIVO PRONET ULTIMATE &ndash; Chemitool","description":"Discos de Malla Autoadeshivos PRONET ULTIMATE CHEMITOOL han sido especialmente desarrollados para proporcionar una extraordinaria trabajabilidad debido a su resistencia a la abrasi\u00f3n, as\u00ed como a su especial composici\u00f3n de \u00f3xido de aluminio y carburo de silicio, aumentando la durabilidad hasta 4 veces en comparaci\u00f3n con un disco de lijado tradicional.","robots":{"index":"index","follow":"follow","max-snippet":"max-snippet:-1","max-image-preview":"max-image-preview:large","max-video-preview":"max-video-preview:-1"},"canonical":"https:\/\/chemitool.com\/es\/products\/cutting\/abrasivos-flexibles\/discos-de-malla-autoadhesivo-pronet-ultimate\/disco-de-malla-autoadhesivo-pronet-ultimate\/","og_locale":"es_ES","og_type":"article","og_title":"DISCOS DE MALLA AUTOADHESIVO PRONET ULTIMATE &ndash; Chemitool","og_description":"Discos de Malla Autoadeshivos PRONET ULTIMATE CHEMITOOL han sido especialmente desarrollados para proporcionar una extraordinaria trabajabilidad debido a su resistencia a la abrasi\u00f3n, as\u00ed como a su especial composici\u00f3n de \u00f3xido de aluminio y carburo de silicio, aumentando la durabilidad hasta 4 veces en comparaci\u00f3n con un disco de lijado tradicional.","og_url":"https:\/\/chemitool.com\/es\/products\/cutting\/abrasivos-flexibles\/discos-de-malla-autoadhesivo-pronet-ultimate\/disco-de-malla-autoadhesivo-pronet-ultimate\/","og_site_name":"Chemitool","article_publisher":"https:\/\/www.facebook.com\/chemitool","article_modified_time":"2025-01-15T18:06:19+00:00","og_image":[{"width":800,"height":800,"url":"https:\/\/chemitool.com\/wp-content\/uploads\/2025\/01\/PRONET_ULTIMATE_1.png","type":"image\/png"}],"twitter_card":"summary_large_image","twitter_misc":{"Tiempo de lectura":"1 minuto"},"schema":{"@context":"https:\/\/schema.org","@graph":[{"@type":"Organization","@id":"https:\/\/chemitool.com\/#organization","name":"Chemitool","url":"https:\/\/chemitool.com\/","sameAs":["https:\/\/www.facebook.com\/chemitool","https:\/\/www.instagram.com\/chemitool\/"],"logo":{"@type":"ImageObject","@id":"https:\/\/chemitool.com\/#logo","inLanguage":"es","url":"https:\/\/chemitool.com\/wp-content\/uploads\/2020\/10\/logo_chemitool.png","contentUrl":"https:\/\/chemitool.com\/wp-content\/uploads\/2020\/10\/logo_chemitool.png","width":400,"height":400,"caption":"Chemitool"},"image":{"@id":"https:\/\/chemitool.com\/#logo"}},{"@type":"WebSite","@id":"https:\/\/chemitool.com\/#website","url":"https:\/\/chemitool.com\/","name":"Chemitool","description":"Chemitool - hardware and tools","publisher":{"@id":"https:\/\/chemitool.com\/#organization"},"potentialAction":[{"@type":"SearchAction","target":{"@type":"EntryPoint","urlTemplate":"https:\/\/chemitool.com\/?s={search_term_string}"},"query-input":"required name=search_term_string"}],"inLanguage":"es"},{"@type":"ImageObject","@id":"https:\/\/chemitool.com\/es\/products\/cutting\/abrasivos-flexibles\/discos-de-malla-autoadhesivo-pronet-ultimate\/disco-de-malla-autoadhesivo-pronet-ultimate\/#primaryimage","inLanguage":"es","url":"https:\/\/chemitool.com\/wp-content\/uploads\/2025\/01\/PRONET_ULTIMATE_1.png","contentUrl":"https:\/\/chemitool.com\/wp-content\/uploads\/2025\/01\/PRONET_ULTIMATE_1.png","width":800,"height":800},{"@type":"WebPage","@id":"https:\/\/chemitool.com\/es\/products\/cutting\/abrasivos-flexibles\/discos-de-malla-autoadhesivo-pronet-ultimate\/disco-de-malla-autoadhesivo-pronet-ultimate\/#webpage","url":"https:\/\/chemitool.com\/es\/products\/cutting\/abrasivos-flexibles\/discos-de-malla-autoadhesivo-pronet-ultimate\/disco-de-malla-autoadhesivo-pronet-ultimate\/","name":"DISCOS DE MALLA AUTOADHESIVO PRONET ULTIMATE &ndash; Chemitool","isPartOf":{"@id":"https:\/\/chemitool.com\/#website"},"primaryImageOfPage":{"@id":"https:\/\/chemitool.com\/es\/products\/cutting\/abrasivos-flexibles\/discos-de-malla-autoadhesivo-pronet-ultimate\/disco-de-malla-autoadhesivo-pronet-ultimate\/#primaryimage"},"datePublished":"2024-09-09T16:20:13+00:00","dateModified":"2025-01-15T18:06:19+00:00","description":"Discos de Malla Autoadeshivos PRONET ULTIMATE CHEMITOOL han sido especialmente desarrollados para proporcionar una extraordinaria trabajabilidad debido a su resistencia a la abrasi\u00f3n, as\u00ed como a su especial composici\u00f3n de \u00f3xido de aluminio y carburo de silicio, aumentando la durabilidad hasta 4 veces en comparaci\u00f3n con un disco de lijado tradicional.","breadcrumb":{"@id":"https:\/\/chemitool.com\/es\/products\/cutting\/abrasivos-flexibles\/discos-de-malla-autoadhesivo-pronet-ultimate\/disco-de-malla-autoadhesivo-pronet-ultimate\/#breadcrumb"},"inLanguage":"es","potentialAction":[{"@type":"ReadAction","target":["https:\/\/chemitool.com\/es\/products\/cutting\/abrasivos-flexibles\/discos-de-malla-autoadhesivo-pronet-ultimate\/disco-de-malla-autoadhesivo-pronet-ultimate\/"]}]},{"@type":"BreadcrumbList","@id":"https:\/\/chemitool.com\/es\/products\/cutting\/abrasivos-flexibles\/discos-de-malla-autoadhesivo-pronet-ultimate\/disco-de-malla-autoadhesivo-pronet-ultimate\/#breadcrumb","itemListElement":[{"@type":"ListItem","position":1,"name":"Home","item":"https:\/\/chemitool.com\/es\/"},{"@type":"ListItem","position":2,"name":"Productos","item":"https:\/\/chemitool.com\/es\/productos\/"},{"@type":"ListItem","position":3,"name":"Cutting","item":"https:\/\/chemitool.com\/es\/categoria-producto\/cutting\/"},{"@type":"ListItem","position":4,"name":"Abrasivos Flexibles","item":"https:\/\/chemitool.com\/es\/categoria-producto\/cutting\/abrasivos-flexibles\/"},{"@type":"ListItem","position":5,"name":"DISCOS DE MALLA AUTOADHESIVO PRONET ULTIMATE","item":"https:\/\/chemitool.com\/es\/categoria-producto\/cutting\/abrasivos-flexibles\/discos-de-malla-autoadhesivo-pronet-ultimate\/"},{"@type":"ListItem","position":6,"name":"DISCOS DE MALLA AUTOADHESIVO PRONET ULTIMATE"}]}]}},"_links":{"self":[{"href":"https:\/\/chemitool.com\/es\/wp-json\/wp\/v2\/product\/38821"}],"collection":[{"href":"https:\/\/chemitool.com\/es\/wp-json\/wp\/v2\/product"}],"about":[{"href":"https:\/\/chemitool.com\/es\/wp-json\/wp\/v2\/types\/product"}],"wp:featuredmedia":[{"embeddable":true,"href":"https:\/\/chemitool.com\/es\/wp-json\/wp\/v2\/media\/41072"}],"wp:attachment":[{"href":"https:\/\/chemitool.com\/es\/wp-json\/wp\/v2\/media?parent=38821"}],"wp:term":[{"taxonomy":"product_cat","embeddable":true,"href":"https:\/\/chemitool.com\/es\/wp-json\/wp\/v2\/product_cat?post=38821"},{"taxonomy":"product_tag","embeddable":true,"href":"https:\/\/chemitool.com\/es\/wp-json\/wp\/v2\/product_tag?post=38821"}],"curies":[{"name":"wp","href":"https:\/\/api.w.org\/{rel}","templated":true}]}}