{"id":38718,"date":"2024-09-06T11:04:37","date_gmt":"2024-09-06T11:04:39","guid":{"rendered":"https:\/\/chemitool.com\/?post_type=product&#038;p=38718"},"modified":"2025-01-15T18:00:59","modified_gmt":"2025-01-15T18:00:59","slug":"cepillo-circular-de-acero-trenzado-probrush","status":"publish","type":"product","link":"https:\/\/chemitool.com\/es\/products\/cutting\/cepillos-industriales\/cepillos-circulares-es\/cepillo-circular-de-acero-trenzado-probrush\/","title":{"rendered":"CEPILLO CIRCULAR DE ACERO TRENZADO PROBRUSH"},"content":{"rendered":"<p><strong>VENTAJAS<\/strong><\/p>\n<ul>\n<li>Acero trenzado de 0,5mm<\/li>\n<li>Disponible en 115 y 125mm<\/li>\n<li>Acabado extra grueso<\/li>\n<li>Ideal para rincones<\/li>\n<li>Alta rentabilidad<\/li>\n<li>Larga vida \u00fatil de la herramienta<\/li>\n<\/ul>\n<p>El <em>cepillo circular de acero trenzado PROBRUSH CHEMITOOL<\/em> es adecuado para limpiar zonas de dif\u00edcil acceso, como esquinas, eliminar cordones de soldadura, \u00f3xido, pintura y barniz. Su caracter\u00edstica de acero trenzado y r\u00edgido lo permite tener un efecto agresivo.<\/p>\n<p>Ideal para usar en zonas de dif\u00edcil acceso, donde los cepillos de copa no pueden llegar. Para obtener mejores resultados, se recomienda utilizar amoladoras angulares potentes con velocidad variable.<\/p>\n","protected":false},"excerpt":{"rendered":"<p><em>Cepillo Circular de Acero Trenzado PROBRUSH CHEMITOOL <\/em>proporciona un acabado superficial extra grueso. Cuenta con alambre trenzado para aplicaciones intensivas de limpieza de metales.<\/p>\n","protected":false},"featured_media":41097,"template":"","meta":[],"product_cat":[1426,1463,5233],"product_tag":[5239,5238],"yoast_head":"<!-- This site is optimized with the Yoast SEO plugin v17.4 - https:\/\/yoast.com\/wordpress\/plugins\/seo\/ -->\n<title>CEPILLO CIRCULAR DE ACERO TRENZADO PROBRUSH &ndash; Chemitool<\/title>\n<meta name=\"description\" content=\"Cepillo Circular de Acero Trenzado PROBRUSH CHEMITOOL proporciona un acabado superficial extra grueso. Cuenta con alambre trenzado para aplicaciones intensivas de limpieza de metales.\" \/>\n<meta name=\"robots\" content=\"index, follow, max-snippet:-1, max-image-preview:large, max-video-preview:-1\" \/>\n<link rel=\"canonical\" href=\"https:\/\/chemitool.com\/es\/products\/cutting\/cepillos-industriales\/cepillos-circulares-es\/cepillo-circular-de-acero-trenzado-probrush\/\" \/>\n<meta property=\"og:locale\" content=\"es_ES\" \/>\n<meta property=\"og:type\" content=\"article\" \/>\n<meta property=\"og:title\" content=\"CEPILLO CIRCULAR DE ACERO TRENZADO PROBRUSH &ndash; Chemitool\" \/>\n<meta property=\"og:description\" content=\"Cepillo Circular de Acero Trenzado PROBRUSH CHEMITOOL proporciona un acabado superficial extra grueso. Cuenta con alambre trenzado para aplicaciones intensivas de limpieza de metales.\" \/>\n<meta property=\"og:url\" content=\"https:\/\/chemitool.com\/es\/products\/cutting\/cepillos-industriales\/cepillos-circulares-es\/cepillo-circular-de-acero-trenzado-probrush\/\" \/>\n<meta property=\"og:site_name\" content=\"Chemitool\" \/>\n<meta property=\"article:publisher\" content=\"https:\/\/www.facebook.com\/chemitool\" \/>\n<meta property=\"article:modified_time\" content=\"2025-01-15T18:00:59+00:00\" \/>\n<meta property=\"og:image\" content=\"https:\/\/chemitool.com\/wp-content\/uploads\/2025\/01\/CIRCULAR-BRUSH-KNOTTED-STEEL-PROBRUSH.png\" \/>\n\t<meta property=\"og:image:width\" content=\"800\" \/>\n\t<meta property=\"og:image:height\" content=\"800\" \/>\n<meta name=\"twitter:card\" content=\"summary_large_image\" \/>\n<script type=\"application\/ld+json\" class=\"yoast-schema-graph\">{\"@context\":\"https:\/\/schema.org\",\"@graph\":[{\"@type\":\"Organization\",\"@id\":\"https:\/\/chemitool.com\/#organization\",\"name\":\"Chemitool\",\"url\":\"https:\/\/chemitool.com\/\",\"sameAs\":[\"https:\/\/www.facebook.com\/chemitool\",\"https:\/\/www.instagram.com\/chemitool\/\"],\"logo\":{\"@type\":\"ImageObject\",\"@id\":\"https:\/\/chemitool.com\/#logo\",\"inLanguage\":\"es\",\"url\":\"https:\/\/chemitool.com\/wp-content\/uploads\/2020\/10\/logo_chemitool.png\",\"contentUrl\":\"https:\/\/chemitool.com\/wp-content\/uploads\/2020\/10\/logo_chemitool.png\",\"width\":400,\"height\":400,\"caption\":\"Chemitool\"},\"image\":{\"@id\":\"https:\/\/chemitool.com\/#logo\"}},{\"@type\":\"WebSite\",\"@id\":\"https:\/\/chemitool.com\/#website\",\"url\":\"https:\/\/chemitool.com\/\",\"name\":\"Chemitool\",\"description\":\"Chemitool - hardware and tools\",\"publisher\":{\"@id\":\"https:\/\/chemitool.com\/#organization\"},\"potentialAction\":[{\"@type\":\"SearchAction\",\"target\":{\"@type\":\"EntryPoint\",\"urlTemplate\":\"https:\/\/chemitool.com\/?s={search_term_string}\"},\"query-input\":\"required name=search_term_string\"}],\"inLanguage\":\"es\"},{\"@type\":\"ImageObject\",\"@id\":\"https:\/\/chemitool.com\/es\/products\/cutting\/cepillos-industriales\/cepillos-circulares-es\/cepillo-circular-de-acero-trenzado-probrush\/#primaryimage\",\"inLanguage\":\"es\",\"url\":\"https:\/\/chemitool.com\/wp-content\/uploads\/2025\/01\/CIRCULAR-BRUSH-KNOTTED-STEEL-PROBRUSH.png\",\"contentUrl\":\"https:\/\/chemitool.com\/wp-content\/uploads\/2025\/01\/CIRCULAR-BRUSH-KNOTTED-STEEL-PROBRUSH.png\",\"width\":800,\"height\":800},{\"@type\":\"WebPage\",\"@id\":\"https:\/\/chemitool.com\/es\/products\/cutting\/cepillos-industriales\/cepillos-circulares-es\/cepillo-circular-de-acero-trenzado-probrush\/#webpage\",\"url\":\"https:\/\/chemitool.com\/es\/products\/cutting\/cepillos-industriales\/cepillos-circulares-es\/cepillo-circular-de-acero-trenzado-probrush\/\",\"name\":\"CEPILLO CIRCULAR DE ACERO TRENZADO PROBRUSH &ndash; Chemitool\",\"isPartOf\":{\"@id\":\"https:\/\/chemitool.com\/#website\"},\"primaryImageOfPage\":{\"@id\":\"https:\/\/chemitool.com\/es\/products\/cutting\/cepillos-industriales\/cepillos-circulares-es\/cepillo-circular-de-acero-trenzado-probrush\/#primaryimage\"},\"datePublished\":\"2024-09-06T11:04:39+00:00\",\"dateModified\":\"2025-01-15T18:00:59+00:00\",\"description\":\"Cepillo Circular de Acero Trenzado PROBRUSH CHEMITOOL proporciona un acabado superficial extra grueso. Cuenta con alambre trenzado para aplicaciones intensivas de limpieza de metales.\",\"breadcrumb\":{\"@id\":\"https:\/\/chemitool.com\/es\/products\/cutting\/cepillos-industriales\/cepillos-circulares-es\/cepillo-circular-de-acero-trenzado-probrush\/#breadcrumb\"},\"inLanguage\":\"es\",\"potentialAction\":[{\"@type\":\"ReadAction\",\"target\":[\"https:\/\/chemitool.com\/es\/products\/cutting\/cepillos-industriales\/cepillos-circulares-es\/cepillo-circular-de-acero-trenzado-probrush\/\"]}]},{\"@type\":\"BreadcrumbList\",\"@id\":\"https:\/\/chemitool.com\/es\/products\/cutting\/cepillos-industriales\/cepillos-circulares-es\/cepillo-circular-de-acero-trenzado-probrush\/#breadcrumb\",\"itemListElement\":[{\"@type\":\"ListItem\",\"position\":1,\"name\":\"Home\",\"item\":\"https:\/\/chemitool.com\/es\/\"},{\"@type\":\"ListItem\",\"position\":2,\"name\":\"Productos\",\"item\":\"https:\/\/chemitool.com\/es\/productos\/\"},{\"@type\":\"ListItem\",\"position\":3,\"name\":\"Cutting\",\"item\":\"https:\/\/chemitool.com\/es\/categoria-producto\/cutting\/\"},{\"@type\":\"ListItem\",\"position\":4,\"name\":\"Cepillos Industriales\",\"item\":\"https:\/\/chemitool.com\/es\/categoria-producto\/cutting\/cepillos-industriales\/\"},{\"@type\":\"ListItem\",\"position\":5,\"name\":\"Cepillos Circulares\",\"item\":\"https:\/\/chemitool.com\/es\/categoria-producto\/cutting\/cepillos-industriales\/cepillos-circulares-es\/\"},{\"@type\":\"ListItem\",\"position\":6,\"name\":\"CEPILLO CIRCULAR DE ACERO TRENZADO PROBRUSH\"}]}]}<\/script>\n<!-- \/ Yoast SEO plugin. -->","yoast_head_json":{"title":"CEPILLO CIRCULAR DE ACERO TRENZADO PROBRUSH &ndash; Chemitool","description":"Cepillo Circular de Acero Trenzado PROBRUSH CHEMITOOL proporciona un acabado superficial extra grueso. Cuenta con alambre trenzado para aplicaciones intensivas de limpieza de metales.","robots":{"index":"index","follow":"follow","max-snippet":"max-snippet:-1","max-image-preview":"max-image-preview:large","max-video-preview":"max-video-preview:-1"},"canonical":"https:\/\/chemitool.com\/es\/products\/cutting\/cepillos-industriales\/cepillos-circulares-es\/cepillo-circular-de-acero-trenzado-probrush\/","og_locale":"es_ES","og_type":"article","og_title":"CEPILLO CIRCULAR DE ACERO TRENZADO PROBRUSH &ndash; Chemitool","og_description":"Cepillo Circular de Acero Trenzado PROBRUSH CHEMITOOL proporciona un acabado superficial extra grueso. Cuenta con alambre trenzado para aplicaciones intensivas de limpieza de metales.","og_url":"https:\/\/chemitool.com\/es\/products\/cutting\/cepillos-industriales\/cepillos-circulares-es\/cepillo-circular-de-acero-trenzado-probrush\/","og_site_name":"Chemitool","article_publisher":"https:\/\/www.facebook.com\/chemitool","article_modified_time":"2025-01-15T18:00:59+00:00","og_image":[{"width":800,"height":800,"url":"https:\/\/chemitool.com\/wp-content\/uploads\/2025\/01\/CIRCULAR-BRUSH-KNOTTED-STEEL-PROBRUSH.png","type":"image\/png"}],"twitter_card":"summary_large_image","schema":{"@context":"https:\/\/schema.org","@graph":[{"@type":"Organization","@id":"https:\/\/chemitool.com\/#organization","name":"Chemitool","url":"https:\/\/chemitool.com\/","sameAs":["https:\/\/www.facebook.com\/chemitool","https:\/\/www.instagram.com\/chemitool\/"],"logo":{"@type":"ImageObject","@id":"https:\/\/chemitool.com\/#logo","inLanguage":"es","url":"https:\/\/chemitool.com\/wp-content\/uploads\/2020\/10\/logo_chemitool.png","contentUrl":"https:\/\/chemitool.com\/wp-content\/uploads\/2020\/10\/logo_chemitool.png","width":400,"height":400,"caption":"Chemitool"},"image":{"@id":"https:\/\/chemitool.com\/#logo"}},{"@type":"WebSite","@id":"https:\/\/chemitool.com\/#website","url":"https:\/\/chemitool.com\/","name":"Chemitool","description":"Chemitool - hardware and tools","publisher":{"@id":"https:\/\/chemitool.com\/#organization"},"potentialAction":[{"@type":"SearchAction","target":{"@type":"EntryPoint","urlTemplate":"https:\/\/chemitool.com\/?s={search_term_string}"},"query-input":"required name=search_term_string"}],"inLanguage":"es"},{"@type":"ImageObject","@id":"https:\/\/chemitool.com\/es\/products\/cutting\/cepillos-industriales\/cepillos-circulares-es\/cepillo-circular-de-acero-trenzado-probrush\/#primaryimage","inLanguage":"es","url":"https:\/\/chemitool.com\/wp-content\/uploads\/2025\/01\/CIRCULAR-BRUSH-KNOTTED-STEEL-PROBRUSH.png","contentUrl":"https:\/\/chemitool.com\/wp-content\/uploads\/2025\/01\/CIRCULAR-BRUSH-KNOTTED-STEEL-PROBRUSH.png","width":800,"height":800},{"@type":"WebPage","@id":"https:\/\/chemitool.com\/es\/products\/cutting\/cepillos-industriales\/cepillos-circulares-es\/cepillo-circular-de-acero-trenzado-probrush\/#webpage","url":"https:\/\/chemitool.com\/es\/products\/cutting\/cepillos-industriales\/cepillos-circulares-es\/cepillo-circular-de-acero-trenzado-probrush\/","name":"CEPILLO CIRCULAR DE ACERO TRENZADO PROBRUSH &ndash; Chemitool","isPartOf":{"@id":"https:\/\/chemitool.com\/#website"},"primaryImageOfPage":{"@id":"https:\/\/chemitool.com\/es\/products\/cutting\/cepillos-industriales\/cepillos-circulares-es\/cepillo-circular-de-acero-trenzado-probrush\/#primaryimage"},"datePublished":"2024-09-06T11:04:39+00:00","dateModified":"2025-01-15T18:00:59+00:00","description":"Cepillo Circular de Acero Trenzado PROBRUSH CHEMITOOL proporciona un acabado superficial extra grueso. Cuenta con alambre trenzado para aplicaciones intensivas de limpieza de metales.","breadcrumb":{"@id":"https:\/\/chemitool.com\/es\/products\/cutting\/cepillos-industriales\/cepillos-circulares-es\/cepillo-circular-de-acero-trenzado-probrush\/#breadcrumb"},"inLanguage":"es","potentialAction":[{"@type":"ReadAction","target":["https:\/\/chemitool.com\/es\/products\/cutting\/cepillos-industriales\/cepillos-circulares-es\/cepillo-circular-de-acero-trenzado-probrush\/"]}]},{"@type":"BreadcrumbList","@id":"https:\/\/chemitool.com\/es\/products\/cutting\/cepillos-industriales\/cepillos-circulares-es\/cepillo-circular-de-acero-trenzado-probrush\/#breadcrumb","itemListElement":[{"@type":"ListItem","position":1,"name":"Home","item":"https:\/\/chemitool.com\/es\/"},{"@type":"ListItem","position":2,"name":"Productos","item":"https:\/\/chemitool.com\/es\/productos\/"},{"@type":"ListItem","position":3,"name":"Cutting","item":"https:\/\/chemitool.com\/es\/categoria-producto\/cutting\/"},{"@type":"ListItem","position":4,"name":"Cepillos Industriales","item":"https:\/\/chemitool.com\/es\/categoria-producto\/cutting\/cepillos-industriales\/"},{"@type":"ListItem","position":5,"name":"Cepillos Circulares","item":"https:\/\/chemitool.com\/es\/categoria-producto\/cutting\/cepillos-industriales\/cepillos-circulares-es\/"},{"@type":"ListItem","position":6,"name":"CEPILLO CIRCULAR DE ACERO TRENZADO PROBRUSH"}]}]}},"_links":{"self":[{"href":"https:\/\/chemitool.com\/es\/wp-json\/wp\/v2\/product\/38718"}],"collection":[{"href":"https:\/\/chemitool.com\/es\/wp-json\/wp\/v2\/product"}],"about":[{"href":"https:\/\/chemitool.com\/es\/wp-json\/wp\/v2\/types\/product"}],"wp:featuredmedia":[{"embeddable":true,"href":"https:\/\/chemitool.com\/es\/wp-json\/wp\/v2\/media\/41097"}],"wp:attachment":[{"href":"https:\/\/chemitool.com\/es\/wp-json\/wp\/v2\/media?parent=38718"}],"wp:term":[{"taxonomy":"product_cat","embeddable":true,"href":"https:\/\/chemitool.com\/es\/wp-json\/wp\/v2\/product_cat?post=38718"},{"taxonomy":"product_tag","embeddable":true,"href":"https:\/\/chemitool.com\/es\/wp-json\/wp\/v2\/product_tag?post=38718"}],"curies":[{"name":"wp","href":"https:\/\/api.w.org\/{rel}","templated":true}]}}