{"id":38657,"date":"2024-09-05T13:22:35","date_gmt":"2024-09-05T13:22:37","guid":{"rendered":"https:\/\/chemitool.com\/?post_type=product&#038;p=38657"},"modified":"2025-01-21T14:19:34","modified_gmt":"2025-01-21T14:19:34","slug":"rodillo-de-sisal-prosisal","status":"publish","type":"product","link":"https:\/\/chemitool.com\/es\/products\/cutting\/abrasivos-flexibles\/rodillos\/rodillo-de-sisal-prosisal\/","title":{"rendered":"RODILLO DE SISAL PROSISAL"},"content":{"rendered":"<p><strong>VENTAJAS<\/strong><\/p>\n<ul>\n<li>Molienda en fr\u00edo y baja carga t\u00e9rmica<\/li>\n<li>Hilos de cuerda entrelazada<\/li>\n<li>Gran \u00e1rea de trabajo<\/li>\n<li>Altamente resistente<\/li>\n<li>Larga vida \u00fatil de la herramienta<\/li>\n<\/ul>\n<p>El <em>Rodillo de sisal CHEMITOOL<\/em> El rodillo de sisal CHEMITOOL es adecuado para pulir grandes superficies, lo que permite aumentar la velocidad de trabajo, en la que la atenci\u00f3n se centra en la uniformidad en la limpieza de la pieza de trabajo. Tambi\u00e9n se puede utilizar para dar un acabado cepillado, cuando se utiliza en unas pocas pasadas.<br \/>\nDebido a su estructura, este tipo de producto permite que se adapte a los contornos, teniendo en cuenta que el producto tiene una estructura suelta (hilos de cuerda) y puede romperse en contacto con bordes\/\u00e1ngulos afilados. Adecuado para trabajos de prepulido, en los que es necesario eliminar ligeros ara\u00f1azos en la pieza de trabajo.<\/p>\n<p>Para obtener el mejor rendimiento, recomendamos usarlo a una velocidad de 15-30 m\/s.<br \/>\nEsto garantiza el compromiso \u00f3ptimo entre la tasa de eliminaci\u00f3n de material, la calidad de la superficie, la carga t\u00e9rmica en la pieza de trabajo y el desgaste de la herramienta.<\/p>\n","protected":false},"excerpt":{"rendered":"<p>El <em>Rodillo de Sisal Prosisal CHEMITOOL<\/em> es compuesto por cuerda de sisal entrelazada, estando indicado para operaciones de acabado superficial pulido o cepillado.<\/p>\n","protected":false},"featured_media":40911,"template":"","meta":[],"product_cat":[1426,1460,1469],"product_tag":[5215],"yoast_head":"<!-- This site is optimized with the Yoast SEO plugin v17.4 - https:\/\/yoast.com\/wordpress\/plugins\/seo\/ -->\n<title>RODILLO DE SISAL PROSISAL &ndash; Chemitool<\/title>\n<meta name=\"description\" content=\"El Rodillo de Sisal Prosisal CHEMITOOL es compuesto por cuerda de sisal entrelazada, estando indicado para operaciones de acabado superficial pulido o cepillado.\" \/>\n<meta name=\"robots\" content=\"index, follow, max-snippet:-1, max-image-preview:large, max-video-preview:-1\" \/>\n<link rel=\"canonical\" href=\"https:\/\/chemitool.com\/es\/products\/cutting\/abrasivos-flexibles\/rodillos\/rodillo-de-sisal-prosisal\/\" \/>\n<meta property=\"og:locale\" content=\"es_ES\" \/>\n<meta property=\"og:type\" content=\"article\" \/>\n<meta property=\"og:title\" content=\"RODILLO DE SISAL PROSISAL &ndash; Chemitool\" \/>\n<meta property=\"og:description\" content=\"El Rodillo de Sisal Prosisal CHEMITOOL es compuesto por cuerda de sisal entrelazada, estando indicado para operaciones de acabado superficial pulido o cepillado.\" \/>\n<meta property=\"og:url\" content=\"https:\/\/chemitool.com\/es\/products\/cutting\/abrasivos-flexibles\/rodillos\/rodillo-de-sisal-prosisal\/\" \/>\n<meta property=\"og:site_name\" content=\"Chemitool\" \/>\n<meta property=\"article:publisher\" content=\"https:\/\/www.facebook.com\/chemitool\" \/>\n<meta property=\"article:modified_time\" content=\"2025-01-21T14:19:34+00:00\" \/>\n<meta property=\"og:image\" content=\"https:\/\/chemitool.com\/wp-content\/uploads\/2025\/01\/ROLO_SISAL_PROSISAL_1.png\" \/>\n\t<meta property=\"og:image:width\" content=\"800\" \/>\n\t<meta property=\"og:image:height\" content=\"800\" \/>\n<meta name=\"twitter:card\" content=\"summary_large_image\" \/>\n<meta name=\"twitter:label1\" content=\"Tiempo de lectura\" \/>\n\t<meta name=\"twitter:data1\" content=\"1 minuto\" \/>\n<script type=\"application\/ld+json\" class=\"yoast-schema-graph\">{\"@context\":\"https:\/\/schema.org\",\"@graph\":[{\"@type\":\"Organization\",\"@id\":\"https:\/\/chemitool.com\/#organization\",\"name\":\"Chemitool\",\"url\":\"https:\/\/chemitool.com\/\",\"sameAs\":[\"https:\/\/www.facebook.com\/chemitool\",\"https:\/\/www.instagram.com\/chemitool\/\"],\"logo\":{\"@type\":\"ImageObject\",\"@id\":\"https:\/\/chemitool.com\/#logo\",\"inLanguage\":\"es\",\"url\":\"https:\/\/chemitool.com\/wp-content\/uploads\/2020\/10\/logo_chemitool.png\",\"contentUrl\":\"https:\/\/chemitool.com\/wp-content\/uploads\/2020\/10\/logo_chemitool.png\",\"width\":400,\"height\":400,\"caption\":\"Chemitool\"},\"image\":{\"@id\":\"https:\/\/chemitool.com\/#logo\"}},{\"@type\":\"WebSite\",\"@id\":\"https:\/\/chemitool.com\/#website\",\"url\":\"https:\/\/chemitool.com\/\",\"name\":\"Chemitool\",\"description\":\"Chemitool - hardware and tools\",\"publisher\":{\"@id\":\"https:\/\/chemitool.com\/#organization\"},\"potentialAction\":[{\"@type\":\"SearchAction\",\"target\":{\"@type\":\"EntryPoint\",\"urlTemplate\":\"https:\/\/chemitool.com\/?s={search_term_string}\"},\"query-input\":\"required name=search_term_string\"}],\"inLanguage\":\"es\"},{\"@type\":\"ImageObject\",\"@id\":\"https:\/\/chemitool.com\/es\/products\/cutting\/abrasivos-flexibles\/rodillos\/rodillo-de-sisal-prosisal\/#primaryimage\",\"inLanguage\":\"es\",\"url\":\"https:\/\/chemitool.com\/wp-content\/uploads\/2025\/01\/ROLO_SISAL_PROSISAL_1.png\",\"contentUrl\":\"https:\/\/chemitool.com\/wp-content\/uploads\/2025\/01\/ROLO_SISAL_PROSISAL_1.png\",\"width\":800,\"height\":800},{\"@type\":\"WebPage\",\"@id\":\"https:\/\/chemitool.com\/es\/products\/cutting\/abrasivos-flexibles\/rodillos\/rodillo-de-sisal-prosisal\/#webpage\",\"url\":\"https:\/\/chemitool.com\/es\/products\/cutting\/abrasivos-flexibles\/rodillos\/rodillo-de-sisal-prosisal\/\",\"name\":\"RODILLO DE SISAL PROSISAL &ndash; Chemitool\",\"isPartOf\":{\"@id\":\"https:\/\/chemitool.com\/#website\"},\"primaryImageOfPage\":{\"@id\":\"https:\/\/chemitool.com\/es\/products\/cutting\/abrasivos-flexibles\/rodillos\/rodillo-de-sisal-prosisal\/#primaryimage\"},\"datePublished\":\"2024-09-05T13:22:37+00:00\",\"dateModified\":\"2025-01-21T14:19:34+00:00\",\"description\":\"El Rodillo de Sisal Prosisal CHEMITOOL es compuesto por cuerda de sisal entrelazada, estando indicado para operaciones de acabado superficial pulido o cepillado.\",\"breadcrumb\":{\"@id\":\"https:\/\/chemitool.com\/es\/products\/cutting\/abrasivos-flexibles\/rodillos\/rodillo-de-sisal-prosisal\/#breadcrumb\"},\"inLanguage\":\"es\",\"potentialAction\":[{\"@type\":\"ReadAction\",\"target\":[\"https:\/\/chemitool.com\/es\/products\/cutting\/abrasivos-flexibles\/rodillos\/rodillo-de-sisal-prosisal\/\"]}]},{\"@type\":\"BreadcrumbList\",\"@id\":\"https:\/\/chemitool.com\/es\/products\/cutting\/abrasivos-flexibles\/rodillos\/rodillo-de-sisal-prosisal\/#breadcrumb\",\"itemListElement\":[{\"@type\":\"ListItem\",\"position\":1,\"name\":\"Home\",\"item\":\"https:\/\/chemitool.com\/es\/\"},{\"@type\":\"ListItem\",\"position\":2,\"name\":\"Productos\",\"item\":\"https:\/\/chemitool.com\/es\/productos\/\"},{\"@type\":\"ListItem\",\"position\":3,\"name\":\"Cutting\",\"item\":\"https:\/\/chemitool.com\/es\/categoria-producto\/cutting\/\"},{\"@type\":\"ListItem\",\"position\":4,\"name\":\"Abrasivos Flexibles\",\"item\":\"https:\/\/chemitool.com\/es\/categoria-producto\/cutting\/abrasivos-flexibles\/\"},{\"@type\":\"ListItem\",\"position\":5,\"name\":\"Rodillos\",\"item\":\"https:\/\/chemitool.com\/es\/categoria-producto\/cutting\/abrasivos-flexibles\/rodillos\/\"},{\"@type\":\"ListItem\",\"position\":6,\"name\":\"RODILLO DE SISAL PROSISAL\"}]}]}<\/script>\n<!-- \/ Yoast SEO plugin. -->","yoast_head_json":{"title":"RODILLO DE SISAL PROSISAL &ndash; Chemitool","description":"El Rodillo de Sisal Prosisal CHEMITOOL es compuesto por cuerda de sisal entrelazada, estando indicado para operaciones de acabado superficial pulido o cepillado.","robots":{"index":"index","follow":"follow","max-snippet":"max-snippet:-1","max-image-preview":"max-image-preview:large","max-video-preview":"max-video-preview:-1"},"canonical":"https:\/\/chemitool.com\/es\/products\/cutting\/abrasivos-flexibles\/rodillos\/rodillo-de-sisal-prosisal\/","og_locale":"es_ES","og_type":"article","og_title":"RODILLO DE SISAL PROSISAL &ndash; Chemitool","og_description":"El Rodillo de Sisal Prosisal CHEMITOOL es compuesto por cuerda de sisal entrelazada, estando indicado para operaciones de acabado superficial pulido o cepillado.","og_url":"https:\/\/chemitool.com\/es\/products\/cutting\/abrasivos-flexibles\/rodillos\/rodillo-de-sisal-prosisal\/","og_site_name":"Chemitool","article_publisher":"https:\/\/www.facebook.com\/chemitool","article_modified_time":"2025-01-21T14:19:34+00:00","og_image":[{"width":800,"height":800,"url":"https:\/\/chemitool.com\/wp-content\/uploads\/2025\/01\/ROLO_SISAL_PROSISAL_1.png","type":"image\/png"}],"twitter_card":"summary_large_image","twitter_misc":{"Tiempo de lectura":"1 minuto"},"schema":{"@context":"https:\/\/schema.org","@graph":[{"@type":"Organization","@id":"https:\/\/chemitool.com\/#organization","name":"Chemitool","url":"https:\/\/chemitool.com\/","sameAs":["https:\/\/www.facebook.com\/chemitool","https:\/\/www.instagram.com\/chemitool\/"],"logo":{"@type":"ImageObject","@id":"https:\/\/chemitool.com\/#logo","inLanguage":"es","url":"https:\/\/chemitool.com\/wp-content\/uploads\/2020\/10\/logo_chemitool.png","contentUrl":"https:\/\/chemitool.com\/wp-content\/uploads\/2020\/10\/logo_chemitool.png","width":400,"height":400,"caption":"Chemitool"},"image":{"@id":"https:\/\/chemitool.com\/#logo"}},{"@type":"WebSite","@id":"https:\/\/chemitool.com\/#website","url":"https:\/\/chemitool.com\/","name":"Chemitool","description":"Chemitool - hardware and tools","publisher":{"@id":"https:\/\/chemitool.com\/#organization"},"potentialAction":[{"@type":"SearchAction","target":{"@type":"EntryPoint","urlTemplate":"https:\/\/chemitool.com\/?s={search_term_string}"},"query-input":"required name=search_term_string"}],"inLanguage":"es"},{"@type":"ImageObject","@id":"https:\/\/chemitool.com\/es\/products\/cutting\/abrasivos-flexibles\/rodillos\/rodillo-de-sisal-prosisal\/#primaryimage","inLanguage":"es","url":"https:\/\/chemitool.com\/wp-content\/uploads\/2025\/01\/ROLO_SISAL_PROSISAL_1.png","contentUrl":"https:\/\/chemitool.com\/wp-content\/uploads\/2025\/01\/ROLO_SISAL_PROSISAL_1.png","width":800,"height":800},{"@type":"WebPage","@id":"https:\/\/chemitool.com\/es\/products\/cutting\/abrasivos-flexibles\/rodillos\/rodillo-de-sisal-prosisal\/#webpage","url":"https:\/\/chemitool.com\/es\/products\/cutting\/abrasivos-flexibles\/rodillos\/rodillo-de-sisal-prosisal\/","name":"RODILLO DE SISAL PROSISAL &ndash; Chemitool","isPartOf":{"@id":"https:\/\/chemitool.com\/#website"},"primaryImageOfPage":{"@id":"https:\/\/chemitool.com\/es\/products\/cutting\/abrasivos-flexibles\/rodillos\/rodillo-de-sisal-prosisal\/#primaryimage"},"datePublished":"2024-09-05T13:22:37+00:00","dateModified":"2025-01-21T14:19:34+00:00","description":"El Rodillo de Sisal Prosisal CHEMITOOL es compuesto por cuerda de sisal entrelazada, estando indicado para operaciones de acabado superficial pulido o cepillado.","breadcrumb":{"@id":"https:\/\/chemitool.com\/es\/products\/cutting\/abrasivos-flexibles\/rodillos\/rodillo-de-sisal-prosisal\/#breadcrumb"},"inLanguage":"es","potentialAction":[{"@type":"ReadAction","target":["https:\/\/chemitool.com\/es\/products\/cutting\/abrasivos-flexibles\/rodillos\/rodillo-de-sisal-prosisal\/"]}]},{"@type":"BreadcrumbList","@id":"https:\/\/chemitool.com\/es\/products\/cutting\/abrasivos-flexibles\/rodillos\/rodillo-de-sisal-prosisal\/#breadcrumb","itemListElement":[{"@type":"ListItem","position":1,"name":"Home","item":"https:\/\/chemitool.com\/es\/"},{"@type":"ListItem","position":2,"name":"Productos","item":"https:\/\/chemitool.com\/es\/productos\/"},{"@type":"ListItem","position":3,"name":"Cutting","item":"https:\/\/chemitool.com\/es\/categoria-producto\/cutting\/"},{"@type":"ListItem","position":4,"name":"Abrasivos Flexibles","item":"https:\/\/chemitool.com\/es\/categoria-producto\/cutting\/abrasivos-flexibles\/"},{"@type":"ListItem","position":5,"name":"Rodillos","item":"https:\/\/chemitool.com\/es\/categoria-producto\/cutting\/abrasivos-flexibles\/rodillos\/"},{"@type":"ListItem","position":6,"name":"RODILLO DE SISAL PROSISAL"}]}]}},"_links":{"self":[{"href":"https:\/\/chemitool.com\/es\/wp-json\/wp\/v2\/product\/38657"}],"collection":[{"href":"https:\/\/chemitool.com\/es\/wp-json\/wp\/v2\/product"}],"about":[{"href":"https:\/\/chemitool.com\/es\/wp-json\/wp\/v2\/types\/product"}],"wp:featuredmedia":[{"embeddable":true,"href":"https:\/\/chemitool.com\/es\/wp-json\/wp\/v2\/media\/40911"}],"wp:attachment":[{"href":"https:\/\/chemitool.com\/es\/wp-json\/wp\/v2\/media?parent=38657"}],"wp:term":[{"taxonomy":"product_cat","embeddable":true,"href":"https:\/\/chemitool.com\/es\/wp-json\/wp\/v2\/product_cat?post=38657"},{"taxonomy":"product_tag","embeddable":true,"href":"https:\/\/chemitool.com\/es\/wp-json\/wp\/v2\/product_tag?post=38657"}],"curies":[{"name":"wp","href":"https:\/\/api.w.org\/{rel}","templated":true}]}}