{"id":38649,"date":"2024-09-05T11:03:30","date_gmt":"2024-09-05T11:03:31","guid":{"rendered":"https:\/\/chemitool.com\/?post_type=product&#038;p=38649"},"modified":"2025-01-21T14:16:02","modified_gmt":"2025-01-21T14:16:02","slug":"rolo-de-nylon-pronylon","status":"publish","type":"product","link":"https:\/\/chemitool.com\/es\/products\/cutting\/abrasivos-flexibles\/rodillos\/rolo-de-nylon-pronylon\/","title":{"rendered":"ROLO DE NYLON PRONYLON"},"content":{"rendered":"<p><strong>VENTAJAS<\/strong><\/p>\n<ul>\n<li>Molienda en fr\u00edo y baja carga t\u00e9rmica<\/li>\n<li>Gran \u00e1rea de trabajo<\/li>\n<li>No empapa<\/li>\n<li>Altamente resistente<\/li>\n<li>Larga vida \u00fatil de la herramienta<\/li>\n<\/ul>\n<p>El <em>Rodillo de nylon CHEMITOOL<\/em> es adecuado para trabajos de decapado y limpieza en grandes superficies, permitiendo aumentar la velocidad de trabajo, en los que el foco est\u00e1 en la uniformidad en la limpieza de la pieza. Debido a su rigidez, este tipo de producto no es adecuado para trabajos en los que se deban realizar contornos marcados, pero es posible realizar operaciones en superficies con ligeras curvaturas. Adecuado para la limpieza de soldaduras, la eliminaci\u00f3n de rugosidades y el acabado de superficies.<\/p>\n<p>Para obtener el mejor rendimiento, recomendamos usarlo a una velocidad de 15-30 m\/s.<br \/>\nEsto garantiza el compromiso \u00f3ptimo entre la tasa de eliminaci\u00f3n de material, la calidad de la superficie, la carga t\u00e9rmica en la pieza de trabajo y el desgaste de la herramienta.<\/p>\n","protected":false},"excerpt":{"rendered":"<p>El <em>Rodillo de nylon Pronylon CHEMITOOL<\/em> est\u00e1 compuesto por material no tejido con una estructura gruesa, desarrollado a trav\u00e9s de una combinaci\u00f3n especial de fibras de poli\u00e9ster con granos abrasivos de carburo de silicio, y est\u00e1 indicado para operaciones que requieren desbaste y acabado en la misma operaci\u00f3n.<\/p>\n","protected":false},"featured_media":40908,"template":"","meta":[],"product_cat":[1426,1460,1469],"product_tag":[5217],"yoast_head":"<!-- This site is optimized with the Yoast SEO plugin v17.4 - https:\/\/yoast.com\/wordpress\/plugins\/seo\/ -->\n<title>ROLO DE NYLON PRONYLON &ndash; Chemitool<\/title>\n<meta name=\"description\" content=\"El Rodillo de nylon Pronylon CHEMITOOL est\u00e1 compuesto por material no tejido con una estructura gruesa, desarrollado a trav\u00e9s de una combinaci\u00f3n especial de fibras de poli\u00e9ster con granos abrasivos de carburo de silicio, y est\u00e1 indicado para operaciones que requieren desbaste y acabado en la misma operaci\u00f3n.\" \/>\n<meta name=\"robots\" content=\"index, follow, max-snippet:-1, max-image-preview:large, max-video-preview:-1\" \/>\n<link rel=\"canonical\" href=\"https:\/\/chemitool.com\/es\/products\/cutting\/abrasivos-flexibles\/rodillos\/rolo-de-nylon-pronylon\/\" \/>\n<meta property=\"og:locale\" content=\"es_ES\" \/>\n<meta property=\"og:type\" content=\"article\" \/>\n<meta property=\"og:title\" content=\"ROLO DE NYLON PRONYLON &ndash; Chemitool\" \/>\n<meta property=\"og:description\" content=\"El Rodillo de nylon Pronylon CHEMITOOL est\u00e1 compuesto por material no tejido con una estructura gruesa, desarrollado a trav\u00e9s de una combinaci\u00f3n especial de fibras de poli\u00e9ster con granos abrasivos de carburo de silicio, y est\u00e1 indicado para operaciones que requieren desbaste y acabado en la misma operaci\u00f3n.\" \/>\n<meta property=\"og:url\" content=\"https:\/\/chemitool.com\/es\/products\/cutting\/abrasivos-flexibles\/rodillos\/rolo-de-nylon-pronylon\/\" \/>\n<meta property=\"og:site_name\" content=\"Chemitool\" \/>\n<meta property=\"article:publisher\" content=\"https:\/\/www.facebook.com\/chemitool\" \/>\n<meta property=\"article:modified_time\" content=\"2025-01-21T14:16:02+00:00\" \/>\n<meta property=\"og:image\" content=\"https:\/\/chemitool.com\/wp-content\/uploads\/2025\/01\/ROLOS_LIXA_NAO_TECIDO_3.png\" \/>\n\t<meta property=\"og:image:width\" content=\"800\" \/>\n\t<meta property=\"og:image:height\" content=\"800\" \/>\n<meta name=\"twitter:card\" content=\"summary_large_image\" \/>\n<meta name=\"twitter:label1\" content=\"Tiempo de lectura\" \/>\n\t<meta name=\"twitter:data1\" content=\"1 minuto\" \/>\n<script type=\"application\/ld+json\" class=\"yoast-schema-graph\">{\"@context\":\"https:\/\/schema.org\",\"@graph\":[{\"@type\":\"Organization\",\"@id\":\"https:\/\/chemitool.com\/#organization\",\"name\":\"Chemitool\",\"url\":\"https:\/\/chemitool.com\/\",\"sameAs\":[\"https:\/\/www.facebook.com\/chemitool\",\"https:\/\/www.instagram.com\/chemitool\/\"],\"logo\":{\"@type\":\"ImageObject\",\"@id\":\"https:\/\/chemitool.com\/#logo\",\"inLanguage\":\"es\",\"url\":\"https:\/\/chemitool.com\/wp-content\/uploads\/2020\/10\/logo_chemitool.png\",\"contentUrl\":\"https:\/\/chemitool.com\/wp-content\/uploads\/2020\/10\/logo_chemitool.png\",\"width\":400,\"height\":400,\"caption\":\"Chemitool\"},\"image\":{\"@id\":\"https:\/\/chemitool.com\/#logo\"}},{\"@type\":\"WebSite\",\"@id\":\"https:\/\/chemitool.com\/#website\",\"url\":\"https:\/\/chemitool.com\/\",\"name\":\"Chemitool\",\"description\":\"Chemitool - hardware and tools\",\"publisher\":{\"@id\":\"https:\/\/chemitool.com\/#organization\"},\"potentialAction\":[{\"@type\":\"SearchAction\",\"target\":{\"@type\":\"EntryPoint\",\"urlTemplate\":\"https:\/\/chemitool.com\/?s={search_term_string}\"},\"query-input\":\"required name=search_term_string\"}],\"inLanguage\":\"es\"},{\"@type\":\"ImageObject\",\"@id\":\"https:\/\/chemitool.com\/es\/products\/cutting\/abrasivos-flexibles\/rodillos\/rolo-de-nylon-pronylon\/#primaryimage\",\"inLanguage\":\"es\",\"url\":\"https:\/\/chemitool.com\/wp-content\/uploads\/2025\/01\/ROLOS_LIXA_NAO_TECIDO_3.png\",\"contentUrl\":\"https:\/\/chemitool.com\/wp-content\/uploads\/2025\/01\/ROLOS_LIXA_NAO_TECIDO_3.png\",\"width\":800,\"height\":800},{\"@type\":\"WebPage\",\"@id\":\"https:\/\/chemitool.com\/es\/products\/cutting\/abrasivos-flexibles\/rodillos\/rolo-de-nylon-pronylon\/#webpage\",\"url\":\"https:\/\/chemitool.com\/es\/products\/cutting\/abrasivos-flexibles\/rodillos\/rolo-de-nylon-pronylon\/\",\"name\":\"ROLO DE NYLON PRONYLON &ndash; Chemitool\",\"isPartOf\":{\"@id\":\"https:\/\/chemitool.com\/#website\"},\"primaryImageOfPage\":{\"@id\":\"https:\/\/chemitool.com\/es\/products\/cutting\/abrasivos-flexibles\/rodillos\/rolo-de-nylon-pronylon\/#primaryimage\"},\"datePublished\":\"2024-09-05T11:03:31+00:00\",\"dateModified\":\"2025-01-21T14:16:02+00:00\",\"description\":\"El Rodillo de nylon Pronylon CHEMITOOL est\\u00e1 compuesto por material no tejido con una estructura gruesa, desarrollado a trav\\u00e9s de una combinaci\\u00f3n especial de fibras de poli\\u00e9ster con granos abrasivos de carburo de silicio, y est\\u00e1 indicado para operaciones que requieren desbaste y acabado en la misma operaci\\u00f3n.\",\"breadcrumb\":{\"@id\":\"https:\/\/chemitool.com\/es\/products\/cutting\/abrasivos-flexibles\/rodillos\/rolo-de-nylon-pronylon\/#breadcrumb\"},\"inLanguage\":\"es\",\"potentialAction\":[{\"@type\":\"ReadAction\",\"target\":[\"https:\/\/chemitool.com\/es\/products\/cutting\/abrasivos-flexibles\/rodillos\/rolo-de-nylon-pronylon\/\"]}]},{\"@type\":\"BreadcrumbList\",\"@id\":\"https:\/\/chemitool.com\/es\/products\/cutting\/abrasivos-flexibles\/rodillos\/rolo-de-nylon-pronylon\/#breadcrumb\",\"itemListElement\":[{\"@type\":\"ListItem\",\"position\":1,\"name\":\"Home\",\"item\":\"https:\/\/chemitool.com\/es\/\"},{\"@type\":\"ListItem\",\"position\":2,\"name\":\"Productos\",\"item\":\"https:\/\/chemitool.com\/es\/productos\/\"},{\"@type\":\"ListItem\",\"position\":3,\"name\":\"Cutting\",\"item\":\"https:\/\/chemitool.com\/es\/categoria-producto\/cutting\/\"},{\"@type\":\"ListItem\",\"position\":4,\"name\":\"Abrasivos Flexibles\",\"item\":\"https:\/\/chemitool.com\/es\/categoria-producto\/cutting\/abrasivos-flexibles\/\"},{\"@type\":\"ListItem\",\"position\":5,\"name\":\"Rodillos\",\"item\":\"https:\/\/chemitool.com\/es\/categoria-producto\/cutting\/abrasivos-flexibles\/rodillos\/\"},{\"@type\":\"ListItem\",\"position\":6,\"name\":\"ROLO DE NYLON PRONYLON\"}]}]}<\/script>\n<!-- \/ Yoast SEO plugin. -->","yoast_head_json":{"title":"ROLO DE NYLON PRONYLON &ndash; Chemitool","description":"El Rodillo de nylon Pronylon CHEMITOOL est\u00e1 compuesto por material no tejido con una estructura gruesa, desarrollado a trav\u00e9s de una combinaci\u00f3n especial de fibras de poli\u00e9ster con granos abrasivos de carburo de silicio, y est\u00e1 indicado para operaciones que requieren desbaste y acabado en la misma operaci\u00f3n.","robots":{"index":"index","follow":"follow","max-snippet":"max-snippet:-1","max-image-preview":"max-image-preview:large","max-video-preview":"max-video-preview:-1"},"canonical":"https:\/\/chemitool.com\/es\/products\/cutting\/abrasivos-flexibles\/rodillos\/rolo-de-nylon-pronylon\/","og_locale":"es_ES","og_type":"article","og_title":"ROLO DE NYLON PRONYLON &ndash; Chemitool","og_description":"El Rodillo de nylon Pronylon CHEMITOOL est\u00e1 compuesto por material no tejido con una estructura gruesa, desarrollado a trav\u00e9s de una combinaci\u00f3n especial de fibras de poli\u00e9ster con granos abrasivos de carburo de silicio, y est\u00e1 indicado para operaciones que requieren desbaste y acabado en la misma operaci\u00f3n.","og_url":"https:\/\/chemitool.com\/es\/products\/cutting\/abrasivos-flexibles\/rodillos\/rolo-de-nylon-pronylon\/","og_site_name":"Chemitool","article_publisher":"https:\/\/www.facebook.com\/chemitool","article_modified_time":"2025-01-21T14:16:02+00:00","og_image":[{"width":800,"height":800,"url":"https:\/\/chemitool.com\/wp-content\/uploads\/2025\/01\/ROLOS_LIXA_NAO_TECIDO_3.png","type":"image\/png"}],"twitter_card":"summary_large_image","twitter_misc":{"Tiempo de lectura":"1 minuto"},"schema":{"@context":"https:\/\/schema.org","@graph":[{"@type":"Organization","@id":"https:\/\/chemitool.com\/#organization","name":"Chemitool","url":"https:\/\/chemitool.com\/","sameAs":["https:\/\/www.facebook.com\/chemitool","https:\/\/www.instagram.com\/chemitool\/"],"logo":{"@type":"ImageObject","@id":"https:\/\/chemitool.com\/#logo","inLanguage":"es","url":"https:\/\/chemitool.com\/wp-content\/uploads\/2020\/10\/logo_chemitool.png","contentUrl":"https:\/\/chemitool.com\/wp-content\/uploads\/2020\/10\/logo_chemitool.png","width":400,"height":400,"caption":"Chemitool"},"image":{"@id":"https:\/\/chemitool.com\/#logo"}},{"@type":"WebSite","@id":"https:\/\/chemitool.com\/#website","url":"https:\/\/chemitool.com\/","name":"Chemitool","description":"Chemitool - hardware and tools","publisher":{"@id":"https:\/\/chemitool.com\/#organization"},"potentialAction":[{"@type":"SearchAction","target":{"@type":"EntryPoint","urlTemplate":"https:\/\/chemitool.com\/?s={search_term_string}"},"query-input":"required name=search_term_string"}],"inLanguage":"es"},{"@type":"ImageObject","@id":"https:\/\/chemitool.com\/es\/products\/cutting\/abrasivos-flexibles\/rodillos\/rolo-de-nylon-pronylon\/#primaryimage","inLanguage":"es","url":"https:\/\/chemitool.com\/wp-content\/uploads\/2025\/01\/ROLOS_LIXA_NAO_TECIDO_3.png","contentUrl":"https:\/\/chemitool.com\/wp-content\/uploads\/2025\/01\/ROLOS_LIXA_NAO_TECIDO_3.png","width":800,"height":800},{"@type":"WebPage","@id":"https:\/\/chemitool.com\/es\/products\/cutting\/abrasivos-flexibles\/rodillos\/rolo-de-nylon-pronylon\/#webpage","url":"https:\/\/chemitool.com\/es\/products\/cutting\/abrasivos-flexibles\/rodillos\/rolo-de-nylon-pronylon\/","name":"ROLO DE NYLON PRONYLON &ndash; Chemitool","isPartOf":{"@id":"https:\/\/chemitool.com\/#website"},"primaryImageOfPage":{"@id":"https:\/\/chemitool.com\/es\/products\/cutting\/abrasivos-flexibles\/rodillos\/rolo-de-nylon-pronylon\/#primaryimage"},"datePublished":"2024-09-05T11:03:31+00:00","dateModified":"2025-01-21T14:16:02+00:00","description":"El Rodillo de nylon Pronylon CHEMITOOL est\u00e1 compuesto por material no tejido con una estructura gruesa, desarrollado a trav\u00e9s de una combinaci\u00f3n especial de fibras de poli\u00e9ster con granos abrasivos de carburo de silicio, y est\u00e1 indicado para operaciones que requieren desbaste y acabado en la misma operaci\u00f3n.","breadcrumb":{"@id":"https:\/\/chemitool.com\/es\/products\/cutting\/abrasivos-flexibles\/rodillos\/rolo-de-nylon-pronylon\/#breadcrumb"},"inLanguage":"es","potentialAction":[{"@type":"ReadAction","target":["https:\/\/chemitool.com\/es\/products\/cutting\/abrasivos-flexibles\/rodillos\/rolo-de-nylon-pronylon\/"]}]},{"@type":"BreadcrumbList","@id":"https:\/\/chemitool.com\/es\/products\/cutting\/abrasivos-flexibles\/rodillos\/rolo-de-nylon-pronylon\/#breadcrumb","itemListElement":[{"@type":"ListItem","position":1,"name":"Home","item":"https:\/\/chemitool.com\/es\/"},{"@type":"ListItem","position":2,"name":"Productos","item":"https:\/\/chemitool.com\/es\/productos\/"},{"@type":"ListItem","position":3,"name":"Cutting","item":"https:\/\/chemitool.com\/es\/categoria-producto\/cutting\/"},{"@type":"ListItem","position":4,"name":"Abrasivos Flexibles","item":"https:\/\/chemitool.com\/es\/categoria-producto\/cutting\/abrasivos-flexibles\/"},{"@type":"ListItem","position":5,"name":"Rodillos","item":"https:\/\/chemitool.com\/es\/categoria-producto\/cutting\/abrasivos-flexibles\/rodillos\/"},{"@type":"ListItem","position":6,"name":"ROLO DE NYLON PRONYLON"}]}]}},"_links":{"self":[{"href":"https:\/\/chemitool.com\/es\/wp-json\/wp\/v2\/product\/38649"}],"collection":[{"href":"https:\/\/chemitool.com\/es\/wp-json\/wp\/v2\/product"}],"about":[{"href":"https:\/\/chemitool.com\/es\/wp-json\/wp\/v2\/types\/product"}],"wp:featuredmedia":[{"embeddable":true,"href":"https:\/\/chemitool.com\/es\/wp-json\/wp\/v2\/media\/40908"}],"wp:attachment":[{"href":"https:\/\/chemitool.com\/es\/wp-json\/wp\/v2\/media?parent=38649"}],"wp:term":[{"taxonomy":"product_cat","embeddable":true,"href":"https:\/\/chemitool.com\/es\/wp-json\/wp\/v2\/product_cat?post=38649"},{"taxonomy":"product_tag","embeddable":true,"href":"https:\/\/chemitool.com\/es\/wp-json\/wp\/v2\/product_tag?post=38649"}],"curies":[{"name":"wp","href":"https:\/\/api.w.org\/{rel}","templated":true}]}}