{"id":38534,"date":"2024-09-04T14:44:36","date_gmt":"2024-09-04T14:44:38","guid":{"rendered":"https:\/\/chemitool.com\/?post_type=product&#038;p=38534"},"modified":"2024-09-04T16:04:17","modified_gmt":"2024-09-04T16:04:17","slug":"abrigo-de-lluvia-chemitool-2","status":"publish","type":"product","link":"https:\/\/chemitool.com\/es\/products\/safety\/ropa-tecnica\/impermeable\/abrigo-de-lluvia-chemitool-2\/","title":{"rendered":"ABRIGO DE LLUVIA CHEMITOOL"},"content":{"rendered":"<ul>\n<li>Apertura frontal de la chaqueta con cremallera ZIP<\/li>\n<li>Pu\u00f1o interior el\u00e1stico para un ajuste perfecto<\/li>\n<li>Costuras termoselladas para mayor comodidad<\/li>\n<li>Cintura ajustable con cord\u00f3n con puntas de pl\u00e1stico<\/li>\n<li>Dos bolsillos delanteros con solapa y capucha oculta<\/li>\n<li>Ventilaci\u00f3n trasera y ojales en las axilas para mayor transpirabilidad<\/li>\n<li>Pantal\u00f3n con cintura el\u00e1stica<\/li>\n<li>Dobladillos ajustables con botones de presi\u00f3n<\/li>\n<li>Bolsa para guardarlo de forma segura<\/li>\n<\/ul>\n<p><img class=\"alignnone size-full wp-image-15379\" src=\"https:\/\/chemitool.com\/wp-content\/uploads\/2021\/09\/MAN.png\" alt=\"\" width=\"85\" height=\"97\" \/><img class=\"alignnone size-medium wp-image-15275\" src=\"https:\/\/chemitool.com\/wp-content\/uploads\/2021\/09\/REGULAR-FIT-2.png\" alt=\"\" width=\"85\" height=\"97\" \/><img class=\"alignnone size-medium wp-image-15278\" src=\"https:\/\/chemitool.com\/wp-content\/uploads\/2021\/09\/WINDPROOF.png\" alt=\"\" width=\"85\" height=\"97\" \/><img class=\"alignnone size-medium wp-image-15347\" src=\"https:\/\/chemitool.com\/wp-content\/uploads\/2021\/09\/WATERPROOF-FABRIC.png\" alt=\"\" width=\"85\" height=\"97\" \/><\/p>\n","protected":false},"excerpt":{"rendered":"<p><em>Abrigo de Lluvia CHEMITOOL<\/em> es un conjunto ligero y flexible de chaqueta y pantal\u00f3n de 2 piezas. Chaqueta con capucha oculta en el cuello, ajustable y con cord\u00f3n. Ventilaci\u00f3n en la espalda y las axilas. Pu\u00f1os interiores el\u00e1sticos. Dos bolsillos inferiores con solapa para evitar la entrada de agua. Cremallera frontal. Pantal\u00f3n con cintura el\u00e1stica. Falsos bolsillos para acceder a los bolsillos del pantal\u00f3n que se pueden llevar debajo. Ajuste del tobillo mediante botones de presi\u00f3n.<\/p>\n","protected":false},"featured_media":38915,"template":"","meta":[],"product_cat":[1454,3453,3459],"product_tag":[],"yoast_head":"<!-- This site is optimized with the Yoast SEO plugin v17.4 - https:\/\/yoast.com\/wordpress\/plugins\/seo\/ -->\n<title>ABRIGO DE LLUVIA CHEMITOOL &ndash; Chemitool<\/title>\n<meta name=\"description\" content=\"Abrigo de Lluvia CHEMITOOL es un conjunto ligero y flexible de chaqueta y pantal\u00f3n de 2 piezas. Chaqueta con capucha oculta en el cuello, ajustable y con cord\u00f3n. Ventilaci\u00f3n en la espalda y las axilas. Pu\u00f1os interiores el\u00e1sticos. Dos bolsillos inferiores con solapa para evitar la entrada de agua. Cremallera frontal. Pantal\u00f3n con cintura el\u00e1stica. Falsos bolsillos para acceder a los bolsillos del pantal\u00f3n que se pueden llevar debajo. Ajuste del tobillo mediante botones de presi\u00f3n.\" \/>\n<meta name=\"robots\" content=\"index, follow, max-snippet:-1, max-image-preview:large, max-video-preview:-1\" \/>\n<link rel=\"canonical\" href=\"https:\/\/chemitool.com\/es\/products\/safety\/ropa-tecnica\/impermeable\/abrigo-de-lluvia-chemitool-2\/\" \/>\n<meta property=\"og:locale\" content=\"es_ES\" \/>\n<meta property=\"og:type\" content=\"article\" \/>\n<meta property=\"og:title\" content=\"ABRIGO DE LLUVIA CHEMITOOL &ndash; Chemitool\" \/>\n<meta property=\"og:description\" content=\"Abrigo de Lluvia CHEMITOOL es un conjunto ligero y flexible de chaqueta y pantal\u00f3n de 2 piezas. Chaqueta con capucha oculta en el cuello, ajustable y con cord\u00f3n. Ventilaci\u00f3n en la espalda y las axilas. Pu\u00f1os interiores el\u00e1sticos. Dos bolsillos inferiores con solapa para evitar la entrada de agua. Cremallera frontal. Pantal\u00f3n con cintura el\u00e1stica. Falsos bolsillos para acceder a los bolsillos del pantal\u00f3n que se pueden llevar debajo. Ajuste del tobillo mediante botones de presi\u00f3n.\" \/>\n<meta property=\"og:url\" content=\"https:\/\/chemitool.com\/es\/products\/safety\/ropa-tecnica\/impermeable\/abrigo-de-lluvia-chemitool-2\/\" \/>\n<meta property=\"og:site_name\" content=\"Chemitool\" \/>\n<meta property=\"article:publisher\" content=\"https:\/\/www.facebook.com\/chemitool\" \/>\n<meta property=\"article:modified_time\" content=\"2024-09-04T16:04:17+00:00\" \/>\n<meta property=\"og:image\" content=\"https:\/\/chemitool.com\/wp-content\/uploads\/2024\/09\/CHS10040103L.png\" \/>\n\t<meta property=\"og:image:width\" content=\"800\" \/>\n\t<meta property=\"og:image:height\" content=\"800\" \/>\n<meta name=\"twitter:card\" content=\"summary_large_image\" \/>\n<script type=\"application\/ld+json\" class=\"yoast-schema-graph\">{\"@context\":\"https:\/\/schema.org\",\"@graph\":[{\"@type\":\"Organization\",\"@id\":\"https:\/\/chemitool.com\/#organization\",\"name\":\"Chemitool\",\"url\":\"https:\/\/chemitool.com\/\",\"sameAs\":[\"https:\/\/www.facebook.com\/chemitool\",\"https:\/\/www.instagram.com\/chemitool\/\"],\"logo\":{\"@type\":\"ImageObject\",\"@id\":\"https:\/\/chemitool.com\/#logo\",\"inLanguage\":\"es\",\"url\":\"https:\/\/chemitool.com\/wp-content\/uploads\/2020\/10\/logo_chemitool.png\",\"contentUrl\":\"https:\/\/chemitool.com\/wp-content\/uploads\/2020\/10\/logo_chemitool.png\",\"width\":400,\"height\":400,\"caption\":\"Chemitool\"},\"image\":{\"@id\":\"https:\/\/chemitool.com\/#logo\"}},{\"@type\":\"WebSite\",\"@id\":\"https:\/\/chemitool.com\/#website\",\"url\":\"https:\/\/chemitool.com\/\",\"name\":\"Chemitool\",\"description\":\"Chemitool - hardware and tools\",\"publisher\":{\"@id\":\"https:\/\/chemitool.com\/#organization\"},\"potentialAction\":[{\"@type\":\"SearchAction\",\"target\":{\"@type\":\"EntryPoint\",\"urlTemplate\":\"https:\/\/chemitool.com\/?s={search_term_string}\"},\"query-input\":\"required name=search_term_string\"}],\"inLanguage\":\"es\"},{\"@type\":\"ImageObject\",\"@id\":\"https:\/\/chemitool.com\/es\/products\/safety\/ropa-tecnica\/impermeable\/abrigo-de-lluvia-chemitool-2\/#primaryimage\",\"inLanguage\":\"es\",\"url\":\"https:\/\/chemitool.com\/wp-content\/uploads\/2024\/09\/CHS10040103_web.png\",\"contentUrl\":\"https:\/\/chemitool.com\/wp-content\/uploads\/2024\/09\/CHS10040103_web.png\",\"width\":800,\"height\":800},{\"@type\":\"WebPage\",\"@id\":\"https:\/\/chemitool.com\/es\/products\/safety\/ropa-tecnica\/impermeable\/abrigo-de-lluvia-chemitool-2\/#webpage\",\"url\":\"https:\/\/chemitool.com\/es\/products\/safety\/ropa-tecnica\/impermeable\/abrigo-de-lluvia-chemitool-2\/\",\"name\":\"ABRIGO DE LLUVIA CHEMITOOL &ndash; Chemitool\",\"isPartOf\":{\"@id\":\"https:\/\/chemitool.com\/#website\"},\"primaryImageOfPage\":{\"@id\":\"https:\/\/chemitool.com\/es\/products\/safety\/ropa-tecnica\/impermeable\/abrigo-de-lluvia-chemitool-2\/#primaryimage\"},\"datePublished\":\"2024-09-04T14:44:38+00:00\",\"dateModified\":\"2024-09-04T16:04:17+00:00\",\"description\":\"Abrigo de Lluvia CHEMITOOL es un conjunto ligero y flexible de chaqueta y pantal\\u00f3n de 2 piezas. Chaqueta con capucha oculta en el cuello, ajustable y con cord\\u00f3n. Ventilaci\\u00f3n en la espalda y las axilas. Pu\\u00f1os interiores el\\u00e1sticos. Dos bolsillos inferiores con solapa para evitar la entrada de agua. Cremallera frontal. Pantal\\u00f3n con cintura el\\u00e1stica. Falsos bolsillos para acceder a los bolsillos del pantal\\u00f3n que se pueden llevar debajo. Ajuste del tobillo mediante botones de presi\\u00f3n.\",\"breadcrumb\":{\"@id\":\"https:\/\/chemitool.com\/es\/products\/safety\/ropa-tecnica\/impermeable\/abrigo-de-lluvia-chemitool-2\/#breadcrumb\"},\"inLanguage\":\"es\",\"potentialAction\":[{\"@type\":\"ReadAction\",\"target\":[\"https:\/\/chemitool.com\/es\/products\/safety\/ropa-tecnica\/impermeable\/abrigo-de-lluvia-chemitool-2\/\"]}]},{\"@type\":\"BreadcrumbList\",\"@id\":\"https:\/\/chemitool.com\/es\/products\/safety\/ropa-tecnica\/impermeable\/abrigo-de-lluvia-chemitool-2\/#breadcrumb\",\"itemListElement\":[{\"@type\":\"ListItem\",\"position\":1,\"name\":\"Home\",\"item\":\"https:\/\/chemitool.com\/es\/\"},{\"@type\":\"ListItem\",\"position\":2,\"name\":\"Productos\",\"item\":\"https:\/\/chemitool.com\/es\/productos\/\"},{\"@type\":\"ListItem\",\"position\":3,\"name\":\"Safety\",\"item\":\"https:\/\/chemitool.com\/es\/categoria-producto\/safety\/\"},{\"@type\":\"ListItem\",\"position\":4,\"name\":\"ABRIGO DE LLUVIA CHEMITOOL\"}]}]}<\/script>\n<!-- \/ Yoast SEO plugin. -->","yoast_head_json":{"title":"ABRIGO DE LLUVIA CHEMITOOL &ndash; Chemitool","description":"Abrigo de Lluvia CHEMITOOL es un conjunto ligero y flexible de chaqueta y pantal\u00f3n de 2 piezas. Chaqueta con capucha oculta en el cuello, ajustable y con cord\u00f3n. Ventilaci\u00f3n en la espalda y las axilas. Pu\u00f1os interiores el\u00e1sticos. Dos bolsillos inferiores con solapa para evitar la entrada de agua. Cremallera frontal. Pantal\u00f3n con cintura el\u00e1stica. Falsos bolsillos para acceder a los bolsillos del pantal\u00f3n que se pueden llevar debajo. Ajuste del tobillo mediante botones de presi\u00f3n.","robots":{"index":"index","follow":"follow","max-snippet":"max-snippet:-1","max-image-preview":"max-image-preview:large","max-video-preview":"max-video-preview:-1"},"canonical":"https:\/\/chemitool.com\/es\/products\/safety\/ropa-tecnica\/impermeable\/abrigo-de-lluvia-chemitool-2\/","og_locale":"es_ES","og_type":"article","og_title":"ABRIGO DE LLUVIA CHEMITOOL &ndash; Chemitool","og_description":"Abrigo de Lluvia CHEMITOOL es un conjunto ligero y flexible de chaqueta y pantal\u00f3n de 2 piezas. Chaqueta con capucha oculta en el cuello, ajustable y con cord\u00f3n. Ventilaci\u00f3n en la espalda y las axilas. Pu\u00f1os interiores el\u00e1sticos. Dos bolsillos inferiores con solapa para evitar la entrada de agua. Cremallera frontal. Pantal\u00f3n con cintura el\u00e1stica. Falsos bolsillos para acceder a los bolsillos del pantal\u00f3n que se pueden llevar debajo. Ajuste del tobillo mediante botones de presi\u00f3n.","og_url":"https:\/\/chemitool.com\/es\/products\/safety\/ropa-tecnica\/impermeable\/abrigo-de-lluvia-chemitool-2\/","og_site_name":"Chemitool","article_publisher":"https:\/\/www.facebook.com\/chemitool","article_modified_time":"2024-09-04T16:04:17+00:00","og_image":[{"width":800,"height":800,"url":"https:\/\/chemitool.com\/wp-content\/uploads\/2024\/09\/CHS10040103L.png","type":"image\/png"}],"twitter_card":"summary_large_image","schema":{"@context":"https:\/\/schema.org","@graph":[{"@type":"Organization","@id":"https:\/\/chemitool.com\/#organization","name":"Chemitool","url":"https:\/\/chemitool.com\/","sameAs":["https:\/\/www.facebook.com\/chemitool","https:\/\/www.instagram.com\/chemitool\/"],"logo":{"@type":"ImageObject","@id":"https:\/\/chemitool.com\/#logo","inLanguage":"es","url":"https:\/\/chemitool.com\/wp-content\/uploads\/2020\/10\/logo_chemitool.png","contentUrl":"https:\/\/chemitool.com\/wp-content\/uploads\/2020\/10\/logo_chemitool.png","width":400,"height":400,"caption":"Chemitool"},"image":{"@id":"https:\/\/chemitool.com\/#logo"}},{"@type":"WebSite","@id":"https:\/\/chemitool.com\/#website","url":"https:\/\/chemitool.com\/","name":"Chemitool","description":"Chemitool - hardware and tools","publisher":{"@id":"https:\/\/chemitool.com\/#organization"},"potentialAction":[{"@type":"SearchAction","target":{"@type":"EntryPoint","urlTemplate":"https:\/\/chemitool.com\/?s={search_term_string}"},"query-input":"required name=search_term_string"}],"inLanguage":"es"},{"@type":"ImageObject","@id":"https:\/\/chemitool.com\/es\/products\/safety\/ropa-tecnica\/impermeable\/abrigo-de-lluvia-chemitool-2\/#primaryimage","inLanguage":"es","url":"https:\/\/chemitool.com\/wp-content\/uploads\/2024\/09\/CHS10040103_web.png","contentUrl":"https:\/\/chemitool.com\/wp-content\/uploads\/2024\/09\/CHS10040103_web.png","width":800,"height":800},{"@type":"WebPage","@id":"https:\/\/chemitool.com\/es\/products\/safety\/ropa-tecnica\/impermeable\/abrigo-de-lluvia-chemitool-2\/#webpage","url":"https:\/\/chemitool.com\/es\/products\/safety\/ropa-tecnica\/impermeable\/abrigo-de-lluvia-chemitool-2\/","name":"ABRIGO DE LLUVIA CHEMITOOL &ndash; Chemitool","isPartOf":{"@id":"https:\/\/chemitool.com\/#website"},"primaryImageOfPage":{"@id":"https:\/\/chemitool.com\/es\/products\/safety\/ropa-tecnica\/impermeable\/abrigo-de-lluvia-chemitool-2\/#primaryimage"},"datePublished":"2024-09-04T14:44:38+00:00","dateModified":"2024-09-04T16:04:17+00:00","description":"Abrigo de Lluvia CHEMITOOL es un conjunto ligero y flexible de chaqueta y pantal\u00f3n de 2 piezas. Chaqueta con capucha oculta en el cuello, ajustable y con cord\u00f3n. Ventilaci\u00f3n en la espalda y las axilas. Pu\u00f1os interiores el\u00e1sticos. Dos bolsillos inferiores con solapa para evitar la entrada de agua. Cremallera frontal. Pantal\u00f3n con cintura el\u00e1stica. Falsos bolsillos para acceder a los bolsillos del pantal\u00f3n que se pueden llevar debajo. Ajuste del tobillo mediante botones de presi\u00f3n.","breadcrumb":{"@id":"https:\/\/chemitool.com\/es\/products\/safety\/ropa-tecnica\/impermeable\/abrigo-de-lluvia-chemitool-2\/#breadcrumb"},"inLanguage":"es","potentialAction":[{"@type":"ReadAction","target":["https:\/\/chemitool.com\/es\/products\/safety\/ropa-tecnica\/impermeable\/abrigo-de-lluvia-chemitool-2\/"]}]},{"@type":"BreadcrumbList","@id":"https:\/\/chemitool.com\/es\/products\/safety\/ropa-tecnica\/impermeable\/abrigo-de-lluvia-chemitool-2\/#breadcrumb","itemListElement":[{"@type":"ListItem","position":1,"name":"Home","item":"https:\/\/chemitool.com\/es\/"},{"@type":"ListItem","position":2,"name":"Productos","item":"https:\/\/chemitool.com\/es\/productos\/"},{"@type":"ListItem","position":3,"name":"Safety","item":"https:\/\/chemitool.com\/es\/categoria-producto\/safety\/"},{"@type":"ListItem","position":4,"name":"ABRIGO DE LLUVIA CHEMITOOL"}]}]}},"_links":{"self":[{"href":"https:\/\/chemitool.com\/es\/wp-json\/wp\/v2\/product\/38534"}],"collection":[{"href":"https:\/\/chemitool.com\/es\/wp-json\/wp\/v2\/product"}],"about":[{"href":"https:\/\/chemitool.com\/es\/wp-json\/wp\/v2\/types\/product"}],"wp:featuredmedia":[{"embeddable":true,"href":"https:\/\/chemitool.com\/es\/wp-json\/wp\/v2\/media\/38915"}],"wp:attachment":[{"href":"https:\/\/chemitool.com\/es\/wp-json\/wp\/v2\/media?parent=38534"}],"wp:term":[{"taxonomy":"product_cat","embeddable":true,"href":"https:\/\/chemitool.com\/es\/wp-json\/wp\/v2\/product_cat?post=38534"},{"taxonomy":"product_tag","embeddable":true,"href":"https:\/\/chemitool.com\/es\/wp-json\/wp\/v2\/product_tag?post=38534"}],"curies":[{"name":"wp","href":"https:\/\/api.w.org\/{rel}","templated":true}]}}