{"id":38510,"date":"2024-09-04T08:06:03","date_gmt":"2024-09-04T08:06:05","guid":{"rendered":"https:\/\/chemitool.com\/?post_type=product&#038;p=38510"},"modified":"2024-09-04T14:33:49","modified_gmt":"2024-09-04T14:33:49","slug":"abrigo-de-lluvia-chemitool","status":"publish","type":"product","link":"https:\/\/chemitool.com\/es\/products\/safety\/ropa-tecnica\/impermeable\/abrigo-de-lluvia-chemitool\/","title":{"rendered":"ABRIGO DE LLUVIA CHEMITOOL"},"content":{"rendered":"<ul>\n<li>Cierre de cremallera cubierto con cierre a presi\u00f3n<\/li>\n<li>Pu\u00f1o interior el\u00e1stico para un ajuste perfecto<\/li>\n<li>Costuras termoselladas para mayor comodidad<\/li>\n<li>Dos bolsillos delanteros con solapa y capucha<br \/>\noculta<\/li>\n<li>Ventilaci\u00f3n en la espalda y ojales en las axilas para<br \/>\nmayor transpirabilidad<\/li>\n<li>Bolsa de almacenamiento seguro<\/li>\n<\/ul>\n<p><img class=\"alignnone size-full wp-image-15379\" src=\"https:\/\/chemitool.com\/wp-content\/uploads\/2021\/09\/MAN.png\" alt=\"\" width=\"85\" height=\"97\" \/><img class=\"alignnone size-medium wp-image-15275\" src=\"https:\/\/chemitool.com\/wp-content\/uploads\/2021\/09\/REGULAR-FIT-2.png\" alt=\"\" width=\"85\" height=\"97\" \/><img class=\"alignnone size-medium wp-image-15278\" src=\"https:\/\/chemitool.com\/wp-content\/uploads\/2021\/09\/WINDPROOF.png\" alt=\"\" width=\"85\" height=\"97\" \/><img class=\"alignnone size-medium wp-image-15347\" src=\"https:\/\/chemitool.com\/wp-content\/uploads\/2021\/09\/WATERPROOF-FABRIC.png\" alt=\"\" width=\"85\" height=\"97\" \/><\/p>\n","protected":false},"excerpt":{"rendered":"<p><em>Abrigo de Lluvia CHEMITOOL<\/em> tiene un cierre delantero de cremallera, capucha oculta con cord\u00f3n ajustable en el cuello, mangas con pu\u00f1os interiores el\u00e1sticos y bolsillos inferiores con solapa para impedir la entrada de agua. Ventilaci\u00f3n en la espalda y las axilas y costuras termoselladas para una mayor protecci\u00f3n contra la lluvia.<\/p>\n","protected":false},"featured_media":38907,"template":"","meta":[],"product_cat":[1454,3453,3459],"product_tag":[],"yoast_head":"<!-- This site is optimized with the Yoast SEO plugin v17.4 - https:\/\/yoast.com\/wordpress\/plugins\/seo\/ -->\n<title>ABRIGO DE LLUVIA CHEMITOOL &ndash; Chemitool<\/title>\n<meta name=\"description\" content=\"Abrigo de Lluvia CHEMITOOL tiene un cierre delantero de cremallera, capucha oculta con cord\u00f3n ajustable en el cuello, mangas con pu\u00f1os interiores el\u00e1sticos y bolsillos inferiores con solapa para impedir la entrada de agua. Ventilaci\u00f3n en la espalda y las axilas y costuras termoselladas para una mayor protecci\u00f3n contra la lluvia.\" \/>\n<meta name=\"robots\" content=\"index, follow, max-snippet:-1, max-image-preview:large, max-video-preview:-1\" \/>\n<link rel=\"canonical\" href=\"https:\/\/chemitool.com\/es\/products\/safety\/technical-clothing\/waterproof\/rain-coat-chemitool\/\" \/>\n<meta property=\"og:locale\" content=\"es_ES\" \/>\n<meta property=\"og:type\" content=\"article\" \/>\n<meta property=\"og:title\" content=\"ABRIGO DE LLUVIA CHEMITOOL &ndash; Chemitool\" \/>\n<meta property=\"og:description\" content=\"Abrigo de Lluvia CHEMITOOL tiene un cierre delantero de cremallera, capucha oculta con cord\u00f3n ajustable en el cuello, mangas con pu\u00f1os interiores el\u00e1sticos y bolsillos inferiores con solapa para impedir la entrada de agua. Ventilaci\u00f3n en la espalda y las axilas y costuras termoselladas para una mayor protecci\u00f3n contra la lluvia.\" \/>\n<meta property=\"og:url\" content=\"https:\/\/chemitool.com\/products\/safety\/technical-clothing\/waterproof\/rain-coat-chemitool\/\" \/>\n<meta property=\"og:site_name\" content=\"Chemitool\" \/>\n<meta property=\"article:publisher\" content=\"https:\/\/www.facebook.com\/chemitool\" \/>\n<meta property=\"article:modified_time\" content=\"2024-09-04T14:33:49+00:00\" \/>\n<meta property=\"og:image\" content=\"https:\/\/chemitool.com\/wp-content\/uploads\/2024\/09\/CHS10040203L.png\" \/>\n\t<meta property=\"og:image:width\" content=\"800\" \/>\n\t<meta property=\"og:image:height\" content=\"800\" \/>\n<meta name=\"twitter:card\" content=\"summary_large_image\" \/>\n<script type=\"application\/ld+json\" class=\"yoast-schema-graph\">{\"@context\":\"https:\/\/schema.org\",\"@graph\":[{\"@type\":\"Organization\",\"@id\":\"https:\/\/chemitool.com\/#organization\",\"name\":\"Chemitool\",\"url\":\"https:\/\/chemitool.com\/\",\"sameAs\":[\"https:\/\/www.facebook.com\/chemitool\",\"https:\/\/www.instagram.com\/chemitool\/\"],\"logo\":{\"@type\":\"ImageObject\",\"@id\":\"https:\/\/chemitool.com\/#logo\",\"inLanguage\":\"es\",\"url\":\"https:\/\/chemitool.com\/wp-content\/uploads\/2020\/10\/logo_chemitool.png\",\"contentUrl\":\"https:\/\/chemitool.com\/wp-content\/uploads\/2020\/10\/logo_chemitool.png\",\"width\":400,\"height\":400,\"caption\":\"Chemitool\"},\"image\":{\"@id\":\"https:\/\/chemitool.com\/#logo\"}},{\"@type\":\"WebSite\",\"@id\":\"https:\/\/chemitool.com\/#website\",\"url\":\"https:\/\/chemitool.com\/\",\"name\":\"Chemitool\",\"description\":\"Chemitool - hardware and tools\",\"publisher\":{\"@id\":\"https:\/\/chemitool.com\/#organization\"},\"potentialAction\":[{\"@type\":\"SearchAction\",\"target\":{\"@type\":\"EntryPoint\",\"urlTemplate\":\"https:\/\/chemitool.com\/?s={search_term_string}\"},\"query-input\":\"required name=search_term_string\"}],\"inLanguage\":\"es\"},{\"@type\":\"ImageObject\",\"@id\":\"https:\/\/chemitool.com\/products\/safety\/technical-clothing\/waterproof\/rain-coat-chemitool\/#primaryimage\",\"inLanguage\":\"es\",\"url\":\"https:\/\/chemitool.com\/wp-content\/uploads\/2024\/09\/CHS10040203_web.png\",\"contentUrl\":\"https:\/\/chemitool.com\/wp-content\/uploads\/2024\/09\/CHS10040203_web.png\",\"width\":800,\"height\":800},{\"@type\":\"WebPage\",\"@id\":\"https:\/\/chemitool.com\/products\/safety\/technical-clothing\/waterproof\/rain-coat-chemitool\/#webpage\",\"url\":\"https:\/\/chemitool.com\/products\/safety\/technical-clothing\/waterproof\/rain-coat-chemitool\/\",\"name\":\"ABRIGO DE LLUVIA CHEMITOOL &ndash; Chemitool\",\"isPartOf\":{\"@id\":\"https:\/\/chemitool.com\/#website\"},\"primaryImageOfPage\":{\"@id\":\"https:\/\/chemitool.com\/products\/safety\/technical-clothing\/waterproof\/rain-coat-chemitool\/#primaryimage\"},\"datePublished\":\"2024-09-04T08:06:05+00:00\",\"dateModified\":\"2024-09-04T14:33:49+00:00\",\"description\":\"Abrigo de Lluvia CHEMITOOL tiene un cierre delantero de cremallera, capucha oculta con cord\\u00f3n ajustable en el cuello, mangas con pu\\u00f1os interiores el\\u00e1sticos y bolsillos inferiores con solapa para impedir la entrada de agua. Ventilaci\\u00f3n en la espalda y las axilas y costuras termoselladas para una mayor protecci\\u00f3n contra la lluvia.\",\"breadcrumb\":{\"@id\":\"https:\/\/chemitool.com\/products\/safety\/technical-clothing\/waterproof\/rain-coat-chemitool\/#breadcrumb\"},\"inLanguage\":\"es\",\"potentialAction\":[{\"@type\":\"ReadAction\",\"target\":[\"https:\/\/chemitool.com\/products\/safety\/technical-clothing\/waterproof\/rain-coat-chemitool\/\"]}]},{\"@type\":\"BreadcrumbList\",\"@id\":\"https:\/\/chemitool.com\/products\/safety\/technical-clothing\/waterproof\/rain-coat-chemitool\/#breadcrumb\",\"itemListElement\":[{\"@type\":\"ListItem\",\"position\":1,\"name\":\"Home\",\"item\":\"https:\/\/chemitool.com\/es\/\"},{\"@type\":\"ListItem\",\"position\":2,\"name\":\"Productos\",\"item\":\"https:\/\/chemitool.com\/es\/productos\/\"},{\"@type\":\"ListItem\",\"position\":3,\"name\":\"Safety\",\"item\":\"https:\/\/chemitool.com\/es\/categoria-producto\/safety\/\"},{\"@type\":\"ListItem\",\"position\":4,\"name\":\"Ropa T\\u00e9cnica\",\"item\":\"https:\/\/chemitool.com\/es\/categoria-producto\/safety\/ropa-tecnica\/\"},{\"@type\":\"ListItem\",\"position\":5,\"name\":\"Impermeable\",\"item\":\"https:\/\/chemitool.com\/es\/categoria-producto\/safety\/ropa-tecnica\/impermeable\/\"},{\"@type\":\"ListItem\",\"position\":6,\"name\":\"ABRIGO DE LLUVIA CHEMITOOL\"}]}]}<\/script>\n<!-- \/ Yoast SEO plugin. -->","yoast_head_json":{"title":"ABRIGO DE LLUVIA CHEMITOOL &ndash; Chemitool","description":"Abrigo de Lluvia CHEMITOOL tiene un cierre delantero de cremallera, capucha oculta con cord\u00f3n ajustable en el cuello, mangas con pu\u00f1os interiores el\u00e1sticos y bolsillos inferiores con solapa para impedir la entrada de agua. Ventilaci\u00f3n en la espalda y las axilas y costuras termoselladas para una mayor protecci\u00f3n contra la lluvia.","robots":{"index":"index","follow":"follow","max-snippet":"max-snippet:-1","max-image-preview":"max-image-preview:large","max-video-preview":"max-video-preview:-1"},"canonical":"https:\/\/chemitool.com\/es\/products\/safety\/technical-clothing\/waterproof\/rain-coat-chemitool\/","og_locale":"es_ES","og_type":"article","og_title":"ABRIGO DE LLUVIA CHEMITOOL &ndash; Chemitool","og_description":"Abrigo de Lluvia CHEMITOOL tiene un cierre delantero de cremallera, capucha oculta con cord\u00f3n ajustable en el cuello, mangas con pu\u00f1os interiores el\u00e1sticos y bolsillos inferiores con solapa para impedir la entrada de agua. Ventilaci\u00f3n en la espalda y las axilas y costuras termoselladas para una mayor protecci\u00f3n contra la lluvia.","og_url":"https:\/\/chemitool.com\/products\/safety\/technical-clothing\/waterproof\/rain-coat-chemitool\/","og_site_name":"Chemitool","article_publisher":"https:\/\/www.facebook.com\/chemitool","article_modified_time":"2024-09-04T14:33:49+00:00","og_image":[{"width":800,"height":800,"url":"https:\/\/chemitool.com\/wp-content\/uploads\/2024\/09\/CHS10040203L.png","type":"image\/png"}],"twitter_card":"summary_large_image","schema":{"@context":"https:\/\/schema.org","@graph":[{"@type":"Organization","@id":"https:\/\/chemitool.com\/#organization","name":"Chemitool","url":"https:\/\/chemitool.com\/","sameAs":["https:\/\/www.facebook.com\/chemitool","https:\/\/www.instagram.com\/chemitool\/"],"logo":{"@type":"ImageObject","@id":"https:\/\/chemitool.com\/#logo","inLanguage":"es","url":"https:\/\/chemitool.com\/wp-content\/uploads\/2020\/10\/logo_chemitool.png","contentUrl":"https:\/\/chemitool.com\/wp-content\/uploads\/2020\/10\/logo_chemitool.png","width":400,"height":400,"caption":"Chemitool"},"image":{"@id":"https:\/\/chemitool.com\/#logo"}},{"@type":"WebSite","@id":"https:\/\/chemitool.com\/#website","url":"https:\/\/chemitool.com\/","name":"Chemitool","description":"Chemitool - hardware and tools","publisher":{"@id":"https:\/\/chemitool.com\/#organization"},"potentialAction":[{"@type":"SearchAction","target":{"@type":"EntryPoint","urlTemplate":"https:\/\/chemitool.com\/?s={search_term_string}"},"query-input":"required name=search_term_string"}],"inLanguage":"es"},{"@type":"ImageObject","@id":"https:\/\/chemitool.com\/products\/safety\/technical-clothing\/waterproof\/rain-coat-chemitool\/#primaryimage","inLanguage":"es","url":"https:\/\/chemitool.com\/wp-content\/uploads\/2024\/09\/CHS10040203_web.png","contentUrl":"https:\/\/chemitool.com\/wp-content\/uploads\/2024\/09\/CHS10040203_web.png","width":800,"height":800},{"@type":"WebPage","@id":"https:\/\/chemitool.com\/products\/safety\/technical-clothing\/waterproof\/rain-coat-chemitool\/#webpage","url":"https:\/\/chemitool.com\/products\/safety\/technical-clothing\/waterproof\/rain-coat-chemitool\/","name":"ABRIGO DE LLUVIA CHEMITOOL &ndash; Chemitool","isPartOf":{"@id":"https:\/\/chemitool.com\/#website"},"primaryImageOfPage":{"@id":"https:\/\/chemitool.com\/products\/safety\/technical-clothing\/waterproof\/rain-coat-chemitool\/#primaryimage"},"datePublished":"2024-09-04T08:06:05+00:00","dateModified":"2024-09-04T14:33:49+00:00","description":"Abrigo de Lluvia CHEMITOOL tiene un cierre delantero de cremallera, capucha oculta con cord\u00f3n ajustable en el cuello, mangas con pu\u00f1os interiores el\u00e1sticos y bolsillos inferiores con solapa para impedir la entrada de agua. Ventilaci\u00f3n en la espalda y las axilas y costuras termoselladas para una mayor protecci\u00f3n contra la lluvia.","breadcrumb":{"@id":"https:\/\/chemitool.com\/products\/safety\/technical-clothing\/waterproof\/rain-coat-chemitool\/#breadcrumb"},"inLanguage":"es","potentialAction":[{"@type":"ReadAction","target":["https:\/\/chemitool.com\/products\/safety\/technical-clothing\/waterproof\/rain-coat-chemitool\/"]}]},{"@type":"BreadcrumbList","@id":"https:\/\/chemitool.com\/products\/safety\/technical-clothing\/waterproof\/rain-coat-chemitool\/#breadcrumb","itemListElement":[{"@type":"ListItem","position":1,"name":"Home","item":"https:\/\/chemitool.com\/es\/"},{"@type":"ListItem","position":2,"name":"Productos","item":"https:\/\/chemitool.com\/es\/productos\/"},{"@type":"ListItem","position":3,"name":"Safety","item":"https:\/\/chemitool.com\/es\/categoria-producto\/safety\/"},{"@type":"ListItem","position":4,"name":"Ropa T\u00e9cnica","item":"https:\/\/chemitool.com\/es\/categoria-producto\/safety\/ropa-tecnica\/"},{"@type":"ListItem","position":5,"name":"Impermeable","item":"https:\/\/chemitool.com\/es\/categoria-producto\/safety\/ropa-tecnica\/impermeable\/"},{"@type":"ListItem","position":6,"name":"ABRIGO DE LLUVIA CHEMITOOL"}]}]}},"_links":{"self":[{"href":"https:\/\/chemitool.com\/es\/wp-json\/wp\/v2\/product\/38510"}],"collection":[{"href":"https:\/\/chemitool.com\/es\/wp-json\/wp\/v2\/product"}],"about":[{"href":"https:\/\/chemitool.com\/es\/wp-json\/wp\/v2\/types\/product"}],"wp:featuredmedia":[{"embeddable":true,"href":"https:\/\/chemitool.com\/es\/wp-json\/wp\/v2\/media\/38907"}],"wp:attachment":[{"href":"https:\/\/chemitool.com\/es\/wp-json\/wp\/v2\/media?parent=38510"}],"wp:term":[{"taxonomy":"product_cat","embeddable":true,"href":"https:\/\/chemitool.com\/es\/wp-json\/wp\/v2\/product_cat?post=38510"},{"taxonomy":"product_tag","embeddable":true,"href":"https:\/\/chemitool.com\/es\/wp-json\/wp\/v2\/product_tag?post=38510"}],"curies":[{"name":"wp","href":"https:\/\/api.w.org\/{rel}","templated":true}]}}