{"id":38028,"date":"2024-05-08T14:41:04","date_gmt":"2024-05-08T14:41:05","guid":{"rendered":"https:\/\/chemitool.com\/?post_type=product&#038;p=38028"},"modified":"2024-05-08T14:57:07","modified_gmt":"2024-05-08T14:57:07","slug":"zapatilla-de-seguridad-indianapolis-s7s-sr-fo-hro-esd-marron","status":"publish","type":"product","link":"https:\/\/chemitool.com\/es\/products\/safety\/zapatos-de-seguridad\/zapatilhas\/indianapolis-es\/zapatilla-de-seguridad-indianapolis-s7s-sr-fo-hro-esd-marron\/","title":{"rendered":"ZAPATILLA DE SEGURIDAD INDIANAPOLIS S7S SR FO HRO ESD &#8211; MARR\u00d3N"},"content":{"rendered":"<ul>\n<li>100% impermeable<\/li>\n<li>100% no met\u00e1lico<\/li>\n<li>Ligereza y flexibilidad de movimiento<\/li>\n<li>Aislamiento contra el fr\u00edo y el calor<\/li>\n<li>Suela resistente al calor hasta 300\u00baC<\/li>\n<li>Plantilla anat\u00f3mica y antist\u00e1tica con absorci\u00f3n de impactos en el tal\u00f3n y soporte para el arco transversal<\/li>\n<li>ESD (Seguro de Descarga Electroest\u00e1tica)<\/li>\n<\/ul>\n<p><img class=\"alignnone wp-image-19895\" src=\"https:\/\/chemitool.com\/wp-content\/uploads\/2022\/03\/EN-ISO-20345-300x300.png\" alt=\"\" width=\"80\" height=\"80\" srcset=\"https:\/\/chemitool.com\/wp-content\/uploads\/2022\/03\/EN-ISO-20345-300x300.png 300w, https:\/\/chemitool.com\/wp-content\/uploads\/2022\/03\/EN-ISO-20345-150x150.png 150w, https:\/\/chemitool.com\/wp-content\/uploads\/2022\/03\/EN-ISO-20345-600x600.png 600w, https:\/\/chemitool.com\/wp-content\/uploads\/2022\/03\/EN-ISO-20345-100x100.png 100w, https:\/\/chemitool.com\/wp-content\/uploads\/2022\/03\/EN-ISO-20345.png 640w\" sizes=\"(max-width: 80px) 100vw, 80px\" \/><\/p>\n","protected":false},"excerpt":{"rendered":"<p><em>Zapatilla de Seguridad INDIANAPOLIS S7S SR FO HRO ESD CHEMITOOL <\/em>es hecho de cuero nubuck y es completamente impermeable. Con una puntera de fibra de vidrio y una plantilla antiperforaci\u00f3n no met\u00e1lica, el zapato es m\u00e1s ligero, m\u00e1s flexible y m\u00e1s termorregulador.<\/p>\n","protected":false},"featured_media":38077,"template":"","meta":[],"product_cat":[1454,3036,4287,5190],"product_tag":[],"yoast_head":"<!-- This site is optimized with the Yoast SEO plugin v17.4 - https:\/\/yoast.com\/wordpress\/plugins\/seo\/ -->\n<title>ZAPATILLA DE SEGURIDAD INDIANAPOLIS S7S SR FO HRO ESD - MARR\u00d3N &ndash; Chemitool<\/title>\n<meta name=\"description\" content=\"Zapatilla de Seguridad INDIANAPOLIS S7S SR FO HRO ESD CHEMITOOL es hecho de cuero nubuck y es completamente impermeable. Con una puntera de fibra de vidrio y una plantilla antiperforaci\u00f3n no met\u00e1lica, el zapato es m\u00e1s ligero, m\u00e1s flexible y m\u00e1s termorregulador.\" \/>\n<meta name=\"robots\" content=\"index, follow, max-snippet:-1, max-image-preview:large, max-video-preview:-1\" \/>\n<link rel=\"canonical\" href=\"https:\/\/chemitool.com\/es\/products\/safety\/safety-shoes\/sneakers\/indianapolis\/indianapolis-s7s-sr-fo-hro-esd-safety-sneaker-brown\/\" \/>\n<meta property=\"og:locale\" content=\"es_ES\" \/>\n<meta property=\"og:type\" content=\"article\" \/>\n<meta property=\"og:title\" content=\"ZAPATILLA DE SEGURIDAD INDIANAPOLIS S7S SR FO HRO ESD - MARR\u00d3N &ndash; Chemitool\" \/>\n<meta property=\"og:description\" content=\"Zapatilla de Seguridad INDIANAPOLIS S7S SR FO HRO ESD CHEMITOOL es hecho de cuero nubuck y es completamente impermeable. Con una puntera de fibra de vidrio y una plantilla antiperforaci\u00f3n no met\u00e1lica, el zapato es m\u00e1s ligero, m\u00e1s flexible y m\u00e1s termorregulador.\" \/>\n<meta property=\"og:url\" content=\"https:\/\/chemitool.com\/products\/safety\/safety-shoes\/sneakers\/indianapolis\/indianapolis-s7s-sr-fo-hro-esd-safety-sneaker-brown\/\" \/>\n<meta property=\"og:site_name\" content=\"Chemitool\" \/>\n<meta property=\"article:publisher\" content=\"https:\/\/www.facebook.com\/chemitool\" \/>\n<meta property=\"article:modified_time\" content=\"2024-05-08T14:57:07+00:00\" \/>\n<meta property=\"og:image\" content=\"https:\/\/chemitool.com\/wp-content\/uploads\/2024\/05\/indianapolis_brown_temp.png\" \/>\n\t<meta property=\"og:image:width\" content=\"800\" \/>\n\t<meta property=\"og:image:height\" content=\"800\" \/>\n<meta name=\"twitter:card\" content=\"summary_large_image\" \/>\n<script type=\"application\/ld+json\" class=\"yoast-schema-graph\">{\"@context\":\"https:\/\/schema.org\",\"@graph\":[{\"@type\":\"Organization\",\"@id\":\"https:\/\/chemitool.com\/#organization\",\"name\":\"Chemitool\",\"url\":\"https:\/\/chemitool.com\/\",\"sameAs\":[\"https:\/\/www.facebook.com\/chemitool\",\"https:\/\/www.instagram.com\/chemitool\/\"],\"logo\":{\"@type\":\"ImageObject\",\"@id\":\"https:\/\/chemitool.com\/#logo\",\"inLanguage\":\"es\",\"url\":\"https:\/\/chemitool.com\/wp-content\/uploads\/2020\/10\/logo_chemitool.png\",\"contentUrl\":\"https:\/\/chemitool.com\/wp-content\/uploads\/2020\/10\/logo_chemitool.png\",\"width\":400,\"height\":400,\"caption\":\"Chemitool\"},\"image\":{\"@id\":\"https:\/\/chemitool.com\/#logo\"}},{\"@type\":\"WebSite\",\"@id\":\"https:\/\/chemitool.com\/#website\",\"url\":\"https:\/\/chemitool.com\/\",\"name\":\"Chemitool\",\"description\":\"Chemitool - hardware and tools\",\"publisher\":{\"@id\":\"https:\/\/chemitool.com\/#organization\"},\"potentialAction\":[{\"@type\":\"SearchAction\",\"target\":{\"@type\":\"EntryPoint\",\"urlTemplate\":\"https:\/\/chemitool.com\/?s={search_term_string}\"},\"query-input\":\"required name=search_term_string\"}],\"inLanguage\":\"es\"},{\"@type\":\"ImageObject\",\"@id\":\"https:\/\/chemitool.com\/products\/safety\/safety-shoes\/sneakers\/indianapolis\/indianapolis-s7s-sr-fo-hro-esd-safety-sneaker-brown\/#primaryimage\",\"inLanguage\":\"es\",\"url\":\"https:\/\/chemitool.com\/wp-content\/uploads\/2024\/05\/CHS010902_1_web.png\",\"contentUrl\":\"https:\/\/chemitool.com\/wp-content\/uploads\/2024\/05\/CHS010902_1_web.png\",\"width\":800,\"height\":800},{\"@type\":\"WebPage\",\"@id\":\"https:\/\/chemitool.com\/products\/safety\/safety-shoes\/sneakers\/indianapolis\/indianapolis-s7s-sr-fo-hro-esd-safety-sneaker-brown\/#webpage\",\"url\":\"https:\/\/chemitool.com\/products\/safety\/safety-shoes\/sneakers\/indianapolis\/indianapolis-s7s-sr-fo-hro-esd-safety-sneaker-brown\/\",\"name\":\"ZAPATILLA DE SEGURIDAD INDIANAPOLIS S7S SR FO HRO ESD - MARR\\u00d3N &ndash; Chemitool\",\"isPartOf\":{\"@id\":\"https:\/\/chemitool.com\/#website\"},\"primaryImageOfPage\":{\"@id\":\"https:\/\/chemitool.com\/products\/safety\/safety-shoes\/sneakers\/indianapolis\/indianapolis-s7s-sr-fo-hro-esd-safety-sneaker-brown\/#primaryimage\"},\"datePublished\":\"2024-05-08T14:41:05+00:00\",\"dateModified\":\"2024-05-08T14:57:07+00:00\",\"description\":\"Zapatilla de Seguridad INDIANAPOLIS S7S SR FO HRO ESD CHEMITOOL es hecho de cuero nubuck y es completamente impermeable. Con una puntera de fibra de vidrio y una plantilla antiperforaci\\u00f3n no met\\u00e1lica, el zapato es m\\u00e1s ligero, m\\u00e1s flexible y m\\u00e1s termorregulador.\",\"breadcrumb\":{\"@id\":\"https:\/\/chemitool.com\/products\/safety\/safety-shoes\/sneakers\/indianapolis\/indianapolis-s7s-sr-fo-hro-esd-safety-sneaker-brown\/#breadcrumb\"},\"inLanguage\":\"es\",\"potentialAction\":[{\"@type\":\"ReadAction\",\"target\":[\"https:\/\/chemitool.com\/products\/safety\/safety-shoes\/sneakers\/indianapolis\/indianapolis-s7s-sr-fo-hro-esd-safety-sneaker-brown\/\"]}]},{\"@type\":\"BreadcrumbList\",\"@id\":\"https:\/\/chemitool.com\/products\/safety\/safety-shoes\/sneakers\/indianapolis\/indianapolis-s7s-sr-fo-hro-esd-safety-sneaker-brown\/#breadcrumb\",\"itemListElement\":[{\"@type\":\"ListItem\",\"position\":1,\"name\":\"Home\",\"item\":\"https:\/\/chemitool.com\/es\/\"},{\"@type\":\"ListItem\",\"position\":2,\"name\":\"Productos\",\"item\":\"https:\/\/chemitool.com\/es\/productos\/\"},{\"@type\":\"ListItem\",\"position\":3,\"name\":\"Safety\",\"item\":\"https:\/\/chemitool.com\/es\/categoria-producto\/safety\/\"},{\"@type\":\"ListItem\",\"position\":4,\"name\":\"zapatos de seguridad\",\"item\":\"https:\/\/chemitool.com\/es\/categoria-producto\/safety\/zapatos-de-seguridad\/\"},{\"@type\":\"ListItem\",\"position\":5,\"name\":\"Zapatillas\",\"item\":\"https:\/\/chemitool.com\/es\/categoria-producto\/safety\/zapatos-de-seguridad\/zapatilhas\/\"},{\"@type\":\"ListItem\",\"position\":6,\"name\":\"INDIANAPOLIS\",\"item\":\"https:\/\/chemitool.com\/es\/categoria-producto\/safety\/zapatos-de-seguridad\/zapatilhas\/indianapolis-es\/\"},{\"@type\":\"ListItem\",\"position\":7,\"name\":\"ZAPATILLA DE SEGURIDAD INDIANAPOLIS S7S SR FO HRO ESD &#8211; MARR\\u00d3N\"}]}]}<\/script>\n<!-- \/ Yoast SEO plugin. -->","yoast_head_json":{"title":"ZAPATILLA DE SEGURIDAD INDIANAPOLIS S7S SR FO HRO ESD - MARR\u00d3N &ndash; Chemitool","description":"Zapatilla de Seguridad INDIANAPOLIS S7S SR FO HRO ESD CHEMITOOL es hecho de cuero nubuck y es completamente impermeable. Con una puntera de fibra de vidrio y una plantilla antiperforaci\u00f3n no met\u00e1lica, el zapato es m\u00e1s ligero, m\u00e1s flexible y m\u00e1s termorregulador.","robots":{"index":"index","follow":"follow","max-snippet":"max-snippet:-1","max-image-preview":"max-image-preview:large","max-video-preview":"max-video-preview:-1"},"canonical":"https:\/\/chemitool.com\/es\/products\/safety\/safety-shoes\/sneakers\/indianapolis\/indianapolis-s7s-sr-fo-hro-esd-safety-sneaker-brown\/","og_locale":"es_ES","og_type":"article","og_title":"ZAPATILLA DE SEGURIDAD INDIANAPOLIS S7S SR FO HRO ESD - MARR\u00d3N &ndash; Chemitool","og_description":"Zapatilla de Seguridad INDIANAPOLIS S7S SR FO HRO ESD CHEMITOOL es hecho de cuero nubuck y es completamente impermeable. Con una puntera de fibra de vidrio y una plantilla antiperforaci\u00f3n no met\u00e1lica, el zapato es m\u00e1s ligero, m\u00e1s flexible y m\u00e1s termorregulador.","og_url":"https:\/\/chemitool.com\/products\/safety\/safety-shoes\/sneakers\/indianapolis\/indianapolis-s7s-sr-fo-hro-esd-safety-sneaker-brown\/","og_site_name":"Chemitool","article_publisher":"https:\/\/www.facebook.com\/chemitool","article_modified_time":"2024-05-08T14:57:07+00:00","og_image":[{"width":800,"height":800,"url":"https:\/\/chemitool.com\/wp-content\/uploads\/2024\/05\/indianapolis_brown_temp.png","type":"image\/png"}],"twitter_card":"summary_large_image","schema":{"@context":"https:\/\/schema.org","@graph":[{"@type":"Organization","@id":"https:\/\/chemitool.com\/#organization","name":"Chemitool","url":"https:\/\/chemitool.com\/","sameAs":["https:\/\/www.facebook.com\/chemitool","https:\/\/www.instagram.com\/chemitool\/"],"logo":{"@type":"ImageObject","@id":"https:\/\/chemitool.com\/#logo","inLanguage":"es","url":"https:\/\/chemitool.com\/wp-content\/uploads\/2020\/10\/logo_chemitool.png","contentUrl":"https:\/\/chemitool.com\/wp-content\/uploads\/2020\/10\/logo_chemitool.png","width":400,"height":400,"caption":"Chemitool"},"image":{"@id":"https:\/\/chemitool.com\/#logo"}},{"@type":"WebSite","@id":"https:\/\/chemitool.com\/#website","url":"https:\/\/chemitool.com\/","name":"Chemitool","description":"Chemitool - hardware and tools","publisher":{"@id":"https:\/\/chemitool.com\/#organization"},"potentialAction":[{"@type":"SearchAction","target":{"@type":"EntryPoint","urlTemplate":"https:\/\/chemitool.com\/?s={search_term_string}"},"query-input":"required name=search_term_string"}],"inLanguage":"es"},{"@type":"ImageObject","@id":"https:\/\/chemitool.com\/products\/safety\/safety-shoes\/sneakers\/indianapolis\/indianapolis-s7s-sr-fo-hro-esd-safety-sneaker-brown\/#primaryimage","inLanguage":"es","url":"https:\/\/chemitool.com\/wp-content\/uploads\/2024\/05\/CHS010902_1_web.png","contentUrl":"https:\/\/chemitool.com\/wp-content\/uploads\/2024\/05\/CHS010902_1_web.png","width":800,"height":800},{"@type":"WebPage","@id":"https:\/\/chemitool.com\/products\/safety\/safety-shoes\/sneakers\/indianapolis\/indianapolis-s7s-sr-fo-hro-esd-safety-sneaker-brown\/#webpage","url":"https:\/\/chemitool.com\/products\/safety\/safety-shoes\/sneakers\/indianapolis\/indianapolis-s7s-sr-fo-hro-esd-safety-sneaker-brown\/","name":"ZAPATILLA DE SEGURIDAD INDIANAPOLIS S7S SR FO HRO ESD - MARR\u00d3N &ndash; Chemitool","isPartOf":{"@id":"https:\/\/chemitool.com\/#website"},"primaryImageOfPage":{"@id":"https:\/\/chemitool.com\/products\/safety\/safety-shoes\/sneakers\/indianapolis\/indianapolis-s7s-sr-fo-hro-esd-safety-sneaker-brown\/#primaryimage"},"datePublished":"2024-05-08T14:41:05+00:00","dateModified":"2024-05-08T14:57:07+00:00","description":"Zapatilla de Seguridad INDIANAPOLIS S7S SR FO HRO ESD CHEMITOOL es hecho de cuero nubuck y es completamente impermeable. Con una puntera de fibra de vidrio y una plantilla antiperforaci\u00f3n no met\u00e1lica, el zapato es m\u00e1s ligero, m\u00e1s flexible y m\u00e1s termorregulador.","breadcrumb":{"@id":"https:\/\/chemitool.com\/products\/safety\/safety-shoes\/sneakers\/indianapolis\/indianapolis-s7s-sr-fo-hro-esd-safety-sneaker-brown\/#breadcrumb"},"inLanguage":"es","potentialAction":[{"@type":"ReadAction","target":["https:\/\/chemitool.com\/products\/safety\/safety-shoes\/sneakers\/indianapolis\/indianapolis-s7s-sr-fo-hro-esd-safety-sneaker-brown\/"]}]},{"@type":"BreadcrumbList","@id":"https:\/\/chemitool.com\/products\/safety\/safety-shoes\/sneakers\/indianapolis\/indianapolis-s7s-sr-fo-hro-esd-safety-sneaker-brown\/#breadcrumb","itemListElement":[{"@type":"ListItem","position":1,"name":"Home","item":"https:\/\/chemitool.com\/es\/"},{"@type":"ListItem","position":2,"name":"Productos","item":"https:\/\/chemitool.com\/es\/productos\/"},{"@type":"ListItem","position":3,"name":"Safety","item":"https:\/\/chemitool.com\/es\/categoria-producto\/safety\/"},{"@type":"ListItem","position":4,"name":"zapatos de seguridad","item":"https:\/\/chemitool.com\/es\/categoria-producto\/safety\/zapatos-de-seguridad\/"},{"@type":"ListItem","position":5,"name":"Zapatillas","item":"https:\/\/chemitool.com\/es\/categoria-producto\/safety\/zapatos-de-seguridad\/zapatilhas\/"},{"@type":"ListItem","position":6,"name":"INDIANAPOLIS","item":"https:\/\/chemitool.com\/es\/categoria-producto\/safety\/zapatos-de-seguridad\/zapatilhas\/indianapolis-es\/"},{"@type":"ListItem","position":7,"name":"ZAPATILLA DE SEGURIDAD INDIANAPOLIS S7S SR FO HRO ESD &#8211; MARR\u00d3N"}]}]}},"_links":{"self":[{"href":"https:\/\/chemitool.com\/es\/wp-json\/wp\/v2\/product\/38028"}],"collection":[{"href":"https:\/\/chemitool.com\/es\/wp-json\/wp\/v2\/product"}],"about":[{"href":"https:\/\/chemitool.com\/es\/wp-json\/wp\/v2\/types\/product"}],"wp:featuredmedia":[{"embeddable":true,"href":"https:\/\/chemitool.com\/es\/wp-json\/wp\/v2\/media\/38077"}],"wp:attachment":[{"href":"https:\/\/chemitool.com\/es\/wp-json\/wp\/v2\/media?parent=38028"}],"wp:term":[{"taxonomy":"product_cat","embeddable":true,"href":"https:\/\/chemitool.com\/es\/wp-json\/wp\/v2\/product_cat?post=38028"},{"taxonomy":"product_tag","embeddable":true,"href":"https:\/\/chemitool.com\/es\/wp-json\/wp\/v2\/product_tag?post=38028"}],"curies":[{"name":"wp","href":"https:\/\/api.w.org\/{rel}","templated":true}]}}