{"id":3769,"date":"2020-03-26T15:31:26","date_gmt":"2020-03-26T15:31:26","guid":{"rendered":"https:\/\/chemitool.com\/products\/sin%20categor\u00eda\/silicone-sanitario-chemisil\/"},"modified":"2021-09-09T16:02:58","modified_gmt":"2021-09-09T16:02:58","slug":"silicona-banos-y-cocinas-chemisil","status":"publish","type":"product","link":"https:\/\/chemitool.com\/es\/products\/chemicals\/siliconas\/silicona-banos-y-cocinas-chemisil\/","title":{"rendered":"SILICONA BA\u00d1OS Y COCINAS CHEMISIL"},"content":{"rendered":"<p><strong>VENTAJAS<\/strong><\/p>\n<ul>\n<li>Excelente adhesi\u00f3n y alta adaptaci\u00f3n al movimiento<\/li>\n<li>R\u00e1pida formaci\u00f3n de pel\u00edcula<\/li>\n<li>Buena durabilidad de sellado y no pierde volumen<\/li>\n<li>Fuerte acci\u00f3n fungicida, evita la formaci\u00f3n de moho y bacterias, mismo en las zonas m\u00e1s h\u00famedas<\/li>\n<li>Forma una goma el\u00e1stica y resistente a los rayos U.V. y a las condiciones atmosf\u00e9ricas<\/li>\n<li>Buena adhesi\u00f3n sobre materiales no porosos, tales como, vidrio, aluminio, elementos vitrificados<\/li>\n<\/ul>\n<p><strong>INDICACIONES<\/strong><\/p>\n<p>&#8211; Para aplicar en sustratos porosos, como el hormig\u00f3n, es necesario limpiar mec\u00e1nicamente la superficie con cepillos o discos de pulido.<br \/>\n&#8211; Aplicar la silicona con la ayuda de una pistola de acuerdo con el espesor de la junta y alise, antes que se forme una pel\u00edcula. La silicona antes de curar se puede limpiar con un disolvente, una vez curada, solo se puede eliminar mec\u00e1nicamente.<br \/>\n&#8211; En algunos materiales puede haber problemas de adhesi\u00f3n y, por eso, recomendamos realizar pruebas previas.<\/p>\n","protected":false},"excerpt":{"rendered":"<p><em>Silicona Ba\u00f1os y Cocinas CHEMISIL<\/em>\u00a0es un sellador monocomponente de bajo m\u00f3dulo y cura en contacto con la humedad atmosf\u00e9rica.<\/p>\n","protected":false},"featured_media":29986,"template":"","meta":[],"product_cat":[1209,1220],"product_tag":[112],"yoast_head":"<!-- This site is optimized with the Yoast SEO plugin v17.4 - https:\/\/yoast.com\/wordpress\/plugins\/seo\/ -->\n<title>SILICONA BA\u00d1OS Y COCINAS CHEMISIL &ndash; Chemitool<\/title>\n<meta name=\"description\" content=\"Silicona Ba\u00f1os y Cocinas CHEMISIL\u00a0es un sellador monocomponente de bajo m\u00f3dulo y cura en contacto con la humedad atmosf\u00e9rica.\" \/>\n<meta name=\"robots\" content=\"index, follow, max-snippet:-1, max-image-preview:large, max-video-preview:-1\" \/>\n<link rel=\"canonical\" href=\"https:\/\/chemitool.com\/es\/products\/chemicals\/siliconas\/silicona-banos-y-cocinas-chemisil\/\" \/>\n<meta property=\"og:locale\" content=\"es_ES\" \/>\n<meta property=\"og:type\" content=\"article\" \/>\n<meta property=\"og:title\" content=\"SILICONA BA\u00d1OS Y COCINAS CHEMISIL &ndash; Chemitool\" \/>\n<meta property=\"og:description\" content=\"Silicona Ba\u00f1os y Cocinas CHEMISIL\u00a0es un sellador monocomponente de bajo m\u00f3dulo y cura en contacto con la humedad atmosf\u00e9rica.\" \/>\n<meta property=\"og:url\" content=\"https:\/\/chemitool.com\/es\/products\/chemicals\/siliconas\/silicona-banos-y-cocinas-chemisil\/\" \/>\n<meta property=\"og:site_name\" content=\"Chemitool\" \/>\n<meta property=\"article:publisher\" content=\"https:\/\/www.facebook.com\/chemitool\" \/>\n<meta property=\"article:modified_time\" content=\"2021-09-09T16:02:58+00:00\" \/>\n<meta property=\"og:image\" content=\"https:\/\/chemitool.com\/wp-content\/uploads\/2020\/03\/CH0111-BATHROOM-AND-KITCHEN-1.png\" \/>\n\t<meta property=\"og:image:width\" content=\"800\" \/>\n\t<meta property=\"og:image:height\" content=\"800\" \/>\n<meta name=\"twitter:card\" content=\"summary_large_image\" \/>\n<meta name=\"twitter:label1\" content=\"Tiempo de lectura\" \/>\n\t<meta name=\"twitter:data1\" content=\"1 minuto\" \/>\n<script type=\"application\/ld+json\" class=\"yoast-schema-graph\">{\"@context\":\"https:\/\/schema.org\",\"@graph\":[{\"@type\":\"Organization\",\"@id\":\"https:\/\/chemitool.com\/#organization\",\"name\":\"Chemitool\",\"url\":\"https:\/\/chemitool.com\/\",\"sameAs\":[\"https:\/\/www.facebook.com\/chemitool\",\"https:\/\/www.instagram.com\/chemitool\/\"],\"logo\":{\"@type\":\"ImageObject\",\"@id\":\"https:\/\/chemitool.com\/#logo\",\"inLanguage\":\"es\",\"url\":\"https:\/\/chemitool.com\/wp-content\/uploads\/2020\/10\/logo_chemitool.png\",\"contentUrl\":\"https:\/\/chemitool.com\/wp-content\/uploads\/2020\/10\/logo_chemitool.png\",\"width\":400,\"height\":400,\"caption\":\"Chemitool\"},\"image\":{\"@id\":\"https:\/\/chemitool.com\/#logo\"}},{\"@type\":\"WebSite\",\"@id\":\"https:\/\/chemitool.com\/#website\",\"url\":\"https:\/\/chemitool.com\/\",\"name\":\"Chemitool\",\"description\":\"Chemitool - hardware and tools\",\"publisher\":{\"@id\":\"https:\/\/chemitool.com\/#organization\"},\"potentialAction\":[{\"@type\":\"SearchAction\",\"target\":{\"@type\":\"EntryPoint\",\"urlTemplate\":\"https:\/\/chemitool.com\/?s={search_term_string}\"},\"query-input\":\"required name=search_term_string\"}],\"inLanguage\":\"es\"},{\"@type\":\"ImageObject\",\"@id\":\"https:\/\/chemitool.com\/es\/products\/chemicals\/siliconas\/silicona-banos-y-cocinas-chemisil\/#primaryimage\",\"inLanguage\":\"es\",\"url\":\"https:\/\/chemitool.com\/wp-content\/uploads\/2020\/03\/CH0121.png\",\"contentUrl\":\"https:\/\/chemitool.com\/wp-content\/uploads\/2020\/03\/CH0121.png\",\"width\":800,\"height\":800},{\"@type\":\"WebPage\",\"@id\":\"https:\/\/chemitool.com\/es\/products\/chemicals\/siliconas\/silicona-banos-y-cocinas-chemisil\/#webpage\",\"url\":\"https:\/\/chemitool.com\/es\/products\/chemicals\/siliconas\/silicona-banos-y-cocinas-chemisil\/\",\"name\":\"SILICONA BA\\u00d1OS Y COCINAS CHEMISIL &ndash; Chemitool\",\"isPartOf\":{\"@id\":\"https:\/\/chemitool.com\/#website\"},\"primaryImageOfPage\":{\"@id\":\"https:\/\/chemitool.com\/es\/products\/chemicals\/siliconas\/silicona-banos-y-cocinas-chemisil\/#primaryimage\"},\"datePublished\":\"2020-03-26T15:31:26+00:00\",\"dateModified\":\"2021-09-09T16:02:58+00:00\",\"description\":\"Silicona Ba\\u00f1os y Cocinas CHEMISIL\\u00a0es un sellador monocomponente de bajo m\\u00f3dulo y cura en contacto con la humedad atmosf\\u00e9rica.\",\"breadcrumb\":{\"@id\":\"https:\/\/chemitool.com\/es\/products\/chemicals\/siliconas\/silicona-banos-y-cocinas-chemisil\/#breadcrumb\"},\"inLanguage\":\"es\",\"potentialAction\":[{\"@type\":\"ReadAction\",\"target\":[\"https:\/\/chemitool.com\/es\/products\/chemicals\/siliconas\/silicona-banos-y-cocinas-chemisil\/\"]}]},{\"@type\":\"BreadcrumbList\",\"@id\":\"https:\/\/chemitool.com\/es\/products\/chemicals\/siliconas\/silicona-banos-y-cocinas-chemisil\/#breadcrumb\",\"itemListElement\":[{\"@type\":\"ListItem\",\"position\":1,\"name\":\"Home\",\"item\":\"https:\/\/chemitool.com\/es\/\"},{\"@type\":\"ListItem\",\"position\":2,\"name\":\"Productos\",\"item\":\"https:\/\/chemitool.com\/es\/productos\/\"},{\"@type\":\"ListItem\",\"position\":3,\"name\":\"CHEMICALS\",\"item\":\"https:\/\/chemitool.com\/es\/categoria-producto\/chemicals\/\"},{\"@type\":\"ListItem\",\"position\":4,\"name\":\"SILICONA BA\\u00d1OS Y COCINAS CHEMISIL\"}]}]}<\/script>\n<!-- \/ Yoast SEO plugin. -->","yoast_head_json":{"title":"SILICONA BA\u00d1OS Y COCINAS CHEMISIL &ndash; Chemitool","description":"Silicona Ba\u00f1os y Cocinas CHEMISIL\u00a0es un sellador monocomponente de bajo m\u00f3dulo y cura en contacto con la humedad atmosf\u00e9rica.","robots":{"index":"index","follow":"follow","max-snippet":"max-snippet:-1","max-image-preview":"max-image-preview:large","max-video-preview":"max-video-preview:-1"},"canonical":"https:\/\/chemitool.com\/es\/products\/chemicals\/siliconas\/silicona-banos-y-cocinas-chemisil\/","og_locale":"es_ES","og_type":"article","og_title":"SILICONA BA\u00d1OS Y COCINAS CHEMISIL &ndash; Chemitool","og_description":"Silicona Ba\u00f1os y Cocinas CHEMISIL\u00a0es un sellador monocomponente de bajo m\u00f3dulo y cura en contacto con la humedad atmosf\u00e9rica.","og_url":"https:\/\/chemitool.com\/es\/products\/chemicals\/siliconas\/silicona-banos-y-cocinas-chemisil\/","og_site_name":"Chemitool","article_publisher":"https:\/\/www.facebook.com\/chemitool","article_modified_time":"2021-09-09T16:02:58+00:00","og_image":[{"width":800,"height":800,"url":"https:\/\/chemitool.com\/wp-content\/uploads\/2020\/03\/CH0111-BATHROOM-AND-KITCHEN-1.png","type":"image\/png"}],"twitter_card":"summary_large_image","twitter_misc":{"Tiempo de lectura":"1 minuto"},"schema":{"@context":"https:\/\/schema.org","@graph":[{"@type":"Organization","@id":"https:\/\/chemitool.com\/#organization","name":"Chemitool","url":"https:\/\/chemitool.com\/","sameAs":["https:\/\/www.facebook.com\/chemitool","https:\/\/www.instagram.com\/chemitool\/"],"logo":{"@type":"ImageObject","@id":"https:\/\/chemitool.com\/#logo","inLanguage":"es","url":"https:\/\/chemitool.com\/wp-content\/uploads\/2020\/10\/logo_chemitool.png","contentUrl":"https:\/\/chemitool.com\/wp-content\/uploads\/2020\/10\/logo_chemitool.png","width":400,"height":400,"caption":"Chemitool"},"image":{"@id":"https:\/\/chemitool.com\/#logo"}},{"@type":"WebSite","@id":"https:\/\/chemitool.com\/#website","url":"https:\/\/chemitool.com\/","name":"Chemitool","description":"Chemitool - hardware and tools","publisher":{"@id":"https:\/\/chemitool.com\/#organization"},"potentialAction":[{"@type":"SearchAction","target":{"@type":"EntryPoint","urlTemplate":"https:\/\/chemitool.com\/?s={search_term_string}"},"query-input":"required name=search_term_string"}],"inLanguage":"es"},{"@type":"ImageObject","@id":"https:\/\/chemitool.com\/es\/products\/chemicals\/siliconas\/silicona-banos-y-cocinas-chemisil\/#primaryimage","inLanguage":"es","url":"https:\/\/chemitool.com\/wp-content\/uploads\/2020\/03\/CH0121.png","contentUrl":"https:\/\/chemitool.com\/wp-content\/uploads\/2020\/03\/CH0121.png","width":800,"height":800},{"@type":"WebPage","@id":"https:\/\/chemitool.com\/es\/products\/chemicals\/siliconas\/silicona-banos-y-cocinas-chemisil\/#webpage","url":"https:\/\/chemitool.com\/es\/products\/chemicals\/siliconas\/silicona-banos-y-cocinas-chemisil\/","name":"SILICONA BA\u00d1OS Y COCINAS CHEMISIL &ndash; Chemitool","isPartOf":{"@id":"https:\/\/chemitool.com\/#website"},"primaryImageOfPage":{"@id":"https:\/\/chemitool.com\/es\/products\/chemicals\/siliconas\/silicona-banos-y-cocinas-chemisil\/#primaryimage"},"datePublished":"2020-03-26T15:31:26+00:00","dateModified":"2021-09-09T16:02:58+00:00","description":"Silicona Ba\u00f1os y Cocinas CHEMISIL\u00a0es un sellador monocomponente de bajo m\u00f3dulo y cura en contacto con la humedad atmosf\u00e9rica.","breadcrumb":{"@id":"https:\/\/chemitool.com\/es\/products\/chemicals\/siliconas\/silicona-banos-y-cocinas-chemisil\/#breadcrumb"},"inLanguage":"es","potentialAction":[{"@type":"ReadAction","target":["https:\/\/chemitool.com\/es\/products\/chemicals\/siliconas\/silicona-banos-y-cocinas-chemisil\/"]}]},{"@type":"BreadcrumbList","@id":"https:\/\/chemitool.com\/es\/products\/chemicals\/siliconas\/silicona-banos-y-cocinas-chemisil\/#breadcrumb","itemListElement":[{"@type":"ListItem","position":1,"name":"Home","item":"https:\/\/chemitool.com\/es\/"},{"@type":"ListItem","position":2,"name":"Productos","item":"https:\/\/chemitool.com\/es\/productos\/"},{"@type":"ListItem","position":3,"name":"CHEMICALS","item":"https:\/\/chemitool.com\/es\/categoria-producto\/chemicals\/"},{"@type":"ListItem","position":4,"name":"SILICONA BA\u00d1OS Y COCINAS CHEMISIL"}]}]}},"_links":{"self":[{"href":"https:\/\/chemitool.com\/es\/wp-json\/wp\/v2\/product\/3769"}],"collection":[{"href":"https:\/\/chemitool.com\/es\/wp-json\/wp\/v2\/product"}],"about":[{"href":"https:\/\/chemitool.com\/es\/wp-json\/wp\/v2\/types\/product"}],"wp:featuredmedia":[{"embeddable":true,"href":"https:\/\/chemitool.com\/es\/wp-json\/wp\/v2\/media\/29986"}],"wp:attachment":[{"href":"https:\/\/chemitool.com\/es\/wp-json\/wp\/v2\/media?parent=3769"}],"wp:term":[{"taxonomy":"product_cat","embeddable":true,"href":"https:\/\/chemitool.com\/es\/wp-json\/wp\/v2\/product_cat?post=3769"},{"taxonomy":"product_tag","embeddable":true,"href":"https:\/\/chemitool.com\/es\/wp-json\/wp\/v2\/product_tag?post=3769"}],"curies":[{"name":"wp","href":"https:\/\/api.w.org\/{rel}","templated":true}]}}