{"id":3768,"date":"2020-03-26T15:51:25","date_gmt":"2020-03-26T15:51:25","guid":{"rendered":"https:\/\/chemitool.com\/products\/sin%20categor\u00eda\/silicone-neutro-alta-temperatura-chemisil\/"},"modified":"2024-10-21T17:10:11","modified_gmt":"2024-10-21T17:10:11","slug":"silicona-neutra-ultimate-ht-chemisil","status":"publish","type":"product","link":"https:\/\/chemitool.com\/es\/products\/chemicals\/siliconas\/silicona-neutra-ultimate-ht-chemisil\/","title":{"rendered":"SILICONA NEUTRA ULTIMATE HT CHEMISIL"},"content":{"rendered":"<p><strong>VENTAJAS<\/strong><\/p>\n<ul>\n<li>F\u00e1cil aplicaci\u00f3n y manejo<\/li>\n<li>Silicona de curado neutro<\/li>\n<li>Cura con humedad atmosf\u00e9rica<\/li>\n<li>Resistente a temperaturas hasta 300\u00baC<\/li>\n<li>Alto m\u00f3dulo y alta elasticidad y flexibilidad<\/li>\n<li>Gran resistencia a los rayos UV. y el clima<\/li>\n<li>Gran poder de adhesi\u00f3n a la mayor\u00eda de sustratos<\/li>\n<li>Excelente resistencia a combustibles, aceites y grasas<\/li>\n<li>No corrosivo<\/li>\n<\/ul>\n","protected":false},"excerpt":{"rendered":"<p><b class=\"sap-label\">SAP:<\/b> CH21010003<\/p>\n<p><em>Silicona Neutra Ultimate HT CHEMISIL<\/em> es un sellador monocomponente, de reticulaci\u00f3n neutra, que cura con la humedad atmosf\u00e9rica a temperatura ambiente. Est\u00e1 especialmente formulado para sellar materiales sujetos a altas temperaturas. Tiene buena resistencia al agua, disolventes alif\u00e1ticos, aceites minerales, grasas y \u00e1lcalis y \u00e1cidos inorg\u00e1nicos diluidos.<\/p>\n","protected":false},"featured_media":29982,"template":"","meta":[],"product_cat":[1209,1220],"product_tag":[112],"yoast_head":"<!-- This site is optimized with the Yoast SEO plugin v17.4 - https:\/\/yoast.com\/wordpress\/plugins\/seo\/ -->\n<title>SILICONA NEUTRA ULTIMATE HT CHEMISIL &ndash; Chemitool<\/title>\n<meta name=\"description\" content=\"SAP: CH21010003  Silicona Neutra Ultimate HT CHEMISIL es un sellador monocomponente, de reticulaci\u00f3n neutra, que cura con la humedad atmosf\u00e9rica a temperatura ambiente. Est\u00e1 especialmente formulado para sellar materiales sujetos a altas temperaturas. Tiene buena resistencia al agua, disolventes alif\u00e1ticos, aceites minerales, grasas y \u00e1lcalis y \u00e1cidos inorg\u00e1nicos diluidos.\" \/>\n<meta name=\"robots\" content=\"index, follow, max-snippet:-1, max-image-preview:large, max-video-preview:-1\" \/>\n<link rel=\"canonical\" href=\"https:\/\/chemitool.com\/es\/products\/chemicals\/siliconas\/silicona-neutra-ultimate-ht-chemisil\/\" \/>\n<meta property=\"og:locale\" content=\"es_ES\" \/>\n<meta property=\"og:type\" content=\"article\" \/>\n<meta property=\"og:title\" content=\"SILICONA NEUTRA ULTIMATE HT CHEMISIL &ndash; Chemitool\" \/>\n<meta property=\"og:description\" content=\"SAP: CH21010003  Silicona Neutra Ultimate HT CHEMISIL es un sellador monocomponente, de reticulaci\u00f3n neutra, que cura con la humedad atmosf\u00e9rica a temperatura ambiente. Est\u00e1 especialmente formulado para sellar materiales sujetos a altas temperaturas. Tiene buena resistencia al agua, disolventes alif\u00e1ticos, aceites minerales, grasas y \u00e1lcalis y \u00e1cidos inorg\u00e1nicos diluidos.\" \/>\n<meta property=\"og:url\" content=\"https:\/\/chemitool.com\/es\/products\/chemicals\/siliconas\/silicona-neutra-ultimate-ht-chemisil\/\" \/>\n<meta property=\"og:site_name\" content=\"Chemitool\" \/>\n<meta property=\"article:publisher\" content=\"https:\/\/www.facebook.com\/chemitool\" \/>\n<meta property=\"article:modified_time\" content=\"2024-10-21T17:10:11+00:00\" \/>\n<meta property=\"og:image\" content=\"https:\/\/chemitool.com\/wp-content\/uploads\/2020\/03\/CH21010003.png\" \/>\n\t<meta property=\"og:image:width\" content=\"800\" \/>\n\t<meta property=\"og:image:height\" content=\"800\" \/>\n<meta name=\"twitter:card\" content=\"summary_large_image\" \/>\n<script type=\"application\/ld+json\" class=\"yoast-schema-graph\">{\"@context\":\"https:\/\/schema.org\",\"@graph\":[{\"@type\":\"Organization\",\"@id\":\"https:\/\/chemitool.com\/#organization\",\"name\":\"Chemitool\",\"url\":\"https:\/\/chemitool.com\/\",\"sameAs\":[\"https:\/\/www.facebook.com\/chemitool\",\"https:\/\/www.instagram.com\/chemitool\/\"],\"logo\":{\"@type\":\"ImageObject\",\"@id\":\"https:\/\/chemitool.com\/#logo\",\"inLanguage\":\"es\",\"url\":\"https:\/\/chemitool.com\/wp-content\/uploads\/2020\/10\/logo_chemitool.png\",\"contentUrl\":\"https:\/\/chemitool.com\/wp-content\/uploads\/2020\/10\/logo_chemitool.png\",\"width\":400,\"height\":400,\"caption\":\"Chemitool\"},\"image\":{\"@id\":\"https:\/\/chemitool.com\/#logo\"}},{\"@type\":\"WebSite\",\"@id\":\"https:\/\/chemitool.com\/#website\",\"url\":\"https:\/\/chemitool.com\/\",\"name\":\"Chemitool\",\"description\":\"Chemitool - hardware and tools\",\"publisher\":{\"@id\":\"https:\/\/chemitool.com\/#organization\"},\"potentialAction\":[{\"@type\":\"SearchAction\",\"target\":{\"@type\":\"EntryPoint\",\"urlTemplate\":\"https:\/\/chemitool.com\/?s={search_term_string}\"},\"query-input\":\"required name=search_term_string\"}],\"inLanguage\":\"es\"},{\"@type\":\"ImageObject\",\"@id\":\"https:\/\/chemitool.com\/es\/products\/chemicals\/siliconas\/silicona-neutra-ultimate-ht-chemisil\/#primaryimage\",\"inLanguage\":\"es\",\"url\":\"https:\/\/chemitool.com\/wp-content\/uploads\/2020\/03\/CH21010003.png\",\"contentUrl\":\"https:\/\/chemitool.com\/wp-content\/uploads\/2020\/03\/CH21010003.png\",\"width\":800,\"height\":800},{\"@type\":\"WebPage\",\"@id\":\"https:\/\/chemitool.com\/es\/products\/chemicals\/siliconas\/silicona-neutra-ultimate-ht-chemisil\/#webpage\",\"url\":\"https:\/\/chemitool.com\/es\/products\/chemicals\/siliconas\/silicona-neutra-ultimate-ht-chemisil\/\",\"name\":\"SILICONA NEUTRA ULTIMATE HT CHEMISIL &ndash; Chemitool\",\"isPartOf\":{\"@id\":\"https:\/\/chemitool.com\/#website\"},\"primaryImageOfPage\":{\"@id\":\"https:\/\/chemitool.com\/es\/products\/chemicals\/siliconas\/silicona-neutra-ultimate-ht-chemisil\/#primaryimage\"},\"datePublished\":\"2020-03-26T15:51:25+00:00\",\"dateModified\":\"2024-10-21T17:10:11+00:00\",\"description\":\"SAP: CH21010003 Silicona Neutra Ultimate HT CHEMISIL es un sellador monocomponente, de reticulaci\\u00f3n neutra, que cura con la humedad atmosf\\u00e9rica a temperatura ambiente. Est\\u00e1 especialmente formulado para sellar materiales sujetos a altas temperaturas. Tiene buena resistencia al agua, disolventes alif\\u00e1ticos, aceites minerales, grasas y \\u00e1lcalis y \\u00e1cidos inorg\\u00e1nicos diluidos.\",\"breadcrumb\":{\"@id\":\"https:\/\/chemitool.com\/es\/products\/chemicals\/siliconas\/silicona-neutra-ultimate-ht-chemisil\/#breadcrumb\"},\"inLanguage\":\"es\",\"potentialAction\":[{\"@type\":\"ReadAction\",\"target\":[\"https:\/\/chemitool.com\/es\/products\/chemicals\/siliconas\/silicona-neutra-ultimate-ht-chemisil\/\"]}]},{\"@type\":\"BreadcrumbList\",\"@id\":\"https:\/\/chemitool.com\/es\/products\/chemicals\/siliconas\/silicona-neutra-ultimate-ht-chemisil\/#breadcrumb\",\"itemListElement\":[{\"@type\":\"ListItem\",\"position\":1,\"name\":\"Home\",\"item\":\"https:\/\/chemitool.com\/es\/\"},{\"@type\":\"ListItem\",\"position\":2,\"name\":\"Productos\",\"item\":\"https:\/\/chemitool.com\/es\/productos\/\"},{\"@type\":\"ListItem\",\"position\":3,\"name\":\"CHEMICALS\",\"item\":\"https:\/\/chemitool.com\/es\/categoria-producto\/chemicals\/\"},{\"@type\":\"ListItem\",\"position\":4,\"name\":\"SILICONA NEUTRA ULTIMATE HT CHEMISIL\"}]}]}<\/script>\n<!-- \/ Yoast SEO plugin. -->","yoast_head_json":{"title":"SILICONA NEUTRA ULTIMATE HT CHEMISIL &ndash; Chemitool","description":"SAP: CH21010003  Silicona Neutra Ultimate HT CHEMISIL es un sellador monocomponente, de reticulaci\u00f3n neutra, que cura con la humedad atmosf\u00e9rica a temperatura ambiente. Est\u00e1 especialmente formulado para sellar materiales sujetos a altas temperaturas. Tiene buena resistencia al agua, disolventes alif\u00e1ticos, aceites minerales, grasas y \u00e1lcalis y \u00e1cidos inorg\u00e1nicos diluidos.","robots":{"index":"index","follow":"follow","max-snippet":"max-snippet:-1","max-image-preview":"max-image-preview:large","max-video-preview":"max-video-preview:-1"},"canonical":"https:\/\/chemitool.com\/es\/products\/chemicals\/siliconas\/silicona-neutra-ultimate-ht-chemisil\/","og_locale":"es_ES","og_type":"article","og_title":"SILICONA NEUTRA ULTIMATE HT CHEMISIL &ndash; Chemitool","og_description":"SAP: CH21010003  Silicona Neutra Ultimate HT CHEMISIL es un sellador monocomponente, de reticulaci\u00f3n neutra, que cura con la humedad atmosf\u00e9rica a temperatura ambiente. Est\u00e1 especialmente formulado para sellar materiales sujetos a altas temperaturas. Tiene buena resistencia al agua, disolventes alif\u00e1ticos, aceites minerales, grasas y \u00e1lcalis y \u00e1cidos inorg\u00e1nicos diluidos.","og_url":"https:\/\/chemitool.com\/es\/products\/chemicals\/siliconas\/silicona-neutra-ultimate-ht-chemisil\/","og_site_name":"Chemitool","article_publisher":"https:\/\/www.facebook.com\/chemitool","article_modified_time":"2024-10-21T17:10:11+00:00","og_image":[{"width":800,"height":800,"url":"https:\/\/chemitool.com\/wp-content\/uploads\/2020\/03\/CH21010003.png","type":"image\/png"}],"twitter_card":"summary_large_image","schema":{"@context":"https:\/\/schema.org","@graph":[{"@type":"Organization","@id":"https:\/\/chemitool.com\/#organization","name":"Chemitool","url":"https:\/\/chemitool.com\/","sameAs":["https:\/\/www.facebook.com\/chemitool","https:\/\/www.instagram.com\/chemitool\/"],"logo":{"@type":"ImageObject","@id":"https:\/\/chemitool.com\/#logo","inLanguage":"es","url":"https:\/\/chemitool.com\/wp-content\/uploads\/2020\/10\/logo_chemitool.png","contentUrl":"https:\/\/chemitool.com\/wp-content\/uploads\/2020\/10\/logo_chemitool.png","width":400,"height":400,"caption":"Chemitool"},"image":{"@id":"https:\/\/chemitool.com\/#logo"}},{"@type":"WebSite","@id":"https:\/\/chemitool.com\/#website","url":"https:\/\/chemitool.com\/","name":"Chemitool","description":"Chemitool - hardware and tools","publisher":{"@id":"https:\/\/chemitool.com\/#organization"},"potentialAction":[{"@type":"SearchAction","target":{"@type":"EntryPoint","urlTemplate":"https:\/\/chemitool.com\/?s={search_term_string}"},"query-input":"required name=search_term_string"}],"inLanguage":"es"},{"@type":"ImageObject","@id":"https:\/\/chemitool.com\/es\/products\/chemicals\/siliconas\/silicona-neutra-ultimate-ht-chemisil\/#primaryimage","inLanguage":"es","url":"https:\/\/chemitool.com\/wp-content\/uploads\/2020\/03\/CH21010003.png","contentUrl":"https:\/\/chemitool.com\/wp-content\/uploads\/2020\/03\/CH21010003.png","width":800,"height":800},{"@type":"WebPage","@id":"https:\/\/chemitool.com\/es\/products\/chemicals\/siliconas\/silicona-neutra-ultimate-ht-chemisil\/#webpage","url":"https:\/\/chemitool.com\/es\/products\/chemicals\/siliconas\/silicona-neutra-ultimate-ht-chemisil\/","name":"SILICONA NEUTRA ULTIMATE HT CHEMISIL &ndash; Chemitool","isPartOf":{"@id":"https:\/\/chemitool.com\/#website"},"primaryImageOfPage":{"@id":"https:\/\/chemitool.com\/es\/products\/chemicals\/siliconas\/silicona-neutra-ultimate-ht-chemisil\/#primaryimage"},"datePublished":"2020-03-26T15:51:25+00:00","dateModified":"2024-10-21T17:10:11+00:00","description":"SAP: CH21010003 Silicona Neutra Ultimate HT CHEMISIL es un sellador monocomponente, de reticulaci\u00f3n neutra, que cura con la humedad atmosf\u00e9rica a temperatura ambiente. Est\u00e1 especialmente formulado para sellar materiales sujetos a altas temperaturas. Tiene buena resistencia al agua, disolventes alif\u00e1ticos, aceites minerales, grasas y \u00e1lcalis y \u00e1cidos inorg\u00e1nicos diluidos.","breadcrumb":{"@id":"https:\/\/chemitool.com\/es\/products\/chemicals\/siliconas\/silicona-neutra-ultimate-ht-chemisil\/#breadcrumb"},"inLanguage":"es","potentialAction":[{"@type":"ReadAction","target":["https:\/\/chemitool.com\/es\/products\/chemicals\/siliconas\/silicona-neutra-ultimate-ht-chemisil\/"]}]},{"@type":"BreadcrumbList","@id":"https:\/\/chemitool.com\/es\/products\/chemicals\/siliconas\/silicona-neutra-ultimate-ht-chemisil\/#breadcrumb","itemListElement":[{"@type":"ListItem","position":1,"name":"Home","item":"https:\/\/chemitool.com\/es\/"},{"@type":"ListItem","position":2,"name":"Productos","item":"https:\/\/chemitool.com\/es\/productos\/"},{"@type":"ListItem","position":3,"name":"CHEMICALS","item":"https:\/\/chemitool.com\/es\/categoria-producto\/chemicals\/"},{"@type":"ListItem","position":4,"name":"SILICONA NEUTRA ULTIMATE HT CHEMISIL"}]}]}},"_links":{"self":[{"href":"https:\/\/chemitool.com\/es\/wp-json\/wp\/v2\/product\/3768"}],"collection":[{"href":"https:\/\/chemitool.com\/es\/wp-json\/wp\/v2\/product"}],"about":[{"href":"https:\/\/chemitool.com\/es\/wp-json\/wp\/v2\/types\/product"}],"wp:featuredmedia":[{"embeddable":true,"href":"https:\/\/chemitool.com\/es\/wp-json\/wp\/v2\/media\/29982"}],"wp:attachment":[{"href":"https:\/\/chemitool.com\/es\/wp-json\/wp\/v2\/media?parent=3768"}],"wp:term":[{"taxonomy":"product_cat","embeddable":true,"href":"https:\/\/chemitool.com\/es\/wp-json\/wp\/v2\/product_cat?post=3768"},{"taxonomy":"product_tag","embeddable":true,"href":"https:\/\/chemitool.com\/es\/wp-json\/wp\/v2\/product_tag?post=3768"}],"curies":[{"name":"wp","href":"https:\/\/api.w.org\/{rel}","templated":true}]}}