{"id":3765,"date":"2020-03-26T16:28:10","date_gmt":"2020-03-26T16:28:10","guid":{"rendered":"https:\/\/chemitool.com\/products\/sin%20categor\u00eda\/vedante-ms-polimero-turbo-3s-chemihyb\/"},"modified":"2021-11-03T11:37:32","modified_gmt":"2021-11-03T11:37:32","slug":"adhesivo-polimero-ms-turbo-3s-chemihyb","status":"publish","type":"product","link":"https:\/\/chemitool.com\/es\/products\/chemicals\/adhesivos\/ms-polimero-es\/adhesivo-polimero-ms-turbo-3s-chemihyb\/","title":{"rendered":"ADHESIVO POL\u00cdMERO MS TURBO 3S CHEMIHYB"},"content":{"rendered":"<p><strong>VENTAJAS<\/strong><\/p>\n<ul>\n<li>Resistencia a la temperatura -40\u00b0C a + 90\u00b0C<\/li>\n<li>Resistencia al envejecimiento, al clima y a los rayos U.V.<\/li>\n<li>Buena adhesi\u00f3n en superficies mojadas<\/li>\n<li>Poco olor, no se encoge ni se vuelve amarillo<\/li>\n<li>Para uso interior y exterior<\/li>\n<li>Alta adhesi\u00f3n inicial y elasticidad permanente<\/li>\n<li>Es pintable<\/li>\n<li>Sin solventes ni isocianatos<\/li>\n<\/ul>\n<p><strong>INDICACIONES<\/strong><\/p>\n<p>Resistente al agua, solventes alif\u00e1ticos, \u00e1cidos inorg\u00e1nicos diluidos y \u00e1lcalis, aceites y grasas.<br \/>\nMala resistencia a solventes arom\u00e1ticos, a \u00e1cidos concentrados y hidrocarbonetos clorados.<br \/>\nSe puede pintar despu\u00e9s de la formaci\u00f3n de la pel\u00edcula del producto. 10 minutos despu\u00e9s de la aplicaci\u00f3n es el momento en que la pintura se adhiere mejor a la pel\u00edcula adhesiva. Se recomienda aplicar una capa de pintura que sea gruesa o suficientemente para cubrir el adhesivo para que quede nivelado.<br \/>\nSe puede pintar mojado o seco, con pinturas a base de agua.<br \/>\nSe puede usar cerca de la cabina de pintura, ya que no la contamina.<br \/>\nUna vez curado, el producto puede lijarse, pintarse y\/o barnizarse.<\/p>\n","protected":false},"excerpt":{"rendered":"<p><b class=\"sap-label\">SAP:<\/b> <span class=\"codesap-label\">CH03210001<\/span><\/p>\n<p><em>Adhesivo Pol\u00edmero MS Turbo 3S CHEMIHYB <\/em>es un adhesivo el\u00e1stico de pol\u00edmero monocomponente de nueva generaci\u00f3n (silano modificado).<\/p>\n","protected":false},"featured_media":30031,"template":"","meta":[],"product_cat":[1209,1222,3632],"product_tag":[121],"yoast_head":"<!-- This site is optimized with the Yoast SEO plugin v17.4 - https:\/\/yoast.com\/wordpress\/plugins\/seo\/ -->\n<title>ADHESIVO POL\u00cdMERO MS TURBO 3S CHEMIHYB &ndash; Chemitool<\/title>\n<meta name=\"description\" content=\"SAP: CH03210001  Adhesivo Pol\u00edmero MS Turbo 3S CHEMIHYB es un adhesivo el\u00e1stico de pol\u00edmero monocomponente de nueva generaci\u00f3n (silano modificado).\" \/>\n<meta name=\"robots\" content=\"index, follow, max-snippet:-1, max-image-preview:large, max-video-preview:-1\" \/>\n<link rel=\"canonical\" href=\"https:\/\/chemitool.com\/es\/products\/chemicals\/adhesivos\/ms-polimero-es\/adhesivo-polimero-ms-turbo-3s-chemihyb\/\" \/>\n<meta property=\"og:locale\" content=\"es_ES\" \/>\n<meta property=\"og:type\" content=\"article\" \/>\n<meta property=\"og:title\" content=\"ADHESIVO POL\u00cdMERO MS TURBO 3S CHEMIHYB &ndash; Chemitool\" \/>\n<meta property=\"og:description\" content=\"SAP: CH03210001  Adhesivo Pol\u00edmero MS Turbo 3S CHEMIHYB es un adhesivo el\u00e1stico de pol\u00edmero monocomponente de nueva generaci\u00f3n (silano modificado).\" \/>\n<meta property=\"og:url\" content=\"https:\/\/chemitool.com\/es\/products\/chemicals\/adhesivos\/ms-polimero-es\/adhesivo-polimero-ms-turbo-3s-chemihyb\/\" \/>\n<meta property=\"og:site_name\" content=\"Chemitool\" \/>\n<meta property=\"article:publisher\" content=\"https:\/\/www.facebook.com\/chemitool\" \/>\n<meta property=\"article:modified_time\" content=\"2021-11-03T11:37:32+00:00\" \/>\n<meta property=\"og:image\" content=\"https:\/\/chemitool.com\/wp-content\/uploads\/2020\/03\/CH0321-MSP-TURBO-3S-1.png\" \/>\n\t<meta property=\"og:image:width\" content=\"800\" \/>\n\t<meta property=\"og:image:height\" content=\"800\" \/>\n<meta name=\"twitter:card\" content=\"summary_large_image\" \/>\n<meta name=\"twitter:label1\" content=\"Tiempo de lectura\" \/>\n\t<meta name=\"twitter:data1\" content=\"1 minuto\" \/>\n<script type=\"application\/ld+json\" class=\"yoast-schema-graph\">{\"@context\":\"https:\/\/schema.org\",\"@graph\":[{\"@type\":\"Organization\",\"@id\":\"https:\/\/chemitool.com\/#organization\",\"name\":\"Chemitool\",\"url\":\"https:\/\/chemitool.com\/\",\"sameAs\":[\"https:\/\/www.facebook.com\/chemitool\",\"https:\/\/www.instagram.com\/chemitool\/\"],\"logo\":{\"@type\":\"ImageObject\",\"@id\":\"https:\/\/chemitool.com\/#logo\",\"inLanguage\":\"es\",\"url\":\"https:\/\/chemitool.com\/wp-content\/uploads\/2020\/10\/logo_chemitool.png\",\"contentUrl\":\"https:\/\/chemitool.com\/wp-content\/uploads\/2020\/10\/logo_chemitool.png\",\"width\":400,\"height\":400,\"caption\":\"Chemitool\"},\"image\":{\"@id\":\"https:\/\/chemitool.com\/#logo\"}},{\"@type\":\"WebSite\",\"@id\":\"https:\/\/chemitool.com\/#website\",\"url\":\"https:\/\/chemitool.com\/\",\"name\":\"Chemitool\",\"description\":\"Chemitool - hardware and tools\",\"publisher\":{\"@id\":\"https:\/\/chemitool.com\/#organization\"},\"potentialAction\":[{\"@type\":\"SearchAction\",\"target\":{\"@type\":\"EntryPoint\",\"urlTemplate\":\"https:\/\/chemitool.com\/?s={search_term_string}\"},\"query-input\":\"required name=search_term_string\"}],\"inLanguage\":\"es\"},{\"@type\":\"ImageObject\",\"@id\":\"https:\/\/chemitool.com\/es\/products\/chemicals\/adhesivos\/ms-polimero-es\/adhesivo-polimero-ms-turbo-3s-chemihyb\/#primaryimage\",\"inLanguage\":\"es\",\"url\":\"https:\/\/chemitool.com\/wp-content\/uploads\/2020\/03\/CH03210001.png\",\"contentUrl\":\"https:\/\/chemitool.com\/wp-content\/uploads\/2020\/03\/CH03210001.png\",\"width\":800,\"height\":800},{\"@type\":\"WebPage\",\"@id\":\"https:\/\/chemitool.com\/es\/products\/chemicals\/adhesivos\/ms-polimero-es\/adhesivo-polimero-ms-turbo-3s-chemihyb\/#webpage\",\"url\":\"https:\/\/chemitool.com\/es\/products\/chemicals\/adhesivos\/ms-polimero-es\/adhesivo-polimero-ms-turbo-3s-chemihyb\/\",\"name\":\"ADHESIVO POL\\u00cdMERO MS TURBO 3S CHEMIHYB &ndash; Chemitool\",\"isPartOf\":{\"@id\":\"https:\/\/chemitool.com\/#website\"},\"primaryImageOfPage\":{\"@id\":\"https:\/\/chemitool.com\/es\/products\/chemicals\/adhesivos\/ms-polimero-es\/adhesivo-polimero-ms-turbo-3s-chemihyb\/#primaryimage\"},\"datePublished\":\"2020-03-26T16:28:10+00:00\",\"dateModified\":\"2021-11-03T11:37:32+00:00\",\"description\":\"SAP: CH03210001 Adhesivo Pol\\u00edmero MS Turbo 3S CHEMIHYB es un adhesivo el\\u00e1stico de pol\\u00edmero monocomponente de nueva generaci\\u00f3n (silano modificado).\",\"breadcrumb\":{\"@id\":\"https:\/\/chemitool.com\/es\/products\/chemicals\/adhesivos\/ms-polimero-es\/adhesivo-polimero-ms-turbo-3s-chemihyb\/#breadcrumb\"},\"inLanguage\":\"es\",\"potentialAction\":[{\"@type\":\"ReadAction\",\"target\":[\"https:\/\/chemitool.com\/es\/products\/chemicals\/adhesivos\/ms-polimero-es\/adhesivo-polimero-ms-turbo-3s-chemihyb\/\"]}]},{\"@type\":\"BreadcrumbList\",\"@id\":\"https:\/\/chemitool.com\/es\/products\/chemicals\/adhesivos\/ms-polimero-es\/adhesivo-polimero-ms-turbo-3s-chemihyb\/#breadcrumb\",\"itemListElement\":[{\"@type\":\"ListItem\",\"position\":1,\"name\":\"Home\",\"item\":\"https:\/\/chemitool.com\/es\/\"},{\"@type\":\"ListItem\",\"position\":2,\"name\":\"Productos\",\"item\":\"https:\/\/chemitool.com\/es\/productos\/\"},{\"@type\":\"ListItem\",\"position\":3,\"name\":\"CHEMICALS\",\"item\":\"https:\/\/chemitool.com\/es\/categoria-producto\/chemicals\/\"},{\"@type\":\"ListItem\",\"position\":4,\"name\":\"ADHESIVO POL\\u00cdMERO MS TURBO 3S CHEMIHYB\"}]}]}<\/script>\n<!-- \/ Yoast SEO plugin. -->","yoast_head_json":{"title":"ADHESIVO POL\u00cdMERO MS TURBO 3S CHEMIHYB &ndash; Chemitool","description":"SAP: CH03210001  Adhesivo Pol\u00edmero MS Turbo 3S CHEMIHYB es un adhesivo el\u00e1stico de pol\u00edmero monocomponente de nueva generaci\u00f3n (silano modificado).","robots":{"index":"index","follow":"follow","max-snippet":"max-snippet:-1","max-image-preview":"max-image-preview:large","max-video-preview":"max-video-preview:-1"},"canonical":"https:\/\/chemitool.com\/es\/products\/chemicals\/adhesivos\/ms-polimero-es\/adhesivo-polimero-ms-turbo-3s-chemihyb\/","og_locale":"es_ES","og_type":"article","og_title":"ADHESIVO POL\u00cdMERO MS TURBO 3S CHEMIHYB &ndash; Chemitool","og_description":"SAP: CH03210001  Adhesivo Pol\u00edmero MS Turbo 3S CHEMIHYB es un adhesivo el\u00e1stico de pol\u00edmero monocomponente de nueva generaci\u00f3n (silano modificado).","og_url":"https:\/\/chemitool.com\/es\/products\/chemicals\/adhesivos\/ms-polimero-es\/adhesivo-polimero-ms-turbo-3s-chemihyb\/","og_site_name":"Chemitool","article_publisher":"https:\/\/www.facebook.com\/chemitool","article_modified_time":"2021-11-03T11:37:32+00:00","og_image":[{"width":800,"height":800,"url":"https:\/\/chemitool.com\/wp-content\/uploads\/2020\/03\/CH0321-MSP-TURBO-3S-1.png","type":"image\/png"}],"twitter_card":"summary_large_image","twitter_misc":{"Tiempo de lectura":"1 minuto"},"schema":{"@context":"https:\/\/schema.org","@graph":[{"@type":"Organization","@id":"https:\/\/chemitool.com\/#organization","name":"Chemitool","url":"https:\/\/chemitool.com\/","sameAs":["https:\/\/www.facebook.com\/chemitool","https:\/\/www.instagram.com\/chemitool\/"],"logo":{"@type":"ImageObject","@id":"https:\/\/chemitool.com\/#logo","inLanguage":"es","url":"https:\/\/chemitool.com\/wp-content\/uploads\/2020\/10\/logo_chemitool.png","contentUrl":"https:\/\/chemitool.com\/wp-content\/uploads\/2020\/10\/logo_chemitool.png","width":400,"height":400,"caption":"Chemitool"},"image":{"@id":"https:\/\/chemitool.com\/#logo"}},{"@type":"WebSite","@id":"https:\/\/chemitool.com\/#website","url":"https:\/\/chemitool.com\/","name":"Chemitool","description":"Chemitool - hardware and tools","publisher":{"@id":"https:\/\/chemitool.com\/#organization"},"potentialAction":[{"@type":"SearchAction","target":{"@type":"EntryPoint","urlTemplate":"https:\/\/chemitool.com\/?s={search_term_string}"},"query-input":"required name=search_term_string"}],"inLanguage":"es"},{"@type":"ImageObject","@id":"https:\/\/chemitool.com\/es\/products\/chemicals\/adhesivos\/ms-polimero-es\/adhesivo-polimero-ms-turbo-3s-chemihyb\/#primaryimage","inLanguage":"es","url":"https:\/\/chemitool.com\/wp-content\/uploads\/2020\/03\/CH03210001.png","contentUrl":"https:\/\/chemitool.com\/wp-content\/uploads\/2020\/03\/CH03210001.png","width":800,"height":800},{"@type":"WebPage","@id":"https:\/\/chemitool.com\/es\/products\/chemicals\/adhesivos\/ms-polimero-es\/adhesivo-polimero-ms-turbo-3s-chemihyb\/#webpage","url":"https:\/\/chemitool.com\/es\/products\/chemicals\/adhesivos\/ms-polimero-es\/adhesivo-polimero-ms-turbo-3s-chemihyb\/","name":"ADHESIVO POL\u00cdMERO MS TURBO 3S CHEMIHYB &ndash; Chemitool","isPartOf":{"@id":"https:\/\/chemitool.com\/#website"},"primaryImageOfPage":{"@id":"https:\/\/chemitool.com\/es\/products\/chemicals\/adhesivos\/ms-polimero-es\/adhesivo-polimero-ms-turbo-3s-chemihyb\/#primaryimage"},"datePublished":"2020-03-26T16:28:10+00:00","dateModified":"2021-11-03T11:37:32+00:00","description":"SAP: CH03210001 Adhesivo Pol\u00edmero MS Turbo 3S CHEMIHYB es un adhesivo el\u00e1stico de pol\u00edmero monocomponente de nueva generaci\u00f3n (silano modificado).","breadcrumb":{"@id":"https:\/\/chemitool.com\/es\/products\/chemicals\/adhesivos\/ms-polimero-es\/adhesivo-polimero-ms-turbo-3s-chemihyb\/#breadcrumb"},"inLanguage":"es","potentialAction":[{"@type":"ReadAction","target":["https:\/\/chemitool.com\/es\/products\/chemicals\/adhesivos\/ms-polimero-es\/adhesivo-polimero-ms-turbo-3s-chemihyb\/"]}]},{"@type":"BreadcrumbList","@id":"https:\/\/chemitool.com\/es\/products\/chemicals\/adhesivos\/ms-polimero-es\/adhesivo-polimero-ms-turbo-3s-chemihyb\/#breadcrumb","itemListElement":[{"@type":"ListItem","position":1,"name":"Home","item":"https:\/\/chemitool.com\/es\/"},{"@type":"ListItem","position":2,"name":"Productos","item":"https:\/\/chemitool.com\/es\/productos\/"},{"@type":"ListItem","position":3,"name":"CHEMICALS","item":"https:\/\/chemitool.com\/es\/categoria-producto\/chemicals\/"},{"@type":"ListItem","position":4,"name":"ADHESIVO POL\u00cdMERO MS TURBO 3S CHEMIHYB"}]}]}},"_links":{"self":[{"href":"https:\/\/chemitool.com\/es\/wp-json\/wp\/v2\/product\/3765"}],"collection":[{"href":"https:\/\/chemitool.com\/es\/wp-json\/wp\/v2\/product"}],"about":[{"href":"https:\/\/chemitool.com\/es\/wp-json\/wp\/v2\/types\/product"}],"wp:featuredmedia":[{"embeddable":true,"href":"https:\/\/chemitool.com\/es\/wp-json\/wp\/v2\/media\/30031"}],"wp:attachment":[{"href":"https:\/\/chemitool.com\/es\/wp-json\/wp\/v2\/media?parent=3765"}],"wp:term":[{"taxonomy":"product_cat","embeddable":true,"href":"https:\/\/chemitool.com\/es\/wp-json\/wp\/v2\/product_cat?post=3765"},{"taxonomy":"product_tag","embeddable":true,"href":"https:\/\/chemitool.com\/es\/wp-json\/wp\/v2\/product_tag?post=3765"}],"curies":[{"name":"wp","href":"https:\/\/api.w.org\/{rel}","templated":true}]}}