{"id":3759,"date":"2020-03-26T17:05:29","date_gmt":"2020-03-26T17:05:29","guid":{"rendered":"https:\/\/chemitool.com\/products\/sin%20categor\u00eda\/selante-acrilico-chemiacryl\/"},"modified":"2023-03-08T15:53:18","modified_gmt":"2023-03-08T15:53:18","slug":"sellante-acrilico-chemiacryl","status":"publish","type":"product","link":"https:\/\/chemitool.com\/es\/products\/chemicals\/selladores\/sellante-acrilico-chemiacryl\/","title":{"rendered":"SELLADOR ACR\u00cdLICO CHEMIACRYL"},"content":{"rendered":"<p><strong>VENTAJAS<\/strong><\/p>\n<ul>\n<li>F\u00e1cil de aplicar<\/li>\n<li>Se puede pintar<\/li>\n<li>Alisado y nivelado f\u00e1cil<\/li>\n<li>Despu\u00e9s de curado, forma una capa que repele el agua<\/li>\n<li>Mantiene la flexibilidad, incluso despu\u00e9s de curado<\/li>\n<li>Buena resistencia al agua y a la intemperie<\/li>\n<\/ul>\n<p><strong>INDICACIONES<\/strong><\/p>\n<p>El producto se cura por deshidrataci\u00f3n (por p\u00e9rdida de agua), por eso, debe protegerse del agua hasta que las juntas formen una pel\u00edcula resistente y s\u00f3lida.<br \/>\nFactores como la alta humedad, las bajas temperaturas y las juntas demasiado gruesas, pueden retrasar significativamente la formaci\u00f3n de pel\u00edcula y el secado.<br \/>\nEn aplicaciones en el exterior, el producto seco debe protegerse de la lluvia torrencial y debe evitarse el contacto permanente con agua y humedad.<br \/>\nDurante el proceso de secado, el color del sellante puede variar ligeramente.<br \/>\nEl producto es compatible con varios sistemas de pintura, sin embargo, se recomienda realizar una prueba previa.<br \/>\nAntes de pintar, el sellante debe estar completamente seco.<br \/>\nNo aplicar en contacto con superficies que puedan liberar bet\u00fan, alquitr\u00e1n o plastificantes.<\/p>\n","protected":false},"excerpt":{"rendered":"<p><em>Sellador Acr\u00edlico CHEMIACRYL <\/em>es un sellador el\u00e1stico con base acr\u00edlica que protege del polvo y agua.<\/p>\n","protected":false},"featured_media":22918,"template":"","meta":[],"product_cat":[1209,1533],"product_tag":[126],"yoast_head":"<!-- This site is optimized with the Yoast SEO plugin v17.4 - https:\/\/yoast.com\/wordpress\/plugins\/seo\/ -->\n<title>SELLADOR ACR\u00cdLICO CHEMIACRYL &ndash; Chemitool<\/title>\n<meta name=\"description\" content=\"Sellador Acr\u00edlico CHEMIACRYL es un sellador el\u00e1stico con base acr\u00edlica que protege del polvo y agua.\" \/>\n<meta name=\"robots\" content=\"index, follow, max-snippet:-1, max-image-preview:large, max-video-preview:-1\" \/>\n<link rel=\"canonical\" href=\"https:\/\/chemitool.com\/es\/products\/chemicals\/selladores\/sellante-acrilico-chemiacryl\/\" \/>\n<meta property=\"og:locale\" content=\"es_ES\" \/>\n<meta property=\"og:type\" content=\"article\" \/>\n<meta property=\"og:title\" content=\"SELLADOR ACR\u00cdLICO CHEMIACRYL &ndash; Chemitool\" \/>\n<meta property=\"og:description\" content=\"Sellador Acr\u00edlico CHEMIACRYL es un sellador el\u00e1stico con base acr\u00edlica que protege del polvo y agua.\" \/>\n<meta property=\"og:url\" content=\"https:\/\/chemitool.com\/es\/products\/chemicals\/selladores\/sellante-acrilico-chemiacryl\/\" \/>\n<meta property=\"og:site_name\" content=\"Chemitool\" \/>\n<meta property=\"article:publisher\" content=\"https:\/\/www.facebook.com\/chemitool\" \/>\n<meta property=\"article:modified_time\" content=\"2023-03-08T15:53:18+00:00\" \/>\n<meta property=\"og:image\" content=\"https:\/\/chemitool.com\/wp-content\/uploads\/2022\/05\/CH1401_new.png\" \/>\n\t<meta property=\"og:image:width\" content=\"800\" \/>\n\t<meta property=\"og:image:height\" content=\"800\" \/>\n<meta name=\"twitter:card\" content=\"summary_large_image\" \/>\n<meta name=\"twitter:label1\" content=\"Tiempo de lectura\" \/>\n\t<meta name=\"twitter:data1\" content=\"1 minuto\" \/>\n<script type=\"application\/ld+json\" class=\"yoast-schema-graph\">{\"@context\":\"https:\/\/schema.org\",\"@graph\":[{\"@type\":\"Organization\",\"@id\":\"https:\/\/chemitool.com\/#organization\",\"name\":\"Chemitool\",\"url\":\"https:\/\/chemitool.com\/\",\"sameAs\":[\"https:\/\/www.facebook.com\/chemitool\",\"https:\/\/www.instagram.com\/chemitool\/\"],\"logo\":{\"@type\":\"ImageObject\",\"@id\":\"https:\/\/chemitool.com\/#logo\",\"inLanguage\":\"es\",\"url\":\"https:\/\/chemitool.com\/wp-content\/uploads\/2020\/10\/logo_chemitool.png\",\"contentUrl\":\"https:\/\/chemitool.com\/wp-content\/uploads\/2020\/10\/logo_chemitool.png\",\"width\":400,\"height\":400,\"caption\":\"Chemitool\"},\"image\":{\"@id\":\"https:\/\/chemitool.com\/#logo\"}},{\"@type\":\"WebSite\",\"@id\":\"https:\/\/chemitool.com\/#website\",\"url\":\"https:\/\/chemitool.com\/\",\"name\":\"Chemitool\",\"description\":\"Chemitool - hardware and tools\",\"publisher\":{\"@id\":\"https:\/\/chemitool.com\/#organization\"},\"potentialAction\":[{\"@type\":\"SearchAction\",\"target\":{\"@type\":\"EntryPoint\",\"urlTemplate\":\"https:\/\/chemitool.com\/?s={search_term_string}\"},\"query-input\":\"required name=search_term_string\"}],\"inLanguage\":\"es\"},{\"@type\":\"ImageObject\",\"@id\":\"https:\/\/chemitool.com\/es\/products\/chemicals\/selladores\/sellante-acrilico-chemiacryl\/#primaryimage\",\"inLanguage\":\"es\",\"url\":\"https:\/\/chemitool.com\/wp-content\/uploads\/2022\/05\/CH1401_new.png\",\"contentUrl\":\"https:\/\/chemitool.com\/wp-content\/uploads\/2022\/05\/CH1401_new.png\",\"width\":800,\"height\":800},{\"@type\":\"WebPage\",\"@id\":\"https:\/\/chemitool.com\/es\/products\/chemicals\/selladores\/sellante-acrilico-chemiacryl\/#webpage\",\"url\":\"https:\/\/chemitool.com\/es\/products\/chemicals\/selladores\/sellante-acrilico-chemiacryl\/\",\"name\":\"SELLADOR ACR\\u00cdLICO CHEMIACRYL &ndash; Chemitool\",\"isPartOf\":{\"@id\":\"https:\/\/chemitool.com\/#website\"},\"primaryImageOfPage\":{\"@id\":\"https:\/\/chemitool.com\/es\/products\/chemicals\/selladores\/sellante-acrilico-chemiacryl\/#primaryimage\"},\"datePublished\":\"2020-03-26T17:05:29+00:00\",\"dateModified\":\"2023-03-08T15:53:18+00:00\",\"description\":\"Sellador Acr\\u00edlico CHEMIACRYL es un sellador el\\u00e1stico con base acr\\u00edlica que protege del polvo y agua.\",\"breadcrumb\":{\"@id\":\"https:\/\/chemitool.com\/es\/products\/chemicals\/selladores\/sellante-acrilico-chemiacryl\/#breadcrumb\"},\"inLanguage\":\"es\",\"potentialAction\":[{\"@type\":\"ReadAction\",\"target\":[\"https:\/\/chemitool.com\/es\/products\/chemicals\/selladores\/sellante-acrilico-chemiacryl\/\"]}]},{\"@type\":\"BreadcrumbList\",\"@id\":\"https:\/\/chemitool.com\/es\/products\/chemicals\/selladores\/sellante-acrilico-chemiacryl\/#breadcrumb\",\"itemListElement\":[{\"@type\":\"ListItem\",\"position\":1,\"name\":\"Home\",\"item\":\"https:\/\/chemitool.com\/es\/\"},{\"@type\":\"ListItem\",\"position\":2,\"name\":\"Productos\",\"item\":\"https:\/\/chemitool.com\/es\/productos\/\"},{\"@type\":\"ListItem\",\"position\":3,\"name\":\"CHEMICALS\",\"item\":\"https:\/\/chemitool.com\/es\/categoria-producto\/chemicals\/\"},{\"@type\":\"ListItem\",\"position\":4,\"name\":\"SELLADOR ACR\\u00cdLICO CHEMIACRYL\"}]}]}<\/script>\n<!-- \/ Yoast SEO plugin. -->","yoast_head_json":{"title":"SELLADOR ACR\u00cdLICO CHEMIACRYL &ndash; Chemitool","description":"Sellador Acr\u00edlico CHEMIACRYL es un sellador el\u00e1stico con base acr\u00edlica que protege del polvo y agua.","robots":{"index":"index","follow":"follow","max-snippet":"max-snippet:-1","max-image-preview":"max-image-preview:large","max-video-preview":"max-video-preview:-1"},"canonical":"https:\/\/chemitool.com\/es\/products\/chemicals\/selladores\/sellante-acrilico-chemiacryl\/","og_locale":"es_ES","og_type":"article","og_title":"SELLADOR ACR\u00cdLICO CHEMIACRYL &ndash; Chemitool","og_description":"Sellador Acr\u00edlico CHEMIACRYL es un sellador el\u00e1stico con base acr\u00edlica que protege del polvo y agua.","og_url":"https:\/\/chemitool.com\/es\/products\/chemicals\/selladores\/sellante-acrilico-chemiacryl\/","og_site_name":"Chemitool","article_publisher":"https:\/\/www.facebook.com\/chemitool","article_modified_time":"2023-03-08T15:53:18+00:00","og_image":[{"width":800,"height":800,"url":"https:\/\/chemitool.com\/wp-content\/uploads\/2022\/05\/CH1401_new.png","type":"image\/png"}],"twitter_card":"summary_large_image","twitter_misc":{"Tiempo de lectura":"1 minuto"},"schema":{"@context":"https:\/\/schema.org","@graph":[{"@type":"Organization","@id":"https:\/\/chemitool.com\/#organization","name":"Chemitool","url":"https:\/\/chemitool.com\/","sameAs":["https:\/\/www.facebook.com\/chemitool","https:\/\/www.instagram.com\/chemitool\/"],"logo":{"@type":"ImageObject","@id":"https:\/\/chemitool.com\/#logo","inLanguage":"es","url":"https:\/\/chemitool.com\/wp-content\/uploads\/2020\/10\/logo_chemitool.png","contentUrl":"https:\/\/chemitool.com\/wp-content\/uploads\/2020\/10\/logo_chemitool.png","width":400,"height":400,"caption":"Chemitool"},"image":{"@id":"https:\/\/chemitool.com\/#logo"}},{"@type":"WebSite","@id":"https:\/\/chemitool.com\/#website","url":"https:\/\/chemitool.com\/","name":"Chemitool","description":"Chemitool - hardware and tools","publisher":{"@id":"https:\/\/chemitool.com\/#organization"},"potentialAction":[{"@type":"SearchAction","target":{"@type":"EntryPoint","urlTemplate":"https:\/\/chemitool.com\/?s={search_term_string}"},"query-input":"required name=search_term_string"}],"inLanguage":"es"},{"@type":"ImageObject","@id":"https:\/\/chemitool.com\/es\/products\/chemicals\/selladores\/sellante-acrilico-chemiacryl\/#primaryimage","inLanguage":"es","url":"https:\/\/chemitool.com\/wp-content\/uploads\/2022\/05\/CH1401_new.png","contentUrl":"https:\/\/chemitool.com\/wp-content\/uploads\/2022\/05\/CH1401_new.png","width":800,"height":800},{"@type":"WebPage","@id":"https:\/\/chemitool.com\/es\/products\/chemicals\/selladores\/sellante-acrilico-chemiacryl\/#webpage","url":"https:\/\/chemitool.com\/es\/products\/chemicals\/selladores\/sellante-acrilico-chemiacryl\/","name":"SELLADOR ACR\u00cdLICO CHEMIACRYL &ndash; Chemitool","isPartOf":{"@id":"https:\/\/chemitool.com\/#website"},"primaryImageOfPage":{"@id":"https:\/\/chemitool.com\/es\/products\/chemicals\/selladores\/sellante-acrilico-chemiacryl\/#primaryimage"},"datePublished":"2020-03-26T17:05:29+00:00","dateModified":"2023-03-08T15:53:18+00:00","description":"Sellador Acr\u00edlico CHEMIACRYL es un sellador el\u00e1stico con base acr\u00edlica que protege del polvo y agua.","breadcrumb":{"@id":"https:\/\/chemitool.com\/es\/products\/chemicals\/selladores\/sellante-acrilico-chemiacryl\/#breadcrumb"},"inLanguage":"es","potentialAction":[{"@type":"ReadAction","target":["https:\/\/chemitool.com\/es\/products\/chemicals\/selladores\/sellante-acrilico-chemiacryl\/"]}]},{"@type":"BreadcrumbList","@id":"https:\/\/chemitool.com\/es\/products\/chemicals\/selladores\/sellante-acrilico-chemiacryl\/#breadcrumb","itemListElement":[{"@type":"ListItem","position":1,"name":"Home","item":"https:\/\/chemitool.com\/es\/"},{"@type":"ListItem","position":2,"name":"Productos","item":"https:\/\/chemitool.com\/es\/productos\/"},{"@type":"ListItem","position":3,"name":"CHEMICALS","item":"https:\/\/chemitool.com\/es\/categoria-producto\/chemicals\/"},{"@type":"ListItem","position":4,"name":"SELLADOR ACR\u00cdLICO CHEMIACRYL"}]}]}},"_links":{"self":[{"href":"https:\/\/chemitool.com\/es\/wp-json\/wp\/v2\/product\/3759"}],"collection":[{"href":"https:\/\/chemitool.com\/es\/wp-json\/wp\/v2\/product"}],"about":[{"href":"https:\/\/chemitool.com\/es\/wp-json\/wp\/v2\/types\/product"}],"wp:featuredmedia":[{"embeddable":true,"href":"https:\/\/chemitool.com\/es\/wp-json\/wp\/v2\/media\/22918"}],"wp:attachment":[{"href":"https:\/\/chemitool.com\/es\/wp-json\/wp\/v2\/media?parent=3759"}],"wp:term":[{"taxonomy":"product_cat","embeddable":true,"href":"https:\/\/chemitool.com\/es\/wp-json\/wp\/v2\/product_cat?post=3759"},{"taxonomy":"product_tag","embeddable":true,"href":"https:\/\/chemitool.com\/es\/wp-json\/wp\/v2\/product_tag?post=3759"}],"curies":[{"name":"wp","href":"https:\/\/api.w.org\/{rel}","templated":true}]}}