{"id":3757,"date":"2020-03-27T09:18:49","date_gmt":"2020-03-27T09:18:49","guid":{"rendered":"https:\/\/chemitool.com\/products\/sin%20categor\u00eda\/cola-para-esquadrias-chemiglu\/"},"modified":"2021-05-31T13:35:56","modified_gmt":"2021-05-31T13:35:56","slug":"sellador-de-ingletes-chemiglu","status":"publish","type":"product","link":"https:\/\/chemitool.com\/es\/products\/chemicals\/colas\/otros-adhesivos\/sellador-de-ingletes-chemiglu\/","title":{"rendered":"SELLADOR DE INGLETES CHEMIGLU"},"content":{"rendered":"<p><strong>VENTAJAS<\/strong><\/p>\n<ul>\n<li>F\u00e1cil aplicaci\u00f3n<\/li>\n<li>Sellador el\u00e1stico transparente (blanco al aplicar y transparente cuando se seca)<\/li>\n<li>Especialmente desarrollada para sellar marcos en aluminio y PVC<\/li>\n<li>Previene la infiltraci\u00f3n de agua<\/li>\n<li>A base de agua<\/li>\n<\/ul>\n<p><strong>INDICACIONES<\/strong><\/p>\n<p>Es un producto a base de agua, blanco lechoso, que se queda transparente cuando est\u00e1 seco. El proceso de cura var\u00eda entre una semana y diez d\u00edas, despu\u00e9s de eso, los ingletes est\u00e1n completamente secos.<\/p>\n","protected":false},"excerpt":{"rendered":"<p><b class=\"sap-label\">SAP:<\/b> <span class=\"codesap-label\">CH09000001<\/span><\/p>\n<p><em>Sellador de Ingletes CHEMIGLU <\/em>es un sellador el\u00e1stico transparente para unir ingletes en carpinter\u00eda de aluminio y de PVC.<\/p>\n","protected":false},"featured_media":29950,"template":"","meta":[],"product_cat":[1209,1228,3644],"product_tag":[124],"yoast_head":"<!-- This site is optimized with the Yoast SEO plugin v17.4 - https:\/\/yoast.com\/wordpress\/plugins\/seo\/ -->\n<title>SELLADOR DE INGLETES CHEMIGLU &ndash; Chemitool<\/title>\n<meta name=\"description\" content=\"SAP: CH09000001  Sellador de Ingletes CHEMIGLU es un sellador el\u00e1stico transparente para unir ingletes en carpinter\u00eda de aluminio y de PVC.\" \/>\n<meta name=\"robots\" content=\"index, follow, max-snippet:-1, max-image-preview:large, max-video-preview:-1\" \/>\n<link rel=\"canonical\" href=\"https:\/\/chemitool.com\/es\/products\/chemicals\/colas\/otros-adhesivos\/sellador-de-ingletes-chemiglu\/\" \/>\n<meta property=\"og:locale\" content=\"es_ES\" \/>\n<meta property=\"og:type\" content=\"article\" \/>\n<meta property=\"og:title\" content=\"SELLADOR DE INGLETES CHEMIGLU &ndash; Chemitool\" \/>\n<meta property=\"og:description\" content=\"SAP: CH09000001  Sellador de Ingletes CHEMIGLU es un sellador el\u00e1stico transparente para unir ingletes en carpinter\u00eda de aluminio y de PVC.\" \/>\n<meta property=\"og:url\" content=\"https:\/\/chemitool.com\/es\/products\/chemicals\/colas\/otros-adhesivos\/sellador-de-ingletes-chemiglu\/\" \/>\n<meta property=\"og:site_name\" content=\"Chemitool\" \/>\n<meta property=\"article:publisher\" content=\"https:\/\/www.facebook.com\/chemitool\" \/>\n<meta property=\"article:modified_time\" content=\"2021-05-31T13:35:56+00:00\" \/>\n<meta property=\"og:image\" content=\"https:\/\/chemitool.com\/wp-content\/uploads\/2020\/03\/CH09000001-MITERS.png\" \/>\n\t<meta property=\"og:image:width\" content=\"800\" \/>\n\t<meta property=\"og:image:height\" content=\"800\" \/>\n<meta name=\"twitter:card\" content=\"summary_large_image\" \/>\n<script type=\"application\/ld+json\" class=\"yoast-schema-graph\">{\"@context\":\"https:\/\/schema.org\",\"@graph\":[{\"@type\":\"Organization\",\"@id\":\"https:\/\/chemitool.com\/#organization\",\"name\":\"Chemitool\",\"url\":\"https:\/\/chemitool.com\/\",\"sameAs\":[\"https:\/\/www.facebook.com\/chemitool\",\"https:\/\/www.instagram.com\/chemitool\/\"],\"logo\":{\"@type\":\"ImageObject\",\"@id\":\"https:\/\/chemitool.com\/#logo\",\"inLanguage\":\"es\",\"url\":\"https:\/\/chemitool.com\/wp-content\/uploads\/2020\/10\/logo_chemitool.png\",\"contentUrl\":\"https:\/\/chemitool.com\/wp-content\/uploads\/2020\/10\/logo_chemitool.png\",\"width\":400,\"height\":400,\"caption\":\"Chemitool\"},\"image\":{\"@id\":\"https:\/\/chemitool.com\/#logo\"}},{\"@type\":\"WebSite\",\"@id\":\"https:\/\/chemitool.com\/#website\",\"url\":\"https:\/\/chemitool.com\/\",\"name\":\"Chemitool\",\"description\":\"Chemitool - hardware and tools\",\"publisher\":{\"@id\":\"https:\/\/chemitool.com\/#organization\"},\"potentialAction\":[{\"@type\":\"SearchAction\",\"target\":{\"@type\":\"EntryPoint\",\"urlTemplate\":\"https:\/\/chemitool.com\/?s={search_term_string}\"},\"query-input\":\"required name=search_term_string\"}],\"inLanguage\":\"es\"},{\"@type\":\"ImageObject\",\"@id\":\"https:\/\/chemitool.com\/es\/products\/chemicals\/colas\/otros-adhesivos\/sellador-de-ingletes-chemiglu\/#primaryimage\",\"inLanguage\":\"es\",\"url\":\"https:\/\/chemitool.com\/wp-content\/uploads\/2020\/03\/CH09000001.png\",\"contentUrl\":\"https:\/\/chemitool.com\/wp-content\/uploads\/2020\/03\/CH09000001.png\",\"width\":800,\"height\":800},{\"@type\":\"WebPage\",\"@id\":\"https:\/\/chemitool.com\/es\/products\/chemicals\/colas\/otros-adhesivos\/sellador-de-ingletes-chemiglu\/#webpage\",\"url\":\"https:\/\/chemitool.com\/es\/products\/chemicals\/colas\/otros-adhesivos\/sellador-de-ingletes-chemiglu\/\",\"name\":\"SELLADOR DE INGLETES CHEMIGLU &ndash; Chemitool\",\"isPartOf\":{\"@id\":\"https:\/\/chemitool.com\/#website\"},\"primaryImageOfPage\":{\"@id\":\"https:\/\/chemitool.com\/es\/products\/chemicals\/colas\/otros-adhesivos\/sellador-de-ingletes-chemiglu\/#primaryimage\"},\"datePublished\":\"2020-03-27T09:18:49+00:00\",\"dateModified\":\"2021-05-31T13:35:56+00:00\",\"description\":\"SAP: CH09000001 Sellador de Ingletes CHEMIGLU es un sellador el\\u00e1stico transparente para unir ingletes en carpinter\\u00eda de aluminio y de PVC.\",\"breadcrumb\":{\"@id\":\"https:\/\/chemitool.com\/es\/products\/chemicals\/colas\/otros-adhesivos\/sellador-de-ingletes-chemiglu\/#breadcrumb\"},\"inLanguage\":\"es\",\"potentialAction\":[{\"@type\":\"ReadAction\",\"target\":[\"https:\/\/chemitool.com\/es\/products\/chemicals\/colas\/otros-adhesivos\/sellador-de-ingletes-chemiglu\/\"]}]},{\"@type\":\"BreadcrumbList\",\"@id\":\"https:\/\/chemitool.com\/es\/products\/chemicals\/colas\/otros-adhesivos\/sellador-de-ingletes-chemiglu\/#breadcrumb\",\"itemListElement\":[{\"@type\":\"ListItem\",\"position\":1,\"name\":\"Home\",\"item\":\"https:\/\/chemitool.com\/es\/\"},{\"@type\":\"ListItem\",\"position\":2,\"name\":\"Productos\",\"item\":\"https:\/\/chemitool.com\/es\/productos\/\"},{\"@type\":\"ListItem\",\"position\":3,\"name\":\"CHEMICALS\",\"item\":\"https:\/\/chemitool.com\/es\/categoria-producto\/chemicals\/\"},{\"@type\":\"ListItem\",\"position\":4,\"name\":\"SELLADOR DE INGLETES CHEMIGLU\"}]}]}<\/script>\n<!-- \/ Yoast SEO plugin. -->","yoast_head_json":{"title":"SELLADOR DE INGLETES CHEMIGLU &ndash; Chemitool","description":"SAP: CH09000001  Sellador de Ingletes CHEMIGLU es un sellador el\u00e1stico transparente para unir ingletes en carpinter\u00eda de aluminio y de PVC.","robots":{"index":"index","follow":"follow","max-snippet":"max-snippet:-1","max-image-preview":"max-image-preview:large","max-video-preview":"max-video-preview:-1"},"canonical":"https:\/\/chemitool.com\/es\/products\/chemicals\/colas\/otros-adhesivos\/sellador-de-ingletes-chemiglu\/","og_locale":"es_ES","og_type":"article","og_title":"SELLADOR DE INGLETES CHEMIGLU &ndash; Chemitool","og_description":"SAP: CH09000001  Sellador de Ingletes CHEMIGLU es un sellador el\u00e1stico transparente para unir ingletes en carpinter\u00eda de aluminio y de PVC.","og_url":"https:\/\/chemitool.com\/es\/products\/chemicals\/colas\/otros-adhesivos\/sellador-de-ingletes-chemiglu\/","og_site_name":"Chemitool","article_publisher":"https:\/\/www.facebook.com\/chemitool","article_modified_time":"2021-05-31T13:35:56+00:00","og_image":[{"width":800,"height":800,"url":"https:\/\/chemitool.com\/wp-content\/uploads\/2020\/03\/CH09000001-MITERS.png","type":"image\/png"}],"twitter_card":"summary_large_image","schema":{"@context":"https:\/\/schema.org","@graph":[{"@type":"Organization","@id":"https:\/\/chemitool.com\/#organization","name":"Chemitool","url":"https:\/\/chemitool.com\/","sameAs":["https:\/\/www.facebook.com\/chemitool","https:\/\/www.instagram.com\/chemitool\/"],"logo":{"@type":"ImageObject","@id":"https:\/\/chemitool.com\/#logo","inLanguage":"es","url":"https:\/\/chemitool.com\/wp-content\/uploads\/2020\/10\/logo_chemitool.png","contentUrl":"https:\/\/chemitool.com\/wp-content\/uploads\/2020\/10\/logo_chemitool.png","width":400,"height":400,"caption":"Chemitool"},"image":{"@id":"https:\/\/chemitool.com\/#logo"}},{"@type":"WebSite","@id":"https:\/\/chemitool.com\/#website","url":"https:\/\/chemitool.com\/","name":"Chemitool","description":"Chemitool - hardware and tools","publisher":{"@id":"https:\/\/chemitool.com\/#organization"},"potentialAction":[{"@type":"SearchAction","target":{"@type":"EntryPoint","urlTemplate":"https:\/\/chemitool.com\/?s={search_term_string}"},"query-input":"required name=search_term_string"}],"inLanguage":"es"},{"@type":"ImageObject","@id":"https:\/\/chemitool.com\/es\/products\/chemicals\/colas\/otros-adhesivos\/sellador-de-ingletes-chemiglu\/#primaryimage","inLanguage":"es","url":"https:\/\/chemitool.com\/wp-content\/uploads\/2020\/03\/CH09000001.png","contentUrl":"https:\/\/chemitool.com\/wp-content\/uploads\/2020\/03\/CH09000001.png","width":800,"height":800},{"@type":"WebPage","@id":"https:\/\/chemitool.com\/es\/products\/chemicals\/colas\/otros-adhesivos\/sellador-de-ingletes-chemiglu\/#webpage","url":"https:\/\/chemitool.com\/es\/products\/chemicals\/colas\/otros-adhesivos\/sellador-de-ingletes-chemiglu\/","name":"SELLADOR DE INGLETES CHEMIGLU &ndash; Chemitool","isPartOf":{"@id":"https:\/\/chemitool.com\/#website"},"primaryImageOfPage":{"@id":"https:\/\/chemitool.com\/es\/products\/chemicals\/colas\/otros-adhesivos\/sellador-de-ingletes-chemiglu\/#primaryimage"},"datePublished":"2020-03-27T09:18:49+00:00","dateModified":"2021-05-31T13:35:56+00:00","description":"SAP: CH09000001 Sellador de Ingletes CHEMIGLU es un sellador el\u00e1stico transparente para unir ingletes en carpinter\u00eda de aluminio y de PVC.","breadcrumb":{"@id":"https:\/\/chemitool.com\/es\/products\/chemicals\/colas\/otros-adhesivos\/sellador-de-ingletes-chemiglu\/#breadcrumb"},"inLanguage":"es","potentialAction":[{"@type":"ReadAction","target":["https:\/\/chemitool.com\/es\/products\/chemicals\/colas\/otros-adhesivos\/sellador-de-ingletes-chemiglu\/"]}]},{"@type":"BreadcrumbList","@id":"https:\/\/chemitool.com\/es\/products\/chemicals\/colas\/otros-adhesivos\/sellador-de-ingletes-chemiglu\/#breadcrumb","itemListElement":[{"@type":"ListItem","position":1,"name":"Home","item":"https:\/\/chemitool.com\/es\/"},{"@type":"ListItem","position":2,"name":"Productos","item":"https:\/\/chemitool.com\/es\/productos\/"},{"@type":"ListItem","position":3,"name":"CHEMICALS","item":"https:\/\/chemitool.com\/es\/categoria-producto\/chemicals\/"},{"@type":"ListItem","position":4,"name":"SELLADOR DE INGLETES CHEMIGLU"}]}]}},"_links":{"self":[{"href":"https:\/\/chemitool.com\/es\/wp-json\/wp\/v2\/product\/3757"}],"collection":[{"href":"https:\/\/chemitool.com\/es\/wp-json\/wp\/v2\/product"}],"about":[{"href":"https:\/\/chemitool.com\/es\/wp-json\/wp\/v2\/types\/product"}],"wp:featuredmedia":[{"embeddable":true,"href":"https:\/\/chemitool.com\/es\/wp-json\/wp\/v2\/media\/29950"}],"wp:attachment":[{"href":"https:\/\/chemitool.com\/es\/wp-json\/wp\/v2\/media?parent=3757"}],"wp:term":[{"taxonomy":"product_cat","embeddable":true,"href":"https:\/\/chemitool.com\/es\/wp-json\/wp\/v2\/product_cat?post=3757"},{"taxonomy":"product_tag","embeddable":true,"href":"https:\/\/chemitool.com\/es\/wp-json\/wp\/v2\/product_tag?post=3757"}],"curies":[{"name":"wp","href":"https:\/\/api.w.org\/{rel}","templated":true}]}}