{"id":3756,"date":"2020-03-26T17:05:24","date_gmt":"2020-03-26T17:05:24","guid":{"rendered":"https:\/\/chemitool.com\/products\/sin%20categor\u00eda\/cola-e-veda-poliuretano-chemipol\/"},"modified":"2025-07-11T16:09:21","modified_gmt":"2025-07-11T16:09:21","slug":"sealbond-pu-40-chemipol","status":"publish","type":"product","link":"https:\/\/chemitool.com\/es\/products\/chemicals\/adhesivos\/poliuretano-es\/sealbond-pu-40-chemipol\/","title":{"rendered":"SEAL&#038;BOND PU 40 CHEMIPOL"},"content":{"rendered":"<p><b>PROPRIEDADES<\/b><\/p>\n<ul>\n<li>Alta elasticidad<\/li>\n<li>Se puede aplicar en el interior y en el exterior<\/li>\n<li>Gran capacidad de movimiento (25%)<\/li>\n<li>Buena resistencia a los rayos UV y a las inclemencias del tiempo<\/li>\n<li>Alta resistencia qu\u00edmica al agua salada, grasas, detergentes, etc.<\/li>\n<li>Excelente adherencia a los materiales de construcci\u00f3n<\/li>\n<li>Se puede pintar despu\u00e9s del curado<\/li>\n<li>Ideal para juntas de dilataci\u00f3n<\/li>\n<li><strong>CERTIFICACI\u00d3N SNJF<\/strong> con la clasificaci\u00f3n Mastic \u00e9lastom\u00e8re, clase 25E para aluminio anodizado sin imprimaci\u00f3n, con n\u00famero de registro 4389.<\/li>\n<\/ul>\n<p><img class=\"alignnone wp-image-19250\" src=\"https:\/\/chemitool.com\/wp-content\/uploads\/2022\/02\/snjf.png\" alt=\"\" width=\"139\" height=\"160\" \/><\/p>\n<p><strong>INDICACIONES<\/strong><\/p>\n<p>Debe utilizarse en zonas ventiladas, evitando el contacto con la piel, los ojos y las mucosas. Mantener fuera del alcance de los ni\u00f1os. Almacenar en un ambiente fresco, seco y bien ventilado entre +5\u00b0C y + 25\u00b0C, lejos de fuentes de calor y humedad. Vida \u00fatil 18 meses si se almacena en las condiciones recomendadas. En tiempo fr\u00edo, almacene los cartuchos a aproximadamente 20\u00b0C antes de usarlos.<\/p>\n","protected":false},"excerpt":{"rendered":"<p><em>SEAL&amp;BOND PU 40 CHEMIPOL<\/em> es una masilla de poliuretano, con alta elasticidad, excelentes prestaciones mec\u00e1nicas y gran resistencia a la intemperie. Forma una junta flexible y resistente en la mayor\u00eda de los materiales de construcci\u00f3n. Tiene Certificaci\u00f3n SNJF para su aplicaci\u00f3n en aluminio anodizado y en aplicaciones de fachada.<\/p>\n","protected":false},"featured_media":29990,"template":"","meta":[],"product_cat":[1209,1222,3635],"product_tag":[125],"yoast_head":"<!-- This site is optimized with the Yoast SEO plugin v17.4 - https:\/\/yoast.com\/wordpress\/plugins\/seo\/ -->\n<title>SEAL&amp;BOND PU 40 CHEMIPOL &ndash; Chemitool<\/title>\n<meta name=\"description\" content=\"SEAL&amp;BOND PU 40 CHEMIPOL es una masilla de poliuretano, con alta elasticidad, excelentes prestaciones mec\u00e1nicas y gran resistencia a la intemperie. Forma una junta flexible y resistente en la mayor\u00eda de los materiales de construcci\u00f3n. Tiene Certificaci\u00f3n SNJF para su aplicaci\u00f3n en aluminio anodizado y en aplicaciones de fachada.\" \/>\n<meta name=\"robots\" content=\"index, follow, max-snippet:-1, max-image-preview:large, max-video-preview:-1\" \/>\n<link rel=\"canonical\" href=\"https:\/\/chemitool.com\/es\/products\/chemicals\/adhesivos\/poliuretano-es\/sealbond-pu-40-chemipol\/\" \/>\n<meta property=\"og:locale\" content=\"es_ES\" \/>\n<meta property=\"og:type\" content=\"article\" \/>\n<meta property=\"og:title\" content=\"SEAL&amp;BOND PU 40 CHEMIPOL &ndash; Chemitool\" \/>\n<meta property=\"og:description\" content=\"SEAL&amp;BOND PU 40 CHEMIPOL es una masilla de poliuretano, con alta elasticidad, excelentes prestaciones mec\u00e1nicas y gran resistencia a la intemperie. Forma una junta flexible y resistente en la mayor\u00eda de los materiales de construcci\u00f3n. Tiene Certificaci\u00f3n SNJF para su aplicaci\u00f3n en aluminio anodizado y en aplicaciones de fachada.\" \/>\n<meta property=\"og:url\" content=\"https:\/\/chemitool.com\/es\/products\/chemicals\/adhesivos\/poliuretano-es\/sealbond-pu-40-chemipol\/\" \/>\n<meta property=\"og:site_name\" content=\"Chemitool\" \/>\n<meta property=\"article:publisher\" content=\"https:\/\/www.facebook.com\/chemitool\" \/>\n<meta property=\"article:modified_time\" content=\"2025-07-11T16:09:21+00:00\" \/>\n<meta property=\"og:image\" content=\"https:\/\/chemitool.com\/wp-content\/uploads\/2020\/03\/POLYURETHANE_aluminum.png\" \/>\n\t<meta property=\"og:image:width\" content=\"800\" \/>\n\t<meta property=\"og:image:height\" content=\"800\" \/>\n<meta name=\"twitter:card\" content=\"summary_large_image\" \/>\n<meta name=\"twitter:label1\" content=\"Tiempo de lectura\" \/>\n\t<meta name=\"twitter:data1\" content=\"1 minuto\" \/>\n<script type=\"application\/ld+json\" class=\"yoast-schema-graph\">{\"@context\":\"https:\/\/schema.org\",\"@graph\":[{\"@type\":\"Organization\",\"@id\":\"https:\/\/chemitool.com\/#organization\",\"name\":\"Chemitool\",\"url\":\"https:\/\/chemitool.com\/\",\"sameAs\":[\"https:\/\/www.facebook.com\/chemitool\",\"https:\/\/www.instagram.com\/chemitool\/\"],\"logo\":{\"@type\":\"ImageObject\",\"@id\":\"https:\/\/chemitool.com\/#logo\",\"inLanguage\":\"es\",\"url\":\"https:\/\/chemitool.com\/wp-content\/uploads\/2020\/10\/logo_chemitool.png\",\"contentUrl\":\"https:\/\/chemitool.com\/wp-content\/uploads\/2020\/10\/logo_chemitool.png\",\"width\":400,\"height\":400,\"caption\":\"Chemitool\"},\"image\":{\"@id\":\"https:\/\/chemitool.com\/#logo\"}},{\"@type\":\"WebSite\",\"@id\":\"https:\/\/chemitool.com\/#website\",\"url\":\"https:\/\/chemitool.com\/\",\"name\":\"Chemitool\",\"description\":\"Chemitool - hardware and tools\",\"publisher\":{\"@id\":\"https:\/\/chemitool.com\/#organization\"},\"potentialAction\":[{\"@type\":\"SearchAction\",\"target\":{\"@type\":\"EntryPoint\",\"urlTemplate\":\"https:\/\/chemitool.com\/?s={search_term_string}\"},\"query-input\":\"required name=search_term_string\"}],\"inLanguage\":\"es\"},{\"@type\":\"ImageObject\",\"@id\":\"https:\/\/chemitool.com\/es\/products\/chemicals\/adhesivos\/poliuretano-es\/sealbond-pu-40-chemipol\/#primaryimage\",\"inLanguage\":\"es\",\"url\":\"https:\/\/chemitool.com\/wp-content\/uploads\/2020\/03\/POLYURETHANE_aluminum.png\",\"contentUrl\":\"https:\/\/chemitool.com\/wp-content\/uploads\/2020\/03\/POLYURETHANE_aluminum.png\",\"width\":800,\"height\":800},{\"@type\":\"WebPage\",\"@id\":\"https:\/\/chemitool.com\/es\/products\/chemicals\/adhesivos\/poliuretano-es\/sealbond-pu-40-chemipol\/#webpage\",\"url\":\"https:\/\/chemitool.com\/es\/products\/chemicals\/adhesivos\/poliuretano-es\/sealbond-pu-40-chemipol\/\",\"name\":\"SEAL&BOND PU 40 CHEMIPOL &ndash; Chemitool\",\"isPartOf\":{\"@id\":\"https:\/\/chemitool.com\/#website\"},\"primaryImageOfPage\":{\"@id\":\"https:\/\/chemitool.com\/es\/products\/chemicals\/adhesivos\/poliuretano-es\/sealbond-pu-40-chemipol\/#primaryimage\"},\"datePublished\":\"2020-03-26T17:05:24+00:00\",\"dateModified\":\"2025-07-11T16:09:21+00:00\",\"description\":\"SEAL&amp;BOND PU 40 CHEMIPOL es una masilla de poliuretano, con alta elasticidad, excelentes prestaciones mec\\u00e1nicas y gran resistencia a la intemperie. Forma una junta flexible y resistente en la mayor\\u00eda de los materiales de construcci\\u00f3n. Tiene Certificaci\\u00f3n SNJF para su aplicaci\\u00f3n en aluminio anodizado y en aplicaciones de fachada.\",\"breadcrumb\":{\"@id\":\"https:\/\/chemitool.com\/es\/products\/chemicals\/adhesivos\/poliuretano-es\/sealbond-pu-40-chemipol\/#breadcrumb\"},\"inLanguage\":\"es\",\"potentialAction\":[{\"@type\":\"ReadAction\",\"target\":[\"https:\/\/chemitool.com\/es\/products\/chemicals\/adhesivos\/poliuretano-es\/sealbond-pu-40-chemipol\/\"]}]},{\"@type\":\"BreadcrumbList\",\"@id\":\"https:\/\/chemitool.com\/es\/products\/chemicals\/adhesivos\/poliuretano-es\/sealbond-pu-40-chemipol\/#breadcrumb\",\"itemListElement\":[{\"@type\":\"ListItem\",\"position\":1,\"name\":\"Home\",\"item\":\"https:\/\/chemitool.com\/es\/\"},{\"@type\":\"ListItem\",\"position\":2,\"name\":\"Productos\",\"item\":\"https:\/\/chemitool.com\/es\/productos\/\"},{\"@type\":\"ListItem\",\"position\":3,\"name\":\"Chemicals\",\"item\":\"https:\/\/chemitool.com\/product-category\/chemical-products\/\"},{\"@type\":\"ListItem\",\"position\":4,\"name\":\"SEAL&#038;BOND PU 40 CHEMIPOL\"}]}]}<\/script>\n<!-- \/ Yoast SEO plugin. -->","yoast_head_json":{"title":"SEAL&BOND PU 40 CHEMIPOL &ndash; Chemitool","description":"SEAL&amp;BOND PU 40 CHEMIPOL es una masilla de poliuretano, con alta elasticidad, excelentes prestaciones mec\u00e1nicas y gran resistencia a la intemperie. Forma una junta flexible y resistente en la mayor\u00eda de los materiales de construcci\u00f3n. Tiene Certificaci\u00f3n SNJF para su aplicaci\u00f3n en aluminio anodizado y en aplicaciones de fachada.","robots":{"index":"index","follow":"follow","max-snippet":"max-snippet:-1","max-image-preview":"max-image-preview:large","max-video-preview":"max-video-preview:-1"},"canonical":"https:\/\/chemitool.com\/es\/products\/chemicals\/adhesivos\/poliuretano-es\/sealbond-pu-40-chemipol\/","og_locale":"es_ES","og_type":"article","og_title":"SEAL&BOND PU 40 CHEMIPOL &ndash; Chemitool","og_description":"SEAL&amp;BOND PU 40 CHEMIPOL es una masilla de poliuretano, con alta elasticidad, excelentes prestaciones mec\u00e1nicas y gran resistencia a la intemperie. Forma una junta flexible y resistente en la mayor\u00eda de los materiales de construcci\u00f3n. Tiene Certificaci\u00f3n SNJF para su aplicaci\u00f3n en aluminio anodizado y en aplicaciones de fachada.","og_url":"https:\/\/chemitool.com\/es\/products\/chemicals\/adhesivos\/poliuretano-es\/sealbond-pu-40-chemipol\/","og_site_name":"Chemitool","article_publisher":"https:\/\/www.facebook.com\/chemitool","article_modified_time":"2025-07-11T16:09:21+00:00","og_image":[{"width":800,"height":800,"url":"https:\/\/chemitool.com\/wp-content\/uploads\/2020\/03\/POLYURETHANE_aluminum.png","type":"image\/png"}],"twitter_card":"summary_large_image","twitter_misc":{"Tiempo de lectura":"1 minuto"},"schema":{"@context":"https:\/\/schema.org","@graph":[{"@type":"Organization","@id":"https:\/\/chemitool.com\/#organization","name":"Chemitool","url":"https:\/\/chemitool.com\/","sameAs":["https:\/\/www.facebook.com\/chemitool","https:\/\/www.instagram.com\/chemitool\/"],"logo":{"@type":"ImageObject","@id":"https:\/\/chemitool.com\/#logo","inLanguage":"es","url":"https:\/\/chemitool.com\/wp-content\/uploads\/2020\/10\/logo_chemitool.png","contentUrl":"https:\/\/chemitool.com\/wp-content\/uploads\/2020\/10\/logo_chemitool.png","width":400,"height":400,"caption":"Chemitool"},"image":{"@id":"https:\/\/chemitool.com\/#logo"}},{"@type":"WebSite","@id":"https:\/\/chemitool.com\/#website","url":"https:\/\/chemitool.com\/","name":"Chemitool","description":"Chemitool - hardware and tools","publisher":{"@id":"https:\/\/chemitool.com\/#organization"},"potentialAction":[{"@type":"SearchAction","target":{"@type":"EntryPoint","urlTemplate":"https:\/\/chemitool.com\/?s={search_term_string}"},"query-input":"required name=search_term_string"}],"inLanguage":"es"},{"@type":"ImageObject","@id":"https:\/\/chemitool.com\/es\/products\/chemicals\/adhesivos\/poliuretano-es\/sealbond-pu-40-chemipol\/#primaryimage","inLanguage":"es","url":"https:\/\/chemitool.com\/wp-content\/uploads\/2020\/03\/POLYURETHANE_aluminum.png","contentUrl":"https:\/\/chemitool.com\/wp-content\/uploads\/2020\/03\/POLYURETHANE_aluminum.png","width":800,"height":800},{"@type":"WebPage","@id":"https:\/\/chemitool.com\/es\/products\/chemicals\/adhesivos\/poliuretano-es\/sealbond-pu-40-chemipol\/#webpage","url":"https:\/\/chemitool.com\/es\/products\/chemicals\/adhesivos\/poliuretano-es\/sealbond-pu-40-chemipol\/","name":"SEAL&BOND PU 40 CHEMIPOL &ndash; Chemitool","isPartOf":{"@id":"https:\/\/chemitool.com\/#website"},"primaryImageOfPage":{"@id":"https:\/\/chemitool.com\/es\/products\/chemicals\/adhesivos\/poliuretano-es\/sealbond-pu-40-chemipol\/#primaryimage"},"datePublished":"2020-03-26T17:05:24+00:00","dateModified":"2025-07-11T16:09:21+00:00","description":"SEAL&amp;BOND PU 40 CHEMIPOL es una masilla de poliuretano, con alta elasticidad, excelentes prestaciones mec\u00e1nicas y gran resistencia a la intemperie. Forma una junta flexible y resistente en la mayor\u00eda de los materiales de construcci\u00f3n. Tiene Certificaci\u00f3n SNJF para su aplicaci\u00f3n en aluminio anodizado y en aplicaciones de fachada.","breadcrumb":{"@id":"https:\/\/chemitool.com\/es\/products\/chemicals\/adhesivos\/poliuretano-es\/sealbond-pu-40-chemipol\/#breadcrumb"},"inLanguage":"es","potentialAction":[{"@type":"ReadAction","target":["https:\/\/chemitool.com\/es\/products\/chemicals\/adhesivos\/poliuretano-es\/sealbond-pu-40-chemipol\/"]}]},{"@type":"BreadcrumbList","@id":"https:\/\/chemitool.com\/es\/products\/chemicals\/adhesivos\/poliuretano-es\/sealbond-pu-40-chemipol\/#breadcrumb","itemListElement":[{"@type":"ListItem","position":1,"name":"Home","item":"https:\/\/chemitool.com\/es\/"},{"@type":"ListItem","position":2,"name":"Productos","item":"https:\/\/chemitool.com\/es\/productos\/"},{"@type":"ListItem","position":3,"name":"Chemicals","item":"https:\/\/chemitool.com\/product-category\/chemical-products\/"},{"@type":"ListItem","position":4,"name":"SEAL&#038;BOND PU 40 CHEMIPOL"}]}]}},"_links":{"self":[{"href":"https:\/\/chemitool.com\/es\/wp-json\/wp\/v2\/product\/3756"}],"collection":[{"href":"https:\/\/chemitool.com\/es\/wp-json\/wp\/v2\/product"}],"about":[{"href":"https:\/\/chemitool.com\/es\/wp-json\/wp\/v2\/types\/product"}],"wp:featuredmedia":[{"embeddable":true,"href":"https:\/\/chemitool.com\/es\/wp-json\/wp\/v2\/media\/29990"}],"wp:attachment":[{"href":"https:\/\/chemitool.com\/es\/wp-json\/wp\/v2\/media?parent=3756"}],"wp:term":[{"taxonomy":"product_cat","embeddable":true,"href":"https:\/\/chemitool.com\/es\/wp-json\/wp\/v2\/product_cat?post=3756"},{"taxonomy":"product_tag","embeddable":true,"href":"https:\/\/chemitool.com\/es\/wp-json\/wp\/v2\/product_tag?post=3756"}],"curies":[{"name":"wp","href":"https:\/\/api.w.org\/{rel}","templated":true}]}}