{"id":3755,"date":"2020-03-27T09:18:46","date_gmt":"2020-03-27T09:18:46","guid":{"rendered":"https:\/\/chemitool.com\/products\/sin%20categor\u00eda\/cola-para-madeira-d2-chemiglu\/"},"modified":"2020-09-18T11:19:13","modified_gmt":"2020-09-18T11:19:13","slug":"cola-para-madera-d2-chemiglu","status":"publish","type":"product","link":"https:\/\/chemitool.com\/es\/products\/chemicals\/colas\/colas-para-madera\/cola-para-madera-d2-chemiglu\/","title":{"rendered":"COLA PARA MADERA D2 CHEMIGLU"},"content":{"rendered":"<p><strong>VENTAJAS<\/strong><\/p>\n<ul>\n<li>F\u00e1cil aplicaci\u00f3n<\/li>\n<li>Cura r\u00e1pida y fuerte<\/li>\n<li>Adecuada para maderas suaves, duras, ex\u00f3ticas y aglomeradas<\/li>\n<li>Buena resistencia al agua (D2)<\/li>\n<li>Se puede aplicar por m\u00e9todos manuales o mec\u00e1nicos<\/li>\n<li>La aplicaci\u00f3n se puede realizar tanto en prensa fr\u00eda como caliente<\/li>\n<li>Indicada para interiores<\/li>\n<li>No mancha la madera ni las herramientas de trabajo<\/li>\n<\/ul>\n<p><strong>INDICACIONES<\/strong><br \/>\nSe puede realizar un prensado en fr\u00edo como en caliente. El tiempo de curado var\u00eda seg\u00fan la temperatura y la humedad.<\/p>\n<p><strong>TEMPERATURA\/TIEMPO DE SECADO:<\/strong><\/p>\n<table class=\"color-table\">\n<tbody>\n<tr>\n<th>Temperatura<\/th>\n<th>Hoja de Madera<\/th>\n<th>Suelo Laminado<\/th>\n<\/tr>\n<tr>\n<td>Frio<\/td>\n<td>2 horas<\/td>\n<td>2 horas y 30 segundos<\/td>\n<\/tr>\n<tr>\n<td>80\u00b0C<\/td>\n<td>3 minutos<\/td>\n<td>3 minutos<\/td>\n<\/tr>\n<tr>\n<td>100\u00b0C<\/td>\n<td>1 minuto<\/td>\n<td>1 minuto y 30 segundos<\/td>\n<\/tr>\n<\/tbody>\n<\/table>\n<p style=\"font-size: 12px; line-height: 14px;\">*Estos valores pueden variar seg\u00fan factores ambientales como la temperatura y la humedad. El tiempo de secado es mayor cuanto m\u00e1s baja sea la temperatura y la humedad y cuanto mayor es el espesor del producto.<\/p>\n","protected":false},"excerpt":{"rendered":"<p><em>Cola para Madera D2 CHEMIGLU <\/em>es un pegamento sint\u00e9tico de poliacetato de vinilo, adecuado para unir todo tipo de maderas que necesiten un secado r\u00e1pido y fuerte.<\/p>\n","protected":false},"featured_media":29946,"template":"","meta":[],"product_cat":[1209,1228,3641],"product_tag":[124],"yoast_head":"<!-- This site is optimized with the Yoast SEO plugin v17.4 - https:\/\/yoast.com\/wordpress\/plugins\/seo\/ -->\n<title>COLA PARA MADERA D2 CHEMIGLU &ndash; Chemitool<\/title>\n<meta name=\"description\" content=\"Cola para Madera D2 CHEMIGLU es un pegamento sint\u00e9tico de poliacetato de vinilo, adecuado para unir todo tipo de maderas que necesiten un secado r\u00e1pido y fuerte.\" \/>\n<meta name=\"robots\" content=\"index, follow, max-snippet:-1, max-image-preview:large, max-video-preview:-1\" \/>\n<link rel=\"canonical\" href=\"https:\/\/chemitool.com\/es\/products\/chemicals\/colas\/colas-para-madera\/cola-para-madera-d2-chemiglu\/\" \/>\n<meta property=\"og:locale\" content=\"es_ES\" \/>\n<meta property=\"og:type\" content=\"article\" \/>\n<meta property=\"og:title\" content=\"COLA PARA MADERA D2 CHEMIGLU &ndash; Chemitool\" \/>\n<meta property=\"og:description\" content=\"Cola para Madera D2 CHEMIGLU es un pegamento sint\u00e9tico de poliacetato de vinilo, adecuado para unir todo tipo de maderas que necesiten un secado r\u00e1pido y fuerte.\" \/>\n<meta property=\"og:url\" content=\"https:\/\/chemitool.com\/es\/products\/chemicals\/colas\/colas-para-madera\/cola-para-madera-d2-chemiglu\/\" \/>\n<meta property=\"og:site_name\" content=\"Chemitool\" \/>\n<meta property=\"article:publisher\" content=\"https:\/\/www.facebook.com\/chemitool\" \/>\n<meta property=\"article:modified_time\" content=\"2020-09-18T11:19:13+00:00\" \/>\n<meta property=\"og:image\" content=\"https:\/\/chemitool.com\/wp-content\/uploads\/2020\/03\/CH15010005-WOOD-GLUE.png\" \/>\n\t<meta property=\"og:image:width\" content=\"800\" \/>\n\t<meta property=\"og:image:height\" content=\"800\" \/>\n<meta name=\"twitter:card\" content=\"summary_large_image\" \/>\n<meta name=\"twitter:label1\" content=\"Tiempo de lectura\" \/>\n\t<meta name=\"twitter:data1\" content=\"1 minuto\" \/>\n<script type=\"application\/ld+json\" class=\"yoast-schema-graph\">{\"@context\":\"https:\/\/schema.org\",\"@graph\":[{\"@type\":\"Organization\",\"@id\":\"https:\/\/chemitool.com\/#organization\",\"name\":\"Chemitool\",\"url\":\"https:\/\/chemitool.com\/\",\"sameAs\":[\"https:\/\/www.facebook.com\/chemitool\",\"https:\/\/www.instagram.com\/chemitool\/\"],\"logo\":{\"@type\":\"ImageObject\",\"@id\":\"https:\/\/chemitool.com\/#logo\",\"inLanguage\":\"es\",\"url\":\"https:\/\/chemitool.com\/wp-content\/uploads\/2020\/10\/logo_chemitool.png\",\"contentUrl\":\"https:\/\/chemitool.com\/wp-content\/uploads\/2020\/10\/logo_chemitool.png\",\"width\":400,\"height\":400,\"caption\":\"Chemitool\"},\"image\":{\"@id\":\"https:\/\/chemitool.com\/#logo\"}},{\"@type\":\"WebSite\",\"@id\":\"https:\/\/chemitool.com\/#website\",\"url\":\"https:\/\/chemitool.com\/\",\"name\":\"Chemitool\",\"description\":\"Chemitool - hardware and tools\",\"publisher\":{\"@id\":\"https:\/\/chemitool.com\/#organization\"},\"potentialAction\":[{\"@type\":\"SearchAction\",\"target\":{\"@type\":\"EntryPoint\",\"urlTemplate\":\"https:\/\/chemitool.com\/?s={search_term_string}\"},\"query-input\":\"required name=search_term_string\"}],\"inLanguage\":\"es\"},{\"@type\":\"ImageObject\",\"@id\":\"https:\/\/chemitool.com\/es\/products\/chemicals\/colas\/colas-para-madera\/cola-para-madera-d2-chemiglu\/#primaryimage\",\"inLanguage\":\"es\",\"url\":\"https:\/\/chemitool.com\/wp-content\/uploads\/2020\/03\/CH15010005.png\",\"contentUrl\":\"https:\/\/chemitool.com\/wp-content\/uploads\/2020\/03\/CH15010005.png\",\"width\":800,\"height\":800},{\"@type\":\"WebPage\",\"@id\":\"https:\/\/chemitool.com\/es\/products\/chemicals\/colas\/colas-para-madera\/cola-para-madera-d2-chemiglu\/#webpage\",\"url\":\"https:\/\/chemitool.com\/es\/products\/chemicals\/colas\/colas-para-madera\/cola-para-madera-d2-chemiglu\/\",\"name\":\"COLA PARA MADERA D2 CHEMIGLU &ndash; Chemitool\",\"isPartOf\":{\"@id\":\"https:\/\/chemitool.com\/#website\"},\"primaryImageOfPage\":{\"@id\":\"https:\/\/chemitool.com\/es\/products\/chemicals\/colas\/colas-para-madera\/cola-para-madera-d2-chemiglu\/#primaryimage\"},\"datePublished\":\"2020-03-27T09:18:46+00:00\",\"dateModified\":\"2020-09-18T11:19:13+00:00\",\"description\":\"Cola para Madera D2 CHEMIGLU es un pegamento sint\\u00e9tico de poliacetato de vinilo, adecuado para unir todo tipo de maderas que necesiten un secado r\\u00e1pido y fuerte.\",\"breadcrumb\":{\"@id\":\"https:\/\/chemitool.com\/es\/products\/chemicals\/colas\/colas-para-madera\/cola-para-madera-d2-chemiglu\/#breadcrumb\"},\"inLanguage\":\"es\",\"potentialAction\":[{\"@type\":\"ReadAction\",\"target\":[\"https:\/\/chemitool.com\/es\/products\/chemicals\/colas\/colas-para-madera\/cola-para-madera-d2-chemiglu\/\"]}]},{\"@type\":\"BreadcrumbList\",\"@id\":\"https:\/\/chemitool.com\/es\/products\/chemicals\/colas\/colas-para-madera\/cola-para-madera-d2-chemiglu\/#breadcrumb\",\"itemListElement\":[{\"@type\":\"ListItem\",\"position\":1,\"name\":\"Home\",\"item\":\"https:\/\/chemitool.com\/es\/\"},{\"@type\":\"ListItem\",\"position\":2,\"name\":\"Productos\",\"item\":\"https:\/\/chemitool.com\/es\/productos\/\"},{\"@type\":\"ListItem\",\"position\":3,\"name\":\"CHEMICALS\",\"item\":\"https:\/\/chemitool.com\/es\/categoria-producto\/chemicals\/\"},{\"@type\":\"ListItem\",\"position\":4,\"name\":\"COLA PARA MADERA D2 CHEMIGLU\"}]}]}<\/script>\n<!-- \/ Yoast SEO plugin. -->","yoast_head_json":{"title":"COLA PARA MADERA D2 CHEMIGLU &ndash; Chemitool","description":"Cola para Madera D2 CHEMIGLU es un pegamento sint\u00e9tico de poliacetato de vinilo, adecuado para unir todo tipo de maderas que necesiten un secado r\u00e1pido y fuerte.","robots":{"index":"index","follow":"follow","max-snippet":"max-snippet:-1","max-image-preview":"max-image-preview:large","max-video-preview":"max-video-preview:-1"},"canonical":"https:\/\/chemitool.com\/es\/products\/chemicals\/colas\/colas-para-madera\/cola-para-madera-d2-chemiglu\/","og_locale":"es_ES","og_type":"article","og_title":"COLA PARA MADERA D2 CHEMIGLU &ndash; Chemitool","og_description":"Cola para Madera D2 CHEMIGLU es un pegamento sint\u00e9tico de poliacetato de vinilo, adecuado para unir todo tipo de maderas que necesiten un secado r\u00e1pido y fuerte.","og_url":"https:\/\/chemitool.com\/es\/products\/chemicals\/colas\/colas-para-madera\/cola-para-madera-d2-chemiglu\/","og_site_name":"Chemitool","article_publisher":"https:\/\/www.facebook.com\/chemitool","article_modified_time":"2020-09-18T11:19:13+00:00","og_image":[{"width":800,"height":800,"url":"https:\/\/chemitool.com\/wp-content\/uploads\/2020\/03\/CH15010005-WOOD-GLUE.png","type":"image\/png"}],"twitter_card":"summary_large_image","twitter_misc":{"Tiempo de lectura":"1 minuto"},"schema":{"@context":"https:\/\/schema.org","@graph":[{"@type":"Organization","@id":"https:\/\/chemitool.com\/#organization","name":"Chemitool","url":"https:\/\/chemitool.com\/","sameAs":["https:\/\/www.facebook.com\/chemitool","https:\/\/www.instagram.com\/chemitool\/"],"logo":{"@type":"ImageObject","@id":"https:\/\/chemitool.com\/#logo","inLanguage":"es","url":"https:\/\/chemitool.com\/wp-content\/uploads\/2020\/10\/logo_chemitool.png","contentUrl":"https:\/\/chemitool.com\/wp-content\/uploads\/2020\/10\/logo_chemitool.png","width":400,"height":400,"caption":"Chemitool"},"image":{"@id":"https:\/\/chemitool.com\/#logo"}},{"@type":"WebSite","@id":"https:\/\/chemitool.com\/#website","url":"https:\/\/chemitool.com\/","name":"Chemitool","description":"Chemitool - hardware and tools","publisher":{"@id":"https:\/\/chemitool.com\/#organization"},"potentialAction":[{"@type":"SearchAction","target":{"@type":"EntryPoint","urlTemplate":"https:\/\/chemitool.com\/?s={search_term_string}"},"query-input":"required name=search_term_string"}],"inLanguage":"es"},{"@type":"ImageObject","@id":"https:\/\/chemitool.com\/es\/products\/chemicals\/colas\/colas-para-madera\/cola-para-madera-d2-chemiglu\/#primaryimage","inLanguage":"es","url":"https:\/\/chemitool.com\/wp-content\/uploads\/2020\/03\/CH15010005.png","contentUrl":"https:\/\/chemitool.com\/wp-content\/uploads\/2020\/03\/CH15010005.png","width":800,"height":800},{"@type":"WebPage","@id":"https:\/\/chemitool.com\/es\/products\/chemicals\/colas\/colas-para-madera\/cola-para-madera-d2-chemiglu\/#webpage","url":"https:\/\/chemitool.com\/es\/products\/chemicals\/colas\/colas-para-madera\/cola-para-madera-d2-chemiglu\/","name":"COLA PARA MADERA D2 CHEMIGLU &ndash; Chemitool","isPartOf":{"@id":"https:\/\/chemitool.com\/#website"},"primaryImageOfPage":{"@id":"https:\/\/chemitool.com\/es\/products\/chemicals\/colas\/colas-para-madera\/cola-para-madera-d2-chemiglu\/#primaryimage"},"datePublished":"2020-03-27T09:18:46+00:00","dateModified":"2020-09-18T11:19:13+00:00","description":"Cola para Madera D2 CHEMIGLU es un pegamento sint\u00e9tico de poliacetato de vinilo, adecuado para unir todo tipo de maderas que necesiten un secado r\u00e1pido y fuerte.","breadcrumb":{"@id":"https:\/\/chemitool.com\/es\/products\/chemicals\/colas\/colas-para-madera\/cola-para-madera-d2-chemiglu\/#breadcrumb"},"inLanguage":"es","potentialAction":[{"@type":"ReadAction","target":["https:\/\/chemitool.com\/es\/products\/chemicals\/colas\/colas-para-madera\/cola-para-madera-d2-chemiglu\/"]}]},{"@type":"BreadcrumbList","@id":"https:\/\/chemitool.com\/es\/products\/chemicals\/colas\/colas-para-madera\/cola-para-madera-d2-chemiglu\/#breadcrumb","itemListElement":[{"@type":"ListItem","position":1,"name":"Home","item":"https:\/\/chemitool.com\/es\/"},{"@type":"ListItem","position":2,"name":"Productos","item":"https:\/\/chemitool.com\/es\/productos\/"},{"@type":"ListItem","position":3,"name":"CHEMICALS","item":"https:\/\/chemitool.com\/es\/categoria-producto\/chemicals\/"},{"@type":"ListItem","position":4,"name":"COLA PARA MADERA D2 CHEMIGLU"}]}]}},"_links":{"self":[{"href":"https:\/\/chemitool.com\/es\/wp-json\/wp\/v2\/product\/3755"}],"collection":[{"href":"https:\/\/chemitool.com\/es\/wp-json\/wp\/v2\/product"}],"about":[{"href":"https:\/\/chemitool.com\/es\/wp-json\/wp\/v2\/types\/product"}],"wp:featuredmedia":[{"embeddable":true,"href":"https:\/\/chemitool.com\/es\/wp-json\/wp\/v2\/media\/29946"}],"wp:attachment":[{"href":"https:\/\/chemitool.com\/es\/wp-json\/wp\/v2\/media?parent=3755"}],"wp:term":[{"taxonomy":"product_cat","embeddable":true,"href":"https:\/\/chemitool.com\/es\/wp-json\/wp\/v2\/product_cat?post=3755"},{"taxonomy":"product_tag","embeddable":true,"href":"https:\/\/chemitool.com\/es\/wp-json\/wp\/v2\/product_tag?post=3755"}],"curies":[{"name":"wp","href":"https:\/\/api.w.org\/{rel}","templated":true}]}}