{"id":3753,"date":"2020-03-27T09:19:04","date_gmt":"2020-03-27T09:19:04","guid":{"rendered":"https:\/\/chemitool.com\/products\/sin%20categor\u00eda\/activador-cola-ciano-acrilato-chemiglu\/"},"modified":"2021-05-31T13:41:09","modified_gmt":"2021-05-31T13:41:09","slug":"activador-adhesivo-cianoacrilato-chemiglu","status":"publish","type":"product","link":"https:\/\/chemitool.com\/es\/products\/chemicals\/colas\/colas-instantaneas-es\/activador-adhesivo-cianoacrilato-chemiglu\/","title":{"rendered":"ACTIVADOR ADHESIVO CIANOACRILATO CHEMIGLU"},"content":{"rendered":"<p><strong>VENTAJAS<\/strong><\/p>\n<ul>\n<li>F\u00e1cil aplicaci\u00f3n<\/li>\n<li>Pegamento de casi todo tipo de materiales<\/li>\n<li>Uniones extremadamente resistentes<\/li>\n<\/ul>\n<p><strong>INDICACIONES<\/strong><\/p>\n<p>Nunca mezcle el l\u00edquido del activador con el adhesivo de cianoacrilato, ya que puede ocurrir una reacci\u00f3n exot\u00e9rmica.<br \/>\nRecomendamos testar las superficies con relaci\u00f3n a su compatibilidad.<\/p>\n","protected":false},"excerpt":{"rendered":"<p><b class=\"sap-label\">SAP:<\/b> <span class=\"codesap-label\">CH11010000<\/span><\/p>\n<p><em>Activador Adhesivo Cianoacrilato CHEMIGLU <\/em>es formulado en una base de solvente para aumentar la velocidad de curado de los cianoacrilatos.<\/p>\n","protected":false},"featured_media":30024,"template":"","meta":[],"product_cat":[1209,1228,3638],"product_tag":[124],"yoast_head":"<!-- This site is optimized with the Yoast SEO plugin v17.4 - https:\/\/yoast.com\/wordpress\/plugins\/seo\/ -->\n<title>ACTIVADOR ADHESIVO CIANOACRILATO CHEMIGLU &ndash; Chemitool<\/title>\n<meta name=\"description\" content=\"SAP: CH11010000  Activador Adhesivo Cianoacrilato CHEMIGLU es formulado en una base de solvente para aumentar la velocidad de curado de los cianoacrilatos.\" \/>\n<meta name=\"robots\" content=\"index, follow, max-snippet:-1, max-image-preview:large, max-video-preview:-1\" \/>\n<link rel=\"canonical\" href=\"https:\/\/chemitool.com\/es\/products\/chemicals\/colas\/colas-instantaneas-es\/activador-adhesivo-cianoacrilato-chemiglu\/\" \/>\n<meta property=\"og:locale\" content=\"es_ES\" \/>\n<meta property=\"og:type\" content=\"article\" \/>\n<meta property=\"og:title\" content=\"ACTIVADOR ADHESIVO CIANOACRILATO CHEMIGLU &ndash; Chemitool\" \/>\n<meta property=\"og:description\" content=\"SAP: CH11010000  Activador Adhesivo Cianoacrilato CHEMIGLU es formulado en una base de solvente para aumentar la velocidad de curado de los cianoacrilatos.\" \/>\n<meta property=\"og:url\" content=\"https:\/\/chemitool.com\/es\/products\/chemicals\/colas\/colas-instantaneas-es\/activador-adhesivo-cianoacrilato-chemiglu\/\" \/>\n<meta property=\"og:site_name\" content=\"Chemitool\" \/>\n<meta property=\"article:publisher\" content=\"https:\/\/www.facebook.com\/chemitool\" \/>\n<meta property=\"article:modified_time\" content=\"2021-05-31T13:41:09+00:00\" \/>\n<meta property=\"og:image\" content=\"https:\/\/chemitool.com\/wp-content\/uploads\/2020\/03\/CH11010000-ACTIVATOR.png\" \/>\n\t<meta property=\"og:image:width\" content=\"800\" \/>\n\t<meta property=\"og:image:height\" content=\"800\" \/>\n<meta name=\"twitter:card\" content=\"summary_large_image\" \/>\n<script type=\"application\/ld+json\" class=\"yoast-schema-graph\">{\"@context\":\"https:\/\/schema.org\",\"@graph\":[{\"@type\":\"Organization\",\"@id\":\"https:\/\/chemitool.com\/#organization\",\"name\":\"Chemitool\",\"url\":\"https:\/\/chemitool.com\/\",\"sameAs\":[\"https:\/\/www.facebook.com\/chemitool\",\"https:\/\/www.instagram.com\/chemitool\/\"],\"logo\":{\"@type\":\"ImageObject\",\"@id\":\"https:\/\/chemitool.com\/#logo\",\"inLanguage\":\"es\",\"url\":\"https:\/\/chemitool.com\/wp-content\/uploads\/2020\/10\/logo_chemitool.png\",\"contentUrl\":\"https:\/\/chemitool.com\/wp-content\/uploads\/2020\/10\/logo_chemitool.png\",\"width\":400,\"height\":400,\"caption\":\"Chemitool\"},\"image\":{\"@id\":\"https:\/\/chemitool.com\/#logo\"}},{\"@type\":\"WebSite\",\"@id\":\"https:\/\/chemitool.com\/#website\",\"url\":\"https:\/\/chemitool.com\/\",\"name\":\"Chemitool\",\"description\":\"Chemitool - hardware and tools\",\"publisher\":{\"@id\":\"https:\/\/chemitool.com\/#organization\"},\"potentialAction\":[{\"@type\":\"SearchAction\",\"target\":{\"@type\":\"EntryPoint\",\"urlTemplate\":\"https:\/\/chemitool.com\/?s={search_term_string}\"},\"query-input\":\"required name=search_term_string\"}],\"inLanguage\":\"es\"},{\"@type\":\"ImageObject\",\"@id\":\"https:\/\/chemitool.com\/es\/products\/chemicals\/colas\/colas-instantaneas-es\/activador-adhesivo-cianoacrilato-chemiglu\/#primaryimage\",\"inLanguage\":\"es\",\"url\":\"https:\/\/chemitool.com\/wp-content\/uploads\/2020\/03\/CH11010000.png\",\"contentUrl\":\"https:\/\/chemitool.com\/wp-content\/uploads\/2020\/03\/CH11010000.png\",\"width\":800,\"height\":800},{\"@type\":\"WebPage\",\"@id\":\"https:\/\/chemitool.com\/es\/products\/chemicals\/colas\/colas-instantaneas-es\/activador-adhesivo-cianoacrilato-chemiglu\/#webpage\",\"url\":\"https:\/\/chemitool.com\/es\/products\/chemicals\/colas\/colas-instantaneas-es\/activador-adhesivo-cianoacrilato-chemiglu\/\",\"name\":\"ACTIVADOR ADHESIVO CIANOACRILATO CHEMIGLU &ndash; Chemitool\",\"isPartOf\":{\"@id\":\"https:\/\/chemitool.com\/#website\"},\"primaryImageOfPage\":{\"@id\":\"https:\/\/chemitool.com\/es\/products\/chemicals\/colas\/colas-instantaneas-es\/activador-adhesivo-cianoacrilato-chemiglu\/#primaryimage\"},\"datePublished\":\"2020-03-27T09:19:04+00:00\",\"dateModified\":\"2021-05-31T13:41:09+00:00\",\"description\":\"SAP: CH11010000 Activador Adhesivo Cianoacrilato CHEMIGLU es formulado en una base de solvente para aumentar la velocidad de curado de los cianoacrilatos.\",\"breadcrumb\":{\"@id\":\"https:\/\/chemitool.com\/es\/products\/chemicals\/colas\/colas-instantaneas-es\/activador-adhesivo-cianoacrilato-chemiglu\/#breadcrumb\"},\"inLanguage\":\"es\",\"potentialAction\":[{\"@type\":\"ReadAction\",\"target\":[\"https:\/\/chemitool.com\/es\/products\/chemicals\/colas\/colas-instantaneas-es\/activador-adhesivo-cianoacrilato-chemiglu\/\"]}]},{\"@type\":\"BreadcrumbList\",\"@id\":\"https:\/\/chemitool.com\/es\/products\/chemicals\/colas\/colas-instantaneas-es\/activador-adhesivo-cianoacrilato-chemiglu\/#breadcrumb\",\"itemListElement\":[{\"@type\":\"ListItem\",\"position\":1,\"name\":\"Home\",\"item\":\"https:\/\/chemitool.com\/es\/\"},{\"@type\":\"ListItem\",\"position\":2,\"name\":\"Productos\",\"item\":\"https:\/\/chemitool.com\/es\/productos\/\"},{\"@type\":\"ListItem\",\"position\":3,\"name\":\"CHEMICALS\",\"item\":\"https:\/\/chemitool.com\/es\/categoria-producto\/chemicals\/\"},{\"@type\":\"ListItem\",\"position\":4,\"name\":\"ACTIVADOR ADHESIVO CIANOACRILATO CHEMIGLU\"}]}]}<\/script>\n<!-- \/ Yoast SEO plugin. -->","yoast_head_json":{"title":"ACTIVADOR ADHESIVO CIANOACRILATO CHEMIGLU &ndash; Chemitool","description":"SAP: CH11010000  Activador Adhesivo Cianoacrilato CHEMIGLU es formulado en una base de solvente para aumentar la velocidad de curado de los cianoacrilatos.","robots":{"index":"index","follow":"follow","max-snippet":"max-snippet:-1","max-image-preview":"max-image-preview:large","max-video-preview":"max-video-preview:-1"},"canonical":"https:\/\/chemitool.com\/es\/products\/chemicals\/colas\/colas-instantaneas-es\/activador-adhesivo-cianoacrilato-chemiglu\/","og_locale":"es_ES","og_type":"article","og_title":"ACTIVADOR ADHESIVO CIANOACRILATO CHEMIGLU &ndash; Chemitool","og_description":"SAP: CH11010000  Activador Adhesivo Cianoacrilato CHEMIGLU es formulado en una base de solvente para aumentar la velocidad de curado de los cianoacrilatos.","og_url":"https:\/\/chemitool.com\/es\/products\/chemicals\/colas\/colas-instantaneas-es\/activador-adhesivo-cianoacrilato-chemiglu\/","og_site_name":"Chemitool","article_publisher":"https:\/\/www.facebook.com\/chemitool","article_modified_time":"2021-05-31T13:41:09+00:00","og_image":[{"width":800,"height":800,"url":"https:\/\/chemitool.com\/wp-content\/uploads\/2020\/03\/CH11010000-ACTIVATOR.png","type":"image\/png"}],"twitter_card":"summary_large_image","schema":{"@context":"https:\/\/schema.org","@graph":[{"@type":"Organization","@id":"https:\/\/chemitool.com\/#organization","name":"Chemitool","url":"https:\/\/chemitool.com\/","sameAs":["https:\/\/www.facebook.com\/chemitool","https:\/\/www.instagram.com\/chemitool\/"],"logo":{"@type":"ImageObject","@id":"https:\/\/chemitool.com\/#logo","inLanguage":"es","url":"https:\/\/chemitool.com\/wp-content\/uploads\/2020\/10\/logo_chemitool.png","contentUrl":"https:\/\/chemitool.com\/wp-content\/uploads\/2020\/10\/logo_chemitool.png","width":400,"height":400,"caption":"Chemitool"},"image":{"@id":"https:\/\/chemitool.com\/#logo"}},{"@type":"WebSite","@id":"https:\/\/chemitool.com\/#website","url":"https:\/\/chemitool.com\/","name":"Chemitool","description":"Chemitool - hardware and tools","publisher":{"@id":"https:\/\/chemitool.com\/#organization"},"potentialAction":[{"@type":"SearchAction","target":{"@type":"EntryPoint","urlTemplate":"https:\/\/chemitool.com\/?s={search_term_string}"},"query-input":"required name=search_term_string"}],"inLanguage":"es"},{"@type":"ImageObject","@id":"https:\/\/chemitool.com\/es\/products\/chemicals\/colas\/colas-instantaneas-es\/activador-adhesivo-cianoacrilato-chemiglu\/#primaryimage","inLanguage":"es","url":"https:\/\/chemitool.com\/wp-content\/uploads\/2020\/03\/CH11010000.png","contentUrl":"https:\/\/chemitool.com\/wp-content\/uploads\/2020\/03\/CH11010000.png","width":800,"height":800},{"@type":"WebPage","@id":"https:\/\/chemitool.com\/es\/products\/chemicals\/colas\/colas-instantaneas-es\/activador-adhesivo-cianoacrilato-chemiglu\/#webpage","url":"https:\/\/chemitool.com\/es\/products\/chemicals\/colas\/colas-instantaneas-es\/activador-adhesivo-cianoacrilato-chemiglu\/","name":"ACTIVADOR ADHESIVO CIANOACRILATO CHEMIGLU &ndash; Chemitool","isPartOf":{"@id":"https:\/\/chemitool.com\/#website"},"primaryImageOfPage":{"@id":"https:\/\/chemitool.com\/es\/products\/chemicals\/colas\/colas-instantaneas-es\/activador-adhesivo-cianoacrilato-chemiglu\/#primaryimage"},"datePublished":"2020-03-27T09:19:04+00:00","dateModified":"2021-05-31T13:41:09+00:00","description":"SAP: CH11010000 Activador Adhesivo Cianoacrilato CHEMIGLU es formulado en una base de solvente para aumentar la velocidad de curado de los cianoacrilatos.","breadcrumb":{"@id":"https:\/\/chemitool.com\/es\/products\/chemicals\/colas\/colas-instantaneas-es\/activador-adhesivo-cianoacrilato-chemiglu\/#breadcrumb"},"inLanguage":"es","potentialAction":[{"@type":"ReadAction","target":["https:\/\/chemitool.com\/es\/products\/chemicals\/colas\/colas-instantaneas-es\/activador-adhesivo-cianoacrilato-chemiglu\/"]}]},{"@type":"BreadcrumbList","@id":"https:\/\/chemitool.com\/es\/products\/chemicals\/colas\/colas-instantaneas-es\/activador-adhesivo-cianoacrilato-chemiglu\/#breadcrumb","itemListElement":[{"@type":"ListItem","position":1,"name":"Home","item":"https:\/\/chemitool.com\/es\/"},{"@type":"ListItem","position":2,"name":"Productos","item":"https:\/\/chemitool.com\/es\/productos\/"},{"@type":"ListItem","position":3,"name":"CHEMICALS","item":"https:\/\/chemitool.com\/es\/categoria-producto\/chemicals\/"},{"@type":"ListItem","position":4,"name":"ACTIVADOR ADHESIVO CIANOACRILATO CHEMIGLU"}]}]}},"_links":{"self":[{"href":"https:\/\/chemitool.com\/es\/wp-json\/wp\/v2\/product\/3753"}],"collection":[{"href":"https:\/\/chemitool.com\/es\/wp-json\/wp\/v2\/product"}],"about":[{"href":"https:\/\/chemitool.com\/es\/wp-json\/wp\/v2\/types\/product"}],"wp:featuredmedia":[{"embeddable":true,"href":"https:\/\/chemitool.com\/es\/wp-json\/wp\/v2\/media\/30024"}],"wp:attachment":[{"href":"https:\/\/chemitool.com\/es\/wp-json\/wp\/v2\/media?parent=3753"}],"wp:term":[{"taxonomy":"product_cat","embeddable":true,"href":"https:\/\/chemitool.com\/es\/wp-json\/wp\/v2\/product_cat?post=3753"},{"taxonomy":"product_tag","embeddable":true,"href":"https:\/\/chemitool.com\/es\/wp-json\/wp\/v2\/product_tag?post=3753"}],"curies":[{"name":"wp","href":"https:\/\/api.w.org\/{rel}","templated":true}]}}