{"id":3748,"date":"2020-03-27T11:18:48","date_gmt":"2020-03-27T11:18:48","guid":{"rendered":"https:\/\/chemitool.com\/products\/sin%20categor\u00eda\/bucha-quimica-vinilica-chemires\/"},"modified":"2023-11-21T12:17:29","modified_gmt":"2023-11-21T12:17:29","slug":"chemires-resina-quimica-vinylester","status":"publish","type":"product","link":"https:\/\/chemitool.com\/es\/products\/chemicals\/anclajes-quimicos\/chemires-resina-quimica-vinylester\/","title":{"rendered":"CHEMIRES Resina Qu\u00edmica Vinylester"},"content":{"rendered":"<p><strong>VENTAJAS<\/strong><\/p>\n<ul>\n<li>Calidad profesional<\/li>\n<li>Aplicaci\u00f3n para trabajos pesados<\/li>\n<li>Aplicaci\u00f3n sencilla<\/li>\n<li>Secado r\u00e1pido<\/li>\n<li>Puede utilizarse en perforaciones secas y h\u00famedas<\/li>\n<li>Uso en interiores y exteriores<\/li>\n<li>Cargas para instalaci\u00f3n en hormig\u00f3n seco y h\u00famedo y con orificio inundado (orificio inundado solo con varilla roscada<\/li>\n<\/ul>\n","protected":false},"excerpt":{"rendered":"<p><em>CHEMIRES Resina Qu\u00edmica Vinylester<\/em> es una resina qu\u00edmica bicomponente a base de vinil\u00e9ster con una alta capacidad de adhesi\u00f3n y fijaci\u00f3n, desarrollada principalmente para su uso en mamposter\u00eda, hormig\u00f3n agrietado y no agrietado, con aprobaci\u00f3n ETA-23\/0149 y ETA-23\/0151 Opci\u00f3n 1 y 7.Calificado en categor\u00eda s\u00edsmica C1 para di\u00e1metros M12-M16-M20 y categor\u00eda s\u00edsmica C2 para di\u00e1metros M12-M16.<\/p>\n","protected":false},"featured_media":36038,"template":"","meta":[],"product_cat":[1209,1230],"product_tag":[122],"yoast_head":"<!-- This site is optimized with the Yoast SEO plugin v17.4 - https:\/\/yoast.com\/wordpress\/plugins\/seo\/ -->\n<title>CHEMIRES Resina Qu\u00edmica Vinylester &ndash; Chemitool<\/title>\n<meta name=\"description\" content=\"CHEMIRES Resina Qu\u00edmica Vinylester es una resina qu\u00edmica bicomponente a base de vinil\u00e9ster con una alta capacidad de adhesi\u00f3n y fijaci\u00f3n, desarrollada principalmente para su uso en mamposter\u00eda, hormig\u00f3n agrietado y no agrietado, con aprobaci\u00f3n ETA-23\/0149 y ETA-23\/0151 Opci\u00f3n 1 y 7.Calificado en categor\u00eda s\u00edsmica C1 para di\u00e1metros M12-M16-M20 y categor\u00eda s\u00edsmica C2 para di\u00e1metros M12-M16.\" \/>\n<meta name=\"robots\" content=\"index, follow, max-snippet:-1, max-image-preview:large, max-video-preview:-1\" \/>\n<link rel=\"canonical\" href=\"https:\/\/chemitool.com\/es\/products\/chemical-products\/chemical-resin\/chemires-vinylester-chemical-anchor\/\" \/>\n<meta property=\"og:locale\" content=\"es_ES\" \/>\n<meta property=\"og:type\" content=\"article\" \/>\n<meta property=\"og:title\" content=\"CHEMIRES Resina Qu\u00edmica Vinylester &ndash; Chemitool\" \/>\n<meta property=\"og:description\" content=\"CHEMIRES Resina Qu\u00edmica Vinylester es una resina qu\u00edmica bicomponente a base de vinil\u00e9ster con una alta capacidad de adhesi\u00f3n y fijaci\u00f3n, desarrollada principalmente para su uso en mamposter\u00eda, hormig\u00f3n agrietado y no agrietado, con aprobaci\u00f3n ETA-23\/0149 y ETA-23\/0151 Opci\u00f3n 1 y 7.Calificado en categor\u00eda s\u00edsmica C1 para di\u00e1metros M12-M16-M20 y categor\u00eda s\u00edsmica C2 para di\u00e1metros M12-M16.\" \/>\n<meta property=\"og:url\" content=\"https:\/\/chemitool.com\/products\/chemical-products\/chemical-resin\/chemires-vinylester-chemical-anchor\/\" \/>\n<meta property=\"og:site_name\" content=\"Chemitool\" \/>\n<meta property=\"article:publisher\" content=\"https:\/\/www.facebook.com\/chemitool\" \/>\n<meta property=\"article:modified_time\" content=\"2023-11-21T12:17:29+00:00\" \/>\n<meta property=\"og:image\" content=\"https:\/\/chemitool.com\/wp-content\/uploads\/2020\/03\/CH080008-5.png\" \/>\n\t<meta property=\"og:image:width\" content=\"800\" \/>\n\t<meta property=\"og:image:height\" content=\"800\" \/>\n<meta name=\"twitter:card\" content=\"summary_large_image\" \/>\n<script type=\"application\/ld+json\" class=\"yoast-schema-graph\">{\"@context\":\"https:\/\/schema.org\",\"@graph\":[{\"@type\":\"Organization\",\"@id\":\"https:\/\/chemitool.com\/#organization\",\"name\":\"Chemitool\",\"url\":\"https:\/\/chemitool.com\/\",\"sameAs\":[\"https:\/\/www.facebook.com\/chemitool\",\"https:\/\/www.instagram.com\/chemitool\/\"],\"logo\":{\"@type\":\"ImageObject\",\"@id\":\"https:\/\/chemitool.com\/#logo\",\"inLanguage\":\"es\",\"url\":\"https:\/\/chemitool.com\/wp-content\/uploads\/2020\/10\/logo_chemitool.png\",\"contentUrl\":\"https:\/\/chemitool.com\/wp-content\/uploads\/2020\/10\/logo_chemitool.png\",\"width\":400,\"height\":400,\"caption\":\"Chemitool\"},\"image\":{\"@id\":\"https:\/\/chemitool.com\/#logo\"}},{\"@type\":\"WebSite\",\"@id\":\"https:\/\/chemitool.com\/#website\",\"url\":\"https:\/\/chemitool.com\/\",\"name\":\"Chemitool\",\"description\":\"Chemitool - hardware and tools\",\"publisher\":{\"@id\":\"https:\/\/chemitool.com\/#organization\"},\"potentialAction\":[{\"@type\":\"SearchAction\",\"target\":{\"@type\":\"EntryPoint\",\"urlTemplate\":\"https:\/\/chemitool.com\/?s={search_term_string}\"},\"query-input\":\"required name=search_term_string\"}],\"inLanguage\":\"es\"},{\"@type\":\"ImageObject\",\"@id\":\"https:\/\/chemitool.com\/products\/chemical-products\/chemical-resin\/chemires-vinylester-chemical-anchor\/#primaryimage\",\"inLanguage\":\"es\",\"url\":\"https:\/\/chemitool.com\/wp-content\/uploads\/2020\/03\/CH080008-5.png\",\"contentUrl\":\"https:\/\/chemitool.com\/wp-content\/uploads\/2020\/03\/CH080008-5.png\",\"width\":800,\"height\":800},{\"@type\":\"WebPage\",\"@id\":\"https:\/\/chemitool.com\/products\/chemical-products\/chemical-resin\/chemires-vinylester-chemical-anchor\/#webpage\",\"url\":\"https:\/\/chemitool.com\/products\/chemical-products\/chemical-resin\/chemires-vinylester-chemical-anchor\/\",\"name\":\"CHEMIRES Resina Qu\\u00edmica Vinylester &ndash; Chemitool\",\"isPartOf\":{\"@id\":\"https:\/\/chemitool.com\/#website\"},\"primaryImageOfPage\":{\"@id\":\"https:\/\/chemitool.com\/products\/chemical-products\/chemical-resin\/chemires-vinylester-chemical-anchor\/#primaryimage\"},\"datePublished\":\"2020-03-27T11:18:48+00:00\",\"dateModified\":\"2023-11-21T12:17:29+00:00\",\"description\":\"CHEMIRES Resina Qu\\u00edmica Vinylester es una resina qu\\u00edmica bicomponente a base de vinil\\u00e9ster con una alta capacidad de adhesi\\u00f3n y fijaci\\u00f3n, desarrollada principalmente para su uso en mamposter\\u00eda, hormig\\u00f3n agrietado y no agrietado, con aprobaci\\u00f3n ETA-23\/0149 y ETA-23\/0151 Opci\\u00f3n 1 y 7.Calificado en categor\\u00eda s\\u00edsmica C1 para di\\u00e1metros M12-M16-M20 y categor\\u00eda s\\u00edsmica C2 para di\\u00e1metros M12-M16.\",\"breadcrumb\":{\"@id\":\"https:\/\/chemitool.com\/products\/chemical-products\/chemical-resin\/chemires-vinylester-chemical-anchor\/#breadcrumb\"},\"inLanguage\":\"es\",\"potentialAction\":[{\"@type\":\"ReadAction\",\"target\":[\"https:\/\/chemitool.com\/products\/chemical-products\/chemical-resin\/chemires-vinylester-chemical-anchor\/\"]}]},{\"@type\":\"BreadcrumbList\",\"@id\":\"https:\/\/chemitool.com\/products\/chemical-products\/chemical-resin\/chemires-vinylester-chemical-anchor\/#breadcrumb\",\"itemListElement\":[{\"@type\":\"ListItem\",\"position\":1,\"name\":\"Home\",\"item\":\"https:\/\/chemitool.com\/es\/\"},{\"@type\":\"ListItem\",\"position\":2,\"name\":\"Productos\",\"item\":\"https:\/\/chemitool.com\/es\/productos\/\"},{\"@type\":\"ListItem\",\"position\":3,\"name\":\"CHEMICALS\",\"item\":\"https:\/\/chemitool.com\/es\/categoria-producto\/chemicals\/\"},{\"@type\":\"ListItem\",\"position\":4,\"name\":\"CHEMIRES Resina Qu\\u00edmica Vinylester\"}]}]}<\/script>\n<!-- \/ Yoast SEO plugin. -->","yoast_head_json":{"title":"CHEMIRES Resina Qu\u00edmica Vinylester &ndash; Chemitool","description":"CHEMIRES Resina Qu\u00edmica Vinylester es una resina qu\u00edmica bicomponente a base de vinil\u00e9ster con una alta capacidad de adhesi\u00f3n y fijaci\u00f3n, desarrollada principalmente para su uso en mamposter\u00eda, hormig\u00f3n agrietado y no agrietado, con aprobaci\u00f3n ETA-23\/0149 y ETA-23\/0151 Opci\u00f3n 1 y 7.Calificado en categor\u00eda s\u00edsmica C1 para di\u00e1metros M12-M16-M20 y categor\u00eda s\u00edsmica C2 para di\u00e1metros M12-M16.","robots":{"index":"index","follow":"follow","max-snippet":"max-snippet:-1","max-image-preview":"max-image-preview:large","max-video-preview":"max-video-preview:-1"},"canonical":"https:\/\/chemitool.com\/es\/products\/chemical-products\/chemical-resin\/chemires-vinylester-chemical-anchor\/","og_locale":"es_ES","og_type":"article","og_title":"CHEMIRES Resina Qu\u00edmica Vinylester &ndash; Chemitool","og_description":"CHEMIRES Resina Qu\u00edmica Vinylester es una resina qu\u00edmica bicomponente a base de vinil\u00e9ster con una alta capacidad de adhesi\u00f3n y fijaci\u00f3n, desarrollada principalmente para su uso en mamposter\u00eda, hormig\u00f3n agrietado y no agrietado, con aprobaci\u00f3n ETA-23\/0149 y ETA-23\/0151 Opci\u00f3n 1 y 7.Calificado en categor\u00eda s\u00edsmica C1 para di\u00e1metros M12-M16-M20 y categor\u00eda s\u00edsmica C2 para di\u00e1metros M12-M16.","og_url":"https:\/\/chemitool.com\/products\/chemical-products\/chemical-resin\/chemires-vinylester-chemical-anchor\/","og_site_name":"Chemitool","article_publisher":"https:\/\/www.facebook.com\/chemitool","article_modified_time":"2023-11-21T12:17:29+00:00","og_image":[{"width":800,"height":800,"url":"https:\/\/chemitool.com\/wp-content\/uploads\/2020\/03\/CH080008-5.png","type":"image\/png"}],"twitter_card":"summary_large_image","schema":{"@context":"https:\/\/schema.org","@graph":[{"@type":"Organization","@id":"https:\/\/chemitool.com\/#organization","name":"Chemitool","url":"https:\/\/chemitool.com\/","sameAs":["https:\/\/www.facebook.com\/chemitool","https:\/\/www.instagram.com\/chemitool\/"],"logo":{"@type":"ImageObject","@id":"https:\/\/chemitool.com\/#logo","inLanguage":"es","url":"https:\/\/chemitool.com\/wp-content\/uploads\/2020\/10\/logo_chemitool.png","contentUrl":"https:\/\/chemitool.com\/wp-content\/uploads\/2020\/10\/logo_chemitool.png","width":400,"height":400,"caption":"Chemitool"},"image":{"@id":"https:\/\/chemitool.com\/#logo"}},{"@type":"WebSite","@id":"https:\/\/chemitool.com\/#website","url":"https:\/\/chemitool.com\/","name":"Chemitool","description":"Chemitool - hardware and tools","publisher":{"@id":"https:\/\/chemitool.com\/#organization"},"potentialAction":[{"@type":"SearchAction","target":{"@type":"EntryPoint","urlTemplate":"https:\/\/chemitool.com\/?s={search_term_string}"},"query-input":"required name=search_term_string"}],"inLanguage":"es"},{"@type":"ImageObject","@id":"https:\/\/chemitool.com\/products\/chemical-products\/chemical-resin\/chemires-vinylester-chemical-anchor\/#primaryimage","inLanguage":"es","url":"https:\/\/chemitool.com\/wp-content\/uploads\/2020\/03\/CH080008-5.png","contentUrl":"https:\/\/chemitool.com\/wp-content\/uploads\/2020\/03\/CH080008-5.png","width":800,"height":800},{"@type":"WebPage","@id":"https:\/\/chemitool.com\/products\/chemical-products\/chemical-resin\/chemires-vinylester-chemical-anchor\/#webpage","url":"https:\/\/chemitool.com\/products\/chemical-products\/chemical-resin\/chemires-vinylester-chemical-anchor\/","name":"CHEMIRES Resina Qu\u00edmica Vinylester &ndash; Chemitool","isPartOf":{"@id":"https:\/\/chemitool.com\/#website"},"primaryImageOfPage":{"@id":"https:\/\/chemitool.com\/products\/chemical-products\/chemical-resin\/chemires-vinylester-chemical-anchor\/#primaryimage"},"datePublished":"2020-03-27T11:18:48+00:00","dateModified":"2023-11-21T12:17:29+00:00","description":"CHEMIRES Resina Qu\u00edmica Vinylester es una resina qu\u00edmica bicomponente a base de vinil\u00e9ster con una alta capacidad de adhesi\u00f3n y fijaci\u00f3n, desarrollada principalmente para su uso en mamposter\u00eda, hormig\u00f3n agrietado y no agrietado, con aprobaci\u00f3n ETA-23\/0149 y ETA-23\/0151 Opci\u00f3n 1 y 7.Calificado en categor\u00eda s\u00edsmica C1 para di\u00e1metros M12-M16-M20 y categor\u00eda s\u00edsmica C2 para di\u00e1metros M12-M16.","breadcrumb":{"@id":"https:\/\/chemitool.com\/products\/chemical-products\/chemical-resin\/chemires-vinylester-chemical-anchor\/#breadcrumb"},"inLanguage":"es","potentialAction":[{"@type":"ReadAction","target":["https:\/\/chemitool.com\/products\/chemical-products\/chemical-resin\/chemires-vinylester-chemical-anchor\/"]}]},{"@type":"BreadcrumbList","@id":"https:\/\/chemitool.com\/products\/chemical-products\/chemical-resin\/chemires-vinylester-chemical-anchor\/#breadcrumb","itemListElement":[{"@type":"ListItem","position":1,"name":"Home","item":"https:\/\/chemitool.com\/es\/"},{"@type":"ListItem","position":2,"name":"Productos","item":"https:\/\/chemitool.com\/es\/productos\/"},{"@type":"ListItem","position":3,"name":"CHEMICALS","item":"https:\/\/chemitool.com\/es\/categoria-producto\/chemicals\/"},{"@type":"ListItem","position":4,"name":"CHEMIRES Resina Qu\u00edmica Vinylester"}]}]}},"_links":{"self":[{"href":"https:\/\/chemitool.com\/es\/wp-json\/wp\/v2\/product\/3748"}],"collection":[{"href":"https:\/\/chemitool.com\/es\/wp-json\/wp\/v2\/product"}],"about":[{"href":"https:\/\/chemitool.com\/es\/wp-json\/wp\/v2\/types\/product"}],"wp:featuredmedia":[{"embeddable":true,"href":"https:\/\/chemitool.com\/es\/wp-json\/wp\/v2\/media\/36038"}],"wp:attachment":[{"href":"https:\/\/chemitool.com\/es\/wp-json\/wp\/v2\/media?parent=3748"}],"wp:term":[{"taxonomy":"product_cat","embeddable":true,"href":"https:\/\/chemitool.com\/es\/wp-json\/wp\/v2\/product_cat?post=3748"},{"taxonomy":"product_tag","embeddable":true,"href":"https:\/\/chemitool.com\/es\/wp-json\/wp\/v2\/product_tag?post=3748"}],"curies":[{"name":"wp","href":"https:\/\/api.w.org\/{rel}","templated":true}]}}