{"id":3744,"date":"2020-03-27T14:37:55","date_gmt":"2020-03-27T14:37:55","guid":{"rendered":"https:\/\/chemitool.com\/products\/sin%20categor\u00eda\/espuma-poliuretano-b1-chemifoam\/"},"modified":"2023-08-29T08:56:51","modified_gmt":"2023-08-29T08:56:51","slug":"espuma-poliuretano-b1-chemifoam","status":"publish","type":"product","link":"https:\/\/chemitool.com\/es\/products\/chemicals\/espumas-de-poliuretano\/espuma-poliuretano-b1-chemifoam\/","title":{"rendered":"ESPUMA POLIURETANO B1 CHEMIFOAM"},"content":{"rendered":"<p><strong>VENTAJAS<\/strong><\/p>\n<ul>\n<li>F\u00e1cil aplicaci\u00f3n<\/li>\n<li>Secado r\u00e1pido<\/li>\n<li>Excelente resistencia t\u00e9rmica y ac\u00fastica<\/li>\n<li>Resistente al fuego hasta 240 minutos<\/li>\n<li>Clasificaci\u00f3n de resistencia al fuego B1<\/li>\n<li>Baja expansi\u00f3n<\/li>\n<li>De estructura compacta y secado r\u00e1pido en contacto con la humedad<\/li>\n<li>Con alta capacidad de adhesi\u00f3n<\/li>\n<\/ul>\n<p><strong>INDICACIONES<\/strong><\/p>\n<p>Durante la aplicaci\u00f3n, la temperatura ambiente, as\u00ed como, de la lata, debe estar entre los 5\u00b0C y los 30\u00b0C. La temperatura ideal de aplicaci\u00f3n es de +20\u00b0C. Si la temperatura es demasiado baja, la espuma se puede calentar en una sala caliente o en agua caliente, que no exceda los 30\u00b0C. La espuma poliuretano no curada se puede eliminar con acetona, despu\u00e9s del proceso de secado solo se puede eliminar mec\u00e1nicamente.<\/p>\n<p><b>Restricciones de uso:<\/b> Se adhiere bien a la mayor\u00eda de los materiales de construcci\u00f3n a excepci\u00f3n de las superficies de Teflon\u00ae, polietileno y de silicona.<br \/>\nLa espuma curada es sensible a los rayos ultravioleta y a la luz directa del sol.<\/p>\n","protected":false},"excerpt":{"rendered":"<p><b class=\"sap-label\">SAP:<\/b> <span class=\"codesap-label\">CH06000003<\/span><\/p>\n<p><em>Espuma Poliuretano B1 CHEMIFOAM <\/em>es un producto monocomponente, resistente al fuego. Despu\u00e9s de aplicada, se convierte en un excelente aislante t\u00e9rmico y ac\u00fastico, con fuertes propiedades adhesivas.<\/p>\n","protected":false},"featured_media":31977,"template":"","meta":[],"product_cat":[1209,1224],"product_tag":[114],"yoast_head":"<!-- This site is optimized with the Yoast SEO plugin v17.4 - https:\/\/yoast.com\/wordpress\/plugins\/seo\/ -->\n<title>ESPUMA POLIURETANO B1 CHEMIFOAM &ndash; Chemitool<\/title>\n<meta name=\"description\" content=\"SAP: CH06000003  Espuma Poliuretano B1 CHEMIFOAM es un producto monocomponente, resistente al fuego. Despu\u00e9s de aplicada, se convierte en un excelente aislante t\u00e9rmico y ac\u00fastico, con fuertes propiedades adhesivas.\" \/>\n<meta name=\"robots\" content=\"index, follow, max-snippet:-1, max-image-preview:large, max-video-preview:-1\" \/>\n<link rel=\"canonical\" href=\"https:\/\/chemitool.com\/es\/products\/chemicals\/espumas-de-poliuretano\/espuma-poliuretano-b1-chemifoam\/\" \/>\n<meta property=\"og:locale\" content=\"es_ES\" \/>\n<meta property=\"og:type\" content=\"article\" \/>\n<meta property=\"og:title\" content=\"ESPUMA POLIURETANO B1 CHEMIFOAM &ndash; Chemitool\" \/>\n<meta property=\"og:description\" content=\"SAP: CH06000003  Espuma Poliuretano B1 CHEMIFOAM es un producto monocomponente, resistente al fuego. Despu\u00e9s de aplicada, se convierte en un excelente aislante t\u00e9rmico y ac\u00fastico, con fuertes propiedades adhesivas.\" \/>\n<meta property=\"og:url\" content=\"https:\/\/chemitool.com\/es\/products\/chemicals\/espumas-de-poliuretano\/espuma-poliuretano-b1-chemifoam\/\" \/>\n<meta property=\"og:site_name\" content=\"Chemitool\" \/>\n<meta property=\"article:publisher\" content=\"https:\/\/www.facebook.com\/chemitool\" \/>\n<meta property=\"article:modified_time\" content=\"2023-08-29T08:56:51+00:00\" \/>\n<meta property=\"og:image\" content=\"https:\/\/chemitool.com\/wp-content\/uploads\/2020\/03\/CH06000003-1.png\" \/>\n\t<meta property=\"og:image:width\" content=\"800\" \/>\n\t<meta property=\"og:image:height\" content=\"800\" \/>\n<meta name=\"twitter:card\" content=\"summary_large_image\" \/>\n<meta name=\"twitter:label1\" content=\"Tiempo de lectura\" \/>\n\t<meta name=\"twitter:data1\" content=\"1 minuto\" \/>\n<script type=\"application\/ld+json\" class=\"yoast-schema-graph\">{\"@context\":\"https:\/\/schema.org\",\"@graph\":[{\"@type\":\"Organization\",\"@id\":\"https:\/\/chemitool.com\/#organization\",\"name\":\"Chemitool\",\"url\":\"https:\/\/chemitool.com\/\",\"sameAs\":[\"https:\/\/www.facebook.com\/chemitool\",\"https:\/\/www.instagram.com\/chemitool\/\"],\"logo\":{\"@type\":\"ImageObject\",\"@id\":\"https:\/\/chemitool.com\/#logo\",\"inLanguage\":\"es\",\"url\":\"https:\/\/chemitool.com\/wp-content\/uploads\/2020\/10\/logo_chemitool.png\",\"contentUrl\":\"https:\/\/chemitool.com\/wp-content\/uploads\/2020\/10\/logo_chemitool.png\",\"width\":400,\"height\":400,\"caption\":\"Chemitool\"},\"image\":{\"@id\":\"https:\/\/chemitool.com\/#logo\"}},{\"@type\":\"WebSite\",\"@id\":\"https:\/\/chemitool.com\/#website\",\"url\":\"https:\/\/chemitool.com\/\",\"name\":\"Chemitool\",\"description\":\"Chemitool - hardware and tools\",\"publisher\":{\"@id\":\"https:\/\/chemitool.com\/#organization\"},\"potentialAction\":[{\"@type\":\"SearchAction\",\"target\":{\"@type\":\"EntryPoint\",\"urlTemplate\":\"https:\/\/chemitool.com\/?s={search_term_string}\"},\"query-input\":\"required name=search_term_string\"}],\"inLanguage\":\"es\"},{\"@type\":\"ImageObject\",\"@id\":\"https:\/\/chemitool.com\/es\/products\/chemicals\/espumas-de-poliuretano\/espuma-poliuretano-b1-chemifoam\/#primaryimage\",\"inLanguage\":\"es\",\"url\":\"https:\/\/chemitool.com\/wp-content\/uploads\/2020\/03\/CH06000003-1.png\",\"contentUrl\":\"https:\/\/chemitool.com\/wp-content\/uploads\/2020\/03\/CH06000003-1.png\",\"width\":800,\"height\":800},{\"@type\":\"WebPage\",\"@id\":\"https:\/\/chemitool.com\/es\/products\/chemicals\/espumas-de-poliuretano\/espuma-poliuretano-b1-chemifoam\/#webpage\",\"url\":\"https:\/\/chemitool.com\/es\/products\/chemicals\/espumas-de-poliuretano\/espuma-poliuretano-b1-chemifoam\/\",\"name\":\"ESPUMA POLIURETANO B1 CHEMIFOAM &ndash; Chemitool\",\"isPartOf\":{\"@id\":\"https:\/\/chemitool.com\/#website\"},\"primaryImageOfPage\":{\"@id\":\"https:\/\/chemitool.com\/es\/products\/chemicals\/espumas-de-poliuretano\/espuma-poliuretano-b1-chemifoam\/#primaryimage\"},\"datePublished\":\"2020-03-27T14:37:55+00:00\",\"dateModified\":\"2023-08-29T08:56:51+00:00\",\"description\":\"SAP: CH06000003 Espuma Poliuretano B1 CHEMIFOAM es un producto monocomponente, resistente al fuego. Despu\\u00e9s de aplicada, se convierte en un excelente aislante t\\u00e9rmico y ac\\u00fastico, con fuertes propiedades adhesivas.\",\"breadcrumb\":{\"@id\":\"https:\/\/chemitool.com\/es\/products\/chemicals\/espumas-de-poliuretano\/espuma-poliuretano-b1-chemifoam\/#breadcrumb\"},\"inLanguage\":\"es\",\"potentialAction\":[{\"@type\":\"ReadAction\",\"target\":[\"https:\/\/chemitool.com\/es\/products\/chemicals\/espumas-de-poliuretano\/espuma-poliuretano-b1-chemifoam\/\"]}]},{\"@type\":\"BreadcrumbList\",\"@id\":\"https:\/\/chemitool.com\/es\/products\/chemicals\/espumas-de-poliuretano\/espuma-poliuretano-b1-chemifoam\/#breadcrumb\",\"itemListElement\":[{\"@type\":\"ListItem\",\"position\":1,\"name\":\"Home\",\"item\":\"https:\/\/chemitool.com\/es\/\"},{\"@type\":\"ListItem\",\"position\":2,\"name\":\"Productos\",\"item\":\"https:\/\/chemitool.com\/es\/productos\/\"},{\"@type\":\"ListItem\",\"position\":3,\"name\":\"CHEMICALS\",\"item\":\"https:\/\/chemitool.com\/es\/categoria-producto\/chemicals\/\"},{\"@type\":\"ListItem\",\"position\":4,\"name\":\"ESPUMA POLIURETANO B1 CHEMIFOAM\"}]}]}<\/script>\n<!-- \/ Yoast SEO plugin. -->","yoast_head_json":{"title":"ESPUMA POLIURETANO B1 CHEMIFOAM &ndash; Chemitool","description":"SAP: CH06000003  Espuma Poliuretano B1 CHEMIFOAM es un producto monocomponente, resistente al fuego. Despu\u00e9s de aplicada, se convierte en un excelente aislante t\u00e9rmico y ac\u00fastico, con fuertes propiedades adhesivas.","robots":{"index":"index","follow":"follow","max-snippet":"max-snippet:-1","max-image-preview":"max-image-preview:large","max-video-preview":"max-video-preview:-1"},"canonical":"https:\/\/chemitool.com\/es\/products\/chemicals\/espumas-de-poliuretano\/espuma-poliuretano-b1-chemifoam\/","og_locale":"es_ES","og_type":"article","og_title":"ESPUMA POLIURETANO B1 CHEMIFOAM &ndash; Chemitool","og_description":"SAP: CH06000003  Espuma Poliuretano B1 CHEMIFOAM es un producto monocomponente, resistente al fuego. Despu\u00e9s de aplicada, se convierte en un excelente aislante t\u00e9rmico y ac\u00fastico, con fuertes propiedades adhesivas.","og_url":"https:\/\/chemitool.com\/es\/products\/chemicals\/espumas-de-poliuretano\/espuma-poliuretano-b1-chemifoam\/","og_site_name":"Chemitool","article_publisher":"https:\/\/www.facebook.com\/chemitool","article_modified_time":"2023-08-29T08:56:51+00:00","og_image":[{"width":800,"height":800,"url":"https:\/\/chemitool.com\/wp-content\/uploads\/2020\/03\/CH06000003-1.png","type":"image\/png"}],"twitter_card":"summary_large_image","twitter_misc":{"Tiempo de lectura":"1 minuto"},"schema":{"@context":"https:\/\/schema.org","@graph":[{"@type":"Organization","@id":"https:\/\/chemitool.com\/#organization","name":"Chemitool","url":"https:\/\/chemitool.com\/","sameAs":["https:\/\/www.facebook.com\/chemitool","https:\/\/www.instagram.com\/chemitool\/"],"logo":{"@type":"ImageObject","@id":"https:\/\/chemitool.com\/#logo","inLanguage":"es","url":"https:\/\/chemitool.com\/wp-content\/uploads\/2020\/10\/logo_chemitool.png","contentUrl":"https:\/\/chemitool.com\/wp-content\/uploads\/2020\/10\/logo_chemitool.png","width":400,"height":400,"caption":"Chemitool"},"image":{"@id":"https:\/\/chemitool.com\/#logo"}},{"@type":"WebSite","@id":"https:\/\/chemitool.com\/#website","url":"https:\/\/chemitool.com\/","name":"Chemitool","description":"Chemitool - hardware and tools","publisher":{"@id":"https:\/\/chemitool.com\/#organization"},"potentialAction":[{"@type":"SearchAction","target":{"@type":"EntryPoint","urlTemplate":"https:\/\/chemitool.com\/?s={search_term_string}"},"query-input":"required name=search_term_string"}],"inLanguage":"es"},{"@type":"ImageObject","@id":"https:\/\/chemitool.com\/es\/products\/chemicals\/espumas-de-poliuretano\/espuma-poliuretano-b1-chemifoam\/#primaryimage","inLanguage":"es","url":"https:\/\/chemitool.com\/wp-content\/uploads\/2020\/03\/CH06000003-1.png","contentUrl":"https:\/\/chemitool.com\/wp-content\/uploads\/2020\/03\/CH06000003-1.png","width":800,"height":800},{"@type":"WebPage","@id":"https:\/\/chemitool.com\/es\/products\/chemicals\/espumas-de-poliuretano\/espuma-poliuretano-b1-chemifoam\/#webpage","url":"https:\/\/chemitool.com\/es\/products\/chemicals\/espumas-de-poliuretano\/espuma-poliuretano-b1-chemifoam\/","name":"ESPUMA POLIURETANO B1 CHEMIFOAM &ndash; Chemitool","isPartOf":{"@id":"https:\/\/chemitool.com\/#website"},"primaryImageOfPage":{"@id":"https:\/\/chemitool.com\/es\/products\/chemicals\/espumas-de-poliuretano\/espuma-poliuretano-b1-chemifoam\/#primaryimage"},"datePublished":"2020-03-27T14:37:55+00:00","dateModified":"2023-08-29T08:56:51+00:00","description":"SAP: CH06000003 Espuma Poliuretano B1 CHEMIFOAM es un producto monocomponente, resistente al fuego. Despu\u00e9s de aplicada, se convierte en un excelente aislante t\u00e9rmico y ac\u00fastico, con fuertes propiedades adhesivas.","breadcrumb":{"@id":"https:\/\/chemitool.com\/es\/products\/chemicals\/espumas-de-poliuretano\/espuma-poliuretano-b1-chemifoam\/#breadcrumb"},"inLanguage":"es","potentialAction":[{"@type":"ReadAction","target":["https:\/\/chemitool.com\/es\/products\/chemicals\/espumas-de-poliuretano\/espuma-poliuretano-b1-chemifoam\/"]}]},{"@type":"BreadcrumbList","@id":"https:\/\/chemitool.com\/es\/products\/chemicals\/espumas-de-poliuretano\/espuma-poliuretano-b1-chemifoam\/#breadcrumb","itemListElement":[{"@type":"ListItem","position":1,"name":"Home","item":"https:\/\/chemitool.com\/es\/"},{"@type":"ListItem","position":2,"name":"Productos","item":"https:\/\/chemitool.com\/es\/productos\/"},{"@type":"ListItem","position":3,"name":"CHEMICALS","item":"https:\/\/chemitool.com\/es\/categoria-producto\/chemicals\/"},{"@type":"ListItem","position":4,"name":"ESPUMA POLIURETANO B1 CHEMIFOAM"}]}]}},"_links":{"self":[{"href":"https:\/\/chemitool.com\/es\/wp-json\/wp\/v2\/product\/3744"}],"collection":[{"href":"https:\/\/chemitool.com\/es\/wp-json\/wp\/v2\/product"}],"about":[{"href":"https:\/\/chemitool.com\/es\/wp-json\/wp\/v2\/types\/product"}],"wp:featuredmedia":[{"embeddable":true,"href":"https:\/\/chemitool.com\/es\/wp-json\/wp\/v2\/media\/31977"}],"wp:attachment":[{"href":"https:\/\/chemitool.com\/es\/wp-json\/wp\/v2\/media?parent=3744"}],"wp:term":[{"taxonomy":"product_cat","embeddable":true,"href":"https:\/\/chemitool.com\/es\/wp-json\/wp\/v2\/product_cat?post=3744"},{"taxonomy":"product_tag","embeddable":true,"href":"https:\/\/chemitool.com\/es\/wp-json\/wp\/v2\/product_tag?post=3744"}],"curies":[{"name":"wp","href":"https:\/\/api.w.org\/{rel}","templated":true}]}}