{"id":3743,"date":"2020-03-26T14:25:45","date_gmt":"2020-03-26T14:25:45","guid":{"rendered":"https:\/\/chemitool.com\/products\/sin%20categor\u00eda\/silicone-acetico-chemisil\/"},"modified":"2020-09-23T08:55:36","modified_gmt":"2020-09-23T08:55:36","slug":"silicona-acetica-chemisil","status":"publish","type":"product","link":"https:\/\/chemitool.com\/es\/products\/chemicals\/siliconas\/silicona-acetica-chemisil\/","title":{"rendered":"SILICONA AC\u00c9TICA CHEMISIL"},"content":{"rendered":"<p><strong>VENTAJAS<\/strong><\/p>\n<ul>\n<li>Curado r\u00e1pido en contacto con la humedad atmosf\u00e9rica<\/li>\n<li>Excelente adhesi\u00f3n<\/li>\n<li>R\u00e1pida formaci\u00f3n de pel\u00edcula<\/li>\n<li>Elasticidad permanente<\/li>\n<li>Para uso interno y externo<\/li>\n<li>Alta resistencia a los rayos U.V. y cambios de temperatura<\/li>\n<li>Acci\u00f3n fungicida<\/li>\n<\/ul>\n<p><strong>INDICACIONES<\/strong><\/p>\n<p>Para aplicar en sustratos porosos, como el hormig\u00f3n, es necesario limpiar mec\u00e1nicamente la superficie con cepillos o discos de pulido.<br \/>\nAplicar la silicona con la ayuda de una pistola de acuerdo con el espesor de la junta y alise, antes que se forme una pel\u00edcula. La silicona antes de curar se puede limpiar con un disolvente, una vez curada, solo se puede eliminar mec\u00e1nicamente.<br \/>\nEn algunos materiales puede haber problemas de adhesi\u00f3n y, por eso, recomendamos realizar pruebas previas.<\/p>\n","protected":false},"excerpt":{"rendered":"<p><em>Silicona Ac\u00e9tica CHEMISIL <\/em>es un sellador monocomponente de curado ac\u00e9tico que, en contacto con la humedad atmosf\u00e9rica se convierte en una junta el\u00e1stica.<\/p>\n","protected":false},"featured_media":29978,"template":"","meta":[],"product_cat":[1209,1220],"product_tag":[112],"yoast_head":"<!-- This site is optimized with the Yoast SEO plugin v17.4 - https:\/\/yoast.com\/wordpress\/plugins\/seo\/ -->\n<title>SILICONA AC\u00c9TICA CHEMISIL &ndash; Chemitool<\/title>\n<meta name=\"description\" content=\"Silicona Ac\u00e9tica CHEMISIL es un sellador monocomponente de curado ac\u00e9tico que, en contacto con la humedad atmosf\u00e9rica se convierte en una junta el\u00e1stica.\" \/>\n<meta name=\"robots\" content=\"index, follow, max-snippet:-1, max-image-preview:large, max-video-preview:-1\" \/>\n<link rel=\"canonical\" href=\"https:\/\/chemitool.com\/es\/products\/chemicals\/siliconas\/silicona-acetica-chemisil\/\" \/>\n<meta property=\"og:locale\" content=\"es_ES\" \/>\n<meta property=\"og:type\" content=\"article\" \/>\n<meta property=\"og:title\" content=\"SILICONA AC\u00c9TICA CHEMISIL &ndash; Chemitool\" \/>\n<meta property=\"og:description\" content=\"Silicona Ac\u00e9tica CHEMISIL es un sellador monocomponente de curado ac\u00e9tico que, en contacto con la humedad atmosf\u00e9rica se convierte en una junta el\u00e1stica.\" \/>\n<meta property=\"og:url\" content=\"https:\/\/chemitool.com\/es\/products\/chemicals\/siliconas\/silicona-acetica-chemisil\/\" \/>\n<meta property=\"og:site_name\" content=\"Chemitool\" \/>\n<meta property=\"article:publisher\" content=\"https:\/\/www.facebook.com\/chemitool\" \/>\n<meta property=\"article:modified_time\" content=\"2020-09-23T08:55:36+00:00\" \/>\n<meta property=\"og:image\" content=\"https:\/\/chemitool.com\/wp-content\/uploads\/2020\/03\/CH0101-ACETOXY.png\" \/>\n\t<meta property=\"og:image:width\" content=\"800\" \/>\n\t<meta property=\"og:image:height\" content=\"800\" \/>\n<meta name=\"twitter:card\" content=\"summary_large_image\" \/>\n<meta name=\"twitter:label1\" content=\"Tiempo de lectura\" \/>\n\t<meta name=\"twitter:data1\" content=\"1 minuto\" \/>\n<script type=\"application\/ld+json\" class=\"yoast-schema-graph\">{\"@context\":\"https:\/\/schema.org\",\"@graph\":[{\"@type\":\"Organization\",\"@id\":\"https:\/\/chemitool.com\/#organization\",\"name\":\"Chemitool\",\"url\":\"https:\/\/chemitool.com\/\",\"sameAs\":[\"https:\/\/www.facebook.com\/chemitool\",\"https:\/\/www.instagram.com\/chemitool\/\"],\"logo\":{\"@type\":\"ImageObject\",\"@id\":\"https:\/\/chemitool.com\/#logo\",\"inLanguage\":\"es\",\"url\":\"https:\/\/chemitool.com\/wp-content\/uploads\/2020\/10\/logo_chemitool.png\",\"contentUrl\":\"https:\/\/chemitool.com\/wp-content\/uploads\/2020\/10\/logo_chemitool.png\",\"width\":400,\"height\":400,\"caption\":\"Chemitool\"},\"image\":{\"@id\":\"https:\/\/chemitool.com\/#logo\"}},{\"@type\":\"WebSite\",\"@id\":\"https:\/\/chemitool.com\/#website\",\"url\":\"https:\/\/chemitool.com\/\",\"name\":\"Chemitool\",\"description\":\"Chemitool - hardware and tools\",\"publisher\":{\"@id\":\"https:\/\/chemitool.com\/#organization\"},\"potentialAction\":[{\"@type\":\"SearchAction\",\"target\":{\"@type\":\"EntryPoint\",\"urlTemplate\":\"https:\/\/chemitool.com\/?s={search_term_string}\"},\"query-input\":\"required name=search_term_string\"}],\"inLanguage\":\"es\"},{\"@type\":\"ImageObject\",\"@id\":\"https:\/\/chemitool.com\/es\/products\/chemicals\/siliconas\/silicona-acetica-chemisil\/#primaryimage\",\"inLanguage\":\"es\",\"url\":\"https:\/\/chemitool.com\/wp-content\/uploads\/2020\/03\/CH0101.png\",\"contentUrl\":\"https:\/\/chemitool.com\/wp-content\/uploads\/2020\/03\/CH0101.png\",\"width\":800,\"height\":800},{\"@type\":\"WebPage\",\"@id\":\"https:\/\/chemitool.com\/es\/products\/chemicals\/siliconas\/silicona-acetica-chemisil\/#webpage\",\"url\":\"https:\/\/chemitool.com\/es\/products\/chemicals\/siliconas\/silicona-acetica-chemisil\/\",\"name\":\"SILICONA AC\\u00c9TICA CHEMISIL &ndash; Chemitool\",\"isPartOf\":{\"@id\":\"https:\/\/chemitool.com\/#website\"},\"primaryImageOfPage\":{\"@id\":\"https:\/\/chemitool.com\/es\/products\/chemicals\/siliconas\/silicona-acetica-chemisil\/#primaryimage\"},\"datePublished\":\"2020-03-26T14:25:45+00:00\",\"dateModified\":\"2020-09-23T08:55:36+00:00\",\"description\":\"Silicona Ac\\u00e9tica CHEMISIL es un sellador monocomponente de curado ac\\u00e9tico que, en contacto con la humedad atmosf\\u00e9rica se convierte en una junta el\\u00e1stica.\",\"breadcrumb\":{\"@id\":\"https:\/\/chemitool.com\/es\/products\/chemicals\/siliconas\/silicona-acetica-chemisil\/#breadcrumb\"},\"inLanguage\":\"es\",\"potentialAction\":[{\"@type\":\"ReadAction\",\"target\":[\"https:\/\/chemitool.com\/es\/products\/chemicals\/siliconas\/silicona-acetica-chemisil\/\"]}]},{\"@type\":\"BreadcrumbList\",\"@id\":\"https:\/\/chemitool.com\/es\/products\/chemicals\/siliconas\/silicona-acetica-chemisil\/#breadcrumb\",\"itemListElement\":[{\"@type\":\"ListItem\",\"position\":1,\"name\":\"Home\",\"item\":\"https:\/\/chemitool.com\/es\/\"},{\"@type\":\"ListItem\",\"position\":2,\"name\":\"Productos\",\"item\":\"https:\/\/chemitool.com\/es\/productos\/\"},{\"@type\":\"ListItem\",\"position\":3,\"name\":\"CHEMICALS\",\"item\":\"https:\/\/chemitool.com\/es\/categoria-producto\/chemicals\/\"},{\"@type\":\"ListItem\",\"position\":4,\"name\":\"SILICONA AC\\u00c9TICA CHEMISIL\"}]}]}<\/script>\n<!-- \/ Yoast SEO plugin. -->","yoast_head_json":{"title":"SILICONA AC\u00c9TICA CHEMISIL &ndash; Chemitool","description":"Silicona Ac\u00e9tica CHEMISIL es un sellador monocomponente de curado ac\u00e9tico que, en contacto con la humedad atmosf\u00e9rica se convierte en una junta el\u00e1stica.","robots":{"index":"index","follow":"follow","max-snippet":"max-snippet:-1","max-image-preview":"max-image-preview:large","max-video-preview":"max-video-preview:-1"},"canonical":"https:\/\/chemitool.com\/es\/products\/chemicals\/siliconas\/silicona-acetica-chemisil\/","og_locale":"es_ES","og_type":"article","og_title":"SILICONA AC\u00c9TICA CHEMISIL &ndash; Chemitool","og_description":"Silicona Ac\u00e9tica CHEMISIL es un sellador monocomponente de curado ac\u00e9tico que, en contacto con la humedad atmosf\u00e9rica se convierte en una junta el\u00e1stica.","og_url":"https:\/\/chemitool.com\/es\/products\/chemicals\/siliconas\/silicona-acetica-chemisil\/","og_site_name":"Chemitool","article_publisher":"https:\/\/www.facebook.com\/chemitool","article_modified_time":"2020-09-23T08:55:36+00:00","og_image":[{"width":800,"height":800,"url":"https:\/\/chemitool.com\/wp-content\/uploads\/2020\/03\/CH0101-ACETOXY.png","type":"image\/png"}],"twitter_card":"summary_large_image","twitter_misc":{"Tiempo de lectura":"1 minuto"},"schema":{"@context":"https:\/\/schema.org","@graph":[{"@type":"Organization","@id":"https:\/\/chemitool.com\/#organization","name":"Chemitool","url":"https:\/\/chemitool.com\/","sameAs":["https:\/\/www.facebook.com\/chemitool","https:\/\/www.instagram.com\/chemitool\/"],"logo":{"@type":"ImageObject","@id":"https:\/\/chemitool.com\/#logo","inLanguage":"es","url":"https:\/\/chemitool.com\/wp-content\/uploads\/2020\/10\/logo_chemitool.png","contentUrl":"https:\/\/chemitool.com\/wp-content\/uploads\/2020\/10\/logo_chemitool.png","width":400,"height":400,"caption":"Chemitool"},"image":{"@id":"https:\/\/chemitool.com\/#logo"}},{"@type":"WebSite","@id":"https:\/\/chemitool.com\/#website","url":"https:\/\/chemitool.com\/","name":"Chemitool","description":"Chemitool - hardware and tools","publisher":{"@id":"https:\/\/chemitool.com\/#organization"},"potentialAction":[{"@type":"SearchAction","target":{"@type":"EntryPoint","urlTemplate":"https:\/\/chemitool.com\/?s={search_term_string}"},"query-input":"required name=search_term_string"}],"inLanguage":"es"},{"@type":"ImageObject","@id":"https:\/\/chemitool.com\/es\/products\/chemicals\/siliconas\/silicona-acetica-chemisil\/#primaryimage","inLanguage":"es","url":"https:\/\/chemitool.com\/wp-content\/uploads\/2020\/03\/CH0101.png","contentUrl":"https:\/\/chemitool.com\/wp-content\/uploads\/2020\/03\/CH0101.png","width":800,"height":800},{"@type":"WebPage","@id":"https:\/\/chemitool.com\/es\/products\/chemicals\/siliconas\/silicona-acetica-chemisil\/#webpage","url":"https:\/\/chemitool.com\/es\/products\/chemicals\/siliconas\/silicona-acetica-chemisil\/","name":"SILICONA AC\u00c9TICA CHEMISIL &ndash; Chemitool","isPartOf":{"@id":"https:\/\/chemitool.com\/#website"},"primaryImageOfPage":{"@id":"https:\/\/chemitool.com\/es\/products\/chemicals\/siliconas\/silicona-acetica-chemisil\/#primaryimage"},"datePublished":"2020-03-26T14:25:45+00:00","dateModified":"2020-09-23T08:55:36+00:00","description":"Silicona Ac\u00e9tica CHEMISIL es un sellador monocomponente de curado ac\u00e9tico que, en contacto con la humedad atmosf\u00e9rica se convierte en una junta el\u00e1stica.","breadcrumb":{"@id":"https:\/\/chemitool.com\/es\/products\/chemicals\/siliconas\/silicona-acetica-chemisil\/#breadcrumb"},"inLanguage":"es","potentialAction":[{"@type":"ReadAction","target":["https:\/\/chemitool.com\/es\/products\/chemicals\/siliconas\/silicona-acetica-chemisil\/"]}]},{"@type":"BreadcrumbList","@id":"https:\/\/chemitool.com\/es\/products\/chemicals\/siliconas\/silicona-acetica-chemisil\/#breadcrumb","itemListElement":[{"@type":"ListItem","position":1,"name":"Home","item":"https:\/\/chemitool.com\/es\/"},{"@type":"ListItem","position":2,"name":"Productos","item":"https:\/\/chemitool.com\/es\/productos\/"},{"@type":"ListItem","position":3,"name":"CHEMICALS","item":"https:\/\/chemitool.com\/es\/categoria-producto\/chemicals\/"},{"@type":"ListItem","position":4,"name":"SILICONA AC\u00c9TICA CHEMISIL"}]}]}},"_links":{"self":[{"href":"https:\/\/chemitool.com\/es\/wp-json\/wp\/v2\/product\/3743"}],"collection":[{"href":"https:\/\/chemitool.com\/es\/wp-json\/wp\/v2\/product"}],"about":[{"href":"https:\/\/chemitool.com\/es\/wp-json\/wp\/v2\/types\/product"}],"wp:featuredmedia":[{"embeddable":true,"href":"https:\/\/chemitool.com\/es\/wp-json\/wp\/v2\/media\/29978"}],"wp:attachment":[{"href":"https:\/\/chemitool.com\/es\/wp-json\/wp\/v2\/media?parent=3743"}],"wp:term":[{"taxonomy":"product_cat","embeddable":true,"href":"https:\/\/chemitool.com\/es\/wp-json\/wp\/v2\/product_cat?post=3743"},{"taxonomy":"product_tag","embeddable":true,"href":"https:\/\/chemitool.com\/es\/wp-json\/wp\/v2\/product_tag?post=3743"}],"curies":[{"name":"wp","href":"https:\/\/api.w.org\/{rel}","templated":true}]}}