{"id":3740,"date":"2020-03-26T16:27:55","date_gmt":"2020-03-26T16:27:55","guid":{"rendered":"https:\/\/chemitool.com\/products\/sin%20categor\u00eda\/vedante-ms-polimero-chemihyb\/"},"modified":"2022-09-19T10:25:08","modified_gmt":"2022-09-19T10:25:08","slug":"sealbond-50-ms-chemihyb","status":"publish","type":"product","link":"https:\/\/chemitool.com\/es\/products\/chemicals\/adhesivos\/ms-polimero-es\/sealbond-50-ms-chemihyb\/","title":{"rendered":"SEAL&#038;BOND 50 MS CHEMIHYB"},"content":{"rendered":"<p><strong>VENTAJAS<\/strong><\/p>\n<ul>\n<li>Resistente a la intemperie y a los rayos UV<\/li>\n<li>Excelente adhesi\u00f3n en varios tipos de sustratos<\/li>\n<li>Es aplicable en superficies h\u00famedas asegurando una correcta adhesi\u00f3n<\/li>\n<li>Pintable una vez seco<\/li>\n<li>Es inodoro y est\u00e1 libre de isocianatos<\/li>\n<li>No corrosivo en la uni\u00f3n sobre metal<\/li>\n<li>Elasticidad permanente y excelente adherencia<\/li>\n<li>Uso interior y exterior<\/li>\n<li>Permanece estable a las condiciones atmosf\u00e9ricas, sin envejecimiento<\/li>\n<\/ul>\n<p><strong>INDICACIONES<\/strong><\/p>\n<p>Almacenar en un ambiente fresco, seco y bien ventilado entre +5\u00b0C y +25\u00b0C, lejos de fuentes de calor y humedad.<\/p>\n","protected":false},"excerpt":{"rendered":"<p><em>Seal&amp;Bond 50 MS CHEMIHYB <\/em>es un sellador-adhesivo a base de pol\u00edmero MS de alto m\u00f3dulo y alta calidad para unir y sellar en la mayor\u00eda de los sustratos utilizados en la construcci\u00f3n, automoci\u00f3n, astilleros, etc. Permanece el\u00e1stico tras curar. Excelente adherencia y resistencia qu\u00edmica. Buena adherencia sobre superficies h\u00famedas, pega incluso bajo agua.<\/p>\n","protected":false},"featured_media":29997,"template":"","meta":[],"product_cat":[1209,1222,3632],"product_tag":[121,4428],"yoast_head":"<!-- This site is optimized with the Yoast SEO plugin v17.4 - https:\/\/yoast.com\/wordpress\/plugins\/seo\/ -->\n<title>SEAL&amp;BOND 50 MS CHEMIHYB &ndash; Chemitool<\/title>\n<meta name=\"description\" content=\"Seal&amp;Bond 50 MS CHEMIHYB es un sellador-adhesivo a base de pol\u00edmero MS de alto m\u00f3dulo y alta calidad para unir y sellar en la mayor\u00eda de los sustratos utilizados en la construcci\u00f3n, automoci\u00f3n, astilleros, etc. Permanece el\u00e1stico tras curar. Excelente adherencia y resistencia qu\u00edmica. Buena adherencia sobre superficies h\u00famedas, pega incluso bajo agua.\" \/>\n<meta name=\"robots\" content=\"index, follow, max-snippet:-1, max-image-preview:large, max-video-preview:-1\" \/>\n<link rel=\"canonical\" href=\"https:\/\/chemitool.com\/es\/products\/chemicals\/adhesivos\/ms-polimero-es\/sealbond-50-ms-chemihyb\/\" \/>\n<meta property=\"og:locale\" content=\"es_ES\" \/>\n<meta property=\"og:type\" content=\"article\" \/>\n<meta property=\"og:title\" content=\"SEAL&amp;BOND 50 MS CHEMIHYB &ndash; Chemitool\" \/>\n<meta property=\"og:description\" content=\"Seal&amp;Bond 50 MS CHEMIHYB es un sellador-adhesivo a base de pol\u00edmero MS de alto m\u00f3dulo y alta calidad para unir y sellar en la mayor\u00eda de los sustratos utilizados en la construcci\u00f3n, automoci\u00f3n, astilleros, etc. Permanece el\u00e1stico tras curar. Excelente adherencia y resistencia qu\u00edmica. Buena adherencia sobre superficies h\u00famedas, pega incluso bajo agua.\" \/>\n<meta property=\"og:url\" content=\"https:\/\/chemitool.com\/es\/products\/chemicals\/adhesivos\/ms-polimero-es\/sealbond-50-ms-chemihyb\/\" \/>\n<meta property=\"og:site_name\" content=\"Chemitool\" \/>\n<meta property=\"article:publisher\" content=\"https:\/\/www.facebook.com\/chemitool\" \/>\n<meta property=\"article:modified_time\" content=\"2022-09-19T10:25:08+00:00\" \/>\n<meta property=\"og:image\" content=\"https:\/\/chemitool.com\/wp-content\/uploads\/2020\/03\/CH0301_new.png\" \/>\n\t<meta property=\"og:image:width\" content=\"800\" \/>\n\t<meta property=\"og:image:height\" content=\"800\" \/>\n<meta name=\"twitter:card\" content=\"summary_large_image\" \/>\n<script type=\"application\/ld+json\" class=\"yoast-schema-graph\">{\"@context\":\"https:\/\/schema.org\",\"@graph\":[{\"@type\":\"Organization\",\"@id\":\"https:\/\/chemitool.com\/#organization\",\"name\":\"Chemitool\",\"url\":\"https:\/\/chemitool.com\/\",\"sameAs\":[\"https:\/\/www.facebook.com\/chemitool\",\"https:\/\/www.instagram.com\/chemitool\/\"],\"logo\":{\"@type\":\"ImageObject\",\"@id\":\"https:\/\/chemitool.com\/#logo\",\"inLanguage\":\"es\",\"url\":\"https:\/\/chemitool.com\/wp-content\/uploads\/2020\/10\/logo_chemitool.png\",\"contentUrl\":\"https:\/\/chemitool.com\/wp-content\/uploads\/2020\/10\/logo_chemitool.png\",\"width\":400,\"height\":400,\"caption\":\"Chemitool\"},\"image\":{\"@id\":\"https:\/\/chemitool.com\/#logo\"}},{\"@type\":\"WebSite\",\"@id\":\"https:\/\/chemitool.com\/#website\",\"url\":\"https:\/\/chemitool.com\/\",\"name\":\"Chemitool\",\"description\":\"Chemitool - hardware and tools\",\"publisher\":{\"@id\":\"https:\/\/chemitool.com\/#organization\"},\"potentialAction\":[{\"@type\":\"SearchAction\",\"target\":{\"@type\":\"EntryPoint\",\"urlTemplate\":\"https:\/\/chemitool.com\/?s={search_term_string}\"},\"query-input\":\"required name=search_term_string\"}],\"inLanguage\":\"es\"},{\"@type\":\"ImageObject\",\"@id\":\"https:\/\/chemitool.com\/es\/products\/chemicals\/adhesivos\/ms-polimero-es\/sealbond-50-ms-chemihyb\/#primaryimage\",\"inLanguage\":\"es\",\"url\":\"https:\/\/chemitool.com\/wp-content\/uploads\/2020\/03\/CH030.png\",\"contentUrl\":\"https:\/\/chemitool.com\/wp-content\/uploads\/2020\/03\/CH030.png\",\"width\":800,\"height\":800},{\"@type\":\"WebPage\",\"@id\":\"https:\/\/chemitool.com\/es\/products\/chemicals\/adhesivos\/ms-polimero-es\/sealbond-50-ms-chemihyb\/#webpage\",\"url\":\"https:\/\/chemitool.com\/es\/products\/chemicals\/adhesivos\/ms-polimero-es\/sealbond-50-ms-chemihyb\/\",\"name\":\"SEAL&BOND 50 MS CHEMIHYB &ndash; Chemitool\",\"isPartOf\":{\"@id\":\"https:\/\/chemitool.com\/#website\"},\"primaryImageOfPage\":{\"@id\":\"https:\/\/chemitool.com\/es\/products\/chemicals\/adhesivos\/ms-polimero-es\/sealbond-50-ms-chemihyb\/#primaryimage\"},\"datePublished\":\"2020-03-26T16:27:55+00:00\",\"dateModified\":\"2022-09-19T10:25:08+00:00\",\"description\":\"Seal&amp;Bond 50 MS CHEMIHYB es un sellador-adhesivo a base de pol\\u00edmero MS de alto m\\u00f3dulo y alta calidad para unir y sellar en la mayor\\u00eda de los sustratos utilizados en la construcci\\u00f3n, automoci\\u00f3n, astilleros, etc. Permanece el\\u00e1stico tras curar. Excelente adherencia y resistencia qu\\u00edmica. Buena adherencia sobre superficies h\\u00famedas, pega incluso bajo agua.\",\"breadcrumb\":{\"@id\":\"https:\/\/chemitool.com\/es\/products\/chemicals\/adhesivos\/ms-polimero-es\/sealbond-50-ms-chemihyb\/#breadcrumb\"},\"inLanguage\":\"es\",\"potentialAction\":[{\"@type\":\"ReadAction\",\"target\":[\"https:\/\/chemitool.com\/es\/products\/chemicals\/adhesivos\/ms-polimero-es\/sealbond-50-ms-chemihyb\/\"]}]},{\"@type\":\"BreadcrumbList\",\"@id\":\"https:\/\/chemitool.com\/es\/products\/chemicals\/adhesivos\/ms-polimero-es\/sealbond-50-ms-chemihyb\/#breadcrumb\",\"itemListElement\":[{\"@type\":\"ListItem\",\"position\":1,\"name\":\"Home\",\"item\":\"https:\/\/chemitool.com\/es\/\"},{\"@type\":\"ListItem\",\"position\":2,\"name\":\"Productos\",\"item\":\"https:\/\/chemitool.com\/es\/productos\/\"},{\"@type\":\"ListItem\",\"position\":3,\"name\":\"CHEMICALS\",\"item\":\"https:\/\/chemitool.com\/es\/categoria-producto\/chemicals\/\"},{\"@type\":\"ListItem\",\"position\":4,\"name\":\"SEAL&#038;BOND 50 MS CHEMIHYB\"}]}]}<\/script>\n<!-- \/ Yoast SEO plugin. -->","yoast_head_json":{"title":"SEAL&BOND 50 MS CHEMIHYB &ndash; Chemitool","description":"Seal&amp;Bond 50 MS CHEMIHYB es un sellador-adhesivo a base de pol\u00edmero MS de alto m\u00f3dulo y alta calidad para unir y sellar en la mayor\u00eda de los sustratos utilizados en la construcci\u00f3n, automoci\u00f3n, astilleros, etc. Permanece el\u00e1stico tras curar. Excelente adherencia y resistencia qu\u00edmica. Buena adherencia sobre superficies h\u00famedas, pega incluso bajo agua.","robots":{"index":"index","follow":"follow","max-snippet":"max-snippet:-1","max-image-preview":"max-image-preview:large","max-video-preview":"max-video-preview:-1"},"canonical":"https:\/\/chemitool.com\/es\/products\/chemicals\/adhesivos\/ms-polimero-es\/sealbond-50-ms-chemihyb\/","og_locale":"es_ES","og_type":"article","og_title":"SEAL&BOND 50 MS CHEMIHYB &ndash; Chemitool","og_description":"Seal&amp;Bond 50 MS CHEMIHYB es un sellador-adhesivo a base de pol\u00edmero MS de alto m\u00f3dulo y alta calidad para unir y sellar en la mayor\u00eda de los sustratos utilizados en la construcci\u00f3n, automoci\u00f3n, astilleros, etc. Permanece el\u00e1stico tras curar. Excelente adherencia y resistencia qu\u00edmica. Buena adherencia sobre superficies h\u00famedas, pega incluso bajo agua.","og_url":"https:\/\/chemitool.com\/es\/products\/chemicals\/adhesivos\/ms-polimero-es\/sealbond-50-ms-chemihyb\/","og_site_name":"Chemitool","article_publisher":"https:\/\/www.facebook.com\/chemitool","article_modified_time":"2022-09-19T10:25:08+00:00","og_image":[{"width":800,"height":800,"url":"https:\/\/chemitool.com\/wp-content\/uploads\/2020\/03\/CH0301_new.png","type":"image\/png"}],"twitter_card":"summary_large_image","schema":{"@context":"https:\/\/schema.org","@graph":[{"@type":"Organization","@id":"https:\/\/chemitool.com\/#organization","name":"Chemitool","url":"https:\/\/chemitool.com\/","sameAs":["https:\/\/www.facebook.com\/chemitool","https:\/\/www.instagram.com\/chemitool\/"],"logo":{"@type":"ImageObject","@id":"https:\/\/chemitool.com\/#logo","inLanguage":"es","url":"https:\/\/chemitool.com\/wp-content\/uploads\/2020\/10\/logo_chemitool.png","contentUrl":"https:\/\/chemitool.com\/wp-content\/uploads\/2020\/10\/logo_chemitool.png","width":400,"height":400,"caption":"Chemitool"},"image":{"@id":"https:\/\/chemitool.com\/#logo"}},{"@type":"WebSite","@id":"https:\/\/chemitool.com\/#website","url":"https:\/\/chemitool.com\/","name":"Chemitool","description":"Chemitool - hardware and tools","publisher":{"@id":"https:\/\/chemitool.com\/#organization"},"potentialAction":[{"@type":"SearchAction","target":{"@type":"EntryPoint","urlTemplate":"https:\/\/chemitool.com\/?s={search_term_string}"},"query-input":"required name=search_term_string"}],"inLanguage":"es"},{"@type":"ImageObject","@id":"https:\/\/chemitool.com\/es\/products\/chemicals\/adhesivos\/ms-polimero-es\/sealbond-50-ms-chemihyb\/#primaryimage","inLanguage":"es","url":"https:\/\/chemitool.com\/wp-content\/uploads\/2020\/03\/CH030.png","contentUrl":"https:\/\/chemitool.com\/wp-content\/uploads\/2020\/03\/CH030.png","width":800,"height":800},{"@type":"WebPage","@id":"https:\/\/chemitool.com\/es\/products\/chemicals\/adhesivos\/ms-polimero-es\/sealbond-50-ms-chemihyb\/#webpage","url":"https:\/\/chemitool.com\/es\/products\/chemicals\/adhesivos\/ms-polimero-es\/sealbond-50-ms-chemihyb\/","name":"SEAL&BOND 50 MS CHEMIHYB &ndash; Chemitool","isPartOf":{"@id":"https:\/\/chemitool.com\/#website"},"primaryImageOfPage":{"@id":"https:\/\/chemitool.com\/es\/products\/chemicals\/adhesivos\/ms-polimero-es\/sealbond-50-ms-chemihyb\/#primaryimage"},"datePublished":"2020-03-26T16:27:55+00:00","dateModified":"2022-09-19T10:25:08+00:00","description":"Seal&amp;Bond 50 MS CHEMIHYB es un sellador-adhesivo a base de pol\u00edmero MS de alto m\u00f3dulo y alta calidad para unir y sellar en la mayor\u00eda de los sustratos utilizados en la construcci\u00f3n, automoci\u00f3n, astilleros, etc. Permanece el\u00e1stico tras curar. Excelente adherencia y resistencia qu\u00edmica. Buena adherencia sobre superficies h\u00famedas, pega incluso bajo agua.","breadcrumb":{"@id":"https:\/\/chemitool.com\/es\/products\/chemicals\/adhesivos\/ms-polimero-es\/sealbond-50-ms-chemihyb\/#breadcrumb"},"inLanguage":"es","potentialAction":[{"@type":"ReadAction","target":["https:\/\/chemitool.com\/es\/products\/chemicals\/adhesivos\/ms-polimero-es\/sealbond-50-ms-chemihyb\/"]}]},{"@type":"BreadcrumbList","@id":"https:\/\/chemitool.com\/es\/products\/chemicals\/adhesivos\/ms-polimero-es\/sealbond-50-ms-chemihyb\/#breadcrumb","itemListElement":[{"@type":"ListItem","position":1,"name":"Home","item":"https:\/\/chemitool.com\/es\/"},{"@type":"ListItem","position":2,"name":"Productos","item":"https:\/\/chemitool.com\/es\/productos\/"},{"@type":"ListItem","position":3,"name":"CHEMICALS","item":"https:\/\/chemitool.com\/es\/categoria-producto\/chemicals\/"},{"@type":"ListItem","position":4,"name":"SEAL&#038;BOND 50 MS CHEMIHYB"}]}]}},"_links":{"self":[{"href":"https:\/\/chemitool.com\/es\/wp-json\/wp\/v2\/product\/3740"}],"collection":[{"href":"https:\/\/chemitool.com\/es\/wp-json\/wp\/v2\/product"}],"about":[{"href":"https:\/\/chemitool.com\/es\/wp-json\/wp\/v2\/types\/product"}],"wp:featuredmedia":[{"embeddable":true,"href":"https:\/\/chemitool.com\/es\/wp-json\/wp\/v2\/media\/29997"}],"wp:attachment":[{"href":"https:\/\/chemitool.com\/es\/wp-json\/wp\/v2\/media?parent=3740"}],"wp:term":[{"taxonomy":"product_cat","embeddable":true,"href":"https:\/\/chemitool.com\/es\/wp-json\/wp\/v2\/product_cat?post=3740"},{"taxonomy":"product_tag","embeddable":true,"href":"https:\/\/chemitool.com\/es\/wp-json\/wp\/v2\/product_tag?post=3740"}],"curies":[{"name":"wp","href":"https:\/\/api.w.org\/{rel}","templated":true}]}}