{"id":36968,"date":"2024-01-15T11:00:03","date_gmt":"2024-01-15T11:00:07","guid":{"rendered":"https:\/\/chemitool.com\/?post_type=product&#038;p=36968"},"modified":"2024-01-15T15:54:33","modified_gmt":"2024-01-15T15:54:33","slug":"tirador-cable-para-tirador","status":"publish","type":"product","link":"https:\/\/chemitool.com\/es\/products\/tools\/elevacion\/tirador\/tirador-cable-para-tirador\/","title":{"rendered":"TIRADOR | CABLE PARA TIRADOR"},"content":{"rendered":"<ul>\n<li>Cuerpo de aluminio<\/li>\n<li>Elevadores de avance, retroceso y desbloqueo<\/li>\n<li>Perno de seguridad de sobrecarga<\/li>\n<li>Perno de anclaje desmontable<\/li>\n<\/ul>\n<p><strong>CAMPOS DE APLICACI\u00d3N<\/strong><\/p>\n<ul>\n<li>Industria y construcci\u00f3n<\/li>\n<li>Colocaci\u00f3n de tuber\u00edas<\/li>\n<li>Instalaci\u00f3n de maquinaria<\/li>\n<li>Carga y descarga de mercanc\u00edas<\/li>\n<li>Eliminaci\u00f3n de obst\u00e1culos<\/li>\n<\/ul>\n","protected":false},"excerpt":{"rendered":"<p><em>Tirador (torno de cable) CHEMITOOL <\/em>es un tipo de cabrestante manual peque\u00f1o de estructura compacta, tama\u00f1o reducido, peso ligero, mayor vida \u00fatil, menor gasto de energ\u00eda y desgaste considerablemente menor del cable. Se acciona seg\u00fan el principio de palanca tirando manualmente de la manivela hacia delante o hacia atr\u00e1s para hacer que se mueva para completar tres actuaciones, como elevaci\u00f3n, tracci\u00f3n y tensi\u00f3n con menos fuerza manual para obtener la carga de m\u00e1s tonelaje.<\/p>\n","protected":false},"featured_media":36775,"template":"","meta":[],"product_cat":[1456,5140,5149],"product_tag":[],"yoast_head":"<!-- This site is optimized with the Yoast SEO plugin v17.4 - https:\/\/yoast.com\/wordpress\/plugins\/seo\/ -->\n<title>TIRADOR | CABLE PARA TIRADOR &ndash; Chemitool<\/title>\n<meta name=\"description\" content=\"Tirador (torno de cable) CHEMITOOL es un tipo de cabrestante manual peque\u00f1o de estructura compacta, tama\u00f1o reducido, peso ligero, mayor vida \u00fatil, menor gasto de energ\u00eda y desgaste considerablemente menor del cable. Se acciona seg\u00fan el principio de palanca tirando manualmente de la manivela hacia delante o hacia atr\u00e1s para hacer que se mueva para completar tres actuaciones, como elevaci\u00f3n, tracci\u00f3n y tensi\u00f3n con menos fuerza manual para obtener la carga de m\u00e1s tonelaje.\" \/>\n<meta name=\"robots\" content=\"index, follow, max-snippet:-1, max-image-preview:large, max-video-preview:-1\" \/>\n<link rel=\"canonical\" href=\"https:\/\/chemitool.com\/es\/products\/tools\/elevacion\/tirador\/tirador-cable-para-tirador\/\" \/>\n<meta property=\"og:locale\" content=\"es_ES\" \/>\n<meta property=\"og:type\" content=\"article\" \/>\n<meta property=\"og:title\" content=\"TIRADOR | CABLE PARA TIRADOR &ndash; Chemitool\" \/>\n<meta property=\"og:description\" content=\"Tirador (torno de cable) CHEMITOOL es un tipo de cabrestante manual peque\u00f1o de estructura compacta, tama\u00f1o reducido, peso ligero, mayor vida \u00fatil, menor gasto de energ\u00eda y desgaste considerablemente menor del cable. Se acciona seg\u00fan el principio de palanca tirando manualmente de la manivela hacia delante o hacia atr\u00e1s para hacer que se mueva para completar tres actuaciones, como elevaci\u00f3n, tracci\u00f3n y tensi\u00f3n con menos fuerza manual para obtener la carga de m\u00e1s tonelaje.\" \/>\n<meta property=\"og:url\" content=\"https:\/\/chemitool.com\/es\/products\/tools\/elevacion\/tirador\/tirador-cable-para-tirador\/\" \/>\n<meta property=\"og:site_name\" content=\"Chemitool\" \/>\n<meta property=\"article:publisher\" content=\"https:\/\/www.facebook.com\/chemitool\" \/>\n<meta property=\"article:modified_time\" content=\"2024-01-15T15:54:33+00:00\" \/>\n<meta property=\"og:image\" content=\"https:\/\/chemitool.com\/wp-content\/uploads\/2024\/01\/WIRE-ROPE-PULLER.png\" \/>\n\t<meta property=\"og:image:width\" content=\"800\" \/>\n\t<meta property=\"og:image:height\" content=\"800\" \/>\n<meta name=\"twitter:card\" content=\"summary_large_image\" \/>\n<script type=\"application\/ld+json\" class=\"yoast-schema-graph\">{\"@context\":\"https:\/\/schema.org\",\"@graph\":[{\"@type\":\"Organization\",\"@id\":\"https:\/\/chemitool.com\/#organization\",\"name\":\"Chemitool\",\"url\":\"https:\/\/chemitool.com\/\",\"sameAs\":[\"https:\/\/www.facebook.com\/chemitool\",\"https:\/\/www.instagram.com\/chemitool\/\"],\"logo\":{\"@type\":\"ImageObject\",\"@id\":\"https:\/\/chemitool.com\/#logo\",\"inLanguage\":\"es\",\"url\":\"https:\/\/chemitool.com\/wp-content\/uploads\/2020\/10\/logo_chemitool.png\",\"contentUrl\":\"https:\/\/chemitool.com\/wp-content\/uploads\/2020\/10\/logo_chemitool.png\",\"width\":400,\"height\":400,\"caption\":\"Chemitool\"},\"image\":{\"@id\":\"https:\/\/chemitool.com\/#logo\"}},{\"@type\":\"WebSite\",\"@id\":\"https:\/\/chemitool.com\/#website\",\"url\":\"https:\/\/chemitool.com\/\",\"name\":\"Chemitool\",\"description\":\"Chemitool - hardware and tools\",\"publisher\":{\"@id\":\"https:\/\/chemitool.com\/#organization\"},\"potentialAction\":[{\"@type\":\"SearchAction\",\"target\":{\"@type\":\"EntryPoint\",\"urlTemplate\":\"https:\/\/chemitool.com\/?s={search_term_string}\"},\"query-input\":\"required name=search_term_string\"}],\"inLanguage\":\"es\"},{\"@type\":\"ImageObject\",\"@id\":\"https:\/\/chemitool.com\/es\/products\/tools\/elevacion\/tirador\/tirador-cable-para-tirador\/#primaryimage\",\"inLanguage\":\"es\",\"url\":\"https:\/\/chemitool.com\/wp-content\/uploads\/2024\/01\/WIRE-ROPE-PULLER.png\",\"contentUrl\":\"https:\/\/chemitool.com\/wp-content\/uploads\/2024\/01\/WIRE-ROPE-PULLER.png\",\"width\":800,\"height\":800},{\"@type\":\"WebPage\",\"@id\":\"https:\/\/chemitool.com\/es\/products\/tools\/elevacion\/tirador\/tirador-cable-para-tirador\/#webpage\",\"url\":\"https:\/\/chemitool.com\/es\/products\/tools\/elevacion\/tirador\/tirador-cable-para-tirador\/\",\"name\":\"TIRADOR | CABLE PARA TIRADOR &ndash; Chemitool\",\"isPartOf\":{\"@id\":\"https:\/\/chemitool.com\/#website\"},\"primaryImageOfPage\":{\"@id\":\"https:\/\/chemitool.com\/es\/products\/tools\/elevacion\/tirador\/tirador-cable-para-tirador\/#primaryimage\"},\"datePublished\":\"2024-01-15T11:00:07+00:00\",\"dateModified\":\"2024-01-15T15:54:33+00:00\",\"description\":\"Tirador (torno de cable) CHEMITOOL es un tipo de cabrestante manual peque\\u00f1o de estructura compacta, tama\\u00f1o reducido, peso ligero, mayor vida \\u00fatil, menor gasto de energ\\u00eda y desgaste considerablemente menor del cable. Se acciona seg\\u00fan el principio de palanca tirando manualmente de la manivela hacia delante o hacia atr\\u00e1s para hacer que se mueva para completar tres actuaciones, como elevaci\\u00f3n, tracci\\u00f3n y tensi\\u00f3n con menos fuerza manual para obtener la carga de m\\u00e1s tonelaje.\",\"breadcrumb\":{\"@id\":\"https:\/\/chemitool.com\/es\/products\/tools\/elevacion\/tirador\/tirador-cable-para-tirador\/#breadcrumb\"},\"inLanguage\":\"es\",\"potentialAction\":[{\"@type\":\"ReadAction\",\"target\":[\"https:\/\/chemitool.com\/es\/products\/tools\/elevacion\/tirador\/tirador-cable-para-tirador\/\"]}]},{\"@type\":\"BreadcrumbList\",\"@id\":\"https:\/\/chemitool.com\/es\/products\/tools\/elevacion\/tirador\/tirador-cable-para-tirador\/#breadcrumb\",\"itemListElement\":[{\"@type\":\"ListItem\",\"position\":1,\"name\":\"Home\",\"item\":\"https:\/\/chemitool.com\/es\/\"},{\"@type\":\"ListItem\",\"position\":2,\"name\":\"Productos\",\"item\":\"https:\/\/chemitool.com\/es\/productos\/\"},{\"@type\":\"ListItem\",\"position\":3,\"name\":\"CHEMICALS\",\"item\":\"https:\/\/chemitool.com\/es\/categoria-producto\/chemicals\/\"},{\"@type\":\"ListItem\",\"position\":4,\"name\":\"TIRADOR | CABLE PARA TIRADOR\"}]}]}<\/script>\n<!-- \/ Yoast SEO plugin. -->","yoast_head_json":{"title":"TIRADOR | CABLE PARA TIRADOR &ndash; Chemitool","description":"Tirador (torno de cable) CHEMITOOL es un tipo de cabrestante manual peque\u00f1o de estructura compacta, tama\u00f1o reducido, peso ligero, mayor vida \u00fatil, menor gasto de energ\u00eda y desgaste considerablemente menor del cable. Se acciona seg\u00fan el principio de palanca tirando manualmente de la manivela hacia delante o hacia atr\u00e1s para hacer que se mueva para completar tres actuaciones, como elevaci\u00f3n, tracci\u00f3n y tensi\u00f3n con menos fuerza manual para obtener la carga de m\u00e1s tonelaje.","robots":{"index":"index","follow":"follow","max-snippet":"max-snippet:-1","max-image-preview":"max-image-preview:large","max-video-preview":"max-video-preview:-1"},"canonical":"https:\/\/chemitool.com\/es\/products\/tools\/elevacion\/tirador\/tirador-cable-para-tirador\/","og_locale":"es_ES","og_type":"article","og_title":"TIRADOR | CABLE PARA TIRADOR &ndash; Chemitool","og_description":"Tirador (torno de cable) CHEMITOOL es un tipo de cabrestante manual peque\u00f1o de estructura compacta, tama\u00f1o reducido, peso ligero, mayor vida \u00fatil, menor gasto de energ\u00eda y desgaste considerablemente menor del cable. Se acciona seg\u00fan el principio de palanca tirando manualmente de la manivela hacia delante o hacia atr\u00e1s para hacer que se mueva para completar tres actuaciones, como elevaci\u00f3n, tracci\u00f3n y tensi\u00f3n con menos fuerza manual para obtener la carga de m\u00e1s tonelaje.","og_url":"https:\/\/chemitool.com\/es\/products\/tools\/elevacion\/tirador\/tirador-cable-para-tirador\/","og_site_name":"Chemitool","article_publisher":"https:\/\/www.facebook.com\/chemitool","article_modified_time":"2024-01-15T15:54:33+00:00","og_image":[{"width":800,"height":800,"url":"https:\/\/chemitool.com\/wp-content\/uploads\/2024\/01\/WIRE-ROPE-PULLER.png","type":"image\/png"}],"twitter_card":"summary_large_image","schema":{"@context":"https:\/\/schema.org","@graph":[{"@type":"Organization","@id":"https:\/\/chemitool.com\/#organization","name":"Chemitool","url":"https:\/\/chemitool.com\/","sameAs":["https:\/\/www.facebook.com\/chemitool","https:\/\/www.instagram.com\/chemitool\/"],"logo":{"@type":"ImageObject","@id":"https:\/\/chemitool.com\/#logo","inLanguage":"es","url":"https:\/\/chemitool.com\/wp-content\/uploads\/2020\/10\/logo_chemitool.png","contentUrl":"https:\/\/chemitool.com\/wp-content\/uploads\/2020\/10\/logo_chemitool.png","width":400,"height":400,"caption":"Chemitool"},"image":{"@id":"https:\/\/chemitool.com\/#logo"}},{"@type":"WebSite","@id":"https:\/\/chemitool.com\/#website","url":"https:\/\/chemitool.com\/","name":"Chemitool","description":"Chemitool - hardware and tools","publisher":{"@id":"https:\/\/chemitool.com\/#organization"},"potentialAction":[{"@type":"SearchAction","target":{"@type":"EntryPoint","urlTemplate":"https:\/\/chemitool.com\/?s={search_term_string}"},"query-input":"required name=search_term_string"}],"inLanguage":"es"},{"@type":"ImageObject","@id":"https:\/\/chemitool.com\/es\/products\/tools\/elevacion\/tirador\/tirador-cable-para-tirador\/#primaryimage","inLanguage":"es","url":"https:\/\/chemitool.com\/wp-content\/uploads\/2024\/01\/WIRE-ROPE-PULLER.png","contentUrl":"https:\/\/chemitool.com\/wp-content\/uploads\/2024\/01\/WIRE-ROPE-PULLER.png","width":800,"height":800},{"@type":"WebPage","@id":"https:\/\/chemitool.com\/es\/products\/tools\/elevacion\/tirador\/tirador-cable-para-tirador\/#webpage","url":"https:\/\/chemitool.com\/es\/products\/tools\/elevacion\/tirador\/tirador-cable-para-tirador\/","name":"TIRADOR | CABLE PARA TIRADOR &ndash; Chemitool","isPartOf":{"@id":"https:\/\/chemitool.com\/#website"},"primaryImageOfPage":{"@id":"https:\/\/chemitool.com\/es\/products\/tools\/elevacion\/tirador\/tirador-cable-para-tirador\/#primaryimage"},"datePublished":"2024-01-15T11:00:07+00:00","dateModified":"2024-01-15T15:54:33+00:00","description":"Tirador (torno de cable) CHEMITOOL es un tipo de cabrestante manual peque\u00f1o de estructura compacta, tama\u00f1o reducido, peso ligero, mayor vida \u00fatil, menor gasto de energ\u00eda y desgaste considerablemente menor del cable. Se acciona seg\u00fan el principio de palanca tirando manualmente de la manivela hacia delante o hacia atr\u00e1s para hacer que se mueva para completar tres actuaciones, como elevaci\u00f3n, tracci\u00f3n y tensi\u00f3n con menos fuerza manual para obtener la carga de m\u00e1s tonelaje.","breadcrumb":{"@id":"https:\/\/chemitool.com\/es\/products\/tools\/elevacion\/tirador\/tirador-cable-para-tirador\/#breadcrumb"},"inLanguage":"es","potentialAction":[{"@type":"ReadAction","target":["https:\/\/chemitool.com\/es\/products\/tools\/elevacion\/tirador\/tirador-cable-para-tirador\/"]}]},{"@type":"BreadcrumbList","@id":"https:\/\/chemitool.com\/es\/products\/tools\/elevacion\/tirador\/tirador-cable-para-tirador\/#breadcrumb","itemListElement":[{"@type":"ListItem","position":1,"name":"Home","item":"https:\/\/chemitool.com\/es\/"},{"@type":"ListItem","position":2,"name":"Productos","item":"https:\/\/chemitool.com\/es\/productos\/"},{"@type":"ListItem","position":3,"name":"CHEMICALS","item":"https:\/\/chemitool.com\/es\/categoria-producto\/chemicals\/"},{"@type":"ListItem","position":4,"name":"TIRADOR | CABLE PARA TIRADOR"}]}]}},"_links":{"self":[{"href":"https:\/\/chemitool.com\/es\/wp-json\/wp\/v2\/product\/36968"}],"collection":[{"href":"https:\/\/chemitool.com\/es\/wp-json\/wp\/v2\/product"}],"about":[{"href":"https:\/\/chemitool.com\/es\/wp-json\/wp\/v2\/types\/product"}],"wp:featuredmedia":[{"embeddable":true,"href":"https:\/\/chemitool.com\/es\/wp-json\/wp\/v2\/media\/36775"}],"wp:attachment":[{"href":"https:\/\/chemitool.com\/es\/wp-json\/wp\/v2\/media?parent=36968"}],"wp:term":[{"taxonomy":"product_cat","embeddable":true,"href":"https:\/\/chemitool.com\/es\/wp-json\/wp\/v2\/product_cat?post=36968"},{"taxonomy":"product_tag","embeddable":true,"href":"https:\/\/chemitool.com\/es\/wp-json\/wp\/v2\/product_tag?post=36968"}],"curies":[{"name":"wp","href":"https:\/\/api.w.org\/{rel}","templated":true}]}}