{"id":36930,"date":"2024-01-12T15:33:32","date_gmt":"2024-01-12T15:33:34","guid":{"rendered":"https:\/\/chemitool.com\/?post_type=product&#038;p=36930"},"modified":"2024-01-16T11:13:00","modified_gmt":"2024-01-16T11:13:00","slug":"polea-de-cadena","status":"publish","type":"product","link":"https:\/\/chemitool.com\/es\/products\/tools\/elevacion\/poleas\/polea-de-cadena\/","title":{"rendered":"POLEA DE CADENA"},"content":{"rendered":"<ul>\n<li>La suspensi\u00f3n y los ganchos de carga est\u00e1n forjados en acero de alta resistencia y disponen de pestillos de seguridad que pueden girar 360\u00b0.<\/li>\n<li>Los discos de freno est\u00e1n doblemente forrados y no contienen part\u00edculas met\u00e1licas ni materiales t\u00f3xicos.<\/li>\n<li>Las cadenas de eslabones son de acero de alta resistencia y cumplen las normas nacionales e internacionales vigentes.<\/li>\n<\/ul>\n<p><strong>CAMPOS DE APLICACI\u00d3N<\/strong><\/p>\n<p>Industria y construcci\u00f3n.<\/p>\n","protected":false},"excerpt":{"rendered":"<p><em>Poleas de Cadena CHEMITOOL <\/em>son aparatos port\u00e1tiles que combinan calidad, seguridad y rendimiento. Son ligeros y peque\u00f1os, con un manejo muy sencillo.<\/p>\n","protected":false},"featured_media":36943,"template":"","meta":[],"product_cat":[1456,5140,5146],"product_tag":[],"yoast_head":"<!-- This site is optimized with the Yoast SEO plugin v17.4 - https:\/\/yoast.com\/wordpress\/plugins\/seo\/ -->\n<title>POLEA DE CADENA &ndash; Chemitool<\/title>\n<meta name=\"description\" content=\"Poleas de Cadena CHEMITOOL son aparatos port\u00e1tiles que combinan calidad, seguridad y rendimiento. Son ligeros y peque\u00f1os, con un manejo muy sencillo.\" \/>\n<meta name=\"robots\" content=\"index, follow, max-snippet:-1, max-image-preview:large, max-video-preview:-1\" \/>\n<link rel=\"canonical\" href=\"https:\/\/chemitool.com\/es\/products\/tools\/elevacion\/poleas\/polea-de-cadena\/\" \/>\n<meta property=\"og:locale\" content=\"es_ES\" \/>\n<meta property=\"og:type\" content=\"article\" \/>\n<meta property=\"og:title\" content=\"POLEA DE CADENA &ndash; Chemitool\" \/>\n<meta property=\"og:description\" content=\"Poleas de Cadena CHEMITOOL son aparatos port\u00e1tiles que combinan calidad, seguridad y rendimiento. Son ligeros y peque\u00f1os, con un manejo muy sencillo.\" \/>\n<meta property=\"og:url\" content=\"https:\/\/chemitool.com\/es\/products\/tools\/elevacion\/poleas\/polea-de-cadena\/\" \/>\n<meta property=\"og:site_name\" content=\"Chemitool\" \/>\n<meta property=\"article:publisher\" content=\"https:\/\/www.facebook.com\/chemitool\" \/>\n<meta property=\"article:modified_time\" content=\"2024-01-16T11:13:00+00:00\" \/>\n<meta property=\"og:image\" content=\"https:\/\/chemitool.com\/wp-content\/uploads\/2024\/01\/CHT40201.png\" \/>\n\t<meta property=\"og:image:width\" content=\"800\" \/>\n\t<meta property=\"og:image:height\" content=\"800\" \/>\n<meta name=\"twitter:card\" content=\"summary_large_image\" \/>\n<script type=\"application\/ld+json\" class=\"yoast-schema-graph\">{\"@context\":\"https:\/\/schema.org\",\"@graph\":[{\"@type\":\"Organization\",\"@id\":\"https:\/\/chemitool.com\/#organization\",\"name\":\"Chemitool\",\"url\":\"https:\/\/chemitool.com\/\",\"sameAs\":[\"https:\/\/www.facebook.com\/chemitool\",\"https:\/\/www.instagram.com\/chemitool\/\"],\"logo\":{\"@type\":\"ImageObject\",\"@id\":\"https:\/\/chemitool.com\/#logo\",\"inLanguage\":\"es\",\"url\":\"https:\/\/chemitool.com\/wp-content\/uploads\/2020\/10\/logo_chemitool.png\",\"contentUrl\":\"https:\/\/chemitool.com\/wp-content\/uploads\/2020\/10\/logo_chemitool.png\",\"width\":400,\"height\":400,\"caption\":\"Chemitool\"},\"image\":{\"@id\":\"https:\/\/chemitool.com\/#logo\"}},{\"@type\":\"WebSite\",\"@id\":\"https:\/\/chemitool.com\/#website\",\"url\":\"https:\/\/chemitool.com\/\",\"name\":\"Chemitool\",\"description\":\"Chemitool - hardware and tools\",\"publisher\":{\"@id\":\"https:\/\/chemitool.com\/#organization\"},\"potentialAction\":[{\"@type\":\"SearchAction\",\"target\":{\"@type\":\"EntryPoint\",\"urlTemplate\":\"https:\/\/chemitool.com\/?s={search_term_string}\"},\"query-input\":\"required name=search_term_string\"}],\"inLanguage\":\"es\"},{\"@type\":\"ImageObject\",\"@id\":\"https:\/\/chemitool.com\/es\/products\/tools\/elevacion\/poleas\/polea-de-cadena\/#primaryimage\",\"inLanguage\":\"es\",\"url\":\"https:\/\/chemitool.com\/wp-content\/uploads\/2024\/01\/CHT40201.png\",\"contentUrl\":\"https:\/\/chemitool.com\/wp-content\/uploads\/2024\/01\/CHT40201.png\",\"width\":800,\"height\":800},{\"@type\":\"WebPage\",\"@id\":\"https:\/\/chemitool.com\/es\/products\/tools\/elevacion\/poleas\/polea-de-cadena\/#webpage\",\"url\":\"https:\/\/chemitool.com\/es\/products\/tools\/elevacion\/poleas\/polea-de-cadena\/\",\"name\":\"POLEA DE CADENA &ndash; Chemitool\",\"isPartOf\":{\"@id\":\"https:\/\/chemitool.com\/#website\"},\"primaryImageOfPage\":{\"@id\":\"https:\/\/chemitool.com\/es\/products\/tools\/elevacion\/poleas\/polea-de-cadena\/#primaryimage\"},\"datePublished\":\"2024-01-12T15:33:34+00:00\",\"dateModified\":\"2024-01-16T11:13:00+00:00\",\"description\":\"Poleas de Cadena CHEMITOOL son aparatos port\\u00e1tiles que combinan calidad, seguridad y rendimiento. Son ligeros y peque\\u00f1os, con un manejo muy sencillo.\",\"breadcrumb\":{\"@id\":\"https:\/\/chemitool.com\/es\/products\/tools\/elevacion\/poleas\/polea-de-cadena\/#breadcrumb\"},\"inLanguage\":\"es\",\"potentialAction\":[{\"@type\":\"ReadAction\",\"target\":[\"https:\/\/chemitool.com\/es\/products\/tools\/elevacion\/poleas\/polea-de-cadena\/\"]}]},{\"@type\":\"BreadcrumbList\",\"@id\":\"https:\/\/chemitool.com\/es\/products\/tools\/elevacion\/poleas\/polea-de-cadena\/#breadcrumb\",\"itemListElement\":[{\"@type\":\"ListItem\",\"position\":1,\"name\":\"Home\",\"item\":\"https:\/\/chemitool.com\/es\/\"},{\"@type\":\"ListItem\",\"position\":2,\"name\":\"Productos\",\"item\":\"https:\/\/chemitool.com\/es\/productos\/\"},{\"@type\":\"ListItem\",\"position\":3,\"name\":\"CHEMICALS\",\"item\":\"https:\/\/chemitool.com\/es\/categoria-producto\/chemicals\/\"},{\"@type\":\"ListItem\",\"position\":4,\"name\":\"POLEA DE CADENA\"}]}]}<\/script>\n<!-- \/ Yoast SEO plugin. -->","yoast_head_json":{"title":"POLEA DE CADENA &ndash; Chemitool","description":"Poleas de Cadena CHEMITOOL son aparatos port\u00e1tiles que combinan calidad, seguridad y rendimiento. Son ligeros y peque\u00f1os, con un manejo muy sencillo.","robots":{"index":"index","follow":"follow","max-snippet":"max-snippet:-1","max-image-preview":"max-image-preview:large","max-video-preview":"max-video-preview:-1"},"canonical":"https:\/\/chemitool.com\/es\/products\/tools\/elevacion\/poleas\/polea-de-cadena\/","og_locale":"es_ES","og_type":"article","og_title":"POLEA DE CADENA &ndash; Chemitool","og_description":"Poleas de Cadena CHEMITOOL son aparatos port\u00e1tiles que combinan calidad, seguridad y rendimiento. Son ligeros y peque\u00f1os, con un manejo muy sencillo.","og_url":"https:\/\/chemitool.com\/es\/products\/tools\/elevacion\/poleas\/polea-de-cadena\/","og_site_name":"Chemitool","article_publisher":"https:\/\/www.facebook.com\/chemitool","article_modified_time":"2024-01-16T11:13:00+00:00","og_image":[{"width":800,"height":800,"url":"https:\/\/chemitool.com\/wp-content\/uploads\/2024\/01\/CHT40201.png","type":"image\/png"}],"twitter_card":"summary_large_image","schema":{"@context":"https:\/\/schema.org","@graph":[{"@type":"Organization","@id":"https:\/\/chemitool.com\/#organization","name":"Chemitool","url":"https:\/\/chemitool.com\/","sameAs":["https:\/\/www.facebook.com\/chemitool","https:\/\/www.instagram.com\/chemitool\/"],"logo":{"@type":"ImageObject","@id":"https:\/\/chemitool.com\/#logo","inLanguage":"es","url":"https:\/\/chemitool.com\/wp-content\/uploads\/2020\/10\/logo_chemitool.png","contentUrl":"https:\/\/chemitool.com\/wp-content\/uploads\/2020\/10\/logo_chemitool.png","width":400,"height":400,"caption":"Chemitool"},"image":{"@id":"https:\/\/chemitool.com\/#logo"}},{"@type":"WebSite","@id":"https:\/\/chemitool.com\/#website","url":"https:\/\/chemitool.com\/","name":"Chemitool","description":"Chemitool - hardware and tools","publisher":{"@id":"https:\/\/chemitool.com\/#organization"},"potentialAction":[{"@type":"SearchAction","target":{"@type":"EntryPoint","urlTemplate":"https:\/\/chemitool.com\/?s={search_term_string}"},"query-input":"required name=search_term_string"}],"inLanguage":"es"},{"@type":"ImageObject","@id":"https:\/\/chemitool.com\/es\/products\/tools\/elevacion\/poleas\/polea-de-cadena\/#primaryimage","inLanguage":"es","url":"https:\/\/chemitool.com\/wp-content\/uploads\/2024\/01\/CHT40201.png","contentUrl":"https:\/\/chemitool.com\/wp-content\/uploads\/2024\/01\/CHT40201.png","width":800,"height":800},{"@type":"WebPage","@id":"https:\/\/chemitool.com\/es\/products\/tools\/elevacion\/poleas\/polea-de-cadena\/#webpage","url":"https:\/\/chemitool.com\/es\/products\/tools\/elevacion\/poleas\/polea-de-cadena\/","name":"POLEA DE CADENA &ndash; Chemitool","isPartOf":{"@id":"https:\/\/chemitool.com\/#website"},"primaryImageOfPage":{"@id":"https:\/\/chemitool.com\/es\/products\/tools\/elevacion\/poleas\/polea-de-cadena\/#primaryimage"},"datePublished":"2024-01-12T15:33:34+00:00","dateModified":"2024-01-16T11:13:00+00:00","description":"Poleas de Cadena CHEMITOOL son aparatos port\u00e1tiles que combinan calidad, seguridad y rendimiento. Son ligeros y peque\u00f1os, con un manejo muy sencillo.","breadcrumb":{"@id":"https:\/\/chemitool.com\/es\/products\/tools\/elevacion\/poleas\/polea-de-cadena\/#breadcrumb"},"inLanguage":"es","potentialAction":[{"@type":"ReadAction","target":["https:\/\/chemitool.com\/es\/products\/tools\/elevacion\/poleas\/polea-de-cadena\/"]}]},{"@type":"BreadcrumbList","@id":"https:\/\/chemitool.com\/es\/products\/tools\/elevacion\/poleas\/polea-de-cadena\/#breadcrumb","itemListElement":[{"@type":"ListItem","position":1,"name":"Home","item":"https:\/\/chemitool.com\/es\/"},{"@type":"ListItem","position":2,"name":"Productos","item":"https:\/\/chemitool.com\/es\/productos\/"},{"@type":"ListItem","position":3,"name":"CHEMICALS","item":"https:\/\/chemitool.com\/es\/categoria-producto\/chemicals\/"},{"@type":"ListItem","position":4,"name":"POLEA DE CADENA"}]}]}},"_links":{"self":[{"href":"https:\/\/chemitool.com\/es\/wp-json\/wp\/v2\/product\/36930"}],"collection":[{"href":"https:\/\/chemitool.com\/es\/wp-json\/wp\/v2\/product"}],"about":[{"href":"https:\/\/chemitool.com\/es\/wp-json\/wp\/v2\/types\/product"}],"wp:featuredmedia":[{"embeddable":true,"href":"https:\/\/chemitool.com\/es\/wp-json\/wp\/v2\/media\/36943"}],"wp:attachment":[{"href":"https:\/\/chemitool.com\/es\/wp-json\/wp\/v2\/media?parent=36930"}],"wp:term":[{"taxonomy":"product_cat","embeddable":true,"href":"https:\/\/chemitool.com\/es\/wp-json\/wp\/v2\/product_cat?post=36930"},{"taxonomy":"product_tag","embeddable":true,"href":"https:\/\/chemitool.com\/es\/wp-json\/wp\/v2\/product_tag?post=36930"}],"curies":[{"name":"wp","href":"https:\/\/api.w.org\/{rel}","templated":true}]}}