{"id":36787,"date":"2024-01-10T16:55:05","date_gmt":"2024-01-10T16:55:05","guid":{"rendered":"https:\/\/chemitool.com\/?post_type=product&#038;p=36787"},"modified":"2024-01-11T16:49:50","modified_gmt":"2024-01-11T16:49:50","slug":"carretilla-manual-con-traccion","status":"publish","type":"product","link":"https:\/\/chemitool.com\/es\/products\/tools\/elevacion\/carretillas-de-transporte\/carretilla-manual-con-traccion\/","title":{"rendered":"CARRETILLA MANUAL CON TRACCI\u00d3N"},"content":{"rendered":"<ul>\n<li>Los ejes de las ruedas intermedias incluyen cojinetes, lo que permite un funcionamiento eficaz, ya que s\u00f3lo requieren un empuje y tracci\u00f3n muy peque\u00f1os.<\/li>\n<li>La rueda central adopta una banda de rodadura especial, lo que significa que puede circular por la viga con una inclinaci\u00f3n superior a 1:6 o inferior a 1:6 para el plano.<\/li>\n<li>La rueda tiene llanta, por lo que puede circular con un radio de curvatura menor.<\/li>\n<\/ul>\n<p><strong>CAMPOS DE APLICACI\u00d3N<\/strong><\/p>\n<p>Industria y construcci\u00f3n.<\/p>\n","protected":false},"excerpt":{"rendered":"<p><em>Carretilla Manual con Tracci\u00f3n CHEMITOOL<\/em> segura para el trabajo y c\u00f3modo para el mantenimiento. La estructura es compacta y el tama\u00f1o de montaje es peque\u00f1o. Es f\u00e1cil ajustar la separaci\u00f3n de la brida de la rueda loca seg\u00fan la anchura de la \u00f3rbita.<\/p>\n","protected":false},"featured_media":36803,"template":"","meta":[],"product_cat":[1456,5140,5152],"product_tag":[],"yoast_head":"<!-- This site is optimized with the Yoast SEO plugin v17.4 - https:\/\/yoast.com\/wordpress\/plugins\/seo\/ -->\n<title>CARRETILLA MANUAL CON TRACCI\u00d3N &ndash; Chemitool<\/title>\n<meta name=\"description\" content=\"Carretilla Manual con Tracci\u00f3n CHEMITOOL segura para el trabajo y c\u00f3modo para el mantenimiento. La estructura es compacta y el tama\u00f1o de montaje es peque\u00f1o. Es f\u00e1cil ajustar la separaci\u00f3n de la brida de la rueda loca seg\u00fan la anchura de la \u00f3rbita.\" \/>\n<meta name=\"robots\" content=\"index, follow, max-snippet:-1, max-image-preview:large, max-video-preview:-1\" \/>\n<link rel=\"canonical\" href=\"https:\/\/chemitool.com\/es\/products\/tools\/elevacion\/carretillas-de-transporte\/carretilla-manual-con-traccion\/\" \/>\n<meta property=\"og:locale\" content=\"es_ES\" \/>\n<meta property=\"og:type\" content=\"article\" \/>\n<meta property=\"og:title\" content=\"CARRETILLA MANUAL CON TRACCI\u00d3N &ndash; Chemitool\" \/>\n<meta property=\"og:description\" content=\"Carretilla Manual con Tracci\u00f3n CHEMITOOL segura para el trabajo y c\u00f3modo para el mantenimiento. La estructura es compacta y el tama\u00f1o de montaje es peque\u00f1o. Es f\u00e1cil ajustar la separaci\u00f3n de la brida de la rueda loca seg\u00fan la anchura de la \u00f3rbita.\" \/>\n<meta property=\"og:url\" content=\"https:\/\/chemitool.com\/es\/products\/tools\/elevacion\/carretillas-de-transporte\/carretilla-manual-con-traccion\/\" \/>\n<meta property=\"og:site_name\" content=\"Chemitool\" \/>\n<meta property=\"article:publisher\" content=\"https:\/\/www.facebook.com\/chemitool\" \/>\n<meta property=\"article:modified_time\" content=\"2024-01-11T16:49:50+00:00\" \/>\n<meta property=\"og:image\" content=\"https:\/\/chemitool.com\/wp-content\/uploads\/2024\/01\/CHT40103.png\" \/>\n\t<meta property=\"og:image:width\" content=\"800\" \/>\n\t<meta property=\"og:image:height\" content=\"800\" \/>\n<meta name=\"twitter:card\" content=\"summary_large_image\" \/>\n<script type=\"application\/ld+json\" class=\"yoast-schema-graph\">{\"@context\":\"https:\/\/schema.org\",\"@graph\":[{\"@type\":\"Organization\",\"@id\":\"https:\/\/chemitool.com\/#organization\",\"name\":\"Chemitool\",\"url\":\"https:\/\/chemitool.com\/\",\"sameAs\":[\"https:\/\/www.facebook.com\/chemitool\",\"https:\/\/www.instagram.com\/chemitool\/\"],\"logo\":{\"@type\":\"ImageObject\",\"@id\":\"https:\/\/chemitool.com\/#logo\",\"inLanguage\":\"es\",\"url\":\"https:\/\/chemitool.com\/wp-content\/uploads\/2020\/10\/logo_chemitool.png\",\"contentUrl\":\"https:\/\/chemitool.com\/wp-content\/uploads\/2020\/10\/logo_chemitool.png\",\"width\":400,\"height\":400,\"caption\":\"Chemitool\"},\"image\":{\"@id\":\"https:\/\/chemitool.com\/#logo\"}},{\"@type\":\"WebSite\",\"@id\":\"https:\/\/chemitool.com\/#website\",\"url\":\"https:\/\/chemitool.com\/\",\"name\":\"Chemitool\",\"description\":\"Chemitool - hardware and tools\",\"publisher\":{\"@id\":\"https:\/\/chemitool.com\/#organization\"},\"potentialAction\":[{\"@type\":\"SearchAction\",\"target\":{\"@type\":\"EntryPoint\",\"urlTemplate\":\"https:\/\/chemitool.com\/?s={search_term_string}\"},\"query-input\":\"required name=search_term_string\"}],\"inLanguage\":\"es\"},{\"@type\":\"ImageObject\",\"@id\":\"https:\/\/chemitool.com\/es\/products\/tools\/elevacion\/carretillas-de-transporte\/carretilla-manual-con-traccion\/#primaryimage\",\"inLanguage\":\"es\",\"url\":\"https:\/\/chemitool.com\/wp-content\/uploads\/2024\/01\/CHT40103.png\",\"contentUrl\":\"https:\/\/chemitool.com\/wp-content\/uploads\/2024\/01\/CHT40103.png\",\"width\":800,\"height\":800},{\"@type\":\"WebPage\",\"@id\":\"https:\/\/chemitool.com\/es\/products\/tools\/elevacion\/carretillas-de-transporte\/carretilla-manual-con-traccion\/#webpage\",\"url\":\"https:\/\/chemitool.com\/es\/products\/tools\/elevacion\/carretillas-de-transporte\/carretilla-manual-con-traccion\/\",\"name\":\"CARRETILLA MANUAL CON TRACCI\\u00d3N &ndash; Chemitool\",\"isPartOf\":{\"@id\":\"https:\/\/chemitool.com\/#website\"},\"primaryImageOfPage\":{\"@id\":\"https:\/\/chemitool.com\/es\/products\/tools\/elevacion\/carretillas-de-transporte\/carretilla-manual-con-traccion\/#primaryimage\"},\"datePublished\":\"2024-01-10T16:55:05+00:00\",\"dateModified\":\"2024-01-11T16:49:50+00:00\",\"description\":\"Carretilla Manual con Tracci\\u00f3n CHEMITOOL segura para el trabajo y c\\u00f3modo para el mantenimiento. La estructura es compacta y el tama\\u00f1o de montaje es peque\\u00f1o. Es f\\u00e1cil ajustar la separaci\\u00f3n de la brida de la rueda loca seg\\u00fan la anchura de la \\u00f3rbita.\",\"breadcrumb\":{\"@id\":\"https:\/\/chemitool.com\/es\/products\/tools\/elevacion\/carretillas-de-transporte\/carretilla-manual-con-traccion\/#breadcrumb\"},\"inLanguage\":\"es\",\"potentialAction\":[{\"@type\":\"ReadAction\",\"target\":[\"https:\/\/chemitool.com\/es\/products\/tools\/elevacion\/carretillas-de-transporte\/carretilla-manual-con-traccion\/\"]}]},{\"@type\":\"BreadcrumbList\",\"@id\":\"https:\/\/chemitool.com\/es\/products\/tools\/elevacion\/carretillas-de-transporte\/carretilla-manual-con-traccion\/#breadcrumb\",\"itemListElement\":[{\"@type\":\"ListItem\",\"position\":1,\"name\":\"Home\",\"item\":\"https:\/\/chemitool.com\/es\/\"},{\"@type\":\"ListItem\",\"position\":2,\"name\":\"Productos\",\"item\":\"https:\/\/chemitool.com\/es\/productos\/\"},{\"@type\":\"ListItem\",\"position\":3,\"name\":\"CHEMICALS\",\"item\":\"https:\/\/chemitool.com\/es\/categoria-producto\/chemicals\/\"},{\"@type\":\"ListItem\",\"position\":4,\"name\":\"CARRETILLA MANUAL CON TRACCI\\u00d3N\"}]}]}<\/script>\n<!-- \/ Yoast SEO plugin. -->","yoast_head_json":{"title":"CARRETILLA MANUAL CON TRACCI\u00d3N &ndash; Chemitool","description":"Carretilla Manual con Tracci\u00f3n CHEMITOOL segura para el trabajo y c\u00f3modo para el mantenimiento. La estructura es compacta y el tama\u00f1o de montaje es peque\u00f1o. Es f\u00e1cil ajustar la separaci\u00f3n de la brida de la rueda loca seg\u00fan la anchura de la \u00f3rbita.","robots":{"index":"index","follow":"follow","max-snippet":"max-snippet:-1","max-image-preview":"max-image-preview:large","max-video-preview":"max-video-preview:-1"},"canonical":"https:\/\/chemitool.com\/es\/products\/tools\/elevacion\/carretillas-de-transporte\/carretilla-manual-con-traccion\/","og_locale":"es_ES","og_type":"article","og_title":"CARRETILLA MANUAL CON TRACCI\u00d3N &ndash; Chemitool","og_description":"Carretilla Manual con Tracci\u00f3n CHEMITOOL segura para el trabajo y c\u00f3modo para el mantenimiento. La estructura es compacta y el tama\u00f1o de montaje es peque\u00f1o. Es f\u00e1cil ajustar la separaci\u00f3n de la brida de la rueda loca seg\u00fan la anchura de la \u00f3rbita.","og_url":"https:\/\/chemitool.com\/es\/products\/tools\/elevacion\/carretillas-de-transporte\/carretilla-manual-con-traccion\/","og_site_name":"Chemitool","article_publisher":"https:\/\/www.facebook.com\/chemitool","article_modified_time":"2024-01-11T16:49:50+00:00","og_image":[{"width":800,"height":800,"url":"https:\/\/chemitool.com\/wp-content\/uploads\/2024\/01\/CHT40103.png","type":"image\/png"}],"twitter_card":"summary_large_image","schema":{"@context":"https:\/\/schema.org","@graph":[{"@type":"Organization","@id":"https:\/\/chemitool.com\/#organization","name":"Chemitool","url":"https:\/\/chemitool.com\/","sameAs":["https:\/\/www.facebook.com\/chemitool","https:\/\/www.instagram.com\/chemitool\/"],"logo":{"@type":"ImageObject","@id":"https:\/\/chemitool.com\/#logo","inLanguage":"es","url":"https:\/\/chemitool.com\/wp-content\/uploads\/2020\/10\/logo_chemitool.png","contentUrl":"https:\/\/chemitool.com\/wp-content\/uploads\/2020\/10\/logo_chemitool.png","width":400,"height":400,"caption":"Chemitool"},"image":{"@id":"https:\/\/chemitool.com\/#logo"}},{"@type":"WebSite","@id":"https:\/\/chemitool.com\/#website","url":"https:\/\/chemitool.com\/","name":"Chemitool","description":"Chemitool - hardware and tools","publisher":{"@id":"https:\/\/chemitool.com\/#organization"},"potentialAction":[{"@type":"SearchAction","target":{"@type":"EntryPoint","urlTemplate":"https:\/\/chemitool.com\/?s={search_term_string}"},"query-input":"required name=search_term_string"}],"inLanguage":"es"},{"@type":"ImageObject","@id":"https:\/\/chemitool.com\/es\/products\/tools\/elevacion\/carretillas-de-transporte\/carretilla-manual-con-traccion\/#primaryimage","inLanguage":"es","url":"https:\/\/chemitool.com\/wp-content\/uploads\/2024\/01\/CHT40103.png","contentUrl":"https:\/\/chemitool.com\/wp-content\/uploads\/2024\/01\/CHT40103.png","width":800,"height":800},{"@type":"WebPage","@id":"https:\/\/chemitool.com\/es\/products\/tools\/elevacion\/carretillas-de-transporte\/carretilla-manual-con-traccion\/#webpage","url":"https:\/\/chemitool.com\/es\/products\/tools\/elevacion\/carretillas-de-transporte\/carretilla-manual-con-traccion\/","name":"CARRETILLA MANUAL CON TRACCI\u00d3N &ndash; Chemitool","isPartOf":{"@id":"https:\/\/chemitool.com\/#website"},"primaryImageOfPage":{"@id":"https:\/\/chemitool.com\/es\/products\/tools\/elevacion\/carretillas-de-transporte\/carretilla-manual-con-traccion\/#primaryimage"},"datePublished":"2024-01-10T16:55:05+00:00","dateModified":"2024-01-11T16:49:50+00:00","description":"Carretilla Manual con Tracci\u00f3n CHEMITOOL segura para el trabajo y c\u00f3modo para el mantenimiento. La estructura es compacta y el tama\u00f1o de montaje es peque\u00f1o. Es f\u00e1cil ajustar la separaci\u00f3n de la brida de la rueda loca seg\u00fan la anchura de la \u00f3rbita.","breadcrumb":{"@id":"https:\/\/chemitool.com\/es\/products\/tools\/elevacion\/carretillas-de-transporte\/carretilla-manual-con-traccion\/#breadcrumb"},"inLanguage":"es","potentialAction":[{"@type":"ReadAction","target":["https:\/\/chemitool.com\/es\/products\/tools\/elevacion\/carretillas-de-transporte\/carretilla-manual-con-traccion\/"]}]},{"@type":"BreadcrumbList","@id":"https:\/\/chemitool.com\/es\/products\/tools\/elevacion\/carretillas-de-transporte\/carretilla-manual-con-traccion\/#breadcrumb","itemListElement":[{"@type":"ListItem","position":1,"name":"Home","item":"https:\/\/chemitool.com\/es\/"},{"@type":"ListItem","position":2,"name":"Productos","item":"https:\/\/chemitool.com\/es\/productos\/"},{"@type":"ListItem","position":3,"name":"CHEMICALS","item":"https:\/\/chemitool.com\/es\/categoria-producto\/chemicals\/"},{"@type":"ListItem","position":4,"name":"CARRETILLA MANUAL CON TRACCI\u00d3N"}]}]}},"_links":{"self":[{"href":"https:\/\/chemitool.com\/es\/wp-json\/wp\/v2\/product\/36787"}],"collection":[{"href":"https:\/\/chemitool.com\/es\/wp-json\/wp\/v2\/product"}],"about":[{"href":"https:\/\/chemitool.com\/es\/wp-json\/wp\/v2\/types\/product"}],"wp:featuredmedia":[{"embeddable":true,"href":"https:\/\/chemitool.com\/es\/wp-json\/wp\/v2\/media\/36803"}],"wp:attachment":[{"href":"https:\/\/chemitool.com\/es\/wp-json\/wp\/v2\/media?parent=36787"}],"wp:term":[{"taxonomy":"product_cat","embeddable":true,"href":"https:\/\/chemitool.com\/es\/wp-json\/wp\/v2\/product_cat?post=36787"},{"taxonomy":"product_tag","embeddable":true,"href":"https:\/\/chemitool.com\/es\/wp-json\/wp\/v2\/product_tag?post=36787"}],"curies":[{"name":"wp","href":"https:\/\/api.w.org\/{rel}","templated":true}]}}