{"id":36714,"date":"2024-01-03T10:45:05","date_gmt":"2024-01-03T10:45:06","guid":{"rendered":"https:\/\/chemitool.com\/?post_type=product&#038;p=36714"},"modified":"2024-01-05T17:58:25","modified_gmt":"2024-01-05T17:58:25","slug":"chaqueta-impermeable-renegade","status":"publish","type":"product","link":"https:\/\/chemitool.com\/es\/products\/safety\/ropa-de-trabajo\/chaqueta-impermeable-renegade\/","title":{"rendered":"CHAQUETA IMPERMEABLE RENEGADE"},"content":{"rendered":"<ul>\n<li>Impermeable<\/li>\n<li>Aislamiento t\u00e9rmico<\/li>\n<li>Aislamiento del viento<\/li>\n<li>Multibolsillos<\/li>\n<li>Capucha oculta<\/li>\n<li>Bolsillo para celular<\/li>\n<\/ul>\n<p><img class=\"alignnone size-full wp-image-24591\" src=\"https:\/\/chemitool.com\/wp-content\/uploads\/2022\/07\/REGULAR-FIT.png\" alt=\"\" width=\"85\" height=\"97\" \/><img class=\"alignnone size-full wp-image-15347\" src=\"https:\/\/chemitool.com\/wp-content\/uploads\/2021\/09\/WATERPROOF-FABRIC.png\" alt=\"\" width=\"85\" height=\"97\" \/><img class=\"alignnone size-full wp-image-24600\" src=\"https:\/\/chemitool.com\/wp-content\/uploads\/2022\/07\/WINDPROOF.png\" alt=\"\" width=\"85\" height=\"97\" \/><img class=\"alignnone size-full wp-image-36716\" src=\"https:\/\/chemitool.com\/wp-content\/uploads\/2024\/01\/INSULATED-2.png\" alt=\"\" width=\"85\" height=\"97\" \/><\/p>\n<p><img class=\"alignnone wp-image-36722 size-full\" src=\"https:\/\/chemitool.com\/wp-content\/uploads\/2024\/01\/LOCK-SYSTEM-1-1.png\" alt=\"\" width=\"85\" height=\"97\" \/><img class=\"alignnone wp-image-15335 size-full\" src=\"https:\/\/chemitool.com\/wp-content\/uploads\/2021\/09\/MODELLO-COMUNITARIO-REGISTRATO-2.png\" alt=\"\" width=\"85\" height=\"97\" \/><img class=\"alignnone wp-image-15386\" src=\"https:\/\/chemitool.com\/wp-content\/uploads\/2021\/09\/CE_CAT1.png\" alt=\"\" width=\"86\" height=\"97\" \/><\/p>\n","protected":false},"excerpt":{"rendered":"<p><em>Chaqueta Impermeable Renegade CHEMITOOL\u00a0<\/em>es una chaqueta unisex, cremallera de pl\u00e1stico de 8 mm con cursor de metal, capucha plegable en el cuello, pu\u00f1os el\u00e1sticos con sistema de ajuste, dos amplios bolsillos delanteros con Lock-System, dos bolsillos laterales, bolsillo para tel\u00e9fono m\u00f3vil a la altura del pecho. Interior:acolchado, cremallera para facilitar la impresi\u00f3n y el bordado.<\/p>\n","protected":false},"featured_media":36701,"template":"","meta":[],"product_cat":[1454,3464],"product_tag":[],"yoast_head":"<!-- This site is optimized with the Yoast SEO plugin v17.4 - https:\/\/yoast.com\/wordpress\/plugins\/seo\/ -->\n<title>CHAQUETA IMPERMEABLE RENEGADE &ndash; Chemitool<\/title>\n<meta name=\"description\" content=\"Chaqueta Impermeable Renegade CHEMITOOL\u00a0es una chaqueta unisex, cremallera de pl\u00e1stico de 8 mm con cursor de metal, capucha plegable en el cuello, pu\u00f1os el\u00e1sticos con sistema de ajuste, dos amplios bolsillos delanteros con Lock-System, dos bolsillos laterales, bolsillo para tel\u00e9fono m\u00f3vil a la altura del pecho. Interior:acolchado, cremallera para facilitar la impresi\u00f3n y el bordado.\" \/>\n<meta name=\"robots\" content=\"index, follow, max-snippet:-1, max-image-preview:large, max-video-preview:-1\" \/>\n<link rel=\"canonical\" href=\"https:\/\/chemitool.com\/es\/products\/safety\/ropa-de-trabajo\/chaqueta-impermeable-renegade\/\" \/>\n<meta property=\"og:locale\" content=\"es_ES\" \/>\n<meta property=\"og:type\" content=\"article\" \/>\n<meta property=\"og:title\" content=\"CHAQUETA IMPERMEABLE RENEGADE &ndash; Chemitool\" \/>\n<meta property=\"og:description\" content=\"Chaqueta Impermeable Renegade CHEMITOOL\u00a0es una chaqueta unisex, cremallera de pl\u00e1stico de 8 mm con cursor de metal, capucha plegable en el cuello, pu\u00f1os el\u00e1sticos con sistema de ajuste, dos amplios bolsillos delanteros con Lock-System, dos bolsillos laterales, bolsillo para tel\u00e9fono m\u00f3vil a la altura del pecho. Interior:acolchado, cremallera para facilitar la impresi\u00f3n y el bordado.\" \/>\n<meta property=\"og:url\" content=\"https:\/\/chemitool.com\/es\/products\/safety\/ropa-de-trabajo\/chaqueta-impermeable-renegade\/\" \/>\n<meta property=\"og:site_name\" content=\"Chemitool\" \/>\n<meta property=\"article:publisher\" content=\"https:\/\/www.facebook.com\/chemitool\" \/>\n<meta property=\"article:modified_time\" content=\"2024-01-05T17:58:25+00:00\" \/>\n<meta property=\"og:image\" content=\"https:\/\/chemitool.com\/wp-content\/uploads\/2024\/01\/P08710051_navy_blue.png\" \/>\n\t<meta property=\"og:image:width\" content=\"800\" \/>\n\t<meta property=\"og:image:height\" content=\"800\" \/>\n<meta name=\"twitter:card\" content=\"summary_large_image\" \/>\n<script type=\"application\/ld+json\" class=\"yoast-schema-graph\">{\"@context\":\"https:\/\/schema.org\",\"@graph\":[{\"@type\":\"Organization\",\"@id\":\"https:\/\/chemitool.com\/#organization\",\"name\":\"Chemitool\",\"url\":\"https:\/\/chemitool.com\/\",\"sameAs\":[\"https:\/\/www.facebook.com\/chemitool\",\"https:\/\/www.instagram.com\/chemitool\/\"],\"logo\":{\"@type\":\"ImageObject\",\"@id\":\"https:\/\/chemitool.com\/#logo\",\"inLanguage\":\"es\",\"url\":\"https:\/\/chemitool.com\/wp-content\/uploads\/2020\/10\/logo_chemitool.png\",\"contentUrl\":\"https:\/\/chemitool.com\/wp-content\/uploads\/2020\/10\/logo_chemitool.png\",\"width\":400,\"height\":400,\"caption\":\"Chemitool\"},\"image\":{\"@id\":\"https:\/\/chemitool.com\/#logo\"}},{\"@type\":\"WebSite\",\"@id\":\"https:\/\/chemitool.com\/#website\",\"url\":\"https:\/\/chemitool.com\/\",\"name\":\"Chemitool\",\"description\":\"Chemitool - hardware and tools\",\"publisher\":{\"@id\":\"https:\/\/chemitool.com\/#organization\"},\"potentialAction\":[{\"@type\":\"SearchAction\",\"target\":{\"@type\":\"EntryPoint\",\"urlTemplate\":\"https:\/\/chemitool.com\/?s={search_term_string}\"},\"query-input\":\"required name=search_term_string\"}],\"inLanguage\":\"es\"},{\"@type\":\"ImageObject\",\"@id\":\"https:\/\/chemitool.com\/es\/products\/safety\/ropa-de-trabajo\/chaqueta-impermeable-renegade\/#primaryimage\",\"inLanguage\":\"es\",\"url\":\"https:\/\/chemitool.com\/wp-content\/uploads\/2024\/01\/P08710051_navy_blue.png\",\"contentUrl\":\"https:\/\/chemitool.com\/wp-content\/uploads\/2024\/01\/P08710051_navy_blue.png\",\"width\":800,\"height\":800},{\"@type\":\"WebPage\",\"@id\":\"https:\/\/chemitool.com\/es\/products\/safety\/ropa-de-trabajo\/chaqueta-impermeable-renegade\/#webpage\",\"url\":\"https:\/\/chemitool.com\/es\/products\/safety\/ropa-de-trabajo\/chaqueta-impermeable-renegade\/\",\"name\":\"CHAQUETA IMPERMEABLE RENEGADE &ndash; Chemitool\",\"isPartOf\":{\"@id\":\"https:\/\/chemitool.com\/#website\"},\"primaryImageOfPage\":{\"@id\":\"https:\/\/chemitool.com\/es\/products\/safety\/ropa-de-trabajo\/chaqueta-impermeable-renegade\/#primaryimage\"},\"datePublished\":\"2024-01-03T10:45:06+00:00\",\"dateModified\":\"2024-01-05T17:58:25+00:00\",\"description\":\"Chaqueta Impermeable Renegade CHEMITOOL\\u00a0es una chaqueta unisex, cremallera de pl\\u00e1stico de 8 mm con cursor de metal, capucha plegable en el cuello, pu\\u00f1os el\\u00e1sticos con sistema de ajuste, dos amplios bolsillos delanteros con Lock-System, dos bolsillos laterales, bolsillo para tel\\u00e9fono m\\u00f3vil a la altura del pecho. Interior:acolchado, cremallera para facilitar la impresi\\u00f3n y el bordado.\",\"breadcrumb\":{\"@id\":\"https:\/\/chemitool.com\/es\/products\/safety\/ropa-de-trabajo\/chaqueta-impermeable-renegade\/#breadcrumb\"},\"inLanguage\":\"es\",\"potentialAction\":[{\"@type\":\"ReadAction\",\"target\":[\"https:\/\/chemitool.com\/es\/products\/safety\/ropa-de-trabajo\/chaqueta-impermeable-renegade\/\"]}]},{\"@type\":\"BreadcrumbList\",\"@id\":\"https:\/\/chemitool.com\/es\/products\/safety\/ropa-de-trabajo\/chaqueta-impermeable-renegade\/#breadcrumb\",\"itemListElement\":[{\"@type\":\"ListItem\",\"position\":1,\"name\":\"Home\",\"item\":\"https:\/\/chemitool.com\/es\/\"},{\"@type\":\"ListItem\",\"position\":2,\"name\":\"Productos\",\"item\":\"https:\/\/chemitool.com\/es\/productos\/\"},{\"@type\":\"ListItem\",\"position\":3,\"name\":\"Safety\",\"item\":\"https:\/\/chemitool.com\/es\/categoria-producto\/safety\/\"},{\"@type\":\"ListItem\",\"position\":4,\"name\":\"Ropa de Trabajo\",\"item\":\"https:\/\/chemitool.com\/es\/categoria-producto\/safety\/ropa-de-trabajo\/\"},{\"@type\":\"ListItem\",\"position\":5,\"name\":\"CHAQUETA IMPERMEABLE RENEGADE\"}]}]}<\/script>\n<!-- \/ Yoast SEO plugin. -->","yoast_head_json":{"title":"CHAQUETA IMPERMEABLE RENEGADE &ndash; Chemitool","description":"Chaqueta Impermeable Renegade CHEMITOOL\u00a0es una chaqueta unisex, cremallera de pl\u00e1stico de 8 mm con cursor de metal, capucha plegable en el cuello, pu\u00f1os el\u00e1sticos con sistema de ajuste, dos amplios bolsillos delanteros con Lock-System, dos bolsillos laterales, bolsillo para tel\u00e9fono m\u00f3vil a la altura del pecho. Interior:acolchado, cremallera para facilitar la impresi\u00f3n y el bordado.","robots":{"index":"index","follow":"follow","max-snippet":"max-snippet:-1","max-image-preview":"max-image-preview:large","max-video-preview":"max-video-preview:-1"},"canonical":"https:\/\/chemitool.com\/es\/products\/safety\/ropa-de-trabajo\/chaqueta-impermeable-renegade\/","og_locale":"es_ES","og_type":"article","og_title":"CHAQUETA IMPERMEABLE RENEGADE &ndash; Chemitool","og_description":"Chaqueta Impermeable Renegade CHEMITOOL\u00a0es una chaqueta unisex, cremallera de pl\u00e1stico de 8 mm con cursor de metal, capucha plegable en el cuello, pu\u00f1os el\u00e1sticos con sistema de ajuste, dos amplios bolsillos delanteros con Lock-System, dos bolsillos laterales, bolsillo para tel\u00e9fono m\u00f3vil a la altura del pecho. Interior:acolchado, cremallera para facilitar la impresi\u00f3n y el bordado.","og_url":"https:\/\/chemitool.com\/es\/products\/safety\/ropa-de-trabajo\/chaqueta-impermeable-renegade\/","og_site_name":"Chemitool","article_publisher":"https:\/\/www.facebook.com\/chemitool","article_modified_time":"2024-01-05T17:58:25+00:00","og_image":[{"width":800,"height":800,"url":"https:\/\/chemitool.com\/wp-content\/uploads\/2024\/01\/P08710051_navy_blue.png","type":"image\/png"}],"twitter_card":"summary_large_image","schema":{"@context":"https:\/\/schema.org","@graph":[{"@type":"Organization","@id":"https:\/\/chemitool.com\/#organization","name":"Chemitool","url":"https:\/\/chemitool.com\/","sameAs":["https:\/\/www.facebook.com\/chemitool","https:\/\/www.instagram.com\/chemitool\/"],"logo":{"@type":"ImageObject","@id":"https:\/\/chemitool.com\/#logo","inLanguage":"es","url":"https:\/\/chemitool.com\/wp-content\/uploads\/2020\/10\/logo_chemitool.png","contentUrl":"https:\/\/chemitool.com\/wp-content\/uploads\/2020\/10\/logo_chemitool.png","width":400,"height":400,"caption":"Chemitool"},"image":{"@id":"https:\/\/chemitool.com\/#logo"}},{"@type":"WebSite","@id":"https:\/\/chemitool.com\/#website","url":"https:\/\/chemitool.com\/","name":"Chemitool","description":"Chemitool - hardware and tools","publisher":{"@id":"https:\/\/chemitool.com\/#organization"},"potentialAction":[{"@type":"SearchAction","target":{"@type":"EntryPoint","urlTemplate":"https:\/\/chemitool.com\/?s={search_term_string}"},"query-input":"required name=search_term_string"}],"inLanguage":"es"},{"@type":"ImageObject","@id":"https:\/\/chemitool.com\/es\/products\/safety\/ropa-de-trabajo\/chaqueta-impermeable-renegade\/#primaryimage","inLanguage":"es","url":"https:\/\/chemitool.com\/wp-content\/uploads\/2024\/01\/P08710051_navy_blue.png","contentUrl":"https:\/\/chemitool.com\/wp-content\/uploads\/2024\/01\/P08710051_navy_blue.png","width":800,"height":800},{"@type":"WebPage","@id":"https:\/\/chemitool.com\/es\/products\/safety\/ropa-de-trabajo\/chaqueta-impermeable-renegade\/#webpage","url":"https:\/\/chemitool.com\/es\/products\/safety\/ropa-de-trabajo\/chaqueta-impermeable-renegade\/","name":"CHAQUETA IMPERMEABLE RENEGADE &ndash; Chemitool","isPartOf":{"@id":"https:\/\/chemitool.com\/#website"},"primaryImageOfPage":{"@id":"https:\/\/chemitool.com\/es\/products\/safety\/ropa-de-trabajo\/chaqueta-impermeable-renegade\/#primaryimage"},"datePublished":"2024-01-03T10:45:06+00:00","dateModified":"2024-01-05T17:58:25+00:00","description":"Chaqueta Impermeable Renegade CHEMITOOL\u00a0es una chaqueta unisex, cremallera de pl\u00e1stico de 8 mm con cursor de metal, capucha plegable en el cuello, pu\u00f1os el\u00e1sticos con sistema de ajuste, dos amplios bolsillos delanteros con Lock-System, dos bolsillos laterales, bolsillo para tel\u00e9fono m\u00f3vil a la altura del pecho. Interior:acolchado, cremallera para facilitar la impresi\u00f3n y el bordado.","breadcrumb":{"@id":"https:\/\/chemitool.com\/es\/products\/safety\/ropa-de-trabajo\/chaqueta-impermeable-renegade\/#breadcrumb"},"inLanguage":"es","potentialAction":[{"@type":"ReadAction","target":["https:\/\/chemitool.com\/es\/products\/safety\/ropa-de-trabajo\/chaqueta-impermeable-renegade\/"]}]},{"@type":"BreadcrumbList","@id":"https:\/\/chemitool.com\/es\/products\/safety\/ropa-de-trabajo\/chaqueta-impermeable-renegade\/#breadcrumb","itemListElement":[{"@type":"ListItem","position":1,"name":"Home","item":"https:\/\/chemitool.com\/es\/"},{"@type":"ListItem","position":2,"name":"Productos","item":"https:\/\/chemitool.com\/es\/productos\/"},{"@type":"ListItem","position":3,"name":"Safety","item":"https:\/\/chemitool.com\/es\/categoria-producto\/safety\/"},{"@type":"ListItem","position":4,"name":"Ropa de Trabajo","item":"https:\/\/chemitool.com\/es\/categoria-producto\/safety\/ropa-de-trabajo\/"},{"@type":"ListItem","position":5,"name":"CHAQUETA IMPERMEABLE RENEGADE"}]}]}},"_links":{"self":[{"href":"https:\/\/chemitool.com\/es\/wp-json\/wp\/v2\/product\/36714"}],"collection":[{"href":"https:\/\/chemitool.com\/es\/wp-json\/wp\/v2\/product"}],"about":[{"href":"https:\/\/chemitool.com\/es\/wp-json\/wp\/v2\/types\/product"}],"wp:featuredmedia":[{"embeddable":true,"href":"https:\/\/chemitool.com\/es\/wp-json\/wp\/v2\/media\/36701"}],"wp:attachment":[{"href":"https:\/\/chemitool.com\/es\/wp-json\/wp\/v2\/media?parent=36714"}],"wp:term":[{"taxonomy":"product_cat","embeddable":true,"href":"https:\/\/chemitool.com\/es\/wp-json\/wp\/v2\/product_cat?post=36714"},{"taxonomy":"product_tag","embeddable":true,"href":"https:\/\/chemitool.com\/es\/wp-json\/wp\/v2\/product_tag?post=36714"}],"curies":[{"name":"wp","href":"https:\/\/api.w.org\/{rel}","templated":true}]}}