{"id":3670,"date":"2020-03-30T10:21:08","date_gmt":"2020-03-30T10:21:08","guid":{"rendered":"https:\/\/chemitool.com\/products\/sin%20categor\u00eda\/espuma-poliuretano-chemifoam\/"},"modified":"2025-10-09T10:24:38","modified_gmt":"2025-10-09T10:24:38","slug":"espuma-poliuretano-teja-chemifoam","status":"publish","type":"product","link":"https:\/\/chemitool.com\/es\/products\/chemicals\/espumas-de-poliuretano\/espuma-poliuretano-teja-chemifoam\/","title":{"rendered":"ESPUMA POLIURETANO TEJA CHEMIFOAM"},"content":{"rendered":"<p><strong>VENTAJAS<\/strong><\/p>\n<ul>\n<li>Calidad profesional<\/li>\n<li>Reemplazo de clavos, tornillos y masillas<\/li>\n<li>F\u00e1cil aplicaci\u00f3n y reutilizaci\u00f3n<\/li>\n<li>Baja expansi\u00f3n<\/li>\n<li>Excelente adherencia sobre cualquier material utilizado en revestimientos<\/li>\n<li>Se endurece r\u00e1pidamente<\/li>\n<li>Resistente a la humedad y bajas temperaturas<\/li>\n<li>Proporciona aislamiento t\u00e9rmico adicional<\/li>\n<li>No se encoge<\/li>\n<li>Pintable<\/li>\n<li>Una lata cubre aproximadamente de 7 a 10m2 de techo<\/li>\n<\/ul>\n<p><strong>INDICACIONES<\/strong><\/p>\n<p>Almacenar en un ambiente fresco, seco y bien ventilado entre +5\u00b0C y +25\u00b0C, lejos de fuentes de calor y humedad.<br \/>\nDebe almacenarse y transportarse en posici\u00f3n vertical. Almacenar en un ambiente fresco, seco y bien ventilado entre +5\u00b0C y +25\u00b0C, lejos de fuentes de calor y humedad. El almacenamiento fuera de estas condiciones acorta la vida \u00fatil. Vida \u00fatil 24 meses.<\/p>\n","protected":false},"excerpt":{"rendered":"<p><em>Espuma Poliuretano Teja CHEMIFOAM<\/em>, de curado en contacto con la humedad ambiental, utilizada para el montaje y colocaci\u00f3n de baldosas. Posee baja expansi\u00f3n y excelente adherencia a cualquier material utilizado en techado. Se utiliza como sustituto de los morteros a base de cemento, ofreciendo una mejor calidad, adem\u00e1s de ser m\u00e1s r\u00e1pido y econ\u00f3mico.<\/p>\n","protected":false},"featured_media":32667,"template":"","meta":[],"product_cat":[1209,1224],"product_tag":[114],"yoast_head":"<!-- This site is optimized with the Yoast SEO plugin v17.4 - https:\/\/yoast.com\/wordpress\/plugins\/seo\/ -->\n<title>ESPUMA POLIURETANO TEJA CHEMIFOAM &ndash; Chemitool<\/title>\n<meta name=\"description\" content=\"Espuma Poliuretano Teja CHEMIFOAM, de curado en contacto con la humedad ambiental, utilizada para el montaje y colocaci\u00f3n de baldosas. Posee baja expansi\u00f3n y excelente adherencia a cualquier material utilizado en techado. Se utiliza como sustituto de los morteros a base de cemento, ofreciendo una mejor calidad, adem\u00e1s de ser m\u00e1s r\u00e1pido y econ\u00f3mico.\" \/>\n<meta name=\"robots\" content=\"index, follow, max-snippet:-1, max-image-preview:large, max-video-preview:-1\" \/>\n<link rel=\"canonical\" href=\"https:\/\/chemitool.com\/es\/products\/chemical-products\/polyurethane-foam\/chemifoam-polyurethane-foam-tile\/\" \/>\n<meta property=\"og:locale\" content=\"es_ES\" \/>\n<meta property=\"og:type\" content=\"article\" \/>\n<meta property=\"og:title\" content=\"ESPUMA POLIURETANO TEJA CHEMIFOAM &ndash; Chemitool\" \/>\n<meta property=\"og:description\" content=\"Espuma Poliuretano Teja CHEMIFOAM, de curado en contacto con la humedad ambiental, utilizada para el montaje y colocaci\u00f3n de baldosas. Posee baja expansi\u00f3n y excelente adherencia a cualquier material utilizado en techado. Se utiliza como sustituto de los morteros a base de cemento, ofreciendo una mejor calidad, adem\u00e1s de ser m\u00e1s r\u00e1pido y econ\u00f3mico.\" \/>\n<meta property=\"og:url\" content=\"https:\/\/chemitool.com\/products\/chemical-products\/polyurethane-foam\/chemifoam-polyurethane-foam-tile\/\" \/>\n<meta property=\"og:site_name\" content=\"Chemitool\" \/>\n<meta property=\"article:publisher\" content=\"https:\/\/www.facebook.com\/chemitool\" \/>\n<meta property=\"article:modified_time\" content=\"2025-10-09T10:24:38+00:00\" \/>\n<meta property=\"og:image\" content=\"https:\/\/chemitool.com\/wp-content\/uploads\/2020\/03\/CH06011001.png\" \/>\n\t<meta property=\"og:image:width\" content=\"800\" \/>\n\t<meta property=\"og:image:height\" content=\"800\" \/>\n<meta name=\"twitter:card\" content=\"summary_large_image\" \/>\n<meta name=\"twitter:label1\" content=\"Tiempo de lectura\" \/>\n\t<meta name=\"twitter:data1\" content=\"1 minuto\" \/>\n<script type=\"application\/ld+json\" class=\"yoast-schema-graph\">{\"@context\":\"https:\/\/schema.org\",\"@graph\":[{\"@type\":\"Organization\",\"@id\":\"https:\/\/chemitool.com\/#organization\",\"name\":\"Chemitool\",\"url\":\"https:\/\/chemitool.com\/\",\"sameAs\":[\"https:\/\/www.facebook.com\/chemitool\",\"https:\/\/www.instagram.com\/chemitool\/\"],\"logo\":{\"@type\":\"ImageObject\",\"@id\":\"https:\/\/chemitool.com\/#logo\",\"inLanguage\":\"es\",\"url\":\"https:\/\/chemitool.com\/wp-content\/uploads\/2020\/10\/logo_chemitool.png\",\"contentUrl\":\"https:\/\/chemitool.com\/wp-content\/uploads\/2020\/10\/logo_chemitool.png\",\"width\":400,\"height\":400,\"caption\":\"Chemitool\"},\"image\":{\"@id\":\"https:\/\/chemitool.com\/#logo\"}},{\"@type\":\"WebSite\",\"@id\":\"https:\/\/chemitool.com\/#website\",\"url\":\"https:\/\/chemitool.com\/\",\"name\":\"Chemitool\",\"description\":\"Chemitool - hardware and tools\",\"publisher\":{\"@id\":\"https:\/\/chemitool.com\/#organization\"},\"potentialAction\":[{\"@type\":\"SearchAction\",\"target\":{\"@type\":\"EntryPoint\",\"urlTemplate\":\"https:\/\/chemitool.com\/?s={search_term_string}\"},\"query-input\":\"required name=search_term_string\"}],\"inLanguage\":\"es\"},{\"@type\":\"ImageObject\",\"@id\":\"https:\/\/chemitool.com\/products\/chemical-products\/polyurethane-foam\/chemifoam-polyurethane-foam-tile\/#primaryimage\",\"inLanguage\":\"es\",\"url\":\"https:\/\/chemitool.com\/wp-content\/uploads\/2020\/03\/CH06011001.png\",\"contentUrl\":\"https:\/\/chemitool.com\/wp-content\/uploads\/2020\/03\/CH06011001.png\",\"width\":800,\"height\":800},{\"@type\":\"WebPage\",\"@id\":\"https:\/\/chemitool.com\/products\/chemical-products\/polyurethane-foam\/chemifoam-polyurethane-foam-tile\/#webpage\",\"url\":\"https:\/\/chemitool.com\/products\/chemical-products\/polyurethane-foam\/chemifoam-polyurethane-foam-tile\/\",\"name\":\"ESPUMA POLIURETANO TEJA CHEMIFOAM &ndash; Chemitool\",\"isPartOf\":{\"@id\":\"https:\/\/chemitool.com\/#website\"},\"primaryImageOfPage\":{\"@id\":\"https:\/\/chemitool.com\/products\/chemical-products\/polyurethane-foam\/chemifoam-polyurethane-foam-tile\/#primaryimage\"},\"datePublished\":\"2020-03-30T10:21:08+00:00\",\"dateModified\":\"2025-10-09T10:24:38+00:00\",\"description\":\"Espuma Poliuretano Teja CHEMIFOAM, de curado en contacto con la humedad ambiental, utilizada para el montaje y colocaci\\u00f3n de baldosas. Posee baja expansi\\u00f3n y excelente adherencia a cualquier material utilizado en techado. Se utiliza como sustituto de los morteros a base de cemento, ofreciendo una mejor calidad, adem\\u00e1s de ser m\\u00e1s r\\u00e1pido y econ\\u00f3mico.\",\"breadcrumb\":{\"@id\":\"https:\/\/chemitool.com\/products\/chemical-products\/polyurethane-foam\/chemifoam-polyurethane-foam-tile\/#breadcrumb\"},\"inLanguage\":\"es\",\"potentialAction\":[{\"@type\":\"ReadAction\",\"target\":[\"https:\/\/chemitool.com\/products\/chemical-products\/polyurethane-foam\/chemifoam-polyurethane-foam-tile\/\"]}]},{\"@type\":\"BreadcrumbList\",\"@id\":\"https:\/\/chemitool.com\/products\/chemical-products\/polyurethane-foam\/chemifoam-polyurethane-foam-tile\/#breadcrumb\",\"itemListElement\":[{\"@type\":\"ListItem\",\"position\":1,\"name\":\"Home\",\"item\":\"https:\/\/chemitool.com\/es\/\"},{\"@type\":\"ListItem\",\"position\":2,\"name\":\"Productos\",\"item\":\"https:\/\/chemitool.com\/es\/productos\/\"},{\"@type\":\"ListItem\",\"position\":3,\"name\":\"Chemicals\",\"item\":\"https:\/\/chemitool.com\/product-category\/chemical-products\/\"},{\"@type\":\"ListItem\",\"position\":4,\"name\":\"ESPUMA POLIURETANO TEJA CHEMIFOAM\"}]}]}<\/script>\n<!-- \/ Yoast SEO plugin. -->","yoast_head_json":{"title":"ESPUMA POLIURETANO TEJA CHEMIFOAM &ndash; Chemitool","description":"Espuma Poliuretano Teja CHEMIFOAM, de curado en contacto con la humedad ambiental, utilizada para el montaje y colocaci\u00f3n de baldosas. Posee baja expansi\u00f3n y excelente adherencia a cualquier material utilizado en techado. Se utiliza como sustituto de los morteros a base de cemento, ofreciendo una mejor calidad, adem\u00e1s de ser m\u00e1s r\u00e1pido y econ\u00f3mico.","robots":{"index":"index","follow":"follow","max-snippet":"max-snippet:-1","max-image-preview":"max-image-preview:large","max-video-preview":"max-video-preview:-1"},"canonical":"https:\/\/chemitool.com\/es\/products\/chemical-products\/polyurethane-foam\/chemifoam-polyurethane-foam-tile\/","og_locale":"es_ES","og_type":"article","og_title":"ESPUMA POLIURETANO TEJA CHEMIFOAM &ndash; Chemitool","og_description":"Espuma Poliuretano Teja CHEMIFOAM, de curado en contacto con la humedad ambiental, utilizada para el montaje y colocaci\u00f3n de baldosas. Posee baja expansi\u00f3n y excelente adherencia a cualquier material utilizado en techado. Se utiliza como sustituto de los morteros a base de cemento, ofreciendo una mejor calidad, adem\u00e1s de ser m\u00e1s r\u00e1pido y econ\u00f3mico.","og_url":"https:\/\/chemitool.com\/products\/chemical-products\/polyurethane-foam\/chemifoam-polyurethane-foam-tile\/","og_site_name":"Chemitool","article_publisher":"https:\/\/www.facebook.com\/chemitool","article_modified_time":"2025-10-09T10:24:38+00:00","og_image":[{"width":800,"height":800,"url":"https:\/\/chemitool.com\/wp-content\/uploads\/2020\/03\/CH06011001.png","type":"image\/png"}],"twitter_card":"summary_large_image","twitter_misc":{"Tiempo de lectura":"1 minuto"},"schema":{"@context":"https:\/\/schema.org","@graph":[{"@type":"Organization","@id":"https:\/\/chemitool.com\/#organization","name":"Chemitool","url":"https:\/\/chemitool.com\/","sameAs":["https:\/\/www.facebook.com\/chemitool","https:\/\/www.instagram.com\/chemitool\/"],"logo":{"@type":"ImageObject","@id":"https:\/\/chemitool.com\/#logo","inLanguage":"es","url":"https:\/\/chemitool.com\/wp-content\/uploads\/2020\/10\/logo_chemitool.png","contentUrl":"https:\/\/chemitool.com\/wp-content\/uploads\/2020\/10\/logo_chemitool.png","width":400,"height":400,"caption":"Chemitool"},"image":{"@id":"https:\/\/chemitool.com\/#logo"}},{"@type":"WebSite","@id":"https:\/\/chemitool.com\/#website","url":"https:\/\/chemitool.com\/","name":"Chemitool","description":"Chemitool - hardware and tools","publisher":{"@id":"https:\/\/chemitool.com\/#organization"},"potentialAction":[{"@type":"SearchAction","target":{"@type":"EntryPoint","urlTemplate":"https:\/\/chemitool.com\/?s={search_term_string}"},"query-input":"required name=search_term_string"}],"inLanguage":"es"},{"@type":"ImageObject","@id":"https:\/\/chemitool.com\/products\/chemical-products\/polyurethane-foam\/chemifoam-polyurethane-foam-tile\/#primaryimage","inLanguage":"es","url":"https:\/\/chemitool.com\/wp-content\/uploads\/2020\/03\/CH06011001.png","contentUrl":"https:\/\/chemitool.com\/wp-content\/uploads\/2020\/03\/CH06011001.png","width":800,"height":800},{"@type":"WebPage","@id":"https:\/\/chemitool.com\/products\/chemical-products\/polyurethane-foam\/chemifoam-polyurethane-foam-tile\/#webpage","url":"https:\/\/chemitool.com\/products\/chemical-products\/polyurethane-foam\/chemifoam-polyurethane-foam-tile\/","name":"ESPUMA POLIURETANO TEJA CHEMIFOAM &ndash; Chemitool","isPartOf":{"@id":"https:\/\/chemitool.com\/#website"},"primaryImageOfPage":{"@id":"https:\/\/chemitool.com\/products\/chemical-products\/polyurethane-foam\/chemifoam-polyurethane-foam-tile\/#primaryimage"},"datePublished":"2020-03-30T10:21:08+00:00","dateModified":"2025-10-09T10:24:38+00:00","description":"Espuma Poliuretano Teja CHEMIFOAM, de curado en contacto con la humedad ambiental, utilizada para el montaje y colocaci\u00f3n de baldosas. Posee baja expansi\u00f3n y excelente adherencia a cualquier material utilizado en techado. Se utiliza como sustituto de los morteros a base de cemento, ofreciendo una mejor calidad, adem\u00e1s de ser m\u00e1s r\u00e1pido y econ\u00f3mico.","breadcrumb":{"@id":"https:\/\/chemitool.com\/products\/chemical-products\/polyurethane-foam\/chemifoam-polyurethane-foam-tile\/#breadcrumb"},"inLanguage":"es","potentialAction":[{"@type":"ReadAction","target":["https:\/\/chemitool.com\/products\/chemical-products\/polyurethane-foam\/chemifoam-polyurethane-foam-tile\/"]}]},{"@type":"BreadcrumbList","@id":"https:\/\/chemitool.com\/products\/chemical-products\/polyurethane-foam\/chemifoam-polyurethane-foam-tile\/#breadcrumb","itemListElement":[{"@type":"ListItem","position":1,"name":"Home","item":"https:\/\/chemitool.com\/es\/"},{"@type":"ListItem","position":2,"name":"Productos","item":"https:\/\/chemitool.com\/es\/productos\/"},{"@type":"ListItem","position":3,"name":"Chemicals","item":"https:\/\/chemitool.com\/product-category\/chemical-products\/"},{"@type":"ListItem","position":4,"name":"ESPUMA POLIURETANO TEJA CHEMIFOAM"}]}]}},"_links":{"self":[{"href":"https:\/\/chemitool.com\/es\/wp-json\/wp\/v2\/product\/3670"}],"collection":[{"href":"https:\/\/chemitool.com\/es\/wp-json\/wp\/v2\/product"}],"about":[{"href":"https:\/\/chemitool.com\/es\/wp-json\/wp\/v2\/types\/product"}],"wp:featuredmedia":[{"embeddable":true,"href":"https:\/\/chemitool.com\/es\/wp-json\/wp\/v2\/media\/32667"}],"wp:attachment":[{"href":"https:\/\/chemitool.com\/es\/wp-json\/wp\/v2\/media?parent=3670"}],"wp:term":[{"taxonomy":"product_cat","embeddable":true,"href":"https:\/\/chemitool.com\/es\/wp-json\/wp\/v2\/product_cat?post=3670"},{"taxonomy":"product_tag","embeddable":true,"href":"https:\/\/chemitool.com\/es\/wp-json\/wp\/v2\/product_tag?post=3670"}],"curies":[{"name":"wp","href":"https:\/\/api.w.org\/{rel}","templated":true}]}}