{"id":36561,"date":"2023-12-22T11:50:06","date_gmt":"2023-12-22T11:50:14","guid":{"rendered":"https:\/\/chemitool.com\/?post_type=product&#038;p=36561"},"modified":"2024-09-26T11:22:45","modified_gmt":"2024-09-26T11:22:45","slug":"chaqueta-softshell-acolchada-creek-pa","status":"publish","type":"product","link":"https:\/\/chemitool.com\/es\/products\/safety\/ropa-tecnica\/proteccion-contra-el-frio\/chaqueta-softshell-acolchada-creek-pa\/","title":{"rendered":"CHAQUETA SOFTSHELL ACOLCHADA CREEK PAD"},"content":{"rendered":"<ul>\n<li>Aislamiento t\u00e9rmico de nivel 3<\/li>\n<li>Certificado para trabajar en entornos de hasta -5\u00baC<\/li>\n<li>Impermeable<\/li>\n<li>Cortaviento<\/li>\n<li>Transpirable<\/li>\n<li>Strectch<\/li>\n<li>Cuello con forro polar<\/li>\n<li>Multibolsillos<\/li>\n<li>Banda reflectante en espalda y capucha<\/li>\n<\/ul>\n<p><img class=\"alignnone size-full wp-image-15483\" src=\"https:\/\/chemitool.com\/wp-content\/uploads\/2021\/09\/STRETCH.png\" alt=\"\" width=\"85\" height=\"97\" \/><img class=\"alignnone size-full wp-image-15347\" src=\"https:\/\/chemitool.com\/wp-content\/uploads\/2021\/09\/WATERPROOF-FABRIC.png\" alt=\"\" width=\"85\" height=\"97\" \/><img class=\"alignnone size-full wp-image-24600\" src=\"https:\/\/chemitool.com\/wp-content\/uploads\/2022\/07\/WINDPROOF.png\" alt=\"\" width=\"85\" height=\"97\" \/><img class=\"alignnone size-full wp-image-25191\" src=\"https:\/\/chemitool.com\/wp-content\/uploads\/2022\/07\/BREATHABLE-1.png\" alt=\"\" width=\"85\" height=\"97\" \/><img class=\"alignnone size-full wp-image-36657\" src=\"https:\/\/chemitool.com\/wp-content\/uploads\/2023\/12\/INSULATED-3.png\" alt=\"\" width=\"85\" height=\"97\" \/><\/p>\n<p><img class=\"alignnone wp-image-36661 size-full\" src=\"https:\/\/chemitool.com\/wp-content\/uploads\/2023\/12\/3layers_padded-e1704193310745.png\" alt=\"\" width=\"85\" height=\"88\" \/>\u00a0<img class=\"alignnone size-full wp-image-36665\" src=\"https:\/\/chemitool.com\/wp-content\/uploads\/2023\/12\/SBS_Zipper.png\" alt=\"\" width=\"85\" height=\"97\" \/>\u00a0<img class=\"alignnone size-full wp-image-15335\" src=\"https:\/\/chemitool.com\/wp-content\/uploads\/2021\/09\/MODELLO-COMUNITARIO-REGISTRATO-2.png\" alt=\"\" width=\"85\" height=\"97\" \/>\u00a0<img class=\"alignnone wp-image-15160 size-full\" src=\"https:\/\/chemitool.com\/wp-content\/uploads\/2021\/09\/CE_CAT2-1-e1704193399572.png\" alt=\"\" width=\"86\" height=\"97\" \/>\u00a0<img class=\"alignnone wp-image-36672\" src=\"https:\/\/chemitool.com\/wp-content\/uploads\/2023\/12\/249-e1704193869477.png\" alt=\"\" width=\"97\" height=\"97\" \/><\/p>\n","protected":false},"excerpt":{"rendered":"<p><em>Chaqueta Softshell Acolchada Creek Pad CHEMITOOL <\/em>tiene cierre con cremallera SBS con cursor de metal con sistema de bloqueo semiautom\u00e1tico y tirador personalizado. Capucha ajustable con cord\u00f3n y desmontable. Cuello interno con detalles laterales de polar. Bandas retrorreflectantes en el bajo de la espalda y en la parte posterior de la capucha. Pu\u00f1os el\u00e1sticos ajustables con velcro. Dos bolsillos laterales con cremallera, un bolsillo en el pecho con cremallera recubierta y un bolsillo en la manga izquierda con alojamiento para bol\u00edgrafos integrado, cerrado con cremallera. Tiradores fluorescentes. Un bolsillo de oja linterior, cerrado con velcro. Bajo ajustable con topes personalizados. Aislamiento t\u00e9rmico de nivel 3 y certificaci\u00f3n EN14058 para prendas de protecci\u00f3n contra el fr\u00edo de hasta -5\u00baC WP 8000 mm H\u2082O, WVT 5000 g\/m\u00b2 24h.<\/p>\n","protected":false},"featured_media":36571,"template":"","meta":[],"product_cat":[1454,5131,3464],"product_tag":[],"yoast_head":"<!-- This site is optimized with the Yoast SEO plugin v17.4 - https:\/\/yoast.com\/wordpress\/plugins\/seo\/ -->\n<title>CHAQUETA SOFTSHELL ACOLCHADA CREEK PAD &ndash; Chemitool<\/title>\n<meta name=\"description\" content=\"Chaqueta Softshell Acolchada Creek Pad CHEMITOOL tiene cierre con cremallera SBS con cursor de metal con sistema de bloqueo semiautom\u00e1tico y tirador personalizado. Capucha ajustable con cord\u00f3n y desmontable. Cuello interno con detalles laterales de polar. Bandas retrorreflectantes en el bajo de la espalda y en la parte posterior de la capucha. Pu\u00f1os el\u00e1sticos ajustables con velcro. Dos bolsillos laterales con cremallera, un bolsillo en el pecho con cremallera recubierta y un bolsillo en la manga izquierda con alojamiento para bol\u00edgrafos integrado, cerrado con cremallera. Tiradores fluorescentes. Un bolsillo de oja linterior, cerrado con velcro. Bajo ajustable con topes personalizados. Aislamiento t\u00e9rmico de nivel 3 y certificaci\u00f3n EN14058 para prendas de protecci\u00f3n contra el fr\u00edo de hasta -5\u00baC WP 8000 mm H\u2082O, WVT 5000 g\/m\u00b2 24h.\" \/>\n<meta name=\"robots\" content=\"index, follow, max-snippet:-1, max-image-preview:large, max-video-preview:-1\" \/>\n<link rel=\"canonical\" href=\"https:\/\/chemitool.com\/es\/products\/safety\/ropa-tecnica\/proteccion-contra-el-frio\/chaqueta-softshell-acolchada-creek-pa\/\" \/>\n<meta property=\"og:locale\" content=\"es_ES\" \/>\n<meta property=\"og:type\" content=\"article\" \/>\n<meta property=\"og:title\" content=\"CHAQUETA SOFTSHELL ACOLCHADA CREEK PAD &ndash; Chemitool\" \/>\n<meta property=\"og:description\" content=\"Chaqueta Softshell Acolchada Creek Pad CHEMITOOL tiene cierre con cremallera SBS con cursor de metal con sistema de bloqueo semiautom\u00e1tico y tirador personalizado. Capucha ajustable con cord\u00f3n y desmontable. Cuello interno con detalles laterales de polar. Bandas retrorreflectantes en el bajo de la espalda y en la parte posterior de la capucha. Pu\u00f1os el\u00e1sticos ajustables con velcro. Dos bolsillos laterales con cremallera, un bolsillo en el pecho con cremallera recubierta y un bolsillo en la manga izquierda con alojamiento para bol\u00edgrafos integrado, cerrado con cremallera. Tiradores fluorescentes. Un bolsillo de oja linterior, cerrado con velcro. Bajo ajustable con topes personalizados. Aislamiento t\u00e9rmico de nivel 3 y certificaci\u00f3n EN14058 para prendas de protecci\u00f3n contra el fr\u00edo de hasta -5\u00baC WP 8000 mm H\u2082O, WVT 5000 g\/m\u00b2 24h.\" \/>\n<meta property=\"og:url\" content=\"https:\/\/chemitool.com\/es\/products\/safety\/ropa-tecnica\/proteccion-contra-el-frio\/chaqueta-softshell-acolchada-creek-pa\/\" \/>\n<meta property=\"og:site_name\" content=\"Chemitool\" \/>\n<meta property=\"article:publisher\" content=\"https:\/\/www.facebook.com\/chemitool\" \/>\n<meta property=\"article:modified_time\" content=\"2024-09-26T11:22:45+00:00\" \/>\n<meta property=\"og:image\" content=\"https:\/\/chemitool.com\/wp-content\/uploads\/2023\/12\/ps3300489_black.png\" \/>\n\t<meta property=\"og:image:width\" content=\"800\" \/>\n\t<meta property=\"og:image:height\" content=\"800\" \/>\n<meta name=\"twitter:card\" content=\"summary_large_image\" \/>\n<script type=\"application\/ld+json\" class=\"yoast-schema-graph\">{\"@context\":\"https:\/\/schema.org\",\"@graph\":[{\"@type\":\"Organization\",\"@id\":\"https:\/\/chemitool.com\/#organization\",\"name\":\"Chemitool\",\"url\":\"https:\/\/chemitool.com\/\",\"sameAs\":[\"https:\/\/www.facebook.com\/chemitool\",\"https:\/\/www.instagram.com\/chemitool\/\"],\"logo\":{\"@type\":\"ImageObject\",\"@id\":\"https:\/\/chemitool.com\/#logo\",\"inLanguage\":\"es\",\"url\":\"https:\/\/chemitool.com\/wp-content\/uploads\/2020\/10\/logo_chemitool.png\",\"contentUrl\":\"https:\/\/chemitool.com\/wp-content\/uploads\/2020\/10\/logo_chemitool.png\",\"width\":400,\"height\":400,\"caption\":\"Chemitool\"},\"image\":{\"@id\":\"https:\/\/chemitool.com\/#logo\"}},{\"@type\":\"WebSite\",\"@id\":\"https:\/\/chemitool.com\/#website\",\"url\":\"https:\/\/chemitool.com\/\",\"name\":\"Chemitool\",\"description\":\"Chemitool - hardware and tools\",\"publisher\":{\"@id\":\"https:\/\/chemitool.com\/#organization\"},\"potentialAction\":[{\"@type\":\"SearchAction\",\"target\":{\"@type\":\"EntryPoint\",\"urlTemplate\":\"https:\/\/chemitool.com\/?s={search_term_string}\"},\"query-input\":\"required name=search_term_string\"}],\"inLanguage\":\"es\"},{\"@type\":\"ImageObject\",\"@id\":\"https:\/\/chemitool.com\/es\/products\/safety\/ropa-tecnica\/proteccion-contra-el-frio\/chaqueta-softshell-acolchada-creek-pa\/#primaryimage\",\"inLanguage\":\"es\",\"url\":\"https:\/\/chemitool.com\/wp-content\/uploads\/2023\/12\/ps3300489_black.png\",\"contentUrl\":\"https:\/\/chemitool.com\/wp-content\/uploads\/2023\/12\/ps3300489_black.png\",\"width\":800,\"height\":800},{\"@type\":\"WebPage\",\"@id\":\"https:\/\/chemitool.com\/es\/products\/safety\/ropa-tecnica\/proteccion-contra-el-frio\/chaqueta-softshell-acolchada-creek-pa\/#webpage\",\"url\":\"https:\/\/chemitool.com\/es\/products\/safety\/ropa-tecnica\/proteccion-contra-el-frio\/chaqueta-softshell-acolchada-creek-pa\/\",\"name\":\"CHAQUETA SOFTSHELL ACOLCHADA CREEK PAD &ndash; Chemitool\",\"isPartOf\":{\"@id\":\"https:\/\/chemitool.com\/#website\"},\"primaryImageOfPage\":{\"@id\":\"https:\/\/chemitool.com\/es\/products\/safety\/ropa-tecnica\/proteccion-contra-el-frio\/chaqueta-softshell-acolchada-creek-pa\/#primaryimage\"},\"datePublished\":\"2023-12-22T11:50:14+00:00\",\"dateModified\":\"2024-09-26T11:22:45+00:00\",\"description\":\"Chaqueta Softshell Acolchada Creek Pad CHEMITOOL tiene cierre con cremallera SBS con cursor de metal con sistema de bloqueo semiautom\\u00e1tico y tirador personalizado. Capucha ajustable con cord\\u00f3n y desmontable. Cuello interno con detalles laterales de polar. Bandas retrorreflectantes en el bajo de la espalda y en la parte posterior de la capucha. Pu\\u00f1os el\\u00e1sticos ajustables con velcro. Dos bolsillos laterales con cremallera, un bolsillo en el pecho con cremallera recubierta y un bolsillo en la manga izquierda con alojamiento para bol\\u00edgrafos integrado, cerrado con cremallera. Tiradores fluorescentes. Un bolsillo de oja linterior, cerrado con velcro. Bajo ajustable con topes personalizados. Aislamiento t\\u00e9rmico de nivel 3 y certificaci\\u00f3n EN14058 para prendas de protecci\\u00f3n contra el fr\\u00edo de hasta -5\\u00baC WP 8000 mm H\\u2082O, WVT 5000 g\/m\\u00b2 24h.\",\"breadcrumb\":{\"@id\":\"https:\/\/chemitool.com\/es\/products\/safety\/ropa-tecnica\/proteccion-contra-el-frio\/chaqueta-softshell-acolchada-creek-pa\/#breadcrumb\"},\"inLanguage\":\"es\",\"potentialAction\":[{\"@type\":\"ReadAction\",\"target\":[\"https:\/\/chemitool.com\/es\/products\/safety\/ropa-tecnica\/proteccion-contra-el-frio\/chaqueta-softshell-acolchada-creek-pa\/\"]}]},{\"@type\":\"BreadcrumbList\",\"@id\":\"https:\/\/chemitool.com\/es\/products\/safety\/ropa-tecnica\/proteccion-contra-el-frio\/chaqueta-softshell-acolchada-creek-pa\/#breadcrumb\",\"itemListElement\":[{\"@type\":\"ListItem\",\"position\":1,\"name\":\"Home\",\"item\":\"https:\/\/chemitool.com\/es\/\"},{\"@type\":\"ListItem\",\"position\":2,\"name\":\"Productos\",\"item\":\"https:\/\/chemitool.com\/es\/productos\/\"},{\"@type\":\"ListItem\",\"position\":3,\"name\":\"Safety\",\"item\":\"https:\/\/chemitool.com\/es\/categoria-producto\/safety\/\"},{\"@type\":\"ListItem\",\"position\":4,\"name\":\"Ropa T\\u00e9cnica\",\"item\":\"https:\/\/chemitool.com\/es\/categoria-producto\/safety\/ropa-tecnica\/\"},{\"@type\":\"ListItem\",\"position\":5,\"name\":\"Protecci\\u00f3n contra el fr\\u00edo\",\"item\":\"https:\/\/chemitool.com\/es\/categoria-producto\/safety\/ropa-tecnica\/proteccion-contra-el-frio\/\"},{\"@type\":\"ListItem\",\"position\":6,\"name\":\"CHAQUETA SOFTSHELL ACOLCHADA CREEK PAD\"}]}]}<\/script>\n<!-- \/ Yoast SEO plugin. -->","yoast_head_json":{"title":"CHAQUETA SOFTSHELL ACOLCHADA CREEK PAD &ndash; Chemitool","description":"Chaqueta Softshell Acolchada Creek Pad CHEMITOOL tiene cierre con cremallera SBS con cursor de metal con sistema de bloqueo semiautom\u00e1tico y tirador personalizado. Capucha ajustable con cord\u00f3n y desmontable. Cuello interno con detalles laterales de polar. Bandas retrorreflectantes en el bajo de la espalda y en la parte posterior de la capucha. Pu\u00f1os el\u00e1sticos ajustables con velcro. Dos bolsillos laterales con cremallera, un bolsillo en el pecho con cremallera recubierta y un bolsillo en la manga izquierda con alojamiento para bol\u00edgrafos integrado, cerrado con cremallera. Tiradores fluorescentes. Un bolsillo de oja linterior, cerrado con velcro. Bajo ajustable con topes personalizados. Aislamiento t\u00e9rmico de nivel 3 y certificaci\u00f3n EN14058 para prendas de protecci\u00f3n contra el fr\u00edo de hasta -5\u00baC WP 8000 mm H\u2082O, WVT 5000 g\/m\u00b2 24h.","robots":{"index":"index","follow":"follow","max-snippet":"max-snippet:-1","max-image-preview":"max-image-preview:large","max-video-preview":"max-video-preview:-1"},"canonical":"https:\/\/chemitool.com\/es\/products\/safety\/ropa-tecnica\/proteccion-contra-el-frio\/chaqueta-softshell-acolchada-creek-pa\/","og_locale":"es_ES","og_type":"article","og_title":"CHAQUETA SOFTSHELL ACOLCHADA CREEK PAD &ndash; Chemitool","og_description":"Chaqueta Softshell Acolchada Creek Pad CHEMITOOL tiene cierre con cremallera SBS con cursor de metal con sistema de bloqueo semiautom\u00e1tico y tirador personalizado. Capucha ajustable con cord\u00f3n y desmontable. Cuello interno con detalles laterales de polar. Bandas retrorreflectantes en el bajo de la espalda y en la parte posterior de la capucha. Pu\u00f1os el\u00e1sticos ajustables con velcro. Dos bolsillos laterales con cremallera, un bolsillo en el pecho con cremallera recubierta y un bolsillo en la manga izquierda con alojamiento para bol\u00edgrafos integrado, cerrado con cremallera. Tiradores fluorescentes. Un bolsillo de oja linterior, cerrado con velcro. Bajo ajustable con topes personalizados. Aislamiento t\u00e9rmico de nivel 3 y certificaci\u00f3n EN14058 para prendas de protecci\u00f3n contra el fr\u00edo de hasta -5\u00baC WP 8000 mm H\u2082O, WVT 5000 g\/m\u00b2 24h.","og_url":"https:\/\/chemitool.com\/es\/products\/safety\/ropa-tecnica\/proteccion-contra-el-frio\/chaqueta-softshell-acolchada-creek-pa\/","og_site_name":"Chemitool","article_publisher":"https:\/\/www.facebook.com\/chemitool","article_modified_time":"2024-09-26T11:22:45+00:00","og_image":[{"width":800,"height":800,"url":"https:\/\/chemitool.com\/wp-content\/uploads\/2023\/12\/ps3300489_black.png","type":"image\/png"}],"twitter_card":"summary_large_image","schema":{"@context":"https:\/\/schema.org","@graph":[{"@type":"Organization","@id":"https:\/\/chemitool.com\/#organization","name":"Chemitool","url":"https:\/\/chemitool.com\/","sameAs":["https:\/\/www.facebook.com\/chemitool","https:\/\/www.instagram.com\/chemitool\/"],"logo":{"@type":"ImageObject","@id":"https:\/\/chemitool.com\/#logo","inLanguage":"es","url":"https:\/\/chemitool.com\/wp-content\/uploads\/2020\/10\/logo_chemitool.png","contentUrl":"https:\/\/chemitool.com\/wp-content\/uploads\/2020\/10\/logo_chemitool.png","width":400,"height":400,"caption":"Chemitool"},"image":{"@id":"https:\/\/chemitool.com\/#logo"}},{"@type":"WebSite","@id":"https:\/\/chemitool.com\/#website","url":"https:\/\/chemitool.com\/","name":"Chemitool","description":"Chemitool - hardware and tools","publisher":{"@id":"https:\/\/chemitool.com\/#organization"},"potentialAction":[{"@type":"SearchAction","target":{"@type":"EntryPoint","urlTemplate":"https:\/\/chemitool.com\/?s={search_term_string}"},"query-input":"required name=search_term_string"}],"inLanguage":"es"},{"@type":"ImageObject","@id":"https:\/\/chemitool.com\/es\/products\/safety\/ropa-tecnica\/proteccion-contra-el-frio\/chaqueta-softshell-acolchada-creek-pa\/#primaryimage","inLanguage":"es","url":"https:\/\/chemitool.com\/wp-content\/uploads\/2023\/12\/ps3300489_black.png","contentUrl":"https:\/\/chemitool.com\/wp-content\/uploads\/2023\/12\/ps3300489_black.png","width":800,"height":800},{"@type":"WebPage","@id":"https:\/\/chemitool.com\/es\/products\/safety\/ropa-tecnica\/proteccion-contra-el-frio\/chaqueta-softshell-acolchada-creek-pa\/#webpage","url":"https:\/\/chemitool.com\/es\/products\/safety\/ropa-tecnica\/proteccion-contra-el-frio\/chaqueta-softshell-acolchada-creek-pa\/","name":"CHAQUETA SOFTSHELL ACOLCHADA CREEK PAD &ndash; Chemitool","isPartOf":{"@id":"https:\/\/chemitool.com\/#website"},"primaryImageOfPage":{"@id":"https:\/\/chemitool.com\/es\/products\/safety\/ropa-tecnica\/proteccion-contra-el-frio\/chaqueta-softshell-acolchada-creek-pa\/#primaryimage"},"datePublished":"2023-12-22T11:50:14+00:00","dateModified":"2024-09-26T11:22:45+00:00","description":"Chaqueta Softshell Acolchada Creek Pad CHEMITOOL tiene cierre con cremallera SBS con cursor de metal con sistema de bloqueo semiautom\u00e1tico y tirador personalizado. Capucha ajustable con cord\u00f3n y desmontable. Cuello interno con detalles laterales de polar. Bandas retrorreflectantes en el bajo de la espalda y en la parte posterior de la capucha. Pu\u00f1os el\u00e1sticos ajustables con velcro. Dos bolsillos laterales con cremallera, un bolsillo en el pecho con cremallera recubierta y un bolsillo en la manga izquierda con alojamiento para bol\u00edgrafos integrado, cerrado con cremallera. Tiradores fluorescentes. Un bolsillo de oja linterior, cerrado con velcro. Bajo ajustable con topes personalizados. Aislamiento t\u00e9rmico de nivel 3 y certificaci\u00f3n EN14058 para prendas de protecci\u00f3n contra el fr\u00edo de hasta -5\u00baC WP 8000 mm H\u2082O, WVT 5000 g\/m\u00b2 24h.","breadcrumb":{"@id":"https:\/\/chemitool.com\/es\/products\/safety\/ropa-tecnica\/proteccion-contra-el-frio\/chaqueta-softshell-acolchada-creek-pa\/#breadcrumb"},"inLanguage":"es","potentialAction":[{"@type":"ReadAction","target":["https:\/\/chemitool.com\/es\/products\/safety\/ropa-tecnica\/proteccion-contra-el-frio\/chaqueta-softshell-acolchada-creek-pa\/"]}]},{"@type":"BreadcrumbList","@id":"https:\/\/chemitool.com\/es\/products\/safety\/ropa-tecnica\/proteccion-contra-el-frio\/chaqueta-softshell-acolchada-creek-pa\/#breadcrumb","itemListElement":[{"@type":"ListItem","position":1,"name":"Home","item":"https:\/\/chemitool.com\/es\/"},{"@type":"ListItem","position":2,"name":"Productos","item":"https:\/\/chemitool.com\/es\/productos\/"},{"@type":"ListItem","position":3,"name":"Safety","item":"https:\/\/chemitool.com\/es\/categoria-producto\/safety\/"},{"@type":"ListItem","position":4,"name":"Ropa T\u00e9cnica","item":"https:\/\/chemitool.com\/es\/categoria-producto\/safety\/ropa-tecnica\/"},{"@type":"ListItem","position":5,"name":"Protecci\u00f3n contra el fr\u00edo","item":"https:\/\/chemitool.com\/es\/categoria-producto\/safety\/ropa-tecnica\/proteccion-contra-el-frio\/"},{"@type":"ListItem","position":6,"name":"CHAQUETA SOFTSHELL ACOLCHADA CREEK PAD"}]}]}},"_links":{"self":[{"href":"https:\/\/chemitool.com\/es\/wp-json\/wp\/v2\/product\/36561"}],"collection":[{"href":"https:\/\/chemitool.com\/es\/wp-json\/wp\/v2\/product"}],"about":[{"href":"https:\/\/chemitool.com\/es\/wp-json\/wp\/v2\/types\/product"}],"wp:featuredmedia":[{"embeddable":true,"href":"https:\/\/chemitool.com\/es\/wp-json\/wp\/v2\/media\/36571"}],"wp:attachment":[{"href":"https:\/\/chemitool.com\/es\/wp-json\/wp\/v2\/media?parent=36561"}],"wp:term":[{"taxonomy":"product_cat","embeddable":true,"href":"https:\/\/chemitool.com\/es\/wp-json\/wp\/v2\/product_cat?post=36561"},{"taxonomy":"product_tag","embeddable":true,"href":"https:\/\/chemitool.com\/es\/wp-json\/wp\/v2\/product_tag?post=36561"}],"curies":[{"name":"wp","href":"https:\/\/api.w.org\/{rel}","templated":true}]}}