{"id":36077,"date":"2023-11-24T15:43:44","date_gmt":"2023-11-24T15:43:52","guid":{"rendered":"https:\/\/chemitool.com\/?post_type=product&#038;p=36077"},"modified":"2023-11-27T11:21:47","modified_gmt":"2023-11-27T11:21:47","slug":"removedor-de-sellador-chemiclean","status":"publish","type":"product","link":"https:\/\/chemitool.com\/es\/products\/chemicals\/sprays-es\/limpieza\/removedor-de-sellador-chemiclean\/","title":{"rendered":"REMOVEDOR DE SELLADOR CHEMICLEAN"},"content":{"rendered":"<p><strong>VENTAJAS<\/strong><\/p>\n<ul>\n<li>Calidad profesional<\/li>\n<li>Evaporaci\u00f3n lenta<\/li>\n<li>No agresivo con la mayor\u00eda de pl\u00e1sticos y laca<\/li>\n<\/ul>\n<p><strong>APLICACIONES<\/strong><\/p>\n<p>Adecuado para eliminar silicona y pol\u00edmeros MS en la mayor\u00eda de sustratos, as\u00ed como pegatinas, cintas y restos de pegamento.<\/p>\n","protected":false},"excerpt":{"rendered":"<p><b class=\"sap-label\">SAP:<\/b> <span class=\"codesap-label\">CHC030111<\/span><\/p>\n<p><em>Removedor de Sellador CHEMICLEAN<\/em> es un spray r\u00e1pido, listo para usar a base de disolvente, para eliminar silicona y pol\u00edmeros MS de la mayor\u00eda de sustratos, as\u00ed como adhesivos, cintas y residuos de cola.<\/p>\n","protected":false},"featured_media":36080,"template":"","meta":[],"product_cat":[1209,1218,1241],"product_tag":[139],"yoast_head":"<!-- This site is optimized with the Yoast SEO plugin v17.4 - https:\/\/yoast.com\/wordpress\/plugins\/seo\/ -->\n<title>REMOVEDOR DE SELLADOR CHEMICLEAN &ndash; Chemitool<\/title>\n<meta name=\"description\" content=\"SAP: CHC030111  Removedor de Sellador CHEMICLEAN es un spray r\u00e1pido, listo para usar a base de disolvente, para eliminar silicona y pol\u00edmeros MS de la mayor\u00eda de sustratos, as\u00ed como adhesivos, cintas y residuos de cola.\" \/>\n<meta name=\"robots\" content=\"index, follow, max-snippet:-1, max-image-preview:large, max-video-preview:-1\" \/>\n<link rel=\"canonical\" href=\"https:\/\/chemitool.com\/es\/products\/chemicals\/sprays-es\/limpieza\/removedor-de-sellador-chemiclean\/\" \/>\n<meta property=\"og:locale\" content=\"es_ES\" \/>\n<meta property=\"og:type\" content=\"article\" \/>\n<meta property=\"og:title\" content=\"REMOVEDOR DE SELLADOR CHEMICLEAN &ndash; Chemitool\" \/>\n<meta property=\"og:description\" content=\"SAP: CHC030111  Removedor de Sellador CHEMICLEAN es un spray r\u00e1pido, listo para usar a base de disolvente, para eliminar silicona y pol\u00edmeros MS de la mayor\u00eda de sustratos, as\u00ed como adhesivos, cintas y residuos de cola.\" \/>\n<meta property=\"og:url\" content=\"https:\/\/chemitool.com\/es\/products\/chemicals\/sprays-es\/limpieza\/removedor-de-sellador-chemiclean\/\" \/>\n<meta property=\"og:site_name\" content=\"Chemitool\" \/>\n<meta property=\"article:publisher\" content=\"https:\/\/www.facebook.com\/chemitool\" \/>\n<meta property=\"article:modified_time\" content=\"2023-11-27T11:21:47+00:00\" \/>\n<meta property=\"og:image\" content=\"https:\/\/chemitool.com\/wp-content\/uploads\/2023\/11\/CHC030111.png\" \/>\n\t<meta property=\"og:image:width\" content=\"800\" \/>\n\t<meta property=\"og:image:height\" content=\"800\" \/>\n<meta name=\"twitter:card\" content=\"summary_large_image\" \/>\n<script type=\"application\/ld+json\" class=\"yoast-schema-graph\">{\"@context\":\"https:\/\/schema.org\",\"@graph\":[{\"@type\":\"Organization\",\"@id\":\"https:\/\/chemitool.com\/#organization\",\"name\":\"Chemitool\",\"url\":\"https:\/\/chemitool.com\/\",\"sameAs\":[\"https:\/\/www.facebook.com\/chemitool\",\"https:\/\/www.instagram.com\/chemitool\/\"],\"logo\":{\"@type\":\"ImageObject\",\"@id\":\"https:\/\/chemitool.com\/#logo\",\"inLanguage\":\"es\",\"url\":\"https:\/\/chemitool.com\/wp-content\/uploads\/2020\/10\/logo_chemitool.png\",\"contentUrl\":\"https:\/\/chemitool.com\/wp-content\/uploads\/2020\/10\/logo_chemitool.png\",\"width\":400,\"height\":400,\"caption\":\"Chemitool\"},\"image\":{\"@id\":\"https:\/\/chemitool.com\/#logo\"}},{\"@type\":\"WebSite\",\"@id\":\"https:\/\/chemitool.com\/#website\",\"url\":\"https:\/\/chemitool.com\/\",\"name\":\"Chemitool\",\"description\":\"Chemitool - hardware and tools\",\"publisher\":{\"@id\":\"https:\/\/chemitool.com\/#organization\"},\"potentialAction\":[{\"@type\":\"SearchAction\",\"target\":{\"@type\":\"EntryPoint\",\"urlTemplate\":\"https:\/\/chemitool.com\/?s={search_term_string}\"},\"query-input\":\"required name=search_term_string\"}],\"inLanguage\":\"es\"},{\"@type\":\"ImageObject\",\"@id\":\"https:\/\/chemitool.com\/es\/products\/chemicals\/sprays-es\/limpieza\/removedor-de-sellador-chemiclean\/#primaryimage\",\"inLanguage\":\"es\",\"url\":\"https:\/\/chemitool.com\/wp-content\/uploads\/2023\/11\/CHC030111.png\",\"contentUrl\":\"https:\/\/chemitool.com\/wp-content\/uploads\/2023\/11\/CHC030111.png\",\"width\":800,\"height\":800},{\"@type\":\"WebPage\",\"@id\":\"https:\/\/chemitool.com\/es\/products\/chemicals\/sprays-es\/limpieza\/removedor-de-sellador-chemiclean\/#webpage\",\"url\":\"https:\/\/chemitool.com\/es\/products\/chemicals\/sprays-es\/limpieza\/removedor-de-sellador-chemiclean\/\",\"name\":\"REMOVEDOR DE SELLADOR CHEMICLEAN &ndash; Chemitool\",\"isPartOf\":{\"@id\":\"https:\/\/chemitool.com\/#website\"},\"primaryImageOfPage\":{\"@id\":\"https:\/\/chemitool.com\/es\/products\/chemicals\/sprays-es\/limpieza\/removedor-de-sellador-chemiclean\/#primaryimage\"},\"datePublished\":\"2023-11-24T15:43:52+00:00\",\"dateModified\":\"2023-11-27T11:21:47+00:00\",\"description\":\"SAP: CHC030111 Removedor de Sellador CHEMICLEAN es un spray r\\u00e1pido, listo para usar a base de disolvente, para eliminar silicona y pol\\u00edmeros MS de la mayor\\u00eda de sustratos, as\\u00ed como adhesivos, cintas y residuos de cola.\",\"breadcrumb\":{\"@id\":\"https:\/\/chemitool.com\/es\/products\/chemicals\/sprays-es\/limpieza\/removedor-de-sellador-chemiclean\/#breadcrumb\"},\"inLanguage\":\"es\",\"potentialAction\":[{\"@type\":\"ReadAction\",\"target\":[\"https:\/\/chemitool.com\/es\/products\/chemicals\/sprays-es\/limpieza\/removedor-de-sellador-chemiclean\/\"]}]},{\"@type\":\"BreadcrumbList\",\"@id\":\"https:\/\/chemitool.com\/es\/products\/chemicals\/sprays-es\/limpieza\/removedor-de-sellador-chemiclean\/#breadcrumb\",\"itemListElement\":[{\"@type\":\"ListItem\",\"position\":1,\"name\":\"Home\",\"item\":\"https:\/\/chemitool.com\/es\/\"},{\"@type\":\"ListItem\",\"position\":2,\"name\":\"Productos\",\"item\":\"https:\/\/chemitool.com\/es\/productos\/\"},{\"@type\":\"ListItem\",\"position\":3,\"name\":\"CHEMICALS\",\"item\":\"https:\/\/chemitool.com\/es\/categoria-producto\/chemicals\/\"},{\"@type\":\"ListItem\",\"position\":4,\"name\":\"REMOVEDOR DE SELLADOR CHEMICLEAN\"}]}]}<\/script>\n<!-- \/ Yoast SEO plugin. -->","yoast_head_json":{"title":"REMOVEDOR DE SELLADOR CHEMICLEAN &ndash; Chemitool","description":"SAP: CHC030111  Removedor de Sellador CHEMICLEAN es un spray r\u00e1pido, listo para usar a base de disolvente, para eliminar silicona y pol\u00edmeros MS de la mayor\u00eda de sustratos, as\u00ed como adhesivos, cintas y residuos de cola.","robots":{"index":"index","follow":"follow","max-snippet":"max-snippet:-1","max-image-preview":"max-image-preview:large","max-video-preview":"max-video-preview:-1"},"canonical":"https:\/\/chemitool.com\/es\/products\/chemicals\/sprays-es\/limpieza\/removedor-de-sellador-chemiclean\/","og_locale":"es_ES","og_type":"article","og_title":"REMOVEDOR DE SELLADOR CHEMICLEAN &ndash; Chemitool","og_description":"SAP: CHC030111  Removedor de Sellador CHEMICLEAN es un spray r\u00e1pido, listo para usar a base de disolvente, para eliminar silicona y pol\u00edmeros MS de la mayor\u00eda de sustratos, as\u00ed como adhesivos, cintas y residuos de cola.","og_url":"https:\/\/chemitool.com\/es\/products\/chemicals\/sprays-es\/limpieza\/removedor-de-sellador-chemiclean\/","og_site_name":"Chemitool","article_publisher":"https:\/\/www.facebook.com\/chemitool","article_modified_time":"2023-11-27T11:21:47+00:00","og_image":[{"width":800,"height":800,"url":"https:\/\/chemitool.com\/wp-content\/uploads\/2023\/11\/CHC030111.png","type":"image\/png"}],"twitter_card":"summary_large_image","schema":{"@context":"https:\/\/schema.org","@graph":[{"@type":"Organization","@id":"https:\/\/chemitool.com\/#organization","name":"Chemitool","url":"https:\/\/chemitool.com\/","sameAs":["https:\/\/www.facebook.com\/chemitool","https:\/\/www.instagram.com\/chemitool\/"],"logo":{"@type":"ImageObject","@id":"https:\/\/chemitool.com\/#logo","inLanguage":"es","url":"https:\/\/chemitool.com\/wp-content\/uploads\/2020\/10\/logo_chemitool.png","contentUrl":"https:\/\/chemitool.com\/wp-content\/uploads\/2020\/10\/logo_chemitool.png","width":400,"height":400,"caption":"Chemitool"},"image":{"@id":"https:\/\/chemitool.com\/#logo"}},{"@type":"WebSite","@id":"https:\/\/chemitool.com\/#website","url":"https:\/\/chemitool.com\/","name":"Chemitool","description":"Chemitool - hardware and tools","publisher":{"@id":"https:\/\/chemitool.com\/#organization"},"potentialAction":[{"@type":"SearchAction","target":{"@type":"EntryPoint","urlTemplate":"https:\/\/chemitool.com\/?s={search_term_string}"},"query-input":"required name=search_term_string"}],"inLanguage":"es"},{"@type":"ImageObject","@id":"https:\/\/chemitool.com\/es\/products\/chemicals\/sprays-es\/limpieza\/removedor-de-sellador-chemiclean\/#primaryimage","inLanguage":"es","url":"https:\/\/chemitool.com\/wp-content\/uploads\/2023\/11\/CHC030111.png","contentUrl":"https:\/\/chemitool.com\/wp-content\/uploads\/2023\/11\/CHC030111.png","width":800,"height":800},{"@type":"WebPage","@id":"https:\/\/chemitool.com\/es\/products\/chemicals\/sprays-es\/limpieza\/removedor-de-sellador-chemiclean\/#webpage","url":"https:\/\/chemitool.com\/es\/products\/chemicals\/sprays-es\/limpieza\/removedor-de-sellador-chemiclean\/","name":"REMOVEDOR DE SELLADOR CHEMICLEAN &ndash; Chemitool","isPartOf":{"@id":"https:\/\/chemitool.com\/#website"},"primaryImageOfPage":{"@id":"https:\/\/chemitool.com\/es\/products\/chemicals\/sprays-es\/limpieza\/removedor-de-sellador-chemiclean\/#primaryimage"},"datePublished":"2023-11-24T15:43:52+00:00","dateModified":"2023-11-27T11:21:47+00:00","description":"SAP: CHC030111 Removedor de Sellador CHEMICLEAN es un spray r\u00e1pido, listo para usar a base de disolvente, para eliminar silicona y pol\u00edmeros MS de la mayor\u00eda de sustratos, as\u00ed como adhesivos, cintas y residuos de cola.","breadcrumb":{"@id":"https:\/\/chemitool.com\/es\/products\/chemicals\/sprays-es\/limpieza\/removedor-de-sellador-chemiclean\/#breadcrumb"},"inLanguage":"es","potentialAction":[{"@type":"ReadAction","target":["https:\/\/chemitool.com\/es\/products\/chemicals\/sprays-es\/limpieza\/removedor-de-sellador-chemiclean\/"]}]},{"@type":"BreadcrumbList","@id":"https:\/\/chemitool.com\/es\/products\/chemicals\/sprays-es\/limpieza\/removedor-de-sellador-chemiclean\/#breadcrumb","itemListElement":[{"@type":"ListItem","position":1,"name":"Home","item":"https:\/\/chemitool.com\/es\/"},{"@type":"ListItem","position":2,"name":"Productos","item":"https:\/\/chemitool.com\/es\/productos\/"},{"@type":"ListItem","position":3,"name":"CHEMICALS","item":"https:\/\/chemitool.com\/es\/categoria-producto\/chemicals\/"},{"@type":"ListItem","position":4,"name":"REMOVEDOR DE SELLADOR CHEMICLEAN"}]}]}},"_links":{"self":[{"href":"https:\/\/chemitool.com\/es\/wp-json\/wp\/v2\/product\/36077"}],"collection":[{"href":"https:\/\/chemitool.com\/es\/wp-json\/wp\/v2\/product"}],"about":[{"href":"https:\/\/chemitool.com\/es\/wp-json\/wp\/v2\/types\/product"}],"wp:featuredmedia":[{"embeddable":true,"href":"https:\/\/chemitool.com\/es\/wp-json\/wp\/v2\/media\/36080"}],"wp:attachment":[{"href":"https:\/\/chemitool.com\/es\/wp-json\/wp\/v2\/media?parent=36077"}],"wp:term":[{"taxonomy":"product_cat","embeddable":true,"href":"https:\/\/chemitool.com\/es\/wp-json\/wp\/v2\/product_cat?post=36077"},{"taxonomy":"product_tag","embeddable":true,"href":"https:\/\/chemitool.com\/es\/wp-json\/wp\/v2\/product_tag?post=36077"}],"curies":[{"name":"wp","href":"https:\/\/api.w.org\/{rel}","templated":true}]}}