{"id":35918,"date":"2023-11-17T16:26:43","date_gmt":"2023-11-17T16:26:54","guid":{"rendered":"https:\/\/chemitool.com\/?post_type=product&#038;p=35918"},"modified":"2023-11-17T17:56:48","modified_gmt":"2023-11-17T17:56:48","slug":"spray-zinc-98-chemisol-2","status":"publish","type":"product","link":"https:\/\/chemitool.com\/es\/products\/chemicals\/sprays-es\/tratamiento-de-superficie\/spray-zinc-98-chemisol-2\/","title":{"rendered":"SPRAY ZINC 98% CHEMISOL"},"content":{"rendered":"<p><strong>VENTAJAS<\/strong><\/p>\n<ul>\n<li>Calidad profesional<\/li>\n<li>Zinc en spray para galvanizado en fr\u00edo<\/li>\n<li>Alto contenido de zinc 98%<\/li>\n<li>Excelente protecci\u00f3n a largo plazo contra la corrosi\u00f3n seg\u00fan DIN 50021 + DIN 53210<\/li>\n<li>Forma una capa uniforme y resistente que puede pintarse o dejarse como protecci\u00f3n final<\/li>\n<li>Es ideal para retoques finales y reparaciones de piezas galvanizadas y soldadas, perforado o cortado<\/li>\n<li>Soldadura permitida<\/li>\n<li>Excelente adherencia y cobertura<\/li>\n<li>Resistente a temperaturas alrededor de 200\u00b0C<\/li>\n<\/ul>\n<p><strong>APLICACIONES<\/strong><\/p>\n<p>Recomendado para la protecci\u00f3n anticorrosi\u00f3n de todo tipo de piezas met\u00e1licas que est\u00e9n expuestas a las condiciones clim\u00e1ticas, como estructuras de metales ferrosos, ductos, aleros, cerramientos, herramientas de trabajo.<\/p>\n<p>Se puede utilizar como imprimaci\u00f3n o como acabado final. Las aplicaciones t\u00edpicas incluyen el reacabado de piezas de metales ferrosos despu\u00e9s de soldarlas y para brindar protecci\u00f3n a largo plazo a conjuntos met\u00e1licos.<\/p>\n","protected":false},"excerpt":{"rendered":"<p><b class=\"sap-label\">SAP:<\/b> <span class=\"codesap-label\">CHC070104<\/span><\/p>\n<p><em>Spray Zinc 98% CHEMISOL\u00a0<\/em>es un spray galvanizado en fr\u00edo, con protecci\u00f3n duradera. Anticorrosi\u00f3n de alta calidad, perfecto para recubrir, cubrir y proteger piezas met\u00e1licas de la oxidaci\u00f3n.<\/p>\n","protected":false},"featured_media":35944,"template":"","meta":[],"product_cat":[1209,1218,1251],"product_tag":[136],"yoast_head":"<!-- This site is optimized with the Yoast SEO plugin v17.4 - https:\/\/yoast.com\/wordpress\/plugins\/seo\/ -->\n<title>SPRAY ZINC 98% CHEMISOL &ndash; Chemitool<\/title>\n<meta name=\"description\" content=\"SAP: CHC070104  Spray Zinc 98% CHEMISOL\u00a0es un spray galvanizado en fr\u00edo, con protecci\u00f3n duradera. Anticorrosi\u00f3n de alta calidad, perfecto para recubrir, cubrir y proteger piezas met\u00e1licas de la oxidaci\u00f3n.\" \/>\n<meta name=\"robots\" content=\"index, follow, max-snippet:-1, max-image-preview:large, max-video-preview:-1\" \/>\n<link rel=\"canonical\" href=\"https:\/\/chemitool.com\/es\/products\/chemicals\/sprays-es\/tratamiento-de-superficie\/spray-zinc-98-chemisol-2\/\" \/>\n<meta property=\"og:locale\" content=\"es_ES\" \/>\n<meta property=\"og:type\" content=\"article\" \/>\n<meta property=\"og:title\" content=\"SPRAY ZINC 98% CHEMISOL &ndash; Chemitool\" \/>\n<meta property=\"og:description\" content=\"SAP: CHC070104  Spray Zinc 98% CHEMISOL\u00a0es un spray galvanizado en fr\u00edo, con protecci\u00f3n duradera. Anticorrosi\u00f3n de alta calidad, perfecto para recubrir, cubrir y proteger piezas met\u00e1licas de la oxidaci\u00f3n.\" \/>\n<meta property=\"og:url\" content=\"https:\/\/chemitool.com\/es\/products\/chemicals\/sprays-es\/tratamiento-de-superficie\/spray-zinc-98-chemisol-2\/\" \/>\n<meta property=\"og:site_name\" content=\"Chemitool\" \/>\n<meta property=\"article:publisher\" content=\"https:\/\/www.facebook.com\/chemitool\" \/>\n<meta property=\"article:modified_time\" content=\"2023-11-17T17:56:48+00:00\" \/>\n<meta property=\"og:image\" content=\"https:\/\/chemitool.com\/wp-content\/uploads\/2023\/11\/CHC070104_ZINC-98_DARK.png\" \/>\n\t<meta property=\"og:image:width\" content=\"800\" \/>\n\t<meta property=\"og:image:height\" content=\"800\" \/>\n<meta name=\"twitter:card\" content=\"summary_large_image\" \/>\n<meta name=\"twitter:label1\" content=\"Tiempo de lectura\" \/>\n\t<meta name=\"twitter:data1\" content=\"1 minuto\" \/>\n<script type=\"application\/ld+json\" class=\"yoast-schema-graph\">{\"@context\":\"https:\/\/schema.org\",\"@graph\":[{\"@type\":\"Organization\",\"@id\":\"https:\/\/chemitool.com\/#organization\",\"name\":\"Chemitool\",\"url\":\"https:\/\/chemitool.com\/\",\"sameAs\":[\"https:\/\/www.facebook.com\/chemitool\",\"https:\/\/www.instagram.com\/chemitool\/\"],\"logo\":{\"@type\":\"ImageObject\",\"@id\":\"https:\/\/chemitool.com\/#logo\",\"inLanguage\":\"es\",\"url\":\"https:\/\/chemitool.com\/wp-content\/uploads\/2020\/10\/logo_chemitool.png\",\"contentUrl\":\"https:\/\/chemitool.com\/wp-content\/uploads\/2020\/10\/logo_chemitool.png\",\"width\":400,\"height\":400,\"caption\":\"Chemitool\"},\"image\":{\"@id\":\"https:\/\/chemitool.com\/#logo\"}},{\"@type\":\"WebSite\",\"@id\":\"https:\/\/chemitool.com\/#website\",\"url\":\"https:\/\/chemitool.com\/\",\"name\":\"Chemitool\",\"description\":\"Chemitool - hardware and tools\",\"publisher\":{\"@id\":\"https:\/\/chemitool.com\/#organization\"},\"potentialAction\":[{\"@type\":\"SearchAction\",\"target\":{\"@type\":\"EntryPoint\",\"urlTemplate\":\"https:\/\/chemitool.com\/?s={search_term_string}\"},\"query-input\":\"required name=search_term_string\"}],\"inLanguage\":\"es\"},{\"@type\":\"ImageObject\",\"@id\":\"https:\/\/chemitool.com\/es\/products\/chemicals\/sprays-es\/tratamiento-de-superficie\/spray-zinc-98-chemisol-2\/#primaryimage\",\"inLanguage\":\"es\",\"url\":\"https:\/\/chemitool.com\/wp-content\/uploads\/2023\/11\/CHC070104_ZINC-98_DARK.png\",\"contentUrl\":\"https:\/\/chemitool.com\/wp-content\/uploads\/2023\/11\/CHC070104_ZINC-98_DARK.png\",\"width\":800,\"height\":800},{\"@type\":\"WebPage\",\"@id\":\"https:\/\/chemitool.com\/es\/products\/chemicals\/sprays-es\/tratamiento-de-superficie\/spray-zinc-98-chemisol-2\/#webpage\",\"url\":\"https:\/\/chemitool.com\/es\/products\/chemicals\/sprays-es\/tratamiento-de-superficie\/spray-zinc-98-chemisol-2\/\",\"name\":\"SPRAY ZINC 98% CHEMISOL &ndash; Chemitool\",\"isPartOf\":{\"@id\":\"https:\/\/chemitool.com\/#website\"},\"primaryImageOfPage\":{\"@id\":\"https:\/\/chemitool.com\/es\/products\/chemicals\/sprays-es\/tratamiento-de-superficie\/spray-zinc-98-chemisol-2\/#primaryimage\"},\"datePublished\":\"2023-11-17T16:26:54+00:00\",\"dateModified\":\"2023-11-17T17:56:48+00:00\",\"description\":\"SAP: CHC070104 Spray Zinc 98% CHEMISOL\\u00a0es un spray galvanizado en fr\\u00edo, con protecci\\u00f3n duradera. Anticorrosi\\u00f3n de alta calidad, perfecto para recubrir, cubrir y proteger piezas met\\u00e1licas de la oxidaci\\u00f3n.\",\"breadcrumb\":{\"@id\":\"https:\/\/chemitool.com\/es\/products\/chemicals\/sprays-es\/tratamiento-de-superficie\/spray-zinc-98-chemisol-2\/#breadcrumb\"},\"inLanguage\":\"es\",\"potentialAction\":[{\"@type\":\"ReadAction\",\"target\":[\"https:\/\/chemitool.com\/es\/products\/chemicals\/sprays-es\/tratamiento-de-superficie\/spray-zinc-98-chemisol-2\/\"]}]},{\"@type\":\"BreadcrumbList\",\"@id\":\"https:\/\/chemitool.com\/es\/products\/chemicals\/sprays-es\/tratamiento-de-superficie\/spray-zinc-98-chemisol-2\/#breadcrumb\",\"itemListElement\":[{\"@type\":\"ListItem\",\"position\":1,\"name\":\"Home\",\"item\":\"https:\/\/chemitool.com\/es\/\"},{\"@type\":\"ListItem\",\"position\":2,\"name\":\"Productos\",\"item\":\"https:\/\/chemitool.com\/es\/productos\/\"},{\"@type\":\"ListItem\",\"position\":3,\"name\":\"CHEMICALS\",\"item\":\"https:\/\/chemitool.com\/es\/categoria-producto\/chemicals\/\"},{\"@type\":\"ListItem\",\"position\":4,\"name\":\"SPRAY ZINC 98% CHEMISOL\"}]}]}<\/script>\n<!-- \/ Yoast SEO plugin. -->","yoast_head_json":{"title":"SPRAY ZINC 98% CHEMISOL &ndash; Chemitool","description":"SAP: CHC070104  Spray Zinc 98% CHEMISOL\u00a0es un spray galvanizado en fr\u00edo, con protecci\u00f3n duradera. Anticorrosi\u00f3n de alta calidad, perfecto para recubrir, cubrir y proteger piezas met\u00e1licas de la oxidaci\u00f3n.","robots":{"index":"index","follow":"follow","max-snippet":"max-snippet:-1","max-image-preview":"max-image-preview:large","max-video-preview":"max-video-preview:-1"},"canonical":"https:\/\/chemitool.com\/es\/products\/chemicals\/sprays-es\/tratamiento-de-superficie\/spray-zinc-98-chemisol-2\/","og_locale":"es_ES","og_type":"article","og_title":"SPRAY ZINC 98% CHEMISOL &ndash; Chemitool","og_description":"SAP: CHC070104  Spray Zinc 98% CHEMISOL\u00a0es un spray galvanizado en fr\u00edo, con protecci\u00f3n duradera. Anticorrosi\u00f3n de alta calidad, perfecto para recubrir, cubrir y proteger piezas met\u00e1licas de la oxidaci\u00f3n.","og_url":"https:\/\/chemitool.com\/es\/products\/chemicals\/sprays-es\/tratamiento-de-superficie\/spray-zinc-98-chemisol-2\/","og_site_name":"Chemitool","article_publisher":"https:\/\/www.facebook.com\/chemitool","article_modified_time":"2023-11-17T17:56:48+00:00","og_image":[{"width":800,"height":800,"url":"https:\/\/chemitool.com\/wp-content\/uploads\/2023\/11\/CHC070104_ZINC-98_DARK.png","type":"image\/png"}],"twitter_card":"summary_large_image","twitter_misc":{"Tiempo de lectura":"1 minuto"},"schema":{"@context":"https:\/\/schema.org","@graph":[{"@type":"Organization","@id":"https:\/\/chemitool.com\/#organization","name":"Chemitool","url":"https:\/\/chemitool.com\/","sameAs":["https:\/\/www.facebook.com\/chemitool","https:\/\/www.instagram.com\/chemitool\/"],"logo":{"@type":"ImageObject","@id":"https:\/\/chemitool.com\/#logo","inLanguage":"es","url":"https:\/\/chemitool.com\/wp-content\/uploads\/2020\/10\/logo_chemitool.png","contentUrl":"https:\/\/chemitool.com\/wp-content\/uploads\/2020\/10\/logo_chemitool.png","width":400,"height":400,"caption":"Chemitool"},"image":{"@id":"https:\/\/chemitool.com\/#logo"}},{"@type":"WebSite","@id":"https:\/\/chemitool.com\/#website","url":"https:\/\/chemitool.com\/","name":"Chemitool","description":"Chemitool - hardware and tools","publisher":{"@id":"https:\/\/chemitool.com\/#organization"},"potentialAction":[{"@type":"SearchAction","target":{"@type":"EntryPoint","urlTemplate":"https:\/\/chemitool.com\/?s={search_term_string}"},"query-input":"required name=search_term_string"}],"inLanguage":"es"},{"@type":"ImageObject","@id":"https:\/\/chemitool.com\/es\/products\/chemicals\/sprays-es\/tratamiento-de-superficie\/spray-zinc-98-chemisol-2\/#primaryimage","inLanguage":"es","url":"https:\/\/chemitool.com\/wp-content\/uploads\/2023\/11\/CHC070104_ZINC-98_DARK.png","contentUrl":"https:\/\/chemitool.com\/wp-content\/uploads\/2023\/11\/CHC070104_ZINC-98_DARK.png","width":800,"height":800},{"@type":"WebPage","@id":"https:\/\/chemitool.com\/es\/products\/chemicals\/sprays-es\/tratamiento-de-superficie\/spray-zinc-98-chemisol-2\/#webpage","url":"https:\/\/chemitool.com\/es\/products\/chemicals\/sprays-es\/tratamiento-de-superficie\/spray-zinc-98-chemisol-2\/","name":"SPRAY ZINC 98% CHEMISOL &ndash; Chemitool","isPartOf":{"@id":"https:\/\/chemitool.com\/#website"},"primaryImageOfPage":{"@id":"https:\/\/chemitool.com\/es\/products\/chemicals\/sprays-es\/tratamiento-de-superficie\/spray-zinc-98-chemisol-2\/#primaryimage"},"datePublished":"2023-11-17T16:26:54+00:00","dateModified":"2023-11-17T17:56:48+00:00","description":"SAP: CHC070104 Spray Zinc 98% CHEMISOL\u00a0es un spray galvanizado en fr\u00edo, con protecci\u00f3n duradera. Anticorrosi\u00f3n de alta calidad, perfecto para recubrir, cubrir y proteger piezas met\u00e1licas de la oxidaci\u00f3n.","breadcrumb":{"@id":"https:\/\/chemitool.com\/es\/products\/chemicals\/sprays-es\/tratamiento-de-superficie\/spray-zinc-98-chemisol-2\/#breadcrumb"},"inLanguage":"es","potentialAction":[{"@type":"ReadAction","target":["https:\/\/chemitool.com\/es\/products\/chemicals\/sprays-es\/tratamiento-de-superficie\/spray-zinc-98-chemisol-2\/"]}]},{"@type":"BreadcrumbList","@id":"https:\/\/chemitool.com\/es\/products\/chemicals\/sprays-es\/tratamiento-de-superficie\/spray-zinc-98-chemisol-2\/#breadcrumb","itemListElement":[{"@type":"ListItem","position":1,"name":"Home","item":"https:\/\/chemitool.com\/es\/"},{"@type":"ListItem","position":2,"name":"Productos","item":"https:\/\/chemitool.com\/es\/productos\/"},{"@type":"ListItem","position":3,"name":"CHEMICALS","item":"https:\/\/chemitool.com\/es\/categoria-producto\/chemicals\/"},{"@type":"ListItem","position":4,"name":"SPRAY ZINC 98% CHEMISOL"}]}]}},"_links":{"self":[{"href":"https:\/\/chemitool.com\/es\/wp-json\/wp\/v2\/product\/35918"}],"collection":[{"href":"https:\/\/chemitool.com\/es\/wp-json\/wp\/v2\/product"}],"about":[{"href":"https:\/\/chemitool.com\/es\/wp-json\/wp\/v2\/types\/product"}],"wp:featuredmedia":[{"embeddable":true,"href":"https:\/\/chemitool.com\/es\/wp-json\/wp\/v2\/media\/35944"}],"wp:attachment":[{"href":"https:\/\/chemitool.com\/es\/wp-json\/wp\/v2\/media?parent=35918"}],"wp:term":[{"taxonomy":"product_cat","embeddable":true,"href":"https:\/\/chemitool.com\/es\/wp-json\/wp\/v2\/product_cat?post=35918"},{"taxonomy":"product_tag","embeddable":true,"href":"https:\/\/chemitool.com\/es\/wp-json\/wp\/v2\/product_tag?post=35918"}],"curies":[{"name":"wp","href":"https:\/\/api.w.org\/{rel}","templated":true}]}}