{"id":35647,"date":"2023-11-13T14:17:51","date_gmt":"2023-11-13T14:18:00","guid":{"rendered":"https:\/\/chemitool.com\/?post_type=product&#038;p=35647"},"modified":"2023-11-13T17:20:36","modified_gmt":"2023-11-13T17:20:36","slug":"llana-larga-dentada-de-acero-inoxidable","status":"publish","type":"product","link":"https:\/\/chemitool.com\/es\/products\/tools\/herramientas-construccion\/llanas\/llana-larga-dentada-de-acero-inoxidable\/","title":{"rendered":"LLANA LARGA DENTADA DE ACERO INOXIDABLE"},"content":{"rendered":"<ul>\n<li>Durar\u00e1 mucho tiempo sin desgastarse<\/li>\n<li>Hoja de acero inoxidable especial, resistente a la abrasi\u00f3n<\/li>\n<li>Acabado perfecto<\/li>\n<li>Hoja inoxidable barnizada, extraordinariamente flexible y plana<\/li>\n<li>Mango ligero de madera para poder extender y alisar c\u00f3modamente cemento o yeso<\/li>\n<\/ul>\n<p>Uso recomendado:<br \/>\nPrepara las superficies para el alicatado. Extiende y alisa uniformemente el cemento cola para la colocaci\u00f3n de baldosas<\/p>\n","protected":false},"excerpt":{"rendered":"<p><em>Llana Larga Dentada de Acero Inoxidable CHEMITOOL <\/em>con hoja de acero inoxidable flexible de alta calidad, m\u00e1xima durabilidad sin deterioro. Hoja perfectamente plana para garantizar un acabado perfecto, barnizada para evitar la oxidaci\u00f3n y perfectamente ajustada. Mango ergon\u00f3mico de madera, ligero y agradable al tacto. Para trabajos de alicatado y pavimentaci\u00f3n.<\/p>\n","protected":false},"featured_media":35663,"template":"","meta":[],"product_cat":[1456,3837,5059],"product_tag":[],"yoast_head":"<!-- This site is optimized with the Yoast SEO plugin v17.4 - https:\/\/yoast.com\/wordpress\/plugins\/seo\/ -->\n<title>LLANA LARGA DENTADA DE ACERO INOXIDABLE &ndash; Chemitool<\/title>\n<meta name=\"description\" content=\"Llana Larga Dentada de Acero Inoxidable CHEMITOOL con hoja de acero inoxidable flexible de alta calidad, m\u00e1xima durabilidad sin deterioro. Hoja perfectamente plana para garantizar un acabado perfecto, barnizada para evitar la oxidaci\u00f3n y perfectamente ajustada. Mango ergon\u00f3mico de madera, ligero y agradable al tacto. Para trabajos de alicatado y pavimentaci\u00f3n.\" \/>\n<meta name=\"robots\" content=\"index, follow, max-snippet:-1, max-image-preview:large, max-video-preview:-1\" \/>\n<link rel=\"canonical\" href=\"https:\/\/chemitool.com\/es\/products\/tools\/herramientas-construccion\/llanas\/llana-larga-dentada-de-acero-inoxidable\/\" \/>\n<meta property=\"og:locale\" content=\"es_ES\" \/>\n<meta property=\"og:type\" content=\"article\" \/>\n<meta property=\"og:title\" content=\"LLANA LARGA DENTADA DE ACERO INOXIDABLE &ndash; Chemitool\" \/>\n<meta property=\"og:description\" content=\"Llana Larga Dentada de Acero Inoxidable CHEMITOOL con hoja de acero inoxidable flexible de alta calidad, m\u00e1xima durabilidad sin deterioro. Hoja perfectamente plana para garantizar un acabado perfecto, barnizada para evitar la oxidaci\u00f3n y perfectamente ajustada. Mango ergon\u00f3mico de madera, ligero y agradable al tacto. Para trabajos de alicatado y pavimentaci\u00f3n.\" \/>\n<meta property=\"og:url\" content=\"https:\/\/chemitool.com\/es\/products\/tools\/herramientas-construccion\/llanas\/llana-larga-dentada-de-acero-inoxidable\/\" \/>\n<meta property=\"og:site_name\" content=\"Chemitool\" \/>\n<meta property=\"article:publisher\" content=\"https:\/\/www.facebook.com\/chemitool\" \/>\n<meta property=\"article:modified_time\" content=\"2023-11-13T17:20:36+00:00\" \/>\n<meta property=\"og:image\" content=\"https:\/\/chemitool.com\/wp-content\/uploads\/2023\/11\/CHT200801048008_CHT200801048100.png\" \/>\n\t<meta property=\"og:image:width\" content=\"800\" \/>\n\t<meta property=\"og:image:height\" content=\"800\" \/>\n<meta name=\"twitter:card\" content=\"summary_large_image\" \/>\n<script type=\"application\/ld+json\" class=\"yoast-schema-graph\">{\"@context\":\"https:\/\/schema.org\",\"@graph\":[{\"@type\":\"Organization\",\"@id\":\"https:\/\/chemitool.com\/#organization\",\"name\":\"Chemitool\",\"url\":\"https:\/\/chemitool.com\/\",\"sameAs\":[\"https:\/\/www.facebook.com\/chemitool\",\"https:\/\/www.instagram.com\/chemitool\/\"],\"logo\":{\"@type\":\"ImageObject\",\"@id\":\"https:\/\/chemitool.com\/#logo\",\"inLanguage\":\"es\",\"url\":\"https:\/\/chemitool.com\/wp-content\/uploads\/2020\/10\/logo_chemitool.png\",\"contentUrl\":\"https:\/\/chemitool.com\/wp-content\/uploads\/2020\/10\/logo_chemitool.png\",\"width\":400,\"height\":400,\"caption\":\"Chemitool\"},\"image\":{\"@id\":\"https:\/\/chemitool.com\/#logo\"}},{\"@type\":\"WebSite\",\"@id\":\"https:\/\/chemitool.com\/#website\",\"url\":\"https:\/\/chemitool.com\/\",\"name\":\"Chemitool\",\"description\":\"Chemitool - hardware and tools\",\"publisher\":{\"@id\":\"https:\/\/chemitool.com\/#organization\"},\"potentialAction\":[{\"@type\":\"SearchAction\",\"target\":{\"@type\":\"EntryPoint\",\"urlTemplate\":\"https:\/\/chemitool.com\/?s={search_term_string}\"},\"query-input\":\"required name=search_term_string\"}],\"inLanguage\":\"es\"},{\"@type\":\"ImageObject\",\"@id\":\"https:\/\/chemitool.com\/es\/products\/tools\/herramientas-construccion\/llanas\/llana-larga-dentada-de-acero-inoxidable\/#primaryimage\",\"inLanguage\":\"es\",\"url\":\"https:\/\/chemitool.com\/wp-content\/uploads\/2023\/11\/CHT200801048008_CHT200801048100.png\",\"contentUrl\":\"https:\/\/chemitool.com\/wp-content\/uploads\/2023\/11\/CHT200801048008_CHT200801048100.png\",\"width\":800,\"height\":800},{\"@type\":\"WebPage\",\"@id\":\"https:\/\/chemitool.com\/es\/products\/tools\/herramientas-construccion\/llanas\/llana-larga-dentada-de-acero-inoxidable\/#webpage\",\"url\":\"https:\/\/chemitool.com\/es\/products\/tools\/herramientas-construccion\/llanas\/llana-larga-dentada-de-acero-inoxidable\/\",\"name\":\"LLANA LARGA DENTADA DE ACERO INOXIDABLE &ndash; Chemitool\",\"isPartOf\":{\"@id\":\"https:\/\/chemitool.com\/#website\"},\"primaryImageOfPage\":{\"@id\":\"https:\/\/chemitool.com\/es\/products\/tools\/herramientas-construccion\/llanas\/llana-larga-dentada-de-acero-inoxidable\/#primaryimage\"},\"datePublished\":\"2023-11-13T14:18:00+00:00\",\"dateModified\":\"2023-11-13T17:20:36+00:00\",\"description\":\"Llana Larga Dentada de Acero Inoxidable CHEMITOOL con hoja de acero inoxidable flexible de alta calidad, m\\u00e1xima durabilidad sin deterioro. Hoja perfectamente plana para garantizar un acabado perfecto, barnizada para evitar la oxidaci\\u00f3n y perfectamente ajustada. Mango ergon\\u00f3mico de madera, ligero y agradable al tacto. Para trabajos de alicatado y pavimentaci\\u00f3n.\",\"breadcrumb\":{\"@id\":\"https:\/\/chemitool.com\/es\/products\/tools\/herramientas-construccion\/llanas\/llana-larga-dentada-de-acero-inoxidable\/#breadcrumb\"},\"inLanguage\":\"es\",\"potentialAction\":[{\"@type\":\"ReadAction\",\"target\":[\"https:\/\/chemitool.com\/es\/products\/tools\/herramientas-construccion\/llanas\/llana-larga-dentada-de-acero-inoxidable\/\"]}]},{\"@type\":\"BreadcrumbList\",\"@id\":\"https:\/\/chemitool.com\/es\/products\/tools\/herramientas-construccion\/llanas\/llana-larga-dentada-de-acero-inoxidable\/#breadcrumb\",\"itemListElement\":[{\"@type\":\"ListItem\",\"position\":1,\"name\":\"Home\",\"item\":\"https:\/\/chemitool.com\/es\/\"},{\"@type\":\"ListItem\",\"position\":2,\"name\":\"Productos\",\"item\":\"https:\/\/chemitool.com\/es\/productos\/\"},{\"@type\":\"ListItem\",\"position\":3,\"name\":\"CHEMICALS\",\"item\":\"https:\/\/chemitool.com\/es\/categoria-producto\/chemicals\/\"},{\"@type\":\"ListItem\",\"position\":4,\"name\":\"LLANA LARGA DENTADA DE ACERO INOXIDABLE\"}]}]}<\/script>\n<!-- \/ Yoast SEO plugin. -->","yoast_head_json":{"title":"LLANA LARGA DENTADA DE ACERO INOXIDABLE &ndash; Chemitool","description":"Llana Larga Dentada de Acero Inoxidable CHEMITOOL con hoja de acero inoxidable flexible de alta calidad, m\u00e1xima durabilidad sin deterioro. Hoja perfectamente plana para garantizar un acabado perfecto, barnizada para evitar la oxidaci\u00f3n y perfectamente ajustada. Mango ergon\u00f3mico de madera, ligero y agradable al tacto. Para trabajos de alicatado y pavimentaci\u00f3n.","robots":{"index":"index","follow":"follow","max-snippet":"max-snippet:-1","max-image-preview":"max-image-preview:large","max-video-preview":"max-video-preview:-1"},"canonical":"https:\/\/chemitool.com\/es\/products\/tools\/herramientas-construccion\/llanas\/llana-larga-dentada-de-acero-inoxidable\/","og_locale":"es_ES","og_type":"article","og_title":"LLANA LARGA DENTADA DE ACERO INOXIDABLE &ndash; Chemitool","og_description":"Llana Larga Dentada de Acero Inoxidable CHEMITOOL con hoja de acero inoxidable flexible de alta calidad, m\u00e1xima durabilidad sin deterioro. Hoja perfectamente plana para garantizar un acabado perfecto, barnizada para evitar la oxidaci\u00f3n y perfectamente ajustada. Mango ergon\u00f3mico de madera, ligero y agradable al tacto. Para trabajos de alicatado y pavimentaci\u00f3n.","og_url":"https:\/\/chemitool.com\/es\/products\/tools\/herramientas-construccion\/llanas\/llana-larga-dentada-de-acero-inoxidable\/","og_site_name":"Chemitool","article_publisher":"https:\/\/www.facebook.com\/chemitool","article_modified_time":"2023-11-13T17:20:36+00:00","og_image":[{"width":800,"height":800,"url":"https:\/\/chemitool.com\/wp-content\/uploads\/2023\/11\/CHT200801048008_CHT200801048100.png","type":"image\/png"}],"twitter_card":"summary_large_image","schema":{"@context":"https:\/\/schema.org","@graph":[{"@type":"Organization","@id":"https:\/\/chemitool.com\/#organization","name":"Chemitool","url":"https:\/\/chemitool.com\/","sameAs":["https:\/\/www.facebook.com\/chemitool","https:\/\/www.instagram.com\/chemitool\/"],"logo":{"@type":"ImageObject","@id":"https:\/\/chemitool.com\/#logo","inLanguage":"es","url":"https:\/\/chemitool.com\/wp-content\/uploads\/2020\/10\/logo_chemitool.png","contentUrl":"https:\/\/chemitool.com\/wp-content\/uploads\/2020\/10\/logo_chemitool.png","width":400,"height":400,"caption":"Chemitool"},"image":{"@id":"https:\/\/chemitool.com\/#logo"}},{"@type":"WebSite","@id":"https:\/\/chemitool.com\/#website","url":"https:\/\/chemitool.com\/","name":"Chemitool","description":"Chemitool - hardware and tools","publisher":{"@id":"https:\/\/chemitool.com\/#organization"},"potentialAction":[{"@type":"SearchAction","target":{"@type":"EntryPoint","urlTemplate":"https:\/\/chemitool.com\/?s={search_term_string}"},"query-input":"required name=search_term_string"}],"inLanguage":"es"},{"@type":"ImageObject","@id":"https:\/\/chemitool.com\/es\/products\/tools\/herramientas-construccion\/llanas\/llana-larga-dentada-de-acero-inoxidable\/#primaryimage","inLanguage":"es","url":"https:\/\/chemitool.com\/wp-content\/uploads\/2023\/11\/CHT200801048008_CHT200801048100.png","contentUrl":"https:\/\/chemitool.com\/wp-content\/uploads\/2023\/11\/CHT200801048008_CHT200801048100.png","width":800,"height":800},{"@type":"WebPage","@id":"https:\/\/chemitool.com\/es\/products\/tools\/herramientas-construccion\/llanas\/llana-larga-dentada-de-acero-inoxidable\/#webpage","url":"https:\/\/chemitool.com\/es\/products\/tools\/herramientas-construccion\/llanas\/llana-larga-dentada-de-acero-inoxidable\/","name":"LLANA LARGA DENTADA DE ACERO INOXIDABLE &ndash; Chemitool","isPartOf":{"@id":"https:\/\/chemitool.com\/#website"},"primaryImageOfPage":{"@id":"https:\/\/chemitool.com\/es\/products\/tools\/herramientas-construccion\/llanas\/llana-larga-dentada-de-acero-inoxidable\/#primaryimage"},"datePublished":"2023-11-13T14:18:00+00:00","dateModified":"2023-11-13T17:20:36+00:00","description":"Llana Larga Dentada de Acero Inoxidable CHEMITOOL con hoja de acero inoxidable flexible de alta calidad, m\u00e1xima durabilidad sin deterioro. Hoja perfectamente plana para garantizar un acabado perfecto, barnizada para evitar la oxidaci\u00f3n y perfectamente ajustada. Mango ergon\u00f3mico de madera, ligero y agradable al tacto. Para trabajos de alicatado y pavimentaci\u00f3n.","breadcrumb":{"@id":"https:\/\/chemitool.com\/es\/products\/tools\/herramientas-construccion\/llanas\/llana-larga-dentada-de-acero-inoxidable\/#breadcrumb"},"inLanguage":"es","potentialAction":[{"@type":"ReadAction","target":["https:\/\/chemitool.com\/es\/products\/tools\/herramientas-construccion\/llanas\/llana-larga-dentada-de-acero-inoxidable\/"]}]},{"@type":"BreadcrumbList","@id":"https:\/\/chemitool.com\/es\/products\/tools\/herramientas-construccion\/llanas\/llana-larga-dentada-de-acero-inoxidable\/#breadcrumb","itemListElement":[{"@type":"ListItem","position":1,"name":"Home","item":"https:\/\/chemitool.com\/es\/"},{"@type":"ListItem","position":2,"name":"Productos","item":"https:\/\/chemitool.com\/es\/productos\/"},{"@type":"ListItem","position":3,"name":"CHEMICALS","item":"https:\/\/chemitool.com\/es\/categoria-producto\/chemicals\/"},{"@type":"ListItem","position":4,"name":"LLANA LARGA DENTADA DE ACERO INOXIDABLE"}]}]}},"_links":{"self":[{"href":"https:\/\/chemitool.com\/es\/wp-json\/wp\/v2\/product\/35647"}],"collection":[{"href":"https:\/\/chemitool.com\/es\/wp-json\/wp\/v2\/product"}],"about":[{"href":"https:\/\/chemitool.com\/es\/wp-json\/wp\/v2\/types\/product"}],"wp:featuredmedia":[{"embeddable":true,"href":"https:\/\/chemitool.com\/es\/wp-json\/wp\/v2\/media\/35663"}],"wp:attachment":[{"href":"https:\/\/chemitool.com\/es\/wp-json\/wp\/v2\/media?parent=35647"}],"wp:term":[{"taxonomy":"product_cat","embeddable":true,"href":"https:\/\/chemitool.com\/es\/wp-json\/wp\/v2\/product_cat?post=35647"},{"taxonomy":"product_tag","embeddable":true,"href":"https:\/\/chemitool.com\/es\/wp-json\/wp\/v2\/product_tag?post=35647"}],"curies":[{"name":"wp","href":"https:\/\/api.w.org\/{rel}","templated":true}]}}