{"id":35534,"date":"2023-11-09T10:18:19","date_gmt":"2023-11-09T10:18:28","guid":{"rendered":"https:\/\/chemitool.com\/?post_type=product&#038;p=35534"},"modified":"2023-11-09T16:08:16","modified_gmt":"2023-11-09T16:08:16","slug":"llana-acero-inoxidable-soft","status":"publish","type":"product","link":"https:\/\/chemitool.com\/es\/products\/tools\/herramientas-construccion\/llanas\/llana-acero-inoxidable-soft\/","title":{"rendered":"LLANA ACERO INOXIDABLE SOFT"},"content":{"rendered":"<ul>\n<li>Durar\u00e1 mucho tiempo sin desgastarse<\/li>\n<li>Hoja de acero inoxidable especial, resistente a la abrasi\u00f3n<\/li>\n<li>Acabado perfecto<\/li>\n<li>Hoja barnizada, extraordinariamente flexible y plana<\/li>\n<li>Mango ergon\u00f3mico, bimaterial y ligero, para que pueda extender el cemento c\u00f3modamente<\/li>\n<\/ul>\n<p>Uso recomendado:<br \/>\nRealizar trabajos de acabado, extender y alisar cemento, mortero, yeso y otros materiales. Mango dise\u00f1ado para zurdos y diestros.<\/p>\n","protected":false},"excerpt":{"rendered":"<p><b class=\"sap-label\">SAP:<\/b> <span class=\"codesap-label\">CHT200701127000 <\/span><br \/>\n<em>Llana Acero Inoxidable Soft CHEMITOOL<\/em> es una llana trapezoidal profesional con hoja de acero inoxidable flexible de alta calidad, m\u00e1xima durabilidad sin deterioro. Hoja perfectamente plana para garantizar un acabado perfecto, barnizada para evitar la oxidaci\u00f3n y perfectamente ajustada. Mango ergon\u00f3mico bimaterial, muy ligero, resistente a la temperatura y antideslizante. Para trabajos de acabado en mamposter\u00eda.<\/p>\n","protected":false},"featured_media":35540,"template":"","meta":[],"product_cat":[1456,3837,5059],"product_tag":[],"yoast_head":"<!-- This site is optimized with the Yoast SEO plugin v17.4 - https:\/\/yoast.com\/wordpress\/plugins\/seo\/ -->\n<title>LLANA ACERO INOXIDABLE SOFT &ndash; Chemitool<\/title>\n<meta name=\"description\" content=\"SAP: CHT200701127000  Llana Acero Inoxidable Soft CHEMITOOL es una llana trapezoidal profesional con hoja de acero inoxidable flexible de alta calidad, m\u00e1xima durabilidad sin deterioro. Hoja perfectamente plana para garantizar un acabado perfecto, barnizada para evitar la oxidaci\u00f3n y perfectamente ajustada. Mango ergon\u00f3mico bimaterial, muy ligero, resistente a la temperatura y antideslizante. Para trabajos de acabado en mamposter\u00eda.\" \/>\n<meta name=\"robots\" content=\"index, follow, max-snippet:-1, max-image-preview:large, max-video-preview:-1\" \/>\n<link rel=\"canonical\" href=\"https:\/\/chemitool.com\/es\/products\/tools\/herramientas-construccion\/llanas\/llana-acero-inoxidable-soft\/\" \/>\n<meta property=\"og:locale\" content=\"es_ES\" \/>\n<meta property=\"og:type\" content=\"article\" \/>\n<meta property=\"og:title\" content=\"LLANA ACERO INOXIDABLE SOFT &ndash; Chemitool\" \/>\n<meta property=\"og:description\" content=\"SAP: CHT200701127000  Llana Acero Inoxidable Soft CHEMITOOL es una llana trapezoidal profesional con hoja de acero inoxidable flexible de alta calidad, m\u00e1xima durabilidad sin deterioro. Hoja perfectamente plana para garantizar un acabado perfecto, barnizada para evitar la oxidaci\u00f3n y perfectamente ajustada. Mango ergon\u00f3mico bimaterial, muy ligero, resistente a la temperatura y antideslizante. Para trabajos de acabado en mamposter\u00eda.\" \/>\n<meta property=\"og:url\" content=\"https:\/\/chemitool.com\/es\/products\/tools\/herramientas-construccion\/llanas\/llana-acero-inoxidable-soft\/\" \/>\n<meta property=\"og:site_name\" content=\"Chemitool\" \/>\n<meta property=\"article:publisher\" content=\"https:\/\/www.facebook.com\/chemitool\" \/>\n<meta property=\"article:modified_time\" content=\"2023-11-09T16:08:16+00:00\" \/>\n<meta property=\"og:image\" content=\"https:\/\/chemitool.com\/wp-content\/uploads\/2023\/11\/CHT200701127000.png\" \/>\n\t<meta property=\"og:image:width\" content=\"800\" \/>\n\t<meta property=\"og:image:height\" content=\"800\" \/>\n<meta name=\"twitter:card\" content=\"summary_large_image\" \/>\n<script type=\"application\/ld+json\" class=\"yoast-schema-graph\">{\"@context\":\"https:\/\/schema.org\",\"@graph\":[{\"@type\":\"Organization\",\"@id\":\"https:\/\/chemitool.com\/#organization\",\"name\":\"Chemitool\",\"url\":\"https:\/\/chemitool.com\/\",\"sameAs\":[\"https:\/\/www.facebook.com\/chemitool\",\"https:\/\/www.instagram.com\/chemitool\/\"],\"logo\":{\"@type\":\"ImageObject\",\"@id\":\"https:\/\/chemitool.com\/#logo\",\"inLanguage\":\"es\",\"url\":\"https:\/\/chemitool.com\/wp-content\/uploads\/2020\/10\/logo_chemitool.png\",\"contentUrl\":\"https:\/\/chemitool.com\/wp-content\/uploads\/2020\/10\/logo_chemitool.png\",\"width\":400,\"height\":400,\"caption\":\"Chemitool\"},\"image\":{\"@id\":\"https:\/\/chemitool.com\/#logo\"}},{\"@type\":\"WebSite\",\"@id\":\"https:\/\/chemitool.com\/#website\",\"url\":\"https:\/\/chemitool.com\/\",\"name\":\"Chemitool\",\"description\":\"Chemitool - hardware and tools\",\"publisher\":{\"@id\":\"https:\/\/chemitool.com\/#organization\"},\"potentialAction\":[{\"@type\":\"SearchAction\",\"target\":{\"@type\":\"EntryPoint\",\"urlTemplate\":\"https:\/\/chemitool.com\/?s={search_term_string}\"},\"query-input\":\"required name=search_term_string\"}],\"inLanguage\":\"es\"},{\"@type\":\"ImageObject\",\"@id\":\"https:\/\/chemitool.com\/es\/products\/tools\/herramientas-construccion\/llanas\/llana-acero-inoxidable-soft\/#primaryimage\",\"inLanguage\":\"es\",\"url\":\"https:\/\/chemitool.com\/wp-content\/uploads\/2023\/11\/CHT200701127000.png\",\"contentUrl\":\"https:\/\/chemitool.com\/wp-content\/uploads\/2023\/11\/CHT200701127000.png\",\"width\":800,\"height\":800},{\"@type\":\"WebPage\",\"@id\":\"https:\/\/chemitool.com\/es\/products\/tools\/herramientas-construccion\/llanas\/llana-acero-inoxidable-soft\/#webpage\",\"url\":\"https:\/\/chemitool.com\/es\/products\/tools\/herramientas-construccion\/llanas\/llana-acero-inoxidable-soft\/\",\"name\":\"LLANA ACERO INOXIDABLE SOFT &ndash; Chemitool\",\"isPartOf\":{\"@id\":\"https:\/\/chemitool.com\/#website\"},\"primaryImageOfPage\":{\"@id\":\"https:\/\/chemitool.com\/es\/products\/tools\/herramientas-construccion\/llanas\/llana-acero-inoxidable-soft\/#primaryimage\"},\"datePublished\":\"2023-11-09T10:18:28+00:00\",\"dateModified\":\"2023-11-09T16:08:16+00:00\",\"description\":\"SAP: CHT200701127000 Llana Acero Inoxidable Soft CHEMITOOL es una llana trapezoidal profesional con hoja de acero inoxidable flexible de alta calidad, m\\u00e1xima durabilidad sin deterioro. Hoja perfectamente plana para garantizar un acabado perfecto, barnizada para evitar la oxidaci\\u00f3n y perfectamente ajustada. Mango ergon\\u00f3mico bimaterial, muy ligero, resistente a la temperatura y antideslizante. Para trabajos de acabado en mamposter\\u00eda.\",\"breadcrumb\":{\"@id\":\"https:\/\/chemitool.com\/es\/products\/tools\/herramientas-construccion\/llanas\/llana-acero-inoxidable-soft\/#breadcrumb\"},\"inLanguage\":\"es\",\"potentialAction\":[{\"@type\":\"ReadAction\",\"target\":[\"https:\/\/chemitool.com\/es\/products\/tools\/herramientas-construccion\/llanas\/llana-acero-inoxidable-soft\/\"]}]},{\"@type\":\"BreadcrumbList\",\"@id\":\"https:\/\/chemitool.com\/es\/products\/tools\/herramientas-construccion\/llanas\/llana-acero-inoxidable-soft\/#breadcrumb\",\"itemListElement\":[{\"@type\":\"ListItem\",\"position\":1,\"name\":\"Home\",\"item\":\"https:\/\/chemitool.com\/es\/\"},{\"@type\":\"ListItem\",\"position\":2,\"name\":\"Productos\",\"item\":\"https:\/\/chemitool.com\/es\/productos\/\"},{\"@type\":\"ListItem\",\"position\":3,\"name\":\"CHEMICALS\",\"item\":\"https:\/\/chemitool.com\/es\/categoria-producto\/chemicals\/\"},{\"@type\":\"ListItem\",\"position\":4,\"name\":\"LLANA ACERO INOXIDABLE SOFT\"}]}]}<\/script>\n<!-- \/ Yoast SEO plugin. -->","yoast_head_json":{"title":"LLANA ACERO INOXIDABLE SOFT &ndash; Chemitool","description":"SAP: CHT200701127000  Llana Acero Inoxidable Soft CHEMITOOL es una llana trapezoidal profesional con hoja de acero inoxidable flexible de alta calidad, m\u00e1xima durabilidad sin deterioro. Hoja perfectamente plana para garantizar un acabado perfecto, barnizada para evitar la oxidaci\u00f3n y perfectamente ajustada. Mango ergon\u00f3mico bimaterial, muy ligero, resistente a la temperatura y antideslizante. Para trabajos de acabado en mamposter\u00eda.","robots":{"index":"index","follow":"follow","max-snippet":"max-snippet:-1","max-image-preview":"max-image-preview:large","max-video-preview":"max-video-preview:-1"},"canonical":"https:\/\/chemitool.com\/es\/products\/tools\/herramientas-construccion\/llanas\/llana-acero-inoxidable-soft\/","og_locale":"es_ES","og_type":"article","og_title":"LLANA ACERO INOXIDABLE SOFT &ndash; Chemitool","og_description":"SAP: CHT200701127000  Llana Acero Inoxidable Soft CHEMITOOL es una llana trapezoidal profesional con hoja de acero inoxidable flexible de alta calidad, m\u00e1xima durabilidad sin deterioro. Hoja perfectamente plana para garantizar un acabado perfecto, barnizada para evitar la oxidaci\u00f3n y perfectamente ajustada. Mango ergon\u00f3mico bimaterial, muy ligero, resistente a la temperatura y antideslizante. Para trabajos de acabado en mamposter\u00eda.","og_url":"https:\/\/chemitool.com\/es\/products\/tools\/herramientas-construccion\/llanas\/llana-acero-inoxidable-soft\/","og_site_name":"Chemitool","article_publisher":"https:\/\/www.facebook.com\/chemitool","article_modified_time":"2023-11-09T16:08:16+00:00","og_image":[{"width":800,"height":800,"url":"https:\/\/chemitool.com\/wp-content\/uploads\/2023\/11\/CHT200701127000.png","type":"image\/png"}],"twitter_card":"summary_large_image","schema":{"@context":"https:\/\/schema.org","@graph":[{"@type":"Organization","@id":"https:\/\/chemitool.com\/#organization","name":"Chemitool","url":"https:\/\/chemitool.com\/","sameAs":["https:\/\/www.facebook.com\/chemitool","https:\/\/www.instagram.com\/chemitool\/"],"logo":{"@type":"ImageObject","@id":"https:\/\/chemitool.com\/#logo","inLanguage":"es","url":"https:\/\/chemitool.com\/wp-content\/uploads\/2020\/10\/logo_chemitool.png","contentUrl":"https:\/\/chemitool.com\/wp-content\/uploads\/2020\/10\/logo_chemitool.png","width":400,"height":400,"caption":"Chemitool"},"image":{"@id":"https:\/\/chemitool.com\/#logo"}},{"@type":"WebSite","@id":"https:\/\/chemitool.com\/#website","url":"https:\/\/chemitool.com\/","name":"Chemitool","description":"Chemitool - hardware and tools","publisher":{"@id":"https:\/\/chemitool.com\/#organization"},"potentialAction":[{"@type":"SearchAction","target":{"@type":"EntryPoint","urlTemplate":"https:\/\/chemitool.com\/?s={search_term_string}"},"query-input":"required name=search_term_string"}],"inLanguage":"es"},{"@type":"ImageObject","@id":"https:\/\/chemitool.com\/es\/products\/tools\/herramientas-construccion\/llanas\/llana-acero-inoxidable-soft\/#primaryimage","inLanguage":"es","url":"https:\/\/chemitool.com\/wp-content\/uploads\/2023\/11\/CHT200701127000.png","contentUrl":"https:\/\/chemitool.com\/wp-content\/uploads\/2023\/11\/CHT200701127000.png","width":800,"height":800},{"@type":"WebPage","@id":"https:\/\/chemitool.com\/es\/products\/tools\/herramientas-construccion\/llanas\/llana-acero-inoxidable-soft\/#webpage","url":"https:\/\/chemitool.com\/es\/products\/tools\/herramientas-construccion\/llanas\/llana-acero-inoxidable-soft\/","name":"LLANA ACERO INOXIDABLE SOFT &ndash; Chemitool","isPartOf":{"@id":"https:\/\/chemitool.com\/#website"},"primaryImageOfPage":{"@id":"https:\/\/chemitool.com\/es\/products\/tools\/herramientas-construccion\/llanas\/llana-acero-inoxidable-soft\/#primaryimage"},"datePublished":"2023-11-09T10:18:28+00:00","dateModified":"2023-11-09T16:08:16+00:00","description":"SAP: CHT200701127000 Llana Acero Inoxidable Soft CHEMITOOL es una llana trapezoidal profesional con hoja de acero inoxidable flexible de alta calidad, m\u00e1xima durabilidad sin deterioro. Hoja perfectamente plana para garantizar un acabado perfecto, barnizada para evitar la oxidaci\u00f3n y perfectamente ajustada. Mango ergon\u00f3mico bimaterial, muy ligero, resistente a la temperatura y antideslizante. Para trabajos de acabado en mamposter\u00eda.","breadcrumb":{"@id":"https:\/\/chemitool.com\/es\/products\/tools\/herramientas-construccion\/llanas\/llana-acero-inoxidable-soft\/#breadcrumb"},"inLanguage":"es","potentialAction":[{"@type":"ReadAction","target":["https:\/\/chemitool.com\/es\/products\/tools\/herramientas-construccion\/llanas\/llana-acero-inoxidable-soft\/"]}]},{"@type":"BreadcrumbList","@id":"https:\/\/chemitool.com\/es\/products\/tools\/herramientas-construccion\/llanas\/llana-acero-inoxidable-soft\/#breadcrumb","itemListElement":[{"@type":"ListItem","position":1,"name":"Home","item":"https:\/\/chemitool.com\/es\/"},{"@type":"ListItem","position":2,"name":"Productos","item":"https:\/\/chemitool.com\/es\/productos\/"},{"@type":"ListItem","position":3,"name":"CHEMICALS","item":"https:\/\/chemitool.com\/es\/categoria-producto\/chemicals\/"},{"@type":"ListItem","position":4,"name":"LLANA ACERO INOXIDABLE SOFT"}]}]}},"_links":{"self":[{"href":"https:\/\/chemitool.com\/es\/wp-json\/wp\/v2\/product\/35534"}],"collection":[{"href":"https:\/\/chemitool.com\/es\/wp-json\/wp\/v2\/product"}],"about":[{"href":"https:\/\/chemitool.com\/es\/wp-json\/wp\/v2\/types\/product"}],"wp:featuredmedia":[{"embeddable":true,"href":"https:\/\/chemitool.com\/es\/wp-json\/wp\/v2\/media\/35540"}],"wp:attachment":[{"href":"https:\/\/chemitool.com\/es\/wp-json\/wp\/v2\/media?parent=35534"}],"wp:term":[{"taxonomy":"product_cat","embeddable":true,"href":"https:\/\/chemitool.com\/es\/wp-json\/wp\/v2\/product_cat?post=35534"},{"taxonomy":"product_tag","embeddable":true,"href":"https:\/\/chemitool.com\/es\/wp-json\/wp\/v2\/product_tag?post=35534"}],"curies":[{"name":"wp","href":"https:\/\/api.w.org\/{rel}","templated":true}]}}