{"id":35530,"date":"2023-11-09T10:03:53","date_gmt":"2023-11-09T10:03:53","guid":{"rendered":"https:\/\/chemitool.com\/?post_type=product&#038;p=35530"},"modified":"2023-11-09T10:16:37","modified_gmt":"2023-11-09T10:16:37","slug":"llana-acero-inoxidable-2-k","status":"publish","type":"product","link":"https:\/\/chemitool.com\/es\/products\/tools\/herramientas-construccion\/llanas\/llana-acero-inoxidable-2-k\/","title":{"rendered":"LLANA ACERO INOXIDABLE 2-K"},"content":{"rendered":"<ul>\n<li>Durar\u00e1 mucho tiempo sin desgastarse<\/li>\n<li>Hoja de acero inoxidable especial, resistente a la abrasi\u00f3n<\/li>\n<li>Acabado perfecto<\/li>\n<li>Hoja inoxidable barnizada, extraordinariamente flexible y plana<\/li>\n<li>Mango ergon\u00f3mico, bimaterial y ligero, suave al tacto, para que pueda extender c\u00f3modamente el adhesivo a base de cemento<\/li>\n<\/ul>\n<p>Uso recomendado:<br \/>\nPara trabajos de alicatado y pavimentaci\u00f3n.<\/p>\n","protected":false},"excerpt":{"rendered":"<p><em>Llana Acero Inoxidable 2-K CHEMITOOL <\/em>con hoja de acero inoxidable flexible de alta calidad, m\u00e1xima durabilidad sin deterioro. Hoja perfectamente plana para garantizar un acabado perfecto, barnizada para evitar la oxidaci\u00f3n y perfectamente ajustada. Mango ergon\u00f3mico bimaterial, muy ligero, resistente a la temperatura y antideslizante. Para trabajos de alicatado y pavimentaci\u00f3n.<\/p>\n","protected":false},"featured_media":35528,"template":"","meta":[],"product_cat":[1456,3837,5059],"product_tag":[],"yoast_head":"<!-- This site is optimized with the Yoast SEO plugin v17.4 - https:\/\/yoast.com\/wordpress\/plugins\/seo\/ -->\n<title>LLANA ACERO INOXIDABLE 2-K &ndash; Chemitool<\/title>\n<meta name=\"description\" content=\"Llana Acero Inoxidable 2-K CHEMITOOL con hoja de acero inoxidable flexible de alta calidad, m\u00e1xima durabilidad sin deterioro. Hoja perfectamente plana para garantizar un acabado perfecto, barnizada para evitar la oxidaci\u00f3n y perfectamente ajustada. Mango ergon\u00f3mico bimaterial, muy ligero, resistente a la temperatura y antideslizante. Para trabajos de alicatado y pavimentaci\u00f3n.\" \/>\n<meta name=\"robots\" content=\"index, follow, max-snippet:-1, max-image-preview:large, max-video-preview:-1\" \/>\n<link rel=\"canonical\" href=\"https:\/\/chemitool.com\/es\/products\/tools\/herramientas-construccion\/llanas\/llana-acero-inoxidable-2-k\/\" \/>\n<meta property=\"og:locale\" content=\"es_ES\" \/>\n<meta property=\"og:type\" content=\"article\" \/>\n<meta property=\"og:title\" content=\"LLANA ACERO INOXIDABLE 2-K &ndash; Chemitool\" \/>\n<meta property=\"og:description\" content=\"Llana Acero Inoxidable 2-K CHEMITOOL con hoja de acero inoxidable flexible de alta calidad, m\u00e1xima durabilidad sin deterioro. Hoja perfectamente plana para garantizar un acabado perfecto, barnizada para evitar la oxidaci\u00f3n y perfectamente ajustada. Mango ergon\u00f3mico bimaterial, muy ligero, resistente a la temperatura y antideslizante. Para trabajos de alicatado y pavimentaci\u00f3n.\" \/>\n<meta property=\"og:url\" content=\"https:\/\/chemitool.com\/es\/products\/tools\/herramientas-construccion\/llanas\/llana-acero-inoxidable-2-k\/\" \/>\n<meta property=\"og:site_name\" content=\"Chemitool\" \/>\n<meta property=\"article:publisher\" content=\"https:\/\/www.facebook.com\/chemitool\" \/>\n<meta property=\"article:modified_time\" content=\"2023-11-09T10:16:37+00:00\" \/>\n<meta property=\"og:image\" content=\"https:\/\/chemitool.com\/wp-content\/uploads\/2023\/11\/CHT200702027006_CHT200702027008_CHT200702027010.png\" \/>\n\t<meta property=\"og:image:width\" content=\"800\" \/>\n\t<meta property=\"og:image:height\" content=\"800\" \/>\n<meta name=\"twitter:card\" content=\"summary_large_image\" \/>\n<script type=\"application\/ld+json\" class=\"yoast-schema-graph\">{\"@context\":\"https:\/\/schema.org\",\"@graph\":[{\"@type\":\"Organization\",\"@id\":\"https:\/\/chemitool.com\/#organization\",\"name\":\"Chemitool\",\"url\":\"https:\/\/chemitool.com\/\",\"sameAs\":[\"https:\/\/www.facebook.com\/chemitool\",\"https:\/\/www.instagram.com\/chemitool\/\"],\"logo\":{\"@type\":\"ImageObject\",\"@id\":\"https:\/\/chemitool.com\/#logo\",\"inLanguage\":\"es\",\"url\":\"https:\/\/chemitool.com\/wp-content\/uploads\/2020\/10\/logo_chemitool.png\",\"contentUrl\":\"https:\/\/chemitool.com\/wp-content\/uploads\/2020\/10\/logo_chemitool.png\",\"width\":400,\"height\":400,\"caption\":\"Chemitool\"},\"image\":{\"@id\":\"https:\/\/chemitool.com\/#logo\"}},{\"@type\":\"WebSite\",\"@id\":\"https:\/\/chemitool.com\/#website\",\"url\":\"https:\/\/chemitool.com\/\",\"name\":\"Chemitool\",\"description\":\"Chemitool - hardware and tools\",\"publisher\":{\"@id\":\"https:\/\/chemitool.com\/#organization\"},\"potentialAction\":[{\"@type\":\"SearchAction\",\"target\":{\"@type\":\"EntryPoint\",\"urlTemplate\":\"https:\/\/chemitool.com\/?s={search_term_string}\"},\"query-input\":\"required name=search_term_string\"}],\"inLanguage\":\"es\"},{\"@type\":\"ImageObject\",\"@id\":\"https:\/\/chemitool.com\/es\/products\/tools\/herramientas-construccion\/llanas\/llana-acero-inoxidable-2-k\/#primaryimage\",\"inLanguage\":\"es\",\"url\":\"https:\/\/chemitool.com\/wp-content\/uploads\/2023\/11\/CHT200702027006_CHT200702027008_CHT200702027010.png\",\"contentUrl\":\"https:\/\/chemitool.com\/wp-content\/uploads\/2023\/11\/CHT200702027006_CHT200702027008_CHT200702027010.png\",\"width\":800,\"height\":800},{\"@type\":\"WebPage\",\"@id\":\"https:\/\/chemitool.com\/es\/products\/tools\/herramientas-construccion\/llanas\/llana-acero-inoxidable-2-k\/#webpage\",\"url\":\"https:\/\/chemitool.com\/es\/products\/tools\/herramientas-construccion\/llanas\/llana-acero-inoxidable-2-k\/\",\"name\":\"LLANA ACERO INOXIDABLE 2-K &ndash; Chemitool\",\"isPartOf\":{\"@id\":\"https:\/\/chemitool.com\/#website\"},\"primaryImageOfPage\":{\"@id\":\"https:\/\/chemitool.com\/es\/products\/tools\/herramientas-construccion\/llanas\/llana-acero-inoxidable-2-k\/#primaryimage\"},\"datePublished\":\"2023-11-09T10:03:53+00:00\",\"dateModified\":\"2023-11-09T10:16:37+00:00\",\"description\":\"Llana Acero Inoxidable 2-K CHEMITOOL con hoja de acero inoxidable flexible de alta calidad, m\\u00e1xima durabilidad sin deterioro. Hoja perfectamente plana para garantizar un acabado perfecto, barnizada para evitar la oxidaci\\u00f3n y perfectamente ajustada. Mango ergon\\u00f3mico bimaterial, muy ligero, resistente a la temperatura y antideslizante. Para trabajos de alicatado y pavimentaci\\u00f3n.\",\"breadcrumb\":{\"@id\":\"https:\/\/chemitool.com\/es\/products\/tools\/herramientas-construccion\/llanas\/llana-acero-inoxidable-2-k\/#breadcrumb\"},\"inLanguage\":\"es\",\"potentialAction\":[{\"@type\":\"ReadAction\",\"target\":[\"https:\/\/chemitool.com\/es\/products\/tools\/herramientas-construccion\/llanas\/llana-acero-inoxidable-2-k\/\"]}]},{\"@type\":\"BreadcrumbList\",\"@id\":\"https:\/\/chemitool.com\/es\/products\/tools\/herramientas-construccion\/llanas\/llana-acero-inoxidable-2-k\/#breadcrumb\",\"itemListElement\":[{\"@type\":\"ListItem\",\"position\":1,\"name\":\"Home\",\"item\":\"https:\/\/chemitool.com\/es\/\"},{\"@type\":\"ListItem\",\"position\":2,\"name\":\"Productos\",\"item\":\"https:\/\/chemitool.com\/es\/productos\/\"},{\"@type\":\"ListItem\",\"position\":3,\"name\":\"CHEMICALS\",\"item\":\"https:\/\/chemitool.com\/es\/categoria-producto\/chemicals\/\"},{\"@type\":\"ListItem\",\"position\":4,\"name\":\"LLANA ACERO INOXIDABLE 2-K\"}]}]}<\/script>\n<!-- \/ Yoast SEO plugin. -->","yoast_head_json":{"title":"LLANA ACERO INOXIDABLE 2-K &ndash; Chemitool","description":"Llana Acero Inoxidable 2-K CHEMITOOL con hoja de acero inoxidable flexible de alta calidad, m\u00e1xima durabilidad sin deterioro. Hoja perfectamente plana para garantizar un acabado perfecto, barnizada para evitar la oxidaci\u00f3n y perfectamente ajustada. Mango ergon\u00f3mico bimaterial, muy ligero, resistente a la temperatura y antideslizante. Para trabajos de alicatado y pavimentaci\u00f3n.","robots":{"index":"index","follow":"follow","max-snippet":"max-snippet:-1","max-image-preview":"max-image-preview:large","max-video-preview":"max-video-preview:-1"},"canonical":"https:\/\/chemitool.com\/es\/products\/tools\/herramientas-construccion\/llanas\/llana-acero-inoxidable-2-k\/","og_locale":"es_ES","og_type":"article","og_title":"LLANA ACERO INOXIDABLE 2-K &ndash; Chemitool","og_description":"Llana Acero Inoxidable 2-K CHEMITOOL con hoja de acero inoxidable flexible de alta calidad, m\u00e1xima durabilidad sin deterioro. Hoja perfectamente plana para garantizar un acabado perfecto, barnizada para evitar la oxidaci\u00f3n y perfectamente ajustada. Mango ergon\u00f3mico bimaterial, muy ligero, resistente a la temperatura y antideslizante. Para trabajos de alicatado y pavimentaci\u00f3n.","og_url":"https:\/\/chemitool.com\/es\/products\/tools\/herramientas-construccion\/llanas\/llana-acero-inoxidable-2-k\/","og_site_name":"Chemitool","article_publisher":"https:\/\/www.facebook.com\/chemitool","article_modified_time":"2023-11-09T10:16:37+00:00","og_image":[{"width":800,"height":800,"url":"https:\/\/chemitool.com\/wp-content\/uploads\/2023\/11\/CHT200702027006_CHT200702027008_CHT200702027010.png","type":"image\/png"}],"twitter_card":"summary_large_image","schema":{"@context":"https:\/\/schema.org","@graph":[{"@type":"Organization","@id":"https:\/\/chemitool.com\/#organization","name":"Chemitool","url":"https:\/\/chemitool.com\/","sameAs":["https:\/\/www.facebook.com\/chemitool","https:\/\/www.instagram.com\/chemitool\/"],"logo":{"@type":"ImageObject","@id":"https:\/\/chemitool.com\/#logo","inLanguage":"es","url":"https:\/\/chemitool.com\/wp-content\/uploads\/2020\/10\/logo_chemitool.png","contentUrl":"https:\/\/chemitool.com\/wp-content\/uploads\/2020\/10\/logo_chemitool.png","width":400,"height":400,"caption":"Chemitool"},"image":{"@id":"https:\/\/chemitool.com\/#logo"}},{"@type":"WebSite","@id":"https:\/\/chemitool.com\/#website","url":"https:\/\/chemitool.com\/","name":"Chemitool","description":"Chemitool - hardware and tools","publisher":{"@id":"https:\/\/chemitool.com\/#organization"},"potentialAction":[{"@type":"SearchAction","target":{"@type":"EntryPoint","urlTemplate":"https:\/\/chemitool.com\/?s={search_term_string}"},"query-input":"required name=search_term_string"}],"inLanguage":"es"},{"@type":"ImageObject","@id":"https:\/\/chemitool.com\/es\/products\/tools\/herramientas-construccion\/llanas\/llana-acero-inoxidable-2-k\/#primaryimage","inLanguage":"es","url":"https:\/\/chemitool.com\/wp-content\/uploads\/2023\/11\/CHT200702027006_CHT200702027008_CHT200702027010.png","contentUrl":"https:\/\/chemitool.com\/wp-content\/uploads\/2023\/11\/CHT200702027006_CHT200702027008_CHT200702027010.png","width":800,"height":800},{"@type":"WebPage","@id":"https:\/\/chemitool.com\/es\/products\/tools\/herramientas-construccion\/llanas\/llana-acero-inoxidable-2-k\/#webpage","url":"https:\/\/chemitool.com\/es\/products\/tools\/herramientas-construccion\/llanas\/llana-acero-inoxidable-2-k\/","name":"LLANA ACERO INOXIDABLE 2-K &ndash; Chemitool","isPartOf":{"@id":"https:\/\/chemitool.com\/#website"},"primaryImageOfPage":{"@id":"https:\/\/chemitool.com\/es\/products\/tools\/herramientas-construccion\/llanas\/llana-acero-inoxidable-2-k\/#primaryimage"},"datePublished":"2023-11-09T10:03:53+00:00","dateModified":"2023-11-09T10:16:37+00:00","description":"Llana Acero Inoxidable 2-K CHEMITOOL con hoja de acero inoxidable flexible de alta calidad, m\u00e1xima durabilidad sin deterioro. Hoja perfectamente plana para garantizar un acabado perfecto, barnizada para evitar la oxidaci\u00f3n y perfectamente ajustada. Mango ergon\u00f3mico bimaterial, muy ligero, resistente a la temperatura y antideslizante. Para trabajos de alicatado y pavimentaci\u00f3n.","breadcrumb":{"@id":"https:\/\/chemitool.com\/es\/products\/tools\/herramientas-construccion\/llanas\/llana-acero-inoxidable-2-k\/#breadcrumb"},"inLanguage":"es","potentialAction":[{"@type":"ReadAction","target":["https:\/\/chemitool.com\/es\/products\/tools\/herramientas-construccion\/llanas\/llana-acero-inoxidable-2-k\/"]}]},{"@type":"BreadcrumbList","@id":"https:\/\/chemitool.com\/es\/products\/tools\/herramientas-construccion\/llanas\/llana-acero-inoxidable-2-k\/#breadcrumb","itemListElement":[{"@type":"ListItem","position":1,"name":"Home","item":"https:\/\/chemitool.com\/es\/"},{"@type":"ListItem","position":2,"name":"Productos","item":"https:\/\/chemitool.com\/es\/productos\/"},{"@type":"ListItem","position":3,"name":"CHEMICALS","item":"https:\/\/chemitool.com\/es\/categoria-producto\/chemicals\/"},{"@type":"ListItem","position":4,"name":"LLANA ACERO INOXIDABLE 2-K"}]}]}},"_links":{"self":[{"href":"https:\/\/chemitool.com\/es\/wp-json\/wp\/v2\/product\/35530"}],"collection":[{"href":"https:\/\/chemitool.com\/es\/wp-json\/wp\/v2\/product"}],"about":[{"href":"https:\/\/chemitool.com\/es\/wp-json\/wp\/v2\/types\/product"}],"wp:featuredmedia":[{"embeddable":true,"href":"https:\/\/chemitool.com\/es\/wp-json\/wp\/v2\/media\/35528"}],"wp:attachment":[{"href":"https:\/\/chemitool.com\/es\/wp-json\/wp\/v2\/media?parent=35530"}],"wp:term":[{"taxonomy":"product_cat","embeddable":true,"href":"https:\/\/chemitool.com\/es\/wp-json\/wp\/v2\/product_cat?post=35530"},{"taxonomy":"product_tag","embeddable":true,"href":"https:\/\/chemitool.com\/es\/wp-json\/wp\/v2\/product_tag?post=35530"}],"curies":[{"name":"wp","href":"https:\/\/api.w.org\/{rel}","templated":true}]}}