{"id":35508,"date":"2023-11-09T09:16:25","date_gmt":"2023-11-09T09:16:32","guid":{"rendered":"https:\/\/chemitool.com\/?post_type=product&#038;p=35508"},"modified":"2023-12-18T10:17:36","modified_gmt":"2023-12-18T10:17:36","slug":"llana-acero-inoxidable-mango-dentada","status":"publish","type":"product","link":"https:\/\/chemitool.com\/es\/products\/tools\/herramientas-construccion\/llanas\/llana-acero-inoxidable-mango-dentada\/","title":{"rendered":"LLANA ACERO INOXIDABLE MANGO DENTADA"},"content":{"rendered":"<ul>\n<li>Durar\u00e1 mucho tiempo sin desgastarse<\/li>\n<li>Hoja de acero inoxidable especial, resistente a la abrasi\u00f3n<\/li>\n<li>Acabado perfecto<\/li>\n<li>Hoja barnizada, extraordinariamente flexible y plana<\/li>\n<li>Mango ergon\u00f3mico, bimaterial y ligero, suave al tacto, para que pueda extender c\u00f3modamente el adhesivo a base de cemento<\/li>\n<\/ul>\n<p>Uso recomendado:<br \/>\nPrepara las superficies para el alicatado. Extiende y alisa uniformemente el cemento cola para la colocaci\u00f3n de baldosas.<\/p>\n","protected":false},"excerpt":{"rendered":"<p><em>Llana Acero Inoxidable Mango Dentada CHEMITOOL <\/em>con hoja de acero inoxidable flexible de alta calidad, m\u00e1xima durabilidad sin deterioro. Hoja perfectamente plana para garantizar un acabado perfecto, barnizada para evitar la oxidaci\u00f3n y perfectamente ajustada. Mango ergon\u00f3mico bimaterial, muy ligero, resistente a la temperatura y antideslizante. Para trabajos de alicatado y pavimentaci\u00f3n.<\/p>\n","protected":false},"featured_media":35513,"template":"","meta":[],"product_cat":[1456,3837,5059],"product_tag":[],"yoast_head":"<!-- This site is optimized with the Yoast SEO plugin v17.4 - https:\/\/yoast.com\/wordpress\/plugins\/seo\/ -->\n<title>LLANA ACERO INOXIDABLE MANGO DENTADA &ndash; Chemitool<\/title>\n<meta name=\"description\" content=\"Llana Acero Inoxidable Mango Dentada CHEMITOOL con hoja de acero inoxidable flexible de alta calidad, m\u00e1xima durabilidad sin deterioro. Hoja perfectamente plana para garantizar un acabado perfecto, barnizada para evitar la oxidaci\u00f3n y perfectamente ajustada. Mango ergon\u00f3mico bimaterial, muy ligero, resistente a la temperatura y antideslizante. Para trabajos de alicatado y pavimentaci\u00f3n.\" \/>\n<meta name=\"robots\" content=\"index, follow, max-snippet:-1, max-image-preview:large, max-video-preview:-1\" \/>\n<link rel=\"canonical\" href=\"https:\/\/chemitool.com\/es\/products\/tools\/herramientas-construccion\/llanas\/llana-acero-inoxidable-mango-dentada\/\" \/>\n<meta property=\"og:locale\" content=\"es_ES\" \/>\n<meta property=\"og:type\" content=\"article\" \/>\n<meta property=\"og:title\" content=\"LLANA ACERO INOXIDABLE MANGO DENTADA &ndash; Chemitool\" \/>\n<meta property=\"og:description\" content=\"Llana Acero Inoxidable Mango Dentada CHEMITOOL con hoja de acero inoxidable flexible de alta calidad, m\u00e1xima durabilidad sin deterioro. Hoja perfectamente plana para garantizar un acabado perfecto, barnizada para evitar la oxidaci\u00f3n y perfectamente ajustada. Mango ergon\u00f3mico bimaterial, muy ligero, resistente a la temperatura y antideslizante. Para trabajos de alicatado y pavimentaci\u00f3n.\" \/>\n<meta property=\"og:url\" content=\"https:\/\/chemitool.com\/es\/products\/tools\/herramientas-construccion\/llanas\/llana-acero-inoxidable-mango-dentada\/\" \/>\n<meta property=\"og:site_name\" content=\"Chemitool\" \/>\n<meta property=\"article:publisher\" content=\"https:\/\/www.facebook.com\/chemitool\" \/>\n<meta property=\"article:modified_time\" content=\"2023-12-18T10:17:36+00:00\" \/>\n<meta property=\"og:image\" content=\"https:\/\/chemitool.com\/wp-content\/uploads\/2023\/11\/CHT200701027006_CHT200701027008_CHT200701027010.png\" \/>\n\t<meta property=\"og:image:width\" content=\"800\" \/>\n\t<meta property=\"og:image:height\" content=\"800\" \/>\n<meta name=\"twitter:card\" content=\"summary_large_image\" \/>\n<script type=\"application\/ld+json\" class=\"yoast-schema-graph\">{\"@context\":\"https:\/\/schema.org\",\"@graph\":[{\"@type\":\"Organization\",\"@id\":\"https:\/\/chemitool.com\/#organization\",\"name\":\"Chemitool\",\"url\":\"https:\/\/chemitool.com\/\",\"sameAs\":[\"https:\/\/www.facebook.com\/chemitool\",\"https:\/\/www.instagram.com\/chemitool\/\"],\"logo\":{\"@type\":\"ImageObject\",\"@id\":\"https:\/\/chemitool.com\/#logo\",\"inLanguage\":\"es\",\"url\":\"https:\/\/chemitool.com\/wp-content\/uploads\/2020\/10\/logo_chemitool.png\",\"contentUrl\":\"https:\/\/chemitool.com\/wp-content\/uploads\/2020\/10\/logo_chemitool.png\",\"width\":400,\"height\":400,\"caption\":\"Chemitool\"},\"image\":{\"@id\":\"https:\/\/chemitool.com\/#logo\"}},{\"@type\":\"WebSite\",\"@id\":\"https:\/\/chemitool.com\/#website\",\"url\":\"https:\/\/chemitool.com\/\",\"name\":\"Chemitool\",\"description\":\"Chemitool - hardware and tools\",\"publisher\":{\"@id\":\"https:\/\/chemitool.com\/#organization\"},\"potentialAction\":[{\"@type\":\"SearchAction\",\"target\":{\"@type\":\"EntryPoint\",\"urlTemplate\":\"https:\/\/chemitool.com\/?s={search_term_string}\"},\"query-input\":\"required name=search_term_string\"}],\"inLanguage\":\"es\"},{\"@type\":\"ImageObject\",\"@id\":\"https:\/\/chemitool.com\/es\/products\/tools\/herramientas-construccion\/llanas\/llana-acero-inoxidable-mango-dentada\/#primaryimage\",\"inLanguage\":\"es\",\"url\":\"https:\/\/chemitool.com\/wp-content\/uploads\/2023\/11\/CHT200701027006_CHT200701027008_CHT200701027010.png\",\"contentUrl\":\"https:\/\/chemitool.com\/wp-content\/uploads\/2023\/11\/CHT200701027006_CHT200701027008_CHT200701027010.png\",\"width\":800,\"height\":800},{\"@type\":\"WebPage\",\"@id\":\"https:\/\/chemitool.com\/es\/products\/tools\/herramientas-construccion\/llanas\/llana-acero-inoxidable-mango-dentada\/#webpage\",\"url\":\"https:\/\/chemitool.com\/es\/products\/tools\/herramientas-construccion\/llanas\/llana-acero-inoxidable-mango-dentada\/\",\"name\":\"LLANA ACERO INOXIDABLE MANGO DENTADA &ndash; Chemitool\",\"isPartOf\":{\"@id\":\"https:\/\/chemitool.com\/#website\"},\"primaryImageOfPage\":{\"@id\":\"https:\/\/chemitool.com\/es\/products\/tools\/herramientas-construccion\/llanas\/llana-acero-inoxidable-mango-dentada\/#primaryimage\"},\"datePublished\":\"2023-11-09T09:16:32+00:00\",\"dateModified\":\"2023-12-18T10:17:36+00:00\",\"description\":\"Llana Acero Inoxidable Mango Dentada CHEMITOOL con hoja de acero inoxidable flexible de alta calidad, m\\u00e1xima durabilidad sin deterioro. Hoja perfectamente plana para garantizar un acabado perfecto, barnizada para evitar la oxidaci\\u00f3n y perfectamente ajustada. Mango ergon\\u00f3mico bimaterial, muy ligero, resistente a la temperatura y antideslizante. Para trabajos de alicatado y pavimentaci\\u00f3n.\",\"breadcrumb\":{\"@id\":\"https:\/\/chemitool.com\/es\/products\/tools\/herramientas-construccion\/llanas\/llana-acero-inoxidable-mango-dentada\/#breadcrumb\"},\"inLanguage\":\"es\",\"potentialAction\":[{\"@type\":\"ReadAction\",\"target\":[\"https:\/\/chemitool.com\/es\/products\/tools\/herramientas-construccion\/llanas\/llana-acero-inoxidable-mango-dentada\/\"]}]},{\"@type\":\"BreadcrumbList\",\"@id\":\"https:\/\/chemitool.com\/es\/products\/tools\/herramientas-construccion\/llanas\/llana-acero-inoxidable-mango-dentada\/#breadcrumb\",\"itemListElement\":[{\"@type\":\"ListItem\",\"position\":1,\"name\":\"Home\",\"item\":\"https:\/\/chemitool.com\/es\/\"},{\"@type\":\"ListItem\",\"position\":2,\"name\":\"Productos\",\"item\":\"https:\/\/chemitool.com\/es\/productos\/\"},{\"@type\":\"ListItem\",\"position\":3,\"name\":\"CHEMICALS\",\"item\":\"https:\/\/chemitool.com\/es\/categoria-producto\/chemicals\/\"},{\"@type\":\"ListItem\",\"position\":4,\"name\":\"LLANA ACERO INOXIDABLE MANGO DENTADA\"}]}]}<\/script>\n<!-- \/ Yoast SEO plugin. -->","yoast_head_json":{"title":"LLANA ACERO INOXIDABLE MANGO DENTADA &ndash; Chemitool","description":"Llana Acero Inoxidable Mango Dentada CHEMITOOL con hoja de acero inoxidable flexible de alta calidad, m\u00e1xima durabilidad sin deterioro. Hoja perfectamente plana para garantizar un acabado perfecto, barnizada para evitar la oxidaci\u00f3n y perfectamente ajustada. Mango ergon\u00f3mico bimaterial, muy ligero, resistente a la temperatura y antideslizante. Para trabajos de alicatado y pavimentaci\u00f3n.","robots":{"index":"index","follow":"follow","max-snippet":"max-snippet:-1","max-image-preview":"max-image-preview:large","max-video-preview":"max-video-preview:-1"},"canonical":"https:\/\/chemitool.com\/es\/products\/tools\/herramientas-construccion\/llanas\/llana-acero-inoxidable-mango-dentada\/","og_locale":"es_ES","og_type":"article","og_title":"LLANA ACERO INOXIDABLE MANGO DENTADA &ndash; Chemitool","og_description":"Llana Acero Inoxidable Mango Dentada CHEMITOOL con hoja de acero inoxidable flexible de alta calidad, m\u00e1xima durabilidad sin deterioro. Hoja perfectamente plana para garantizar un acabado perfecto, barnizada para evitar la oxidaci\u00f3n y perfectamente ajustada. Mango ergon\u00f3mico bimaterial, muy ligero, resistente a la temperatura y antideslizante. Para trabajos de alicatado y pavimentaci\u00f3n.","og_url":"https:\/\/chemitool.com\/es\/products\/tools\/herramientas-construccion\/llanas\/llana-acero-inoxidable-mango-dentada\/","og_site_name":"Chemitool","article_publisher":"https:\/\/www.facebook.com\/chemitool","article_modified_time":"2023-12-18T10:17:36+00:00","og_image":[{"width":800,"height":800,"url":"https:\/\/chemitool.com\/wp-content\/uploads\/2023\/11\/CHT200701027006_CHT200701027008_CHT200701027010.png","type":"image\/png"}],"twitter_card":"summary_large_image","schema":{"@context":"https:\/\/schema.org","@graph":[{"@type":"Organization","@id":"https:\/\/chemitool.com\/#organization","name":"Chemitool","url":"https:\/\/chemitool.com\/","sameAs":["https:\/\/www.facebook.com\/chemitool","https:\/\/www.instagram.com\/chemitool\/"],"logo":{"@type":"ImageObject","@id":"https:\/\/chemitool.com\/#logo","inLanguage":"es","url":"https:\/\/chemitool.com\/wp-content\/uploads\/2020\/10\/logo_chemitool.png","contentUrl":"https:\/\/chemitool.com\/wp-content\/uploads\/2020\/10\/logo_chemitool.png","width":400,"height":400,"caption":"Chemitool"},"image":{"@id":"https:\/\/chemitool.com\/#logo"}},{"@type":"WebSite","@id":"https:\/\/chemitool.com\/#website","url":"https:\/\/chemitool.com\/","name":"Chemitool","description":"Chemitool - hardware and tools","publisher":{"@id":"https:\/\/chemitool.com\/#organization"},"potentialAction":[{"@type":"SearchAction","target":{"@type":"EntryPoint","urlTemplate":"https:\/\/chemitool.com\/?s={search_term_string}"},"query-input":"required name=search_term_string"}],"inLanguage":"es"},{"@type":"ImageObject","@id":"https:\/\/chemitool.com\/es\/products\/tools\/herramientas-construccion\/llanas\/llana-acero-inoxidable-mango-dentada\/#primaryimage","inLanguage":"es","url":"https:\/\/chemitool.com\/wp-content\/uploads\/2023\/11\/CHT200701027006_CHT200701027008_CHT200701027010.png","contentUrl":"https:\/\/chemitool.com\/wp-content\/uploads\/2023\/11\/CHT200701027006_CHT200701027008_CHT200701027010.png","width":800,"height":800},{"@type":"WebPage","@id":"https:\/\/chemitool.com\/es\/products\/tools\/herramientas-construccion\/llanas\/llana-acero-inoxidable-mango-dentada\/#webpage","url":"https:\/\/chemitool.com\/es\/products\/tools\/herramientas-construccion\/llanas\/llana-acero-inoxidable-mango-dentada\/","name":"LLANA ACERO INOXIDABLE MANGO DENTADA &ndash; Chemitool","isPartOf":{"@id":"https:\/\/chemitool.com\/#website"},"primaryImageOfPage":{"@id":"https:\/\/chemitool.com\/es\/products\/tools\/herramientas-construccion\/llanas\/llana-acero-inoxidable-mango-dentada\/#primaryimage"},"datePublished":"2023-11-09T09:16:32+00:00","dateModified":"2023-12-18T10:17:36+00:00","description":"Llana Acero Inoxidable Mango Dentada CHEMITOOL con hoja de acero inoxidable flexible de alta calidad, m\u00e1xima durabilidad sin deterioro. Hoja perfectamente plana para garantizar un acabado perfecto, barnizada para evitar la oxidaci\u00f3n y perfectamente ajustada. Mango ergon\u00f3mico bimaterial, muy ligero, resistente a la temperatura y antideslizante. Para trabajos de alicatado y pavimentaci\u00f3n.","breadcrumb":{"@id":"https:\/\/chemitool.com\/es\/products\/tools\/herramientas-construccion\/llanas\/llana-acero-inoxidable-mango-dentada\/#breadcrumb"},"inLanguage":"es","potentialAction":[{"@type":"ReadAction","target":["https:\/\/chemitool.com\/es\/products\/tools\/herramientas-construccion\/llanas\/llana-acero-inoxidable-mango-dentada\/"]}]},{"@type":"BreadcrumbList","@id":"https:\/\/chemitool.com\/es\/products\/tools\/herramientas-construccion\/llanas\/llana-acero-inoxidable-mango-dentada\/#breadcrumb","itemListElement":[{"@type":"ListItem","position":1,"name":"Home","item":"https:\/\/chemitool.com\/es\/"},{"@type":"ListItem","position":2,"name":"Productos","item":"https:\/\/chemitool.com\/es\/productos\/"},{"@type":"ListItem","position":3,"name":"CHEMICALS","item":"https:\/\/chemitool.com\/es\/categoria-producto\/chemicals\/"},{"@type":"ListItem","position":4,"name":"LLANA ACERO INOXIDABLE MANGO DENTADA"}]}]}},"_links":{"self":[{"href":"https:\/\/chemitool.com\/es\/wp-json\/wp\/v2\/product\/35508"}],"collection":[{"href":"https:\/\/chemitool.com\/es\/wp-json\/wp\/v2\/product"}],"about":[{"href":"https:\/\/chemitool.com\/es\/wp-json\/wp\/v2\/types\/product"}],"wp:featuredmedia":[{"embeddable":true,"href":"https:\/\/chemitool.com\/es\/wp-json\/wp\/v2\/media\/35513"}],"wp:attachment":[{"href":"https:\/\/chemitool.com\/es\/wp-json\/wp\/v2\/media?parent=35508"}],"wp:term":[{"taxonomy":"product_cat","embeddable":true,"href":"https:\/\/chemitool.com\/es\/wp-json\/wp\/v2\/product_cat?post=35508"},{"taxonomy":"product_tag","embeddable":true,"href":"https:\/\/chemitool.com\/es\/wp-json\/wp\/v2\/product_tag?post=35508"}],"curies":[{"name":"wp","href":"https:\/\/api.w.org\/{rel}","templated":true}]}}