{"id":35326,"date":"2023-11-06T17:17:16","date_gmt":"2023-11-06T17:17:24","guid":{"rendered":"https:\/\/chemitool.com\/?post_type=product&#038;p=35326"},"modified":"2023-11-06T18:00:40","modified_gmt":"2023-11-06T18:00:40","slug":"fresas-frontales-hss-para-aluminio-pvc","status":"publish","type":"product","link":"https:\/\/chemitool.com\/es\/products\/cutting\/herramientas-de-molienda-y-desbaste\/fresas-frontal-para-aluminio-es-2\/fresas-frontales-hss-para-aluminio-pvc\/","title":{"rendered":"FRESAS FRONTALES HSS PARA ALUMINIO \/ PVC"},"content":{"rendered":"<p><strong>VENTAJAS<\/strong><\/p>\n<ul>\n<li>Excelente relaci\u00f3n calidad\/valor<\/li>\n<li>Acero R\u00e1pido M35 5% Co y M42 8% Co<\/li>\n<li>Totalmente rectificado<\/li>\n<li>Alta capacidad de remoci\u00f3n de material<\/li>\n<li>Versi\u00f3n corta y larga<\/li>\n<li>Resistente a la rotura<\/li>\n<li>Larga vida \u00fatil de la herramienta<\/li>\n<\/ul>\n<p>La fresa frontal para aluminio HSS CHEMITOOL est\u00e1 fabricada \u00edntegramente en acero r\u00e1pido de calidad M35 5% Cobalto y M42 8% Cobalto, preparada para taladrar y rectificar\/fresar especialmente en perfiles de aluminio y PVC, pudiendo utilizarse en aleaciones met\u00e1licas y pl\u00e1sticos con espesores hasta 4mm.<\/p>\n<p>Nota importante, el uso de este tipo de cortadora debe respetar las velocidades recomendadas, que van desde 5100 rpm (10 mm de di\u00e1metro a 160 m\/min) hasta 17000 rpm (3 mm de di\u00e1metro a 160 m\/min).<\/p>\n<p>Embalado en un bl\u00edster con agujeros para su exhibici\u00f3n.<\/p>\n<p><img class=\"alignnone wp-image-23608\" src=\"https:\/\/chemitool.com\/wp-content\/uploads\/2022\/06\/Condutividade-300x300.png\" alt=\"\" width=\"60\" height=\"60\" srcset=\"https:\/\/chemitool.com\/wp-content\/uploads\/2022\/06\/Condutividade-300x300.png 300w, https:\/\/chemitool.com\/wp-content\/uploads\/2022\/06\/Condutividade-150x150.png 150w, https:\/\/chemitool.com\/wp-content\/uploads\/2022\/06\/Condutividade-100x100.png 100w, https:\/\/chemitool.com\/wp-content\/uploads\/2022\/06\/Condutividade.png 377w\" sizes=\"(max-width: 60px) 100vw, 60px\" \/><img class=\"alignnone wp-image-21338\" src=\"https:\/\/chemitool.com\/wp-content\/uploads\/2022\/04\/Artboard-3-1-300x300.png\" alt=\"\" width=\"67\" height=\"67\" srcset=\"https:\/\/chemitool.com\/wp-content\/uploads\/2022\/04\/Artboard-3-1-300x300.png 300w, https:\/\/chemitool.com\/wp-content\/uploads\/2022\/04\/Artboard-3-1-150x150.png 150w, https:\/\/chemitool.com\/wp-content\/uploads\/2022\/04\/Artboard-3-1-768x767.png 768w, https:\/\/chemitool.com\/wp-content\/uploads\/2022\/04\/Artboard-3-1-650x650.png 650w, https:\/\/chemitool.com\/wp-content\/uploads\/2022\/04\/Artboard-3-1-600x599.png 600w, https:\/\/chemitool.com\/wp-content\/uploads\/2022\/04\/Artboard-3-1-100x100.png 100w, https:\/\/chemitool.com\/wp-content\/uploads\/2022\/04\/Artboard-3-1.png 801w\" sizes=\"(max-width: 67px) 100vw, 67px\" \/><img class=\"alignnone wp-image-21344\" src=\"https:\/\/chemitool.com\/wp-content\/uploads\/2022\/04\/Artboard-5-1-300x300.png\" alt=\"\" width=\"68\" height=\"68\" srcset=\"https:\/\/chemitool.com\/wp-content\/uploads\/2022\/04\/Artboard-5-1-300x300.png 300w, https:\/\/chemitool.com\/wp-content\/uploads\/2022\/04\/Artboard-5-1-150x150.png 150w, https:\/\/chemitool.com\/wp-content\/uploads\/2022\/04\/Artboard-5-1-768x767.png 768w, https:\/\/chemitool.com\/wp-content\/uploads\/2022\/04\/Artboard-5-1-650x650.png 650w, https:\/\/chemitool.com\/wp-content\/uploads\/2022\/04\/Artboard-5-1-600x599.png 600w, https:\/\/chemitool.com\/wp-content\/uploads\/2022\/04\/Artboard-5-1-100x100.png 100w, https:\/\/chemitool.com\/wp-content\/uploads\/2022\/04\/Artboard-5-1.png 801w\" sizes=\"(max-width: 68px) 100vw, 68px\" \/><img class=\"alignnone wp-image-21341\" src=\"https:\/\/chemitool.com\/wp-content\/uploads\/2022\/04\/Artboard-4-1-300x300.png\" alt=\"\" width=\"64\" height=\"64\" srcset=\"https:\/\/chemitool.com\/wp-content\/uploads\/2022\/04\/Artboard-4-1-300x300.png 300w, https:\/\/chemitool.com\/wp-content\/uploads\/2022\/04\/Artboard-4-1-150x150.png 150w, https:\/\/chemitool.com\/wp-content\/uploads\/2022\/04\/Artboard-4-1-768x767.png 768w, https:\/\/chemitool.com\/wp-content\/uploads\/2022\/04\/Artboard-4-1-650x650.png 650w, https:\/\/chemitool.com\/wp-content\/uploads\/2022\/04\/Artboard-4-1-600x599.png 600w, https:\/\/chemitool.com\/wp-content\/uploads\/2022\/04\/Artboard-4-1-100x100.png 100w, https:\/\/chemitool.com\/wp-content\/uploads\/2022\/04\/Artboard-4-1.png 801w\" sizes=\"(max-width: 64px) 100vw, 64px\" \/><img class=\"alignnone wp-image-23605\" src=\"https:\/\/chemitool.com\/wp-content\/uploads\/2022\/06\/CorteMao-300x300.png\" alt=\"\" width=\"60\" height=\"60\" srcset=\"https:\/\/chemitool.com\/wp-content\/uploads\/2022\/06\/CorteMao-300x300.png 300w, https:\/\/chemitool.com\/wp-content\/uploads\/2022\/06\/CorteMao-150x150.png 150w, https:\/\/chemitool.com\/wp-content\/uploads\/2022\/06\/CorteMao-100x100.png 100w, https:\/\/chemitool.com\/wp-content\/uploads\/2022\/06\/CorteMao.png 378w\" sizes=\"(max-width: 60px) 100vw, 60px\" \/><\/p>\n","protected":false},"excerpt":{"rendered":"<p><em>Las fresas frontales para aluminio CHEMITOOL<\/em> fueron desarrolladas mediante cuidadosos procesos de fabricaci\u00f3n, con el fin de proporcionar a los profesionales una excelente relaci\u00f3n calidad y rendimiento en el taladrado y fresado de perfiles de aluminio y PVC.<\/p>\n","protected":false},"featured_media":35322,"template":"","meta":[],"product_cat":[1426,4608,5062],"product_tag":[],"yoast_head":"<!-- This site is optimized with the Yoast SEO plugin v17.4 - https:\/\/yoast.com\/wordpress\/plugins\/seo\/ -->\n<title>FRESAS FRONTALES HSS PARA ALUMINIO \/ PVC &ndash; Chemitool<\/title>\n<meta name=\"description\" content=\"Las fresas frontales para aluminio CHEMITOOL fueron desarrolladas mediante cuidadosos procesos de fabricaci\u00f3n, con el fin de proporcionar a los profesionales una excelente relaci\u00f3n calidad y rendimiento en el taladrado y fresado de perfiles de aluminio y PVC.\" \/>\n<meta name=\"robots\" content=\"index, follow, max-snippet:-1, max-image-preview:large, max-video-preview:-1\" \/>\n<link rel=\"canonical\" href=\"https:\/\/chemitool.com\/es\/products\/cutting\/herramientas-de-molienda-y-desbaste\/fresas-frontal-para-aluminio-es-2\/fresas-frontales-hss-para-aluminio-pvc\/\" \/>\n<meta property=\"og:locale\" content=\"es_ES\" \/>\n<meta property=\"og:type\" content=\"article\" \/>\n<meta property=\"og:title\" content=\"FRESAS FRONTALES HSS PARA ALUMINIO \/ PVC &ndash; Chemitool\" \/>\n<meta property=\"og:description\" content=\"Las fresas frontales para aluminio CHEMITOOL fueron desarrolladas mediante cuidadosos procesos de fabricaci\u00f3n, con el fin de proporcionar a los profesionales una excelente relaci\u00f3n calidad y rendimiento en el taladrado y fresado de perfiles de aluminio y PVC.\" \/>\n<meta property=\"og:url\" content=\"https:\/\/chemitool.com\/es\/products\/cutting\/herramientas-de-molienda-y-desbaste\/fresas-frontal-para-aluminio-es-2\/fresas-frontales-hss-para-aluminio-pvc\/\" \/>\n<meta property=\"og:site_name\" content=\"Chemitool\" \/>\n<meta property=\"article:publisher\" content=\"https:\/\/www.facebook.com\/chemitool\" \/>\n<meta property=\"article:modified_time\" content=\"2023-11-06T18:00:40+00:00\" \/>\n<meta property=\"og:image\" content=\"https:\/\/chemitool.com\/wp-content\/uploads\/2023\/11\/CHA240.png\" \/>\n\t<meta property=\"og:image:width\" content=\"800\" \/>\n\t<meta property=\"og:image:height\" content=\"800\" \/>\n<meta name=\"twitter:card\" content=\"summary_large_image\" \/>\n<meta name=\"twitter:label1\" content=\"Tiempo de lectura\" \/>\n\t<meta name=\"twitter:data1\" content=\"1 minuto\" \/>\n<script type=\"application\/ld+json\" class=\"yoast-schema-graph\">{\"@context\":\"https:\/\/schema.org\",\"@graph\":[{\"@type\":\"Organization\",\"@id\":\"https:\/\/chemitool.com\/#organization\",\"name\":\"Chemitool\",\"url\":\"https:\/\/chemitool.com\/\",\"sameAs\":[\"https:\/\/www.facebook.com\/chemitool\",\"https:\/\/www.instagram.com\/chemitool\/\"],\"logo\":{\"@type\":\"ImageObject\",\"@id\":\"https:\/\/chemitool.com\/#logo\",\"inLanguage\":\"es\",\"url\":\"https:\/\/chemitool.com\/wp-content\/uploads\/2020\/10\/logo_chemitool.png\",\"contentUrl\":\"https:\/\/chemitool.com\/wp-content\/uploads\/2020\/10\/logo_chemitool.png\",\"width\":400,\"height\":400,\"caption\":\"Chemitool\"},\"image\":{\"@id\":\"https:\/\/chemitool.com\/#logo\"}},{\"@type\":\"WebSite\",\"@id\":\"https:\/\/chemitool.com\/#website\",\"url\":\"https:\/\/chemitool.com\/\",\"name\":\"Chemitool\",\"description\":\"Chemitool - hardware and tools\",\"publisher\":{\"@id\":\"https:\/\/chemitool.com\/#organization\"},\"potentialAction\":[{\"@type\":\"SearchAction\",\"target\":{\"@type\":\"EntryPoint\",\"urlTemplate\":\"https:\/\/chemitool.com\/?s={search_term_string}\"},\"query-input\":\"required name=search_term_string\"}],\"inLanguage\":\"es\"},{\"@type\":\"ImageObject\",\"@id\":\"https:\/\/chemitool.com\/es\/products\/cutting\/herramientas-de-molienda-y-desbaste\/fresas-frontal-para-aluminio-es-2\/fresas-frontales-hss-para-aluminio-pvc\/#primaryimage\",\"inLanguage\":\"es\",\"url\":\"https:\/\/chemitool.com\/wp-content\/uploads\/2023\/11\/CHA240.png\",\"contentUrl\":\"https:\/\/chemitool.com\/wp-content\/uploads\/2023\/11\/CHA240.png\",\"width\":800,\"height\":800},{\"@type\":\"WebPage\",\"@id\":\"https:\/\/chemitool.com\/es\/products\/cutting\/herramientas-de-molienda-y-desbaste\/fresas-frontal-para-aluminio-es-2\/fresas-frontales-hss-para-aluminio-pvc\/#webpage\",\"url\":\"https:\/\/chemitool.com\/es\/products\/cutting\/herramientas-de-molienda-y-desbaste\/fresas-frontal-para-aluminio-es-2\/fresas-frontales-hss-para-aluminio-pvc\/\",\"name\":\"FRESAS FRONTALES HSS PARA ALUMINIO \/ PVC &ndash; Chemitool\",\"isPartOf\":{\"@id\":\"https:\/\/chemitool.com\/#website\"},\"primaryImageOfPage\":{\"@id\":\"https:\/\/chemitool.com\/es\/products\/cutting\/herramientas-de-molienda-y-desbaste\/fresas-frontal-para-aluminio-es-2\/fresas-frontales-hss-para-aluminio-pvc\/#primaryimage\"},\"datePublished\":\"2023-11-06T17:17:24+00:00\",\"dateModified\":\"2023-11-06T18:00:40+00:00\",\"description\":\"Las fresas frontales para aluminio CHEMITOOL fueron desarrolladas mediante cuidadosos procesos de fabricaci\\u00f3n, con el fin de proporcionar a los profesionales una excelente relaci\\u00f3n calidad y rendimiento en el taladrado y fresado de perfiles de aluminio y PVC.\",\"breadcrumb\":{\"@id\":\"https:\/\/chemitool.com\/es\/products\/cutting\/herramientas-de-molienda-y-desbaste\/fresas-frontal-para-aluminio-es-2\/fresas-frontales-hss-para-aluminio-pvc\/#breadcrumb\"},\"inLanguage\":\"es\",\"potentialAction\":[{\"@type\":\"ReadAction\",\"target\":[\"https:\/\/chemitool.com\/es\/products\/cutting\/herramientas-de-molienda-y-desbaste\/fresas-frontal-para-aluminio-es-2\/fresas-frontales-hss-para-aluminio-pvc\/\"]}]},{\"@type\":\"BreadcrumbList\",\"@id\":\"https:\/\/chemitool.com\/es\/products\/cutting\/herramientas-de-molienda-y-desbaste\/fresas-frontal-para-aluminio-es-2\/fresas-frontales-hss-para-aluminio-pvc\/#breadcrumb\",\"itemListElement\":[{\"@type\":\"ListItem\",\"position\":1,\"name\":\"Home\",\"item\":\"https:\/\/chemitool.com\/es\/\"},{\"@type\":\"ListItem\",\"position\":2,\"name\":\"Productos\",\"item\":\"https:\/\/chemitool.com\/es\/productos\/\"},{\"@type\":\"ListItem\",\"position\":3,\"name\":\"Cutting\",\"item\":\"https:\/\/chemitool.com\/es\/categoria-producto\/cutting\/\"},{\"@type\":\"ListItem\",\"position\":4,\"name\":\"HERRAMIENTAS DE MOLIENDA Y DESBASTE\",\"item\":\"https:\/\/chemitool.com\/es\/categoria-producto\/cutting\/herramientas-de-molienda-y-desbaste\/\"},{\"@type\":\"ListItem\",\"position\":5,\"name\":\"FRESAS FRONTAL PARA ALUMINIO\",\"item\":\"https:\/\/chemitool.com\/es\/categoria-producto\/cutting\/herramientas-de-molienda-y-desbaste\/fresas-frontal-para-aluminio-es-2\/\"},{\"@type\":\"ListItem\",\"position\":6,\"name\":\"FRESAS FRONTALES HSS PARA ALUMINIO \/ PVC\"}]}]}<\/script>\n<!-- \/ Yoast SEO plugin. -->","yoast_head_json":{"title":"FRESAS FRONTALES HSS PARA ALUMINIO \/ PVC &ndash; Chemitool","description":"Las fresas frontales para aluminio CHEMITOOL fueron desarrolladas mediante cuidadosos procesos de fabricaci\u00f3n, con el fin de proporcionar a los profesionales una excelente relaci\u00f3n calidad y rendimiento en el taladrado y fresado de perfiles de aluminio y PVC.","robots":{"index":"index","follow":"follow","max-snippet":"max-snippet:-1","max-image-preview":"max-image-preview:large","max-video-preview":"max-video-preview:-1"},"canonical":"https:\/\/chemitool.com\/es\/products\/cutting\/herramientas-de-molienda-y-desbaste\/fresas-frontal-para-aluminio-es-2\/fresas-frontales-hss-para-aluminio-pvc\/","og_locale":"es_ES","og_type":"article","og_title":"FRESAS FRONTALES HSS PARA ALUMINIO \/ PVC &ndash; Chemitool","og_description":"Las fresas frontales para aluminio CHEMITOOL fueron desarrolladas mediante cuidadosos procesos de fabricaci\u00f3n, con el fin de proporcionar a los profesionales una excelente relaci\u00f3n calidad y rendimiento en el taladrado y fresado de perfiles de aluminio y PVC.","og_url":"https:\/\/chemitool.com\/es\/products\/cutting\/herramientas-de-molienda-y-desbaste\/fresas-frontal-para-aluminio-es-2\/fresas-frontales-hss-para-aluminio-pvc\/","og_site_name":"Chemitool","article_publisher":"https:\/\/www.facebook.com\/chemitool","article_modified_time":"2023-11-06T18:00:40+00:00","og_image":[{"width":800,"height":800,"url":"https:\/\/chemitool.com\/wp-content\/uploads\/2023\/11\/CHA240.png","type":"image\/png"}],"twitter_card":"summary_large_image","twitter_misc":{"Tiempo de lectura":"1 minuto"},"schema":{"@context":"https:\/\/schema.org","@graph":[{"@type":"Organization","@id":"https:\/\/chemitool.com\/#organization","name":"Chemitool","url":"https:\/\/chemitool.com\/","sameAs":["https:\/\/www.facebook.com\/chemitool","https:\/\/www.instagram.com\/chemitool\/"],"logo":{"@type":"ImageObject","@id":"https:\/\/chemitool.com\/#logo","inLanguage":"es","url":"https:\/\/chemitool.com\/wp-content\/uploads\/2020\/10\/logo_chemitool.png","contentUrl":"https:\/\/chemitool.com\/wp-content\/uploads\/2020\/10\/logo_chemitool.png","width":400,"height":400,"caption":"Chemitool"},"image":{"@id":"https:\/\/chemitool.com\/#logo"}},{"@type":"WebSite","@id":"https:\/\/chemitool.com\/#website","url":"https:\/\/chemitool.com\/","name":"Chemitool","description":"Chemitool - hardware and tools","publisher":{"@id":"https:\/\/chemitool.com\/#organization"},"potentialAction":[{"@type":"SearchAction","target":{"@type":"EntryPoint","urlTemplate":"https:\/\/chemitool.com\/?s={search_term_string}"},"query-input":"required name=search_term_string"}],"inLanguage":"es"},{"@type":"ImageObject","@id":"https:\/\/chemitool.com\/es\/products\/cutting\/herramientas-de-molienda-y-desbaste\/fresas-frontal-para-aluminio-es-2\/fresas-frontales-hss-para-aluminio-pvc\/#primaryimage","inLanguage":"es","url":"https:\/\/chemitool.com\/wp-content\/uploads\/2023\/11\/CHA240.png","contentUrl":"https:\/\/chemitool.com\/wp-content\/uploads\/2023\/11\/CHA240.png","width":800,"height":800},{"@type":"WebPage","@id":"https:\/\/chemitool.com\/es\/products\/cutting\/herramientas-de-molienda-y-desbaste\/fresas-frontal-para-aluminio-es-2\/fresas-frontales-hss-para-aluminio-pvc\/#webpage","url":"https:\/\/chemitool.com\/es\/products\/cutting\/herramientas-de-molienda-y-desbaste\/fresas-frontal-para-aluminio-es-2\/fresas-frontales-hss-para-aluminio-pvc\/","name":"FRESAS FRONTALES HSS PARA ALUMINIO \/ PVC &ndash; Chemitool","isPartOf":{"@id":"https:\/\/chemitool.com\/#website"},"primaryImageOfPage":{"@id":"https:\/\/chemitool.com\/es\/products\/cutting\/herramientas-de-molienda-y-desbaste\/fresas-frontal-para-aluminio-es-2\/fresas-frontales-hss-para-aluminio-pvc\/#primaryimage"},"datePublished":"2023-11-06T17:17:24+00:00","dateModified":"2023-11-06T18:00:40+00:00","description":"Las fresas frontales para aluminio CHEMITOOL fueron desarrolladas mediante cuidadosos procesos de fabricaci\u00f3n, con el fin de proporcionar a los profesionales una excelente relaci\u00f3n calidad y rendimiento en el taladrado y fresado de perfiles de aluminio y PVC.","breadcrumb":{"@id":"https:\/\/chemitool.com\/es\/products\/cutting\/herramientas-de-molienda-y-desbaste\/fresas-frontal-para-aluminio-es-2\/fresas-frontales-hss-para-aluminio-pvc\/#breadcrumb"},"inLanguage":"es","potentialAction":[{"@type":"ReadAction","target":["https:\/\/chemitool.com\/es\/products\/cutting\/herramientas-de-molienda-y-desbaste\/fresas-frontal-para-aluminio-es-2\/fresas-frontales-hss-para-aluminio-pvc\/"]}]},{"@type":"BreadcrumbList","@id":"https:\/\/chemitool.com\/es\/products\/cutting\/herramientas-de-molienda-y-desbaste\/fresas-frontal-para-aluminio-es-2\/fresas-frontales-hss-para-aluminio-pvc\/#breadcrumb","itemListElement":[{"@type":"ListItem","position":1,"name":"Home","item":"https:\/\/chemitool.com\/es\/"},{"@type":"ListItem","position":2,"name":"Productos","item":"https:\/\/chemitool.com\/es\/productos\/"},{"@type":"ListItem","position":3,"name":"Cutting","item":"https:\/\/chemitool.com\/es\/categoria-producto\/cutting\/"},{"@type":"ListItem","position":4,"name":"HERRAMIENTAS DE MOLIENDA Y DESBASTE","item":"https:\/\/chemitool.com\/es\/categoria-producto\/cutting\/herramientas-de-molienda-y-desbaste\/"},{"@type":"ListItem","position":5,"name":"FRESAS FRONTAL PARA ALUMINIO","item":"https:\/\/chemitool.com\/es\/categoria-producto\/cutting\/herramientas-de-molienda-y-desbaste\/fresas-frontal-para-aluminio-es-2\/"},{"@type":"ListItem","position":6,"name":"FRESAS FRONTALES HSS PARA ALUMINIO \/ PVC"}]}]}},"_links":{"self":[{"href":"https:\/\/chemitool.com\/es\/wp-json\/wp\/v2\/product\/35326"}],"collection":[{"href":"https:\/\/chemitool.com\/es\/wp-json\/wp\/v2\/product"}],"about":[{"href":"https:\/\/chemitool.com\/es\/wp-json\/wp\/v2\/types\/product"}],"wp:featuredmedia":[{"embeddable":true,"href":"https:\/\/chemitool.com\/es\/wp-json\/wp\/v2\/media\/35322"}],"wp:attachment":[{"href":"https:\/\/chemitool.com\/es\/wp-json\/wp\/v2\/media?parent=35326"}],"wp:term":[{"taxonomy":"product_cat","embeddable":true,"href":"https:\/\/chemitool.com\/es\/wp-json\/wp\/v2\/product_cat?post=35326"},{"taxonomy":"product_tag","embeddable":true,"href":"https:\/\/chemitool.com\/es\/wp-json\/wp\/v2\/product_tag?post=35326"}],"curies":[{"name":"wp","href":"https:\/\/api.w.org\/{rel}","templated":true}]}}