{"id":35089,"date":"2023-10-27T08:37:12","date_gmt":"2023-10-27T08:37:13","guid":{"rendered":"https:\/\/chemitool.com\/?post_type=product&#038;p=35089"},"modified":"2023-10-27T11:49:34","modified_gmt":"2023-10-27T11:49:34","slug":"cojinetes-metricos-rosca-metrica-fina-din223-din22568b","status":"publish","type":"product","link":"https:\/\/chemitool.com\/es\/products\/cutting\/herramientas-de-roscado\/roscado-manuale\/cojinetes-metricos-rosca-metrica-fina-din223-din22568b\/","title":{"rendered":"COJINETES M\u00c9TRICOS ROSCA M\u00c9TRICA FINA \u2013 DIN223 \/ DIN22568B"},"content":{"rendered":"<p><strong>VENTAJAS<\/strong><\/p>\n<ul>\n<li>Gran relaci\u00f3n calidad\/valor<\/li>\n<li>F\u00e1cil de usar<\/li>\n<li>Rosca m\u00e9trica fina<\/li>\n<li>Totalmente rectificado<\/li>\n<li>Resistente a la rotura<\/li>\n<\/ul>\n<p>Lo cojinete de rosca fina m\u00e9trica CHEMITOOL conforme la norma DIN223, DIN EN 22568, se utiliza manualmente para crear roscas externas finas m\u00e9tricas. Suelen tener tres o m\u00e1s filos de corte y se utilizan en rectificadoras manuales o incluso en tornos.<\/p>\n<p>La geometr\u00eda interna (agujeros) de lo cojinete se utiliza para la eliminaci\u00f3n r\u00e1pida y constante de virutas durante el proceso de roscado.<\/p>\n<p>En CHEMITOOL disponemos de la versi\u00f3n\/forma B de lo cojinete, que se define por ser totalmente maciza con una ranura lateral, siendo esta la m\u00e1s com\u00fan en cuanto a su uso.<\/p>\n<p>Este tipo de cojinetes m\u00e9tricos han sido fabricados para la producci\u00f3n manual de roscas m\u00e9tricas ISO externas finas seg\u00fan DIN13, en metales no f\u00e9rricos con una dureza de 800 N\/mm2.<\/p>\n<p>Los pasos de rosca de los cojinetes se ajustan a la clase de tolerancia ISO 6g.<\/p>\n<p>Embalado en un bl\u00edster con agujeros para su exhibici\u00f3n.<\/p>\n<p><img class=\"alignnone wp-image-23608\" src=\"https:\/\/chemitool.com\/wp-content\/uploads\/2022\/06\/Condutividade-300x300.png\" alt=\"\" width=\"60\" height=\"60\" srcset=\"https:\/\/chemitool.com\/wp-content\/uploads\/2022\/06\/Condutividade-300x300.png 300w, https:\/\/chemitool.com\/wp-content\/uploads\/2022\/06\/Condutividade-150x150.png 150w, https:\/\/chemitool.com\/wp-content\/uploads\/2022\/06\/Condutividade-100x100.png 100w, https:\/\/chemitool.com\/wp-content\/uploads\/2022\/06\/Condutividade.png 377w\" sizes=\"(max-width: 60px) 100vw, 60px\" \/><img class=\"alignnone wp-image-23605\" src=\"https:\/\/chemitool.com\/wp-content\/uploads\/2022\/06\/CorteMao-300x300.png\" alt=\"\" width=\"60\" height=\"60\" srcset=\"https:\/\/chemitool.com\/wp-content\/uploads\/2022\/06\/CorteMao-300x300.png 300w, https:\/\/chemitool.com\/wp-content\/uploads\/2022\/06\/CorteMao-150x150.png 150w, https:\/\/chemitool.com\/wp-content\/uploads\/2022\/06\/CorteMao-100x100.png 100w, https:\/\/chemitool.com\/wp-content\/uploads\/2022\/06\/CorteMao.png 378w\" sizes=\"(max-width: 60px) 100vw, 60px\" \/><img class=\"alignnone wp-image-21338\" src=\"https:\/\/chemitool.com\/wp-content\/uploads\/2022\/04\/Artboard-3-1-300x300.png\" alt=\"\" width=\"67\" height=\"67\" srcset=\"https:\/\/chemitool.com\/wp-content\/uploads\/2022\/04\/Artboard-3-1-300x300.png 300w, https:\/\/chemitool.com\/wp-content\/uploads\/2022\/04\/Artboard-3-1-150x150.png 150w, https:\/\/chemitool.com\/wp-content\/uploads\/2022\/04\/Artboard-3-1-768x767.png 768w, https:\/\/chemitool.com\/wp-content\/uploads\/2022\/04\/Artboard-3-1-650x650.png 650w, https:\/\/chemitool.com\/wp-content\/uploads\/2022\/04\/Artboard-3-1-600x599.png 600w, https:\/\/chemitool.com\/wp-content\/uploads\/2022\/04\/Artboard-3-1-100x100.png 100w, https:\/\/chemitool.com\/wp-content\/uploads\/2022\/04\/Artboard-3-1.png 801w\" sizes=\"(max-width: 67px) 100vw, 67px\" \/><img class=\"alignnone wp-image-21344\" src=\"https:\/\/chemitool.com\/wp-content\/uploads\/2022\/04\/Artboard-5-1-300x300.png\" alt=\"\" width=\"68\" height=\"68\" srcset=\"https:\/\/chemitool.com\/wp-content\/uploads\/2022\/04\/Artboard-5-1-300x300.png 300w, https:\/\/chemitool.com\/wp-content\/uploads\/2022\/04\/Artboard-5-1-150x150.png 150w, https:\/\/chemitool.com\/wp-content\/uploads\/2022\/04\/Artboard-5-1-768x767.png 768w, https:\/\/chemitool.com\/wp-content\/uploads\/2022\/04\/Artboard-5-1-650x650.png 650w, https:\/\/chemitool.com\/wp-content\/uploads\/2022\/04\/Artboard-5-1-600x599.png 600w, https:\/\/chemitool.com\/wp-content\/uploads\/2022\/04\/Artboard-5-1-100x100.png 100w, https:\/\/chemitool.com\/wp-content\/uploads\/2022\/04\/Artboard-5-1.png 801w\" sizes=\"(max-width: 68px) 100vw, 68px\" \/><img class=\"alignnone wp-image-21341\" src=\"https:\/\/chemitool.com\/wp-content\/uploads\/2022\/04\/Artboard-4-1-300x300.png\" alt=\"\" width=\"64\" height=\"64\" srcset=\"https:\/\/chemitool.com\/wp-content\/uploads\/2022\/04\/Artboard-4-1-300x300.png 300w, https:\/\/chemitool.com\/wp-content\/uploads\/2022\/04\/Artboard-4-1-150x150.png 150w, https:\/\/chemitool.com\/wp-content\/uploads\/2022\/04\/Artboard-4-1-768x767.png 768w, https:\/\/chemitool.com\/wp-content\/uploads\/2022\/04\/Artboard-4-1-650x650.png 650w, https:\/\/chemitool.com\/wp-content\/uploads\/2022\/04\/Artboard-4-1-600x599.png 600w, https:\/\/chemitool.com\/wp-content\/uploads\/2022\/04\/Artboard-4-1-100x100.png 100w, https:\/\/chemitool.com\/wp-content\/uploads\/2022\/04\/Artboard-4-1.png 801w\" sizes=\"(max-width: 64px) 100vw, 64px\" \/><\/p>\n","protected":false},"excerpt":{"rendered":"<p><em>Los cojinetes m\u00e9tricos de rosca fina CHEMITOOL<\/em> de acero r\u00e1pido han sido desarrolladas con el objetivo de proporcionar al usuario un producto de buena calidad con un rendimiento de trabajo constante durante el proceso de roscado<\/p>\n","protected":false},"featured_media":35093,"template":"","meta":[],"product_cat":[1426,5046,5049],"product_tag":[],"yoast_head":"<!-- This site is optimized with the Yoast SEO plugin v17.4 - https:\/\/yoast.com\/wordpress\/plugins\/seo\/ -->\n<title>COJINETES M\u00c9TRICOS ROSCA M\u00c9TRICA FINA \u2013 DIN223 \/ DIN22568B &ndash; Chemitool<\/title>\n<meta name=\"description\" content=\"Los cojinetes m\u00e9tricos de rosca fina CHEMITOOL de acero r\u00e1pido han sido desarrolladas con el objetivo de proporcionar al usuario un producto de buena calidad con un rendimiento de trabajo constante durante el proceso de roscado\" \/>\n<meta name=\"robots\" content=\"index, follow, max-snippet:-1, max-image-preview:large, max-video-preview:-1\" \/>\n<link rel=\"canonical\" href=\"https:\/\/chemitool.com\/es\/products\/cutting\/thread-cutting-tools\/manual-thread\/round-dies-metric-fine-thread-din223-din22568b\/\" \/>\n<meta property=\"og:locale\" content=\"es_ES\" \/>\n<meta property=\"og:type\" content=\"article\" \/>\n<meta property=\"og:title\" content=\"COJINETES M\u00c9TRICOS ROSCA M\u00c9TRICA FINA \u2013 DIN223 \/ DIN22568B &ndash; Chemitool\" \/>\n<meta property=\"og:description\" content=\"Los cojinetes m\u00e9tricos de rosca fina CHEMITOOL de acero r\u00e1pido han sido desarrolladas con el objetivo de proporcionar al usuario un producto de buena calidad con un rendimiento de trabajo constante durante el proceso de roscado\" \/>\n<meta property=\"og:url\" content=\"https:\/\/chemitool.com\/products\/cutting\/thread-cutting-tools\/manual-thread\/round-dies-metric-fine-thread-din223-din22568b\/\" \/>\n<meta property=\"og:site_name\" content=\"Chemitool\" \/>\n<meta property=\"article:publisher\" content=\"https:\/\/www.facebook.com\/chemitool\" \/>\n<meta property=\"article:modified_time\" content=\"2023-10-27T11:49:34+00:00\" \/>\n<meta property=\"og:image\" content=\"https:\/\/chemitool.com\/wp-content\/uploads\/2023\/10\/CHA1809_fine.png\" \/>\n\t<meta property=\"og:image:width\" content=\"800\" \/>\n\t<meta property=\"og:image:height\" content=\"800\" \/>\n<meta name=\"twitter:card\" content=\"summary_large_image\" \/>\n<meta name=\"twitter:label1\" content=\"Tiempo de lectura\" \/>\n\t<meta name=\"twitter:data1\" content=\"1 minuto\" \/>\n<script type=\"application\/ld+json\" class=\"yoast-schema-graph\">{\"@context\":\"https:\/\/schema.org\",\"@graph\":[{\"@type\":\"Organization\",\"@id\":\"https:\/\/chemitool.com\/#organization\",\"name\":\"Chemitool\",\"url\":\"https:\/\/chemitool.com\/\",\"sameAs\":[\"https:\/\/www.facebook.com\/chemitool\",\"https:\/\/www.instagram.com\/chemitool\/\"],\"logo\":{\"@type\":\"ImageObject\",\"@id\":\"https:\/\/chemitool.com\/#logo\",\"inLanguage\":\"es\",\"url\":\"https:\/\/chemitool.com\/wp-content\/uploads\/2020\/10\/logo_chemitool.png\",\"contentUrl\":\"https:\/\/chemitool.com\/wp-content\/uploads\/2020\/10\/logo_chemitool.png\",\"width\":400,\"height\":400,\"caption\":\"Chemitool\"},\"image\":{\"@id\":\"https:\/\/chemitool.com\/#logo\"}},{\"@type\":\"WebSite\",\"@id\":\"https:\/\/chemitool.com\/#website\",\"url\":\"https:\/\/chemitool.com\/\",\"name\":\"Chemitool\",\"description\":\"Chemitool - hardware and tools\",\"publisher\":{\"@id\":\"https:\/\/chemitool.com\/#organization\"},\"potentialAction\":[{\"@type\":\"SearchAction\",\"target\":{\"@type\":\"EntryPoint\",\"urlTemplate\":\"https:\/\/chemitool.com\/?s={search_term_string}\"},\"query-input\":\"required name=search_term_string\"}],\"inLanguage\":\"es\"},{\"@type\":\"ImageObject\",\"@id\":\"https:\/\/chemitool.com\/products\/cutting\/thread-cutting-tools\/manual-thread\/round-dies-metric-fine-thread-din223-din22568b\/#primaryimage\",\"inLanguage\":\"es\",\"url\":\"https:\/\/chemitool.com\/wp-content\/uploads\/2023\/10\/CHA1809_fine.png\",\"contentUrl\":\"https:\/\/chemitool.com\/wp-content\/uploads\/2023\/10\/CHA1809_fine.png\",\"width\":800,\"height\":800},{\"@type\":\"WebPage\",\"@id\":\"https:\/\/chemitool.com\/products\/cutting\/thread-cutting-tools\/manual-thread\/round-dies-metric-fine-thread-din223-din22568b\/#webpage\",\"url\":\"https:\/\/chemitool.com\/products\/cutting\/thread-cutting-tools\/manual-thread\/round-dies-metric-fine-thread-din223-din22568b\/\",\"name\":\"COJINETES M\\u00c9TRICOS ROSCA M\\u00c9TRICA FINA \\u2013 DIN223 \/ DIN22568B &ndash; Chemitool\",\"isPartOf\":{\"@id\":\"https:\/\/chemitool.com\/#website\"},\"primaryImageOfPage\":{\"@id\":\"https:\/\/chemitool.com\/products\/cutting\/thread-cutting-tools\/manual-thread\/round-dies-metric-fine-thread-din223-din22568b\/#primaryimage\"},\"datePublished\":\"2023-10-27T08:37:13+00:00\",\"dateModified\":\"2023-10-27T11:49:34+00:00\",\"description\":\"Los cojinetes m\\u00e9tricos de rosca fina CHEMITOOL de acero r\\u00e1pido han sido desarrolladas con el objetivo de proporcionar al usuario un producto de buena calidad con un rendimiento de trabajo constante durante el proceso de roscado\",\"breadcrumb\":{\"@id\":\"https:\/\/chemitool.com\/products\/cutting\/thread-cutting-tools\/manual-thread\/round-dies-metric-fine-thread-din223-din22568b\/#breadcrumb\"},\"inLanguage\":\"es\",\"potentialAction\":[{\"@type\":\"ReadAction\",\"target\":[\"https:\/\/chemitool.com\/products\/cutting\/thread-cutting-tools\/manual-thread\/round-dies-metric-fine-thread-din223-din22568b\/\"]}]},{\"@type\":\"BreadcrumbList\",\"@id\":\"https:\/\/chemitool.com\/products\/cutting\/thread-cutting-tools\/manual-thread\/round-dies-metric-fine-thread-din223-din22568b\/#breadcrumb\",\"itemListElement\":[{\"@type\":\"ListItem\",\"position\":1,\"name\":\"Home\",\"item\":\"https:\/\/chemitool.com\/es\/\"},{\"@type\":\"ListItem\",\"position\":2,\"name\":\"Productos\",\"item\":\"https:\/\/chemitool.com\/es\/productos\/\"},{\"@type\":\"ListItem\",\"position\":3,\"name\":\"Cutting\",\"item\":\"https:\/\/chemitool.com\/es\/categoria-producto\/cutting\/\"},{\"@type\":\"ListItem\",\"position\":4,\"name\":\"HERRAMIENTAS DE ROSCADO\",\"item\":\"https:\/\/chemitool.com\/es\/categoria-producto\/cutting\/herramientas-de-roscado\/\"},{\"@type\":\"ListItem\",\"position\":5,\"name\":\"ROSCADO MANUALE\",\"item\":\"https:\/\/chemitool.com\/es\/categoria-producto\/cutting\/herramientas-de-roscado\/roscado-manuale\/\"},{\"@type\":\"ListItem\",\"position\":6,\"name\":\"COJINETES M\\u00c9TRICOS ROSCA M\\u00c9TRICA FINA \\u2013 DIN223 \/ DIN22568B\"}]}]}<\/script>\n<!-- \/ Yoast SEO plugin. -->","yoast_head_json":{"title":"COJINETES M\u00c9TRICOS ROSCA M\u00c9TRICA FINA \u2013 DIN223 \/ DIN22568B &ndash; Chemitool","description":"Los cojinetes m\u00e9tricos de rosca fina CHEMITOOL de acero r\u00e1pido han sido desarrolladas con el objetivo de proporcionar al usuario un producto de buena calidad con un rendimiento de trabajo constante durante el proceso de roscado","robots":{"index":"index","follow":"follow","max-snippet":"max-snippet:-1","max-image-preview":"max-image-preview:large","max-video-preview":"max-video-preview:-1"},"canonical":"https:\/\/chemitool.com\/es\/products\/cutting\/thread-cutting-tools\/manual-thread\/round-dies-metric-fine-thread-din223-din22568b\/","og_locale":"es_ES","og_type":"article","og_title":"COJINETES M\u00c9TRICOS ROSCA M\u00c9TRICA FINA \u2013 DIN223 \/ DIN22568B &ndash; Chemitool","og_description":"Los cojinetes m\u00e9tricos de rosca fina CHEMITOOL de acero r\u00e1pido han sido desarrolladas con el objetivo de proporcionar al usuario un producto de buena calidad con un rendimiento de trabajo constante durante el proceso de roscado","og_url":"https:\/\/chemitool.com\/products\/cutting\/thread-cutting-tools\/manual-thread\/round-dies-metric-fine-thread-din223-din22568b\/","og_site_name":"Chemitool","article_publisher":"https:\/\/www.facebook.com\/chemitool","article_modified_time":"2023-10-27T11:49:34+00:00","og_image":[{"width":800,"height":800,"url":"https:\/\/chemitool.com\/wp-content\/uploads\/2023\/10\/CHA1809_fine.png","type":"image\/png"}],"twitter_card":"summary_large_image","twitter_misc":{"Tiempo de lectura":"1 minuto"},"schema":{"@context":"https:\/\/schema.org","@graph":[{"@type":"Organization","@id":"https:\/\/chemitool.com\/#organization","name":"Chemitool","url":"https:\/\/chemitool.com\/","sameAs":["https:\/\/www.facebook.com\/chemitool","https:\/\/www.instagram.com\/chemitool\/"],"logo":{"@type":"ImageObject","@id":"https:\/\/chemitool.com\/#logo","inLanguage":"es","url":"https:\/\/chemitool.com\/wp-content\/uploads\/2020\/10\/logo_chemitool.png","contentUrl":"https:\/\/chemitool.com\/wp-content\/uploads\/2020\/10\/logo_chemitool.png","width":400,"height":400,"caption":"Chemitool"},"image":{"@id":"https:\/\/chemitool.com\/#logo"}},{"@type":"WebSite","@id":"https:\/\/chemitool.com\/#website","url":"https:\/\/chemitool.com\/","name":"Chemitool","description":"Chemitool - hardware and tools","publisher":{"@id":"https:\/\/chemitool.com\/#organization"},"potentialAction":[{"@type":"SearchAction","target":{"@type":"EntryPoint","urlTemplate":"https:\/\/chemitool.com\/?s={search_term_string}"},"query-input":"required name=search_term_string"}],"inLanguage":"es"},{"@type":"ImageObject","@id":"https:\/\/chemitool.com\/products\/cutting\/thread-cutting-tools\/manual-thread\/round-dies-metric-fine-thread-din223-din22568b\/#primaryimage","inLanguage":"es","url":"https:\/\/chemitool.com\/wp-content\/uploads\/2023\/10\/CHA1809_fine.png","contentUrl":"https:\/\/chemitool.com\/wp-content\/uploads\/2023\/10\/CHA1809_fine.png","width":800,"height":800},{"@type":"WebPage","@id":"https:\/\/chemitool.com\/products\/cutting\/thread-cutting-tools\/manual-thread\/round-dies-metric-fine-thread-din223-din22568b\/#webpage","url":"https:\/\/chemitool.com\/products\/cutting\/thread-cutting-tools\/manual-thread\/round-dies-metric-fine-thread-din223-din22568b\/","name":"COJINETES M\u00c9TRICOS ROSCA M\u00c9TRICA FINA \u2013 DIN223 \/ DIN22568B &ndash; Chemitool","isPartOf":{"@id":"https:\/\/chemitool.com\/#website"},"primaryImageOfPage":{"@id":"https:\/\/chemitool.com\/products\/cutting\/thread-cutting-tools\/manual-thread\/round-dies-metric-fine-thread-din223-din22568b\/#primaryimage"},"datePublished":"2023-10-27T08:37:13+00:00","dateModified":"2023-10-27T11:49:34+00:00","description":"Los cojinetes m\u00e9tricos de rosca fina CHEMITOOL de acero r\u00e1pido han sido desarrolladas con el objetivo de proporcionar al usuario un producto de buena calidad con un rendimiento de trabajo constante durante el proceso de roscado","breadcrumb":{"@id":"https:\/\/chemitool.com\/products\/cutting\/thread-cutting-tools\/manual-thread\/round-dies-metric-fine-thread-din223-din22568b\/#breadcrumb"},"inLanguage":"es","potentialAction":[{"@type":"ReadAction","target":["https:\/\/chemitool.com\/products\/cutting\/thread-cutting-tools\/manual-thread\/round-dies-metric-fine-thread-din223-din22568b\/"]}]},{"@type":"BreadcrumbList","@id":"https:\/\/chemitool.com\/products\/cutting\/thread-cutting-tools\/manual-thread\/round-dies-metric-fine-thread-din223-din22568b\/#breadcrumb","itemListElement":[{"@type":"ListItem","position":1,"name":"Home","item":"https:\/\/chemitool.com\/es\/"},{"@type":"ListItem","position":2,"name":"Productos","item":"https:\/\/chemitool.com\/es\/productos\/"},{"@type":"ListItem","position":3,"name":"Cutting","item":"https:\/\/chemitool.com\/es\/categoria-producto\/cutting\/"},{"@type":"ListItem","position":4,"name":"HERRAMIENTAS DE ROSCADO","item":"https:\/\/chemitool.com\/es\/categoria-producto\/cutting\/herramientas-de-roscado\/"},{"@type":"ListItem","position":5,"name":"ROSCADO MANUALE","item":"https:\/\/chemitool.com\/es\/categoria-producto\/cutting\/herramientas-de-roscado\/roscado-manuale\/"},{"@type":"ListItem","position":6,"name":"COJINETES M\u00c9TRICOS ROSCA M\u00c9TRICA FINA \u2013 DIN223 \/ DIN22568B"}]}]}},"_links":{"self":[{"href":"https:\/\/chemitool.com\/es\/wp-json\/wp\/v2\/product\/35089"}],"collection":[{"href":"https:\/\/chemitool.com\/es\/wp-json\/wp\/v2\/product"}],"about":[{"href":"https:\/\/chemitool.com\/es\/wp-json\/wp\/v2\/types\/product"}],"wp:featuredmedia":[{"embeddable":true,"href":"https:\/\/chemitool.com\/es\/wp-json\/wp\/v2\/media\/35093"}],"wp:attachment":[{"href":"https:\/\/chemitool.com\/es\/wp-json\/wp\/v2\/media?parent=35089"}],"wp:term":[{"taxonomy":"product_cat","embeddable":true,"href":"https:\/\/chemitool.com\/es\/wp-json\/wp\/v2\/product_cat?post=35089"},{"taxonomy":"product_tag","embeddable":true,"href":"https:\/\/chemitool.com\/es\/wp-json\/wp\/v2\/product_tag?post=35089"}],"curies":[{"name":"wp","href":"https:\/\/api.w.org\/{rel}","templated":true}]}}