{"id":34940,"date":"2023-10-20T16:14:15","date_gmt":"2023-10-20T16:14:16","guid":{"rendered":"https:\/\/chemitool.com\/?post_type=product&#038;p=34940"},"modified":"2023-10-20T16:31:56","modified_gmt":"2023-10-20T16:31:56","slug":"cuchara-esquinas-exteriores","status":"publish","type":"product","link":"https:\/\/chemitool.com\/es\/products\/tools\/herramientas-construccion\/cucharas\/cuchara-esquinas-exteriores\/","title":{"rendered":"CUCHARA ESQUINAS EXTERIORES"},"content":{"rendered":"<ul>\n<li>Irrompible. Hoja redondeada con \u00e1ngulo de 90\u00ba, alineada y pulida, de acero al carbono pavonado.<\/li>\n<li>No oscila. Fijaci\u00f3n perfecta entre el mango y la cuchilla, para un recubrimiento y rejuntado precisos de las juntas.<\/li>\n<li>El mango m\u00e1s c\u00f3modo. Mango de aluminio ligero y ergon\u00f3mico, muy suave al tacto.<\/li>\n<\/ul>\n<p>Uso recomendado:<br \/>\nPara flejado y acabado de juntas. Para rejuntar cabezas de tornillos.<\/p>\n","protected":false},"excerpt":{"rendered":"<p><em>Cuchara Esquinas Exteriores CHEMITOOL <\/em>es una llana angular de acero inoxidable, de alta calidad y m\u00e1xima durabilidad. Sujeci\u00f3n perfecta de la mano. Mango de madera suave al tacto con certificado PEFC y virola de acero inoxidable. Para trabajos en esquinas y bordes.<\/p>\n","protected":false},"featured_media":36426,"template":"","meta":[],"product_cat":[1456,3837,5030],"product_tag":[],"yoast_head":"<!-- This site is optimized with the Yoast SEO plugin v17.4 - https:\/\/yoast.com\/wordpress\/plugins\/seo\/ -->\n<title>CUCHARA ESQUINAS EXTERIORES &ndash; Chemitool<\/title>\n<meta name=\"description\" content=\"Cuchara Esquinas Exteriores CHEMITOOL es una llana angular de acero inoxidable, de alta calidad y m\u00e1xima durabilidad. Sujeci\u00f3n perfecta de la mano. Mango de madera suave al tacto con certificado PEFC y virola de acero inoxidable. Para trabajos en esquinas y bordes.\" \/>\n<meta name=\"robots\" content=\"index, follow, max-snippet:-1, max-image-preview:large, max-video-preview:-1\" \/>\n<link rel=\"canonical\" href=\"https:\/\/chemitool.com\/es\/products\/tools\/herramientas-construccion\/cucharas\/cuchara-esquinas-exteriores\/\" \/>\n<meta property=\"og:locale\" content=\"es_ES\" \/>\n<meta property=\"og:type\" content=\"article\" \/>\n<meta property=\"og:title\" content=\"CUCHARA ESQUINAS EXTERIORES &ndash; Chemitool\" \/>\n<meta property=\"og:description\" content=\"Cuchara Esquinas Exteriores CHEMITOOL es una llana angular de acero inoxidable, de alta calidad y m\u00e1xima durabilidad. Sujeci\u00f3n perfecta de la mano. Mango de madera suave al tacto con certificado PEFC y virola de acero inoxidable. Para trabajos en esquinas y bordes.\" \/>\n<meta property=\"og:url\" content=\"https:\/\/chemitool.com\/es\/products\/tools\/herramientas-construccion\/cucharas\/cuchara-esquinas-exteriores\/\" \/>\n<meta property=\"og:site_name\" content=\"Chemitool\" \/>\n<meta property=\"article:publisher\" content=\"https:\/\/www.facebook.com\/chemitool\" \/>\n<meta property=\"article:modified_time\" content=\"2023-10-20T16:31:56+00:00\" \/>\n<meta property=\"og:image\" content=\"https:\/\/chemitool.com\/wp-content\/uploads\/2023\/10\/CHT201001080650_CHT201001120650.png\" \/>\n\t<meta property=\"og:image:width\" content=\"800\" \/>\n\t<meta property=\"og:image:height\" content=\"800\" \/>\n<meta name=\"twitter:card\" content=\"summary_large_image\" \/>\n<script type=\"application\/ld+json\" class=\"yoast-schema-graph\">{\"@context\":\"https:\/\/schema.org\",\"@graph\":[{\"@type\":\"Organization\",\"@id\":\"https:\/\/chemitool.com\/#organization\",\"name\":\"Chemitool\",\"url\":\"https:\/\/chemitool.com\/\",\"sameAs\":[\"https:\/\/www.facebook.com\/chemitool\",\"https:\/\/www.instagram.com\/chemitool\/\"],\"logo\":{\"@type\":\"ImageObject\",\"@id\":\"https:\/\/chemitool.com\/#logo\",\"inLanguage\":\"es\",\"url\":\"https:\/\/chemitool.com\/wp-content\/uploads\/2020\/10\/logo_chemitool.png\",\"contentUrl\":\"https:\/\/chemitool.com\/wp-content\/uploads\/2020\/10\/logo_chemitool.png\",\"width\":400,\"height\":400,\"caption\":\"Chemitool\"},\"image\":{\"@id\":\"https:\/\/chemitool.com\/#logo\"}},{\"@type\":\"WebSite\",\"@id\":\"https:\/\/chemitool.com\/#website\",\"url\":\"https:\/\/chemitool.com\/\",\"name\":\"Chemitool\",\"description\":\"Chemitool - hardware and tools\",\"publisher\":{\"@id\":\"https:\/\/chemitool.com\/#organization\"},\"potentialAction\":[{\"@type\":\"SearchAction\",\"target\":{\"@type\":\"EntryPoint\",\"urlTemplate\":\"https:\/\/chemitool.com\/?s={search_term_string}\"},\"query-input\":\"required name=search_term_string\"}],\"inLanguage\":\"es\"},{\"@type\":\"ImageObject\",\"@id\":\"https:\/\/chemitool.com\/es\/products\/tools\/herramientas-construccion\/cucharas\/cuchara-esquinas-exteriores\/#primaryimage\",\"inLanguage\":\"es\",\"url\":\"https:\/\/chemitool.com\/wp-content\/uploads\/2023\/10\/CHT201002080650_CHT201002120650.png\",\"contentUrl\":\"https:\/\/chemitool.com\/wp-content\/uploads\/2023\/10\/CHT201002080650_CHT201002120650.png\",\"width\":800,\"height\":800},{\"@type\":\"WebPage\",\"@id\":\"https:\/\/chemitool.com\/es\/products\/tools\/herramientas-construccion\/cucharas\/cuchara-esquinas-exteriores\/#webpage\",\"url\":\"https:\/\/chemitool.com\/es\/products\/tools\/herramientas-construccion\/cucharas\/cuchara-esquinas-exteriores\/\",\"name\":\"CUCHARA ESQUINAS EXTERIORES &ndash; Chemitool\",\"isPartOf\":{\"@id\":\"https:\/\/chemitool.com\/#website\"},\"primaryImageOfPage\":{\"@id\":\"https:\/\/chemitool.com\/es\/products\/tools\/herramientas-construccion\/cucharas\/cuchara-esquinas-exteriores\/#primaryimage\"},\"datePublished\":\"2023-10-20T16:14:16+00:00\",\"dateModified\":\"2023-10-20T16:31:56+00:00\",\"description\":\"Cuchara Esquinas Exteriores CHEMITOOL es una llana angular de acero inoxidable, de alta calidad y m\\u00e1xima durabilidad. Sujeci\\u00f3n perfecta de la mano. Mango de madera suave al tacto con certificado PEFC y virola de acero inoxidable. Para trabajos en esquinas y bordes.\",\"breadcrumb\":{\"@id\":\"https:\/\/chemitool.com\/es\/products\/tools\/herramientas-construccion\/cucharas\/cuchara-esquinas-exteriores\/#breadcrumb\"},\"inLanguage\":\"es\",\"potentialAction\":[{\"@type\":\"ReadAction\",\"target\":[\"https:\/\/chemitool.com\/es\/products\/tools\/herramientas-construccion\/cucharas\/cuchara-esquinas-exteriores\/\"]}]},{\"@type\":\"BreadcrumbList\",\"@id\":\"https:\/\/chemitool.com\/es\/products\/tools\/herramientas-construccion\/cucharas\/cuchara-esquinas-exteriores\/#breadcrumb\",\"itemListElement\":[{\"@type\":\"ListItem\",\"position\":1,\"name\":\"Home\",\"item\":\"https:\/\/chemitool.com\/es\/\"},{\"@type\":\"ListItem\",\"position\":2,\"name\":\"Productos\",\"item\":\"https:\/\/chemitool.com\/es\/productos\/\"},{\"@type\":\"ListItem\",\"position\":3,\"name\":\"CHEMICALS\",\"item\":\"https:\/\/chemitool.com\/es\/categoria-producto\/chemicals\/\"},{\"@type\":\"ListItem\",\"position\":4,\"name\":\"CUCHARA ESQUINAS EXTERIORES\"}]}]}<\/script>\n<!-- \/ Yoast SEO plugin. -->","yoast_head_json":{"title":"CUCHARA ESQUINAS EXTERIORES &ndash; Chemitool","description":"Cuchara Esquinas Exteriores CHEMITOOL es una llana angular de acero inoxidable, de alta calidad y m\u00e1xima durabilidad. Sujeci\u00f3n perfecta de la mano. Mango de madera suave al tacto con certificado PEFC y virola de acero inoxidable. Para trabajos en esquinas y bordes.","robots":{"index":"index","follow":"follow","max-snippet":"max-snippet:-1","max-image-preview":"max-image-preview:large","max-video-preview":"max-video-preview:-1"},"canonical":"https:\/\/chemitool.com\/es\/products\/tools\/herramientas-construccion\/cucharas\/cuchara-esquinas-exteriores\/","og_locale":"es_ES","og_type":"article","og_title":"CUCHARA ESQUINAS EXTERIORES &ndash; Chemitool","og_description":"Cuchara Esquinas Exteriores CHEMITOOL es una llana angular de acero inoxidable, de alta calidad y m\u00e1xima durabilidad. Sujeci\u00f3n perfecta de la mano. Mango de madera suave al tacto con certificado PEFC y virola de acero inoxidable. Para trabajos en esquinas y bordes.","og_url":"https:\/\/chemitool.com\/es\/products\/tools\/herramientas-construccion\/cucharas\/cuchara-esquinas-exteriores\/","og_site_name":"Chemitool","article_publisher":"https:\/\/www.facebook.com\/chemitool","article_modified_time":"2023-10-20T16:31:56+00:00","og_image":[{"width":800,"height":800,"url":"https:\/\/chemitool.com\/wp-content\/uploads\/2023\/10\/CHT201001080650_CHT201001120650.png","type":"image\/png"}],"twitter_card":"summary_large_image","schema":{"@context":"https:\/\/schema.org","@graph":[{"@type":"Organization","@id":"https:\/\/chemitool.com\/#organization","name":"Chemitool","url":"https:\/\/chemitool.com\/","sameAs":["https:\/\/www.facebook.com\/chemitool","https:\/\/www.instagram.com\/chemitool\/"],"logo":{"@type":"ImageObject","@id":"https:\/\/chemitool.com\/#logo","inLanguage":"es","url":"https:\/\/chemitool.com\/wp-content\/uploads\/2020\/10\/logo_chemitool.png","contentUrl":"https:\/\/chemitool.com\/wp-content\/uploads\/2020\/10\/logo_chemitool.png","width":400,"height":400,"caption":"Chemitool"},"image":{"@id":"https:\/\/chemitool.com\/#logo"}},{"@type":"WebSite","@id":"https:\/\/chemitool.com\/#website","url":"https:\/\/chemitool.com\/","name":"Chemitool","description":"Chemitool - hardware and tools","publisher":{"@id":"https:\/\/chemitool.com\/#organization"},"potentialAction":[{"@type":"SearchAction","target":{"@type":"EntryPoint","urlTemplate":"https:\/\/chemitool.com\/?s={search_term_string}"},"query-input":"required name=search_term_string"}],"inLanguage":"es"},{"@type":"ImageObject","@id":"https:\/\/chemitool.com\/es\/products\/tools\/herramientas-construccion\/cucharas\/cuchara-esquinas-exteriores\/#primaryimage","inLanguage":"es","url":"https:\/\/chemitool.com\/wp-content\/uploads\/2023\/10\/CHT201002080650_CHT201002120650.png","contentUrl":"https:\/\/chemitool.com\/wp-content\/uploads\/2023\/10\/CHT201002080650_CHT201002120650.png","width":800,"height":800},{"@type":"WebPage","@id":"https:\/\/chemitool.com\/es\/products\/tools\/herramientas-construccion\/cucharas\/cuchara-esquinas-exteriores\/#webpage","url":"https:\/\/chemitool.com\/es\/products\/tools\/herramientas-construccion\/cucharas\/cuchara-esquinas-exteriores\/","name":"CUCHARA ESQUINAS EXTERIORES &ndash; Chemitool","isPartOf":{"@id":"https:\/\/chemitool.com\/#website"},"primaryImageOfPage":{"@id":"https:\/\/chemitool.com\/es\/products\/tools\/herramientas-construccion\/cucharas\/cuchara-esquinas-exteriores\/#primaryimage"},"datePublished":"2023-10-20T16:14:16+00:00","dateModified":"2023-10-20T16:31:56+00:00","description":"Cuchara Esquinas Exteriores CHEMITOOL es una llana angular de acero inoxidable, de alta calidad y m\u00e1xima durabilidad. Sujeci\u00f3n perfecta de la mano. Mango de madera suave al tacto con certificado PEFC y virola de acero inoxidable. Para trabajos en esquinas y bordes.","breadcrumb":{"@id":"https:\/\/chemitool.com\/es\/products\/tools\/herramientas-construccion\/cucharas\/cuchara-esquinas-exteriores\/#breadcrumb"},"inLanguage":"es","potentialAction":[{"@type":"ReadAction","target":["https:\/\/chemitool.com\/es\/products\/tools\/herramientas-construccion\/cucharas\/cuchara-esquinas-exteriores\/"]}]},{"@type":"BreadcrumbList","@id":"https:\/\/chemitool.com\/es\/products\/tools\/herramientas-construccion\/cucharas\/cuchara-esquinas-exteriores\/#breadcrumb","itemListElement":[{"@type":"ListItem","position":1,"name":"Home","item":"https:\/\/chemitool.com\/es\/"},{"@type":"ListItem","position":2,"name":"Productos","item":"https:\/\/chemitool.com\/es\/productos\/"},{"@type":"ListItem","position":3,"name":"CHEMICALS","item":"https:\/\/chemitool.com\/es\/categoria-producto\/chemicals\/"},{"@type":"ListItem","position":4,"name":"CUCHARA ESQUINAS EXTERIORES"}]}]}},"_links":{"self":[{"href":"https:\/\/chemitool.com\/es\/wp-json\/wp\/v2\/product\/34940"}],"collection":[{"href":"https:\/\/chemitool.com\/es\/wp-json\/wp\/v2\/product"}],"about":[{"href":"https:\/\/chemitool.com\/es\/wp-json\/wp\/v2\/types\/product"}],"wp:featuredmedia":[{"embeddable":true,"href":"https:\/\/chemitool.com\/es\/wp-json\/wp\/v2\/media\/36426"}],"wp:attachment":[{"href":"https:\/\/chemitool.com\/es\/wp-json\/wp\/v2\/media?parent=34940"}],"wp:term":[{"taxonomy":"product_cat","embeddable":true,"href":"https:\/\/chemitool.com\/es\/wp-json\/wp\/v2\/product_cat?post=34940"},{"taxonomy":"product_tag","embeddable":true,"href":"https:\/\/chemitool.com\/es\/wp-json\/wp\/v2\/product_tag?post=34940"}],"curies":[{"name":"wp","href":"https:\/\/api.w.org\/{rel}","templated":true}]}}