{"id":34773,"date":"2023-10-17T15:25:55","date_gmt":"2023-10-17T15:25:57","guid":{"rendered":"https:\/\/chemitool.com\/?post_type=product&#038;p=34773"},"modified":"2023-10-17T15:44:56","modified_gmt":"2023-10-17T15:44:56","slug":"espatula-yeso-eco","status":"publish","type":"product","link":"https:\/\/chemitool.com\/es\/products\/tools\/herramientas-construccion\/espatulas-es\/espatula-yeso-eco\/","title":{"rendered":"ESP\u00c1TULA YESO ECO"},"content":{"rendered":"<ul>\n<li>Durar\u00e1 mucho tiempo sin desgastarse. Hoja de acero inoxidable especial, resistente a la abrasi\u00f3n.<\/li>\n<li>Acabado perfecto. Hoja barnizada, extraordinariamente flexible y plana. Ideal para alisar.<\/li>\n<li>Empu\u00f1adura ergon\u00f3mica y ligera, para que pueda alisar el hormig\u00f3n c\u00f3modamente.<\/li>\n<\/ul>\n<p>Uso recomendado:<br \/>\nEnlucido, alisad y relleno de grietas.<\/p>\n","protected":false},"excerpt":{"rendered":"<p><em>Esp\u00e1tula Yeso ECO CHEMITOOL <\/em>es una esp\u00e1tula profesional de acero inoxidable de alta calidad, m\u00e1xima durabilidad sin deterioro. Hoja afilada, alineada y pulida, excelente flexibilidad y comodidad durante el trabajo (sin holgura). Mango de pl\u00e1stico muy ergon\u00f3mico. Especial para trabajos de alisado y acabado.<\/p>\n","protected":false},"featured_media":34777,"template":"","meta":[],"product_cat":[1456,3837,5040],"product_tag":[],"yoast_head":"<!-- This site is optimized with the Yoast SEO plugin v17.4 - https:\/\/yoast.com\/wordpress\/plugins\/seo\/ -->\n<title>ESP\u00c1TULA YESO ECO &ndash; Chemitool<\/title>\n<meta name=\"description\" content=\"Esp\u00e1tula Yeso ECO CHEMITOOL es una esp\u00e1tula profesional de acero inoxidable de alta calidad, m\u00e1xima durabilidad sin deterioro. Hoja afilada, alineada y pulida, excelente flexibilidad y comodidad durante el trabajo (sin holgura). Mango de pl\u00e1stico muy ergon\u00f3mico. Especial para trabajos de alisado y acabado.\" \/>\n<meta name=\"robots\" content=\"index, follow, max-snippet:-1, max-image-preview:large, max-video-preview:-1\" \/>\n<link rel=\"canonical\" href=\"https:\/\/chemitool.com\/es\/products\/tools\/herramientas-construccion\/espatulas-es\/espatula-yeso-eco\/\" \/>\n<meta property=\"og:locale\" content=\"es_ES\" \/>\n<meta property=\"og:type\" content=\"article\" \/>\n<meta property=\"og:title\" content=\"ESP\u00c1TULA YESO ECO &ndash; Chemitool\" \/>\n<meta property=\"og:description\" content=\"Esp\u00e1tula Yeso ECO CHEMITOOL es una esp\u00e1tula profesional de acero inoxidable de alta calidad, m\u00e1xima durabilidad sin deterioro. Hoja afilada, alineada y pulida, excelente flexibilidad y comodidad durante el trabajo (sin holgura). Mango de pl\u00e1stico muy ergon\u00f3mico. Especial para trabajos de alisado y acabado.\" \/>\n<meta property=\"og:url\" content=\"https:\/\/chemitool.com\/es\/products\/tools\/herramientas-construccion\/espatulas-es\/espatula-yeso-eco\/\" \/>\n<meta property=\"og:site_name\" content=\"Chemitool\" \/>\n<meta property=\"article:publisher\" content=\"https:\/\/www.facebook.com\/chemitool\" \/>\n<meta property=\"article:modified_time\" content=\"2023-10-17T15:44:56+00:00\" \/>\n<meta property=\"og:image\" content=\"https:\/\/chemitool.com\/wp-content\/uploads\/2023\/10\/CHT200604002000_CHT200604002500.png\" \/>\n\t<meta property=\"og:image:width\" content=\"800\" \/>\n\t<meta property=\"og:image:height\" content=\"800\" \/>\n<meta name=\"twitter:card\" content=\"summary_large_image\" \/>\n<script type=\"application\/ld+json\" class=\"yoast-schema-graph\">{\"@context\":\"https:\/\/schema.org\",\"@graph\":[{\"@type\":\"Organization\",\"@id\":\"https:\/\/chemitool.com\/#organization\",\"name\":\"Chemitool\",\"url\":\"https:\/\/chemitool.com\/\",\"sameAs\":[\"https:\/\/www.facebook.com\/chemitool\",\"https:\/\/www.instagram.com\/chemitool\/\"],\"logo\":{\"@type\":\"ImageObject\",\"@id\":\"https:\/\/chemitool.com\/#logo\",\"inLanguage\":\"es\",\"url\":\"https:\/\/chemitool.com\/wp-content\/uploads\/2020\/10\/logo_chemitool.png\",\"contentUrl\":\"https:\/\/chemitool.com\/wp-content\/uploads\/2020\/10\/logo_chemitool.png\",\"width\":400,\"height\":400,\"caption\":\"Chemitool\"},\"image\":{\"@id\":\"https:\/\/chemitool.com\/#logo\"}},{\"@type\":\"WebSite\",\"@id\":\"https:\/\/chemitool.com\/#website\",\"url\":\"https:\/\/chemitool.com\/\",\"name\":\"Chemitool\",\"description\":\"Chemitool - hardware and tools\",\"publisher\":{\"@id\":\"https:\/\/chemitool.com\/#organization\"},\"potentialAction\":[{\"@type\":\"SearchAction\",\"target\":{\"@type\":\"EntryPoint\",\"urlTemplate\":\"https:\/\/chemitool.com\/?s={search_term_string}\"},\"query-input\":\"required name=search_term_string\"}],\"inLanguage\":\"es\"},{\"@type\":\"ImageObject\",\"@id\":\"https:\/\/chemitool.com\/es\/products\/tools\/herramientas-construccion\/espatulas-es\/espatula-yeso-eco\/#primaryimage\",\"inLanguage\":\"es\",\"url\":\"https:\/\/chemitool.com\/wp-content\/uploads\/2023\/10\/CHT200604002000_CHT200604002500.png\",\"contentUrl\":\"https:\/\/chemitool.com\/wp-content\/uploads\/2023\/10\/CHT200604002000_CHT200604002500.png\",\"width\":800,\"height\":800},{\"@type\":\"WebPage\",\"@id\":\"https:\/\/chemitool.com\/es\/products\/tools\/herramientas-construccion\/espatulas-es\/espatula-yeso-eco\/#webpage\",\"url\":\"https:\/\/chemitool.com\/es\/products\/tools\/herramientas-construccion\/espatulas-es\/espatula-yeso-eco\/\",\"name\":\"ESP\\u00c1TULA YESO ECO &ndash; Chemitool\",\"isPartOf\":{\"@id\":\"https:\/\/chemitool.com\/#website\"},\"primaryImageOfPage\":{\"@id\":\"https:\/\/chemitool.com\/es\/products\/tools\/herramientas-construccion\/espatulas-es\/espatula-yeso-eco\/#primaryimage\"},\"datePublished\":\"2023-10-17T15:25:57+00:00\",\"dateModified\":\"2023-10-17T15:44:56+00:00\",\"description\":\"Esp\\u00e1tula Yeso ECO CHEMITOOL es una esp\\u00e1tula profesional de acero inoxidable de alta calidad, m\\u00e1xima durabilidad sin deterioro. Hoja afilada, alineada y pulida, excelente flexibilidad y comodidad durante el trabajo (sin holgura). Mango de pl\\u00e1stico muy ergon\\u00f3mico. Especial para trabajos de alisado y acabado.\",\"breadcrumb\":{\"@id\":\"https:\/\/chemitool.com\/es\/products\/tools\/herramientas-construccion\/espatulas-es\/espatula-yeso-eco\/#breadcrumb\"},\"inLanguage\":\"es\",\"potentialAction\":[{\"@type\":\"ReadAction\",\"target\":[\"https:\/\/chemitool.com\/es\/products\/tools\/herramientas-construccion\/espatulas-es\/espatula-yeso-eco\/\"]}]},{\"@type\":\"BreadcrumbList\",\"@id\":\"https:\/\/chemitool.com\/es\/products\/tools\/herramientas-construccion\/espatulas-es\/espatula-yeso-eco\/#breadcrumb\",\"itemListElement\":[{\"@type\":\"ListItem\",\"position\":1,\"name\":\"Home\",\"item\":\"https:\/\/chemitool.com\/es\/\"},{\"@type\":\"ListItem\",\"position\":2,\"name\":\"Productos\",\"item\":\"https:\/\/chemitool.com\/es\/productos\/\"},{\"@type\":\"ListItem\",\"position\":3,\"name\":\"CHEMICALS\",\"item\":\"https:\/\/chemitool.com\/es\/categoria-producto\/chemicals\/\"},{\"@type\":\"ListItem\",\"position\":4,\"name\":\"ESP\\u00c1TULA YESO ECO\"}]}]}<\/script>\n<!-- \/ Yoast SEO plugin. -->","yoast_head_json":{"title":"ESP\u00c1TULA YESO ECO &ndash; Chemitool","description":"Esp\u00e1tula Yeso ECO CHEMITOOL es una esp\u00e1tula profesional de acero inoxidable de alta calidad, m\u00e1xima durabilidad sin deterioro. Hoja afilada, alineada y pulida, excelente flexibilidad y comodidad durante el trabajo (sin holgura). Mango de pl\u00e1stico muy ergon\u00f3mico. Especial para trabajos de alisado y acabado.","robots":{"index":"index","follow":"follow","max-snippet":"max-snippet:-1","max-image-preview":"max-image-preview:large","max-video-preview":"max-video-preview:-1"},"canonical":"https:\/\/chemitool.com\/es\/products\/tools\/herramientas-construccion\/espatulas-es\/espatula-yeso-eco\/","og_locale":"es_ES","og_type":"article","og_title":"ESP\u00c1TULA YESO ECO &ndash; Chemitool","og_description":"Esp\u00e1tula Yeso ECO CHEMITOOL es una esp\u00e1tula profesional de acero inoxidable de alta calidad, m\u00e1xima durabilidad sin deterioro. Hoja afilada, alineada y pulida, excelente flexibilidad y comodidad durante el trabajo (sin holgura). Mango de pl\u00e1stico muy ergon\u00f3mico. Especial para trabajos de alisado y acabado.","og_url":"https:\/\/chemitool.com\/es\/products\/tools\/herramientas-construccion\/espatulas-es\/espatula-yeso-eco\/","og_site_name":"Chemitool","article_publisher":"https:\/\/www.facebook.com\/chemitool","article_modified_time":"2023-10-17T15:44:56+00:00","og_image":[{"width":800,"height":800,"url":"https:\/\/chemitool.com\/wp-content\/uploads\/2023\/10\/CHT200604002000_CHT200604002500.png","type":"image\/png"}],"twitter_card":"summary_large_image","schema":{"@context":"https:\/\/schema.org","@graph":[{"@type":"Organization","@id":"https:\/\/chemitool.com\/#organization","name":"Chemitool","url":"https:\/\/chemitool.com\/","sameAs":["https:\/\/www.facebook.com\/chemitool","https:\/\/www.instagram.com\/chemitool\/"],"logo":{"@type":"ImageObject","@id":"https:\/\/chemitool.com\/#logo","inLanguage":"es","url":"https:\/\/chemitool.com\/wp-content\/uploads\/2020\/10\/logo_chemitool.png","contentUrl":"https:\/\/chemitool.com\/wp-content\/uploads\/2020\/10\/logo_chemitool.png","width":400,"height":400,"caption":"Chemitool"},"image":{"@id":"https:\/\/chemitool.com\/#logo"}},{"@type":"WebSite","@id":"https:\/\/chemitool.com\/#website","url":"https:\/\/chemitool.com\/","name":"Chemitool","description":"Chemitool - hardware and tools","publisher":{"@id":"https:\/\/chemitool.com\/#organization"},"potentialAction":[{"@type":"SearchAction","target":{"@type":"EntryPoint","urlTemplate":"https:\/\/chemitool.com\/?s={search_term_string}"},"query-input":"required name=search_term_string"}],"inLanguage":"es"},{"@type":"ImageObject","@id":"https:\/\/chemitool.com\/es\/products\/tools\/herramientas-construccion\/espatulas-es\/espatula-yeso-eco\/#primaryimage","inLanguage":"es","url":"https:\/\/chemitool.com\/wp-content\/uploads\/2023\/10\/CHT200604002000_CHT200604002500.png","contentUrl":"https:\/\/chemitool.com\/wp-content\/uploads\/2023\/10\/CHT200604002000_CHT200604002500.png","width":800,"height":800},{"@type":"WebPage","@id":"https:\/\/chemitool.com\/es\/products\/tools\/herramientas-construccion\/espatulas-es\/espatula-yeso-eco\/#webpage","url":"https:\/\/chemitool.com\/es\/products\/tools\/herramientas-construccion\/espatulas-es\/espatula-yeso-eco\/","name":"ESP\u00c1TULA YESO ECO &ndash; Chemitool","isPartOf":{"@id":"https:\/\/chemitool.com\/#website"},"primaryImageOfPage":{"@id":"https:\/\/chemitool.com\/es\/products\/tools\/herramientas-construccion\/espatulas-es\/espatula-yeso-eco\/#primaryimage"},"datePublished":"2023-10-17T15:25:57+00:00","dateModified":"2023-10-17T15:44:56+00:00","description":"Esp\u00e1tula Yeso ECO CHEMITOOL es una esp\u00e1tula profesional de acero inoxidable de alta calidad, m\u00e1xima durabilidad sin deterioro. Hoja afilada, alineada y pulida, excelente flexibilidad y comodidad durante el trabajo (sin holgura). Mango de pl\u00e1stico muy ergon\u00f3mico. Especial para trabajos de alisado y acabado.","breadcrumb":{"@id":"https:\/\/chemitool.com\/es\/products\/tools\/herramientas-construccion\/espatulas-es\/espatula-yeso-eco\/#breadcrumb"},"inLanguage":"es","potentialAction":[{"@type":"ReadAction","target":["https:\/\/chemitool.com\/es\/products\/tools\/herramientas-construccion\/espatulas-es\/espatula-yeso-eco\/"]}]},{"@type":"BreadcrumbList","@id":"https:\/\/chemitool.com\/es\/products\/tools\/herramientas-construccion\/espatulas-es\/espatula-yeso-eco\/#breadcrumb","itemListElement":[{"@type":"ListItem","position":1,"name":"Home","item":"https:\/\/chemitool.com\/es\/"},{"@type":"ListItem","position":2,"name":"Productos","item":"https:\/\/chemitool.com\/es\/productos\/"},{"@type":"ListItem","position":3,"name":"CHEMICALS","item":"https:\/\/chemitool.com\/es\/categoria-producto\/chemicals\/"},{"@type":"ListItem","position":4,"name":"ESP\u00c1TULA YESO ECO"}]}]}},"_links":{"self":[{"href":"https:\/\/chemitool.com\/es\/wp-json\/wp\/v2\/product\/34773"}],"collection":[{"href":"https:\/\/chemitool.com\/es\/wp-json\/wp\/v2\/product"}],"about":[{"href":"https:\/\/chemitool.com\/es\/wp-json\/wp\/v2\/types\/product"}],"wp:featuredmedia":[{"embeddable":true,"href":"https:\/\/chemitool.com\/es\/wp-json\/wp\/v2\/media\/34777"}],"wp:attachment":[{"href":"https:\/\/chemitool.com\/es\/wp-json\/wp\/v2\/media?parent=34773"}],"wp:term":[{"taxonomy":"product_cat","embeddable":true,"href":"https:\/\/chemitool.com\/es\/wp-json\/wp\/v2\/product_cat?post=34773"},{"taxonomy":"product_tag","embeddable":true,"href":"https:\/\/chemitool.com\/es\/wp-json\/wp\/v2\/product_tag?post=34773"}],"curies":[{"name":"wp","href":"https:\/\/api.w.org\/{rel}","templated":true}]}}