{"id":34684,"date":"2023-10-13T11:03:55","date_gmt":"2023-10-13T11:03:57","guid":{"rendered":"https:\/\/chemitool.com\/?post_type=product&#038;p=34684"},"modified":"2023-10-18T14:56:03","modified_gmt":"2023-10-18T14:56:03","slug":"chemilok-pasta-desoxidante-vedox","status":"publish","type":"product","link":"https:\/\/chemitool.com\/es\/products\/chemicals\/selladores-y-bloqueadores\/chemilok-pasta-desoxidante-vedox\/","title":{"rendered":"CHEMILOK PASTA DESOXIDANTE VEDOX"},"content":{"rendered":"<p><strong>VENTAJAS<\/strong><\/p>\n<ul>\n<li>Calidad profesional<\/li>\n<li>Temperatura m\u00e1xima de uso \u2013 160\u00ba C<\/li>\n<li>Probado hasta 15 atm. incapaz de secarse con el tiempo<\/li>\n<li>Sin p\u00e9rdidas por endurecimiento durante el almacenamiento<\/li>\n<li>Resistente al \u00e1cido<\/li>\n<li>Resistente a vibraciones<\/li>\n<li>Previene la oxidaci\u00f3n<\/li>\n<li>Despu\u00e9s de su uso, la estanqueidad es perfecta.<\/li>\n<li>Absorci\u00f3n de humedad: 2%<\/li>\n<li>Nocividad: Nula<\/li>\n<li>Color: Verde<\/li>\n<\/ul>\n<p><strong>APLICACIONES<\/strong><\/p>\n<ul>\n<li>Tuber\u00edas de agua fr\u00eda y caliente<\/li>\n<li>Amon\u00edaco<\/li>\n<li>Gas butano o propano<\/li>\n<li>Tuber\u00edas de aire comprimido<\/li>\n<\/ul>\n","protected":false},"excerpt":{"rendered":"<p><b class=\"sap-label\">SAP:<\/b> <span class=\"codesap-label\"> CHC42010101<\/span><\/p>\n<p><em>CHEMILOK Pasta Desoxidante Vedox<\/em> es una pasta selladora y antioxidante para calafatear roscas. Vedox fue probado hasta 15 atm sin posibilidad de secarse con el tiempo y sin p\u00e9rdidas por endurecimiento durante el almacenamiento. La Pasta Desoxidante Vedox previene la oxidaci\u00f3n y tras su aplicaci\u00f3n, el sellado es perfecto. Filerizado en masa especial con s\u00edlice y aluminio.<\/p>\n","protected":false},"featured_media":34847,"template":"","meta":[],"product_cat":[1209,5033],"product_tag":[],"yoast_head":"<!-- This site is optimized with the Yoast SEO plugin v17.4 - https:\/\/yoast.com\/wordpress\/plugins\/seo\/ -->\n<title>CHEMILOK PASTA DESOXIDANTE VEDOX &ndash; Chemitool<\/title>\n<meta name=\"description\" content=\"SAP: CHC42010101  CHEMILOK Pasta Desoxidante Vedox es una pasta selladora y antioxidante para calafatear roscas. Vedox fue probado hasta 15 atm sin posibilidad de secarse con el tiempo y sin p\u00e9rdidas por endurecimiento durante el almacenamiento. La Pasta Desoxidante Vedox previene la oxidaci\u00f3n y tras su aplicaci\u00f3n, el sellado es perfecto. Filerizado en masa especial con s\u00edlice y aluminio.\" \/>\n<meta name=\"robots\" content=\"index, follow, max-snippet:-1, max-image-preview:large, max-video-preview:-1\" \/>\n<link rel=\"canonical\" href=\"https:\/\/chemitool.com\/es\/products\/chemicals\/selladores-y-bloqueadores\/chemilok-pasta-desoxidante-vedox\/\" \/>\n<meta property=\"og:locale\" content=\"es_ES\" \/>\n<meta property=\"og:type\" content=\"article\" \/>\n<meta property=\"og:title\" content=\"CHEMILOK PASTA DESOXIDANTE VEDOX &ndash; Chemitool\" \/>\n<meta property=\"og:description\" content=\"SAP: CHC42010101  CHEMILOK Pasta Desoxidante Vedox es una pasta selladora y antioxidante para calafatear roscas. Vedox fue probado hasta 15 atm sin posibilidad de secarse con el tiempo y sin p\u00e9rdidas por endurecimiento durante el almacenamiento. La Pasta Desoxidante Vedox previene la oxidaci\u00f3n y tras su aplicaci\u00f3n, el sellado es perfecto. Filerizado en masa especial con s\u00edlice y aluminio.\" \/>\n<meta property=\"og:url\" content=\"https:\/\/chemitool.com\/es\/products\/chemicals\/selladores-y-bloqueadores\/chemilok-pasta-desoxidante-vedox\/\" \/>\n<meta property=\"og:site_name\" content=\"Chemitool\" \/>\n<meta property=\"article:publisher\" content=\"https:\/\/www.facebook.com\/chemitool\" \/>\n<meta property=\"article:modified_time\" content=\"2023-10-18T14:56:03+00:00\" \/>\n<meta property=\"og:image\" content=\"https:\/\/chemitool.com\/wp-content\/uploads\/2023\/10\/CHC42010101.png\" \/>\n\t<meta property=\"og:image:width\" content=\"800\" \/>\n\t<meta property=\"og:image:height\" content=\"800\" \/>\n<meta name=\"twitter:card\" content=\"summary_large_image\" \/>\n<script type=\"application\/ld+json\" class=\"yoast-schema-graph\">{\"@context\":\"https:\/\/schema.org\",\"@graph\":[{\"@type\":\"Organization\",\"@id\":\"https:\/\/chemitool.com\/#organization\",\"name\":\"Chemitool\",\"url\":\"https:\/\/chemitool.com\/\",\"sameAs\":[\"https:\/\/www.facebook.com\/chemitool\",\"https:\/\/www.instagram.com\/chemitool\/\"],\"logo\":{\"@type\":\"ImageObject\",\"@id\":\"https:\/\/chemitool.com\/#logo\",\"inLanguage\":\"es\",\"url\":\"https:\/\/chemitool.com\/wp-content\/uploads\/2020\/10\/logo_chemitool.png\",\"contentUrl\":\"https:\/\/chemitool.com\/wp-content\/uploads\/2020\/10\/logo_chemitool.png\",\"width\":400,\"height\":400,\"caption\":\"Chemitool\"},\"image\":{\"@id\":\"https:\/\/chemitool.com\/#logo\"}},{\"@type\":\"WebSite\",\"@id\":\"https:\/\/chemitool.com\/#website\",\"url\":\"https:\/\/chemitool.com\/\",\"name\":\"Chemitool\",\"description\":\"Chemitool - hardware and tools\",\"publisher\":{\"@id\":\"https:\/\/chemitool.com\/#organization\"},\"potentialAction\":[{\"@type\":\"SearchAction\",\"target\":{\"@type\":\"EntryPoint\",\"urlTemplate\":\"https:\/\/chemitool.com\/?s={search_term_string}\"},\"query-input\":\"required name=search_term_string\"}],\"inLanguage\":\"es\"},{\"@type\":\"ImageObject\",\"@id\":\"https:\/\/chemitool.com\/es\/products\/chemicals\/selladores-y-bloqueadores\/chemilok-pasta-desoxidante-vedox\/#primaryimage\",\"inLanguage\":\"es\",\"url\":\"https:\/\/chemitool.com\/wp-content\/uploads\/2023\/10\/CHC42010101.png\",\"contentUrl\":\"https:\/\/chemitool.com\/wp-content\/uploads\/2023\/10\/CHC42010101.png\",\"width\":800,\"height\":800},{\"@type\":\"WebPage\",\"@id\":\"https:\/\/chemitool.com\/es\/products\/chemicals\/selladores-y-bloqueadores\/chemilok-pasta-desoxidante-vedox\/#webpage\",\"url\":\"https:\/\/chemitool.com\/es\/products\/chemicals\/selladores-y-bloqueadores\/chemilok-pasta-desoxidante-vedox\/\",\"name\":\"CHEMILOK PASTA DESOXIDANTE VEDOX &ndash; Chemitool\",\"isPartOf\":{\"@id\":\"https:\/\/chemitool.com\/#website\"},\"primaryImageOfPage\":{\"@id\":\"https:\/\/chemitool.com\/es\/products\/chemicals\/selladores-y-bloqueadores\/chemilok-pasta-desoxidante-vedox\/#primaryimage\"},\"datePublished\":\"2023-10-13T11:03:57+00:00\",\"dateModified\":\"2023-10-18T14:56:03+00:00\",\"description\":\"SAP: CHC42010101 CHEMILOK Pasta Desoxidante Vedox es una pasta selladora y antioxidante para calafatear roscas. Vedox fue probado hasta 15 atm sin posibilidad de secarse con el tiempo y sin p\\u00e9rdidas por endurecimiento durante el almacenamiento. La Pasta Desoxidante Vedox previene la oxidaci\\u00f3n y tras su aplicaci\\u00f3n, el sellado es perfecto. Filerizado en masa especial con s\\u00edlice y aluminio.\",\"breadcrumb\":{\"@id\":\"https:\/\/chemitool.com\/es\/products\/chemicals\/selladores-y-bloqueadores\/chemilok-pasta-desoxidante-vedox\/#breadcrumb\"},\"inLanguage\":\"es\",\"potentialAction\":[{\"@type\":\"ReadAction\",\"target\":[\"https:\/\/chemitool.com\/es\/products\/chemicals\/selladores-y-bloqueadores\/chemilok-pasta-desoxidante-vedox\/\"]}]},{\"@type\":\"BreadcrumbList\",\"@id\":\"https:\/\/chemitool.com\/es\/products\/chemicals\/selladores-y-bloqueadores\/chemilok-pasta-desoxidante-vedox\/#breadcrumb\",\"itemListElement\":[{\"@type\":\"ListItem\",\"position\":1,\"name\":\"Home\",\"item\":\"https:\/\/chemitool.com\/es\/\"},{\"@type\":\"ListItem\",\"position\":2,\"name\":\"Productos\",\"item\":\"https:\/\/chemitool.com\/es\/productos\/\"},{\"@type\":\"ListItem\",\"position\":3,\"name\":\"CHEMICALS\",\"item\":\"https:\/\/chemitool.com\/es\/categoria-producto\/chemicals\/\"},{\"@type\":\"ListItem\",\"position\":4,\"name\":\"CHEMILOK PASTA DESOXIDANTE VEDOX\"}]}]}<\/script>\n<!-- \/ Yoast SEO plugin. -->","yoast_head_json":{"title":"CHEMILOK PASTA DESOXIDANTE VEDOX &ndash; Chemitool","description":"SAP: CHC42010101  CHEMILOK Pasta Desoxidante Vedox es una pasta selladora y antioxidante para calafatear roscas. Vedox fue probado hasta 15 atm sin posibilidad de secarse con el tiempo y sin p\u00e9rdidas por endurecimiento durante el almacenamiento. La Pasta Desoxidante Vedox previene la oxidaci\u00f3n y tras su aplicaci\u00f3n, el sellado es perfecto. Filerizado en masa especial con s\u00edlice y aluminio.","robots":{"index":"index","follow":"follow","max-snippet":"max-snippet:-1","max-image-preview":"max-image-preview:large","max-video-preview":"max-video-preview:-1"},"canonical":"https:\/\/chemitool.com\/es\/products\/chemicals\/selladores-y-bloqueadores\/chemilok-pasta-desoxidante-vedox\/","og_locale":"es_ES","og_type":"article","og_title":"CHEMILOK PASTA DESOXIDANTE VEDOX &ndash; Chemitool","og_description":"SAP: CHC42010101  CHEMILOK Pasta Desoxidante Vedox es una pasta selladora y antioxidante para calafatear roscas. Vedox fue probado hasta 15 atm sin posibilidad de secarse con el tiempo y sin p\u00e9rdidas por endurecimiento durante el almacenamiento. La Pasta Desoxidante Vedox previene la oxidaci\u00f3n y tras su aplicaci\u00f3n, el sellado es perfecto. Filerizado en masa especial con s\u00edlice y aluminio.","og_url":"https:\/\/chemitool.com\/es\/products\/chemicals\/selladores-y-bloqueadores\/chemilok-pasta-desoxidante-vedox\/","og_site_name":"Chemitool","article_publisher":"https:\/\/www.facebook.com\/chemitool","article_modified_time":"2023-10-18T14:56:03+00:00","og_image":[{"width":800,"height":800,"url":"https:\/\/chemitool.com\/wp-content\/uploads\/2023\/10\/CHC42010101.png","type":"image\/png"}],"twitter_card":"summary_large_image","schema":{"@context":"https:\/\/schema.org","@graph":[{"@type":"Organization","@id":"https:\/\/chemitool.com\/#organization","name":"Chemitool","url":"https:\/\/chemitool.com\/","sameAs":["https:\/\/www.facebook.com\/chemitool","https:\/\/www.instagram.com\/chemitool\/"],"logo":{"@type":"ImageObject","@id":"https:\/\/chemitool.com\/#logo","inLanguage":"es","url":"https:\/\/chemitool.com\/wp-content\/uploads\/2020\/10\/logo_chemitool.png","contentUrl":"https:\/\/chemitool.com\/wp-content\/uploads\/2020\/10\/logo_chemitool.png","width":400,"height":400,"caption":"Chemitool"},"image":{"@id":"https:\/\/chemitool.com\/#logo"}},{"@type":"WebSite","@id":"https:\/\/chemitool.com\/#website","url":"https:\/\/chemitool.com\/","name":"Chemitool","description":"Chemitool - hardware and tools","publisher":{"@id":"https:\/\/chemitool.com\/#organization"},"potentialAction":[{"@type":"SearchAction","target":{"@type":"EntryPoint","urlTemplate":"https:\/\/chemitool.com\/?s={search_term_string}"},"query-input":"required name=search_term_string"}],"inLanguage":"es"},{"@type":"ImageObject","@id":"https:\/\/chemitool.com\/es\/products\/chemicals\/selladores-y-bloqueadores\/chemilok-pasta-desoxidante-vedox\/#primaryimage","inLanguage":"es","url":"https:\/\/chemitool.com\/wp-content\/uploads\/2023\/10\/CHC42010101.png","contentUrl":"https:\/\/chemitool.com\/wp-content\/uploads\/2023\/10\/CHC42010101.png","width":800,"height":800},{"@type":"WebPage","@id":"https:\/\/chemitool.com\/es\/products\/chemicals\/selladores-y-bloqueadores\/chemilok-pasta-desoxidante-vedox\/#webpage","url":"https:\/\/chemitool.com\/es\/products\/chemicals\/selladores-y-bloqueadores\/chemilok-pasta-desoxidante-vedox\/","name":"CHEMILOK PASTA DESOXIDANTE VEDOX &ndash; Chemitool","isPartOf":{"@id":"https:\/\/chemitool.com\/#website"},"primaryImageOfPage":{"@id":"https:\/\/chemitool.com\/es\/products\/chemicals\/selladores-y-bloqueadores\/chemilok-pasta-desoxidante-vedox\/#primaryimage"},"datePublished":"2023-10-13T11:03:57+00:00","dateModified":"2023-10-18T14:56:03+00:00","description":"SAP: CHC42010101 CHEMILOK Pasta Desoxidante Vedox es una pasta selladora y antioxidante para calafatear roscas. Vedox fue probado hasta 15 atm sin posibilidad de secarse con el tiempo y sin p\u00e9rdidas por endurecimiento durante el almacenamiento. La Pasta Desoxidante Vedox previene la oxidaci\u00f3n y tras su aplicaci\u00f3n, el sellado es perfecto. Filerizado en masa especial con s\u00edlice y aluminio.","breadcrumb":{"@id":"https:\/\/chemitool.com\/es\/products\/chemicals\/selladores-y-bloqueadores\/chemilok-pasta-desoxidante-vedox\/#breadcrumb"},"inLanguage":"es","potentialAction":[{"@type":"ReadAction","target":["https:\/\/chemitool.com\/es\/products\/chemicals\/selladores-y-bloqueadores\/chemilok-pasta-desoxidante-vedox\/"]}]},{"@type":"BreadcrumbList","@id":"https:\/\/chemitool.com\/es\/products\/chemicals\/selladores-y-bloqueadores\/chemilok-pasta-desoxidante-vedox\/#breadcrumb","itemListElement":[{"@type":"ListItem","position":1,"name":"Home","item":"https:\/\/chemitool.com\/es\/"},{"@type":"ListItem","position":2,"name":"Productos","item":"https:\/\/chemitool.com\/es\/productos\/"},{"@type":"ListItem","position":3,"name":"CHEMICALS","item":"https:\/\/chemitool.com\/es\/categoria-producto\/chemicals\/"},{"@type":"ListItem","position":4,"name":"CHEMILOK PASTA DESOXIDANTE VEDOX"}]}]}},"_links":{"self":[{"href":"https:\/\/chemitool.com\/es\/wp-json\/wp\/v2\/product\/34684"}],"collection":[{"href":"https:\/\/chemitool.com\/es\/wp-json\/wp\/v2\/product"}],"about":[{"href":"https:\/\/chemitool.com\/es\/wp-json\/wp\/v2\/types\/product"}],"wp:featuredmedia":[{"embeddable":true,"href":"https:\/\/chemitool.com\/es\/wp-json\/wp\/v2\/media\/34847"}],"wp:attachment":[{"href":"https:\/\/chemitool.com\/es\/wp-json\/wp\/v2\/media?parent=34684"}],"wp:term":[{"taxonomy":"product_cat","embeddable":true,"href":"https:\/\/chemitool.com\/es\/wp-json\/wp\/v2\/product_cat?post=34684"},{"taxonomy":"product_tag","embeddable":true,"href":"https:\/\/chemitool.com\/es\/wp-json\/wp\/v2\/product_tag?post=34684"}],"curies":[{"name":"wp","href":"https:\/\/api.w.org\/{rel}","templated":true}]}}