{"id":34653,"date":"2023-10-09T15:09:38","date_gmt":"2023-10-09T15:09:39","guid":{"rendered":"https:\/\/chemitool.com\/?post_type=product&#038;p=34653"},"modified":"2023-10-11T10:43:35","modified_gmt":"2023-10-11T10:43:35","slug":"varilla-mezcladora","status":"publish","type":"product","link":"https:\/\/chemitool.com\/es\/products\/tools\/herramientas-construccion\/varillas-mezcladoras\/varilla-mezcladora\/","title":{"rendered":"VARILLA MEZCLADORA"},"content":{"rendered":"<ul>\n<li>Durante el mezclado, estas paletas crean un v\u00f3rtice que da como resultado una consistencia de pintura suave y uniforme.<\/li>\n<li>El uso del agitador nos garantiza un color de pintura uniforme y sin rayas.<\/li>\n<\/ul>\n","protected":false},"excerpt":{"rendered":"<p><b class=\"sap-label\">SAP:<\/b> <span class=\"codesap-label\"> CHT201308040008 <\/span><br \/>\n<em>Varilla Mezcladora CHEMITOOL <\/em>tiene una varilla de acero galvanizado unida permanentemente por un vaso. El vaso es de pl\u00e1stico resistente y est\u00e1 dise\u00f1ado con cuchillas curvadas.<\/p>\n","protected":false},"featured_media":34642,"template":"","meta":[],"product_cat":[1456,3837,5003],"product_tag":[4176],"yoast_head":"<!-- This site is optimized with the Yoast SEO plugin v17.4 - https:\/\/yoast.com\/wordpress\/plugins\/seo\/ -->\n<title>VARILLA MEZCLADORA &ndash; Chemitool<\/title>\n<meta name=\"description\" content=\"SAP: CHT201308040008  Varilla Mezcladora CHEMITOOL tiene una varilla de acero galvanizado unida permanentemente por un vaso. El vaso es de pl\u00e1stico resistente y est\u00e1 dise\u00f1ado con cuchillas curvadas.\" \/>\n<meta name=\"robots\" content=\"index, follow, max-snippet:-1, max-image-preview:large, max-video-preview:-1\" \/>\n<link rel=\"canonical\" href=\"https:\/\/chemitool.com\/es\/products\/tools\/herramientas-construccion\/varillas-mezcladoras\/varilla-mezcladora\/\" \/>\n<meta property=\"og:locale\" content=\"es_ES\" \/>\n<meta property=\"og:type\" content=\"article\" \/>\n<meta property=\"og:title\" content=\"VARILLA MEZCLADORA &ndash; Chemitool\" \/>\n<meta property=\"og:description\" content=\"SAP: CHT201308040008  Varilla Mezcladora CHEMITOOL tiene una varilla de acero galvanizado unida permanentemente por un vaso. El vaso es de pl\u00e1stico resistente y est\u00e1 dise\u00f1ado con cuchillas curvadas.\" \/>\n<meta property=\"og:url\" content=\"https:\/\/chemitool.com\/es\/products\/tools\/herramientas-construccion\/varillas-mezcladoras\/varilla-mezcladora\/\" \/>\n<meta property=\"og:site_name\" content=\"Chemitool\" \/>\n<meta property=\"article:publisher\" content=\"https:\/\/www.facebook.com\/chemitool\" \/>\n<meta property=\"article:modified_time\" content=\"2023-10-11T10:43:35+00:00\" \/>\n<meta property=\"og:image\" content=\"https:\/\/chemitool.com\/wp-content\/uploads\/2023\/10\/CHT201308040008.png\" \/>\n\t<meta property=\"og:image:width\" content=\"750\" \/>\n\t<meta property=\"og:image:height\" content=\"750\" \/>\n<meta name=\"twitter:card\" content=\"summary_large_image\" \/>\n<script type=\"application\/ld+json\" class=\"yoast-schema-graph\">{\"@context\":\"https:\/\/schema.org\",\"@graph\":[{\"@type\":\"Organization\",\"@id\":\"https:\/\/chemitool.com\/#organization\",\"name\":\"Chemitool\",\"url\":\"https:\/\/chemitool.com\/\",\"sameAs\":[\"https:\/\/www.facebook.com\/chemitool\",\"https:\/\/www.instagram.com\/chemitool\/\"],\"logo\":{\"@type\":\"ImageObject\",\"@id\":\"https:\/\/chemitool.com\/#logo\",\"inLanguage\":\"es\",\"url\":\"https:\/\/chemitool.com\/wp-content\/uploads\/2020\/10\/logo_chemitool.png\",\"contentUrl\":\"https:\/\/chemitool.com\/wp-content\/uploads\/2020\/10\/logo_chemitool.png\",\"width\":400,\"height\":400,\"caption\":\"Chemitool\"},\"image\":{\"@id\":\"https:\/\/chemitool.com\/#logo\"}},{\"@type\":\"WebSite\",\"@id\":\"https:\/\/chemitool.com\/#website\",\"url\":\"https:\/\/chemitool.com\/\",\"name\":\"Chemitool\",\"description\":\"Chemitool - hardware and tools\",\"publisher\":{\"@id\":\"https:\/\/chemitool.com\/#organization\"},\"potentialAction\":[{\"@type\":\"SearchAction\",\"target\":{\"@type\":\"EntryPoint\",\"urlTemplate\":\"https:\/\/chemitool.com\/?s={search_term_string}\"},\"query-input\":\"required name=search_term_string\"}],\"inLanguage\":\"es\"},{\"@type\":\"ImageObject\",\"@id\":\"https:\/\/chemitool.com\/es\/products\/tools\/herramientas-construccion\/varillas-mezcladoras\/varilla-mezcladora\/#primaryimage\",\"inLanguage\":\"es\",\"url\":\"https:\/\/chemitool.com\/wp-content\/uploads\/2023\/10\/CHT201308040008.png\",\"contentUrl\":\"https:\/\/chemitool.com\/wp-content\/uploads\/2023\/10\/CHT201308040008.png\",\"width\":750,\"height\":750},{\"@type\":\"WebPage\",\"@id\":\"https:\/\/chemitool.com\/es\/products\/tools\/herramientas-construccion\/varillas-mezcladoras\/varilla-mezcladora\/#webpage\",\"url\":\"https:\/\/chemitool.com\/es\/products\/tools\/herramientas-construccion\/varillas-mezcladoras\/varilla-mezcladora\/\",\"name\":\"VARILLA MEZCLADORA &ndash; Chemitool\",\"isPartOf\":{\"@id\":\"https:\/\/chemitool.com\/#website\"},\"primaryImageOfPage\":{\"@id\":\"https:\/\/chemitool.com\/es\/products\/tools\/herramientas-construccion\/varillas-mezcladoras\/varilla-mezcladora\/#primaryimage\"},\"datePublished\":\"2023-10-09T15:09:39+00:00\",\"dateModified\":\"2023-10-11T10:43:35+00:00\",\"description\":\"SAP: CHT201308040008 Varilla Mezcladora CHEMITOOL tiene una varilla de acero galvanizado unida permanentemente por un vaso. El vaso es de pl\\u00e1stico resistente y est\\u00e1 dise\\u00f1ado con cuchillas curvadas.\",\"breadcrumb\":{\"@id\":\"https:\/\/chemitool.com\/es\/products\/tools\/herramientas-construccion\/varillas-mezcladoras\/varilla-mezcladora\/#breadcrumb\"},\"inLanguage\":\"es\",\"potentialAction\":[{\"@type\":\"ReadAction\",\"target\":[\"https:\/\/chemitool.com\/es\/products\/tools\/herramientas-construccion\/varillas-mezcladoras\/varilla-mezcladora\/\"]}]},{\"@type\":\"BreadcrumbList\",\"@id\":\"https:\/\/chemitool.com\/es\/products\/tools\/herramientas-construccion\/varillas-mezcladoras\/varilla-mezcladora\/#breadcrumb\",\"itemListElement\":[{\"@type\":\"ListItem\",\"position\":1,\"name\":\"Home\",\"item\":\"https:\/\/chemitool.com\/es\/\"},{\"@type\":\"ListItem\",\"position\":2,\"name\":\"Productos\",\"item\":\"https:\/\/chemitool.com\/es\/productos\/\"},{\"@type\":\"ListItem\",\"position\":3,\"name\":\"CHEMICALS\",\"item\":\"https:\/\/chemitool.com\/es\/categoria-producto\/chemicals\/\"},{\"@type\":\"ListItem\",\"position\":4,\"name\":\"VARILLA MEZCLADORA\"}]}]}<\/script>\n<!-- \/ Yoast SEO plugin. -->","yoast_head_json":{"title":"VARILLA MEZCLADORA &ndash; Chemitool","description":"SAP: CHT201308040008  Varilla Mezcladora CHEMITOOL tiene una varilla de acero galvanizado unida permanentemente por un vaso. El vaso es de pl\u00e1stico resistente y est\u00e1 dise\u00f1ado con cuchillas curvadas.","robots":{"index":"index","follow":"follow","max-snippet":"max-snippet:-1","max-image-preview":"max-image-preview:large","max-video-preview":"max-video-preview:-1"},"canonical":"https:\/\/chemitool.com\/es\/products\/tools\/herramientas-construccion\/varillas-mezcladoras\/varilla-mezcladora\/","og_locale":"es_ES","og_type":"article","og_title":"VARILLA MEZCLADORA &ndash; Chemitool","og_description":"SAP: CHT201308040008  Varilla Mezcladora CHEMITOOL tiene una varilla de acero galvanizado unida permanentemente por un vaso. El vaso es de pl\u00e1stico resistente y est\u00e1 dise\u00f1ado con cuchillas curvadas.","og_url":"https:\/\/chemitool.com\/es\/products\/tools\/herramientas-construccion\/varillas-mezcladoras\/varilla-mezcladora\/","og_site_name":"Chemitool","article_publisher":"https:\/\/www.facebook.com\/chemitool","article_modified_time":"2023-10-11T10:43:35+00:00","og_image":[{"width":750,"height":750,"url":"https:\/\/chemitool.com\/wp-content\/uploads\/2023\/10\/CHT201308040008.png","type":"image\/png"}],"twitter_card":"summary_large_image","schema":{"@context":"https:\/\/schema.org","@graph":[{"@type":"Organization","@id":"https:\/\/chemitool.com\/#organization","name":"Chemitool","url":"https:\/\/chemitool.com\/","sameAs":["https:\/\/www.facebook.com\/chemitool","https:\/\/www.instagram.com\/chemitool\/"],"logo":{"@type":"ImageObject","@id":"https:\/\/chemitool.com\/#logo","inLanguage":"es","url":"https:\/\/chemitool.com\/wp-content\/uploads\/2020\/10\/logo_chemitool.png","contentUrl":"https:\/\/chemitool.com\/wp-content\/uploads\/2020\/10\/logo_chemitool.png","width":400,"height":400,"caption":"Chemitool"},"image":{"@id":"https:\/\/chemitool.com\/#logo"}},{"@type":"WebSite","@id":"https:\/\/chemitool.com\/#website","url":"https:\/\/chemitool.com\/","name":"Chemitool","description":"Chemitool - hardware and tools","publisher":{"@id":"https:\/\/chemitool.com\/#organization"},"potentialAction":[{"@type":"SearchAction","target":{"@type":"EntryPoint","urlTemplate":"https:\/\/chemitool.com\/?s={search_term_string}"},"query-input":"required name=search_term_string"}],"inLanguage":"es"},{"@type":"ImageObject","@id":"https:\/\/chemitool.com\/es\/products\/tools\/herramientas-construccion\/varillas-mezcladoras\/varilla-mezcladora\/#primaryimage","inLanguage":"es","url":"https:\/\/chemitool.com\/wp-content\/uploads\/2023\/10\/CHT201308040008.png","contentUrl":"https:\/\/chemitool.com\/wp-content\/uploads\/2023\/10\/CHT201308040008.png","width":750,"height":750},{"@type":"WebPage","@id":"https:\/\/chemitool.com\/es\/products\/tools\/herramientas-construccion\/varillas-mezcladoras\/varilla-mezcladora\/#webpage","url":"https:\/\/chemitool.com\/es\/products\/tools\/herramientas-construccion\/varillas-mezcladoras\/varilla-mezcladora\/","name":"VARILLA MEZCLADORA &ndash; Chemitool","isPartOf":{"@id":"https:\/\/chemitool.com\/#website"},"primaryImageOfPage":{"@id":"https:\/\/chemitool.com\/es\/products\/tools\/herramientas-construccion\/varillas-mezcladoras\/varilla-mezcladora\/#primaryimage"},"datePublished":"2023-10-09T15:09:39+00:00","dateModified":"2023-10-11T10:43:35+00:00","description":"SAP: CHT201308040008 Varilla Mezcladora CHEMITOOL tiene una varilla de acero galvanizado unida permanentemente por un vaso. El vaso es de pl\u00e1stico resistente y est\u00e1 dise\u00f1ado con cuchillas curvadas.","breadcrumb":{"@id":"https:\/\/chemitool.com\/es\/products\/tools\/herramientas-construccion\/varillas-mezcladoras\/varilla-mezcladora\/#breadcrumb"},"inLanguage":"es","potentialAction":[{"@type":"ReadAction","target":["https:\/\/chemitool.com\/es\/products\/tools\/herramientas-construccion\/varillas-mezcladoras\/varilla-mezcladora\/"]}]},{"@type":"BreadcrumbList","@id":"https:\/\/chemitool.com\/es\/products\/tools\/herramientas-construccion\/varillas-mezcladoras\/varilla-mezcladora\/#breadcrumb","itemListElement":[{"@type":"ListItem","position":1,"name":"Home","item":"https:\/\/chemitool.com\/es\/"},{"@type":"ListItem","position":2,"name":"Productos","item":"https:\/\/chemitool.com\/es\/productos\/"},{"@type":"ListItem","position":3,"name":"CHEMICALS","item":"https:\/\/chemitool.com\/es\/categoria-producto\/chemicals\/"},{"@type":"ListItem","position":4,"name":"VARILLA MEZCLADORA"}]}]}},"_links":{"self":[{"href":"https:\/\/chemitool.com\/es\/wp-json\/wp\/v2\/product\/34653"}],"collection":[{"href":"https:\/\/chemitool.com\/es\/wp-json\/wp\/v2\/product"}],"about":[{"href":"https:\/\/chemitool.com\/es\/wp-json\/wp\/v2\/types\/product"}],"wp:featuredmedia":[{"embeddable":true,"href":"https:\/\/chemitool.com\/es\/wp-json\/wp\/v2\/media\/34642"}],"wp:attachment":[{"href":"https:\/\/chemitool.com\/es\/wp-json\/wp\/v2\/media?parent=34653"}],"wp:term":[{"taxonomy":"product_cat","embeddable":true,"href":"https:\/\/chemitool.com\/es\/wp-json\/wp\/v2\/product_cat?post=34653"},{"taxonomy":"product_tag","embeddable":true,"href":"https:\/\/chemitool.com\/es\/wp-json\/wp\/v2\/product_tag?post=34653"}],"curies":[{"name":"wp","href":"https:\/\/api.w.org\/{rel}","templated":true}]}}