{"id":34199,"date":"2023-08-04T16:02:44","date_gmt":"2023-08-04T16:02:46","guid":{"rendered":"https:\/\/chemitool.com\/?post_type=product&#038;p=34199"},"modified":"2025-10-03T16:32:06","modified_gmt":"2025-10-03T16:32:06","slug":"rodillos-no-tejido-proweb","status":"publish","type":"product","link":"https:\/\/chemitool.com\/es\/products\/cutting\/hojas-rollos-abrasivos-de-mano\/rodillos-y-hojas-no-tejido-proweb\/rodillos-no-tejido-proweb\/","title":{"rendered":"RODILLOS NO TEJIDO PROWEB"},"content":{"rendered":"<p><strong>VENTAJAS<\/strong><\/p>\n<ul>\n<li>Excelente relaci\u00f3n calidad\/valor<\/li>\n<li>F\u00e1cil de usar<\/li>\n<li>Tama\u00f1o 115x10000mm<\/li>\n<li>Espesor aproximado de 8mm<\/li>\n<li>Acabado uniforme<\/li>\n<li>Lavables y reutilizables<\/li>\n<\/ul>\n<p>Lo rodillo de no tejido impregnado en forma de red se puede utilizar en los sustratos m\u00e1s diversos, como metal, barnices, fibra de vidrio y revestimientos de madera.<\/p>\n<p>Este tipo de rodillo no tejido permite su uso para un lijado m\u00e1s agresivo, as\u00ed como un lijado de acabado fino\/ultrafino, donde la flexibilidad es importante para adaptarse a los contornos y superficies curvas.<\/p>\n<p>Para una ayor durabilidad, este rodillo no tejido se puede utilizar ha h\u00famedo o seco, seg\u00fan el tipo de acabado que se quiera realizar.<\/p>\n","protected":false},"excerpt":{"rendered":"<p>Los <em>abrasivos de no tejido PROWEB CHEMITOOL<\/em> en formato rollo fueron especialmente desarrollados para fornecer una extraordinaria rentabilidad en el trabajo, debido a su composici\u00f3n en forma de red, siendo aptos para el lijado desde el esmerilado hasta el acabado final. Su composici\u00f3n en forma de rollo permite cortarlo como se desee, para su adaptaci\u00f3n en herramienta el\u00e9ctrica o manual<\/p>\n","protected":false},"featured_media":43920,"template":"","meta":[],"product_cat":[5281,1426,4944],"product_tag":[],"yoast_head":"<!-- This site is optimized with the Yoast SEO plugin v17.4 - https:\/\/yoast.com\/wordpress\/plugins\/seo\/ -->\n<title>RODILLOS NO TEJIDO PROWEB &ndash; Chemitool<\/title>\n<meta name=\"description\" content=\"Los abrasivos de no tejido PROWEB CHEMITOOL en formato rollo fueron especialmente desarrollados para fornecer una extraordinaria rentabilidad en el trabajo, debido a su composici\u00f3n en forma de red, siendo aptos para el lijado desde el esmerilado hasta el acabado final. Su composici\u00f3n en forma de rollo permite cortarlo como se desee, para su adaptaci\u00f3n en herramienta el\u00e9ctrica o manual\" \/>\n<meta name=\"robots\" content=\"index, follow, max-snippet:-1, max-image-preview:large, max-video-preview:-1\" \/>\n<link rel=\"canonical\" href=\"https:\/\/chemitool.com\/es\/products\/cutting\/hojas-rollos-abrasivos-de-mano\/rodillos-y-hojas-no-tejido-proweb\/rodillos-no-tejido-proweb\/\" \/>\n<meta property=\"og:locale\" content=\"es_ES\" \/>\n<meta property=\"og:type\" content=\"article\" \/>\n<meta property=\"og:title\" content=\"RODILLOS NO TEJIDO PROWEB &ndash; Chemitool\" \/>\n<meta property=\"og:description\" content=\"Los abrasivos de no tejido PROWEB CHEMITOOL en formato rollo fueron especialmente desarrollados para fornecer una extraordinaria rentabilidad en el trabajo, debido a su composici\u00f3n en forma de red, siendo aptos para el lijado desde el esmerilado hasta el acabado final. Su composici\u00f3n en forma de rollo permite cortarlo como se desee, para su adaptaci\u00f3n en herramienta el\u00e9ctrica o manual\" \/>\n<meta property=\"og:url\" content=\"https:\/\/chemitool.com\/es\/products\/cutting\/hojas-rollos-abrasivos-de-mano\/rodillos-y-hojas-no-tejido-proweb\/rodillos-no-tejido-proweb\/\" \/>\n<meta property=\"og:site_name\" content=\"Chemitool\" \/>\n<meta property=\"article:publisher\" content=\"https:\/\/www.facebook.com\/chemitool\" \/>\n<meta property=\"article:modified_time\" content=\"2025-10-03T16:32:06+00:00\" \/>\n<meta property=\"og:image\" content=\"https:\/\/chemitool.com\/wp-content\/uploads\/2023\/08\/Conjunto.png\" \/>\n\t<meta property=\"og:image:width\" content=\"800\" \/>\n\t<meta property=\"og:image:height\" content=\"800\" \/>\n<meta name=\"twitter:card\" content=\"summary_large_image\" \/>\n<meta name=\"twitter:label1\" content=\"Tiempo de lectura\" \/>\n\t<meta name=\"twitter:data1\" content=\"1 minuto\" \/>\n<script type=\"application\/ld+json\" class=\"yoast-schema-graph\">{\"@context\":\"https:\/\/schema.org\",\"@graph\":[{\"@type\":\"Organization\",\"@id\":\"https:\/\/chemitool.com\/#organization\",\"name\":\"Chemitool\",\"url\":\"https:\/\/chemitool.com\/\",\"sameAs\":[\"https:\/\/www.facebook.com\/chemitool\",\"https:\/\/www.instagram.com\/chemitool\/\"],\"logo\":{\"@type\":\"ImageObject\",\"@id\":\"https:\/\/chemitool.com\/#logo\",\"inLanguage\":\"es\",\"url\":\"https:\/\/chemitool.com\/wp-content\/uploads\/2020\/10\/logo_chemitool.png\",\"contentUrl\":\"https:\/\/chemitool.com\/wp-content\/uploads\/2020\/10\/logo_chemitool.png\",\"width\":400,\"height\":400,\"caption\":\"Chemitool\"},\"image\":{\"@id\":\"https:\/\/chemitool.com\/#logo\"}},{\"@type\":\"WebSite\",\"@id\":\"https:\/\/chemitool.com\/#website\",\"url\":\"https:\/\/chemitool.com\/\",\"name\":\"Chemitool\",\"description\":\"Chemitool - hardware and tools\",\"publisher\":{\"@id\":\"https:\/\/chemitool.com\/#organization\"},\"potentialAction\":[{\"@type\":\"SearchAction\",\"target\":{\"@type\":\"EntryPoint\",\"urlTemplate\":\"https:\/\/chemitool.com\/?s={search_term_string}\"},\"query-input\":\"required name=search_term_string\"}],\"inLanguage\":\"es\"},{\"@type\":\"ImageObject\",\"@id\":\"https:\/\/chemitool.com\/es\/products\/cutting\/hojas-rollos-abrasivos-de-mano\/rodillos-y-hojas-no-tejido-proweb\/rodillos-no-tejido-proweb\/#primaryimage\",\"inLanguage\":\"es\",\"url\":\"https:\/\/chemitool.com\/wp-content\/uploads\/2025\/10\/NON-WOVEN_PROWEB_ROLLS.png\",\"contentUrl\":\"https:\/\/chemitool.com\/wp-content\/uploads\/2025\/10\/NON-WOVEN_PROWEB_ROLLS.png\",\"width\":800,\"height\":800},{\"@type\":\"WebPage\",\"@id\":\"https:\/\/chemitool.com\/es\/products\/cutting\/hojas-rollos-abrasivos-de-mano\/rodillos-y-hojas-no-tejido-proweb\/rodillos-no-tejido-proweb\/#webpage\",\"url\":\"https:\/\/chemitool.com\/es\/products\/cutting\/hojas-rollos-abrasivos-de-mano\/rodillos-y-hojas-no-tejido-proweb\/rodillos-no-tejido-proweb\/\",\"name\":\"RODILLOS NO TEJIDO PROWEB &ndash; Chemitool\",\"isPartOf\":{\"@id\":\"https:\/\/chemitool.com\/#website\"},\"primaryImageOfPage\":{\"@id\":\"https:\/\/chemitool.com\/es\/products\/cutting\/hojas-rollos-abrasivos-de-mano\/rodillos-y-hojas-no-tejido-proweb\/rodillos-no-tejido-proweb\/#primaryimage\"},\"datePublished\":\"2023-08-04T16:02:46+00:00\",\"dateModified\":\"2025-10-03T16:32:06+00:00\",\"description\":\"Los abrasivos de no tejido PROWEB CHEMITOOL en formato rollo fueron especialmente desarrollados para fornecer una extraordinaria rentabilidad en el trabajo, debido a su composici\\u00f3n en forma de red, siendo aptos para el lijado desde el esmerilado hasta el acabado final. Su composici\\u00f3n en forma de rollo permite cortarlo como se desee, para su adaptaci\\u00f3n en herramienta el\\u00e9ctrica o manual\",\"breadcrumb\":{\"@id\":\"https:\/\/chemitool.com\/es\/products\/cutting\/hojas-rollos-abrasivos-de-mano\/rodillos-y-hojas-no-tejido-proweb\/rodillos-no-tejido-proweb\/#breadcrumb\"},\"inLanguage\":\"es\",\"potentialAction\":[{\"@type\":\"ReadAction\",\"target\":[\"https:\/\/chemitool.com\/es\/products\/cutting\/hojas-rollos-abrasivos-de-mano\/rodillos-y-hojas-no-tejido-proweb\/rodillos-no-tejido-proweb\/\"]}]},{\"@type\":\"BreadcrumbList\",\"@id\":\"https:\/\/chemitool.com\/es\/products\/cutting\/hojas-rollos-abrasivos-de-mano\/rodillos-y-hojas-no-tejido-proweb\/rodillos-no-tejido-proweb\/#breadcrumb\",\"itemListElement\":[{\"@type\":\"ListItem\",\"position\":1,\"name\":\"Home\",\"item\":\"https:\/\/chemitool.com\/es\/\"},{\"@type\":\"ListItem\",\"position\":2,\"name\":\"Productos\",\"item\":\"https:\/\/chemitool.com\/es\/productos\/\"},{\"@type\":\"ListItem\",\"position\":3,\"name\":\"Cutting\",\"item\":\"https:\/\/chemitool.com\/product-category\/cutting\/\"},{\"@type\":\"ListItem\",\"position\":4,\"name\":\"RODILLOS NO TEJIDO PROWEB\"}]}]}<\/script>\n<!-- \/ Yoast SEO plugin. -->","yoast_head_json":{"title":"RODILLOS NO TEJIDO PROWEB &ndash; Chemitool","description":"Los abrasivos de no tejido PROWEB CHEMITOOL en formato rollo fueron especialmente desarrollados para fornecer una extraordinaria rentabilidad en el trabajo, debido a su composici\u00f3n en forma de red, siendo aptos para el lijado desde el esmerilado hasta el acabado final. Su composici\u00f3n en forma de rollo permite cortarlo como se desee, para su adaptaci\u00f3n en herramienta el\u00e9ctrica o manual","robots":{"index":"index","follow":"follow","max-snippet":"max-snippet:-1","max-image-preview":"max-image-preview:large","max-video-preview":"max-video-preview:-1"},"canonical":"https:\/\/chemitool.com\/es\/products\/cutting\/hojas-rollos-abrasivos-de-mano\/rodillos-y-hojas-no-tejido-proweb\/rodillos-no-tejido-proweb\/","og_locale":"es_ES","og_type":"article","og_title":"RODILLOS NO TEJIDO PROWEB &ndash; Chemitool","og_description":"Los abrasivos de no tejido PROWEB CHEMITOOL en formato rollo fueron especialmente desarrollados para fornecer una extraordinaria rentabilidad en el trabajo, debido a su composici\u00f3n en forma de red, siendo aptos para el lijado desde el esmerilado hasta el acabado final. Su composici\u00f3n en forma de rollo permite cortarlo como se desee, para su adaptaci\u00f3n en herramienta el\u00e9ctrica o manual","og_url":"https:\/\/chemitool.com\/es\/products\/cutting\/hojas-rollos-abrasivos-de-mano\/rodillos-y-hojas-no-tejido-proweb\/rodillos-no-tejido-proweb\/","og_site_name":"Chemitool","article_publisher":"https:\/\/www.facebook.com\/chemitool","article_modified_time":"2025-10-03T16:32:06+00:00","og_image":[{"width":800,"height":800,"url":"https:\/\/chemitool.com\/wp-content\/uploads\/2023\/08\/Conjunto.png","type":"image\/png"}],"twitter_card":"summary_large_image","twitter_misc":{"Tiempo de lectura":"1 minuto"},"schema":{"@context":"https:\/\/schema.org","@graph":[{"@type":"Organization","@id":"https:\/\/chemitool.com\/#organization","name":"Chemitool","url":"https:\/\/chemitool.com\/","sameAs":["https:\/\/www.facebook.com\/chemitool","https:\/\/www.instagram.com\/chemitool\/"],"logo":{"@type":"ImageObject","@id":"https:\/\/chemitool.com\/#logo","inLanguage":"es","url":"https:\/\/chemitool.com\/wp-content\/uploads\/2020\/10\/logo_chemitool.png","contentUrl":"https:\/\/chemitool.com\/wp-content\/uploads\/2020\/10\/logo_chemitool.png","width":400,"height":400,"caption":"Chemitool"},"image":{"@id":"https:\/\/chemitool.com\/#logo"}},{"@type":"WebSite","@id":"https:\/\/chemitool.com\/#website","url":"https:\/\/chemitool.com\/","name":"Chemitool","description":"Chemitool - hardware and tools","publisher":{"@id":"https:\/\/chemitool.com\/#organization"},"potentialAction":[{"@type":"SearchAction","target":{"@type":"EntryPoint","urlTemplate":"https:\/\/chemitool.com\/?s={search_term_string}"},"query-input":"required name=search_term_string"}],"inLanguage":"es"},{"@type":"ImageObject","@id":"https:\/\/chemitool.com\/es\/products\/cutting\/hojas-rollos-abrasivos-de-mano\/rodillos-y-hojas-no-tejido-proweb\/rodillos-no-tejido-proweb\/#primaryimage","inLanguage":"es","url":"https:\/\/chemitool.com\/wp-content\/uploads\/2025\/10\/NON-WOVEN_PROWEB_ROLLS.png","contentUrl":"https:\/\/chemitool.com\/wp-content\/uploads\/2025\/10\/NON-WOVEN_PROWEB_ROLLS.png","width":800,"height":800},{"@type":"WebPage","@id":"https:\/\/chemitool.com\/es\/products\/cutting\/hojas-rollos-abrasivos-de-mano\/rodillos-y-hojas-no-tejido-proweb\/rodillos-no-tejido-proweb\/#webpage","url":"https:\/\/chemitool.com\/es\/products\/cutting\/hojas-rollos-abrasivos-de-mano\/rodillos-y-hojas-no-tejido-proweb\/rodillos-no-tejido-proweb\/","name":"RODILLOS NO TEJIDO PROWEB &ndash; Chemitool","isPartOf":{"@id":"https:\/\/chemitool.com\/#website"},"primaryImageOfPage":{"@id":"https:\/\/chemitool.com\/es\/products\/cutting\/hojas-rollos-abrasivos-de-mano\/rodillos-y-hojas-no-tejido-proweb\/rodillos-no-tejido-proweb\/#primaryimage"},"datePublished":"2023-08-04T16:02:46+00:00","dateModified":"2025-10-03T16:32:06+00:00","description":"Los abrasivos de no tejido PROWEB CHEMITOOL en formato rollo fueron especialmente desarrollados para fornecer una extraordinaria rentabilidad en el trabajo, debido a su composici\u00f3n en forma de red, siendo aptos para el lijado desde el esmerilado hasta el acabado final. Su composici\u00f3n en forma de rollo permite cortarlo como se desee, para su adaptaci\u00f3n en herramienta el\u00e9ctrica o manual","breadcrumb":{"@id":"https:\/\/chemitool.com\/es\/products\/cutting\/hojas-rollos-abrasivos-de-mano\/rodillos-y-hojas-no-tejido-proweb\/rodillos-no-tejido-proweb\/#breadcrumb"},"inLanguage":"es","potentialAction":[{"@type":"ReadAction","target":["https:\/\/chemitool.com\/es\/products\/cutting\/hojas-rollos-abrasivos-de-mano\/rodillos-y-hojas-no-tejido-proweb\/rodillos-no-tejido-proweb\/"]}]},{"@type":"BreadcrumbList","@id":"https:\/\/chemitool.com\/es\/products\/cutting\/hojas-rollos-abrasivos-de-mano\/rodillos-y-hojas-no-tejido-proweb\/rodillos-no-tejido-proweb\/#breadcrumb","itemListElement":[{"@type":"ListItem","position":1,"name":"Home","item":"https:\/\/chemitool.com\/es\/"},{"@type":"ListItem","position":2,"name":"Productos","item":"https:\/\/chemitool.com\/es\/productos\/"},{"@type":"ListItem","position":3,"name":"Cutting","item":"https:\/\/chemitool.com\/product-category\/cutting\/"},{"@type":"ListItem","position":4,"name":"RODILLOS NO TEJIDO PROWEB"}]}]}},"_links":{"self":[{"href":"https:\/\/chemitool.com\/es\/wp-json\/wp\/v2\/product\/34199"}],"collection":[{"href":"https:\/\/chemitool.com\/es\/wp-json\/wp\/v2\/product"}],"about":[{"href":"https:\/\/chemitool.com\/es\/wp-json\/wp\/v2\/types\/product"}],"wp:featuredmedia":[{"embeddable":true,"href":"https:\/\/chemitool.com\/es\/wp-json\/wp\/v2\/media\/43920"}],"wp:attachment":[{"href":"https:\/\/chemitool.com\/es\/wp-json\/wp\/v2\/media?parent=34199"}],"wp:term":[{"taxonomy":"product_cat","embeddable":true,"href":"https:\/\/chemitool.com\/es\/wp-json\/wp\/v2\/product_cat?post=34199"},{"taxonomy":"product_tag","embeddable":true,"href":"https:\/\/chemitool.com\/es\/wp-json\/wp\/v2\/product_tag?post=34199"}],"curies":[{"name":"wp","href":"https:\/\/api.w.org\/{rel}","templated":true}]}}