{"id":33376,"date":"2023-06-16T08:19:28","date_gmt":"2023-06-16T08:19:29","guid":{"rendered":"https:\/\/chemitool.com\/?post_type=product&#038;p=33376"},"modified":"2025-10-09T09:57:14","modified_gmt":"2025-10-09T09:57:14","slug":"espuma-poliuretano-express-xe60-chemifoam","status":"publish","type":"product","link":"https:\/\/chemitool.com\/es\/products\/chemicals\/espumas-de-poliuretano\/espuma-poliuretano-express-xe60-chemifoam\/","title":{"rendered":"ESPUMA POLIURETANO EXPRESS XE60 CHEMIFOAM"},"content":{"rendered":"<p><strong>Ventajas<\/strong><\/p>\n<ul>\n<li>Calidad profesional<\/li>\n<li>F\u00e1cil aplicaci\u00f3n y reutilizaci\u00f3n<\/li>\n<li>Alto poder de uni\u00f3n<\/li>\n<li>No se expande\/encoge despu\u00e9s del secado<\/li>\n<li>Resistente a todo tipo de condiciones clim\u00e1ticas, agua de mar, soluci\u00f3n \u00e1cida y c\u00e1ustica diluida, vapor y humedad<\/li>\n<li>Excelente adherencia a la mayor\u00eda de los materiales de construcci\u00f3n<\/li>\n<li>V\u00e1lvula 2 en 1 (manual y pulverizable)<\/li>\n<li>Curado r\u00e1pido<\/li>\n<li>Pintable<\/li>\n<\/ul>\n<p><strong>Aplicaciones<\/strong><\/p>\n<ul>\n<li>Recomendado para el pegado de paneles aislantes t\u00e9rmicos de poliestireno y elementos constructivos decorativos de materiales ligeros como EPS\/XPS y jambas de poliestireno, adem\u00e1s de relleno de huecos y cavidades.<\/li>\n<li>La espuma adhesiva es ideal para la construcci\u00f3n de muros de contenci\u00f3n, tabiques, placas de yeso, madera contrachapada, jambas, dependencias y una amplia gama de otras estructuras de ladrillo o bloque.<\/li>\n<li>Se utiliza para montar y fijar madera decorativa.<\/li>\n<li>Instalaci\u00f3n de elementos constructivos de madera, molduras decorativas de madera, pladur, marcos, z\u00f3calos y paneles.<\/li>\n<li>Indicado para el pegado de tejas de poliestireno y espuma de poliestireno.<\/li>\n<li>Se adhiere perfectamente a diferentes materiales como piedra, hormig\u00f3n, metal, madera, vidrio, espejo, aluminio, cer\u00e1mica, pladur. Se utiliza f\u00e1cilmente para unir marcos de puertas y ventanas, cornisas, paneles aislantes, accesorios para ba\u00f1os, materiales para techos y terrazas.<\/li>\n<li>Para el encolado de granito, m\u00e1rmol, piedra natural, travertino y cer\u00e1mica.<\/li>\n<\/ul>\n","protected":false},"excerpt":{"rendered":"<p><b class=\"sap-label\">SAP:<\/b> <span class=\"codesap-label\"> CH06000010 <\/span><\/p>\n<p><em>Espuma Poliuretano Express XE60 CHEMIFOAM <\/em>es una espuma de poliuretano monocomponente, adherente y de baja expansi\u00f3n que cura al contacto con la humedad ambiental, proporcionando una r\u00e1pida adhesi\u00f3n inicial despu\u00e9s de un minuto.<\/p>\n","protected":false},"featured_media":33351,"template":"","meta":[],"product_cat":[1209,1224],"product_tag":[],"yoast_head":"<!-- This site is optimized with the Yoast SEO plugin v17.4 - https:\/\/yoast.com\/wordpress\/plugins\/seo\/ -->\n<title>ESPUMA POLIURETANO EXPRESS XE60 CHEMIFOAM &ndash; Chemitool<\/title>\n<meta name=\"description\" content=\"SAP: CH06000010   Espuma Poliuretano Express XE60 CHEMIFOAM es una espuma de poliuretano monocomponente, adherente y de baja expansi\u00f3n que cura al contacto con la humedad ambiental, proporcionando una r\u00e1pida adhesi\u00f3n inicial despu\u00e9s de un minuto.\" \/>\n<meta name=\"robots\" content=\"index, follow, max-snippet:-1, max-image-preview:large, max-video-preview:-1\" \/>\n<link rel=\"canonical\" href=\"https:\/\/chemitool.com\/es\/products\/chemical-products\/polyurethane-foam\/chemifoam-polyurethane-foam-express-xe60\/\" \/>\n<meta property=\"og:locale\" content=\"es_ES\" \/>\n<meta property=\"og:type\" content=\"article\" \/>\n<meta property=\"og:title\" content=\"ESPUMA POLIURETANO EXPRESS XE60 CHEMIFOAM &ndash; Chemitool\" \/>\n<meta property=\"og:description\" content=\"SAP: CH06000010   Espuma Poliuretano Express XE60 CHEMIFOAM es una espuma de poliuretano monocomponente, adherente y de baja expansi\u00f3n que cura al contacto con la humedad ambiental, proporcionando una r\u00e1pida adhesi\u00f3n inicial despu\u00e9s de un minuto.\" \/>\n<meta property=\"og:url\" content=\"https:\/\/chemitool.com\/products\/chemical-products\/polyurethane-foam\/chemifoam-polyurethane-foam-express-xe60\/\" \/>\n<meta property=\"og:site_name\" content=\"Chemitool\" \/>\n<meta property=\"article:publisher\" content=\"https:\/\/www.facebook.com\/chemitool\" \/>\n<meta property=\"article:modified_time\" content=\"2025-10-09T09:57:14+00:00\" \/>\n<meta property=\"og:image\" content=\"https:\/\/chemitool.com\/wp-content\/uploads\/2023\/06\/CH06000010.png\" \/>\n\t<meta property=\"og:image:width\" content=\"800\" \/>\n\t<meta property=\"og:image:height\" content=\"800\" \/>\n<meta name=\"twitter:card\" content=\"summary_large_image\" \/>\n<meta name=\"twitter:label1\" content=\"Tiempo de lectura\" \/>\n\t<meta name=\"twitter:data1\" content=\"1 minuto\" \/>\n<script type=\"application\/ld+json\" class=\"yoast-schema-graph\">{\"@context\":\"https:\/\/schema.org\",\"@graph\":[{\"@type\":\"Organization\",\"@id\":\"https:\/\/chemitool.com\/#organization\",\"name\":\"Chemitool\",\"url\":\"https:\/\/chemitool.com\/\",\"sameAs\":[\"https:\/\/www.facebook.com\/chemitool\",\"https:\/\/www.instagram.com\/chemitool\/\"],\"logo\":{\"@type\":\"ImageObject\",\"@id\":\"https:\/\/chemitool.com\/#logo\",\"inLanguage\":\"es\",\"url\":\"https:\/\/chemitool.com\/wp-content\/uploads\/2020\/10\/logo_chemitool.png\",\"contentUrl\":\"https:\/\/chemitool.com\/wp-content\/uploads\/2020\/10\/logo_chemitool.png\",\"width\":400,\"height\":400,\"caption\":\"Chemitool\"},\"image\":{\"@id\":\"https:\/\/chemitool.com\/#logo\"}},{\"@type\":\"WebSite\",\"@id\":\"https:\/\/chemitool.com\/#website\",\"url\":\"https:\/\/chemitool.com\/\",\"name\":\"Chemitool\",\"description\":\"Chemitool - hardware and tools\",\"publisher\":{\"@id\":\"https:\/\/chemitool.com\/#organization\"},\"potentialAction\":[{\"@type\":\"SearchAction\",\"target\":{\"@type\":\"EntryPoint\",\"urlTemplate\":\"https:\/\/chemitool.com\/?s={search_term_string}\"},\"query-input\":\"required name=search_term_string\"}],\"inLanguage\":\"es\"},{\"@type\":\"ImageObject\",\"@id\":\"https:\/\/chemitool.com\/products\/chemical-products\/polyurethane-foam\/chemifoam-polyurethane-foam-express-xe60\/#primaryimage\",\"inLanguage\":\"es\",\"url\":\"https:\/\/chemitool.com\/wp-content\/uploads\/2023\/06\/CH06000010.png\",\"contentUrl\":\"https:\/\/chemitool.com\/wp-content\/uploads\/2023\/06\/CH06000010.png\",\"width\":800,\"height\":800},{\"@type\":\"WebPage\",\"@id\":\"https:\/\/chemitool.com\/products\/chemical-products\/polyurethane-foam\/chemifoam-polyurethane-foam-express-xe60\/#webpage\",\"url\":\"https:\/\/chemitool.com\/products\/chemical-products\/polyurethane-foam\/chemifoam-polyurethane-foam-express-xe60\/\",\"name\":\"ESPUMA POLIURETANO EXPRESS XE60 CHEMIFOAM &ndash; Chemitool\",\"isPartOf\":{\"@id\":\"https:\/\/chemitool.com\/#website\"},\"primaryImageOfPage\":{\"@id\":\"https:\/\/chemitool.com\/products\/chemical-products\/polyurethane-foam\/chemifoam-polyurethane-foam-express-xe60\/#primaryimage\"},\"datePublished\":\"2023-06-16T08:19:29+00:00\",\"dateModified\":\"2025-10-09T09:57:14+00:00\",\"description\":\"SAP: CH06000010 Espuma Poliuretano Express XE60 CHEMIFOAM es una espuma de poliuretano monocomponente, adherente y de baja expansi\\u00f3n que cura al contacto con la humedad ambiental, proporcionando una r\\u00e1pida adhesi\\u00f3n inicial despu\\u00e9s de un minuto.\",\"breadcrumb\":{\"@id\":\"https:\/\/chemitool.com\/products\/chemical-products\/polyurethane-foam\/chemifoam-polyurethane-foam-express-xe60\/#breadcrumb\"},\"inLanguage\":\"es\",\"potentialAction\":[{\"@type\":\"ReadAction\",\"target\":[\"https:\/\/chemitool.com\/products\/chemical-products\/polyurethane-foam\/chemifoam-polyurethane-foam-express-xe60\/\"]}]},{\"@type\":\"BreadcrumbList\",\"@id\":\"https:\/\/chemitool.com\/products\/chemical-products\/polyurethane-foam\/chemifoam-polyurethane-foam-express-xe60\/#breadcrumb\",\"itemListElement\":[{\"@type\":\"ListItem\",\"position\":1,\"name\":\"Home\",\"item\":\"https:\/\/chemitool.com\/es\/\"},{\"@type\":\"ListItem\",\"position\":2,\"name\":\"Productos\",\"item\":\"https:\/\/chemitool.com\/es\/productos\/\"},{\"@type\":\"ListItem\",\"position\":3,\"name\":\"Chemicals\",\"item\":\"https:\/\/chemitool.com\/product-category\/chemical-products\/\"},{\"@type\":\"ListItem\",\"position\":4,\"name\":\"ESPUMA POLIURETANO EXPRESS XE60 CHEMIFOAM\"}]}]}<\/script>\n<!-- \/ Yoast SEO plugin. -->","yoast_head_json":{"title":"ESPUMA POLIURETANO EXPRESS XE60 CHEMIFOAM &ndash; Chemitool","description":"SAP: CH06000010   Espuma Poliuretano Express XE60 CHEMIFOAM es una espuma de poliuretano monocomponente, adherente y de baja expansi\u00f3n que cura al contacto con la humedad ambiental, proporcionando una r\u00e1pida adhesi\u00f3n inicial despu\u00e9s de un minuto.","robots":{"index":"index","follow":"follow","max-snippet":"max-snippet:-1","max-image-preview":"max-image-preview:large","max-video-preview":"max-video-preview:-1"},"canonical":"https:\/\/chemitool.com\/es\/products\/chemical-products\/polyurethane-foam\/chemifoam-polyurethane-foam-express-xe60\/","og_locale":"es_ES","og_type":"article","og_title":"ESPUMA POLIURETANO EXPRESS XE60 CHEMIFOAM &ndash; Chemitool","og_description":"SAP: CH06000010   Espuma Poliuretano Express XE60 CHEMIFOAM es una espuma de poliuretano monocomponente, adherente y de baja expansi\u00f3n que cura al contacto con la humedad ambiental, proporcionando una r\u00e1pida adhesi\u00f3n inicial despu\u00e9s de un minuto.","og_url":"https:\/\/chemitool.com\/products\/chemical-products\/polyurethane-foam\/chemifoam-polyurethane-foam-express-xe60\/","og_site_name":"Chemitool","article_publisher":"https:\/\/www.facebook.com\/chemitool","article_modified_time":"2025-10-09T09:57:14+00:00","og_image":[{"width":800,"height":800,"url":"https:\/\/chemitool.com\/wp-content\/uploads\/2023\/06\/CH06000010.png","type":"image\/png"}],"twitter_card":"summary_large_image","twitter_misc":{"Tiempo de lectura":"1 minuto"},"schema":{"@context":"https:\/\/schema.org","@graph":[{"@type":"Organization","@id":"https:\/\/chemitool.com\/#organization","name":"Chemitool","url":"https:\/\/chemitool.com\/","sameAs":["https:\/\/www.facebook.com\/chemitool","https:\/\/www.instagram.com\/chemitool\/"],"logo":{"@type":"ImageObject","@id":"https:\/\/chemitool.com\/#logo","inLanguage":"es","url":"https:\/\/chemitool.com\/wp-content\/uploads\/2020\/10\/logo_chemitool.png","contentUrl":"https:\/\/chemitool.com\/wp-content\/uploads\/2020\/10\/logo_chemitool.png","width":400,"height":400,"caption":"Chemitool"},"image":{"@id":"https:\/\/chemitool.com\/#logo"}},{"@type":"WebSite","@id":"https:\/\/chemitool.com\/#website","url":"https:\/\/chemitool.com\/","name":"Chemitool","description":"Chemitool - hardware and tools","publisher":{"@id":"https:\/\/chemitool.com\/#organization"},"potentialAction":[{"@type":"SearchAction","target":{"@type":"EntryPoint","urlTemplate":"https:\/\/chemitool.com\/?s={search_term_string}"},"query-input":"required name=search_term_string"}],"inLanguage":"es"},{"@type":"ImageObject","@id":"https:\/\/chemitool.com\/products\/chemical-products\/polyurethane-foam\/chemifoam-polyurethane-foam-express-xe60\/#primaryimage","inLanguage":"es","url":"https:\/\/chemitool.com\/wp-content\/uploads\/2023\/06\/CH06000010.png","contentUrl":"https:\/\/chemitool.com\/wp-content\/uploads\/2023\/06\/CH06000010.png","width":800,"height":800},{"@type":"WebPage","@id":"https:\/\/chemitool.com\/products\/chemical-products\/polyurethane-foam\/chemifoam-polyurethane-foam-express-xe60\/#webpage","url":"https:\/\/chemitool.com\/products\/chemical-products\/polyurethane-foam\/chemifoam-polyurethane-foam-express-xe60\/","name":"ESPUMA POLIURETANO EXPRESS XE60 CHEMIFOAM &ndash; Chemitool","isPartOf":{"@id":"https:\/\/chemitool.com\/#website"},"primaryImageOfPage":{"@id":"https:\/\/chemitool.com\/products\/chemical-products\/polyurethane-foam\/chemifoam-polyurethane-foam-express-xe60\/#primaryimage"},"datePublished":"2023-06-16T08:19:29+00:00","dateModified":"2025-10-09T09:57:14+00:00","description":"SAP: CH06000010 Espuma Poliuretano Express XE60 CHEMIFOAM es una espuma de poliuretano monocomponente, adherente y de baja expansi\u00f3n que cura al contacto con la humedad ambiental, proporcionando una r\u00e1pida adhesi\u00f3n inicial despu\u00e9s de un minuto.","breadcrumb":{"@id":"https:\/\/chemitool.com\/products\/chemical-products\/polyurethane-foam\/chemifoam-polyurethane-foam-express-xe60\/#breadcrumb"},"inLanguage":"es","potentialAction":[{"@type":"ReadAction","target":["https:\/\/chemitool.com\/products\/chemical-products\/polyurethane-foam\/chemifoam-polyurethane-foam-express-xe60\/"]}]},{"@type":"BreadcrumbList","@id":"https:\/\/chemitool.com\/products\/chemical-products\/polyurethane-foam\/chemifoam-polyurethane-foam-express-xe60\/#breadcrumb","itemListElement":[{"@type":"ListItem","position":1,"name":"Home","item":"https:\/\/chemitool.com\/es\/"},{"@type":"ListItem","position":2,"name":"Productos","item":"https:\/\/chemitool.com\/es\/productos\/"},{"@type":"ListItem","position":3,"name":"Chemicals","item":"https:\/\/chemitool.com\/product-category\/chemical-products\/"},{"@type":"ListItem","position":4,"name":"ESPUMA POLIURETANO EXPRESS XE60 CHEMIFOAM"}]}]}},"_links":{"self":[{"href":"https:\/\/chemitool.com\/es\/wp-json\/wp\/v2\/product\/33376"}],"collection":[{"href":"https:\/\/chemitool.com\/es\/wp-json\/wp\/v2\/product"}],"about":[{"href":"https:\/\/chemitool.com\/es\/wp-json\/wp\/v2\/types\/product"}],"wp:featuredmedia":[{"embeddable":true,"href":"https:\/\/chemitool.com\/es\/wp-json\/wp\/v2\/media\/33351"}],"wp:attachment":[{"href":"https:\/\/chemitool.com\/es\/wp-json\/wp\/v2\/media?parent=33376"}],"wp:term":[{"taxonomy":"product_cat","embeddable":true,"href":"https:\/\/chemitool.com\/es\/wp-json\/wp\/v2\/product_cat?post=33376"},{"taxonomy":"product_tag","embeddable":true,"href":"https:\/\/chemitool.com\/es\/wp-json\/wp\/v2\/product_tag?post=33376"}],"curies":[{"name":"wp","href":"https:\/\/api.w.org\/{rel}","templated":true}]}}