{"id":33173,"date":"2023-06-12T14:10:51","date_gmt":"2023-06-12T14:10:53","guid":{"rendered":"https:\/\/chemitool.com\/?post_type=product&#038;p=33173"},"modified":"2023-06-13T10:34:33","modified_gmt":"2023-06-13T10:34:33","slug":"rodillo-de-espuma-abrasiva-prosponge-white","status":"publish","type":"product","link":"https:\/\/chemitool.com\/es\/products\/cutting\/hojas-rollos-abrasivos-de-mano\/esponja-abrasiva-doble-cara-prosponge-2s\/rodillo-de-espuma-abrasiva-prosponge-white\/","title":{"rendered":"RODILLO DE ESPUMA ABRASIVA PROSPONGE WHITE"},"content":{"rendered":"<p><strong>VENTAJAS<\/strong><\/p>\n<ul>\n<li>Excelente relaci\u00f3n calidad\/valor<\/li>\n<li>Disponible en versi\u00f3n con precorte y sin precorte<\/li>\n<li>F\u00e1cil de usar<\/li>\n<li>Tama\u00f1o 115 x 25 metros<\/li>\n<li>Espesor de 3.5mm<\/li>\n<li>Acabado uniforme<\/li>\n<li>S\u00faper flexible<\/li>\n<li>Lavables y reutilizables<\/li>\n<\/ul>\n<p>La esponja abrasiva, se puede utilizar en muchos sustratos diferentes, tales como imprimaciones, fibra de vidrio, barnices y revestimientos de madera.<\/p>\n<p>Este tipo de esponja abrasiva permite su uso para trabajos que requieran una gran flexibilidad, as\u00ed como un lijado fino para preparaci\u00f3n\/pasos, incluso un micro lijado evitando la penetraci\u00f3n excesiva del grano en la superficie.<\/p>\n<p>La versi\u00f3n precortada de 115x125mm proporciona al usuario suministros de forma rectangular para evitar desgarros o la necesidad de cortar manualmente, al tiempo que dispone siempre del mismo tama\u00f1o de esponja.<\/p>\n<p>La versi\u00f3n sin precorte ofrece al usuario la posibilidad de rellenar la longitud que necesite, adaptarse a una herramienta el\u00e9ctrica o manual, y no hay puntos de rotura debido a la perforaci\u00f3n presente en la versi\u00f3n precorte.<\/p>\n<p>Para una mayor durabilidad, esta esponja puede utilizarse con agua o en seco, seg\u00fan el tipo de acabado que desee aplicar.<\/p>\n","protected":false},"excerpt":{"rendered":"<p><em>Los Rodillos de Espuma Abrasiva PROSPONGE WHITE CHEMITOOL<\/em> fueron especialmente desarrollados para brindar una extraordinaria rentabilidad en el trabajo, debido a su resistencia a la abrasi\u00f3n, as\u00ed como a la especial composici\u00f3n del \u00f3xido de aluminio recubierto.<\/p>\n","protected":false},"featured_media":33169,"template":"","meta":[],"product_cat":[5279,1426,4944],"product_tag":[],"yoast_head":"<!-- This site is optimized with the Yoast SEO plugin v17.4 - https:\/\/yoast.com\/wordpress\/plugins\/seo\/ -->\n<title>RODILLO DE ESPUMA ABRASIVA PROSPONGE WHITE &ndash; Chemitool<\/title>\n<meta name=\"description\" content=\"Los Rodillos de Espuma Abrasiva PROSPONGE WHITE CHEMITOOL fueron especialmente desarrollados para brindar una extraordinaria rentabilidad en el trabajo, debido a su resistencia a la abrasi\u00f3n, as\u00ed como a la especial composici\u00f3n del \u00f3xido de aluminio recubierto.\" \/>\n<meta name=\"robots\" content=\"index, follow, max-snippet:-1, max-image-preview:large, max-video-preview:-1\" \/>\n<link rel=\"canonical\" href=\"https:\/\/chemitool.com\/es\/products\/cutting\/hojas-rollos-abrasivos-de-mano\/rodillo-de-espuma-abrasiva-prosponge-white\/\" \/>\n<meta property=\"og:locale\" content=\"es_ES\" \/>\n<meta property=\"og:type\" content=\"article\" \/>\n<meta property=\"og:title\" content=\"RODILLO DE ESPUMA ABRASIVA PROSPONGE WHITE &ndash; Chemitool\" \/>\n<meta property=\"og:description\" content=\"Los Rodillos de Espuma Abrasiva PROSPONGE WHITE CHEMITOOL fueron especialmente desarrollados para brindar una extraordinaria rentabilidad en el trabajo, debido a su resistencia a la abrasi\u00f3n, as\u00ed como a la especial composici\u00f3n del \u00f3xido de aluminio recubierto.\" \/>\n<meta property=\"og:url\" content=\"https:\/\/chemitool.com\/es\/products\/cutting\/hojas-rollos-abrasivos-de-mano\/rodillo-de-espuma-abrasiva-prosponge-white\/\" \/>\n<meta property=\"og:site_name\" content=\"Chemitool\" \/>\n<meta property=\"article:publisher\" content=\"https:\/\/www.facebook.com\/chemitool\" \/>\n<meta property=\"article:modified_time\" content=\"2023-06-13T10:34:33+00:00\" \/>\n<meta property=\"og:image\" content=\"https:\/\/chemitool.com\/wp-content\/uploads\/2023\/06\/CHA280_1.png\" \/>\n\t<meta property=\"og:image:width\" content=\"800\" \/>\n\t<meta property=\"og:image:height\" content=\"800\" \/>\n<meta name=\"twitter:card\" content=\"summary_large_image\" \/>\n<meta name=\"twitter:label1\" content=\"Tiempo de lectura\" \/>\n\t<meta name=\"twitter:data1\" content=\"1 minuto\" \/>\n<script type=\"application\/ld+json\" class=\"yoast-schema-graph\">{\"@context\":\"https:\/\/schema.org\",\"@graph\":[{\"@type\":\"Organization\",\"@id\":\"https:\/\/chemitool.com\/#organization\",\"name\":\"Chemitool\",\"url\":\"https:\/\/chemitool.com\/\",\"sameAs\":[\"https:\/\/www.facebook.com\/chemitool\",\"https:\/\/www.instagram.com\/chemitool\/\"],\"logo\":{\"@type\":\"ImageObject\",\"@id\":\"https:\/\/chemitool.com\/#logo\",\"inLanguage\":\"es\",\"url\":\"https:\/\/chemitool.com\/wp-content\/uploads\/2020\/10\/logo_chemitool.png\",\"contentUrl\":\"https:\/\/chemitool.com\/wp-content\/uploads\/2020\/10\/logo_chemitool.png\",\"width\":400,\"height\":400,\"caption\":\"Chemitool\"},\"image\":{\"@id\":\"https:\/\/chemitool.com\/#logo\"}},{\"@type\":\"WebSite\",\"@id\":\"https:\/\/chemitool.com\/#website\",\"url\":\"https:\/\/chemitool.com\/\",\"name\":\"Chemitool\",\"description\":\"Chemitool - hardware and tools\",\"publisher\":{\"@id\":\"https:\/\/chemitool.com\/#organization\"},\"potentialAction\":[{\"@type\":\"SearchAction\",\"target\":{\"@type\":\"EntryPoint\",\"urlTemplate\":\"https:\/\/chemitool.com\/?s={search_term_string}\"},\"query-input\":\"required name=search_term_string\"}],\"inLanguage\":\"es\"},{\"@type\":\"ImageObject\",\"@id\":\"https:\/\/chemitool.com\/es\/products\/cutting\/hojas-rollos-abrasivos-de-mano\/rodillo-de-espuma-abrasiva-prosponge-white\/#primaryimage\",\"inLanguage\":\"es\",\"url\":\"https:\/\/chemitool.com\/wp-content\/uploads\/2023\/06\/CHA280_1.png\",\"contentUrl\":\"https:\/\/chemitool.com\/wp-content\/uploads\/2023\/06\/CHA280_1.png\",\"width\":800,\"height\":800},{\"@type\":\"WebPage\",\"@id\":\"https:\/\/chemitool.com\/es\/products\/cutting\/hojas-rollos-abrasivos-de-mano\/rodillo-de-espuma-abrasiva-prosponge-white\/#webpage\",\"url\":\"https:\/\/chemitool.com\/es\/products\/cutting\/hojas-rollos-abrasivos-de-mano\/rodillo-de-espuma-abrasiva-prosponge-white\/\",\"name\":\"RODILLO DE ESPUMA ABRASIVA PROSPONGE WHITE &ndash; Chemitool\",\"isPartOf\":{\"@id\":\"https:\/\/chemitool.com\/#website\"},\"primaryImageOfPage\":{\"@id\":\"https:\/\/chemitool.com\/es\/products\/cutting\/hojas-rollos-abrasivos-de-mano\/rodillo-de-espuma-abrasiva-prosponge-white\/#primaryimage\"},\"datePublished\":\"2023-06-12T14:10:53+00:00\",\"dateModified\":\"2023-06-13T10:34:33+00:00\",\"description\":\"Los Rodillos de Espuma Abrasiva PROSPONGE WHITE CHEMITOOL fueron especialmente desarrollados para brindar una extraordinaria rentabilidad en el trabajo, debido a su resistencia a la abrasi\\u00f3n, as\\u00ed como a la especial composici\\u00f3n del \\u00f3xido de aluminio recubierto.\",\"breadcrumb\":{\"@id\":\"https:\/\/chemitool.com\/es\/products\/cutting\/hojas-rollos-abrasivos-de-mano\/rodillo-de-espuma-abrasiva-prosponge-white\/#breadcrumb\"},\"inLanguage\":\"es\",\"potentialAction\":[{\"@type\":\"ReadAction\",\"target\":[\"https:\/\/chemitool.com\/es\/products\/cutting\/hojas-rollos-abrasivos-de-mano\/rodillo-de-espuma-abrasiva-prosponge-white\/\"]}]},{\"@type\":\"BreadcrumbList\",\"@id\":\"https:\/\/chemitool.com\/es\/products\/cutting\/hojas-rollos-abrasivos-de-mano\/rodillo-de-espuma-abrasiva-prosponge-white\/#breadcrumb\",\"itemListElement\":[{\"@type\":\"ListItem\",\"position\":1,\"name\":\"Home\",\"item\":\"https:\/\/chemitool.com\/es\/\"},{\"@type\":\"ListItem\",\"position\":2,\"name\":\"Productos\",\"item\":\"https:\/\/chemitool.com\/es\/productos\/\"},{\"@type\":\"ListItem\",\"position\":3,\"name\":\"Cutting\",\"item\":\"https:\/\/chemitool.com\/es\/categoria-producto\/cutting\/\"},{\"@type\":\"ListItem\",\"position\":4,\"name\":\"HOJAS, ROLLOS Y ABRASIVOS DE MANO\",\"item\":\"https:\/\/chemitool.com\/es\/categoria-producto\/cutting\/hojas-rollos-abrasivos-de-mano\/\"},{\"@type\":\"ListItem\",\"position\":5,\"name\":\"RODILLO DE ESPUMA ABRASIVA PROSPONGE WHITE\"}]}]}<\/script>\n<!-- \/ Yoast SEO plugin. -->","yoast_head_json":{"title":"RODILLO DE ESPUMA ABRASIVA PROSPONGE WHITE &ndash; Chemitool","description":"Los Rodillos de Espuma Abrasiva PROSPONGE WHITE CHEMITOOL fueron especialmente desarrollados para brindar una extraordinaria rentabilidad en el trabajo, debido a su resistencia a la abrasi\u00f3n, as\u00ed como a la especial composici\u00f3n del \u00f3xido de aluminio recubierto.","robots":{"index":"index","follow":"follow","max-snippet":"max-snippet:-1","max-image-preview":"max-image-preview:large","max-video-preview":"max-video-preview:-1"},"canonical":"https:\/\/chemitool.com\/es\/products\/cutting\/hojas-rollos-abrasivos-de-mano\/rodillo-de-espuma-abrasiva-prosponge-white\/","og_locale":"es_ES","og_type":"article","og_title":"RODILLO DE ESPUMA ABRASIVA PROSPONGE WHITE &ndash; Chemitool","og_description":"Los Rodillos de Espuma Abrasiva PROSPONGE WHITE CHEMITOOL fueron especialmente desarrollados para brindar una extraordinaria rentabilidad en el trabajo, debido a su resistencia a la abrasi\u00f3n, as\u00ed como a la especial composici\u00f3n del \u00f3xido de aluminio recubierto.","og_url":"https:\/\/chemitool.com\/es\/products\/cutting\/hojas-rollos-abrasivos-de-mano\/rodillo-de-espuma-abrasiva-prosponge-white\/","og_site_name":"Chemitool","article_publisher":"https:\/\/www.facebook.com\/chemitool","article_modified_time":"2023-06-13T10:34:33+00:00","og_image":[{"width":800,"height":800,"url":"https:\/\/chemitool.com\/wp-content\/uploads\/2023\/06\/CHA280_1.png","type":"image\/png"}],"twitter_card":"summary_large_image","twitter_misc":{"Tiempo de lectura":"1 minuto"},"schema":{"@context":"https:\/\/schema.org","@graph":[{"@type":"Organization","@id":"https:\/\/chemitool.com\/#organization","name":"Chemitool","url":"https:\/\/chemitool.com\/","sameAs":["https:\/\/www.facebook.com\/chemitool","https:\/\/www.instagram.com\/chemitool\/"],"logo":{"@type":"ImageObject","@id":"https:\/\/chemitool.com\/#logo","inLanguage":"es","url":"https:\/\/chemitool.com\/wp-content\/uploads\/2020\/10\/logo_chemitool.png","contentUrl":"https:\/\/chemitool.com\/wp-content\/uploads\/2020\/10\/logo_chemitool.png","width":400,"height":400,"caption":"Chemitool"},"image":{"@id":"https:\/\/chemitool.com\/#logo"}},{"@type":"WebSite","@id":"https:\/\/chemitool.com\/#website","url":"https:\/\/chemitool.com\/","name":"Chemitool","description":"Chemitool - hardware and tools","publisher":{"@id":"https:\/\/chemitool.com\/#organization"},"potentialAction":[{"@type":"SearchAction","target":{"@type":"EntryPoint","urlTemplate":"https:\/\/chemitool.com\/?s={search_term_string}"},"query-input":"required name=search_term_string"}],"inLanguage":"es"},{"@type":"ImageObject","@id":"https:\/\/chemitool.com\/es\/products\/cutting\/hojas-rollos-abrasivos-de-mano\/rodillo-de-espuma-abrasiva-prosponge-white\/#primaryimage","inLanguage":"es","url":"https:\/\/chemitool.com\/wp-content\/uploads\/2023\/06\/CHA280_1.png","contentUrl":"https:\/\/chemitool.com\/wp-content\/uploads\/2023\/06\/CHA280_1.png","width":800,"height":800},{"@type":"WebPage","@id":"https:\/\/chemitool.com\/es\/products\/cutting\/hojas-rollos-abrasivos-de-mano\/rodillo-de-espuma-abrasiva-prosponge-white\/#webpage","url":"https:\/\/chemitool.com\/es\/products\/cutting\/hojas-rollos-abrasivos-de-mano\/rodillo-de-espuma-abrasiva-prosponge-white\/","name":"RODILLO DE ESPUMA ABRASIVA PROSPONGE WHITE &ndash; Chemitool","isPartOf":{"@id":"https:\/\/chemitool.com\/#website"},"primaryImageOfPage":{"@id":"https:\/\/chemitool.com\/es\/products\/cutting\/hojas-rollos-abrasivos-de-mano\/rodillo-de-espuma-abrasiva-prosponge-white\/#primaryimage"},"datePublished":"2023-06-12T14:10:53+00:00","dateModified":"2023-06-13T10:34:33+00:00","description":"Los Rodillos de Espuma Abrasiva PROSPONGE WHITE CHEMITOOL fueron especialmente desarrollados para brindar una extraordinaria rentabilidad en el trabajo, debido a su resistencia a la abrasi\u00f3n, as\u00ed como a la especial composici\u00f3n del \u00f3xido de aluminio recubierto.","breadcrumb":{"@id":"https:\/\/chemitool.com\/es\/products\/cutting\/hojas-rollos-abrasivos-de-mano\/rodillo-de-espuma-abrasiva-prosponge-white\/#breadcrumb"},"inLanguage":"es","potentialAction":[{"@type":"ReadAction","target":["https:\/\/chemitool.com\/es\/products\/cutting\/hojas-rollos-abrasivos-de-mano\/rodillo-de-espuma-abrasiva-prosponge-white\/"]}]},{"@type":"BreadcrumbList","@id":"https:\/\/chemitool.com\/es\/products\/cutting\/hojas-rollos-abrasivos-de-mano\/rodillo-de-espuma-abrasiva-prosponge-white\/#breadcrumb","itemListElement":[{"@type":"ListItem","position":1,"name":"Home","item":"https:\/\/chemitool.com\/es\/"},{"@type":"ListItem","position":2,"name":"Productos","item":"https:\/\/chemitool.com\/es\/productos\/"},{"@type":"ListItem","position":3,"name":"Cutting","item":"https:\/\/chemitool.com\/es\/categoria-producto\/cutting\/"},{"@type":"ListItem","position":4,"name":"HOJAS, ROLLOS Y ABRASIVOS DE MANO","item":"https:\/\/chemitool.com\/es\/categoria-producto\/cutting\/hojas-rollos-abrasivos-de-mano\/"},{"@type":"ListItem","position":5,"name":"RODILLO DE ESPUMA ABRASIVA PROSPONGE WHITE"}]}]}},"_links":{"self":[{"href":"https:\/\/chemitool.com\/es\/wp-json\/wp\/v2\/product\/33173"}],"collection":[{"href":"https:\/\/chemitool.com\/es\/wp-json\/wp\/v2\/product"}],"about":[{"href":"https:\/\/chemitool.com\/es\/wp-json\/wp\/v2\/types\/product"}],"wp:featuredmedia":[{"embeddable":true,"href":"https:\/\/chemitool.com\/es\/wp-json\/wp\/v2\/media\/33169"}],"wp:attachment":[{"href":"https:\/\/chemitool.com\/es\/wp-json\/wp\/v2\/media?parent=33173"}],"wp:term":[{"taxonomy":"product_cat","embeddable":true,"href":"https:\/\/chemitool.com\/es\/wp-json\/wp\/v2\/product_cat?post=33173"},{"taxonomy":"product_tag","embeddable":true,"href":"https:\/\/chemitool.com\/es\/wp-json\/wp\/v2\/product_tag?post=33173"}],"curies":[{"name":"wp","href":"https:\/\/api.w.org\/{rel}","templated":true}]}}