{"id":32825,"date":"2023-05-12T16:11:13","date_gmt":"2023-05-12T16:11:13","guid":{"rendered":"https:\/\/chemitool.com\/?post_type=product&#038;p=32825"},"modified":"2023-05-15T14:16:50","modified_gmt":"2023-05-15T14:16:50","slug":"c2-power-juego-brocas-para-hormigon","status":"publish","type":"product","link":"https:\/\/chemitool.com\/es\/products\/cutting\/herramientas-de-perforacion-acero\/c2-power-juego-brocas-para-hormigon\/","title":{"rendered":"C2 POWER JUEGO BROCAS PARA HORMIG\u00d3N"},"content":{"rendered":"<p><strong>VENTAJAS<\/strong><\/p>\n<ul>\n<li>\u00d3ptima relaci\u00f3n calidad\/precio<\/li>\n<li>Cabeza de carburo de tungsteno<\/li>\n<li>2 cortadores<\/li>\n<li>Excelente rendimiento de perforaci\u00f3n<\/li>\n<li>Disponible de 4,0 a 10mm de di\u00e1metro<\/li>\n<li>Larga vida \u00fatil de la herramienta<\/li>\n<\/ul>\n<p>La broca C2 POWER CHEMITOOL est\u00e1 preparada para taladrar en hormig\u00f3n, mamposter\u00eda, piedra y ladrillo.<\/p>\n<p>La broca en forma de espiral tiene como caracter\u00edstica principal, la capacidad de extracci\u00f3n de polvo, haciendo la perforaci\u00f3n m\u00e1s r\u00e1pida, reduciendo as\u00ed el desgaste del cuerpo de la broca.<\/p>\n<p>La excelente calidad de la punta de la broca con dos cortes, hace que no sea necesaria mucha presi\u00f3n para hacer el agujero.<\/p>\n<p>Este tipo de broca debe utilizarse con taladros con modo de percusi\u00f3n activa.<\/p>\n","protected":false},"excerpt":{"rendered":"<p><b class=\"sap-label\">SAP:<\/b> <span class=\"codesap-label\">CHA220000002 <\/span><\/p>\n<p><em>Las brocas cil\u00edndricas para hormig\u00f3n C2 POWER CHEMITOOL<\/em> est\u00e1n dise\u00f1adas para proporcionar al profesional un excelente rendimiento de perforaci\u00f3n en las situaciones m\u00e1s dif\u00edciles. Esta broca se distingue por su excelente relaci\u00f3n calidad\/precio.<\/p>\n","protected":false},"featured_media":32814,"template":"","meta":[],"product_cat":[1426,4799,4507],"product_tag":[],"yoast_head":"<!-- This site is optimized with the Yoast SEO plugin v17.4 - https:\/\/yoast.com\/wordpress\/plugins\/seo\/ -->\n<title>C2 POWER JUEGO BROCAS PARA HORMIG\u00d3N &ndash; Chemitool<\/title>\n<meta name=\"description\" content=\"SAP: CHA220000002   Las brocas cil\u00edndricas para hormig\u00f3n C2 POWER CHEMITOOL est\u00e1n dise\u00f1adas para proporcionar al profesional un excelente rendimiento de perforaci\u00f3n en las situaciones m\u00e1s dif\u00edciles. Esta broca se distingue por su excelente relaci\u00f3n calidad\/precio.\" \/>\n<meta name=\"robots\" content=\"index, follow, max-snippet:-1, max-image-preview:large, max-video-preview:-1\" \/>\n<link rel=\"canonical\" href=\"https:\/\/chemitool.com\/es\/products\/cutting\/metal-drilling-tools\/c2-power-set-masonry-drill\/\" \/>\n<meta property=\"og:locale\" content=\"es_ES\" \/>\n<meta property=\"og:type\" content=\"article\" \/>\n<meta property=\"og:title\" content=\"C2 POWER JUEGO BROCAS PARA HORMIG\u00d3N &ndash; Chemitool\" \/>\n<meta property=\"og:description\" content=\"SAP: CHA220000002   Las brocas cil\u00edndricas para hormig\u00f3n C2 POWER CHEMITOOL est\u00e1n dise\u00f1adas para proporcionar al profesional un excelente rendimiento de perforaci\u00f3n en las situaciones m\u00e1s dif\u00edciles. Esta broca se distingue por su excelente relaci\u00f3n calidad\/precio.\" \/>\n<meta property=\"og:url\" content=\"https:\/\/chemitool.com\/products\/cutting\/metal-drilling-tools\/c2-power-set-masonry-drill\/\" \/>\n<meta property=\"og:site_name\" content=\"Chemitool\" \/>\n<meta property=\"article:publisher\" content=\"https:\/\/www.facebook.com\/chemitool\" \/>\n<meta property=\"article:modified_time\" content=\"2023-05-15T14:16:50+00:00\" \/>\n<meta property=\"og:image\" content=\"https:\/\/chemitool.com\/wp-content\/uploads\/2023\/05\/CHA220000002_1.png\" \/>\n\t<meta property=\"og:image:width\" content=\"800\" \/>\n\t<meta property=\"og:image:height\" content=\"800\" \/>\n<meta name=\"twitter:card\" content=\"summary_large_image\" \/>\n<meta name=\"twitter:label1\" content=\"Tiempo de lectura\" \/>\n\t<meta name=\"twitter:data1\" content=\"1 minuto\" \/>\n<script type=\"application\/ld+json\" class=\"yoast-schema-graph\">{\"@context\":\"https:\/\/schema.org\",\"@graph\":[{\"@type\":\"Organization\",\"@id\":\"https:\/\/chemitool.com\/#organization\",\"name\":\"Chemitool\",\"url\":\"https:\/\/chemitool.com\/\",\"sameAs\":[\"https:\/\/www.facebook.com\/chemitool\",\"https:\/\/www.instagram.com\/chemitool\/\"],\"logo\":{\"@type\":\"ImageObject\",\"@id\":\"https:\/\/chemitool.com\/#logo\",\"inLanguage\":\"es\",\"url\":\"https:\/\/chemitool.com\/wp-content\/uploads\/2020\/10\/logo_chemitool.png\",\"contentUrl\":\"https:\/\/chemitool.com\/wp-content\/uploads\/2020\/10\/logo_chemitool.png\",\"width\":400,\"height\":400,\"caption\":\"Chemitool\"},\"image\":{\"@id\":\"https:\/\/chemitool.com\/#logo\"}},{\"@type\":\"WebSite\",\"@id\":\"https:\/\/chemitool.com\/#website\",\"url\":\"https:\/\/chemitool.com\/\",\"name\":\"Chemitool\",\"description\":\"Chemitool - hardware and tools\",\"publisher\":{\"@id\":\"https:\/\/chemitool.com\/#organization\"},\"potentialAction\":[{\"@type\":\"SearchAction\",\"target\":{\"@type\":\"EntryPoint\",\"urlTemplate\":\"https:\/\/chemitool.com\/?s={search_term_string}\"},\"query-input\":\"required name=search_term_string\"}],\"inLanguage\":\"es\"},{\"@type\":\"ImageObject\",\"@id\":\"https:\/\/chemitool.com\/products\/cutting\/metal-drilling-tools\/c2-power-set-masonry-drill\/#primaryimage\",\"inLanguage\":\"es\",\"url\":\"https:\/\/chemitool.com\/wp-content\/uploads\/2023\/05\/CHA220000002_1.png\",\"contentUrl\":\"https:\/\/chemitool.com\/wp-content\/uploads\/2023\/05\/CHA220000002_1.png\",\"width\":800,\"height\":800},{\"@type\":\"WebPage\",\"@id\":\"https:\/\/chemitool.com\/products\/cutting\/metal-drilling-tools\/c2-power-set-masonry-drill\/#webpage\",\"url\":\"https:\/\/chemitool.com\/products\/cutting\/metal-drilling-tools\/c2-power-set-masonry-drill\/\",\"name\":\"C2 POWER JUEGO BROCAS PARA HORMIG\\u00d3N &ndash; Chemitool\",\"isPartOf\":{\"@id\":\"https:\/\/chemitool.com\/#website\"},\"primaryImageOfPage\":{\"@id\":\"https:\/\/chemitool.com\/products\/cutting\/metal-drilling-tools\/c2-power-set-masonry-drill\/#primaryimage\"},\"datePublished\":\"2023-05-12T16:11:13+00:00\",\"dateModified\":\"2023-05-15T14:16:50+00:00\",\"description\":\"SAP: CHA220000002 Las brocas cil\\u00edndricas para hormig\\u00f3n C2 POWER CHEMITOOL est\\u00e1n dise\\u00f1adas para proporcionar al profesional un excelente rendimiento de perforaci\\u00f3n en las situaciones m\\u00e1s dif\\u00edciles. Esta broca se distingue por su excelente relaci\\u00f3n calidad\/precio.\",\"breadcrumb\":{\"@id\":\"https:\/\/chemitool.com\/products\/cutting\/metal-drilling-tools\/c2-power-set-masonry-drill\/#breadcrumb\"},\"inLanguage\":\"es\",\"potentialAction\":[{\"@type\":\"ReadAction\",\"target\":[\"https:\/\/chemitool.com\/products\/cutting\/metal-drilling-tools\/c2-power-set-masonry-drill\/\"]}]},{\"@type\":\"BreadcrumbList\",\"@id\":\"https:\/\/chemitool.com\/products\/cutting\/metal-drilling-tools\/c2-power-set-masonry-drill\/#breadcrumb\",\"itemListElement\":[{\"@type\":\"ListItem\",\"position\":1,\"name\":\"Home\",\"item\":\"https:\/\/chemitool.com\/es\/\"},{\"@type\":\"ListItem\",\"position\":2,\"name\":\"Productos\",\"item\":\"https:\/\/chemitool.com\/es\/productos\/\"},{\"@type\":\"ListItem\",\"position\":3,\"name\":\"Cutting\",\"item\":\"https:\/\/chemitool.com\/es\/categoria-producto\/cutting\/\"},{\"@type\":\"ListItem\",\"position\":4,\"name\":\"HERRAMIENTAS DE PERFORACION H\\u00d3RMIGON\/ALBA\\u00d1ILER\\u00cdA\",\"item\":\"https:\/\/chemitool.com\/es\/categoria-producto\/cutting\/herramientas-de-perforacion-hormigon-albanileria\/\"},{\"@type\":\"ListItem\",\"position\":5,\"name\":\"C2 POWER JUEGO BROCAS PARA HORMIG\\u00d3N\"}]}]}<\/script>\n<!-- \/ Yoast SEO plugin. -->","yoast_head_json":{"title":"C2 POWER JUEGO BROCAS PARA HORMIG\u00d3N &ndash; Chemitool","description":"SAP: CHA220000002   Las brocas cil\u00edndricas para hormig\u00f3n C2 POWER CHEMITOOL est\u00e1n dise\u00f1adas para proporcionar al profesional un excelente rendimiento de perforaci\u00f3n en las situaciones m\u00e1s dif\u00edciles. Esta broca se distingue por su excelente relaci\u00f3n calidad\/precio.","robots":{"index":"index","follow":"follow","max-snippet":"max-snippet:-1","max-image-preview":"max-image-preview:large","max-video-preview":"max-video-preview:-1"},"canonical":"https:\/\/chemitool.com\/es\/products\/cutting\/metal-drilling-tools\/c2-power-set-masonry-drill\/","og_locale":"es_ES","og_type":"article","og_title":"C2 POWER JUEGO BROCAS PARA HORMIG\u00d3N &ndash; Chemitool","og_description":"SAP: CHA220000002   Las brocas cil\u00edndricas para hormig\u00f3n C2 POWER CHEMITOOL est\u00e1n dise\u00f1adas para proporcionar al profesional un excelente rendimiento de perforaci\u00f3n en las situaciones m\u00e1s dif\u00edciles. Esta broca se distingue por su excelente relaci\u00f3n calidad\/precio.","og_url":"https:\/\/chemitool.com\/products\/cutting\/metal-drilling-tools\/c2-power-set-masonry-drill\/","og_site_name":"Chemitool","article_publisher":"https:\/\/www.facebook.com\/chemitool","article_modified_time":"2023-05-15T14:16:50+00:00","og_image":[{"width":800,"height":800,"url":"https:\/\/chemitool.com\/wp-content\/uploads\/2023\/05\/CHA220000002_1.png","type":"image\/png"}],"twitter_card":"summary_large_image","twitter_misc":{"Tiempo de lectura":"1 minuto"},"schema":{"@context":"https:\/\/schema.org","@graph":[{"@type":"Organization","@id":"https:\/\/chemitool.com\/#organization","name":"Chemitool","url":"https:\/\/chemitool.com\/","sameAs":["https:\/\/www.facebook.com\/chemitool","https:\/\/www.instagram.com\/chemitool\/"],"logo":{"@type":"ImageObject","@id":"https:\/\/chemitool.com\/#logo","inLanguage":"es","url":"https:\/\/chemitool.com\/wp-content\/uploads\/2020\/10\/logo_chemitool.png","contentUrl":"https:\/\/chemitool.com\/wp-content\/uploads\/2020\/10\/logo_chemitool.png","width":400,"height":400,"caption":"Chemitool"},"image":{"@id":"https:\/\/chemitool.com\/#logo"}},{"@type":"WebSite","@id":"https:\/\/chemitool.com\/#website","url":"https:\/\/chemitool.com\/","name":"Chemitool","description":"Chemitool - hardware and tools","publisher":{"@id":"https:\/\/chemitool.com\/#organization"},"potentialAction":[{"@type":"SearchAction","target":{"@type":"EntryPoint","urlTemplate":"https:\/\/chemitool.com\/?s={search_term_string}"},"query-input":"required name=search_term_string"}],"inLanguage":"es"},{"@type":"ImageObject","@id":"https:\/\/chemitool.com\/products\/cutting\/metal-drilling-tools\/c2-power-set-masonry-drill\/#primaryimage","inLanguage":"es","url":"https:\/\/chemitool.com\/wp-content\/uploads\/2023\/05\/CHA220000002_1.png","contentUrl":"https:\/\/chemitool.com\/wp-content\/uploads\/2023\/05\/CHA220000002_1.png","width":800,"height":800},{"@type":"WebPage","@id":"https:\/\/chemitool.com\/products\/cutting\/metal-drilling-tools\/c2-power-set-masonry-drill\/#webpage","url":"https:\/\/chemitool.com\/products\/cutting\/metal-drilling-tools\/c2-power-set-masonry-drill\/","name":"C2 POWER JUEGO BROCAS PARA HORMIG\u00d3N &ndash; Chemitool","isPartOf":{"@id":"https:\/\/chemitool.com\/#website"},"primaryImageOfPage":{"@id":"https:\/\/chemitool.com\/products\/cutting\/metal-drilling-tools\/c2-power-set-masonry-drill\/#primaryimage"},"datePublished":"2023-05-12T16:11:13+00:00","dateModified":"2023-05-15T14:16:50+00:00","description":"SAP: CHA220000002 Las brocas cil\u00edndricas para hormig\u00f3n C2 POWER CHEMITOOL est\u00e1n dise\u00f1adas para proporcionar al profesional un excelente rendimiento de perforaci\u00f3n en las situaciones m\u00e1s dif\u00edciles. Esta broca se distingue por su excelente relaci\u00f3n calidad\/precio.","breadcrumb":{"@id":"https:\/\/chemitool.com\/products\/cutting\/metal-drilling-tools\/c2-power-set-masonry-drill\/#breadcrumb"},"inLanguage":"es","potentialAction":[{"@type":"ReadAction","target":["https:\/\/chemitool.com\/products\/cutting\/metal-drilling-tools\/c2-power-set-masonry-drill\/"]}]},{"@type":"BreadcrumbList","@id":"https:\/\/chemitool.com\/products\/cutting\/metal-drilling-tools\/c2-power-set-masonry-drill\/#breadcrumb","itemListElement":[{"@type":"ListItem","position":1,"name":"Home","item":"https:\/\/chemitool.com\/es\/"},{"@type":"ListItem","position":2,"name":"Productos","item":"https:\/\/chemitool.com\/es\/productos\/"},{"@type":"ListItem","position":3,"name":"Cutting","item":"https:\/\/chemitool.com\/es\/categoria-producto\/cutting\/"},{"@type":"ListItem","position":4,"name":"HERRAMIENTAS DE PERFORACION H\u00d3RMIGON\/ALBA\u00d1ILER\u00cdA","item":"https:\/\/chemitool.com\/es\/categoria-producto\/cutting\/herramientas-de-perforacion-hormigon-albanileria\/"},{"@type":"ListItem","position":5,"name":"C2 POWER JUEGO BROCAS PARA HORMIG\u00d3N"}]}]}},"_links":{"self":[{"href":"https:\/\/chemitool.com\/es\/wp-json\/wp\/v2\/product\/32825"}],"collection":[{"href":"https:\/\/chemitool.com\/es\/wp-json\/wp\/v2\/product"}],"about":[{"href":"https:\/\/chemitool.com\/es\/wp-json\/wp\/v2\/types\/product"}],"wp:featuredmedia":[{"embeddable":true,"href":"https:\/\/chemitool.com\/es\/wp-json\/wp\/v2\/media\/32814"}],"wp:attachment":[{"href":"https:\/\/chemitool.com\/es\/wp-json\/wp\/v2\/media?parent=32825"}],"wp:term":[{"taxonomy":"product_cat","embeddable":true,"href":"https:\/\/chemitool.com\/es\/wp-json\/wp\/v2\/product_cat?post=32825"},{"taxonomy":"product_tag","embeddable":true,"href":"https:\/\/chemitool.com\/es\/wp-json\/wp\/v2\/product_tag?post=32825"}],"curies":[{"name":"wp","href":"https:\/\/api.w.org\/{rel}","templated":true}]}}