{"id":32775,"date":"2023-05-10T15:55:57","date_gmt":"2023-05-10T15:55:57","guid":{"rendered":"https:\/\/chemitool.com\/?post_type=product&#038;p=32775"},"modified":"2023-05-15T14:35:12","modified_gmt":"2023-05-15T14:35:12","slug":"cx4-performance-juego-brocas-para-hormigon-sds-plus","status":"publish","type":"product","link":"https:\/\/chemitool.com\/es\/products\/cutting\/herramientas-de-perforacion-acero\/cx4-performance-juego-brocas-para-hormigon-sds-plus\/","title":{"rendered":"CX4 PERFORMANCE JUEGO BROCAS PARA HORMIG\u00d3N SDS-PLUS"},"content":{"rendered":"<p><strong>VENTAJAS<\/strong><\/p>\n<ul>\n<li>\u00d3ptima relaci\u00f3n calidad\/precio<\/li>\n<li>Cabezal de carburo de tungsteno<\/li>\n<li>4 cortadores<\/li>\n<li>Excelente rendimiento de perforaci\u00f3n<\/li>\n<li>Disponible de 5,0 a 10mm de di\u00e1metro<\/li>\n<li>Larga vida \u00fatil de la herramienta<\/li>\n<\/ul>\n<p>La broca CX4 PERFORMANCE CHEMITOOL con mango SDS-PLUS(1) est\u00e1 preparada para taladrar en hormig\u00f3n, albanar\u00eda, piedra y ladrillo. <\/p>\n<p>La broca en forma de espiral tiene como caracter\u00edstica principal, la capacidad de extracci\u00f3n de polvo, haciendo la perforaci\u00f3n m\u00e1s r\u00e1pida, reduciendo as\u00ed el desgaste del cuerpo de la broca. <\/p>\n<p>La excelente calidad de la punta de la broca de cuatro cortes hace que no se necesite mucha presi\u00f3n para hacer el agujero. <\/p>\n<p>Este tipo de broca debe utilizarse con martillos ligeros, con encaje compatible SDS-Plus.<\/p>\n","protected":false},"excerpt":{"rendered":"<p><b class=\"sap-label\">SAP:<\/b> <span class=\"codesap-label\">CHA220000001<\/span><\/p>\n<p><em>Las brocas para hormig\u00f3n CX4 PERFORMANCE CHEMITOOL<\/em> est\u00e1n dise\u00f1adas para proporcionar al profesional un excelente rendimiento de perforaci\u00f3n en las situaciones m\u00e1s dif\u00edciles. Esta broca se distingue por su excelente relaci\u00f3n calidad\/precio.<\/p>\n","protected":false},"featured_media":32779,"template":"","meta":[],"product_cat":[1426,4799,4507],"product_tag":[],"yoast_head":"<!-- This site is optimized with the Yoast SEO plugin v17.4 - https:\/\/yoast.com\/wordpress\/plugins\/seo\/ -->\n<title>CX4 PERFORMANCE JUEGO BROCAS PARA HORMIG\u00d3N SDS-PLUS &ndash; Chemitool<\/title>\n<meta name=\"description\" content=\"SAP: CHA220000001  Las brocas para hormig\u00f3n CX4 PERFORMANCE CHEMITOOL est\u00e1n dise\u00f1adas para proporcionar al profesional un excelente rendimiento de perforaci\u00f3n en las situaciones m\u00e1s dif\u00edciles. Esta broca se distingue por su excelente relaci\u00f3n calidad\/precio.\" \/>\n<meta name=\"robots\" content=\"index, follow, max-snippet:-1, max-image-preview:large, max-video-preview:-1\" \/>\n<link rel=\"canonical\" href=\"https:\/\/chemitool.com\/es\/products\/cutting\/metal-drilling-tools\/sds-plus-concrete-drill-bits-cx4-performance-set\/\" \/>\n<meta property=\"og:locale\" content=\"es_ES\" \/>\n<meta property=\"og:type\" content=\"article\" \/>\n<meta property=\"og:title\" content=\"CX4 PERFORMANCE JUEGO BROCAS PARA HORMIG\u00d3N SDS-PLUS &ndash; Chemitool\" \/>\n<meta property=\"og:description\" content=\"SAP: CHA220000001  Las brocas para hormig\u00f3n CX4 PERFORMANCE CHEMITOOL est\u00e1n dise\u00f1adas para proporcionar al profesional un excelente rendimiento de perforaci\u00f3n en las situaciones m\u00e1s dif\u00edciles. Esta broca se distingue por su excelente relaci\u00f3n calidad\/precio.\" \/>\n<meta property=\"og:url\" content=\"https:\/\/chemitool.com\/products\/cutting\/metal-drilling-tools\/sds-plus-concrete-drill-bits-cx4-performance-set\/\" \/>\n<meta property=\"og:site_name\" content=\"Chemitool\" \/>\n<meta property=\"article:publisher\" content=\"https:\/\/www.facebook.com\/chemitool\" \/>\n<meta property=\"article:modified_time\" content=\"2023-05-15T14:35:12+00:00\" \/>\n<meta property=\"og:image\" content=\"https:\/\/chemitool.com\/wp-content\/uploads\/2023\/05\/CHA220000001_1.png\" \/>\n\t<meta property=\"og:image:width\" content=\"800\" \/>\n\t<meta property=\"og:image:height\" content=\"800\" \/>\n<meta name=\"twitter:card\" content=\"summary_large_image\" \/>\n<meta name=\"twitter:label1\" content=\"Tiempo de lectura\" \/>\n\t<meta name=\"twitter:data1\" content=\"1 minuto\" \/>\n<script type=\"application\/ld+json\" class=\"yoast-schema-graph\">{\"@context\":\"https:\/\/schema.org\",\"@graph\":[{\"@type\":\"Organization\",\"@id\":\"https:\/\/chemitool.com\/#organization\",\"name\":\"Chemitool\",\"url\":\"https:\/\/chemitool.com\/\",\"sameAs\":[\"https:\/\/www.facebook.com\/chemitool\",\"https:\/\/www.instagram.com\/chemitool\/\"],\"logo\":{\"@type\":\"ImageObject\",\"@id\":\"https:\/\/chemitool.com\/#logo\",\"inLanguage\":\"es\",\"url\":\"https:\/\/chemitool.com\/wp-content\/uploads\/2020\/10\/logo_chemitool.png\",\"contentUrl\":\"https:\/\/chemitool.com\/wp-content\/uploads\/2020\/10\/logo_chemitool.png\",\"width\":400,\"height\":400,\"caption\":\"Chemitool\"},\"image\":{\"@id\":\"https:\/\/chemitool.com\/#logo\"}},{\"@type\":\"WebSite\",\"@id\":\"https:\/\/chemitool.com\/#website\",\"url\":\"https:\/\/chemitool.com\/\",\"name\":\"Chemitool\",\"description\":\"Chemitool - hardware and tools\",\"publisher\":{\"@id\":\"https:\/\/chemitool.com\/#organization\"},\"potentialAction\":[{\"@type\":\"SearchAction\",\"target\":{\"@type\":\"EntryPoint\",\"urlTemplate\":\"https:\/\/chemitool.com\/?s={search_term_string}\"},\"query-input\":\"required name=search_term_string\"}],\"inLanguage\":\"es\"},{\"@type\":\"ImageObject\",\"@id\":\"https:\/\/chemitool.com\/products\/cutting\/metal-drilling-tools\/sds-plus-concrete-drill-bits-cx4-performance-set\/#primaryimage\",\"inLanguage\":\"es\",\"url\":\"https:\/\/chemitool.com\/wp-content\/uploads\/2023\/05\/CHA220000001_1.png\",\"contentUrl\":\"https:\/\/chemitool.com\/wp-content\/uploads\/2023\/05\/CHA220000001_1.png\",\"width\":800,\"height\":800},{\"@type\":\"WebPage\",\"@id\":\"https:\/\/chemitool.com\/products\/cutting\/metal-drilling-tools\/sds-plus-concrete-drill-bits-cx4-performance-set\/#webpage\",\"url\":\"https:\/\/chemitool.com\/products\/cutting\/metal-drilling-tools\/sds-plus-concrete-drill-bits-cx4-performance-set\/\",\"name\":\"CX4 PERFORMANCE JUEGO BROCAS PARA HORMIG\\u00d3N SDS-PLUS &ndash; Chemitool\",\"isPartOf\":{\"@id\":\"https:\/\/chemitool.com\/#website\"},\"primaryImageOfPage\":{\"@id\":\"https:\/\/chemitool.com\/products\/cutting\/metal-drilling-tools\/sds-plus-concrete-drill-bits-cx4-performance-set\/#primaryimage\"},\"datePublished\":\"2023-05-10T15:55:57+00:00\",\"dateModified\":\"2023-05-15T14:35:12+00:00\",\"description\":\"SAP: CHA220000001 Las brocas para hormig\\u00f3n CX4 PERFORMANCE CHEMITOOL est\\u00e1n dise\\u00f1adas para proporcionar al profesional un excelente rendimiento de perforaci\\u00f3n en las situaciones m\\u00e1s dif\\u00edciles. Esta broca se distingue por su excelente relaci\\u00f3n calidad\/precio.\",\"breadcrumb\":{\"@id\":\"https:\/\/chemitool.com\/products\/cutting\/metal-drilling-tools\/sds-plus-concrete-drill-bits-cx4-performance-set\/#breadcrumb\"},\"inLanguage\":\"es\",\"potentialAction\":[{\"@type\":\"ReadAction\",\"target\":[\"https:\/\/chemitool.com\/products\/cutting\/metal-drilling-tools\/sds-plus-concrete-drill-bits-cx4-performance-set\/\"]}]},{\"@type\":\"BreadcrumbList\",\"@id\":\"https:\/\/chemitool.com\/products\/cutting\/metal-drilling-tools\/sds-plus-concrete-drill-bits-cx4-performance-set\/#breadcrumb\",\"itemListElement\":[{\"@type\":\"ListItem\",\"position\":1,\"name\":\"Home\",\"item\":\"https:\/\/chemitool.com\/es\/\"},{\"@type\":\"ListItem\",\"position\":2,\"name\":\"Productos\",\"item\":\"https:\/\/chemitool.com\/es\/productos\/\"},{\"@type\":\"ListItem\",\"position\":3,\"name\":\"Cutting\",\"item\":\"https:\/\/chemitool.com\/es\/categoria-producto\/cutting\/\"},{\"@type\":\"ListItem\",\"position\":4,\"name\":\"HERRAMIENTAS DE PERFORACION H\\u00d3RMIGON\/ALBA\\u00d1ILER\\u00cdA\",\"item\":\"https:\/\/chemitool.com\/es\/categoria-producto\/cutting\/herramientas-de-perforacion-hormigon-albanileria\/\"},{\"@type\":\"ListItem\",\"position\":5,\"name\":\"CX4 PERFORMANCE JUEGO BROCAS PARA HORMIG\\u00d3N SDS-PLUS\"}]}]}<\/script>\n<!-- \/ Yoast SEO plugin. -->","yoast_head_json":{"title":"CX4 PERFORMANCE JUEGO BROCAS PARA HORMIG\u00d3N SDS-PLUS &ndash; Chemitool","description":"SAP: CHA220000001  Las brocas para hormig\u00f3n CX4 PERFORMANCE CHEMITOOL est\u00e1n dise\u00f1adas para proporcionar al profesional un excelente rendimiento de perforaci\u00f3n en las situaciones m\u00e1s dif\u00edciles. Esta broca se distingue por su excelente relaci\u00f3n calidad\/precio.","robots":{"index":"index","follow":"follow","max-snippet":"max-snippet:-1","max-image-preview":"max-image-preview:large","max-video-preview":"max-video-preview:-1"},"canonical":"https:\/\/chemitool.com\/es\/products\/cutting\/metal-drilling-tools\/sds-plus-concrete-drill-bits-cx4-performance-set\/","og_locale":"es_ES","og_type":"article","og_title":"CX4 PERFORMANCE JUEGO BROCAS PARA HORMIG\u00d3N SDS-PLUS &ndash; Chemitool","og_description":"SAP: CHA220000001  Las brocas para hormig\u00f3n CX4 PERFORMANCE CHEMITOOL est\u00e1n dise\u00f1adas para proporcionar al profesional un excelente rendimiento de perforaci\u00f3n en las situaciones m\u00e1s dif\u00edciles. Esta broca se distingue por su excelente relaci\u00f3n calidad\/precio.","og_url":"https:\/\/chemitool.com\/products\/cutting\/metal-drilling-tools\/sds-plus-concrete-drill-bits-cx4-performance-set\/","og_site_name":"Chemitool","article_publisher":"https:\/\/www.facebook.com\/chemitool","article_modified_time":"2023-05-15T14:35:12+00:00","og_image":[{"width":800,"height":800,"url":"https:\/\/chemitool.com\/wp-content\/uploads\/2023\/05\/CHA220000001_1.png","type":"image\/png"}],"twitter_card":"summary_large_image","twitter_misc":{"Tiempo de lectura":"1 minuto"},"schema":{"@context":"https:\/\/schema.org","@graph":[{"@type":"Organization","@id":"https:\/\/chemitool.com\/#organization","name":"Chemitool","url":"https:\/\/chemitool.com\/","sameAs":["https:\/\/www.facebook.com\/chemitool","https:\/\/www.instagram.com\/chemitool\/"],"logo":{"@type":"ImageObject","@id":"https:\/\/chemitool.com\/#logo","inLanguage":"es","url":"https:\/\/chemitool.com\/wp-content\/uploads\/2020\/10\/logo_chemitool.png","contentUrl":"https:\/\/chemitool.com\/wp-content\/uploads\/2020\/10\/logo_chemitool.png","width":400,"height":400,"caption":"Chemitool"},"image":{"@id":"https:\/\/chemitool.com\/#logo"}},{"@type":"WebSite","@id":"https:\/\/chemitool.com\/#website","url":"https:\/\/chemitool.com\/","name":"Chemitool","description":"Chemitool - hardware and tools","publisher":{"@id":"https:\/\/chemitool.com\/#organization"},"potentialAction":[{"@type":"SearchAction","target":{"@type":"EntryPoint","urlTemplate":"https:\/\/chemitool.com\/?s={search_term_string}"},"query-input":"required name=search_term_string"}],"inLanguage":"es"},{"@type":"ImageObject","@id":"https:\/\/chemitool.com\/products\/cutting\/metal-drilling-tools\/sds-plus-concrete-drill-bits-cx4-performance-set\/#primaryimage","inLanguage":"es","url":"https:\/\/chemitool.com\/wp-content\/uploads\/2023\/05\/CHA220000001_1.png","contentUrl":"https:\/\/chemitool.com\/wp-content\/uploads\/2023\/05\/CHA220000001_1.png","width":800,"height":800},{"@type":"WebPage","@id":"https:\/\/chemitool.com\/products\/cutting\/metal-drilling-tools\/sds-plus-concrete-drill-bits-cx4-performance-set\/#webpage","url":"https:\/\/chemitool.com\/products\/cutting\/metal-drilling-tools\/sds-plus-concrete-drill-bits-cx4-performance-set\/","name":"CX4 PERFORMANCE JUEGO BROCAS PARA HORMIG\u00d3N SDS-PLUS &ndash; Chemitool","isPartOf":{"@id":"https:\/\/chemitool.com\/#website"},"primaryImageOfPage":{"@id":"https:\/\/chemitool.com\/products\/cutting\/metal-drilling-tools\/sds-plus-concrete-drill-bits-cx4-performance-set\/#primaryimage"},"datePublished":"2023-05-10T15:55:57+00:00","dateModified":"2023-05-15T14:35:12+00:00","description":"SAP: CHA220000001 Las brocas para hormig\u00f3n CX4 PERFORMANCE CHEMITOOL est\u00e1n dise\u00f1adas para proporcionar al profesional un excelente rendimiento de perforaci\u00f3n en las situaciones m\u00e1s dif\u00edciles. Esta broca se distingue por su excelente relaci\u00f3n calidad\/precio.","breadcrumb":{"@id":"https:\/\/chemitool.com\/products\/cutting\/metal-drilling-tools\/sds-plus-concrete-drill-bits-cx4-performance-set\/#breadcrumb"},"inLanguage":"es","potentialAction":[{"@type":"ReadAction","target":["https:\/\/chemitool.com\/products\/cutting\/metal-drilling-tools\/sds-plus-concrete-drill-bits-cx4-performance-set\/"]}]},{"@type":"BreadcrumbList","@id":"https:\/\/chemitool.com\/products\/cutting\/metal-drilling-tools\/sds-plus-concrete-drill-bits-cx4-performance-set\/#breadcrumb","itemListElement":[{"@type":"ListItem","position":1,"name":"Home","item":"https:\/\/chemitool.com\/es\/"},{"@type":"ListItem","position":2,"name":"Productos","item":"https:\/\/chemitool.com\/es\/productos\/"},{"@type":"ListItem","position":3,"name":"Cutting","item":"https:\/\/chemitool.com\/es\/categoria-producto\/cutting\/"},{"@type":"ListItem","position":4,"name":"HERRAMIENTAS DE PERFORACION H\u00d3RMIGON\/ALBA\u00d1ILER\u00cdA","item":"https:\/\/chemitool.com\/es\/categoria-producto\/cutting\/herramientas-de-perforacion-hormigon-albanileria\/"},{"@type":"ListItem","position":5,"name":"CX4 PERFORMANCE JUEGO BROCAS PARA HORMIG\u00d3N SDS-PLUS"}]}]}},"_links":{"self":[{"href":"https:\/\/chemitool.com\/es\/wp-json\/wp\/v2\/product\/32775"}],"collection":[{"href":"https:\/\/chemitool.com\/es\/wp-json\/wp\/v2\/product"}],"about":[{"href":"https:\/\/chemitool.com\/es\/wp-json\/wp\/v2\/types\/product"}],"wp:featuredmedia":[{"embeddable":true,"href":"https:\/\/chemitool.com\/es\/wp-json\/wp\/v2\/media\/32779"}],"wp:attachment":[{"href":"https:\/\/chemitool.com\/es\/wp-json\/wp\/v2\/media?parent=32775"}],"wp:term":[{"taxonomy":"product_cat","embeddable":true,"href":"https:\/\/chemitool.com\/es\/wp-json\/wp\/v2\/product_cat?post=32775"},{"taxonomy":"product_tag","embeddable":true,"href":"https:\/\/chemitool.com\/es\/wp-json\/wp\/v2\/product_tag?post=32775"}],"curies":[{"name":"wp","href":"https:\/\/api.w.org\/{rel}","templated":true}]}}